{"id":3385,"date":"2024-09-16T08:17:23","date_gmt":"2024-09-16T08:17:23","guid":{"rendered":"https:\/\/nembutalboutique.com\/?post_type=product&#038;p=3385"},"modified":"2024-09-24T08:18:13","modified_gmt":"2024-09-24T08:18:13","slug":"mdphp-free-base","status":"publish","type":"product","link":"https:\/\/nembutalboutique.com\/sv\/produkt\/koep-mdphp-fri-bas-online\/","title":{"rendered":"MDPHP FRI BAS"},"content":{"rendered":"<h2>Information om MDPHP p\u00e5 marken (FREEBASE).<\/h2>\n<p>MDPHP FreeBase : Le m\u00e9thylendioxypyroval\u00e9ron, souvent connu sous le nom de phtal\u00e9ine synth\u00e9tique, poss\u00e8de des propri\u00e9t\u00e9s indubitablement stimulantes et hallucinog\u00e8nes<a href=\"https:\/\/nembutalboutique.com\/produit\/acheter-mdphp-free-base\/\">.<\/a><br \/>\nUn autre nom pour cette connexion de recherche est \u00a0\u00bb Monkey Dust \u00ab\u00a0.<\/p>\n<p>En particulier, on pense que le MDPHP (base libre) a des effets psychoactifs comparables \u00e0 d&rsquo;autres stimulants comme l&rsquo;amph\u00e9tamine ou la kaka\u00efne. De plus, les utilisateurs ont d\u00e9clar\u00e9 se sentir euphoriques et avoir moins envie de dormir, ainsi qu&rsquo;une \u00e9nergie, une attention et un \u00e9tat d&rsquo;\u00e9veil am\u00e9lior\u00e9s.<\/p>\n<p>MDPHP KORN DATIERUNG IMPERIALS :<\/p>\n<p>Cela peut entra\u00eener des \u00e9ruptions cutan\u00e9es et des convulsions oculaires. Ne rejetez jamais les produits chimiques utilis\u00e9s dans la recherche dans l&rsquo;environnement, MDPHP FreeBase.<\/p>\n<p>MDPHP-KORN-varianten av K\u00f6rshhinweis<\/p>\n<p>INTERACTION AVEC L&rsquo;AUGEN : Retirez les lentilles si n\u00e9cessaire et lavez-les d\u00e9licatement \u00e0 l&rsquo;eau pendant au moins dix \u00e0 quinze minutes. En cas de contact de la peau avec de l&rsquo;eau, rincez-la avec de l&rsquo;eau et, si possible, s\u00e9chez-la. Inhalation : Recherchez une position qui facilite la respiration, respirez de l&rsquo;air frais et achetez MDPHP FREE BASE<a href=\"https:\/\/en.wikipedia.org\/wiki\/MDPHP\">.<\/a><\/p>\n<p>Gardez la poussi\u00e8re \u00e0 l&rsquo;\u00e9cart des sources de chaleur. Vous devez la conserver hors de port\u00e9e des enfants et la stocker dans un bon r\u00e9cipient \u00e0 temp\u00e9rature ambiante dans un endroit sec. Dans les conditions susmentionn\u00e9es, la pompe MDPHP pr\u00e9sente une bonne stabilit\u00e9 jusqu&rsquo;\u00e0 deux ans.<\/p>\n<h3>Har du n\u00e5gra fr\u00e5gor om denna produkt eller din best\u00e4llning?<\/h3>\n<p>Dans ce cas, contactez imm\u00e9diatement notre \u00e9quipe d&rsquo;assistance amicale !<\/p>\n<p>Comme il est toujours l\u00e9gal dans de nombreuses r\u00e9gions d&rsquo;Europe, Chemical Planet est heureux de fournir de la poudre MDPHP de qualit\u00e9 laboratoire pour vos besoins de recherche. Des d\u00e9tails techniques suppl\u00e9mentaires sont disponibles ici en pi\u00e8ce jointe !<\/p>\n<p>3\u2032,4\u2032-metylendioxy-\u03b1-pyrrolidinohexiofenon \u00e4r dess IUPAC-namn.<\/p>\n<p>CAS-NR: 776994-64-0<\/p>\n<p>Format : Freebase<\/p>\n<p>NMR-analys: C17H23NO3<\/p>\n<p>F\u00f6rebyggande \u00e5tg\u00e4rder<\/p>\n<p>Vid hantering av MDPHP-pulver p\u00e5 arbetsplatsen \u00e4r det l\u00e4mpligt att b\u00e4ra handskar, skyddsglas\u00f6gon och andningsmasker, eftersom pulvret \u00e4r fint och av misstag kan komma in i luftv\u00e4garna.<\/p>\n<p>En cas d&rsquo;exposition involontaire, il est conseill\u00e9 de fournir l&rsquo;\u00e9tiquette du produit (y compris les informations IUPAC et CAS) aux professionnels de la sant\u00e9.<br \/>\nLe contact oculaire involontaire doit \u00eatre trait\u00e9 imm\u00e9diatement en se lavant soigneusement \u00e0 l&rsquo;eau apr\u00e8s le d\u00e9veloppement des lentilles de contact.<\/p>\n<h3>\u00c5tg\u00e4rder vid fara<\/h3>\n<p>MDPHP kan orsaka irritation i luftv\u00e4garna.<br \/>\nMDPHP kan orsaka \u00f6gonirritation.<br \/>\nDet \u00e4r f\u00f6rbjudet att sl\u00e4ppa ut forskningskemikalier i milj\u00f6n.<\/p>\n<p>MDPHP EN CONTACT AVEC LES YEUX : Rincer doucement les yeux avec de l&rsquo;eau pendant cinq minutes. Retirez les lentilles de contact si possible.<\/p>\n<p>MDPHP EN CONTACT AVEC LA PEAU : Laver la peau avec de l&rsquo;eau et du savon.<\/p>\n<p>APR\u00c8S INHALATION DE MDPHP\u00a0: Amener la victime \u00e0 l&rsquo;air frais et la maintenir dans une position qui facilite la respiration.<\/p>\n<h3>Var kan jag k\u00f6pa MDPHP?<\/h3>\n<p>P\u00e5 kaufennembutal erbjuder vi den h\u00f6gsta kvaliteten p\u00e5 MDPHP som finns tillg\u00e4nglig p\u00e5 laboratorieniv\u00e5 med 100 % fr\u00e5n Stolz. Det b\u00e4sta st\u00e4llet f\u00f6r alla som vill k\u00f6pa forskningskemikalier \u00e4r kaufennembutal. Omfattande GC MS-testning utf\u00f6rs innan vi erbjuder v\u00e5rt lager till salu.<\/p>\n<p>Veuillez noter que vous devez avoir au moins dix-huit ans pour acheter du MDPHP en ligne chez kaufennembutal. Tous les produits chimiques de recherche vendus sont uniquement destin\u00e9s \u00e0 \u00eatre utilis\u00e9s dans le cadre de recherches en laboratoire et ne sont jamais destin\u00e9s \u00e0 \u00eatre utilis\u00e9s sur des humains, MDPHP FreeBase.<\/p>\n<h3>\u00c4r MDPHP auktoriserat?<\/h3>\n<p>N\u00e4r det g\u00e4ller MDPHP:s laglighet rekommenderar vi starkt att du bekantar dig med de lagar som g\u00e4ller i ditt bos\u00e4ttningsland och\/eller din leveransadress.<br \/>\nNous prenons toutes les mesures raisonnables pour r\u00e9duire le risque que nos restrictions d&rsquo;approvisionnement actives font courir \u00e0 nos clients.<\/p>\n<p>Cependant, l&rsquo;environnement \u00e9volue constamment \u00e0 l&rsquo;\u00e9chelle mondiale et buynembutal ne peut \u00eatre tenu responsable des complications qui pourraient survenir. En fin de compte, il incombe \u00e0 l&rsquo;acheteur de s&rsquo;assurer que le produit ne viole aucune loi ou droit de passage sur le lieu de livraison.<\/p>","protected":false},"excerpt":{"rendered":"<p>Informations sur le MDPHP moulu (FREEBASE). MDPHP FreeBase : Le m\u00e9thylendioxypyroval\u00e9ron, souvent connu sous le nom de phtal\u00e9ine synth\u00e9tique, poss\u00e8de des propri\u00e9t\u00e9s indubitablement stimulantes et hallucinog\u00e8nes. Un autre nom pour cette connexion de recherche est \u00a0\u00bb Monkey Dust \u00ab\u00a0. En particulier, on pense que le MDPHP (base libre) a des effets psychoactifs comparables \u00e0 d&rsquo;autres [&hellip;]<\/p>","protected":false},"featured_media":3413,"comment_status":"open","ping_status":"closed","template":"","meta":{"_joinchat":[]},"product_brand":[],"product_cat":[387],"product_tag":[],"class_list":{"0":"post-3385","1":"product","2":"type-product","3":"status-publish","4":"has-post-thumbnail","6":"product_cat-cathinone","8":"first","9":"instock","10":"shipping-taxable","11":"purchasable","12":"product-type-variable"},"yoast_head":"<!-- This site is optimized with the Yoast SEO plugin v23.5 - https:\/\/yoast.com\/wordpress\/plugins\/seo\/ -->\n<title>MDPHP FreeBase - MDPHP FreeBase \u00e0 vendre<\/title>\n<meta name=\"description\" content=\"MDPHP FreeBase sur notre boutique en ligne de confiance pour des produits de qualit\u00e9 sup\u00e9rieure. Obtenez MDPHP FreeBase en vente facilement et en toute s\u00e9curit\u00e9 sur notre plateforme pour une satisfaction client ultime. Commandez maintenant !\" \/>\n<meta name=\"robots\" content=\"index, follow, max-snippet:-1, max-image-preview:large, max-video-preview:-1\" \/>\n<link rel=\"canonical\" href=\"https:\/\/nembutalboutique.com\/sv\/produkt\/koep-mdphp-fri-bas-online\/\" \/>\n<meta property=\"og:locale\" content=\"sv_SE\" \/>\n<meta property=\"og:type\" content=\"article\" \/>\n<meta property=\"og:title\" content=\"MDPHP FreeBase - MDPHP FreeBase \u00e0 vendre\" \/>\n<meta property=\"og:description\" content=\"MDPHP FreeBase sur notre boutique en ligne de confiance pour des produits de qualit\u00e9 sup\u00e9rieure. Obtenez MDPHP FreeBase en vente facilement et en toute s\u00e9curit\u00e9 sur notre plateforme pour une satisfaction client ultime. Commandez maintenant !\" \/>\n<meta property=\"og:url\" content=\"https:\/\/nembutalboutique.com\/sv\/produkt\/koep-mdphp-fri-bas-online\/\" \/>\n<meta property=\"og:site_name\" content=\"Nembutal Boutique\" \/>\n<meta property=\"article:modified_time\" content=\"2024-09-24T08:18:13+00:00\" \/>\n<meta property=\"og:image\" content=\"https:\/\/nembutalboutique.com\/wp-content\/uploads\/2024\/09\/MDPHP-Powder-free-base.gif\" \/>\n\t<meta property=\"og:image:width\" content=\"600\" \/>\n\t<meta property=\"og:image:height\" content=\"600\" \/>\n\t<meta property=\"og:image:type\" content=\"image\/gif\" \/>\n<meta name=\"twitter:card\" content=\"summary_large_image\" \/>\n<meta name=\"twitter:label1\" content=\"Ber\u00e4knad l\u00e4stid\" \/>\n\t<meta name=\"twitter:data1\" content=\"4 minuter\" \/>\n<script type=\"application\/ld+json\" class=\"yoast-schema-graph\">{\"@context\":\"https:\/\/schema.org\",\"@graph\":[{\"@type\":\"WebPage\",\"@id\":\"https:\/\/nembutalboutique.com\/produit\/mdphp-free-base\/\",\"url\":\"https:\/\/nembutalboutique.com\/produit\/mdphp-free-base\/\",\"name\":\"MDPHP FreeBase - MDPHP FreeBase \u00e0 vendre\",\"isPartOf\":{\"@id\":\"https:\/\/nembutalboutique.com\/#website\"},\"primaryImageOfPage\":{\"@id\":\"https:\/\/nembutalboutique.com\/produit\/mdphp-free-base\/#primaryimage\"},\"image\":{\"@id\":\"https:\/\/nembutalboutique.com\/produit\/mdphp-free-base\/#primaryimage\"},\"thumbnailUrl\":\"https:\/\/nembutalboutique.com\/wp-content\/uploads\/2024\/09\/MDPHP-Powder-free-base.gif\",\"datePublished\":\"2024-09-16T08:17:23+00:00\",\"dateModified\":\"2024-09-24T08:18:13+00:00\",\"description\":\"MDPHP FreeBase sur notre boutique en ligne de confiance pour des produits de qualit\u00e9 sup\u00e9rieure. Obtenez MDPHP FreeBase en vente facilement et en toute s\u00e9curit\u00e9 sur notre plateforme pour une satisfaction client ultime. Commandez maintenant !\",\"breadcrumb\":{\"@id\":\"https:\/\/nembutalboutique.com\/produit\/mdphp-free-base\/#breadcrumb\"},\"inLanguage\":\"sv-SE\",\"potentialAction\":[{\"@type\":\"ReadAction\",\"target\":[\"https:\/\/nembutalboutique.com\/produit\/mdphp-free-base\/\"]}]},{\"@type\":\"ImageObject\",\"inLanguage\":\"sv-SE\",\"@id\":\"https:\/\/nembutalboutique.com\/produit\/mdphp-free-base\/#primaryimage\",\"url\":\"https:\/\/nembutalboutique.com\/wp-content\/uploads\/2024\/09\/MDPHP-Powder-free-base.gif\",\"contentUrl\":\"https:\/\/nembutalboutique.com\/wp-content\/uploads\/2024\/09\/MDPHP-Powder-free-base.gif\",\"width\":600,\"height\":600,\"caption\":\"Acheter MDPHP-Powder-free-base.gif\"},{\"@type\":\"BreadcrumbList\",\"@id\":\"https:\/\/nembutalboutique.com\/produit\/mdphp-free-base\/#breadcrumb\",\"itemListElement\":[{\"@type\":\"ListItem\",\"position\":1,\"name\":\"Home\",\"item\":\"https:\/\/nembutalboutique.com\/\"},{\"@type\":\"ListItem\",\"position\":2,\"name\":\"Boutique\",\"item\":\"https:\/\/nembutalboutique.com\/shop\/\"},{\"@type\":\"ListItem\",\"position\":3,\"name\":\"MDPHP FREE BASE\"}]},{\"@type\":\"WebSite\",\"@id\":\"https:\/\/nembutalboutique.com\/#website\",\"url\":\"https:\/\/nembutalboutique.com\/\",\"name\":\"Nembutal Boutique\",\"description\":\"My WordPress Blog\",\"publisher\":{\"@id\":\"https:\/\/nembutalboutique.com\/#organization\"},\"potentialAction\":[{\"@type\":\"SearchAction\",\"target\":{\"@type\":\"EntryPoint\",\"urlTemplate\":\"https:\/\/nembutalboutique.com\/?s={search_term_string}\"},\"query-input\":{\"@type\":\"PropertyValueSpecification\",\"valueRequired\":true,\"valueName\":\"search_term_string\"}}],\"inLanguage\":\"sv-SE\"},{\"@type\":\"Organization\",\"@id\":\"https:\/\/nembutalboutique.com\/#organization\",\"name\":\"Nembutal Boutique\",\"url\":\"https:\/\/nembutalboutique.com\/\",\"logo\":{\"@type\":\"ImageObject\",\"inLanguage\":\"sv-SE\",\"@id\":\"https:\/\/nembutalboutique.com\/#\/schema\/logo\/image\/\",\"url\":\"https:\/\/nembutalboutique.com\/wp-content\/uploads\/2024\/01\/logo.png\",\"contentUrl\":\"https:\/\/nembutalboutique.com\/wp-content\/uploads\/2024\/01\/logo.png\",\"width\":494,\"height\":121,\"caption\":\"Nembutal Boutique\"},\"image\":{\"@id\":\"https:\/\/nembutalboutique.com\/#\/schema\/logo\/image\/\"}}]}<\/script>\n<!-- \/ Yoast SEO plugin. -->","yoast_head_json":{"title":"MDPHP FreeBase - MDPHP FreeBase \u00e0 vendre","description":"MDPHP FreeBase sur notre boutique en ligne de confiance pour des produits de qualit\u00e9 sup\u00e9rieure. Obtenez MDPHP FreeBase en vente facilement et en toute s\u00e9curit\u00e9 sur notre plateforme pour une satisfaction client ultime. Commandez maintenant !","robots":{"index":"index","follow":"follow","max-snippet":"max-snippet:-1","max-image-preview":"max-image-preview:large","max-video-preview":"max-video-preview:-1"},"canonical":"https:\/\/nembutalboutique.com\/sv\/produkt\/koep-mdphp-fri-bas-online\/","og_locale":"sv_SE","og_type":"article","og_title":"MDPHP FreeBase - MDPHP FreeBase \u00e0 vendre","og_description":"MDPHP FreeBase sur notre boutique en ligne de confiance pour des produits de qualit\u00e9 sup\u00e9rieure. Obtenez MDPHP FreeBase en vente facilement et en toute s\u00e9curit\u00e9 sur notre plateforme pour une satisfaction client ultime. Commandez maintenant !","og_url":"https:\/\/nembutalboutique.com\/sv\/produkt\/koep-mdphp-fri-bas-online\/","og_site_name":"Nembutal Boutique","article_modified_time":"2024-09-24T08:18:13+00:00","og_image":[{"width":600,"height":600,"url":"https:\/\/nembutalboutique.com\/wp-content\/uploads\/2024\/09\/MDPHP-Powder-free-base.gif","type":"image\/gif"}],"twitter_card":"summary_large_image","twitter_misc":{"Ber\u00e4knad l\u00e4stid":"4 minuter"},"schema":{"@context":"https:\/\/schema.org","@graph":[{"@type":"WebPage","@id":"https:\/\/nembutalboutique.com\/produit\/mdphp-free-base\/","url":"https:\/\/nembutalboutique.com\/produit\/mdphp-free-base\/","name":"MDPHP FreeBase - MDPHP FreeBase \u00e0 vendre","isPartOf":{"@id":"https:\/\/nembutalboutique.com\/#website"},"primaryImageOfPage":{"@id":"https:\/\/nembutalboutique.com\/produit\/mdphp-free-base\/#primaryimage"},"image":{"@id":"https:\/\/nembutalboutique.com\/produit\/mdphp-free-base\/#primaryimage"},"thumbnailUrl":"https:\/\/nembutalboutique.com\/wp-content\/uploads\/2024\/09\/MDPHP-Powder-free-base.gif","datePublished":"2024-09-16T08:17:23+00:00","dateModified":"2024-09-24T08:18:13+00:00","description":"MDPHP FreeBase sur notre boutique en ligne de confiance pour des produits de qualit\u00e9 sup\u00e9rieure. Obtenez MDPHP FreeBase en vente facilement et en toute s\u00e9curit\u00e9 sur notre plateforme pour une satisfaction client ultime. Commandez maintenant !","breadcrumb":{"@id":"https:\/\/nembutalboutique.com\/produit\/mdphp-free-base\/#breadcrumb"},"inLanguage":"sv-SE","potentialAction":[{"@type":"ReadAction","target":["https:\/\/nembutalboutique.com\/produit\/mdphp-free-base\/"]}]},{"@type":"ImageObject","inLanguage":"sv-SE","@id":"https:\/\/nembutalboutique.com\/produit\/mdphp-free-base\/#primaryimage","url":"https:\/\/nembutalboutique.com\/wp-content\/uploads\/2024\/09\/MDPHP-Powder-free-base.gif","contentUrl":"https:\/\/nembutalboutique.com\/wp-content\/uploads\/2024\/09\/MDPHP-Powder-free-base.gif","width":600,"height":600,"caption":"Acheter MDPHP-Powder-free-base.gif"},{"@type":"BreadcrumbList","@id":"https:\/\/nembutalboutique.com\/produit\/mdphp-free-base\/#breadcrumb","itemListElement":[{"@type":"ListItem","position":1,"name":"Home","item":"https:\/\/nembutalboutique.com\/"},{"@type":"ListItem","position":2,"name":"Boutique","item":"https:\/\/nembutalboutique.com\/shop\/"},{"@type":"ListItem","position":3,"name":"MDPHP FREE BASE"}]},{"@type":"WebSite","@id":"https:\/\/nembutalboutique.com\/#website","url":"https:\/\/nembutalboutique.com\/","name":"Nembutal Boutique","description":"Min WordPress-blogg","publisher":{"@id":"https:\/\/nembutalboutique.com\/#organization"},"potentialAction":[{"@type":"SearchAction","target":{"@type":"EntryPoint","urlTemplate":"https:\/\/nembutalboutique.com\/?s={search_term_string}"},"query-input":{"@type":"PropertyValueSpecification","valueRequired":true,"valueName":"search_term_string"}}],"inLanguage":"sv-SE"},{"@type":"Organization","@id":"https:\/\/nembutalboutique.com\/#organization","name":"Nembutal Boutique","url":"https:\/\/nembutalboutique.com\/","logo":{"@type":"ImageObject","inLanguage":"sv-SE","@id":"https:\/\/nembutalboutique.com\/#\/schema\/logo\/image\/","url":"https:\/\/nembutalboutique.com\/wp-content\/uploads\/2024\/01\/logo.png","contentUrl":"https:\/\/nembutalboutique.com\/wp-content\/uploads\/2024\/01\/logo.png","width":494,"height":121,"caption":"Nembutal Boutique"},"image":{"@id":"https:\/\/nembutalboutique.com\/#\/schema\/logo\/image\/"}}]}},"_links":{"self":[{"href":"https:\/\/nembutalboutique.com\/sv\/wp-json\/wp\/v2\/product\/3385"}],"collection":[{"href":"https:\/\/nembutalboutique.com\/sv\/wp-json\/wp\/v2\/product"}],"about":[{"href":"https:\/\/nembutalboutique.com\/sv\/wp-json\/wp\/v2\/types\/product"}],"replies":[{"embeddable":true,"href":"https:\/\/nembutalboutique.com\/sv\/wp-json\/wp\/v2\/comments?post=3385"}],"wp:featuredmedia":[{"embeddable":true,"href":"https:\/\/nembutalboutique.com\/sv\/wp-json\/wp\/v2\/media\/3413"}],"wp:attachment":[{"href":"https:\/\/nembutalboutique.com\/sv\/wp-json\/wp\/v2\/media?parent=3385"}],"wp:term":[{"taxonomy":"product_brand","embeddable":true,"href":"https:\/\/nembutalboutique.com\/sv\/wp-json\/wp\/v2\/product_brand?post=3385"},{"taxonomy":"product_cat","embeddable":true,"href":"https:\/\/nembutalboutique.com\/sv\/wp-json\/wp\/v2\/product_cat?post=3385"},{"taxonomy":"product_tag","embeddable":true,"href":"https:\/\/nembutalboutique.com\/sv\/wp-json\/wp\/v2\/product_tag?post=3385"}],"curies":[{"name":"wp","href":"https:\/\/api.w.org\/{rel}","templated":true}]}}