{"id":3339,"date":"2024-09-16T08:16:54","date_gmt":"2024-09-16T08:16:54","guid":{"rendered":"https:\/\/nembutalboutique.com\/?post_type=product&#038;p=3339"},"modified":"2024-09-20T08:13:00","modified_gmt":"2024-09-20T08:13:00","slug":"ketamine","status":"publish","type":"product","link":"https:\/\/nembutalboutique.com\/sv\/produkt\/koepa-ketamin-online\/","title":{"rendered":"KETAMIN"},"content":{"rendered":"<h2>K\u00f6p ketaminpulver online<\/h2>\n<p>Nembutalboutique, den st\u00f6rsta online-\u00e5terf\u00f6rs\u00e4ljaren i USA f\u00f6r prisv\u00e4rt ketaminpulver, laglig ketaminpulver onlinef\u00f6rs\u00e4ljning och s\u00f6kningar efter <a href=\"https:\/\/nembutalboutique.com\/produit\/acheter-de-la-ketamine\/\">ketamin pulver<\/a>.<\/p>\n<p>Ett av de v\u00e4lk\u00e4nda f\u00f6retagen levererar f\u00f6rstklassiga forskningskemikalier till f\u00f6retag som apotek, laboratorier och andra inr\u00e4ttningar. Denna organisation \u00e4r inte beredd att leverera varor till kunder eller personer under arton (18) \u00e5r. Kunder som har sv\u00e5rt att hitta en k\u00e4lla till ketaminpulver b\u00f6r d\u00e4rf\u00f6r anv\u00e4nda v\u00e5r Nembutalboutique-webbplats. Denna webbplats \u00e4r s\u00e4ker att anv\u00e4nda och redo att leverera de n\u00f6dv\u00e4ndiga produkterna i l\u00e4mplig formel.<\/p>\n<h2>Anv\u00e4nd i s\u00e5 fall markketamin.<\/h2>\n<p>\u00c4mnet <a href=\"https:\/\/en.wikipedia.org\/wiki\/Ketamine\">ketamin<\/a> har potential att orsaka hallucinationer. Erbrechen, Doppelsicht, reversibel medvetsl\u00f6shet etc. \u00c4ven om detta l\u00e4kemedel f\u00f6r n\u00e4rvarande \u00e4r tillg\u00e4ngligt fr\u00e5n kemiska forskningsinstitut, finns ett antal andra l\u00e4kemedel ocks\u00e5 tillg\u00e4ngliga. Sjukv\u00e5rdspersonal har den kompetens som kr\u00e4vs f\u00f6r att f\u00f6rskriva r\u00e4tt l\u00e4kemedel f\u00f6r att lindra symtom och administrera en fullst\u00e4ndig behandling. Det \u00e4r d\u00e4rf\u00f6r tillr\u00e5dligt att bekanta dig med l\u00e4kemedlet innan du g\u00f6r ett onlinek\u00f6p. Dessutom ger webbplatsen anv\u00e4ndarna en m\u00e4ngd l\u00e4ttfattliga instruktioner som hj\u00e4lper dem att l\u00e4ra sig mer om l\u00e4kemedlet och hur man anv\u00e4nder det mer effektivt.<\/p>\n<h3>Var kan jag f\u00e5 ketaminpiller?<\/h3>\n<p>Denna v\u00e4lk\u00e4nda l\u00e4kare producerar anestesimedel och l\u00e4mpliga l\u00e4kemedel med m\u00e5nga forskningskemikalier. Detta inneb\u00e4r att du m\u00e5ste kontakta webbplatsen f\u00f6r att f\u00e5 denna typ av medicin i stora eller sm\u00e5 m\u00e4ngder. Onlineplattformen svarar snabbt och g\u00f6r varorna tillg\u00e4ngliga omg\u00e5ende. Denna organisation \u00e4r certifierad, har stor kunskap och \u00e4r l\u00e4ttillg\u00e4nglig. Personliga och vetenskapliga applikationer beaktas vid k\u00f6p av ketamin.<\/p>","protected":false},"excerpt":{"rendered":"<p>Achetez de la poudre de k\u00e9tamine en ligne Nembutalboutique, le plus grand d\u00e9taillant en ligne aux \u00c9tats-Unis pour de la poudre de k\u00e9tamine abordable, des ventes l\u00e9gales de poudre de k\u00e9tamine en ligne et des recherches de poudre de k\u00e9tamine. L&rsquo;une des entreprises bien connues fournit des produits chimiques de recherche de premier ordre \u00e0 [&hellip;]<\/p>","protected":false},"featured_media":3349,"comment_status":"open","ping_status":"closed","template":"","meta":{"_joinchat":[]},"product_brand":[],"product_cat":[385],"product_tag":[],"class_list":{"0":"post-3339","1":"product","2":"type-product","3":"status-publish","4":"has-post-thumbnail","6":"product_cat-forschung-schemikalien","8":"first","9":"instock","10":"shipping-taxable","11":"purchasable","12":"product-type-variable"},"yoast_head":"<!-- This site is optimized with the Yoast SEO plugin v23.5 - https:\/\/yoast.com\/wordpress\/plugins\/seo\/ -->\n<title>Acheter de la k\u00e9tamine en ligne \u2013 K\u00e9tamine \u00e0 vendre<\/title>\n<meta name=\"description\" content=\"Votre commande de K\u00e9tamine \u00e0 vendre est notre responsabilit\u00e9. Nous prendrons en compte votre commande d&#039;achat de K\u00e9tamine et vous parviendrons dans un d\u00e9lai court. Passez des commandes group\u00e9es d\u00e8s maintenant !\" \/>\n<meta name=\"robots\" content=\"index, follow, max-snippet:-1, max-image-preview:large, max-video-preview:-1\" \/>\n<link rel=\"canonical\" href=\"https:\/\/nembutalboutique.com\/sv\/produkt\/koepa-ketamin-online\/\" \/>\n<meta property=\"og:locale\" content=\"sv_SE\" \/>\n<meta property=\"og:type\" content=\"article\" \/>\n<meta property=\"og:title\" content=\"Acheter de la k\u00e9tamine en ligne \u2013 K\u00e9tamine \u00e0 vendre\" \/>\n<meta property=\"og:description\" content=\"Votre commande de K\u00e9tamine \u00e0 vendre est notre responsabilit\u00e9. Nous prendrons en compte votre commande d&#039;achat de K\u00e9tamine et vous parviendrons dans un d\u00e9lai court. Passez des commandes group\u00e9es d\u00e8s maintenant !\" \/>\n<meta property=\"og:url\" content=\"https:\/\/nembutalboutique.com\/sv\/produkt\/koepa-ketamin-online\/\" \/>\n<meta property=\"og:site_name\" content=\"Nembutal Boutique\" \/>\n<meta property=\"article:modified_time\" content=\"2024-09-20T08:13:00+00:00\" \/>\n<meta property=\"og:image\" content=\"https:\/\/nembutalboutique.com\/wp-content\/uploads\/2024\/09\/KTAMINE.gif\" \/>\n\t<meta property=\"og:image:width\" content=\"600\" \/>\n\t<meta property=\"og:image:height\" content=\"600\" \/>\n\t<meta property=\"og:image:type\" content=\"image\/gif\" \/>\n<meta name=\"twitter:card\" content=\"summary_large_image\" \/>\n<meta name=\"twitter:label1\" content=\"Ber\u00e4knad l\u00e4stid\" \/>\n\t<meta name=\"twitter:data1\" content=\"2 minuter\" \/>\n<script type=\"application\/ld+json\" class=\"yoast-schema-graph\">{\"@context\":\"https:\/\/schema.org\",\"@graph\":[{\"@type\":\"WebPage\",\"@id\":\"https:\/\/nembutalboutique.com\/produit\/ketamine\/\",\"url\":\"https:\/\/nembutalboutique.com\/produit\/ketamine\/\",\"name\":\"Acheter de la k\u00e9tamine en ligne \u2013 K\u00e9tamine \u00e0 vendre\",\"isPartOf\":{\"@id\":\"https:\/\/nembutalboutique.com\/#website\"},\"primaryImageOfPage\":{\"@id\":\"https:\/\/nembutalboutique.com\/produit\/ketamine\/#primaryimage\"},\"image\":{\"@id\":\"https:\/\/nembutalboutique.com\/produit\/ketamine\/#primaryimage\"},\"thumbnailUrl\":\"https:\/\/nembutalboutique.com\/wp-content\/uploads\/2024\/09\/KTAMINE.gif\",\"datePublished\":\"2024-09-16T08:16:54+00:00\",\"dateModified\":\"2024-09-20T08:13:00+00:00\",\"description\":\"Votre commande de K\u00e9tamine \u00e0 vendre est notre responsabilit\u00e9. Nous prendrons en compte votre commande d'achat de K\u00e9tamine et vous parviendrons dans un d\u00e9lai court. Passez des commandes group\u00e9es d\u00e8s maintenant !\",\"breadcrumb\":{\"@id\":\"https:\/\/nembutalboutique.com\/produit\/ketamine\/#breadcrumb\"},\"inLanguage\":\"sv-SE\",\"potentialAction\":[{\"@type\":\"ReadAction\",\"target\":[\"https:\/\/nembutalboutique.com\/produit\/ketamine\/\"]}]},{\"@type\":\"ImageObject\",\"inLanguage\":\"sv-SE\",\"@id\":\"https:\/\/nembutalboutique.com\/produit\/ketamine\/#primaryimage\",\"url\":\"https:\/\/nembutalboutique.com\/wp-content\/uploads\/2024\/09\/KTAMINE.gif\",\"contentUrl\":\"https:\/\/nembutalboutique.com\/wp-content\/uploads\/2024\/09\/KTAMINE.gif\",\"width\":600,\"height\":600,\"caption\":\"Acheter KTAMINE.gif\"},{\"@type\":\"BreadcrumbList\",\"@id\":\"https:\/\/nembutalboutique.com\/produit\/ketamine\/#breadcrumb\",\"itemListElement\":[{\"@type\":\"ListItem\",\"position\":1,\"name\":\"Home\",\"item\":\"https:\/\/nembutalboutique.com\/\"},{\"@type\":\"ListItem\",\"position\":2,\"name\":\"Boutique\",\"item\":\"https:\/\/nembutalboutique.com\/shop\/\"},{\"@type\":\"ListItem\",\"position\":3,\"name\":\"K\u00c9TAMINE\"}]},{\"@type\":\"WebSite\",\"@id\":\"https:\/\/nembutalboutique.com\/#website\",\"url\":\"https:\/\/nembutalboutique.com\/\",\"name\":\"Nembutal Boutique\",\"description\":\"My WordPress Blog\",\"publisher\":{\"@id\":\"https:\/\/nembutalboutique.com\/#organization\"},\"potentialAction\":[{\"@type\":\"SearchAction\",\"target\":{\"@type\":\"EntryPoint\",\"urlTemplate\":\"https:\/\/nembutalboutique.com\/?s={search_term_string}\"},\"query-input\":{\"@type\":\"PropertyValueSpecification\",\"valueRequired\":true,\"valueName\":\"search_term_string\"}}],\"inLanguage\":\"sv-SE\"},{\"@type\":\"Organization\",\"@id\":\"https:\/\/nembutalboutique.com\/#organization\",\"name\":\"Nembutal Boutique\",\"url\":\"https:\/\/nembutalboutique.com\/\",\"logo\":{\"@type\":\"ImageObject\",\"inLanguage\":\"sv-SE\",\"@id\":\"https:\/\/nembutalboutique.com\/#\/schema\/logo\/image\/\",\"url\":\"https:\/\/nembutalboutique.com\/wp-content\/uploads\/2024\/01\/logo.png\",\"contentUrl\":\"https:\/\/nembutalboutique.com\/wp-content\/uploads\/2024\/01\/logo.png\",\"width\":494,\"height\":121,\"caption\":\"Nembutal Boutique\"},\"image\":{\"@id\":\"https:\/\/nembutalboutique.com\/#\/schema\/logo\/image\/\"}}]}<\/script>\n<!-- \/ Yoast SEO plugin. -->","yoast_head_json":{"title":"K\u00f6p ketamin online - Ketamin till salu","description":"Din best\u00e4llning av Ketamine till salu \u00e4r v\u00e5rt ansvar. Vi kommer att ta h\u00e4nsyn till din Ketamine-k\u00f6psorder och \u00e5terkomma till dig s\u00e5 snart som m\u00f6jligt. G\u00f6r bulkbest\u00e4llningar nu!","robots":{"index":"index","follow":"follow","max-snippet":"max-snippet:-1","max-image-preview":"max-image-preview:large","max-video-preview":"max-video-preview:-1"},"canonical":"https:\/\/nembutalboutique.com\/sv\/produkt\/koepa-ketamin-online\/","og_locale":"sv_SE","og_type":"article","og_title":"Acheter de la k\u00e9tamine en ligne \u2013 K\u00e9tamine \u00e0 vendre","og_description":"Votre commande de K\u00e9tamine \u00e0 vendre est notre responsabilit\u00e9. Nous prendrons en compte votre commande d'achat de K\u00e9tamine et vous parviendrons dans un d\u00e9lai court. Passez des commandes group\u00e9es d\u00e8s maintenant !","og_url":"https:\/\/nembutalboutique.com\/sv\/produkt\/koepa-ketamin-online\/","og_site_name":"Nembutal Boutique","article_modified_time":"2024-09-20T08:13:00+00:00","og_image":[{"width":600,"height":600,"url":"https:\/\/nembutalboutique.com\/wp-content\/uploads\/2024\/09\/KTAMINE.gif","type":"image\/gif"}],"twitter_card":"summary_large_image","twitter_misc":{"Ber\u00e4knad l\u00e4stid":"2 minuter"},"schema":{"@context":"https:\/\/schema.org","@graph":[{"@type":"WebPage","@id":"https:\/\/nembutalboutique.com\/produit\/ketamine\/","url":"https:\/\/nembutalboutique.com\/produit\/ketamine\/","name":"K\u00f6p ketamin online - Ketamin till salu","isPartOf":{"@id":"https:\/\/nembutalboutique.com\/#website"},"primaryImageOfPage":{"@id":"https:\/\/nembutalboutique.com\/produit\/ketamine\/#primaryimage"},"image":{"@id":"https:\/\/nembutalboutique.com\/produit\/ketamine\/#primaryimage"},"thumbnailUrl":"https:\/\/nembutalboutique.com\/wp-content\/uploads\/2024\/09\/KTAMINE.gif","datePublished":"2024-09-16T08:16:54+00:00","dateModified":"2024-09-20T08:13:00+00:00","description":"Din best\u00e4llning av Ketamine till salu \u00e4r v\u00e5rt ansvar. Vi kommer att ta h\u00e4nsyn till din Ketamine-k\u00f6psorder och \u00e5terkomma till dig s\u00e5 snart som m\u00f6jligt. G\u00f6r bulkbest\u00e4llningar nu!","breadcrumb":{"@id":"https:\/\/nembutalboutique.com\/produit\/ketamine\/#breadcrumb"},"inLanguage":"sv-SE","potentialAction":[{"@type":"ReadAction","target":["https:\/\/nembutalboutique.com\/produit\/ketamine\/"]}]},{"@type":"ImageObject","inLanguage":"sv-SE","@id":"https:\/\/nembutalboutique.com\/produit\/ketamine\/#primaryimage","url":"https:\/\/nembutalboutique.com\/wp-content\/uploads\/2024\/09\/KTAMINE.gif","contentUrl":"https:\/\/nembutalboutique.com\/wp-content\/uploads\/2024\/09\/KTAMINE.gif","width":600,"height":600,"caption":"Acheter KTAMINE.gif"},{"@type":"BreadcrumbList","@id":"https:\/\/nembutalboutique.com\/produit\/ketamine\/#breadcrumb","itemListElement":[{"@type":"ListItem","position":1,"name":"Home","item":"https:\/\/nembutalboutique.com\/"},{"@type":"ListItem","position":2,"name":"Boutique","item":"https:\/\/nembutalboutique.com\/shop\/"},{"@type":"ListItem","position":3,"name":"K\u00c9TAMINE"}]},{"@type":"WebSite","@id":"https:\/\/nembutalboutique.com\/#website","url":"https:\/\/nembutalboutique.com\/","name":"Nembutal Boutique","description":"Min WordPress-blogg","publisher":{"@id":"https:\/\/nembutalboutique.com\/#organization"},"potentialAction":[{"@type":"SearchAction","target":{"@type":"EntryPoint","urlTemplate":"https:\/\/nembutalboutique.com\/?s={search_term_string}"},"query-input":{"@type":"PropertyValueSpecification","valueRequired":true,"valueName":"search_term_string"}}],"inLanguage":"sv-SE"},{"@type":"Organization","@id":"https:\/\/nembutalboutique.com\/#organization","name":"Nembutal Boutique","url":"https:\/\/nembutalboutique.com\/","logo":{"@type":"ImageObject","inLanguage":"sv-SE","@id":"https:\/\/nembutalboutique.com\/#\/schema\/logo\/image\/","url":"https:\/\/nembutalboutique.com\/wp-content\/uploads\/2024\/01\/logo.png","contentUrl":"https:\/\/nembutalboutique.com\/wp-content\/uploads\/2024\/01\/logo.png","width":494,"height":121,"caption":"Nembutal Boutique"},"image":{"@id":"https:\/\/nembutalboutique.com\/#\/schema\/logo\/image\/"}}]}},"_links":{"self":[{"href":"https:\/\/nembutalboutique.com\/sv\/wp-json\/wp\/v2\/product\/3339"}],"collection":[{"href":"https:\/\/nembutalboutique.com\/sv\/wp-json\/wp\/v2\/product"}],"about":[{"href":"https:\/\/nembutalboutique.com\/sv\/wp-json\/wp\/v2\/types\/product"}],"replies":[{"embeddable":true,"href":"https:\/\/nembutalboutique.com\/sv\/wp-json\/wp\/v2\/comments?post=3339"}],"wp:featuredmedia":[{"embeddable":true,"href":"https:\/\/nembutalboutique.com\/sv\/wp-json\/wp\/v2\/media\/3349"}],"wp:attachment":[{"href":"https:\/\/nembutalboutique.com\/sv\/wp-json\/wp\/v2\/media?parent=3339"}],"wp:term":[{"taxonomy":"product_brand","embeddable":true,"href":"https:\/\/nembutalboutique.com\/sv\/wp-json\/wp\/v2\/product_brand?post=3339"},{"taxonomy":"product_cat","embeddable":true,"href":"https:\/\/nembutalboutique.com\/sv\/wp-json\/wp\/v2\/product_cat?post=3339"},{"taxonomy":"product_tag","embeddable":true,"href":"https:\/\/nembutalboutique.com\/sv\/wp-json\/wp\/v2\/product_tag?post=3339"}],"curies":[{"name":"wp","href":"https:\/\/api.w.org\/{rel}","templated":true}]}}