{"id":3337,"date":"2024-09-16T08:16:53","date_gmt":"2024-09-16T08:16:53","guid":{"rendered":"https:\/\/nembutalboutique.com\/?post_type=product&#038;p=3337"},"modified":"2025-11-26T14:45:03","modified_gmt":"2025-11-26T14:45:03","slug":"cocaine","status":"publish","type":"product","link":"https:\/\/nembutalboutique.com\/sv\/produkt\/koepa-kokain-online\/","title":{"rendered":"COCAINE"},"content":{"rendered":"<h2>K\u00f6p kokainpulver online<\/h2>\n<p>K\u00f6pa <a href=\"https:\/\/nembutalboutique.com\/produit\/cocaine\">kokain<\/a> online Pulverkokain \u00e4r den mest anv\u00e4nda formen av Nembutal. Det \u00e4r d\u00e4rf\u00f6r det ocks\u00e5 \u00e4r k\u00e4nt som gatudrogen. Kokaplantor, som fr\u00e4mst finns i s\u00f6dra l\u00e4nder, anv\u00e4nds f\u00f6r att g\u00f6ra detta pulver.<\/p>\n<p>Det \u00e4r ett kraftfullt stimulerande medel som behandlar en m\u00e4ngd olika sjukdomar genom att verka direkt p\u00e5 den centrala hj\u00e4rnan. Detta stimulerande medel \u00f6kar vissa molekyler i hj\u00e4rnan, vilket g\u00f6r det m\u00f6jligt f\u00f6r det m\u00e4nskliga organsystemet att reagera efter behov. P\u00e5 grund av sina m\u00e5nga f\u00f6rdelar \u00e4r just den h\u00e4r sortens kokain den mest anv\u00e4nda i v\u00e4rlden.<\/p>\n<h3>till skillnad fr\u00e5n pulverkokain, en annan sort av drogen. Hur man anv\u00e4nder pulverkokain<\/h3>\n<p>F\u00f6rdelarna med pulveriserad kokain str\u00e4cker sig bortom m\u00e4nniskokroppen. Men nyckelfaktorn bakom dess \u00f6verklagande \u00e4r att den medf\u00f6r f\u00e4rre h\u00e4lsorisker. Det anv\u00e4nds ofta i kombination med andra receptbelagda l\u00e4kemedel som talkpulver, fentanyl etc. Det kan dock vara skadligt f\u00f6r h\u00e4lsan om det tas i kombination med andra droger. Det kan dock vara skadligt f\u00f6r h\u00e4lsan om det tas utan uppsikt i kombination med fentanyl.<\/p>\n<p>S\u00e5 det \u00e4r v\u00e4rt att t\u00e4nka tv\u00e5 g\u00e5nger innan man anv\u00e4nder en s\u00e5 kraftfull prodrug. M\u00e4nniskor anv\u00e4nder detta pulverformiga \u00e4mne p\u00e5 en m\u00e4ngd olika s\u00e4tt, fr\u00e5n att r\u00f6ka det som en cigarett till att injicera det direkt i en ven. Den idealiska metoden att anv\u00e4nda best\u00e4ms av varje persons speciella fysiska och mentala tillst\u00e5nd.<\/p>\n<p>Vissa m\u00e4nniskor har ocks\u00e5 anv\u00e4nt detta pulver i kombination med kolsyrade drycker, \u00e4ven om detta \u00e4r mycket farligt.<br \/>\nKokainpulver f\u00f6r medicinskt bruk<\/p>\n<p>Kokainpulver st\u00e4rker ocks\u00e5 hj\u00e4rnans svarssystem genom att inf\u00f6ra fler kemikalier. L\u00e4kare ordinerar detta l\u00e4kemedel f\u00f6r personer som \u00e4r likgiltiga i sina r\u00f6relser och beteende.<\/p>\n<h3>Kokainhydroklorid till salu<\/h3>\n<p>Den anv\u00e4nds ocks\u00e5 av l\u00e4kare f\u00f6r att lindra sm\u00e4rta under olika kirurgiska ingrepp. Dess korta varaktighet \u00e4r till stor nytta f\u00f6r m\u00e4nniskan, eftersom den ger en k\u00e4nsla av gl\u00e4dje och vitalitet i psyket. P\u00e5 grund av dessa egenskaper tycker m\u00e5nga m\u00e4nniskor runt om i v\u00e4rlden att den \u00e4r attraktiv.<\/p>\n<p>Tillg\u00e4ngligheten av kokainpulver p\u00e5 onlinemarknaden \u00e4r l\u00e4ttillg\u00e4nglig f\u00f6r alla. Dessutom finns detta fantastiska pulver tillg\u00e4ngligt i v\u00e5r butik till f\u00f6rv\u00e5nansv\u00e4rt l\u00e5ga priser. Vi erbjuder ocks\u00e5 den snabbaste produktleveransen som finns, direkt till din d\u00f6rr.<br \/>\nHur man k\u00f6per kokain diskret online: en snabb \u00f6versikt \u00f6ver processen<br \/>\nVi g\u00f6r det enkelt f\u00f6r dig att best\u00e4lla kokain online. V\u00e5r butik \u00e4r extremt v\u00e4lorganiserad, vilket g\u00f6r det enkelt f\u00f6r dig att v\u00e4lja den perfekta artikeln. Du kan alltid v\u00e4lja det b\u00e4sta v\u00e4rdet f\u00f6r pengarna genom att v\u00e4lja mellan en m\u00e4ngd olika kvantiteter och kvaliteter. Dessutom k\u00f6r vi ofta kampanjer och rabatter f\u00f6r att hj\u00e4lpa dig att f\u00e5 kokain f\u00f6r mindre.<\/p>\n<h3>K\u00f6p kokain online och dra nytta av v\u00e5rt breda urval av kokainprodukter.<\/h3>\n<p>V\u00e5r betalningsprocess \u00e4r enkel och extremt s\u00e4ker. F\u00f6r att uppr\u00e4tth\u00e5lla anonymiteten och s\u00e4kerheten f\u00f6r varje transaktion accepterar vi endast betalningar i Bitcoin. Du beh\u00f6ver inte oroa dig f\u00f6r att bli fast om du v\u00e4ljer att k\u00f6pa kokain fr\u00e5n oss, eftersom vi vidtar alla n\u00f6dv\u00e4ndiga \u00e5tg\u00e4rder f\u00f6r att skydda din h\u00e4lsa. V\u00e5rt huvudm\u00e5l \u00e4r att se till att du kan f\u00e5 det b\u00e4sta kokainet online. Vi arbetar uteslutande med de b\u00e4sta producenterna och varje artikel inspekteras innan den l\u00e4ggs till i v\u00e5rt lager. Vi \u00e4r \u00f6vertygade om att kalibern p\u00e5 v\u00e5rt kokain kommer att f\u00f6rv\u00e5na dig.<\/p>\n<p><a href=\"https:\/\/en.wikipedia.org\/wiki\/Cocaine\">Kokain<\/a> Premium online: du kan f\u00e5 det b\u00e4sta kokainet till ett rimligt pris i v\u00e5r kokainbutik.<\/p>\n<p>Vi finns alltid h\u00e4r f\u00f6r att hj\u00e4lpa till om du har n\u00e5gra fr\u00e5gor eller problem. Tveka inte att kontakta oss om du beh\u00f6ver ytterligare information. Vi hj\u00e4lper dig g\u00e4rna med alla dina \u00f6nskem\u00e5l och behov.<\/p>\n<p>Att k\u00f6pa kokain fr\u00e5n oss \u00e4r i allm\u00e4nhet enkelt och s\u00e4kert. Vi erbjuder ett brett urval av toppmoderna produkter till rimliga priser. Du har kommit till r\u00e4tt st\u00e4lle om du vill k\u00f6pa det b\u00e4sta kokainet online. Vi ser fram emot att hj\u00e4lpa dig att k\u00f6pa din n\u00e4sta kokain. K\u00f6p en nu f\u00f6r den b\u00e4sta kokainupplevelsen i ditt liv!<\/p>\n<h3>Det b\u00e4sta st\u00e4llet att k\u00f6pa kokain online \u00e4r v\u00e5r v\u00e4lrenommerade kokainbutik.<\/h3>\n<p>K\u00f6p COCAINE online; om du har tagit kokain eller andra narkotiska medel, k\u00f6r inte. Du kan best\u00e4lla mer \u00e4n bara kokain fr\u00e5n v\u00e5r butik. Andra droger kan ocks\u00e5 k\u00f6pas enkelt online. H\u00e4r kan du till exempel :<\/p>","protected":false},"excerpt":{"rendered":"<p>Acheter de la poudre de coca\u00efne en ligne Acheter de la coca\u00efne en ligne La poudre de coca\u00efne est la forme la plus couramment utilis\u00e9e de Nembutal. C&rsquo;est pourquoi on l&rsquo;appelle aussi drogue de rue. Ces plantes de coca, que l&rsquo;on trouve principalement dans les pays du Sud, sont utilis\u00e9es pour fabriquer cette poudre. C&rsquo;est [&hellip;]<\/p>","protected":false},"featured_media":3347,"comment_status":"open","ping_status":"closed","template":"","meta":{"_joinchat":[]},"product_brand":[],"product_cat":[571],"product_tag":[],"class_list":{"0":"post-3337","1":"product","2":"type-product","3":"status-publish","4":"has-post-thumbnail","6":"product_cat-cocaine","8":"first","9":"instock","10":"shipping-taxable","11":"purchasable","12":"product-type-variable","13":"has-default-attributes"},"yoast_head":"<!-- This site is optimized with the Yoast SEO plugin v23.5 - https:\/\/yoast.com\/wordpress\/plugins\/seo\/ -->\n<title>Acheter de la poudre de coca\u00efne en ligne - Poudre de coca\u00efne \u00e0 vendre<\/title>\n<meta name=\"description\" content=\"Vous cherchez de la poudre de coca\u00efne \u00e0 vendre en ligne ? Nembutal Boutique est un magasin leader o\u00f9 vous pouvez acheter de la coca\u00efne en ligne au meilleur prix. Commandez maintenant avec une exp\u00e9dition discr\u00e8te !\" \/>\n<meta name=\"robots\" content=\"index, follow, max-snippet:-1, max-image-preview:large, max-video-preview:-1\" \/>\n<link rel=\"canonical\" href=\"https:\/\/nembutalboutique.com\/sv\/produkt\/koepa-kokain-online\/\" \/>\n<meta property=\"og:locale\" content=\"sv_SE\" \/>\n<meta property=\"og:type\" content=\"article\" \/>\n<meta property=\"og:title\" content=\"Acheter de la poudre de coca\u00efne en ligne - Poudre de coca\u00efne \u00e0 vendre\" \/>\n<meta property=\"og:description\" content=\"Vous cherchez de la poudre de coca\u00efne \u00e0 vendre en ligne ? Nembutal Boutique est un magasin leader o\u00f9 vous pouvez acheter de la coca\u00efne en ligne au meilleur prix. Commandez maintenant avec une exp\u00e9dition discr\u00e8te !\" \/>\n<meta property=\"og:url\" content=\"https:\/\/nembutalboutique.com\/sv\/produkt\/koepa-kokain-online\/\" \/>\n<meta property=\"og:site_name\" content=\"Nembutal Boutique\" \/>\n<meta property=\"article:modified_time\" content=\"2025-11-26T14:45:03+00:00\" \/>\n<meta property=\"og:image\" content=\"https:\/\/nembutalboutique.com\/wp-content\/uploads\/2024\/09\/CoCAINE.gif\" \/>\n\t<meta property=\"og:image:width\" content=\"600\" \/>\n\t<meta property=\"og:image:height\" content=\"600\" \/>\n\t<meta property=\"og:image:type\" content=\"image\/gif\" \/>\n<meta name=\"twitter:card\" content=\"summary_large_image\" \/>\n<meta name=\"twitter:label1\" content=\"Ber\u00e4knad l\u00e4stid\" \/>\n\t<meta name=\"twitter:data1\" content=\"4 minuter\" \/>\n<script type=\"application\/ld+json\" class=\"yoast-schema-graph\">{\"@context\":\"https:\/\/schema.org\",\"@graph\":[{\"@type\":\"WebPage\",\"@id\":\"https:\/\/nembutalboutique.com\/produit\/cocaine\/\",\"url\":\"https:\/\/nembutalboutique.com\/produit\/cocaine\/\",\"name\":\"Acheter de la poudre de coca\u00efne en ligne - Poudre de coca\u00efne \u00e0 vendre\",\"isPartOf\":{\"@id\":\"https:\/\/nembutalboutique.com\/#website\"},\"primaryImageOfPage\":{\"@id\":\"https:\/\/nembutalboutique.com\/produit\/cocaine\/#primaryimage\"},\"image\":{\"@id\":\"https:\/\/nembutalboutique.com\/produit\/cocaine\/#primaryimage\"},\"thumbnailUrl\":\"https:\/\/nembutalboutique.com\/wp-content\/uploads\/2024\/09\/CoCAINE.gif\",\"datePublished\":\"2024-09-16T08:16:53+00:00\",\"dateModified\":\"2025-11-26T14:45:03+00:00\",\"description\":\"Vous cherchez de la poudre de coca\u00efne \u00e0 vendre en ligne ? Nembutal Boutique est un magasin leader o\u00f9 vous pouvez acheter de la coca\u00efne en ligne au meilleur prix. Commandez maintenant avec une exp\u00e9dition discr\u00e8te !\",\"breadcrumb\":{\"@id\":\"https:\/\/nembutalboutique.com\/produit\/cocaine\/#breadcrumb\"},\"inLanguage\":\"sv-SE\",\"potentialAction\":[{\"@type\":\"ReadAction\",\"target\":[\"https:\/\/nembutalboutique.com\/produit\/cocaine\/\"]}]},{\"@type\":\"ImageObject\",\"inLanguage\":\"sv-SE\",\"@id\":\"https:\/\/nembutalboutique.com\/produit\/cocaine\/#primaryimage\",\"url\":\"https:\/\/nembutalboutique.com\/wp-content\/uploads\/2024\/09\/CoCAINE.gif\",\"contentUrl\":\"https:\/\/nembutalboutique.com\/wp-content\/uploads\/2024\/09\/CoCAINE.gif\",\"width\":600,\"height\":600,\"caption\":\"Acheter CoCAINE.gif\"},{\"@type\":\"BreadcrumbList\",\"@id\":\"https:\/\/nembutalboutique.com\/produit\/cocaine\/#breadcrumb\",\"itemListElement\":[{\"@type\":\"ListItem\",\"position\":1,\"name\":\"Home\",\"item\":\"https:\/\/nembutalboutique.com\/\"},{\"@type\":\"ListItem\",\"position\":2,\"name\":\"Boutique\",\"item\":\"https:\/\/nembutalboutique.com\/shop\/\"},{\"@type\":\"ListItem\",\"position\":3,\"name\":\"COCA\u00cfNE\"}]},{\"@type\":\"WebSite\",\"@id\":\"https:\/\/nembutalboutique.com\/#website\",\"url\":\"https:\/\/nembutalboutique.com\/\",\"name\":\"Nembutal Boutique\",\"description\":\"My WordPress Blog\",\"publisher\":{\"@id\":\"https:\/\/nembutalboutique.com\/#organization\"},\"potentialAction\":[{\"@type\":\"SearchAction\",\"target\":{\"@type\":\"EntryPoint\",\"urlTemplate\":\"https:\/\/nembutalboutique.com\/?s={search_term_string}\"},\"query-input\":{\"@type\":\"PropertyValueSpecification\",\"valueRequired\":true,\"valueName\":\"search_term_string\"}}],\"inLanguage\":\"sv-SE\"},{\"@type\":\"Organization\",\"@id\":\"https:\/\/nembutalboutique.com\/#organization\",\"name\":\"Nembutal Boutique\",\"url\":\"https:\/\/nembutalboutique.com\/\",\"logo\":{\"@type\":\"ImageObject\",\"inLanguage\":\"sv-SE\",\"@id\":\"https:\/\/nembutalboutique.com\/#\/schema\/logo\/image\/\",\"url\":\"https:\/\/nembutalboutique.com\/wp-content\/uploads\/2024\/01\/logo.png\",\"contentUrl\":\"https:\/\/nembutalboutique.com\/wp-content\/uploads\/2024\/01\/logo.png\",\"width\":494,\"height\":121,\"caption\":\"Nembutal Boutique\"},\"image\":{\"@id\":\"https:\/\/nembutalboutique.com\/#\/schema\/logo\/image\/\"}}]}<\/script>\n<!-- \/ Yoast SEO plugin. -->","yoast_head_json":{"title":"K\u00f6p kokainpulver online - Kokainpulver till salu","description":"Letar du efter kokainpulver till salu online? Nembutal Boutique \u00e4r en ledande butik d\u00e4r du kan k\u00f6pa kokain online till b\u00e4sta pris. Best\u00e4ll nu med diskret frakt!","robots":{"index":"index","follow":"follow","max-snippet":"max-snippet:-1","max-image-preview":"max-image-preview:large","max-video-preview":"max-video-preview:-1"},"canonical":"https:\/\/nembutalboutique.com\/sv\/produkt\/koepa-kokain-online\/","og_locale":"sv_SE","og_type":"article","og_title":"Acheter de la poudre de coca\u00efne en ligne - Poudre de coca\u00efne \u00e0 vendre","og_description":"Vous cherchez de la poudre de coca\u00efne \u00e0 vendre en ligne ? Nembutal Boutique est un magasin leader o\u00f9 vous pouvez acheter de la coca\u00efne en ligne au meilleur prix. Commandez maintenant avec une exp\u00e9dition discr\u00e8te !","og_url":"https:\/\/nembutalboutique.com\/sv\/produkt\/koepa-kokain-online\/","og_site_name":"Nembutal Boutique","article_modified_time":"2025-11-26T14:45:03+00:00","og_image":[{"width":600,"height":600,"url":"https:\/\/nembutalboutique.com\/wp-content\/uploads\/2024\/09\/CoCAINE.gif","type":"image\/gif"}],"twitter_card":"summary_large_image","twitter_misc":{"Ber\u00e4knad l\u00e4stid":"4 minuter"},"schema":{"@context":"https:\/\/schema.org","@graph":[{"@type":"WebPage","@id":"https:\/\/nembutalboutique.com\/produit\/cocaine\/","url":"https:\/\/nembutalboutique.com\/produit\/cocaine\/","name":"K\u00f6p kokainpulver online - Kokainpulver till salu","isPartOf":{"@id":"https:\/\/nembutalboutique.com\/#website"},"primaryImageOfPage":{"@id":"https:\/\/nembutalboutique.com\/produit\/cocaine\/#primaryimage"},"image":{"@id":"https:\/\/nembutalboutique.com\/produit\/cocaine\/#primaryimage"},"thumbnailUrl":"https:\/\/nembutalboutique.com\/wp-content\/uploads\/2024\/09\/CoCAINE.gif","datePublished":"2024-09-16T08:16:53+00:00","dateModified":"2025-11-26T14:45:03+00:00","description":"Letar du efter kokainpulver till salu online? Nembutal Boutique \u00e4r en ledande butik d\u00e4r du kan k\u00f6pa kokain online till b\u00e4sta pris. Best\u00e4ll nu med diskret frakt!","breadcrumb":{"@id":"https:\/\/nembutalboutique.com\/produit\/cocaine\/#breadcrumb"},"inLanguage":"sv-SE","potentialAction":[{"@type":"ReadAction","target":["https:\/\/nembutalboutique.com\/produit\/cocaine\/"]}]},{"@type":"ImageObject","inLanguage":"sv-SE","@id":"https:\/\/nembutalboutique.com\/produit\/cocaine\/#primaryimage","url":"https:\/\/nembutalboutique.com\/wp-content\/uploads\/2024\/09\/CoCAINE.gif","contentUrl":"https:\/\/nembutalboutique.com\/wp-content\/uploads\/2024\/09\/CoCAINE.gif","width":600,"height":600,"caption":"Acheter CoCAINE.gif"},{"@type":"BreadcrumbList","@id":"https:\/\/nembutalboutique.com\/produit\/cocaine\/#breadcrumb","itemListElement":[{"@type":"ListItem","position":1,"name":"Home","item":"https:\/\/nembutalboutique.com\/"},{"@type":"ListItem","position":2,"name":"Boutique","item":"https:\/\/nembutalboutique.com\/shop\/"},{"@type":"ListItem","position":3,"name":"COCA\u00cfNE"}]},{"@type":"WebSite","@id":"https:\/\/nembutalboutique.com\/#website","url":"https:\/\/nembutalboutique.com\/","name":"Nembutal Boutique","description":"Min WordPress-blogg","publisher":{"@id":"https:\/\/nembutalboutique.com\/#organization"},"potentialAction":[{"@type":"SearchAction","target":{"@type":"EntryPoint","urlTemplate":"https:\/\/nembutalboutique.com\/?s={search_term_string}"},"query-input":{"@type":"PropertyValueSpecification","valueRequired":true,"valueName":"search_term_string"}}],"inLanguage":"sv-SE"},{"@type":"Organization","@id":"https:\/\/nembutalboutique.com\/#organization","name":"Nembutal Boutique","url":"https:\/\/nembutalboutique.com\/","logo":{"@type":"ImageObject","inLanguage":"sv-SE","@id":"https:\/\/nembutalboutique.com\/#\/schema\/logo\/image\/","url":"https:\/\/nembutalboutique.com\/wp-content\/uploads\/2024\/01\/logo.png","contentUrl":"https:\/\/nembutalboutique.com\/wp-content\/uploads\/2024\/01\/logo.png","width":494,"height":121,"caption":"Nembutal Boutique"},"image":{"@id":"https:\/\/nembutalboutique.com\/#\/schema\/logo\/image\/"}}]}},"_links":{"self":[{"href":"https:\/\/nembutalboutique.com\/sv\/wp-json\/wp\/v2\/product\/3337"}],"collection":[{"href":"https:\/\/nembutalboutique.com\/sv\/wp-json\/wp\/v2\/product"}],"about":[{"href":"https:\/\/nembutalboutique.com\/sv\/wp-json\/wp\/v2\/types\/product"}],"replies":[{"embeddable":true,"href":"https:\/\/nembutalboutique.com\/sv\/wp-json\/wp\/v2\/comments?post=3337"}],"wp:featuredmedia":[{"embeddable":true,"href":"https:\/\/nembutalboutique.com\/sv\/wp-json\/wp\/v2\/media\/3347"}],"wp:attachment":[{"href":"https:\/\/nembutalboutique.com\/sv\/wp-json\/wp\/v2\/media?parent=3337"}],"wp:term":[{"taxonomy":"product_brand","embeddable":true,"href":"https:\/\/nembutalboutique.com\/sv\/wp-json\/wp\/v2\/product_brand?post=3337"},{"taxonomy":"product_cat","embeddable":true,"href":"https:\/\/nembutalboutique.com\/sv\/wp-json\/wp\/v2\/product_cat?post=3337"},{"taxonomy":"product_tag","embeddable":true,"href":"https:\/\/nembutalboutique.com\/sv\/wp-json\/wp\/v2\/product_tag?post=3337"}],"curies":[{"name":"wp","href":"https:\/\/api.w.org\/{rel}","templated":true}]}}