{"id":3288,"date":"2024-09-16T08:16:29","date_gmt":"2024-09-16T08:16:29","guid":{"rendered":"https:\/\/nembutalboutique.com\/?post_type=product&#038;p=3288"},"modified":"2024-09-20T08:30:54","modified_gmt":"2024-09-20T08:30:54","slug":"mmb2101","status":"publish","type":"product","link":"https:\/\/nembutalboutique.com\/sv\/produkt\/mmb2101-koep-online\/","title":{"rendered":"MMB2101"},"content":{"rendered":"<h2>K\u00f6p MMB-2101 online<\/h2>\n<p>Detta onlinek\u00f6p av <a href=\"https:\/\/nembutalboutique.com\/produit\/mmb2101\/\">MMB2101<\/a> avser en syntetisk cannabisanslutning som ing\u00e5r i den grupp av anslutningar som anv\u00e4nds i forskning. Liksom andra syntetiska cannabinoider \u00e4r MMB-2101 avsedd att anv\u00e4ndas i forsknings- och laboratoriemilj\u00f6er f\u00f6r att studera mekanismerna i det endocannabinoida systemet samt potentiella medicinska anv\u00e4ndningsomr\u00e5den. Det \u00e4r dock viktigt att komma ih\u00e5g att det efter min senaste uppdatering kan ha skett f\u00f6r\u00e4ndringar i informationen om vissa kemikalier. K\u00f6p MMB2101 online.<\/p>\n<p>MMB-2101: Grunderna f\u00f6r kemisk struktur: En \u00f6versikt MMB2101, ibland k\u00e4nd som 5F-MMB-PICA, har en typisk syntetisk cannabisstruktur med en indolent k\u00e4rna. Naftalin-1-yl(9-pentyl-9H-karbazol-3-yl)metanon \u00e4r f\u00f6reningens struktur.<\/p>\n<p>Farmakologi: Syntetiska cannabinoider som t.ex. <a href=\"https:\/\/en.wikipedia.org\/wiki\/MMB-2201\">MMB-2101<\/a> p\u00e5verkar det endocannabinoida systemet, i synnerhet via cannabinoida receptorer (CB1 och CB2). Dessa interaktioner kan ha olika fysiologiska effekter, t.ex. aptit,<\/p>\n<p>Forskningens m\u00e5l: MMB-2101 produceras fr\u00e4mst f\u00f6r vetenskapliga \u00e4ndam\u00e5l. Med hj\u00e4lp av molekyler som MMB-2101 har forskare studerat effekterna av syntetiska cannabinoider p\u00e5 det centrala nervsystemet, deras terapeutiska anv\u00e4ndning och mekanismerna i det endocannabinoida systemet.<\/p>\n<p>Potentiella risker: Rekreationsanv\u00e4ndning av syntetiska cannabinoider som MMB-2101 medf\u00f6r risker. P\u00e5 grund av deras of\u00f6ruts\u00e4gbara sammans\u00e4ttning kan effekterna av dessa droger vara of\u00f6rutsedda, vilket leder till biverkningar som \u00e5ngestattacker, hallucinationer och hj\u00e4rtcirkulationsproblem. Den potentiella skadan i samband med rekreationsanv\u00e4ndning \u00f6kar ytterligare genom bristen p\u00e5 kvalitetskontroll under olaglig tillverkning.<\/p>\n<p>R\u00e4ttslig status: Det finns skillnader i lagligheten att k\u00f6pa MMB2101 och relaterade syntetiska cannabinoider runt om i v\u00e4rlden. Dessa droger \u00e4r f\u00f6rbjudna \u00e4mnen i m\u00e5nga l\u00e4nder p\u00e5 grund av oro \u00f6ver deras potential f\u00f6r missbruk och de d\u00e4rmed sammanh\u00e4ngande h\u00e4lsoriskerna.<\/p>\n<p>H\u00e4lsoaspekter: H\u00e4lsoaspekter: Biverkningar, s\u00e5som illam\u00e5ende, kr\u00e4kningar, kramper och hallucinationer, i samband med anv\u00e4ndning av syntetisk cannabidiol har rapporterats. M\u00e4nniskor som har anv\u00e4nt syntetiska cannabinoider och upplever allvarliga symtom s\u00f6ker ofta Notfallkrankenhaus p\u00e5 MMB2101 Online Kaufen.<\/p>","protected":false},"excerpt":{"rendered":"<p>Achetez MMB-2101 en ligne Cet achat en ligne de MMB2101 fait r\u00e9f\u00e9rence \u00e0 une connexion de cannabis synth\u00e9tique qui fait partie du groupe de connexions utilis\u00e9es dans la recherche. Comme d&rsquo;autres cannabino\u00efdes synth\u00e9tiques, le MMB-2101 est destin\u00e9 \u00e0 \u00eatre utilis\u00e9 dans des contextes de recherche et de laboratoire pour \u00e9tudier les m\u00e9canismes du syst\u00e8me endocannabino\u00efde [&hellip;]<\/p>","protected":false},"featured_media":3310,"comment_status":"open","ping_status":"closed","template":"","meta":{"_joinchat":[]},"product_brand":[],"product_cat":[386],"product_tag":[],"class_list":{"0":"post-3288","1":"product","2":"type-product","3":"status-publish","4":"has-post-thumbnail","6":"product_cat-cannabinoids","8":"first","9":"instock","10":"shipping-taxable","11":"purchasable","12":"product-type-variable"},"yoast_head":"<!-- This site is optimized with the Yoast SEO plugin v23.5 - https:\/\/yoast.com\/wordpress\/plugins\/seo\/ -->\n<title>Achetez MMB2101 en ligne - MMB2101 \u00e0 vendre<\/title>\n<meta name=\"description\" content=\"Votre commande de MMB2101 \u00e0 vendre est notre responsabilit\u00e9. Nous prendrons en consid\u00e9ration votre commande d&#039;achat de MMB2101 et vous parviendrons dans un court laps de temps. Passez des commandes group\u00e9es d\u00e8s maintenant !\" \/>\n<meta name=\"robots\" content=\"index, follow, max-snippet:-1, max-image-preview:large, max-video-preview:-1\" \/>\n<link rel=\"canonical\" href=\"https:\/\/nembutalboutique.com\/sv\/produkt\/mmb2101-koep-online\/\" \/>\n<meta property=\"og:locale\" content=\"sv_SE\" \/>\n<meta property=\"og:type\" content=\"article\" \/>\n<meta property=\"og:title\" content=\"Achetez MMB2101 en ligne - MMB2101 \u00e0 vendre\" \/>\n<meta property=\"og:description\" content=\"Votre commande de MMB2101 \u00e0 vendre est notre responsabilit\u00e9. Nous prendrons en consid\u00e9ration votre commande d&#039;achat de MMB2101 et vous parviendrons dans un court laps de temps. Passez des commandes group\u00e9es d\u00e8s maintenant !\" \/>\n<meta property=\"og:url\" content=\"https:\/\/nembutalboutique.com\/sv\/produkt\/mmb2101-koep-online\/\" \/>\n<meta property=\"og:site_name\" content=\"Nembutal Boutique\" \/>\n<meta property=\"article:modified_time\" content=\"2024-09-20T08:30:54+00:00\" \/>\n<meta property=\"og:image\" content=\"https:\/\/nembutalboutique.com\/wp-content\/uploads\/2024\/09\/MMB2101.gif\" \/>\n\t<meta property=\"og:image:width\" content=\"600\" \/>\n\t<meta property=\"og:image:height\" content=\"600\" \/>\n\t<meta property=\"og:image:type\" content=\"image\/gif\" \/>\n<meta name=\"twitter:card\" content=\"summary_large_image\" \/>\n<meta name=\"twitter:label1\" content=\"Ber\u00e4knad l\u00e4stid\" \/>\n\t<meta name=\"twitter:data1\" content=\"2 minuter\" \/>\n<script type=\"application\/ld+json\" class=\"yoast-schema-graph\">{\"@context\":\"https:\/\/schema.org\",\"@graph\":[{\"@type\":\"WebPage\",\"@id\":\"https:\/\/nembutalboutique.com\/produit\/mmb2101\/\",\"url\":\"https:\/\/nembutalboutique.com\/produit\/mmb2101\/\",\"name\":\"Achetez MMB2101 en ligne - MMB2101 \u00e0 vendre\",\"isPartOf\":{\"@id\":\"https:\/\/nembutalboutique.com\/#website\"},\"primaryImageOfPage\":{\"@id\":\"https:\/\/nembutalboutique.com\/produit\/mmb2101\/#primaryimage\"},\"image\":{\"@id\":\"https:\/\/nembutalboutique.com\/produit\/mmb2101\/#primaryimage\"},\"thumbnailUrl\":\"https:\/\/nembutalboutique.com\/wp-content\/uploads\/2024\/09\/MMB2101.gif\",\"datePublished\":\"2024-09-16T08:16:29+00:00\",\"dateModified\":\"2024-09-20T08:30:54+00:00\",\"description\":\"Votre commande de MMB2101 \u00e0 vendre est notre responsabilit\u00e9. Nous prendrons en consid\u00e9ration votre commande d'achat de MMB2101 et vous parviendrons dans un court laps de temps. Passez des commandes group\u00e9es d\u00e8s maintenant !\",\"breadcrumb\":{\"@id\":\"https:\/\/nembutalboutique.com\/produit\/mmb2101\/#breadcrumb\"},\"inLanguage\":\"sv-SE\",\"potentialAction\":[{\"@type\":\"ReadAction\",\"target\":[\"https:\/\/nembutalboutique.com\/produit\/mmb2101\/\"]}]},{\"@type\":\"ImageObject\",\"inLanguage\":\"sv-SE\",\"@id\":\"https:\/\/nembutalboutique.com\/produit\/mmb2101\/#primaryimage\",\"url\":\"https:\/\/nembutalboutique.com\/wp-content\/uploads\/2024\/09\/MMB2101.gif\",\"contentUrl\":\"https:\/\/nembutalboutique.com\/wp-content\/uploads\/2024\/09\/MMB2101.gif\",\"width\":600,\"height\":600,\"caption\":\"Acheter MMB2101.gif\"},{\"@type\":\"BreadcrumbList\",\"@id\":\"https:\/\/nembutalboutique.com\/produit\/mmb2101\/#breadcrumb\",\"itemListElement\":[{\"@type\":\"ListItem\",\"position\":1,\"name\":\"Home\",\"item\":\"https:\/\/nembutalboutique.com\/\"},{\"@type\":\"ListItem\",\"position\":2,\"name\":\"Boutique\",\"item\":\"https:\/\/nembutalboutique.com\/shop\/\"},{\"@type\":\"ListItem\",\"position\":3,\"name\":\"MMB2101\"}]},{\"@type\":\"WebSite\",\"@id\":\"https:\/\/nembutalboutique.com\/#website\",\"url\":\"https:\/\/nembutalboutique.com\/\",\"name\":\"Nembutal Boutique\",\"description\":\"My WordPress Blog\",\"publisher\":{\"@id\":\"https:\/\/nembutalboutique.com\/#organization\"},\"potentialAction\":[{\"@type\":\"SearchAction\",\"target\":{\"@type\":\"EntryPoint\",\"urlTemplate\":\"https:\/\/nembutalboutique.com\/?s={search_term_string}\"},\"query-input\":{\"@type\":\"PropertyValueSpecification\",\"valueRequired\":true,\"valueName\":\"search_term_string\"}}],\"inLanguage\":\"sv-SE\"},{\"@type\":\"Organization\",\"@id\":\"https:\/\/nembutalboutique.com\/#organization\",\"name\":\"Nembutal Boutique\",\"url\":\"https:\/\/nembutalboutique.com\/\",\"logo\":{\"@type\":\"ImageObject\",\"inLanguage\":\"sv-SE\",\"@id\":\"https:\/\/nembutalboutique.com\/#\/schema\/logo\/image\/\",\"url\":\"https:\/\/nembutalboutique.com\/wp-content\/uploads\/2024\/01\/logo.png\",\"contentUrl\":\"https:\/\/nembutalboutique.com\/wp-content\/uploads\/2024\/01\/logo.png\",\"width\":494,\"height\":121,\"caption\":\"Nembutal Boutique\"},\"image\":{\"@id\":\"https:\/\/nembutalboutique.com\/#\/schema\/logo\/image\/\"}}]}<\/script>\n<!-- \/ Yoast SEO plugin. -->","yoast_head_json":{"title":"K\u00f6p MMB2101 online - MMB2101 till salu","description":"Din best\u00e4llning av MMB2101 till salu \u00e4r v\u00e5rt ansvar. Vi kommer att \u00f6verv\u00e4ga din MMB2101 ink\u00f6psorder och komma tillbaka till dig inom kort tid. G\u00f6r bulkbest\u00e4llningar nu!","robots":{"index":"index","follow":"follow","max-snippet":"max-snippet:-1","max-image-preview":"max-image-preview:large","max-video-preview":"max-video-preview:-1"},"canonical":"https:\/\/nembutalboutique.com\/sv\/produkt\/mmb2101-koep-online\/","og_locale":"sv_SE","og_type":"article","og_title":"Achetez MMB2101 en ligne - MMB2101 \u00e0 vendre","og_description":"Votre commande de MMB2101 \u00e0 vendre est notre responsabilit\u00e9. Nous prendrons en consid\u00e9ration votre commande d'achat de MMB2101 et vous parviendrons dans un court laps de temps. Passez des commandes group\u00e9es d\u00e8s maintenant !","og_url":"https:\/\/nembutalboutique.com\/sv\/produkt\/mmb2101-koep-online\/","og_site_name":"Nembutal Boutique","article_modified_time":"2024-09-20T08:30:54+00:00","og_image":[{"width":600,"height":600,"url":"https:\/\/nembutalboutique.com\/wp-content\/uploads\/2024\/09\/MMB2101.gif","type":"image\/gif"}],"twitter_card":"summary_large_image","twitter_misc":{"Ber\u00e4knad l\u00e4stid":"2 minuter"},"schema":{"@context":"https:\/\/schema.org","@graph":[{"@type":"WebPage","@id":"https:\/\/nembutalboutique.com\/produit\/mmb2101\/","url":"https:\/\/nembutalboutique.com\/produit\/mmb2101\/","name":"K\u00f6p MMB2101 online - MMB2101 till salu","isPartOf":{"@id":"https:\/\/nembutalboutique.com\/#website"},"primaryImageOfPage":{"@id":"https:\/\/nembutalboutique.com\/produit\/mmb2101\/#primaryimage"},"image":{"@id":"https:\/\/nembutalboutique.com\/produit\/mmb2101\/#primaryimage"},"thumbnailUrl":"https:\/\/nembutalboutique.com\/wp-content\/uploads\/2024\/09\/MMB2101.gif","datePublished":"2024-09-16T08:16:29+00:00","dateModified":"2024-09-20T08:30:54+00:00","description":"Din best\u00e4llning av MMB2101 till salu \u00e4r v\u00e5rt ansvar. Vi kommer att \u00f6verv\u00e4ga din MMB2101 ink\u00f6psorder och komma tillbaka till dig inom kort tid. G\u00f6r bulkbest\u00e4llningar nu!","breadcrumb":{"@id":"https:\/\/nembutalboutique.com\/produit\/mmb2101\/#breadcrumb"},"inLanguage":"sv-SE","potentialAction":[{"@type":"ReadAction","target":["https:\/\/nembutalboutique.com\/produit\/mmb2101\/"]}]},{"@type":"ImageObject","inLanguage":"sv-SE","@id":"https:\/\/nembutalboutique.com\/produit\/mmb2101\/#primaryimage","url":"https:\/\/nembutalboutique.com\/wp-content\/uploads\/2024\/09\/MMB2101.gif","contentUrl":"https:\/\/nembutalboutique.com\/wp-content\/uploads\/2024\/09\/MMB2101.gif","width":600,"height":600,"caption":"Acheter MMB2101.gif"},{"@type":"BreadcrumbList","@id":"https:\/\/nembutalboutique.com\/produit\/mmb2101\/#breadcrumb","itemListElement":[{"@type":"ListItem","position":1,"name":"Home","item":"https:\/\/nembutalboutique.com\/"},{"@type":"ListItem","position":2,"name":"Boutique","item":"https:\/\/nembutalboutique.com\/shop\/"},{"@type":"ListItem","position":3,"name":"MMB2101"}]},{"@type":"WebSite","@id":"https:\/\/nembutalboutique.com\/#website","url":"https:\/\/nembutalboutique.com\/","name":"Nembutal Boutique","description":"Min WordPress-blogg","publisher":{"@id":"https:\/\/nembutalboutique.com\/#organization"},"potentialAction":[{"@type":"SearchAction","target":{"@type":"EntryPoint","urlTemplate":"https:\/\/nembutalboutique.com\/?s={search_term_string}"},"query-input":{"@type":"PropertyValueSpecification","valueRequired":true,"valueName":"search_term_string"}}],"inLanguage":"sv-SE"},{"@type":"Organization","@id":"https:\/\/nembutalboutique.com\/#organization","name":"Nembutal Boutique","url":"https:\/\/nembutalboutique.com\/","logo":{"@type":"ImageObject","inLanguage":"sv-SE","@id":"https:\/\/nembutalboutique.com\/#\/schema\/logo\/image\/","url":"https:\/\/nembutalboutique.com\/wp-content\/uploads\/2024\/01\/logo.png","contentUrl":"https:\/\/nembutalboutique.com\/wp-content\/uploads\/2024\/01\/logo.png","width":494,"height":121,"caption":"Nembutal Boutique"},"image":{"@id":"https:\/\/nembutalboutique.com\/#\/schema\/logo\/image\/"}}]}},"_links":{"self":[{"href":"https:\/\/nembutalboutique.com\/sv\/wp-json\/wp\/v2\/product\/3288"}],"collection":[{"href":"https:\/\/nembutalboutique.com\/sv\/wp-json\/wp\/v2\/product"}],"about":[{"href":"https:\/\/nembutalboutique.com\/sv\/wp-json\/wp\/v2\/types\/product"}],"replies":[{"embeddable":true,"href":"https:\/\/nembutalboutique.com\/sv\/wp-json\/wp\/v2\/comments?post=3288"}],"wp:featuredmedia":[{"embeddable":true,"href":"https:\/\/nembutalboutique.com\/sv\/wp-json\/wp\/v2\/media\/3310"}],"wp:attachment":[{"href":"https:\/\/nembutalboutique.com\/sv\/wp-json\/wp\/v2\/media?parent=3288"}],"wp:term":[{"taxonomy":"product_brand","embeddable":true,"href":"https:\/\/nembutalboutique.com\/sv\/wp-json\/wp\/v2\/product_brand?post=3288"},{"taxonomy":"product_cat","embeddable":true,"href":"https:\/\/nembutalboutique.com\/sv\/wp-json\/wp\/v2\/product_cat?post=3288"},{"taxonomy":"product_tag","embeddable":true,"href":"https:\/\/nembutalboutique.com\/sv\/wp-json\/wp\/v2\/product_tag?post=3288"}],"curies":[{"name":"wp","href":"https:\/\/api.w.org\/{rel}","templated":true}]}}