{"id":3228,"date":"2024-09-16T08:16:06","date_gmt":"2024-09-16T08:16:06","guid":{"rendered":"https:\/\/nembutalboutique.com\/?post_type=product&#038;p=3228"},"modified":"2024-09-20T09:29:16","modified_gmt":"2024-09-20T09:29:16","slug":"fub-amb","status":"publish","type":"product","link":"https:\/\/nembutalboutique.com\/sv\/produkt\/koepa-fub-amb-online\/","title":{"rendered":"FUB-AMB"},"content":{"rendered":"<h2>K\u00f6p FUB-AMB online<\/h2>\n<p>N\u00e4r du k\u00f6per nembutal fr\u00e5n FUB-AMB, k\u00f6p det f\u00f6r att kvalitet r\u00e4knas!<br \/>\nK\u00f6p <a href=\"https:\/\/nembutalboutique.com\/produit\/fub-amb\/\">FUB-AMB<\/a> online fr\u00e5n de b\u00e4sta europeiska kemif\u00f6retagen, professionellt tillverkade med minst 98 % + Reinheit garanterade. Vi tillhandah\u00e5ller en COA f\u00f6r varje sats som produceras kemiskt under v\u00e5r forskning!<\/p>\n<p><strong>Material i FUB-AMB<\/strong><\/p>\n<p>Inneh\u00e5ller minst 98 % + Reinheit FUB-AMB varje kontrollenhet.<\/p>\n<p><strong>Best\u00e4mning av FUB-AMB<\/strong><\/p>\n<p>Eftersom <a href=\"https:\/\/en.wikipedia.org\/wiki\/AMB-FUBINACA\">FUB-AMB<\/a> s\u00e4ljs endast f\u00f6r anv\u00e4ndning inom vetenskaplig kemisk forskning och \u00e4r inte avsedd f\u00f6r m\u00e4nsklig konsumtion. Det finns ingen rekommenderad dosering.<\/p>\n<p><strong>Effekter av FUB-AMB:<\/strong><\/p>\n<p>De kliniska effekterna av de flesta nya syntetiska droger, s\u00e5som FUB-AMB, kan klassificeras som stimulerande, hallucinogena eller opioidliknande. Dessutom har du en kombination av dessa effekter med substitution av syntetiska sidokedjor.<br \/>\nO\u00f6nskade effekter av FUB-AMB Anv\u00e4ndningen av FUB-AMB kan utf\u00f6ras av ett annat syntetiskt l\u00e4kemedel, vilket kan leda till allvarliga biverkningar; materialet testas ocks\u00e5 kliniskt i olika former som en produkt mot sjukdom! F\u00f6ljaktligen \u00e4r FUB-AMB endast avsedd f\u00f6r anv\u00e4ndning i vetenskaplig forskning och inte f\u00f6r m\u00e4nsklig anv\u00e4ndning!<\/p>\n<p>Vet hur du ska f\u00f6rvara FUB-AMB. F\u00f6rvara FUB-AMB vid mindre \u00e4n 30 grader Celsius. F\u00f6rvara FUB-AMB i sin originalf\u00f6rpackning, skyddad fr\u00e5n direkt solljus och fukt.<\/p>\n<h3>K\u00f6p FUB-AMB-Kristalle online.<\/h3>\n<p>K\u00f6p FUB-AMB-Kristalle online fr\u00e5n den v\u00e4lk\u00e4nda FUB-AMB-leverant\u00f6ren NembuKauFlog. En laglig peppar med dissociativa egenskaper har utvecklats f\u00f6r konsumenter som s\u00f6ker l\u00e4ttnad fr\u00e5n vardagliga sjukdomar. Du kan kontrollera att FUB-AMB uppfyller dina behov och har en inverkan.<br \/>\nInledningsvis tillhandah\u00e5ller leverant\u00f6ren FUB-AMB forskningskemikalier direkt i form av ett vitt kristallint pulver. Renhetsniv\u00e5n \u00e4r mycket h\u00f6g.<\/p>\n<p>NembutalBoutique anv\u00e4nder ocks\u00e5 den b\u00e4sta isoleringen i kombination med de b\u00e4sta r\u00e5varorna. V\u00e5rt f\u00f6retag \u00e4r mycket lyckligt eftersom v\u00e5ra kunder st\u00f6der oss.<\/p>\n<p>Dessutom erbjuder Nembutalboutique en rad tj\u00e4nster till sina kunder. Du kan k\u00f6pa en FUBAMB-sond eller hela FUB-AMB-paketet fr\u00e5n v\u00e5r online-leverant\u00f6r. Slutligen kan du best\u00e4lla fr\u00e5n en o\u00e4ndlig m\u00e4ngd olika produkter.<\/p>\n<h3>FUB-AMB premiumerbjudande till f\u00f6rs\u00e4ljning<\/h3>\n<p>Men om du k\u00f6per idag skickar vi din best\u00e4llning var som helst i v\u00e4rlden. Men v\u00e5rt huvudsyfte \u00e4r att skapa h\u00f6gkvalitativa syntetiska droger. Det \u00e4r d\u00e4rf\u00f6r v\u00e5ra anst\u00e4llda arbetar med utl\u00e4ndska arbetare. V\u00e5rt enda m\u00e5l \u00e4r att se till att ditt f\u00f6retag Frakt- och leveransvillkor: Sammantaget \u00e4r det r\u00e4ttvist att s\u00e4ga att vi har vidtagit alla \u00e5tg\u00e4rder f\u00f6r att g\u00f6ra din best\u00e4llning trevlig.<\/p>\n<p>1. Vi kommer att skicka varorna inom en dag efter mottagandet av betalningen.<br \/>\n2. Vi anv\u00e4nder FedEx, DHL, TNT, USPS eller EMS f\u00f6r att skicka artikeln. Beroende p\u00e5 land kommer vi att v\u00e4lja den mest p\u00e5litliga transport\u00f6ren och best\u00e4mma den s\u00e4kraste leveransmetoden f\u00f6r varorna.<br \/>\n3. LEVERANS: Normal version och<br \/>\nDen typiska leveranstiden \u00e4r mellan fem och sju dagar.<\/p>\n<p>- Snabb leverans (tv\u00e5 till tre dagar).<br \/>\n- Expressleverans tillg\u00e4nglig<\/p>\n<p>4. Vi kan garantera en leveransgrad p\u00e5 100 % \u00e4ven i nollprocentl\u00e4nder som Kanada, Australien och Ryssland.<\/p>\n<p>5. Det \u00e4r kundens ansvar att kontrollera att f\u00f6rs\u00e4ndelsen inte \u00e4r skadad vid leveransen. Kontroll av produktskador b\u00f6r helst ske inom 72 timmar efter leverans.<\/p>\n<p>6. Om f\u00f6rs\u00e4ndelsen g\u00e5r f\u00f6rlorad eller inte kommer fram av n\u00e5gon annan anledning, skickar vi den p\u00e5 nytt.<\/p>\n<p>7. En fullst\u00e4ndig pengarna-tillbaka-garanti.<\/p>\n<p>Med v\u00e5r k\u00f6p nu-garanti kan du vara s\u00e4ker p\u00e5 att f\u00e5 en problemfri leverans av dina varor!<br \/>\nOm du av n\u00e5gon anledning inte \u00e4r n\u00f6jd med produktens kvalitet, garanterar vi att vi kommer att r\u00e4tta till detta. Om produkten \u00e4r av s\u00e4mre kvalitet garanterar vi att vi utan extra kostnad f\u00f6rser dig med en produkt av h\u00f6g kvalitet vid 100 %.<\/p>\n<p>K\u00f6p FUB-AMB .<\/p>","protected":false},"excerpt":{"rendered":"<p>Acheter FUB-AMB en ligne FUB-AMB lorsque vous achetez du nembutal, achetez-le car la qualit\u00e9 compte\u00a0! Achetez FUB-AMB en ligne aupr\u00e8s des meilleures entreprises chimiques europ\u00e9ennes, fabriqu\u00e9 de mani\u00e8re professionnelle avec un minimum de 98\u00a0% + Reinheit garanti. Nous fournissons un COA pour chaque lot produit chimiquement au cours de nos recherches\u00a0! Mat\u00e9riaux dans le FUB-AMB [&hellip;]<\/p>","protected":false},"featured_media":3246,"comment_status":"open","ping_status":"closed","template":"","meta":{"_joinchat":[]},"product_brand":[],"product_cat":[386],"product_tag":[],"class_list":{"0":"post-3228","1":"product","2":"type-product","3":"status-publish","4":"has-post-thumbnail","6":"product_cat-cannabinoids","8":"first","9":"instock","10":"shipping-taxable","11":"purchasable","12":"product-type-variable"},"yoast_head":"<!-- This site is optimized with the Yoast SEO plugin v23.5 - https:\/\/yoast.com\/wordpress\/plugins\/seo\/ -->\n<title>Achetez FUB-AMB en ligne - FUB-AMB \u00e0 vendre<\/title>\n<meta name=\"description\" content=\"Si vous souhaitez acheter FUB-AMB en ligne et recherchez une boutique en ligne fiable, achetez ici. Nous proposons uniquement des FUB-AMB de haute qualit\u00e9 \u00e0 un prix abordable. Commandez FUB-AMB maintenant !\" \/>\n<meta name=\"robots\" content=\"index, follow, max-snippet:-1, max-image-preview:large, max-video-preview:-1\" \/>\n<link rel=\"canonical\" href=\"https:\/\/nembutalboutique.com\/sv\/produkt\/koepa-fub-amb-online\/\" \/>\n<meta property=\"og:locale\" content=\"sv_SE\" \/>\n<meta property=\"og:type\" content=\"article\" \/>\n<meta property=\"og:title\" content=\"Achetez FUB-AMB en ligne - FUB-AMB \u00e0 vendre\" \/>\n<meta property=\"og:description\" content=\"Si vous souhaitez acheter FUB-AMB en ligne et recherchez une boutique en ligne fiable, achetez ici. Nous proposons uniquement des FUB-AMB de haute qualit\u00e9 \u00e0 un prix abordable. Commandez FUB-AMB maintenant !\" \/>\n<meta property=\"og:url\" content=\"https:\/\/nembutalboutique.com\/sv\/produkt\/koepa-fub-amb-online\/\" \/>\n<meta property=\"og:site_name\" content=\"Nembutal Boutique\" \/>\n<meta property=\"article:modified_time\" content=\"2024-09-20T09:29:16+00:00\" \/>\n<meta property=\"og:image\" content=\"https:\/\/nembutalboutique.com\/wp-content\/uploads\/2024\/09\/FUB-AMB.gif\" \/>\n\t<meta property=\"og:image:width\" content=\"600\" \/>\n\t<meta property=\"og:image:height\" content=\"600\" \/>\n\t<meta property=\"og:image:type\" content=\"image\/gif\" \/>\n<meta name=\"twitter:card\" content=\"summary_large_image\" \/>\n<meta name=\"twitter:label1\" content=\"Ber\u00e4knad l\u00e4stid\" \/>\n\t<meta name=\"twitter:data1\" content=\"4 minuter\" \/>\n<script type=\"application\/ld+json\" class=\"yoast-schema-graph\">{\"@context\":\"https:\/\/schema.org\",\"@graph\":[{\"@type\":\"WebPage\",\"@id\":\"https:\/\/nembutalboutique.com\/produit\/fub-amb\/\",\"url\":\"https:\/\/nembutalboutique.com\/produit\/fub-amb\/\",\"name\":\"Achetez FUB-AMB en ligne - FUB-AMB \u00e0 vendre\",\"isPartOf\":{\"@id\":\"https:\/\/nembutalboutique.com\/#website\"},\"primaryImageOfPage\":{\"@id\":\"https:\/\/nembutalboutique.com\/produit\/fub-amb\/#primaryimage\"},\"image\":{\"@id\":\"https:\/\/nembutalboutique.com\/produit\/fub-amb\/#primaryimage\"},\"thumbnailUrl\":\"https:\/\/nembutalboutique.com\/wp-content\/uploads\/2024\/09\/FUB-AMB.gif\",\"datePublished\":\"2024-09-16T08:16:06+00:00\",\"dateModified\":\"2024-09-20T09:29:16+00:00\",\"description\":\"Si vous souhaitez acheter FUB-AMB en ligne et recherchez une boutique en ligne fiable, achetez ici. Nous proposons uniquement des FUB-AMB de haute qualit\u00e9 \u00e0 un prix abordable. Commandez FUB-AMB maintenant !\",\"breadcrumb\":{\"@id\":\"https:\/\/nembutalboutique.com\/produit\/fub-amb\/#breadcrumb\"},\"inLanguage\":\"sv-SE\",\"potentialAction\":[{\"@type\":\"ReadAction\",\"target\":[\"https:\/\/nembutalboutique.com\/produit\/fub-amb\/\"]}]},{\"@type\":\"ImageObject\",\"inLanguage\":\"sv-SE\",\"@id\":\"https:\/\/nembutalboutique.com\/produit\/fub-amb\/#primaryimage\",\"url\":\"https:\/\/nembutalboutique.com\/wp-content\/uploads\/2024\/09\/FUB-AMB.gif\",\"contentUrl\":\"https:\/\/nembutalboutique.com\/wp-content\/uploads\/2024\/09\/FUB-AMB.gif\",\"width\":600,\"height\":600,\"caption\":\"Acheter FUB-AMB.gif\"},{\"@type\":\"BreadcrumbList\",\"@id\":\"https:\/\/nembutalboutique.com\/produit\/fub-amb\/#breadcrumb\",\"itemListElement\":[{\"@type\":\"ListItem\",\"position\":1,\"name\":\"Home\",\"item\":\"https:\/\/nembutalboutique.com\/\"},{\"@type\":\"ListItem\",\"position\":2,\"name\":\"Boutique\",\"item\":\"https:\/\/nembutalboutique.com\/shop\/\"},{\"@type\":\"ListItem\",\"position\":3,\"name\":\"FUB-AMB\"}]},{\"@type\":\"WebSite\",\"@id\":\"https:\/\/nembutalboutique.com\/#website\",\"url\":\"https:\/\/nembutalboutique.com\/\",\"name\":\"Nembutal Boutique\",\"description\":\"My WordPress Blog\",\"publisher\":{\"@id\":\"https:\/\/nembutalboutique.com\/#organization\"},\"potentialAction\":[{\"@type\":\"SearchAction\",\"target\":{\"@type\":\"EntryPoint\",\"urlTemplate\":\"https:\/\/nembutalboutique.com\/?s={search_term_string}\"},\"query-input\":{\"@type\":\"PropertyValueSpecification\",\"valueRequired\":true,\"valueName\":\"search_term_string\"}}],\"inLanguage\":\"sv-SE\"},{\"@type\":\"Organization\",\"@id\":\"https:\/\/nembutalboutique.com\/#organization\",\"name\":\"Nembutal Boutique\",\"url\":\"https:\/\/nembutalboutique.com\/\",\"logo\":{\"@type\":\"ImageObject\",\"inLanguage\":\"sv-SE\",\"@id\":\"https:\/\/nembutalboutique.com\/#\/schema\/logo\/image\/\",\"url\":\"https:\/\/nembutalboutique.com\/wp-content\/uploads\/2024\/01\/logo.png\",\"contentUrl\":\"https:\/\/nembutalboutique.com\/wp-content\/uploads\/2024\/01\/logo.png\",\"width\":494,\"height\":121,\"caption\":\"Nembutal Boutique\"},\"image\":{\"@id\":\"https:\/\/nembutalboutique.com\/#\/schema\/logo\/image\/\"}}]}<\/script>\n<!-- \/ Yoast SEO plugin. -->","yoast_head_json":{"title":"K\u00f6p FUB-AMB online - FUB-AMB till salu","description":"Om du vill k\u00f6pa FUB-AMB online och letar efter en p\u00e5litlig onlinebutik, k\u00f6p h\u00e4r. Vi erbjuder endast h\u00f6gkvalitativa FUB-AMB till ett \u00f6verkomligt pris. Best\u00e4ll FUB-AMB nu!","robots":{"index":"index","follow":"follow","max-snippet":"max-snippet:-1","max-image-preview":"max-image-preview:large","max-video-preview":"max-video-preview:-1"},"canonical":"https:\/\/nembutalboutique.com\/sv\/produkt\/koepa-fub-amb-online\/","og_locale":"sv_SE","og_type":"article","og_title":"Achetez FUB-AMB en ligne - FUB-AMB \u00e0 vendre","og_description":"Si vous souhaitez acheter FUB-AMB en ligne et recherchez une boutique en ligne fiable, achetez ici. Nous proposons uniquement des FUB-AMB de haute qualit\u00e9 \u00e0 un prix abordable. Commandez FUB-AMB maintenant !","og_url":"https:\/\/nembutalboutique.com\/sv\/produkt\/koepa-fub-amb-online\/","og_site_name":"Nembutal Boutique","article_modified_time":"2024-09-20T09:29:16+00:00","og_image":[{"width":600,"height":600,"url":"https:\/\/nembutalboutique.com\/wp-content\/uploads\/2024\/09\/FUB-AMB.gif","type":"image\/gif"}],"twitter_card":"summary_large_image","twitter_misc":{"Ber\u00e4knad l\u00e4stid":"4 minuter"},"schema":{"@context":"https:\/\/schema.org","@graph":[{"@type":"WebPage","@id":"https:\/\/nembutalboutique.com\/produit\/fub-amb\/","url":"https:\/\/nembutalboutique.com\/produit\/fub-amb\/","name":"K\u00f6p FUB-AMB online - FUB-AMB till salu","isPartOf":{"@id":"https:\/\/nembutalboutique.com\/#website"},"primaryImageOfPage":{"@id":"https:\/\/nembutalboutique.com\/produit\/fub-amb\/#primaryimage"},"image":{"@id":"https:\/\/nembutalboutique.com\/produit\/fub-amb\/#primaryimage"},"thumbnailUrl":"https:\/\/nembutalboutique.com\/wp-content\/uploads\/2024\/09\/FUB-AMB.gif","datePublished":"2024-09-16T08:16:06+00:00","dateModified":"2024-09-20T09:29:16+00:00","description":"Om du vill k\u00f6pa FUB-AMB online och letar efter en p\u00e5litlig onlinebutik, k\u00f6p h\u00e4r. Vi erbjuder endast h\u00f6gkvalitativa FUB-AMB till ett \u00f6verkomligt pris. Best\u00e4ll FUB-AMB nu!","breadcrumb":{"@id":"https:\/\/nembutalboutique.com\/produit\/fub-amb\/#breadcrumb"},"inLanguage":"sv-SE","potentialAction":[{"@type":"ReadAction","target":["https:\/\/nembutalboutique.com\/produit\/fub-amb\/"]}]},{"@type":"ImageObject","inLanguage":"sv-SE","@id":"https:\/\/nembutalboutique.com\/produit\/fub-amb\/#primaryimage","url":"https:\/\/nembutalboutique.com\/wp-content\/uploads\/2024\/09\/FUB-AMB.gif","contentUrl":"https:\/\/nembutalboutique.com\/wp-content\/uploads\/2024\/09\/FUB-AMB.gif","width":600,"height":600,"caption":"Acheter FUB-AMB.gif"},{"@type":"BreadcrumbList","@id":"https:\/\/nembutalboutique.com\/produit\/fub-amb\/#breadcrumb","itemListElement":[{"@type":"ListItem","position":1,"name":"Home","item":"https:\/\/nembutalboutique.com\/"},{"@type":"ListItem","position":2,"name":"Boutique","item":"https:\/\/nembutalboutique.com\/shop\/"},{"@type":"ListItem","position":3,"name":"FUB-AMB"}]},{"@type":"WebSite","@id":"https:\/\/nembutalboutique.com\/#website","url":"https:\/\/nembutalboutique.com\/","name":"Nembutal Boutique","description":"Min WordPress-blogg","publisher":{"@id":"https:\/\/nembutalboutique.com\/#organization"},"potentialAction":[{"@type":"SearchAction","target":{"@type":"EntryPoint","urlTemplate":"https:\/\/nembutalboutique.com\/?s={search_term_string}"},"query-input":{"@type":"PropertyValueSpecification","valueRequired":true,"valueName":"search_term_string"}}],"inLanguage":"sv-SE"},{"@type":"Organization","@id":"https:\/\/nembutalboutique.com\/#organization","name":"Nembutal Boutique","url":"https:\/\/nembutalboutique.com\/","logo":{"@type":"ImageObject","inLanguage":"sv-SE","@id":"https:\/\/nembutalboutique.com\/#\/schema\/logo\/image\/","url":"https:\/\/nembutalboutique.com\/wp-content\/uploads\/2024\/01\/logo.png","contentUrl":"https:\/\/nembutalboutique.com\/wp-content\/uploads\/2024\/01\/logo.png","width":494,"height":121,"caption":"Nembutal Boutique"},"image":{"@id":"https:\/\/nembutalboutique.com\/#\/schema\/logo\/image\/"}}]}},"_links":{"self":[{"href":"https:\/\/nembutalboutique.com\/sv\/wp-json\/wp\/v2\/product\/3228"}],"collection":[{"href":"https:\/\/nembutalboutique.com\/sv\/wp-json\/wp\/v2\/product"}],"about":[{"href":"https:\/\/nembutalboutique.com\/sv\/wp-json\/wp\/v2\/types\/product"}],"replies":[{"embeddable":true,"href":"https:\/\/nembutalboutique.com\/sv\/wp-json\/wp\/v2\/comments?post=3228"}],"wp:featuredmedia":[{"embeddable":true,"href":"https:\/\/nembutalboutique.com\/sv\/wp-json\/wp\/v2\/media\/3246"}],"wp:attachment":[{"href":"https:\/\/nembutalboutique.com\/sv\/wp-json\/wp\/v2\/media?parent=3228"}],"wp:term":[{"taxonomy":"product_brand","embeddable":true,"href":"https:\/\/nembutalboutique.com\/sv\/wp-json\/wp\/v2\/product_brand?post=3228"},{"taxonomy":"product_cat","embeddable":true,"href":"https:\/\/nembutalboutique.com\/sv\/wp-json\/wp\/v2\/product_cat?post=3228"},{"taxonomy":"product_tag","embeddable":true,"href":"https:\/\/nembutalboutique.com\/sv\/wp-json\/wp\/v2\/product_tag?post=3228"}],"curies":[{"name":"wp","href":"https:\/\/api.w.org\/{rel}","templated":true}]}}