{"id":3181,"date":"2024-09-16T08:15:45","date_gmt":"2024-09-16T08:15:45","guid":{"rendered":"https:\/\/nembutalboutique.com\/?post_type=product&#038;p=3181"},"modified":"2024-09-20T09:26:24","modified_gmt":"2024-09-20T09:26:24","slug":"5f-adb","status":"publish","type":"product","link":"https:\/\/nembutalboutique.com\/sv\/produkt\/koepa-5f-adb-online\/","title":{"rendered":"5F-ADB"},"content":{"rendered":"<h2>K\u00f6p 5F-ADB online.<\/h2>\n<p>K\u00f6p <a href=\"https:\/\/en.wikipedia.org\/wiki\/5F-ADB\">5F-ADB<\/a> \u00e4ven k\u00e4nd som 5F-MDMB-PINACA. Det \u00e4r en syntetisk cannabinoid som h\u00e4rr\u00f6r fr\u00e5n indazol och en medlem av indazol-3-karboxaminfamiljen. Dessa anv\u00e4ndes som aktiva ingredienser i syntetiska cannabisprodukter och designerdroger. En anm\u00e4rkningsv\u00e4rd niv\u00e5 av syntetiska cannabinoider uppn\u00e5ddes p\u00e5 grund av deras sp\u00e4nnande receptorbindande egenskaper f\u00f6r cannabinoidreceptorns undergrupp. Under de senaste tv\u00e5 \u00e5ren har det funnits en marijuanar\u00f6relse i USA trots decennier av strikta marijuanaf\u00f6rbud. Detta har ut\u00f6kat den molekyl\u00e4ra och farmakologiska kunskapen om cannabinoider p\u00e5 ett h\u00e4pnadsv\u00e4ckande s\u00e4tt.<\/p>\n<p>Le <a href=\"https:\/\/nembutalboutique.com\/produit\/5f-adb\/\">5F-ADB<\/a>\u00e4ven k\u00e4nd som 5F-MDMB-PINACA, 5-Fluor-ADB eller 5-Fluor-MDMB-PINACA, \u00e4r en syntetisk cannabinoid som delar kemiska likheter med den allm\u00e4nt erk\u00e4nda AKB48 eller APINACA. Eftersom AKB48 \u00e4r en potent cannabinoidreceptorantagonist, antas 5F-MDMB-PINACA ha denna egenskap. Den sista kolatomen i AKB48-derivat<br \/>\nhar ofta ytterligare ett fluor bundet till pentylgruppen. Den terminala amiden, som vanligtvis finns i ADP-PINACA, ers\u00e4tts av en metylester i 5F-MDMB-PINACA, vilket leder till en mer restriktiv variant av detta \u00e4mne.<\/p>\n<p>K\u00f6p 5F-ADB online. Forskningsanslutningar som tillhandah\u00e5lls av EU, t.ex. 5F-MDMB-PINACA, f\u00e5r endast anv\u00e4ndas i noggrant kontrollerade in vitro-experiment som utf\u00f6rs i v\u00e4lutrustade laboratorier. V\u00e5ra allm\u00e4nna villkor f\u00f6rbjuder uttryckligen anv\u00e4ndning av forskningskemikalier av m\u00e4nniskor eller djur p\u00e5 grund av de potentiella riskerna. D\u00e4rf\u00f6r \u00e4r 5F-MDMB-PINACA en toppmodern enhet som l\u00e4mpar sig f\u00f6r alla v\u00e4lutrustade arbetsutrymmen.<\/p>\n<h3>Utsikter<\/h3>\n<p>K\u00f6p 5F-ADB online. En anm\u00e4rkningsv\u00e4rd niv\u00e5 av syntetiska cannabinoider har uppn\u00e5tts p\u00e5 grund av deras sp\u00e4nnande receptorbindningsegenskaper f\u00f6r cannabinoidreceptorns undergrupp. Trots \u00e5rtionden av restriktioner har det funnits starkare restriktioner i USA under de senaste tv\u00e5 \u00e5ren.<br \/>\nF\u00f6r cannabis finns det en marijuanar\u00f6relse. Detta har ut\u00f6kat molekyl\u00e4r och farmakologisk kunskap om cannabinoider p\u00e5 ett h\u00e4pnadsv\u00e4ckande s\u00e4tt. Dessutom \u00e4r 5F-MDMB-PINACA, \u00e4ven k\u00e4nd som 5F-ADB, 5-Fluor-ADB eller 5-Fluor-MDMB-PINACA, involverad. kontinuerligt fl\u00f6de av cannabis vars molekyl\u00e4ra struktur liknar den f\u00f6r AKB48 eller APINACA, som har varit f\u00f6rem\u00e5l f\u00f6r omfattande forskning.<\/p>\n<p>K\u00f6p 5F-ADB online. 5F-MDMB-PINACA tros dela de potenta cannabinoidreceptorantagonistegenskaperna hos AKB48. Vanligtvis har den terminala kolatomen i AKB48-derivat en ytterligare fluor bunden till pentylgruppen. Den terminala amiden, som vanligtvis finns i ADP-PINACA, ers\u00e4tts av en metylester i 5F-MDMB-PINACA, vilket resulterar i en mer restriktiv variant av detta \u00e4mne. Som ett resultat \u00e4r 5F-MDMB-PINACA en toppmodern enhet som \u00e4r l\u00e4mplig f\u00f6r alla v\u00e4lutrustade arbetsytor. Observera att detta \u00e4mne har \u00e4ndrats n\u00e5got p\u00e5 grund av en terminal n\u00e5gonstans i 5F-MDMB-PINACA.<\/p>\n<h3>K\u00f6p 5F-ADB online.<\/h3>\n<p>Forskningskemikalier som tillhandah\u00e5lls av EU, t.ex. 5F-MDMB-PINACA, f\u00e5r endast anv\u00e4ndas i noggrant \u00f6vervakade in vitro-f\u00f6rs\u00f6k som utf\u00f6rs i v\u00e4lutrustade laboratorier. V\u00e5ra villkor f\u00f6rbjuder uttryckligen anv\u00e4ndning av forskningskemikalier av m\u00e4nniskor eller djur p\u00e5 grund av de potentiella riskerna. Kontrollera lokala k\u00e4llor innan du skickar en onlinebest\u00e4llning f\u00f6r att s\u00e4kerst\u00e4lla att 5F-MDMB-PINACA \u00e4r lagligt i ditt land.<\/p>","protected":false},"excerpt":{"rendered":"<p>Acheter 5F-ADB en ligne. Acheter 5F-ADB en ligne, \u00e9galement connu sous le nom de 5F-MDMB-PINACA. Il s&rsquo;agit d&rsquo;un cannabino\u00efde synth\u00e9tique d\u00e9riv\u00e9 de l&rsquo;indazole et membre de la famille des indazol-3-carboxamines. Ceux-ci \u00e9taient utilis\u00e9s comme ingr\u00e9dients actifs dans les produits de cannabis synth\u00e9tiques et les drogues de synth\u00e8se. Un taux notable de cannabino\u00efdes synth\u00e9tiques a \u00e9t\u00e9 [&hellip;]<\/p>","protected":false},"featured_media":3211,"comment_status":"open","ping_status":"closed","template":"","meta":{"_joinchat":[]},"product_brand":[],"product_cat":[386],"product_tag":[],"class_list":{"0":"post-3181","1":"product","2":"type-product","3":"status-publish","4":"has-post-thumbnail","6":"product_cat-cannabinoids","8":"first","9":"instock","10":"shipping-taxable","11":"purchasable","12":"product-type-variable"},"yoast_head":"<!-- This site is optimized with the Yoast SEO plugin v23.5 - https:\/\/yoast.com\/wordpress\/plugins\/seo\/ -->\n<title>Achetez 5F-ADB en ligne - 5F-ADB \u00e0 vendre<\/title>\n<meta name=\"description\" content=\"Si vous n&#039;avez pas essay\u00e9 le 5F-ADB dans notre magasin de m\u00e9dicaments, vous manquez beaucoup de choses. Nous vous aiderons \u00e0 acheter du 5F-ADB en ligne \u00e0 des prix avantageux. Obtenez du 5F-ADB en vente d\u00e8s aujourd&#039;hui !\" \/>\n<meta name=\"robots\" content=\"index, follow, max-snippet:-1, max-image-preview:large, max-video-preview:-1\" \/>\n<link rel=\"canonical\" href=\"https:\/\/nembutalboutique.com\/sv\/produkt\/koepa-5f-adb-online\/\" \/>\n<meta property=\"og:locale\" content=\"sv_SE\" \/>\n<meta property=\"og:type\" content=\"article\" \/>\n<meta property=\"og:title\" content=\"Achetez 5F-ADB en ligne - 5F-ADB \u00e0 vendre\" \/>\n<meta property=\"og:description\" content=\"Si vous n&#039;avez pas essay\u00e9 le 5F-ADB dans notre magasin de m\u00e9dicaments, vous manquez beaucoup de choses. Nous vous aiderons \u00e0 acheter du 5F-ADB en ligne \u00e0 des prix avantageux. Obtenez du 5F-ADB en vente d\u00e8s aujourd&#039;hui !\" \/>\n<meta property=\"og:url\" content=\"https:\/\/nembutalboutique.com\/sv\/produkt\/koepa-5f-adb-online\/\" \/>\n<meta property=\"og:site_name\" content=\"Nembutal Boutique\" \/>\n<meta property=\"article:modified_time\" content=\"2024-09-20T09:26:24+00:00\" \/>\n<meta property=\"og:image\" content=\"https:\/\/nembutalboutique.com\/wp-content\/uploads\/2024\/09\/5F-ADB.gif\" \/>\n\t<meta property=\"og:image:width\" content=\"600\" \/>\n\t<meta property=\"og:image:height\" content=\"600\" \/>\n\t<meta property=\"og:image:type\" content=\"image\/gif\" \/>\n<meta name=\"twitter:card\" content=\"summary_large_image\" \/>\n<meta name=\"twitter:label1\" content=\"Ber\u00e4knad l\u00e4stid\" \/>\n\t<meta name=\"twitter:data1\" content=\"3 minuter\" \/>\n<script type=\"application\/ld+json\" class=\"yoast-schema-graph\">{\"@context\":\"https:\/\/schema.org\",\"@graph\":[{\"@type\":\"WebPage\",\"@id\":\"https:\/\/nembutalboutique.com\/produit\/5f-adb\/\",\"url\":\"https:\/\/nembutalboutique.com\/produit\/5f-adb\/\",\"name\":\"Achetez 5F-ADB en ligne - 5F-ADB \u00e0 vendre\",\"isPartOf\":{\"@id\":\"https:\/\/nembutalboutique.com\/#website\"},\"primaryImageOfPage\":{\"@id\":\"https:\/\/nembutalboutique.com\/produit\/5f-adb\/#primaryimage\"},\"image\":{\"@id\":\"https:\/\/nembutalboutique.com\/produit\/5f-adb\/#primaryimage\"},\"thumbnailUrl\":\"https:\/\/nembutalboutique.com\/wp-content\/uploads\/2024\/09\/5F-ADB.gif\",\"datePublished\":\"2024-09-16T08:15:45+00:00\",\"dateModified\":\"2024-09-20T09:26:24+00:00\",\"description\":\"Si vous n'avez pas essay\u00e9 le 5F-ADB dans notre magasin de m\u00e9dicaments, vous manquez beaucoup de choses. Nous vous aiderons \u00e0 acheter du 5F-ADB en ligne \u00e0 des prix avantageux. Obtenez du 5F-ADB en vente d\u00e8s aujourd'hui !\",\"breadcrumb\":{\"@id\":\"https:\/\/nembutalboutique.com\/produit\/5f-adb\/#breadcrumb\"},\"inLanguage\":\"sv-SE\",\"potentialAction\":[{\"@type\":\"ReadAction\",\"target\":[\"https:\/\/nembutalboutique.com\/produit\/5f-adb\/\"]}]},{\"@type\":\"ImageObject\",\"inLanguage\":\"sv-SE\",\"@id\":\"https:\/\/nembutalboutique.com\/produit\/5f-adb\/#primaryimage\",\"url\":\"https:\/\/nembutalboutique.com\/wp-content\/uploads\/2024\/09\/5F-ADB.gif\",\"contentUrl\":\"https:\/\/nembutalboutique.com\/wp-content\/uploads\/2024\/09\/5F-ADB.gif\",\"width\":600,\"height\":600,\"caption\":\"Acheter 5F-ADB\"},{\"@type\":\"BreadcrumbList\",\"@id\":\"https:\/\/nembutalboutique.com\/produit\/5f-adb\/#breadcrumb\",\"itemListElement\":[{\"@type\":\"ListItem\",\"position\":1,\"name\":\"Home\",\"item\":\"https:\/\/nembutalboutique.com\/\"},{\"@type\":\"ListItem\",\"position\":2,\"name\":\"Boutique\",\"item\":\"https:\/\/nembutalboutique.com\/shop\/\"},{\"@type\":\"ListItem\",\"position\":3,\"name\":\"5F-ADB\"}]},{\"@type\":\"WebSite\",\"@id\":\"https:\/\/nembutalboutique.com\/#website\",\"url\":\"https:\/\/nembutalboutique.com\/\",\"name\":\"Nembutal Boutique\",\"description\":\"My WordPress Blog\",\"publisher\":{\"@id\":\"https:\/\/nembutalboutique.com\/#organization\"},\"potentialAction\":[{\"@type\":\"SearchAction\",\"target\":{\"@type\":\"EntryPoint\",\"urlTemplate\":\"https:\/\/nembutalboutique.com\/?s={search_term_string}\"},\"query-input\":{\"@type\":\"PropertyValueSpecification\",\"valueRequired\":true,\"valueName\":\"search_term_string\"}}],\"inLanguage\":\"sv-SE\"},{\"@type\":\"Organization\",\"@id\":\"https:\/\/nembutalboutique.com\/#organization\",\"name\":\"Nembutal Boutique\",\"url\":\"https:\/\/nembutalboutique.com\/\",\"logo\":{\"@type\":\"ImageObject\",\"inLanguage\":\"sv-SE\",\"@id\":\"https:\/\/nembutalboutique.com\/#\/schema\/logo\/image\/\",\"url\":\"https:\/\/nembutalboutique.com\/wp-content\/uploads\/2024\/01\/logo.png\",\"contentUrl\":\"https:\/\/nembutalboutique.com\/wp-content\/uploads\/2024\/01\/logo.png\",\"width\":494,\"height\":121,\"caption\":\"Nembutal Boutique\"},\"image\":{\"@id\":\"https:\/\/nembutalboutique.com\/#\/schema\/logo\/image\/\"}}]}<\/script>\n<!-- \/ Yoast SEO plugin. -->","yoast_head_json":{"title":"K\u00f6p 5F-ADB online - 5F-ADB till salu","description":"Om du inte har provat 5F-ADB i v\u00e5r apotekbutik missar du det. Vi hj\u00e4lper dig att k\u00f6pa 5F-ADB online till bra priser. F\u00e5 5F-ADB till f\u00f6rs\u00e4ljning idag!","robots":{"index":"index","follow":"follow","max-snippet":"max-snippet:-1","max-image-preview":"max-image-preview:large","max-video-preview":"max-video-preview:-1"},"canonical":"https:\/\/nembutalboutique.com\/sv\/produkt\/koepa-5f-adb-online\/","og_locale":"sv_SE","og_type":"article","og_title":"Achetez 5F-ADB en ligne - 5F-ADB \u00e0 vendre","og_description":"Si vous n'avez pas essay\u00e9 le 5F-ADB dans notre magasin de m\u00e9dicaments, vous manquez beaucoup de choses. Nous vous aiderons \u00e0 acheter du 5F-ADB en ligne \u00e0 des prix avantageux. Obtenez du 5F-ADB en vente d\u00e8s aujourd'hui !","og_url":"https:\/\/nembutalboutique.com\/sv\/produkt\/koepa-5f-adb-online\/","og_site_name":"Nembutal Boutique","article_modified_time":"2024-09-20T09:26:24+00:00","og_image":[{"width":600,"height":600,"url":"https:\/\/nembutalboutique.com\/wp-content\/uploads\/2024\/09\/5F-ADB.gif","type":"image\/gif"}],"twitter_card":"summary_large_image","twitter_misc":{"Ber\u00e4knad l\u00e4stid":"3 minuter"},"schema":{"@context":"https:\/\/schema.org","@graph":[{"@type":"WebPage","@id":"https:\/\/nembutalboutique.com\/produit\/5f-adb\/","url":"https:\/\/nembutalboutique.com\/produit\/5f-adb\/","name":"K\u00f6p 5F-ADB online - 5F-ADB till salu","isPartOf":{"@id":"https:\/\/nembutalboutique.com\/#website"},"primaryImageOfPage":{"@id":"https:\/\/nembutalboutique.com\/produit\/5f-adb\/#primaryimage"},"image":{"@id":"https:\/\/nembutalboutique.com\/produit\/5f-adb\/#primaryimage"},"thumbnailUrl":"https:\/\/nembutalboutique.com\/wp-content\/uploads\/2024\/09\/5F-ADB.gif","datePublished":"2024-09-16T08:15:45+00:00","dateModified":"2024-09-20T09:26:24+00:00","description":"Om du inte har provat 5F-ADB i v\u00e5r apotekbutik missar du det. Vi hj\u00e4lper dig att k\u00f6pa 5F-ADB online till bra priser. F\u00e5 5F-ADB till f\u00f6rs\u00e4ljning idag!","breadcrumb":{"@id":"https:\/\/nembutalboutique.com\/produit\/5f-adb\/#breadcrumb"},"inLanguage":"sv-SE","potentialAction":[{"@type":"ReadAction","target":["https:\/\/nembutalboutique.com\/produit\/5f-adb\/"]}]},{"@type":"ImageObject","inLanguage":"sv-SE","@id":"https:\/\/nembutalboutique.com\/produit\/5f-adb\/#primaryimage","url":"https:\/\/nembutalboutique.com\/wp-content\/uploads\/2024\/09\/5F-ADB.gif","contentUrl":"https:\/\/nembutalboutique.com\/wp-content\/uploads\/2024\/09\/5F-ADB.gif","width":600,"height":600,"caption":"Acheter 5F-ADB"},{"@type":"BreadcrumbList","@id":"https:\/\/nembutalboutique.com\/produit\/5f-adb\/#breadcrumb","itemListElement":[{"@type":"ListItem","position":1,"name":"Home","item":"https:\/\/nembutalboutique.com\/"},{"@type":"ListItem","position":2,"name":"Boutique","item":"https:\/\/nembutalboutique.com\/shop\/"},{"@type":"ListItem","position":3,"name":"5F-ADB"}]},{"@type":"WebSite","@id":"https:\/\/nembutalboutique.com\/#website","url":"https:\/\/nembutalboutique.com\/","name":"Nembutal Boutique","description":"Min WordPress-blogg","publisher":{"@id":"https:\/\/nembutalboutique.com\/#organization"},"potentialAction":[{"@type":"SearchAction","target":{"@type":"EntryPoint","urlTemplate":"https:\/\/nembutalboutique.com\/?s={search_term_string}"},"query-input":{"@type":"PropertyValueSpecification","valueRequired":true,"valueName":"search_term_string"}}],"inLanguage":"sv-SE"},{"@type":"Organization","@id":"https:\/\/nembutalboutique.com\/#organization","name":"Nembutal Boutique","url":"https:\/\/nembutalboutique.com\/","logo":{"@type":"ImageObject","inLanguage":"sv-SE","@id":"https:\/\/nembutalboutique.com\/#\/schema\/logo\/image\/","url":"https:\/\/nembutalboutique.com\/wp-content\/uploads\/2024\/01\/logo.png","contentUrl":"https:\/\/nembutalboutique.com\/wp-content\/uploads\/2024\/01\/logo.png","width":494,"height":121,"caption":"Nembutal Boutique"},"image":{"@id":"https:\/\/nembutalboutique.com\/#\/schema\/logo\/image\/"}}]}},"_links":{"self":[{"href":"https:\/\/nembutalboutique.com\/sv\/wp-json\/wp\/v2\/product\/3181"}],"collection":[{"href":"https:\/\/nembutalboutique.com\/sv\/wp-json\/wp\/v2\/product"}],"about":[{"href":"https:\/\/nembutalboutique.com\/sv\/wp-json\/wp\/v2\/types\/product"}],"replies":[{"embeddable":true,"href":"https:\/\/nembutalboutique.com\/sv\/wp-json\/wp\/v2\/comments?post=3181"}],"wp:featuredmedia":[{"embeddable":true,"href":"https:\/\/nembutalboutique.com\/sv\/wp-json\/wp\/v2\/media\/3211"}],"wp:attachment":[{"href":"https:\/\/nembutalboutique.com\/sv\/wp-json\/wp\/v2\/media?parent=3181"}],"wp:term":[{"taxonomy":"product_brand","embeddable":true,"href":"https:\/\/nembutalboutique.com\/sv\/wp-json\/wp\/v2\/product_brand?post=3181"},{"taxonomy":"product_cat","embeddable":true,"href":"https:\/\/nembutalboutique.com\/sv\/wp-json\/wp\/v2\/product_cat?post=3181"},{"taxonomy":"product_tag","embeddable":true,"href":"https:\/\/nembutalboutique.com\/sv\/wp-json\/wp\/v2\/product_tag?post=3181"}],"curies":[{"name":"wp","href":"https:\/\/api.w.org\/{rel}","templated":true}]}}