{"id":3176,"date":"2024-09-16T08:15:44","date_gmt":"2024-09-16T08:15:44","guid":{"rendered":"https:\/\/nembutalboutique.com\/?post_type=product&#038;p=3176"},"modified":"2024-09-20T09:25:48","modified_gmt":"2024-09-20T09:25:48","slug":"u-48800","status":"publish","type":"product","link":"https:\/\/nembutalboutique.com\/sv\/produkt\/koep-u-48800\/","title":{"rendered":"U-48800"},"content":{"rendered":"<h2>K\u00f6p U-48800 hydroklorid (CAS 2749298-67-5) online.<\/h2>\n<p><a href=\"https:\/\/nembutalboutique.com\/produit\/u-48800\/\">K\u00f6p, U-48800<\/a> Den analytiska referenssubstansen, Buy U-48800 (hydrochloride), har en struktur som liknar den hos v\u00e4lk\u00e4nda opioider. Forskning och kriminaltekniska till\u00e4mpningar \u00e4r m\u00e5lmarknaderna f\u00f6r denna enhet.<\/p>\n<p>Denna produkt uppfyller tillverknings- och testkraven i ISO\/IEC 17025 och ISO Guide 34, vilket g\u00f6r den till ett kvalificerat referensmaterial (QRM). Dessa material analyseras med hj\u00e4lp av godk\u00e4nda analytiska tekniker med certifierad utrustning f\u00f6r att s\u00e4kerst\u00e4lla reproducerbarhet av m\u00e4tningar.<\/p>\n<h3>Leverant\u00f6r U-48800<\/h3>\n<p>H\u00e4r kan alla MR som kan sp\u00e5ras h\u00e4mtas med hj\u00e4lp av laddningsnumret p\u00e5 produktetiketten, och deras CofA kan kontrolleras. F\u00f6r en officiell kopia av CofA, kontakta v\u00e5r tekniska support.<\/p>\n<h3>Varning: undvik att anv\u00e4nda denna produkt p\u00e5 m\u00e4nniskor eller djur.<\/h3>\n<p>Leverant\u00f6r U-48800 : <a href=\"https:\/\/en.wikipedia.org\/wiki\/U-48800\">U-48800<\/a> \u00e4r en extremt potent opioidagonist som leder till \u00f6verdoser och biverkningar av opioider. Den \u00e4r inte strukturellt besl\u00e4ktad med fentanyl. Nya syntetiska opioider (NSO), som produceras och s\u00e4ljs olagligt p\u00e5 Dark Web via traditionella kanaler, \u00e4r syntetiska opioider utan k\u00e4nd medicinsk nytta som har skapats f\u00f6r att kringg\u00e5 lagar om narkotikakontroll, t.ex. U-48800. Denna certifierade Spiking\u00ae-l\u00f6sning \u00e4r l\u00e4mplig f\u00f6r anv\u00e4ndning inom klinisk toxikologi, kriminalteknisk analys med LC-MS\/MS eller GC\/MS och drogscreening i urin.<\/p>\n<h3>H\u00e4mta fentanyl (U-47700, U-48800) h\u00e4r.<\/h3>\n<p>Denna Cerilliant-produkt \u00e4r en del av Centers for Disease Control and Prevention's (CDC) Opioid-CRM-kit, som inneh\u00e5ller \u00f6ver 40 CRM f\u00f6r laboratorieanv\u00e4ndning som svar p\u00e5 opioidkrisen. Tillg\u00e5ng till kiten \u00e4r gratis f\u00f6r drogtestcenter i USA.<\/p>","protected":false},"excerpt":{"rendered":"<p>Acheter du chlorhydrate (CAS 2749298-67-5) U-48800 en ligne. Acheter, U-48800 La substance de r\u00e9f\u00e9rence analytique, Buy U-48800 (chlorhydrate), a une structure ressemblant \u00e0 celle des opio\u00efdes bien connus. Les applications dans la recherche et la criminalistique sont les march\u00e9s cibles de cet appareil. Ce produit satisfait aux exigences de fabrication et de test de la [&hellip;]<\/p>","protected":false},"featured_media":3206,"comment_status":"open","ping_status":"closed","template":"","meta":{"_joinchat":[]},"product_brand":[],"product_cat":[529],"product_tag":[],"class_list":{"0":"post-3176","1":"product","2":"type-product","3":"status-publish","4":"has-post-thumbnail","6":"product_cat-opioids","8":"first","9":"instock","10":"shipping-taxable","11":"purchasable","12":"product-type-variable"},"yoast_head":"<!-- This site is optimized with the Yoast SEO plugin v23.5 - https:\/\/yoast.com\/wordpress\/plugins\/seo\/ -->\n<title>Achetez U-48800 en ligne - Poudre U-48800 \u00e0 vendre<\/title>\n<meta name=\"description\" content=\"Voici l&#039;occasion de vous procurer de la poudre U-48800 \u00e0 bas prix. La boutique en ligne Nembutal Boutique vend de la poudre U-48800 dans le monde entier. Commandez bient\u00f4t pour acheter de la poudre U-48800 en ligne !\" \/>\n<meta name=\"robots\" content=\"index, follow, max-snippet:-1, max-image-preview:large, max-video-preview:-1\" \/>\n<link rel=\"canonical\" href=\"https:\/\/nembutalboutique.com\/sv\/produkt\/koep-u-48800\/\" \/>\n<meta property=\"og:locale\" content=\"sv_SE\" \/>\n<meta property=\"og:type\" content=\"article\" \/>\n<meta property=\"og:title\" content=\"Achetez U-48800 en ligne - Poudre U-48800 \u00e0 vendre\" \/>\n<meta property=\"og:description\" content=\"Voici l&#039;occasion de vous procurer de la poudre U-48800 \u00e0 bas prix. La boutique en ligne Nembutal Boutique vend de la poudre U-48800 dans le monde entier. Commandez bient\u00f4t pour acheter de la poudre U-48800 en ligne !\" \/>\n<meta property=\"og:url\" content=\"https:\/\/nembutalboutique.com\/sv\/produkt\/koep-u-48800\/\" \/>\n<meta property=\"og:site_name\" content=\"Nembutal Boutique\" \/>\n<meta property=\"article:modified_time\" content=\"2024-09-20T09:25:48+00:00\" \/>\n<meta property=\"og:image\" content=\"https:\/\/nembutalboutique.com\/wp-content\/uploads\/2024\/09\/U-48800.gif\" \/>\n\t<meta property=\"og:image:width\" content=\"600\" \/>\n\t<meta property=\"og:image:height\" content=\"600\" \/>\n\t<meta property=\"og:image:type\" content=\"image\/gif\" \/>\n<meta name=\"twitter:card\" content=\"summary_large_image\" \/>\n<meta name=\"twitter:label1\" content=\"Ber\u00e4knad l\u00e4stid\" \/>\n\t<meta name=\"twitter:data1\" content=\"2 minuter\" \/>\n<script type=\"application\/ld+json\" class=\"yoast-schema-graph\">{\"@context\":\"https:\/\/schema.org\",\"@graph\":[{\"@type\":\"WebPage\",\"@id\":\"https:\/\/nembutalboutique.com\/produit\/u-48800\/\",\"url\":\"https:\/\/nembutalboutique.com\/produit\/u-48800\/\",\"name\":\"Achetez U-48800 en ligne - Poudre U-48800 \u00e0 vendre\",\"isPartOf\":{\"@id\":\"https:\/\/nembutalboutique.com\/#website\"},\"primaryImageOfPage\":{\"@id\":\"https:\/\/nembutalboutique.com\/produit\/u-48800\/#primaryimage\"},\"image\":{\"@id\":\"https:\/\/nembutalboutique.com\/produit\/u-48800\/#primaryimage\"},\"thumbnailUrl\":\"https:\/\/nembutalboutique.com\/wp-content\/uploads\/2024\/09\/U-48800.gif\",\"datePublished\":\"2024-09-16T08:15:44+00:00\",\"dateModified\":\"2024-09-20T09:25:48+00:00\",\"description\":\"Voici l'occasion de vous procurer de la poudre U-48800 \u00e0 bas prix. La boutique en ligne Nembutal Boutique vend de la poudre U-48800 dans le monde entier. Commandez bient\u00f4t pour acheter de la poudre U-48800 en ligne !\",\"breadcrumb\":{\"@id\":\"https:\/\/nembutalboutique.com\/produit\/u-48800\/#breadcrumb\"},\"inLanguage\":\"sv-SE\",\"potentialAction\":[{\"@type\":\"ReadAction\",\"target\":[\"https:\/\/nembutalboutique.com\/produit\/u-48800\/\"]}]},{\"@type\":\"ImageObject\",\"inLanguage\":\"sv-SE\",\"@id\":\"https:\/\/nembutalboutique.com\/produit\/u-48800\/#primaryimage\",\"url\":\"https:\/\/nembutalboutique.com\/wp-content\/uploads\/2024\/09\/U-48800.gif\",\"contentUrl\":\"https:\/\/nembutalboutique.com\/wp-content\/uploads\/2024\/09\/U-48800.gif\",\"width\":600,\"height\":600,\"caption\":\"Acheter U-48800.gif\"},{\"@type\":\"BreadcrumbList\",\"@id\":\"https:\/\/nembutalboutique.com\/produit\/u-48800\/#breadcrumb\",\"itemListElement\":[{\"@type\":\"ListItem\",\"position\":1,\"name\":\"Home\",\"item\":\"https:\/\/nembutalboutique.com\/\"},{\"@type\":\"ListItem\",\"position\":2,\"name\":\"Boutique\",\"item\":\"https:\/\/nembutalboutique.com\/shop\/\"},{\"@type\":\"ListItem\",\"position\":3,\"name\":\"U-48800\"}]},{\"@type\":\"WebSite\",\"@id\":\"https:\/\/nembutalboutique.com\/#website\",\"url\":\"https:\/\/nembutalboutique.com\/\",\"name\":\"Nembutal Boutique\",\"description\":\"My WordPress Blog\",\"publisher\":{\"@id\":\"https:\/\/nembutalboutique.com\/#organization\"},\"potentialAction\":[{\"@type\":\"SearchAction\",\"target\":{\"@type\":\"EntryPoint\",\"urlTemplate\":\"https:\/\/nembutalboutique.com\/?s={search_term_string}\"},\"query-input\":{\"@type\":\"PropertyValueSpecification\",\"valueRequired\":true,\"valueName\":\"search_term_string\"}}],\"inLanguage\":\"sv-SE\"},{\"@type\":\"Organization\",\"@id\":\"https:\/\/nembutalboutique.com\/#organization\",\"name\":\"Nembutal Boutique\",\"url\":\"https:\/\/nembutalboutique.com\/\",\"logo\":{\"@type\":\"ImageObject\",\"inLanguage\":\"sv-SE\",\"@id\":\"https:\/\/nembutalboutique.com\/#\/schema\/logo\/image\/\",\"url\":\"https:\/\/nembutalboutique.com\/wp-content\/uploads\/2024\/01\/logo.png\",\"contentUrl\":\"https:\/\/nembutalboutique.com\/wp-content\/uploads\/2024\/01\/logo.png\",\"width\":494,\"height\":121,\"caption\":\"Nembutal Boutique\"},\"image\":{\"@id\":\"https:\/\/nembutalboutique.com\/#\/schema\/logo\/image\/\"}}]}<\/script>\n<!-- \/ Yoast SEO plugin. -->","yoast_head_json":{"title":"K\u00f6p U-48800 online - U-48800 pulver till salu","description":"H\u00e4r \u00e4r din chans att k\u00f6pa U-48800 pulver till ett l\u00e5gt pris. Nembutal Boutique s\u00e4ljer U-48800 pulver \u00f6ver hela v\u00e4rlden. Best\u00e4ll snart f\u00f6r att k\u00f6pa U-48800 pulver online!","robots":{"index":"index","follow":"follow","max-snippet":"max-snippet:-1","max-image-preview":"max-image-preview:large","max-video-preview":"max-video-preview:-1"},"canonical":"https:\/\/nembutalboutique.com\/sv\/produkt\/koep-u-48800\/","og_locale":"sv_SE","og_type":"article","og_title":"Achetez U-48800 en ligne - Poudre U-48800 \u00e0 vendre","og_description":"Voici l'occasion de vous procurer de la poudre U-48800 \u00e0 bas prix. La boutique en ligne Nembutal Boutique vend de la poudre U-48800 dans le monde entier. Commandez bient\u00f4t pour acheter de la poudre U-48800 en ligne !","og_url":"https:\/\/nembutalboutique.com\/sv\/produkt\/koep-u-48800\/","og_site_name":"Nembutal Boutique","article_modified_time":"2024-09-20T09:25:48+00:00","og_image":[{"width":600,"height":600,"url":"https:\/\/nembutalboutique.com\/wp-content\/uploads\/2024\/09\/U-48800.gif","type":"image\/gif"}],"twitter_card":"summary_large_image","twitter_misc":{"Ber\u00e4knad l\u00e4stid":"2 minuter"},"schema":{"@context":"https:\/\/schema.org","@graph":[{"@type":"WebPage","@id":"https:\/\/nembutalboutique.com\/produit\/u-48800\/","url":"https:\/\/nembutalboutique.com\/produit\/u-48800\/","name":"K\u00f6p U-48800 online - U-48800 pulver till salu","isPartOf":{"@id":"https:\/\/nembutalboutique.com\/#website"},"primaryImageOfPage":{"@id":"https:\/\/nembutalboutique.com\/produit\/u-48800\/#primaryimage"},"image":{"@id":"https:\/\/nembutalboutique.com\/produit\/u-48800\/#primaryimage"},"thumbnailUrl":"https:\/\/nembutalboutique.com\/wp-content\/uploads\/2024\/09\/U-48800.gif","datePublished":"2024-09-16T08:15:44+00:00","dateModified":"2024-09-20T09:25:48+00:00","description":"H\u00e4r \u00e4r din chans att k\u00f6pa U-48800 pulver till ett l\u00e5gt pris. Nembutal Boutique s\u00e4ljer U-48800 pulver \u00f6ver hela v\u00e4rlden. Best\u00e4ll snart f\u00f6r att k\u00f6pa U-48800 pulver online!","breadcrumb":{"@id":"https:\/\/nembutalboutique.com\/produit\/u-48800\/#breadcrumb"},"inLanguage":"sv-SE","potentialAction":[{"@type":"ReadAction","target":["https:\/\/nembutalboutique.com\/produit\/u-48800\/"]}]},{"@type":"ImageObject","inLanguage":"sv-SE","@id":"https:\/\/nembutalboutique.com\/produit\/u-48800\/#primaryimage","url":"https:\/\/nembutalboutique.com\/wp-content\/uploads\/2024\/09\/U-48800.gif","contentUrl":"https:\/\/nembutalboutique.com\/wp-content\/uploads\/2024\/09\/U-48800.gif","width":600,"height":600,"caption":"Acheter U-48800.gif"},{"@type":"BreadcrumbList","@id":"https:\/\/nembutalboutique.com\/produit\/u-48800\/#breadcrumb","itemListElement":[{"@type":"ListItem","position":1,"name":"Home","item":"https:\/\/nembutalboutique.com\/"},{"@type":"ListItem","position":2,"name":"Boutique","item":"https:\/\/nembutalboutique.com\/shop\/"},{"@type":"ListItem","position":3,"name":"U-48800"}]},{"@type":"WebSite","@id":"https:\/\/nembutalboutique.com\/#website","url":"https:\/\/nembutalboutique.com\/","name":"Nembutal Boutique","description":"Min WordPress-blogg","publisher":{"@id":"https:\/\/nembutalboutique.com\/#organization"},"potentialAction":[{"@type":"SearchAction","target":{"@type":"EntryPoint","urlTemplate":"https:\/\/nembutalboutique.com\/?s={search_term_string}"},"query-input":{"@type":"PropertyValueSpecification","valueRequired":true,"valueName":"search_term_string"}}],"inLanguage":"sv-SE"},{"@type":"Organization","@id":"https:\/\/nembutalboutique.com\/#organization","name":"Nembutal Boutique","url":"https:\/\/nembutalboutique.com\/","logo":{"@type":"ImageObject","inLanguage":"sv-SE","@id":"https:\/\/nembutalboutique.com\/#\/schema\/logo\/image\/","url":"https:\/\/nembutalboutique.com\/wp-content\/uploads\/2024\/01\/logo.png","contentUrl":"https:\/\/nembutalboutique.com\/wp-content\/uploads\/2024\/01\/logo.png","width":494,"height":121,"caption":"Nembutal Boutique"},"image":{"@id":"https:\/\/nembutalboutique.com\/#\/schema\/logo\/image\/"}}]}},"_links":{"self":[{"href":"https:\/\/nembutalboutique.com\/sv\/wp-json\/wp\/v2\/product\/3176"}],"collection":[{"href":"https:\/\/nembutalboutique.com\/sv\/wp-json\/wp\/v2\/product"}],"about":[{"href":"https:\/\/nembutalboutique.com\/sv\/wp-json\/wp\/v2\/types\/product"}],"replies":[{"embeddable":true,"href":"https:\/\/nembutalboutique.com\/sv\/wp-json\/wp\/v2\/comments?post=3176"}],"wp:featuredmedia":[{"embeddable":true,"href":"https:\/\/nembutalboutique.com\/sv\/wp-json\/wp\/v2\/media\/3206"}],"wp:attachment":[{"href":"https:\/\/nembutalboutique.com\/sv\/wp-json\/wp\/v2\/media?parent=3176"}],"wp:term":[{"taxonomy":"product_brand","embeddable":true,"href":"https:\/\/nembutalboutique.com\/sv\/wp-json\/wp\/v2\/product_brand?post=3176"},{"taxonomy":"product_cat","embeddable":true,"href":"https:\/\/nembutalboutique.com\/sv\/wp-json\/wp\/v2\/product_cat?post=3176"},{"taxonomy":"product_tag","embeddable":true,"href":"https:\/\/nembutalboutique.com\/sv\/wp-json\/wp\/v2\/product_tag?post=3176"}],"curies":[{"name":"wp","href":"https:\/\/api.w.org\/{rel}","templated":true}]}}