{"id":3126,"date":"2024-09-16T08:15:14","date_gmt":"2024-09-16T08:15:14","guid":{"rendered":"https:\/\/nembutalboutique.com\/?post_type=product&#038;p=3126"},"modified":"2024-09-20T09:45:00","modified_gmt":"2024-09-20T09:45:00","slug":"u-49900","status":"publish","type":"product","link":"https:\/\/nembutalboutique.com\/sv\/produkt\/koepa-u-49900-online\/","title":{"rendered":"U-49900"},"content":{"rendered":"<h2>K\u00f6p U-49900-Pulver online.<\/h2>\n<p>Denna certifierade spiking solutionTM kan anv\u00e4ndas som utg\u00e5ngspunkt f\u00f6r kalibratorer eller kontroller i en m\u00e4ngd olika LC\/MS- eller GC\/MS-applikationer, t.ex. klinisk toxikologi, urinprov och kriminalteknisk analys.<\/p>\n<p>Denna Cerilliant-produkt \u00e4r en del av Centers for Disease Control and Prevention's (CDC) Opioid-CRM-kit, som inneh\u00e5ller \u00f6ver 40 CRM f\u00f6r laboratorieanv\u00e4ndning som en del av CDC:s svar p\u00e5 opioidepidemin. Denna kemikalie har en Reinheitsgrad st\u00f6rre \u00e4n 98 %. Vikten av <a href=\"https:\/\/en.wikipedia.org\/wiki\/U-48800\">U-49900<\/a> \u00e4r 357,3 g\/mol. Inom l\u00e4kemedelsindustrin blir nya psykoaktiva f\u00f6reningar alltmer popul\u00e4ra som acceptabla substitut. Under de senaste \u00e5ren har det f\u00f6rekommit allt fler klagom\u00e5l p\u00e5 anv\u00e4ndningen av syntetiska heroiners\u00e4ttningsmedel.<\/p>\n<h2>K\u00f6p U-49900-Pulver online.<\/h2>\n<p>De enda omr\u00e5den d\u00e4r den syntetiska drogen U-49900 anv\u00e4nds \u00e4r r\u00e4ttsmedicin och forskning. Du kan <a href=\"https:\/\/nembutalboutique.com\/produit\/u-49900\/\">k\u00f6pa U-49900<\/a> f\u00f6r dina kurser p\u00e5 v\u00e5r webbplats. Enligt djurmodeller \u00e4r detta opioidanalgetikum 7,5 g\u00e5nger mer potent \u00e4n morfin och verkar via en distinkt opioidreceptor. Om du vill s\u00e4lja U-49900 m\u00e5ste du ta fullt ansvar f\u00f6r eventuella problem som kan uppst\u00e5 vid anv\u00e4ndning av detta material. Det rekommenderas starkt att dessa forskningstekniker anv\u00e4nds f\u00f6r r\u00e4ttsmedicinska eller utredande \u00e4ndam\u00e5l.<\/p>\n<p>Eftersom detta l\u00e4kemedel \u00e4r nytt \u00e4r dess fysiologiska, toxikologiska och ledningsmekanismer ok\u00e4nda. Observera att motsvarigheten till U-47700 \u00e4r f\u00f6rbjuden i vissa l\u00e4nder, vilket ocks\u00e5 kan g\u00e4lla restriktioner f\u00f6r U-49900. D\u00e4rf\u00f6r b\u00f6r kunderna vara s\u00e4kra p\u00e5 att U-47700 \u00e4r lagligt i deras land eller stat.<\/p>","protected":false},"excerpt":{"rendered":"<p>Achetez U-49900-Pulver en ligne. Cette solution de dopage certifi\u00e9eTM peut \u00eatre utilis\u00e9e comme point de d\u00e9part pour les calibrateurs ou les contr\u00f4les dans une vari\u00e9t\u00e9 d&rsquo;applications LC\/MS ou GC\/MS, telles que la toxicologie clinique, les tests d&rsquo;urine et les analyses m\u00e9dico-l\u00e9gales. Ce produit Cerilliant fait partie des kits Opioid-CRM des Centers for Disease Control and [&hellip;]<\/p>","protected":false},"featured_media":3145,"comment_status":"open","ping_status":"closed","template":"","meta":{"_joinchat":[]},"product_brand":[],"product_cat":[385],"product_tag":[],"class_list":{"0":"post-3126","1":"product","2":"type-product","3":"status-publish","4":"has-post-thumbnail","6":"product_cat-forschung-schemikalien","8":"first","9":"instock","10":"shipping-taxable","11":"purchasable","12":"product-type-variable"},"yoast_head":"<!-- This site is optimized with the Yoast SEO plugin v23.5 - https:\/\/yoast.com\/wordpress\/plugins\/seo\/ -->\n<title>Achetez U-49900 en ligne - Poudre U-49900 \u00e0 vendre - Commandez U-49900<\/title>\n<meta name=\"description\" content=\"Notre magasin propose \u00e0 la vente la poudre U-49900 de qualit\u00e9 sup\u00e9rieure. Vous ne pourrez jamais vous passer de la qualit\u00e9 de nos produits. Si vous en avez besoin, vous pouvez acheter de la poudre U-49900 en ligne imm\u00e9diatement. Commandez maintenant !\" \/>\n<meta name=\"robots\" content=\"index, follow, max-snippet:-1, max-image-preview:large, max-video-preview:-1\" \/>\n<link rel=\"canonical\" href=\"https:\/\/nembutalboutique.com\/sv\/produkt\/koepa-u-49900-online\/\" \/>\n<meta property=\"og:locale\" content=\"sv_SE\" \/>\n<meta property=\"og:type\" content=\"article\" \/>\n<meta property=\"og:title\" content=\"Achetez U-49900 en ligne - Poudre U-49900 \u00e0 vendre - Commandez U-49900\" \/>\n<meta property=\"og:description\" content=\"Notre magasin propose \u00e0 la vente la poudre U-49900 de qualit\u00e9 sup\u00e9rieure. Vous ne pourrez jamais vous passer de la qualit\u00e9 de nos produits. Si vous en avez besoin, vous pouvez acheter de la poudre U-49900 en ligne imm\u00e9diatement. Commandez maintenant !\" \/>\n<meta property=\"og:url\" content=\"https:\/\/nembutalboutique.com\/sv\/produkt\/koepa-u-49900-online\/\" \/>\n<meta property=\"og:site_name\" content=\"Nembutal Boutique\" \/>\n<meta property=\"article:modified_time\" content=\"2024-09-20T09:45:00+00:00\" \/>\n<meta property=\"og:image\" content=\"https:\/\/nembutalboutique.com\/wp-content\/uploads\/2024\/09\/U-49900.gif\" \/>\n\t<meta property=\"og:image:width\" content=\"600\" \/>\n\t<meta property=\"og:image:height\" content=\"600\" \/>\n\t<meta property=\"og:image:type\" content=\"image\/gif\" \/>\n<meta name=\"twitter:card\" content=\"summary_large_image\" \/>\n<meta name=\"twitter:label1\" content=\"Ber\u00e4knad l\u00e4stid\" \/>\n\t<meta name=\"twitter:data1\" content=\"2 minuter\" \/>\n<script type=\"application\/ld+json\" class=\"yoast-schema-graph\">{\"@context\":\"https:\/\/schema.org\",\"@graph\":[{\"@type\":\"WebPage\",\"@id\":\"https:\/\/nembutalboutique.com\/produit\/u-49900\/\",\"url\":\"https:\/\/nembutalboutique.com\/produit\/u-49900\/\",\"name\":\"Achetez U-49900 en ligne - Poudre U-49900 \u00e0 vendre - Commandez U-49900\",\"isPartOf\":{\"@id\":\"https:\/\/nembutalboutique.com\/#website\"},\"primaryImageOfPage\":{\"@id\":\"https:\/\/nembutalboutique.com\/produit\/u-49900\/#primaryimage\"},\"image\":{\"@id\":\"https:\/\/nembutalboutique.com\/produit\/u-49900\/#primaryimage\"},\"thumbnailUrl\":\"https:\/\/nembutalboutique.com\/wp-content\/uploads\/2024\/09\/U-49900.gif\",\"datePublished\":\"2024-09-16T08:15:14+00:00\",\"dateModified\":\"2024-09-20T09:45:00+00:00\",\"description\":\"Notre magasin propose \u00e0 la vente la poudre U-49900 de qualit\u00e9 sup\u00e9rieure. Vous ne pourrez jamais vous passer de la qualit\u00e9 de nos produits. Si vous en avez besoin, vous pouvez acheter de la poudre U-49900 en ligne imm\u00e9diatement. Commandez maintenant !\",\"breadcrumb\":{\"@id\":\"https:\/\/nembutalboutique.com\/produit\/u-49900\/#breadcrumb\"},\"inLanguage\":\"sv-SE\",\"potentialAction\":[{\"@type\":\"ReadAction\",\"target\":[\"https:\/\/nembutalboutique.com\/produit\/u-49900\/\"]}]},{\"@type\":\"ImageObject\",\"inLanguage\":\"sv-SE\",\"@id\":\"https:\/\/nembutalboutique.com\/produit\/u-49900\/#primaryimage\",\"url\":\"https:\/\/nembutalboutique.com\/wp-content\/uploads\/2024\/09\/U-49900.gif\",\"contentUrl\":\"https:\/\/nembutalboutique.com\/wp-content\/uploads\/2024\/09\/U-49900.gif\",\"width\":600,\"height\":600,\"caption\":\"acheter U-49900.gif\"},{\"@type\":\"BreadcrumbList\",\"@id\":\"https:\/\/nembutalboutique.com\/produit\/u-49900\/#breadcrumb\",\"itemListElement\":[{\"@type\":\"ListItem\",\"position\":1,\"name\":\"Home\",\"item\":\"https:\/\/nembutalboutique.com\/\"},{\"@type\":\"ListItem\",\"position\":2,\"name\":\"Boutique\",\"item\":\"https:\/\/nembutalboutique.com\/shop\/\"},{\"@type\":\"ListItem\",\"position\":3,\"name\":\"U-49900\"}]},{\"@type\":\"WebSite\",\"@id\":\"https:\/\/nembutalboutique.com\/#website\",\"url\":\"https:\/\/nembutalboutique.com\/\",\"name\":\"Nembutal Boutique\",\"description\":\"My WordPress Blog\",\"publisher\":{\"@id\":\"https:\/\/nembutalboutique.com\/#organization\"},\"potentialAction\":[{\"@type\":\"SearchAction\",\"target\":{\"@type\":\"EntryPoint\",\"urlTemplate\":\"https:\/\/nembutalboutique.com\/?s={search_term_string}\"},\"query-input\":{\"@type\":\"PropertyValueSpecification\",\"valueRequired\":true,\"valueName\":\"search_term_string\"}}],\"inLanguage\":\"sv-SE\"},{\"@type\":\"Organization\",\"@id\":\"https:\/\/nembutalboutique.com\/#organization\",\"name\":\"Nembutal Boutique\",\"url\":\"https:\/\/nembutalboutique.com\/\",\"logo\":{\"@type\":\"ImageObject\",\"inLanguage\":\"sv-SE\",\"@id\":\"https:\/\/nembutalboutique.com\/#\/schema\/logo\/image\/\",\"url\":\"https:\/\/nembutalboutique.com\/wp-content\/uploads\/2024\/01\/logo.png\",\"contentUrl\":\"https:\/\/nembutalboutique.com\/wp-content\/uploads\/2024\/01\/logo.png\",\"width\":494,\"height\":121,\"caption\":\"Nembutal Boutique\"},\"image\":{\"@id\":\"https:\/\/nembutalboutique.com\/#\/schema\/logo\/image\/\"}}]}<\/script>\n<!-- \/ Yoast SEO plugin. -->","yoast_head_json":{"title":"K\u00f6p U-49900 online - U-49900 pulver till salu - Best\u00e4ll U-49900","description":"V\u00e5r butik s\u00e4ljer U-49900-pulver av h\u00f6gsta kvalitet. Du kommer aldrig att kunna klara dig utan kvaliteten p\u00e5 v\u00e5ra produkter. Om du beh\u00f6ver det kan du k\u00f6pa U-49900-pulver online direkt. Best\u00e4ll nu!","robots":{"index":"index","follow":"follow","max-snippet":"max-snippet:-1","max-image-preview":"max-image-preview:large","max-video-preview":"max-video-preview:-1"},"canonical":"https:\/\/nembutalboutique.com\/sv\/produkt\/koepa-u-49900-online\/","og_locale":"sv_SE","og_type":"article","og_title":"Achetez U-49900 en ligne - Poudre U-49900 \u00e0 vendre - Commandez U-49900","og_description":"Notre magasin propose \u00e0 la vente la poudre U-49900 de qualit\u00e9 sup\u00e9rieure. Vous ne pourrez jamais vous passer de la qualit\u00e9 de nos produits. Si vous en avez besoin, vous pouvez acheter de la poudre U-49900 en ligne imm\u00e9diatement. Commandez maintenant !","og_url":"https:\/\/nembutalboutique.com\/sv\/produkt\/koepa-u-49900-online\/","og_site_name":"Nembutal Boutique","article_modified_time":"2024-09-20T09:45:00+00:00","og_image":[{"width":600,"height":600,"url":"https:\/\/nembutalboutique.com\/wp-content\/uploads\/2024\/09\/U-49900.gif","type":"image\/gif"}],"twitter_card":"summary_large_image","twitter_misc":{"Ber\u00e4knad l\u00e4stid":"2 minuter"},"schema":{"@context":"https:\/\/schema.org","@graph":[{"@type":"WebPage","@id":"https:\/\/nembutalboutique.com\/produit\/u-49900\/","url":"https:\/\/nembutalboutique.com\/produit\/u-49900\/","name":"K\u00f6p U-49900 online - U-49900 pulver till salu - Best\u00e4ll U-49900","isPartOf":{"@id":"https:\/\/nembutalboutique.com\/#website"},"primaryImageOfPage":{"@id":"https:\/\/nembutalboutique.com\/produit\/u-49900\/#primaryimage"},"image":{"@id":"https:\/\/nembutalboutique.com\/produit\/u-49900\/#primaryimage"},"thumbnailUrl":"https:\/\/nembutalboutique.com\/wp-content\/uploads\/2024\/09\/U-49900.gif","datePublished":"2024-09-16T08:15:14+00:00","dateModified":"2024-09-20T09:45:00+00:00","description":"V\u00e5r butik s\u00e4ljer U-49900-pulver av h\u00f6gsta kvalitet. Du kommer aldrig att kunna klara dig utan kvaliteten p\u00e5 v\u00e5ra produkter. Om du beh\u00f6ver det kan du k\u00f6pa U-49900-pulver online direkt. Best\u00e4ll nu!","breadcrumb":{"@id":"https:\/\/nembutalboutique.com\/produit\/u-49900\/#breadcrumb"},"inLanguage":"sv-SE","potentialAction":[{"@type":"ReadAction","target":["https:\/\/nembutalboutique.com\/produit\/u-49900\/"]}]},{"@type":"ImageObject","inLanguage":"sv-SE","@id":"https:\/\/nembutalboutique.com\/produit\/u-49900\/#primaryimage","url":"https:\/\/nembutalboutique.com\/wp-content\/uploads\/2024\/09\/U-49900.gif","contentUrl":"https:\/\/nembutalboutique.com\/wp-content\/uploads\/2024\/09\/U-49900.gif","width":600,"height":600,"caption":"acheter U-49900.gif"},{"@type":"BreadcrumbList","@id":"https:\/\/nembutalboutique.com\/produit\/u-49900\/#breadcrumb","itemListElement":[{"@type":"ListItem","position":1,"name":"Home","item":"https:\/\/nembutalboutique.com\/"},{"@type":"ListItem","position":2,"name":"Boutique","item":"https:\/\/nembutalboutique.com\/shop\/"},{"@type":"ListItem","position":3,"name":"U-49900"}]},{"@type":"WebSite","@id":"https:\/\/nembutalboutique.com\/#website","url":"https:\/\/nembutalboutique.com\/","name":"Nembutal Boutique","description":"Min WordPress-blogg","publisher":{"@id":"https:\/\/nembutalboutique.com\/#organization"},"potentialAction":[{"@type":"SearchAction","target":{"@type":"EntryPoint","urlTemplate":"https:\/\/nembutalboutique.com\/?s={search_term_string}"},"query-input":{"@type":"PropertyValueSpecification","valueRequired":true,"valueName":"search_term_string"}}],"inLanguage":"sv-SE"},{"@type":"Organization","@id":"https:\/\/nembutalboutique.com\/#organization","name":"Nembutal Boutique","url":"https:\/\/nembutalboutique.com\/","logo":{"@type":"ImageObject","inLanguage":"sv-SE","@id":"https:\/\/nembutalboutique.com\/#\/schema\/logo\/image\/","url":"https:\/\/nembutalboutique.com\/wp-content\/uploads\/2024\/01\/logo.png","contentUrl":"https:\/\/nembutalboutique.com\/wp-content\/uploads\/2024\/01\/logo.png","width":494,"height":121,"caption":"Nembutal Boutique"},"image":{"@id":"https:\/\/nembutalboutique.com\/#\/schema\/logo\/image\/"}}]}},"_links":{"self":[{"href":"https:\/\/nembutalboutique.com\/sv\/wp-json\/wp\/v2\/product\/3126"}],"collection":[{"href":"https:\/\/nembutalboutique.com\/sv\/wp-json\/wp\/v2\/product"}],"about":[{"href":"https:\/\/nembutalboutique.com\/sv\/wp-json\/wp\/v2\/types\/product"}],"replies":[{"embeddable":true,"href":"https:\/\/nembutalboutique.com\/sv\/wp-json\/wp\/v2\/comments?post=3126"}],"wp:featuredmedia":[{"embeddable":true,"href":"https:\/\/nembutalboutique.com\/sv\/wp-json\/wp\/v2\/media\/3145"}],"wp:attachment":[{"href":"https:\/\/nembutalboutique.com\/sv\/wp-json\/wp\/v2\/media?parent=3126"}],"wp:term":[{"taxonomy":"product_brand","embeddable":true,"href":"https:\/\/nembutalboutique.com\/sv\/wp-json\/wp\/v2\/product_brand?post=3126"},{"taxonomy":"product_cat","embeddable":true,"href":"https:\/\/nembutalboutique.com\/sv\/wp-json\/wp\/v2\/product_cat?post=3126"},{"taxonomy":"product_tag","embeddable":true,"href":"https:\/\/nembutalboutique.com\/sv\/wp-json\/wp\/v2\/product_tag?post=3126"}],"curies":[{"name":"wp","href":"https:\/\/api.w.org\/{rel}","templated":true}]}}