{"id":3062,"date":"2024-09-16T08:14:38","date_gmt":"2024-09-16T08:14:38","guid":{"rendered":"https:\/\/nembutalboutique.com\/?post_type=product&#038;p=3062"},"modified":"2024-09-20T09:49:49","modified_gmt":"2024-09-20T09:49:49","slug":"25i-nbome","status":"publish","type":"product","link":"https:\/\/nembutalboutique.com\/sv\/produkt\/koepa-25i-nbome-online\/","title":{"rendered":"25i-NBOMe"},"content":{"rendered":"<h2>K\u00f6p en 25i-NBOMe online.<\/h2>\n<p>Denna hallucinogena drake, den <a href=\"https:\/\/nembutalboutique.com\/produit\/25i-nbome\/\">25i-NBOMe<\/a>Det \u00e4r helt lagligt, tillh\u00f6r 2C-familjen av \u00e4mnen och kan enkelt anv\u00e4ndas med LSD. K\u00f6p 25i-NBOMe nu. Denna kemikalie beh\u00f6ver bara en liten m\u00e4ngd f\u00f6r att ge en otroligt kraftfull effekt, och denna lilla m\u00e4ngd kan anv\u00e4ndas f\u00f6r att skapa ett brett spektrum av doser. F\u00f6rs\u00f6k att experimentera med 200 till 600 mikrogram; om det visar sig vara r\u00e4tt m\u00e4ngd f\u00f6r dig, borde det vara allt du beh\u00f6ver f\u00f6r att f\u00e5 ett svar. Effekterna av 25i-NBOMe varar fr\u00e5n sex till tio timmar och erbjuder en m\u00e4ngd olika f\u00f6rdelar. Att k\u00f6pa 25i-NBOMe ger dig en trevlig, glad k\u00e4nsla i hela kroppen och ger hallucinogena bilder som liknar LSD men n\u00e5got mindre intensiva. ganska allvarlig. Det kan dramatiskt f\u00f6rb\u00e4ttra ditt hum\u00f6r och till och med f\u00f6r\u00e4ndra ditt s\u00e4tt att se f\u00e4rger!<\/p>\n<p>Ur denna synvinkel verkar det vara en utm\u00e4rkt behandling mot mild depression. Dessutom stimulerar det de mentala och fysiska niv\u00e5erna och uppmuntrar till analytiskt och kreativt t\u00e4nkande. Det s\u00e4gs till och med f\u00f6r\u00e4ndra hur du uppfattar musik, vilket ger dig m\u00f6jlighet att f\u00e5 kontakt med dina favoritl\u00e5tar p\u00e5 en helt ny niv\u00e5. Dessutom, <a href=\"https:\/\/en.wikipedia.org\/wiki\/25I-NBOMe\">25i-NBOMe<\/a> \u00f6kar avsev\u00e4rt dina k\u00e4nslor av k\u00e4nslighet och lycka.<\/p>\n<p>\u00d6verraskande nog har den ocks\u00e5 en fysisk halveringstid p\u00e5 cirka tv\u00e5 veckor. S\u00e5 var f\u00f6rsiktig n\u00e4r du best\u00e4mmer hur mycket du ska ta och hur ofta, annars f\u00e5r du inte samma spektakul\u00e4ra effekter (eller s\u00e5 m\u00e5ste du anv\u00e4nda mycket mer). Det kan komma som en \u00f6verraskning om du vill k\u00f6pa 25i-NBOMe f\u00f6r att inspirera dig eller om du bara vill ha lite kul efter en stressig dag. Hur som helst \u00e4r det s\u00e4kert, lagligt och underh\u00e5llande f\u00f6r m\u00e4nniskor i alla \u00e5ldrar.<\/p>\n<p>Merkmale<\/p>\n<p>Denna produkt har tillverkats och testats i enlighet med ISO17025:2005 och Guide 34:2009.<\/p>\n<p>Denna produkt \u00e4r avsedd att anv\u00e4ndas som en analytisk referensstandard.<\/p>\n<p>Grundl\u00e4ggande utrustning f\u00f6r universitetsforskning finns tillg\u00e4nglig vid ber\u00e4ttigade universitet;<\/p>\n<p>Andra ord<br \/>\n2C-I-NBOMe \u00c4ven om serotonin-2A (5-HT2A) receptoruttryck \u00e4r l\u00e5gt i m\u00e5nga andra hj\u00e4rnomr\u00e5den, uttrycks det h\u00f6gt i frontala cortex. Det har f\u00f6rknippats med kognitiv funktion, affektiva st\u00f6rningar inklusive schizofreni och arbetsminne och har visat sig moderera de viktigaste biverkningarna av hallucinationsinducerande l\u00e4kemedel. 25I-NBOMe, ett derivat av fenetylamin-halluzinogen 2C-I, har ett Ki-v\u00e4rde p\u00e5 0,0444 nM, vilket g\u00f6r det 16 g\u00e5nger mer potent \u00e4n 2C-I och till en mycket effektiv antagonist av den humana 5-HT2A-receptorn.1, 2 Det har varit m\u00f6jligt att kartl\u00e4gga 5-HT2A-receptorernas placering i hj\u00e4rnan med hj\u00e4lp av en radioaktivt m\u00e4rkt version av 25I-NBOMe.2,3<\/p>\n<p>Denna produkt uppfyller tillverknings- och testkraven i ISO 17025 och Guide 34, vilket g\u00f6r den till ett kvalificerat referensmaterial (QRM). Verifierade analytiska tekniker anv\u00e4nds f\u00f6r att unders\u00f6ka dessa material. Tekniker med certifierad utrustning f\u00f6r att \u00f6ka meddelandets sp\u00e5rbarhet. Med hj\u00e4lp av det batchnummer som anges p\u00e5 produkten kan du ladda ner alla \u00e5tervinningsbara RM nedan. De kan identifieras med hj\u00e4lp av sin CofA. Kontakta v\u00e5r tekniska support f\u00f6r att f\u00e5 en representativ CofA.<\/p>","protected":false},"excerpt":{"rendered":"<p>Achetez un 25i-NBOMe en ligne. Ce dragon hallucinog\u00e8ne, le 25i-NBOMe, est totalement l\u00e9gal, fait partie de la famille des substances 2C et peut \u00eatre facilement utilis\u00e9 avec le LSD. Achetez le 25i-NBOMe maintenant. Ce produit chimique n&rsquo;a besoin que d&rsquo;une petite quantit\u00e9 pour produire un effet incroyablement puissant, et cette petite quantit\u00e9 peut \u00eatre utilis\u00e9e [&hellip;]<\/p>","protected":false},"featured_media":3077,"comment_status":"open","ping_status":"closed","template":"","meta":{"_joinchat":[]},"product_brand":[],"product_cat":[385],"product_tag":[],"class_list":{"0":"post-3062","1":"product","2":"type-product","3":"status-publish","4":"has-post-thumbnail","6":"product_cat-forschung-schemikalien","8":"first","9":"instock","10":"shipping-taxable","11":"purchasable","12":"product-type-variable"},"yoast_head":"<!-- This site is optimized with the Yoast SEO plugin v23.5 - https:\/\/yoast.com\/wordpress\/plugins\/seo\/ -->\n<title>Achetez 25i-NBOME en ligne - 25i-NBOME \u00e0 vendre<\/title>\n<meta name=\"description\" content=\"D\u00e9couvrez le 25i-NBOME de premier ordre en vente dans notre boutique en ligne - achetez le 25i-NBOME de mani\u00e8re pratique et s\u00e9curis\u00e9e pour alimenter vos recherches. Explorez et achetez le 25i-NBOME en ligne, pour faire progresser vos efforts scientifiques en toute simplicit\u00e9. Commandez maintenant !\" \/>\n<meta name=\"robots\" content=\"index, follow, max-snippet:-1, max-image-preview:large, max-video-preview:-1\" \/>\n<link rel=\"canonical\" href=\"https:\/\/nembutalboutique.com\/sv\/produkt\/koepa-25i-nbome-online\/\" \/>\n<meta property=\"og:locale\" content=\"sv_SE\" \/>\n<meta property=\"og:type\" content=\"article\" \/>\n<meta property=\"og:title\" content=\"Achetez 25i-NBOME en ligne - 25i-NBOME \u00e0 vendre\" \/>\n<meta property=\"og:description\" content=\"D\u00e9couvrez le 25i-NBOME de premier ordre en vente dans notre boutique en ligne - achetez le 25i-NBOME de mani\u00e8re pratique et s\u00e9curis\u00e9e pour alimenter vos recherches. Explorez et achetez le 25i-NBOME en ligne, pour faire progresser vos efforts scientifiques en toute simplicit\u00e9. Commandez maintenant !\" \/>\n<meta property=\"og:url\" content=\"https:\/\/nembutalboutique.com\/sv\/produkt\/koepa-25i-nbome-online\/\" \/>\n<meta property=\"og:site_name\" content=\"Nembutal Boutique\" \/>\n<meta property=\"article:modified_time\" content=\"2024-09-20T09:49:49+00:00\" \/>\n<meta property=\"og:image\" content=\"https:\/\/nembutalboutique.com\/wp-content\/uploads\/2024\/09\/25i-NBOMe.gif\" \/>\n\t<meta property=\"og:image:width\" content=\"600\" \/>\n\t<meta property=\"og:image:height\" content=\"600\" \/>\n\t<meta property=\"og:image:type\" content=\"image\/gif\" \/>\n<meta name=\"twitter:card\" content=\"summary_large_image\" \/>\n<meta name=\"twitter:label1\" content=\"Ber\u00e4knad l\u00e4stid\" \/>\n\t<meta name=\"twitter:data1\" content=\"3 minuter\" \/>\n<script type=\"application\/ld+json\" class=\"yoast-schema-graph\">{\"@context\":\"https:\/\/schema.org\",\"@graph\":[{\"@type\":\"WebPage\",\"@id\":\"https:\/\/nembutalboutique.com\/produit\/25i-nbome\/\",\"url\":\"https:\/\/nembutalboutique.com\/produit\/25i-nbome\/\",\"name\":\"Achetez 25i-NBOME en ligne - 25i-NBOME \u00e0 vendre\",\"isPartOf\":{\"@id\":\"https:\/\/nembutalboutique.com\/#website\"},\"primaryImageOfPage\":{\"@id\":\"https:\/\/nembutalboutique.com\/produit\/25i-nbome\/#primaryimage\"},\"image\":{\"@id\":\"https:\/\/nembutalboutique.com\/produit\/25i-nbome\/#primaryimage\"},\"thumbnailUrl\":\"https:\/\/nembutalboutique.com\/wp-content\/uploads\/2024\/09\/25i-NBOMe.gif\",\"datePublished\":\"2024-09-16T08:14:38+00:00\",\"dateModified\":\"2024-09-20T09:49:49+00:00\",\"description\":\"D\u00e9couvrez le 25i-NBOME de premier ordre en vente dans notre boutique en ligne - achetez le 25i-NBOME de mani\u00e8re pratique et s\u00e9curis\u00e9e pour alimenter vos recherches. Explorez et achetez le 25i-NBOME en ligne, pour faire progresser vos efforts scientifiques en toute simplicit\u00e9. Commandez maintenant !\",\"breadcrumb\":{\"@id\":\"https:\/\/nembutalboutique.com\/produit\/25i-nbome\/#breadcrumb\"},\"inLanguage\":\"sv-SE\",\"potentialAction\":[{\"@type\":\"ReadAction\",\"target\":[\"https:\/\/nembutalboutique.com\/produit\/25i-nbome\/\"]}]},{\"@type\":\"ImageObject\",\"inLanguage\":\"sv-SE\",\"@id\":\"https:\/\/nembutalboutique.com\/produit\/25i-nbome\/#primaryimage\",\"url\":\"https:\/\/nembutalboutique.com\/wp-content\/uploads\/2024\/09\/25i-NBOMe.gif\",\"contentUrl\":\"https:\/\/nembutalboutique.com\/wp-content\/uploads\/2024\/09\/25i-NBOMe.gif\",\"width\":600,\"height\":600,\"caption\":\"Achetez 25i-NBOME\"},{\"@type\":\"BreadcrumbList\",\"@id\":\"https:\/\/nembutalboutique.com\/produit\/25i-nbome\/#breadcrumb\",\"itemListElement\":[{\"@type\":\"ListItem\",\"position\":1,\"name\":\"Home\",\"item\":\"https:\/\/nembutalboutique.com\/\"},{\"@type\":\"ListItem\",\"position\":2,\"name\":\"Boutique\",\"item\":\"https:\/\/nembutalboutique.com\/shop\/\"},{\"@type\":\"ListItem\",\"position\":3,\"name\":\"25i-NBOMe\"}]},{\"@type\":\"WebSite\",\"@id\":\"https:\/\/nembutalboutique.com\/#website\",\"url\":\"https:\/\/nembutalboutique.com\/\",\"name\":\"Nembutal Boutique\",\"description\":\"My WordPress Blog\",\"publisher\":{\"@id\":\"https:\/\/nembutalboutique.com\/#organization\"},\"potentialAction\":[{\"@type\":\"SearchAction\",\"target\":{\"@type\":\"EntryPoint\",\"urlTemplate\":\"https:\/\/nembutalboutique.com\/?s={search_term_string}\"},\"query-input\":{\"@type\":\"PropertyValueSpecification\",\"valueRequired\":true,\"valueName\":\"search_term_string\"}}],\"inLanguage\":\"sv-SE\"},{\"@type\":\"Organization\",\"@id\":\"https:\/\/nembutalboutique.com\/#organization\",\"name\":\"Nembutal Boutique\",\"url\":\"https:\/\/nembutalboutique.com\/\",\"logo\":{\"@type\":\"ImageObject\",\"inLanguage\":\"sv-SE\",\"@id\":\"https:\/\/nembutalboutique.com\/#\/schema\/logo\/image\/\",\"url\":\"https:\/\/nembutalboutique.com\/wp-content\/uploads\/2024\/01\/logo.png\",\"contentUrl\":\"https:\/\/nembutalboutique.com\/wp-content\/uploads\/2024\/01\/logo.png\",\"width\":494,\"height\":121,\"caption\":\"Nembutal Boutique\"},\"image\":{\"@id\":\"https:\/\/nembutalboutique.com\/#\/schema\/logo\/image\/\"}}]}<\/script>\n<!-- \/ Yoast SEO plugin. -->","yoast_head_json":{"title":"K\u00f6p 25i-NBOME online - 25i-NBOME till salu","description":"Uppt\u00e4ck f\u00f6rstklassiga 25i-NBOME till salu i v\u00e5r onlinebutik - k\u00f6p 25i-NBOME bekv\u00e4mt och s\u00e4kert f\u00f6r att driva din forskning. Utforska och k\u00f6p 25i-NBOME online f\u00f6r att enkelt fr\u00e4mja dina vetenskapliga str\u00e4vanden. Best\u00e4ll nu p\u00e5 en g\u00e5ng!","robots":{"index":"index","follow":"follow","max-snippet":"max-snippet:-1","max-image-preview":"max-image-preview:large","max-video-preview":"max-video-preview:-1"},"canonical":"https:\/\/nembutalboutique.com\/sv\/produkt\/koepa-25i-nbome-online\/","og_locale":"sv_SE","og_type":"article","og_title":"Achetez 25i-NBOME en ligne - 25i-NBOME \u00e0 vendre","og_description":"D\u00e9couvrez le 25i-NBOME de premier ordre en vente dans notre boutique en ligne - achetez le 25i-NBOME de mani\u00e8re pratique et s\u00e9curis\u00e9e pour alimenter vos recherches. Explorez et achetez le 25i-NBOME en ligne, pour faire progresser vos efforts scientifiques en toute simplicit\u00e9. Commandez maintenant !","og_url":"https:\/\/nembutalboutique.com\/sv\/produkt\/koepa-25i-nbome-online\/","og_site_name":"Nembutal Boutique","article_modified_time":"2024-09-20T09:49:49+00:00","og_image":[{"width":600,"height":600,"url":"https:\/\/nembutalboutique.com\/wp-content\/uploads\/2024\/09\/25i-NBOMe.gif","type":"image\/gif"}],"twitter_card":"summary_large_image","twitter_misc":{"Ber\u00e4knad l\u00e4stid":"3 minuter"},"schema":{"@context":"https:\/\/schema.org","@graph":[{"@type":"WebPage","@id":"https:\/\/nembutalboutique.com\/produit\/25i-nbome\/","url":"https:\/\/nembutalboutique.com\/produit\/25i-nbome\/","name":"K\u00f6p 25i-NBOME online - 25i-NBOME till salu","isPartOf":{"@id":"https:\/\/nembutalboutique.com\/#website"},"primaryImageOfPage":{"@id":"https:\/\/nembutalboutique.com\/produit\/25i-nbome\/#primaryimage"},"image":{"@id":"https:\/\/nembutalboutique.com\/produit\/25i-nbome\/#primaryimage"},"thumbnailUrl":"https:\/\/nembutalboutique.com\/wp-content\/uploads\/2024\/09\/25i-NBOMe.gif","datePublished":"2024-09-16T08:14:38+00:00","dateModified":"2024-09-20T09:49:49+00:00","description":"Uppt\u00e4ck f\u00f6rstklassiga 25i-NBOME till salu i v\u00e5r onlinebutik - k\u00f6p 25i-NBOME bekv\u00e4mt och s\u00e4kert f\u00f6r att driva din forskning. Utforska och k\u00f6p 25i-NBOME online f\u00f6r att enkelt fr\u00e4mja dina vetenskapliga str\u00e4vanden. Best\u00e4ll nu p\u00e5 en g\u00e5ng!","breadcrumb":{"@id":"https:\/\/nembutalboutique.com\/produit\/25i-nbome\/#breadcrumb"},"inLanguage":"sv-SE","potentialAction":[{"@type":"ReadAction","target":["https:\/\/nembutalboutique.com\/produit\/25i-nbome\/"]}]},{"@type":"ImageObject","inLanguage":"sv-SE","@id":"https:\/\/nembutalboutique.com\/produit\/25i-nbome\/#primaryimage","url":"https:\/\/nembutalboutique.com\/wp-content\/uploads\/2024\/09\/25i-NBOMe.gif","contentUrl":"https:\/\/nembutalboutique.com\/wp-content\/uploads\/2024\/09\/25i-NBOMe.gif","width":600,"height":600,"caption":"Achetez 25i-NBOME"},{"@type":"BreadcrumbList","@id":"https:\/\/nembutalboutique.com\/produit\/25i-nbome\/#breadcrumb","itemListElement":[{"@type":"ListItem","position":1,"name":"Home","item":"https:\/\/nembutalboutique.com\/"},{"@type":"ListItem","position":2,"name":"Boutique","item":"https:\/\/nembutalboutique.com\/shop\/"},{"@type":"ListItem","position":3,"name":"25i-NBOMe"}]},{"@type":"WebSite","@id":"https:\/\/nembutalboutique.com\/#website","url":"https:\/\/nembutalboutique.com\/","name":"Nembutal Boutique","description":"Min WordPress-blogg","publisher":{"@id":"https:\/\/nembutalboutique.com\/#organization"},"potentialAction":[{"@type":"SearchAction","target":{"@type":"EntryPoint","urlTemplate":"https:\/\/nembutalboutique.com\/?s={search_term_string}"},"query-input":{"@type":"PropertyValueSpecification","valueRequired":true,"valueName":"search_term_string"}}],"inLanguage":"sv-SE"},{"@type":"Organization","@id":"https:\/\/nembutalboutique.com\/#organization","name":"Nembutal Boutique","url":"https:\/\/nembutalboutique.com\/","logo":{"@type":"ImageObject","inLanguage":"sv-SE","@id":"https:\/\/nembutalboutique.com\/#\/schema\/logo\/image\/","url":"https:\/\/nembutalboutique.com\/wp-content\/uploads\/2024\/01\/logo.png","contentUrl":"https:\/\/nembutalboutique.com\/wp-content\/uploads\/2024\/01\/logo.png","width":494,"height":121,"caption":"Nembutal Boutique"},"image":{"@id":"https:\/\/nembutalboutique.com\/#\/schema\/logo\/image\/"}}]}},"_links":{"self":[{"href":"https:\/\/nembutalboutique.com\/sv\/wp-json\/wp\/v2\/product\/3062"}],"collection":[{"href":"https:\/\/nembutalboutique.com\/sv\/wp-json\/wp\/v2\/product"}],"about":[{"href":"https:\/\/nembutalboutique.com\/sv\/wp-json\/wp\/v2\/types\/product"}],"replies":[{"embeddable":true,"href":"https:\/\/nembutalboutique.com\/sv\/wp-json\/wp\/v2\/comments?post=3062"}],"wp:featuredmedia":[{"embeddable":true,"href":"https:\/\/nembutalboutique.com\/sv\/wp-json\/wp\/v2\/media\/3077"}],"wp:attachment":[{"href":"https:\/\/nembutalboutique.com\/sv\/wp-json\/wp\/v2\/media?parent=3062"}],"wp:term":[{"taxonomy":"product_brand","embeddable":true,"href":"https:\/\/nembutalboutique.com\/sv\/wp-json\/wp\/v2\/product_brand?post=3062"},{"taxonomy":"product_cat","embeddable":true,"href":"https:\/\/nembutalboutique.com\/sv\/wp-json\/wp\/v2\/product_cat?post=3062"},{"taxonomy":"product_tag","embeddable":true,"href":"https:\/\/nembutalboutique.com\/sv\/wp-json\/wp\/v2\/product_tag?post=3062"}],"curies":[{"name":"wp","href":"https:\/\/api.w.org\/{rel}","templated":true}]}}