{"id":3061,"date":"2024-09-16T08:14:38","date_gmt":"2024-09-16T08:14:38","guid":{"rendered":"https:\/\/nembutalboutique.com\/?post_type=product&#038;p=3061"},"modified":"2025-04-13T18:14:54","modified_gmt":"2025-04-13T18:14:54","slug":"5-meo-dalt","status":"publish","type":"product","link":"https:\/\/nembutalboutique.com\/sv\/produkt\/koep-5-meo-dalt-online\/","title":{"rendered":"5-MeO-DALT"},"content":{"rendered":"<h2>K\u00f6p presentationen av 5-MEO-DALT online.<\/h2>\n<p>K\u00f6p din <a href=\"https:\/\/nembutalboutique.com\/produit\/5-meo-dalt\/\">5-MEO-DALT<\/a> online h\u00e4r : I maj 2004 blev Alexander Shulgin den f\u00f6rsta personen att syntetisera 5-MeO-DALT, \u00e4ven k\u00e4nd som N,N-Diallyl-5-metoxitryptamin, ett psykedeliskt derivat av tryptamin.<\/p>\n<p>Det har under senare \u00e5r blivit alltmer popul\u00e4rt som ingrediens i \"Badesalzen\", som verkar direkt p\u00e5 monoaminreceptorer f\u00f6r att ge euforiska effekter. Detta liknar det s\u00e4tt p\u00e5 vilket 3,4-metylendioxyamfetamin fungerar. Den fullst\u00e4ndiga karakteriseringen av de fysiologiska aktiviteterna hos 5-meo-DALT som \u00e4r neurologiskt, toxikologiskt och toxikologiskt inducerade \u00e4r fortfarande ofullst\u00e4ndig.<\/p>\n<h3>5. DALT- eller MeO-Tabakonsum<\/h3>\n<p>Halveringstiden f\u00f6r vitamin <a href=\"https:\/\/en.wikipedia.org\/wiki\/5-MeO-DALT\">5-MeO-DALT<\/a> \u00e4r kort. Det \u00e4r oftast tillg\u00e4ngligt i pulverform, som kan tas oralt eller lokalt.<\/p>\n<p>5-Meto-Dalt eller Dosering (och anv\u00e4ndning) av DALT<br \/>\nForskaren tog ofta doser p\u00e5 mellan 12 och 20 mg. Tr\u00f6skelv\u00e4rdet \u00e4r 4 till 5 mg, k\u00e4nslan \u00e4r mild vid 5 till 8 mg, vanlig vid 12 till 25 mg och stark vid 25 mg. 5. MeO-DALT eller DALT-Begnung (Neutralisering)<\/p>\n<p>5. MeO-DALT (\u00e4ven k\u00e4nd som DALT-Erlebnis): Den n\u00e5r sin topp s\u00e5 snart den konsumeras, precis som andra psykoaktiva kemikalier, och skapar en inducerad k\u00e4nsla. Det \u00e4r fantastiskt hur kroppen och sinnet reagerar p\u00e5 drogen. Du kan k\u00e4nna enorm lycka eller eufori. Dessutom ger det anv\u00e4ndaren en vibrerande, energigivande k\u00e4nsla. Som ett resultat skapar kunderna fler kontakter och engagerar sig i fler upplevelser. Men beroende p\u00e5 anv\u00e4ndarens milj\u00f6 kan substansen ocks\u00e5 orsaka f\u00f6rvirring och frustration.<\/p>\n<p>K\u00f6p 5-MEO-DALT online Effekten av DALT toppar efter de f\u00f6rsta tre timmarna av intag och bleknar sedan. Sammantaget varar effekten upp till \u00e5tta timmar. Men n\u00e4r de initiala effekterna har f\u00f6rsvunnit, b\u00f6rjar en deprimerande k\u00e4nsla som varar i flera timmar.<\/p>\n<p>K\u00f6p 5-MEO-DALT online Om 5-MeO-DALT \u00e4r p\u00e5 topp kan det orsaka \u00e5ngest och paranoia hos k\u00f6paren. Din f\u00f6rh\u00f6jda medvetenhetsniv\u00e5 i kombination med milt fysiskt obehag kan orsaka paranoia. M\u00e5nga har n\u00e4mnt att de har en tjock nacke. N\u00e4r hj\u00e4rnan p\u00e5verkas psykoaktivt visas ett fokuserat, optimistiskt och sympatiskt tankes\u00e4tt. Klienten befinner sig i ett gynnsamt eller neutralt k\u00e4nslom\u00e4ssigt tillst\u00e5nd. Detta kan utvecklas till ett tidigt stadium av dysfori. N\u00e5gra av de visuella effekter som DALT ger upphov till \u00e4r sp\u00f6klika bilder som best\u00e5r av v\u00e5giga linjer med l\u00e5nga, trubbiga \u00e4ndar.<\/p>\n<p>Det \u00e4r ineffektivt n\u00e4r det g\u00e4ller att ge den intensivt euforiska upplevelsen av andra v\u00e4lk\u00e4nda droger som MD-MA. Den \u00e4r mindre fysiskt och k\u00e4nslom\u00e4ssigt kr\u00e4vande \u00e4n MD-MA, men mer visuellt tilltalande.<\/p>\n<h3>5. MeO-DALT- eller DALT-analys<\/h3>\n<p>Det kommer att vara sv\u00e5rt f\u00f6r n\u00e5gon som regelbundet anv\u00e4nder psykedelika att k\u00e4nna sig stenad eller euforisk i b\u00f6rjan, men de kommer snabbt att uppleva den \"high\" som MDMA orsakar. Hittills har det inte f\u00f6rekommit n\u00e5gra dokumenterade fall av biverkningar som illam\u00e5ende.<\/p>\n<h3>5-meO-DALT vs 5-meO-mipt<\/h3>\n<p>K\u00f6p 5-MEO-DALT online Fler och fler medlemmar i de st\u00f6rsta forumen f\u00f6redrar 5-meo-mipt framf\u00f6r 5-meo-dalt; b\u00e5da \u00e4r bara f\u00f6rslag, och anv\u00e4ndare kan best\u00e4mma vilket som \u00e4r mer l\u00e4mpligt. I maj 2004 skapade Alexander Shulgin 5-MeO-DALT, \u00e4ven k\u00e4nd som N,N-Diallyl-5-metoxitryptamin, ett hallucinogent derivat av tryptamander.<\/p>\n<p>Det anv\u00e4nds nu ofta som en ingrediens i \"badsalter\", som verkar direkt p\u00e5 monoaminreceptorer f\u00f6r att ge en euforisk effekt. En fullst\u00e4ndig karakterisering av de neurologiska, toxikologiska och fysiologiska egenskaperna hos 5-meo-DALT p\u00e5g\u00e5r fortfarande.<\/p>\n<h3>5. Tobaksbruk DALT eller MeO<\/h3>\n<p>Vitamin 5-MeO-DALT har en kort halveringstid. Det \u00e4r oftast tillg\u00e4ngligt i pulverform, som kan tas oralt eller lokalt.<\/p>\n<h3>5-Meto-Dalt eller Dosering (och anv\u00e4ndning) av DALT<\/h3>\n<p>Forskaren tog ofta doser p\u00e5 mellan 12 och 20 mg. Tr\u00f6skeln \u00e4r 4 till 5 mg, k\u00e4nslan \u00e4r mild vid 5-8 mg, vanlig vid 12-25 mg och stark vid 25 mg.<\/p>\n<p>K\u00f6p 5-MEO-DALT online. Effekten av DALT n\u00e5r sin topp efter de f\u00f6rsta tre timmarna av intag och bleknar sedan. Den fulla effekten varar upp till \u00e5tta timmar. Men n\u00e4r de initiala effekterna har f\u00f6rsvunnit, b\u00f6rjar en deprimerande k\u00e4nsla som varar i flera timmar.<\/p>\n<p>K\u00f6p 5-MEO-DALT online Om 5-MeO-DALT \u00e4r p\u00e5 topp kan det orsaka \u00e5ngest och paranoia hos k\u00f6paren. Din f\u00f6rh\u00f6jda medvetenhetsniv\u00e5 i kombination med milt fysiskt obehag kan orsaka paranoia. M\u00e5nga har n\u00e4mnt att de har en tjock nacke. N\u00e4r hj\u00e4rnan p\u00e5verkas psykoaktivt visas ett fokuserat, optimistiskt och sympatiskt tankes\u00e4tt. Klienten befinner sig i ett gynnsamt eller neutralt k\u00e4nslom\u00e4ssigt tillst\u00e5nd. Detta kan utvecklas till ett f\u00f6r tidigt dysforiskt tillst\u00e5nd. N\u00e5gra av de visuella effekter som DALT ger upphov till \u00e4r sp\u00f6klika bilder som best\u00e5r av v\u00e4ldefinierade linjer med l\u00e5nga, trubbiga \u00e4ndar.<br \/>\nDet \u00e4r ineffektivt n\u00e4r det g\u00e4ller att ge den intensivt euforiska upplevelsen av andra v\u00e4lk\u00e4nda droger som MD-MA. Den \u00e4r mindre fysiskt och k\u00e4nslom\u00e4ssigt kr\u00e4vande \u00e4n MD-MA, men mer visuellt tilltalande.<\/p>","protected":false},"excerpt":{"rendered":"<p>Achetez la pr\u00e9sentation en ligne de 5-MEO-DALT. Achetez votre 5-MEO-DALT en ligne ici : En mai 2004, Alexander Shulgin est devenu le premier \u00e0 synth\u00e9tiser le 5-MeO-DALT, \u00e9galement connu sous le nom de N,N-Diallyl-5-m\u00e9thoxytryptamine, un d\u00e9riv\u00e9 psych\u00e9d\u00e9lique de la tryptamine. Il est devenu de plus en plus populaire ces derni\u00e8res ann\u00e9es en tant qu&rsquo;ingr\u00e9dient des [&hellip;]<\/p>","protected":false},"featured_media":3076,"comment_status":"open","ping_status":"closed","template":"","meta":{"_joinchat":[]},"product_brand":[],"product_cat":[385],"product_tag":[513],"class_list":{"0":"post-3061","1":"product","2":"type-product","3":"status-publish","4":"has-post-thumbnail","6":"product_cat-forschung-schemikalien","7":"product_tag-foxtrot-online-kaufen","9":"first","10":"instock","11":"shipping-taxable","12":"purchasable","13":"product-type-variable"},"yoast_head":"<!-- This site is optimized with the Yoast SEO plugin v23.5 - https:\/\/yoast.com\/wordpress\/plugins\/seo\/ -->\n<title>Acheter 5-MEO Dalt \u00e0 vendre - Acheter 5-MEO Dalt en ligne<\/title>\n<meta name=\"description\" content=\"You can now get Buy 5-MEO Dalt for sale from our top meds store. Our staff will assist you to buy Buy 5-MEO Dalt online at the best prices. Order 5-MEO Dalt online today with worldwide shipping!\" \/>\n<meta name=\"robots\" content=\"index, follow, max-snippet:-1, max-image-preview:large, max-video-preview:-1\" \/>\n<link rel=\"canonical\" href=\"https:\/\/nembutalboutique.com\/sv\/produkt\/koep-5-meo-dalt-online\/\" \/>\n<meta property=\"og:locale\" content=\"sv_SE\" \/>\n<meta property=\"og:type\" content=\"article\" \/>\n<meta property=\"og:title\" content=\"Acheter 5-MEO Dalt \u00e0 vendre - Acheter 5-MEO Dalt en ligne\" \/>\n<meta property=\"og:description\" content=\"You can now get Buy 5-MEO Dalt for sale from our top meds store. Our staff will assist you to buy Buy 5-MEO Dalt online at the best prices. Order 5-MEO Dalt online today with worldwide shipping!\" \/>\n<meta property=\"og:url\" content=\"https:\/\/nembutalboutique.com\/sv\/produkt\/koep-5-meo-dalt-online\/\" \/>\n<meta property=\"og:site_name\" content=\"Nembutal Boutique\" \/>\n<meta property=\"article:modified_time\" content=\"2025-04-13T18:14:54+00:00\" \/>\n<meta property=\"og:image\" content=\"https:\/\/nembutalboutique.com\/wp-content\/uploads\/2024\/09\/5-MeO-DALT.gif\" \/>\n\t<meta property=\"og:image:width\" content=\"600\" \/>\n\t<meta property=\"og:image:height\" content=\"600\" \/>\n\t<meta property=\"og:image:type\" content=\"image\/gif\" \/>\n<meta name=\"twitter:card\" content=\"summary_large_image\" \/>\n<meta name=\"twitter:label1\" content=\"Ber\u00e4knad l\u00e4stid\" \/>\n\t<meta name=\"twitter:data1\" content=\"4 minuter\" \/>\n<script type=\"application\/ld+json\" class=\"yoast-schema-graph\">{\"@context\":\"https:\/\/schema.org\",\"@graph\":[{\"@type\":\"WebPage\",\"@id\":\"https:\/\/nembutalboutique.com\/produit\/5-meo-dalt\/\",\"url\":\"https:\/\/nembutalboutique.com\/produit\/5-meo-dalt\/\",\"name\":\"Acheter 5-MEO Dalt \u00e0 vendre - Acheter 5-MEO Dalt en ligne\",\"isPartOf\":{\"@id\":\"https:\/\/nembutalboutique.com\/#website\"},\"primaryImageOfPage\":{\"@id\":\"https:\/\/nembutalboutique.com\/produit\/5-meo-dalt\/#primaryimage\"},\"image\":{\"@id\":\"https:\/\/nembutalboutique.com\/produit\/5-meo-dalt\/#primaryimage\"},\"thumbnailUrl\":\"https:\/\/nembutalboutique.com\/wp-content\/uploads\/2024\/09\/5-MeO-DALT.gif\",\"datePublished\":\"2024-09-16T08:14:38+00:00\",\"dateModified\":\"2025-04-13T18:14:54+00:00\",\"description\":\"You can now get Buy 5-MEO Dalt for sale from our top meds store. Our staff will assist you to buy Buy 5-MEO Dalt online at the best prices. Order 5-MEO Dalt online today with worldwide shipping!\",\"breadcrumb\":{\"@id\":\"https:\/\/nembutalboutique.com\/produit\/5-meo-dalt\/#breadcrumb\"},\"inLanguage\":\"sv-SE\",\"potentialAction\":[{\"@type\":\"ReadAction\",\"target\":[\"https:\/\/nembutalboutique.com\/produit\/5-meo-dalt\/\"]}]},{\"@type\":\"ImageObject\",\"inLanguage\":\"sv-SE\",\"@id\":\"https:\/\/nembutalboutique.com\/produit\/5-meo-dalt\/#primaryimage\",\"url\":\"https:\/\/nembutalboutique.com\/wp-content\/uploads\/2024\/09\/5-MeO-DALT.gif\",\"contentUrl\":\"https:\/\/nembutalboutique.com\/wp-content\/uploads\/2024\/09\/5-MeO-DALT.gif\",\"width\":600,\"height\":600,\"caption\":\"Acheter 5-MeO-DALT\"},{\"@type\":\"BreadcrumbList\",\"@id\":\"https:\/\/nembutalboutique.com\/produit\/5-meo-dalt\/#breadcrumb\",\"itemListElement\":[{\"@type\":\"ListItem\",\"position\":1,\"name\":\"Home\",\"item\":\"https:\/\/nembutalboutique.com\/\"},{\"@type\":\"ListItem\",\"position\":2,\"name\":\"Boutique\",\"item\":\"https:\/\/nembutalboutique.com\/shop\/\"},{\"@type\":\"ListItem\",\"position\":3,\"name\":\"5-MeO-DALT\"}]},{\"@type\":\"WebSite\",\"@id\":\"https:\/\/nembutalboutique.com\/#website\",\"url\":\"https:\/\/nembutalboutique.com\/\",\"name\":\"Nembutal Boutique\",\"description\":\"My WordPress Blog\",\"publisher\":{\"@id\":\"https:\/\/nembutalboutique.com\/#organization\"},\"potentialAction\":[{\"@type\":\"SearchAction\",\"target\":{\"@type\":\"EntryPoint\",\"urlTemplate\":\"https:\/\/nembutalboutique.com\/?s={search_term_string}\"},\"query-input\":{\"@type\":\"PropertyValueSpecification\",\"valueRequired\":true,\"valueName\":\"search_term_string\"}}],\"inLanguage\":\"sv-SE\"},{\"@type\":\"Organization\",\"@id\":\"https:\/\/nembutalboutique.com\/#organization\",\"name\":\"Nembutal Boutique\",\"url\":\"https:\/\/nembutalboutique.com\/\",\"logo\":{\"@type\":\"ImageObject\",\"inLanguage\":\"sv-SE\",\"@id\":\"https:\/\/nembutalboutique.com\/#\/schema\/logo\/image\/\",\"url\":\"https:\/\/nembutalboutique.com\/wp-content\/uploads\/2024\/01\/logo.png\",\"contentUrl\":\"https:\/\/nembutalboutique.com\/wp-content\/uploads\/2024\/01\/logo.png\",\"width\":494,\"height\":121,\"caption\":\"Nembutal Boutique\"},\"image\":{\"@id\":\"https:\/\/nembutalboutique.com\/#\/schema\/logo\/image\/\"}}]}<\/script>\n<!-- \/ Yoast SEO plugin. -->","yoast_head_json":{"title":"K\u00f6p 5-MEO Dalt till salu - K\u00f6p 5-MEO Dalt online","description":"Du kan nu f\u00e5 Buy 5-MEO Dalt till salu fr\u00e5n v\u00e5r b\u00e4sta medicinbutik. V\u00e5r personal hj\u00e4lper dig att k\u00f6pa Buy 5-MEO Dalt online till b\u00e4sta priser. Best\u00e4ll 5-MEO Dalt online idag med v\u00e4rldsomsp\u00e4nnande frakt!","robots":{"index":"index","follow":"follow","max-snippet":"max-snippet:-1","max-image-preview":"max-image-preview:large","max-video-preview":"max-video-preview:-1"},"canonical":"https:\/\/nembutalboutique.com\/sv\/produkt\/koep-5-meo-dalt-online\/","og_locale":"sv_SE","og_type":"article","og_title":"Acheter 5-MEO Dalt \u00e0 vendre - Acheter 5-MEO Dalt en ligne","og_description":"You can now get Buy 5-MEO Dalt for sale from our top meds store. Our staff will assist you to buy Buy 5-MEO Dalt online at the best prices. Order 5-MEO Dalt online today with worldwide shipping!","og_url":"https:\/\/nembutalboutique.com\/sv\/produkt\/koep-5-meo-dalt-online\/","og_site_name":"Nembutal Boutique","article_modified_time":"2025-04-13T18:14:54+00:00","og_image":[{"width":600,"height":600,"url":"https:\/\/nembutalboutique.com\/wp-content\/uploads\/2024\/09\/5-MeO-DALT.gif","type":"image\/gif"}],"twitter_card":"summary_large_image","twitter_misc":{"Ber\u00e4knad l\u00e4stid":"4 minuter"},"schema":{"@context":"https:\/\/schema.org","@graph":[{"@type":"WebPage","@id":"https:\/\/nembutalboutique.com\/produit\/5-meo-dalt\/","url":"https:\/\/nembutalboutique.com\/produit\/5-meo-dalt\/","name":"K\u00f6p 5-MEO Dalt till salu - K\u00f6p 5-MEO Dalt online","isPartOf":{"@id":"https:\/\/nembutalboutique.com\/#website"},"primaryImageOfPage":{"@id":"https:\/\/nembutalboutique.com\/produit\/5-meo-dalt\/#primaryimage"},"image":{"@id":"https:\/\/nembutalboutique.com\/produit\/5-meo-dalt\/#primaryimage"},"thumbnailUrl":"https:\/\/nembutalboutique.com\/wp-content\/uploads\/2024\/09\/5-MeO-DALT.gif","datePublished":"2024-09-16T08:14:38+00:00","dateModified":"2025-04-13T18:14:54+00:00","description":"Du kan nu f\u00e5 Buy 5-MEO Dalt till salu fr\u00e5n v\u00e5r b\u00e4sta medicinbutik. V\u00e5r personal hj\u00e4lper dig att k\u00f6pa Buy 5-MEO Dalt online till b\u00e4sta priser. Best\u00e4ll 5-MEO Dalt online idag med v\u00e4rldsomsp\u00e4nnande frakt!","breadcrumb":{"@id":"https:\/\/nembutalboutique.com\/produit\/5-meo-dalt\/#breadcrumb"},"inLanguage":"sv-SE","potentialAction":[{"@type":"ReadAction","target":["https:\/\/nembutalboutique.com\/produit\/5-meo-dalt\/"]}]},{"@type":"ImageObject","inLanguage":"sv-SE","@id":"https:\/\/nembutalboutique.com\/produit\/5-meo-dalt\/#primaryimage","url":"https:\/\/nembutalboutique.com\/wp-content\/uploads\/2024\/09\/5-MeO-DALT.gif","contentUrl":"https:\/\/nembutalboutique.com\/wp-content\/uploads\/2024\/09\/5-MeO-DALT.gif","width":600,"height":600,"caption":"Acheter 5-MeO-DALT"},{"@type":"BreadcrumbList","@id":"https:\/\/nembutalboutique.com\/produit\/5-meo-dalt\/#breadcrumb","itemListElement":[{"@type":"ListItem","position":1,"name":"Home","item":"https:\/\/nembutalboutique.com\/"},{"@type":"ListItem","position":2,"name":"Boutique","item":"https:\/\/nembutalboutique.com\/shop\/"},{"@type":"ListItem","position":3,"name":"5-MeO-DALT"}]},{"@type":"WebSite","@id":"https:\/\/nembutalboutique.com\/#website","url":"https:\/\/nembutalboutique.com\/","name":"Nembutal Boutique","description":"Min WordPress-blogg","publisher":{"@id":"https:\/\/nembutalboutique.com\/#organization"},"potentialAction":[{"@type":"SearchAction","target":{"@type":"EntryPoint","urlTemplate":"https:\/\/nembutalboutique.com\/?s={search_term_string}"},"query-input":{"@type":"PropertyValueSpecification","valueRequired":true,"valueName":"search_term_string"}}],"inLanguage":"sv-SE"},{"@type":"Organization","@id":"https:\/\/nembutalboutique.com\/#organization","name":"Nembutal Boutique","url":"https:\/\/nembutalboutique.com\/","logo":{"@type":"ImageObject","inLanguage":"sv-SE","@id":"https:\/\/nembutalboutique.com\/#\/schema\/logo\/image\/","url":"https:\/\/nembutalboutique.com\/wp-content\/uploads\/2024\/01\/logo.png","contentUrl":"https:\/\/nembutalboutique.com\/wp-content\/uploads\/2024\/01\/logo.png","width":494,"height":121,"caption":"Nembutal Boutique"},"image":{"@id":"https:\/\/nembutalboutique.com\/#\/schema\/logo\/image\/"}}]}},"_links":{"self":[{"href":"https:\/\/nembutalboutique.com\/sv\/wp-json\/wp\/v2\/product\/3061"}],"collection":[{"href":"https:\/\/nembutalboutique.com\/sv\/wp-json\/wp\/v2\/product"}],"about":[{"href":"https:\/\/nembutalboutique.com\/sv\/wp-json\/wp\/v2\/types\/product"}],"replies":[{"embeddable":true,"href":"https:\/\/nembutalboutique.com\/sv\/wp-json\/wp\/v2\/comments?post=3061"}],"wp:featuredmedia":[{"embeddable":true,"href":"https:\/\/nembutalboutique.com\/sv\/wp-json\/wp\/v2\/media\/3076"}],"wp:attachment":[{"href":"https:\/\/nembutalboutique.com\/sv\/wp-json\/wp\/v2\/media?parent=3061"}],"wp:term":[{"taxonomy":"product_brand","embeddable":true,"href":"https:\/\/nembutalboutique.com\/sv\/wp-json\/wp\/v2\/product_brand?post=3061"},{"taxonomy":"product_cat","embeddable":true,"href":"https:\/\/nembutalboutique.com\/sv\/wp-json\/wp\/v2\/product_cat?post=3061"},{"taxonomy":"product_tag","embeddable":true,"href":"https:\/\/nembutalboutique.com\/sv\/wp-json\/wp\/v2\/product_tag?post=3061"}],"curies":[{"name":"wp","href":"https:\/\/api.w.org\/{rel}","templated":true}]}}