{"id":3058,"date":"2024-09-16T08:14:38","date_gmt":"2024-09-16T08:14:38","guid":{"rendered":"https:\/\/nembutalboutique.com\/?post_type=product&#038;p=3058"},"modified":"2024-09-20T09:44:10","modified_gmt":"2024-09-20T09:44:10","slug":"3-meo-pcp","status":"publish","type":"product","link":"https:\/\/nembutalboutique.com\/sv\/produkt\/koep-3-meo-pcp\/","title":{"rendered":"3-MEO-PCP"},"content":{"rendered":"<h2>K\u00f6p 3-MeO-PCP online<\/h2>\n<p>T\u00e5ng f\u00f6r direktkontakt 3-MeO-PCP 3-MEO-PCP<\/p>\n<p>\u00e4ven k\u00e4nd som 3-metoxifencyklidin eller <a href=\"https:\/\/en.wikipedia.org\/wiki\/3-MeO-PCP\">3-MeO-PCP<\/a>\u00e4r en ny och relativt ok\u00e4nd dissociativ substans i arylcyklohexylaminklassen. 3-MeO-PCP \u00e4r ett derivat av fencyklidin (PCP) och \u00e4r kemiskt besl\u00e4ktat med \u00e4mnen som metylxetamin och 3-MeO-PCE. Det mildrar sina effekter genom att blockera NMDA-receptorer i hj\u00e4rnan.<\/p>\n<p>3-Methoxyphencyclidine, ibland kallad 3-MeO-PCP BUY ONLINE, \u00e4r en syntetisk diazof\u00f6rening som \u00e4r medlem av arylcyklohexylaminfamiljen. En initiatorring med sex ringar, cyklohexan, finns i 3-MeO-PCP och \u00e4r kopplad till tv\u00e5 andra ringar via R1. Den sexskiktade piperidinringen, som \u00e4r ansluten till stickstoffgruppen, \u00e4r en av dessa ringar. Den andra ringen \u00e4r en aromatisk fenylring som har en substituerad metoxigrupp i R3-positionen.<br \/>\nI strukturella termer \u00e4r <a href=\"https:\/\/nembutalboutique.com\/produit\/3-meo-pcp\/\">3-MeO-PCP<\/a> \u00e4r likartad med 4-MeO-PCP.<\/p>\n<p>\u00c4ven om 3-MeO-PCP ursprungligen erk\u00e4ndes f\u00f6r sin opioida eller dopaminerga aktivitet (baserat p\u00e5 tidigare fenomenologiska analyser), tyder bevis p\u00e5 att 3-MeO-PCP \u00e4r en potent och selektiv ligand f\u00f6r NMDA-receptorn med f\u00f6rsumbar affinitet f\u00f6r dopamin, antingen som transport\u00f6r eller som \u00b5-opioidreceptor. Innan den mindre diskriminerande 4-MeO-PCP kommersialiserades som en unders\u00f6kningskemikalie 2011 fanns 3-MeO-PCP p\u00e5 marknaden.<\/p>\n<p>Denna produkt \u00e4r endast avsedd f\u00f6r anv\u00e4ndning i laboratorieforskningsmilj\u00f6er. Alla inblandade personer uppmanas att anv\u00e4nda l\u00e4mplig s\u00e4kerhetsutrustning och att f\u00f6lja fastst\u00e4llda s\u00e4kerhetsrutiner.<\/p>\n<p>Den st\u00f6rsta kemikaliebutiken f\u00f6r forskning, d\u00e4r du kan f\u00e5 uppdaterade leveranser f\u00f6r dina studier. Du beh\u00f6ver en leverant\u00f6r som du kan lita p\u00e5 f\u00f6r att f\u00f6rse dig med \u00e4kta, rena 100 %-kemikalier. Om vi arbetar tillsammans kan du se det sj\u00e4lv. Vi \u00e4r mycket stolta \u00f6ver att ha etablerat oss som en av de mest v\u00e4lrenommerade leverant\u00f6rerna i branschen genom v\u00e5rt engagemang f\u00f6r kvalitet och vetenskaplig integritet.<\/p>","protected":false},"excerpt":{"rendered":"<p>Acheter 3-MeO-PCP en ligne La pince \u00e0 contact direct 3-MeO-PCP 3-MEO-PCP \u00e9galement appel\u00e9e 3-m\u00e9thoxyphencyclidine ou 3-MeO-PCP, est une nouvelle substance dissociative relativement inconnue de la classe des arylcyclohexylamines. La 3-MeO-PCP est un d\u00e9riv\u00e9 de la phencyclidine (PCP) et est chimiquement apparent\u00e9e \u00e0 des substances telles que la m\u00e9thylx\u00e9tamine et la 3-MeO-PCE. Elle att\u00e9nue ses effets [&hellip;]<\/p>","protected":false},"featured_media":3073,"comment_status":"open","ping_status":"closed","template":"","meta":{"_joinchat":[]},"product_brand":[],"product_cat":[385],"product_tag":[],"class_list":{"0":"post-3058","1":"product","2":"type-product","3":"status-publish","4":"has-post-thumbnail","6":"product_cat-forschung-schemikalien","8":"first","9":"instock","10":"shipping-taxable","11":"purchasable","12":"product-type-variable"},"yoast_head":"<!-- This site is optimized with the Yoast SEO plugin v23.5 - https:\/\/yoast.com\/wordpress\/plugins\/seo\/ -->\n<title>Acheter 3-Meo PCP en ligne - 3-Meo PCP \u00e0 vendre<\/title>\n<meta name=\"description\" content=\"Si vous souhaitez acheter du 3-Meo PCP en ligne, notre boutique en ligne Nembutal peut vous aider. Nous avons du 3-Meo PCP en vente aux meilleurs prix ici. Passez votre commande maintenant !\" \/>\n<meta name=\"robots\" content=\"index, follow, max-snippet:-1, max-image-preview:large, max-video-preview:-1\" \/>\n<link rel=\"canonical\" href=\"https:\/\/nembutalboutique.com\/sv\/produkt\/koep-3-meo-pcp\/\" \/>\n<meta property=\"og:locale\" content=\"sv_SE\" \/>\n<meta property=\"og:type\" content=\"article\" \/>\n<meta property=\"og:title\" content=\"Acheter 3-Meo PCP en ligne - 3-Meo PCP \u00e0 vendre\" \/>\n<meta property=\"og:description\" content=\"Si vous souhaitez acheter du 3-Meo PCP en ligne, notre boutique en ligne Nembutal peut vous aider. Nous avons du 3-Meo PCP en vente aux meilleurs prix ici. Passez votre commande maintenant !\" \/>\n<meta property=\"og:url\" content=\"https:\/\/nembutalboutique.com\/sv\/produkt\/koep-3-meo-pcp\/\" \/>\n<meta property=\"og:site_name\" content=\"Nembutal Boutique\" \/>\n<meta property=\"article:modified_time\" content=\"2024-09-20T09:44:10+00:00\" \/>\n<meta property=\"og:image\" content=\"https:\/\/nembutalboutique.com\/wp-content\/uploads\/2024\/09\/3-meo-pcp.gif\" \/>\n\t<meta property=\"og:image:width\" content=\"600\" \/>\n\t<meta property=\"og:image:height\" content=\"600\" \/>\n\t<meta property=\"og:image:type\" content=\"image\/gif\" \/>\n<meta name=\"twitter:card\" content=\"summary_large_image\" \/>\n<meta name=\"twitter:label1\" content=\"Ber\u00e4knad l\u00e4stid\" \/>\n\t<meta name=\"twitter:data1\" content=\"2 minuter\" \/>\n<script type=\"application\/ld+json\" class=\"yoast-schema-graph\">{\"@context\":\"https:\/\/schema.org\",\"@graph\":[{\"@type\":\"WebPage\",\"@id\":\"https:\/\/nembutalboutique.com\/produit\/3-meo-pcp\/\",\"url\":\"https:\/\/nembutalboutique.com\/produit\/3-meo-pcp\/\",\"name\":\"Acheter 3-Meo PCP en ligne - 3-Meo PCP \u00e0 vendre\",\"isPartOf\":{\"@id\":\"https:\/\/nembutalboutique.com\/#website\"},\"primaryImageOfPage\":{\"@id\":\"https:\/\/nembutalboutique.com\/produit\/3-meo-pcp\/#primaryimage\"},\"image\":{\"@id\":\"https:\/\/nembutalboutique.com\/produit\/3-meo-pcp\/#primaryimage\"},\"thumbnailUrl\":\"https:\/\/nembutalboutique.com\/wp-content\/uploads\/2024\/09\/3-meo-pcp.gif\",\"datePublished\":\"2024-09-16T08:14:38+00:00\",\"dateModified\":\"2024-09-20T09:44:10+00:00\",\"description\":\"Si vous souhaitez acheter du 3-Meo PCP en ligne, notre boutique en ligne Nembutal peut vous aider. Nous avons du 3-Meo PCP en vente aux meilleurs prix ici. Passez votre commande maintenant !\",\"breadcrumb\":{\"@id\":\"https:\/\/nembutalboutique.com\/produit\/3-meo-pcp\/#breadcrumb\"},\"inLanguage\":\"sv-SE\",\"potentialAction\":[{\"@type\":\"ReadAction\",\"target\":[\"https:\/\/nembutalboutique.com\/produit\/3-meo-pcp\/\"]}]},{\"@type\":\"ImageObject\",\"inLanguage\":\"sv-SE\",\"@id\":\"https:\/\/nembutalboutique.com\/produit\/3-meo-pcp\/#primaryimage\",\"url\":\"https:\/\/nembutalboutique.com\/wp-content\/uploads\/2024\/09\/3-meo-pcp.gif\",\"contentUrl\":\"https:\/\/nembutalboutique.com\/wp-content\/uploads\/2024\/09\/3-meo-pcp.gif\",\"width\":600,\"height\":600,\"caption\":\"Acheter 3-meo-pcp.gif\"},{\"@type\":\"BreadcrumbList\",\"@id\":\"https:\/\/nembutalboutique.com\/produit\/3-meo-pcp\/#breadcrumb\",\"itemListElement\":[{\"@type\":\"ListItem\",\"position\":1,\"name\":\"Home\",\"item\":\"https:\/\/nembutalboutique.com\/\"},{\"@type\":\"ListItem\",\"position\":2,\"name\":\"Boutique\",\"item\":\"https:\/\/nembutalboutique.com\/shop\/\"},{\"@type\":\"ListItem\",\"position\":3,\"name\":\"3-MEO-PCP\"}]},{\"@type\":\"WebSite\",\"@id\":\"https:\/\/nembutalboutique.com\/#website\",\"url\":\"https:\/\/nembutalboutique.com\/\",\"name\":\"Nembutal Boutique\",\"description\":\"My WordPress Blog\",\"publisher\":{\"@id\":\"https:\/\/nembutalboutique.com\/#organization\"},\"potentialAction\":[{\"@type\":\"SearchAction\",\"target\":{\"@type\":\"EntryPoint\",\"urlTemplate\":\"https:\/\/nembutalboutique.com\/?s={search_term_string}\"},\"query-input\":{\"@type\":\"PropertyValueSpecification\",\"valueRequired\":true,\"valueName\":\"search_term_string\"}}],\"inLanguage\":\"sv-SE\"},{\"@type\":\"Organization\",\"@id\":\"https:\/\/nembutalboutique.com\/#organization\",\"name\":\"Nembutal Boutique\",\"url\":\"https:\/\/nembutalboutique.com\/\",\"logo\":{\"@type\":\"ImageObject\",\"inLanguage\":\"sv-SE\",\"@id\":\"https:\/\/nembutalboutique.com\/#\/schema\/logo\/image\/\",\"url\":\"https:\/\/nembutalboutique.com\/wp-content\/uploads\/2024\/01\/logo.png\",\"contentUrl\":\"https:\/\/nembutalboutique.com\/wp-content\/uploads\/2024\/01\/logo.png\",\"width\":494,\"height\":121,\"caption\":\"Nembutal Boutique\"},\"image\":{\"@id\":\"https:\/\/nembutalboutique.com\/#\/schema\/logo\/image\/\"}}]}<\/script>\n<!-- \/ Yoast SEO plugin. -->","yoast_head_json":{"title":"K\u00f6p 3-Meo PCP online - 3-Meo PCP till salu","description":"Om du vill k\u00f6pa 3-Meo PCP online kan v\u00e5r Nembutal onlinebutik hj\u00e4lpa till. Vi har 3-Meo PCP till f\u00f6rs\u00e4ljning till de b\u00e4sta priserna h\u00e4r. G\u00f6r din best\u00e4llning nu!","robots":{"index":"index","follow":"follow","max-snippet":"max-snippet:-1","max-image-preview":"max-image-preview:large","max-video-preview":"max-video-preview:-1"},"canonical":"https:\/\/nembutalboutique.com\/sv\/produkt\/koep-3-meo-pcp\/","og_locale":"sv_SE","og_type":"article","og_title":"Acheter 3-Meo PCP en ligne - 3-Meo PCP \u00e0 vendre","og_description":"Si vous souhaitez acheter du 3-Meo PCP en ligne, notre boutique en ligne Nembutal peut vous aider. Nous avons du 3-Meo PCP en vente aux meilleurs prix ici. Passez votre commande maintenant !","og_url":"https:\/\/nembutalboutique.com\/sv\/produkt\/koep-3-meo-pcp\/","og_site_name":"Nembutal Boutique","article_modified_time":"2024-09-20T09:44:10+00:00","og_image":[{"width":600,"height":600,"url":"https:\/\/nembutalboutique.com\/wp-content\/uploads\/2024\/09\/3-meo-pcp.gif","type":"image\/gif"}],"twitter_card":"summary_large_image","twitter_misc":{"Ber\u00e4knad l\u00e4stid":"2 minuter"},"schema":{"@context":"https:\/\/schema.org","@graph":[{"@type":"WebPage","@id":"https:\/\/nembutalboutique.com\/produit\/3-meo-pcp\/","url":"https:\/\/nembutalboutique.com\/produit\/3-meo-pcp\/","name":"K\u00f6p 3-Meo PCP online - 3-Meo PCP till salu","isPartOf":{"@id":"https:\/\/nembutalboutique.com\/#website"},"primaryImageOfPage":{"@id":"https:\/\/nembutalboutique.com\/produit\/3-meo-pcp\/#primaryimage"},"image":{"@id":"https:\/\/nembutalboutique.com\/produit\/3-meo-pcp\/#primaryimage"},"thumbnailUrl":"https:\/\/nembutalboutique.com\/wp-content\/uploads\/2024\/09\/3-meo-pcp.gif","datePublished":"2024-09-16T08:14:38+00:00","dateModified":"2024-09-20T09:44:10+00:00","description":"Om du vill k\u00f6pa 3-Meo PCP online kan v\u00e5r Nembutal onlinebutik hj\u00e4lpa till. Vi har 3-Meo PCP till f\u00f6rs\u00e4ljning till de b\u00e4sta priserna h\u00e4r. G\u00f6r din best\u00e4llning nu!","breadcrumb":{"@id":"https:\/\/nembutalboutique.com\/produit\/3-meo-pcp\/#breadcrumb"},"inLanguage":"sv-SE","potentialAction":[{"@type":"ReadAction","target":["https:\/\/nembutalboutique.com\/produit\/3-meo-pcp\/"]}]},{"@type":"ImageObject","inLanguage":"sv-SE","@id":"https:\/\/nembutalboutique.com\/produit\/3-meo-pcp\/#primaryimage","url":"https:\/\/nembutalboutique.com\/wp-content\/uploads\/2024\/09\/3-meo-pcp.gif","contentUrl":"https:\/\/nembutalboutique.com\/wp-content\/uploads\/2024\/09\/3-meo-pcp.gif","width":600,"height":600,"caption":"Acheter 3-meo-pcp.gif"},{"@type":"BreadcrumbList","@id":"https:\/\/nembutalboutique.com\/produit\/3-meo-pcp\/#breadcrumb","itemListElement":[{"@type":"ListItem","position":1,"name":"Home","item":"https:\/\/nembutalboutique.com\/"},{"@type":"ListItem","position":2,"name":"Boutique","item":"https:\/\/nembutalboutique.com\/shop\/"},{"@type":"ListItem","position":3,"name":"3-MEO-PCP"}]},{"@type":"WebSite","@id":"https:\/\/nembutalboutique.com\/#website","url":"https:\/\/nembutalboutique.com\/","name":"Nembutal Boutique","description":"Min WordPress-blogg","publisher":{"@id":"https:\/\/nembutalboutique.com\/#organization"},"potentialAction":[{"@type":"SearchAction","target":{"@type":"EntryPoint","urlTemplate":"https:\/\/nembutalboutique.com\/?s={search_term_string}"},"query-input":{"@type":"PropertyValueSpecification","valueRequired":true,"valueName":"search_term_string"}}],"inLanguage":"sv-SE"},{"@type":"Organization","@id":"https:\/\/nembutalboutique.com\/#organization","name":"Nembutal Boutique","url":"https:\/\/nembutalboutique.com\/","logo":{"@type":"ImageObject","inLanguage":"sv-SE","@id":"https:\/\/nembutalboutique.com\/#\/schema\/logo\/image\/","url":"https:\/\/nembutalboutique.com\/wp-content\/uploads\/2024\/01\/logo.png","contentUrl":"https:\/\/nembutalboutique.com\/wp-content\/uploads\/2024\/01\/logo.png","width":494,"height":121,"caption":"Nembutal Boutique"},"image":{"@id":"https:\/\/nembutalboutique.com\/#\/schema\/logo\/image\/"}}]}},"_links":{"self":[{"href":"https:\/\/nembutalboutique.com\/sv\/wp-json\/wp\/v2\/product\/3058"}],"collection":[{"href":"https:\/\/nembutalboutique.com\/sv\/wp-json\/wp\/v2\/product"}],"about":[{"href":"https:\/\/nembutalboutique.com\/sv\/wp-json\/wp\/v2\/types\/product"}],"replies":[{"embeddable":true,"href":"https:\/\/nembutalboutique.com\/sv\/wp-json\/wp\/v2\/comments?post=3058"}],"wp:featuredmedia":[{"embeddable":true,"href":"https:\/\/nembutalboutique.com\/sv\/wp-json\/wp\/v2\/media\/3073"}],"wp:attachment":[{"href":"https:\/\/nembutalboutique.com\/sv\/wp-json\/wp\/v2\/media?parent=3058"}],"wp:term":[{"taxonomy":"product_brand","embeddable":true,"href":"https:\/\/nembutalboutique.com\/sv\/wp-json\/wp\/v2\/product_brand?post=3058"},{"taxonomy":"product_cat","embeddable":true,"href":"https:\/\/nembutalboutique.com\/sv\/wp-json\/wp\/v2\/product_cat?post=3058"},{"taxonomy":"product_tag","embeddable":true,"href":"https:\/\/nembutalboutique.com\/sv\/wp-json\/wp\/v2\/product_tag?post=3058"}],"curies":[{"name":"wp","href":"https:\/\/api.w.org\/{rel}","templated":true}]}}