{"id":3012,"date":"2024-09-16T08:14:16","date_gmt":"2024-09-16T08:14:16","guid":{"rendered":"https:\/\/nembutalboutique.com\/?post_type=product&#038;p=3012"},"modified":"2024-09-20T09:59:23","modified_gmt":"2024-09-20T09:59:23","slug":"th-pbp","status":"publish","type":"product","link":"https:\/\/nembutalboutique.com\/sv\/produkt\/koep-th-pbp\/","title":{"rendered":"TH-PBP"},"content":{"rendered":"<h2>K\u00f6p TH-PBP online<\/h2>\n<p>TH-PBP leverant\u00f6r, <a href=\"https:\/\/nembutalboutique.com\/produit\/th-pbp\/\">TH-PBP<\/a> till salu. TH-PBP Ausf\u00fchrer Grosshandel.<\/p>\n<p>Effekter: psykedelisk, hallucinogen och stimulerande<\/p>\n<p>Produktspecifikationer :<\/p>\n<p>Ursprungsort: Kina<\/p>\n<p>Produkttitel : TH-PBP-Pulver<\/p>\n<p>Alternativ: PBP-TH<\/p>\n<p>Fluorfenyl-propan-amin (IUPAC)<\/p>\n<p>MF :<\/p>\n<p>Reinheit: st\u00f6rre \u00e4n 99,5 %<\/p>\n<h3>H\u00e4ndelsebild: Damm, kristall<\/h3>\n<p>F\u00f6rpackning : Aluminium- eller plastp\u00e5se<br \/>\nK\u00f6p TH-<a href=\"https:\/\/en.wikipedia.org\/wiki\/PBP\">PBP<\/a> till ett rabatterat pris p\u00e5 Buy Nembutal. Vi f\u00f6rbereder de b\u00e4sta forskningskemikalierna och distribuerar dem \u00f6ver hela v\u00e4rlden. Vi packar och skickar varje produkt noggrant f\u00f6r att skydda v\u00e5ra kunders integritet och s\u00e4kerhet. Vi erbjuder rabatter f\u00f6r stora best\u00e4llningar och ett antal s\u00e4kra betalningsalternativ. Vi erbjuder ett brett utbud av produkter som \u00e4r bland de b\u00e4sta kemikalierna som finns i v\u00e4rlden. Alla v\u00e5ra produkter \u00e4r 100%-original och kan levereras \u00f6ver hela v\u00e4rlden. Vi l\u00e4gger stor vikt vid servicekvalitet och val av leverant\u00f6rer. Vi \u00e4r fast beslutna att svara snabbt p\u00e5 dina f\u00f6rfr\u00e5gningar. Slutsats: Om du letar efter dessa produkter online har du kommit till r\u00e4tt st\u00e4lle. Efter att ha registrerat paketet f\u00f6rser vi v\u00e5ra kunder med tillg\u00e4ngliga sp\u00e5rningsnummer, med vilka de kan f\u00f6lja paketet online. Trevlig shopping!<\/p>","protected":false},"excerpt":{"rendered":"<p>Acheter TH-PBP en ligne fournisseur TH-PBP, TH-PBP \u00e0 vendre. TH-PBP Ausf\u00fchrer Grosshandel. Effets : psych\u00e9d\u00e9lique, hallucinog\u00e8ne et stimulant Sp\u00e9cifications du produit : Lieu d&rsquo;origine : Chine Titre du produit : TH-PBP-Pulver Alternative : PBP-TH Fluorph\u00e9nyl-propane-amine (IUPAC) MF : Reinheit : sup\u00e9rieur \u00e0 99,5 % Image de manifestation : Poussi\u00e8re, cristal Emballage : Sachet en aluminium [&hellip;]<\/p>","protected":false},"featured_media":3038,"comment_status":"open","ping_status":"closed","template":"","meta":{"_joinchat":[]},"product_brand":[],"product_cat":[385],"product_tag":[],"class_list":{"0":"post-3012","1":"product","2":"type-product","3":"status-publish","4":"has-post-thumbnail","6":"product_cat-forschung-schemikalien","8":"first","9":"instock","10":"shipping-taxable","11":"purchasable","12":"product-type-variable"},"yoast_head":"<!-- This site is optimized with the Yoast SEO plugin v23.5 - https:\/\/yoast.com\/wordpress\/plugins\/seo\/ -->\n<title>Acheter TH-PBP en ligne - TH-PBP \u00e0 vendre - Commander TH-PBP<\/title>\n<meta name=\"description\" content=\"Si vous souhaitez acheter du TH-PBP en ligne, notre boutique en ligne Nembutal peut vous aider. Nous avons du TH-PBP en vente aux meilleurs prix ici. Passez votre commande et profitez des derni\u00e8res offres d\u00e8s aujourd&#039;hui !\" \/>\n<meta name=\"robots\" content=\"index, follow, max-snippet:-1, max-image-preview:large, max-video-preview:-1\" \/>\n<link rel=\"canonical\" href=\"https:\/\/nembutalboutique.com\/sv\/produkt\/koep-th-pbp\/\" \/>\n<meta property=\"og:locale\" content=\"sv_SE\" \/>\n<meta property=\"og:type\" content=\"article\" \/>\n<meta property=\"og:title\" content=\"Acheter TH-PBP en ligne - TH-PBP \u00e0 vendre - Commander TH-PBP\" \/>\n<meta property=\"og:description\" content=\"Si vous souhaitez acheter du TH-PBP en ligne, notre boutique en ligne Nembutal peut vous aider. Nous avons du TH-PBP en vente aux meilleurs prix ici. Passez votre commande et profitez des derni\u00e8res offres d\u00e8s aujourd&#039;hui !\" \/>\n<meta property=\"og:url\" content=\"https:\/\/nembutalboutique.com\/sv\/produkt\/koep-th-pbp\/\" \/>\n<meta property=\"og:site_name\" content=\"Nembutal Boutique\" \/>\n<meta property=\"article:modified_time\" content=\"2024-09-20T09:59:23+00:00\" \/>\n<meta property=\"og:image\" content=\"https:\/\/nembutalboutique.com\/wp-content\/uploads\/2024\/09\/TH-PBP.gif\" \/>\n\t<meta property=\"og:image:width\" content=\"600\" \/>\n\t<meta property=\"og:image:height\" content=\"600\" \/>\n\t<meta property=\"og:image:type\" content=\"image\/gif\" \/>\n<meta name=\"twitter:card\" content=\"summary_large_image\" \/>\n<meta name=\"twitter:label1\" content=\"Ber\u00e4knad l\u00e4stid\" \/>\n\t<meta name=\"twitter:data1\" content=\"2 minuter\" \/>\n<script type=\"application\/ld+json\" class=\"yoast-schema-graph\">{\"@context\":\"https:\/\/schema.org\",\"@graph\":[{\"@type\":\"WebPage\",\"@id\":\"https:\/\/nembutalboutique.com\/produit\/th-pbp\/\",\"url\":\"https:\/\/nembutalboutique.com\/produit\/th-pbp\/\",\"name\":\"Acheter TH-PBP en ligne - TH-PBP \u00e0 vendre - Commander TH-PBP\",\"isPartOf\":{\"@id\":\"https:\/\/nembutalboutique.com\/#website\"},\"primaryImageOfPage\":{\"@id\":\"https:\/\/nembutalboutique.com\/produit\/th-pbp\/#primaryimage\"},\"image\":{\"@id\":\"https:\/\/nembutalboutique.com\/produit\/th-pbp\/#primaryimage\"},\"thumbnailUrl\":\"https:\/\/nembutalboutique.com\/wp-content\/uploads\/2024\/09\/TH-PBP.gif\",\"datePublished\":\"2024-09-16T08:14:16+00:00\",\"dateModified\":\"2024-09-20T09:59:23+00:00\",\"description\":\"Si vous souhaitez acheter du TH-PBP en ligne, notre boutique en ligne Nembutal peut vous aider. Nous avons du TH-PBP en vente aux meilleurs prix ici. Passez votre commande et profitez des derni\u00e8res offres d\u00e8s aujourd'hui !\",\"breadcrumb\":{\"@id\":\"https:\/\/nembutalboutique.com\/produit\/th-pbp\/#breadcrumb\"},\"inLanguage\":\"sv-SE\",\"potentialAction\":[{\"@type\":\"ReadAction\",\"target\":[\"https:\/\/nembutalboutique.com\/produit\/th-pbp\/\"]}]},{\"@type\":\"ImageObject\",\"inLanguage\":\"sv-SE\",\"@id\":\"https:\/\/nembutalboutique.com\/produit\/th-pbp\/#primaryimage\",\"url\":\"https:\/\/nembutalboutique.com\/wp-content\/uploads\/2024\/09\/TH-PBP.gif\",\"contentUrl\":\"https:\/\/nembutalboutique.com\/wp-content\/uploads\/2024\/09\/TH-PBP.gif\",\"width\":600,\"height\":600,\"caption\":\"acheter TH-PBP.gif\"},{\"@type\":\"BreadcrumbList\",\"@id\":\"https:\/\/nembutalboutique.com\/produit\/th-pbp\/#breadcrumb\",\"itemListElement\":[{\"@type\":\"ListItem\",\"position\":1,\"name\":\"Home\",\"item\":\"https:\/\/nembutalboutique.com\/\"},{\"@type\":\"ListItem\",\"position\":2,\"name\":\"Boutique\",\"item\":\"https:\/\/nembutalboutique.com\/shop\/\"},{\"@type\":\"ListItem\",\"position\":3,\"name\":\"TH-PBP\"}]},{\"@type\":\"WebSite\",\"@id\":\"https:\/\/nembutalboutique.com\/#website\",\"url\":\"https:\/\/nembutalboutique.com\/\",\"name\":\"Nembutal Boutique\",\"description\":\"My WordPress Blog\",\"publisher\":{\"@id\":\"https:\/\/nembutalboutique.com\/#organization\"},\"potentialAction\":[{\"@type\":\"SearchAction\",\"target\":{\"@type\":\"EntryPoint\",\"urlTemplate\":\"https:\/\/nembutalboutique.com\/?s={search_term_string}\"},\"query-input\":{\"@type\":\"PropertyValueSpecification\",\"valueRequired\":true,\"valueName\":\"search_term_string\"}}],\"inLanguage\":\"sv-SE\"},{\"@type\":\"Organization\",\"@id\":\"https:\/\/nembutalboutique.com\/#organization\",\"name\":\"Nembutal Boutique\",\"url\":\"https:\/\/nembutalboutique.com\/\",\"logo\":{\"@type\":\"ImageObject\",\"inLanguage\":\"sv-SE\",\"@id\":\"https:\/\/nembutalboutique.com\/#\/schema\/logo\/image\/\",\"url\":\"https:\/\/nembutalboutique.com\/wp-content\/uploads\/2024\/01\/logo.png\",\"contentUrl\":\"https:\/\/nembutalboutique.com\/wp-content\/uploads\/2024\/01\/logo.png\",\"width\":494,\"height\":121,\"caption\":\"Nembutal Boutique\"},\"image\":{\"@id\":\"https:\/\/nembutalboutique.com\/#\/schema\/logo\/image\/\"}}]}<\/script>\n<!-- \/ Yoast SEO plugin. -->","yoast_head_json":{"title":"K\u00f6p TH-PBP online - TH-PBP till salu - Best\u00e4ll TH-PBP","description":"Om du vill k\u00f6pa TH-PBP online kan v\u00e5r Nembutal onlinebutik hj\u00e4lpa till. Vi har TH-PBP till f\u00f6rs\u00e4ljning till de b\u00e4sta priserna h\u00e4r. G\u00f6r din best\u00e4llning och dra nytta av de senaste erbjudandena idag!","robots":{"index":"index","follow":"follow","max-snippet":"max-snippet:-1","max-image-preview":"max-image-preview:large","max-video-preview":"max-video-preview:-1"},"canonical":"https:\/\/nembutalboutique.com\/sv\/produkt\/koep-th-pbp\/","og_locale":"sv_SE","og_type":"article","og_title":"Acheter TH-PBP en ligne - TH-PBP \u00e0 vendre - Commander TH-PBP","og_description":"Si vous souhaitez acheter du TH-PBP en ligne, notre boutique en ligne Nembutal peut vous aider. Nous avons du TH-PBP en vente aux meilleurs prix ici. Passez votre commande et profitez des derni\u00e8res offres d\u00e8s aujourd'hui !","og_url":"https:\/\/nembutalboutique.com\/sv\/produkt\/koep-th-pbp\/","og_site_name":"Nembutal Boutique","article_modified_time":"2024-09-20T09:59:23+00:00","og_image":[{"width":600,"height":600,"url":"https:\/\/nembutalboutique.com\/wp-content\/uploads\/2024\/09\/TH-PBP.gif","type":"image\/gif"}],"twitter_card":"summary_large_image","twitter_misc":{"Ber\u00e4knad l\u00e4stid":"2 minuter"},"schema":{"@context":"https:\/\/schema.org","@graph":[{"@type":"WebPage","@id":"https:\/\/nembutalboutique.com\/produit\/th-pbp\/","url":"https:\/\/nembutalboutique.com\/produit\/th-pbp\/","name":"K\u00f6p TH-PBP online - TH-PBP till salu - Best\u00e4ll TH-PBP","isPartOf":{"@id":"https:\/\/nembutalboutique.com\/#website"},"primaryImageOfPage":{"@id":"https:\/\/nembutalboutique.com\/produit\/th-pbp\/#primaryimage"},"image":{"@id":"https:\/\/nembutalboutique.com\/produit\/th-pbp\/#primaryimage"},"thumbnailUrl":"https:\/\/nembutalboutique.com\/wp-content\/uploads\/2024\/09\/TH-PBP.gif","datePublished":"2024-09-16T08:14:16+00:00","dateModified":"2024-09-20T09:59:23+00:00","description":"Om du vill k\u00f6pa TH-PBP online kan v\u00e5r Nembutal onlinebutik hj\u00e4lpa till. Vi har TH-PBP till f\u00f6rs\u00e4ljning till de b\u00e4sta priserna h\u00e4r. G\u00f6r din best\u00e4llning och dra nytta av de senaste erbjudandena idag!","breadcrumb":{"@id":"https:\/\/nembutalboutique.com\/produit\/th-pbp\/#breadcrumb"},"inLanguage":"sv-SE","potentialAction":[{"@type":"ReadAction","target":["https:\/\/nembutalboutique.com\/produit\/th-pbp\/"]}]},{"@type":"ImageObject","inLanguage":"sv-SE","@id":"https:\/\/nembutalboutique.com\/produit\/th-pbp\/#primaryimage","url":"https:\/\/nembutalboutique.com\/wp-content\/uploads\/2024\/09\/TH-PBP.gif","contentUrl":"https:\/\/nembutalboutique.com\/wp-content\/uploads\/2024\/09\/TH-PBP.gif","width":600,"height":600,"caption":"acheter TH-PBP.gif"},{"@type":"BreadcrumbList","@id":"https:\/\/nembutalboutique.com\/produit\/th-pbp\/#breadcrumb","itemListElement":[{"@type":"ListItem","position":1,"name":"Home","item":"https:\/\/nembutalboutique.com\/"},{"@type":"ListItem","position":2,"name":"Boutique","item":"https:\/\/nembutalboutique.com\/shop\/"},{"@type":"ListItem","position":3,"name":"TH-PBP"}]},{"@type":"WebSite","@id":"https:\/\/nembutalboutique.com\/#website","url":"https:\/\/nembutalboutique.com\/","name":"Nembutal Boutique","description":"Min WordPress-blogg","publisher":{"@id":"https:\/\/nembutalboutique.com\/#organization"},"potentialAction":[{"@type":"SearchAction","target":{"@type":"EntryPoint","urlTemplate":"https:\/\/nembutalboutique.com\/?s={search_term_string}"},"query-input":{"@type":"PropertyValueSpecification","valueRequired":true,"valueName":"search_term_string"}}],"inLanguage":"sv-SE"},{"@type":"Organization","@id":"https:\/\/nembutalboutique.com\/#organization","name":"Nembutal Boutique","url":"https:\/\/nembutalboutique.com\/","logo":{"@type":"ImageObject","inLanguage":"sv-SE","@id":"https:\/\/nembutalboutique.com\/#\/schema\/logo\/image\/","url":"https:\/\/nembutalboutique.com\/wp-content\/uploads\/2024\/01\/logo.png","contentUrl":"https:\/\/nembutalboutique.com\/wp-content\/uploads\/2024\/01\/logo.png","width":494,"height":121,"caption":"Nembutal Boutique"},"image":{"@id":"https:\/\/nembutalboutique.com\/#\/schema\/logo\/image\/"}}]}},"_links":{"self":[{"href":"https:\/\/nembutalboutique.com\/sv\/wp-json\/wp\/v2\/product\/3012"}],"collection":[{"href":"https:\/\/nembutalboutique.com\/sv\/wp-json\/wp\/v2\/product"}],"about":[{"href":"https:\/\/nembutalboutique.com\/sv\/wp-json\/wp\/v2\/types\/product"}],"replies":[{"embeddable":true,"href":"https:\/\/nembutalboutique.com\/sv\/wp-json\/wp\/v2\/comments?post=3012"}],"wp:featuredmedia":[{"embeddable":true,"href":"https:\/\/nembutalboutique.com\/sv\/wp-json\/wp\/v2\/media\/3038"}],"wp:attachment":[{"href":"https:\/\/nembutalboutique.com\/sv\/wp-json\/wp\/v2\/media?parent=3012"}],"wp:term":[{"taxonomy":"product_brand","embeddable":true,"href":"https:\/\/nembutalboutique.com\/sv\/wp-json\/wp\/v2\/product_brand?post=3012"},{"taxonomy":"product_cat","embeddable":true,"href":"https:\/\/nembutalboutique.com\/sv\/wp-json\/wp\/v2\/product_cat?post=3012"},{"taxonomy":"product_tag","embeddable":true,"href":"https:\/\/nembutalboutique.com\/sv\/wp-json\/wp\/v2\/product_tag?post=3012"}],"curies":[{"name":"wp","href":"https:\/\/api.w.org\/{rel}","templated":true}]}}