{"id":3010,"date":"2024-09-16T08:14:16","date_gmt":"2024-09-16T08:14:16","guid":{"rendered":"https:\/\/nembutalboutique.com\/?post_type=product&#038;p=3010"},"modified":"2024-09-20T09:53:41","modified_gmt":"2024-09-20T09:53:41","slug":"thirtylone","status":"publish","type":"product","link":"https:\/\/nembutalboutique.com\/sv\/produkt\/koepa-thirtylone\/","title":{"rendered":"TRETTIOETT"},"content":{"rendered":"<h2>K\u00f6p Kristall-Thirtylon, TIRTYLON-KRISTALL ONLINE REA TIRTYLONE<\/h2>\n<p><a href=\"https:\/\/nembutalboutique.com\/produit\/acheter-thirtylone\/\">K\u00f6p Thirtylon<\/a> (stor kristall) kallas ibland TTE och thylendioxy-N-etylcathinon. Det \u00e4r en av de mest popul\u00e4ra och allm\u00e4nt anv\u00e4nda ers\u00e4ttningarna f\u00f6r eten och polyester. Denna nya f\u00f6rening \u00e4r utan tvekan en av de senaste kemikalierna som n\u00e5tt marknaden. TTE \u00e4r starkare \u00e4n sin motsvarighet, samtidigt som den f\u00f6r f\u00f6rsta g\u00e5ngen syntetiserades fr\u00e5n eten, vilket f\u00f6rklarar varf\u00f6r det finns s\u00e5 m\u00e5nga likheter mellan de tv\u00e5 molekylerna.<\/p>\n<p>Positiva svar kan omfatta f\u00f6ljande:<\/p>\n<p>Inre lugn, ro, eufori, f\u00e4rguppfattning, empatiska effekter, interaktogena effekter och en k\u00e4nsla av samh\u00f6righet med omv\u00e4rlden och andra m\u00e4nniskor.<\/p>\n<h3>N\u00e5gra av de ofrivilliga reaktionerna inkluderar:<\/h3>\n<p>\u00c5ngest, depression och blodtryck<\/p>\n<p>h\u00f6g kroppstemperatur, hj\u00e4rtproblem, paranoia och brachreiz.<\/p>\n<p>Medan symtom p\u00e5 yrsel f\u00f6rekommer oftare och n\u00e4stan universellt bland anv\u00e4ndare, \u00e4r milda hallucinationer faktiskt s\u00e4llsynta.<br \/>\nTill skillnad fr\u00e5n andra \u00e4mnen har kommersiellt tillg\u00e4nglig tritylon (stor kristall) en mer komplex struktur, vilket faktiskt \u00e4r extremt ovanligt. Den <a href=\"https:\/\/en.wikipedia.org\/wiki\/Methylone\">Thirtylon<\/a>En stor kristall, den k\u00f6ps f\u00f6r n\u00e4rvarande huvudsakligen online f\u00f6r ett brett spektrum av applikationer, \u00e4ven om den ocks\u00e5 kan l\u00e4ggas till andra behandlingsplaner och applikationer. \u00c4ven med s\u00e5 m\u00e5nga ingredienser \u00e4r denna ingrediens fortfarande bland de b\u00e4sta. Det har gynnsamma effekter och skiljer sig fr\u00e5n traditionella preparat och andra syntetiska l\u00e4kemedel; det kan dock ocks\u00e5 ha allvarligare biverkningar \u00e4n traditionella l\u00e4kemedel.<\/p>\n<p>N\u00e4r du k\u00f6per st\u00f6rre kristaller, till exempel Thirtylon, b\u00f6r du v\u00e4lja ett material med en renhet p\u00e5 \u00f6ver 90 %. Detta indikerar att materialet kan anv\u00e4ndas f\u00f6r alla \u00e4ndam\u00e5l. N\u00e4r du anv\u00e4nder produkten med den h\u00f6gsta renhetsniv\u00e5n \u00e4r inget reng\u00f6ringssteg n\u00f6dv\u00e4ndigt. Du kan f\u00f6lja<br \/>\nH\u00e4lsningar fr\u00e5n Kaufen Nembutal.<\/p>\n<p>Denna webbplats \u00e4r endast avsedd f\u00f6r vuxna anv\u00e4ndare. Anv\u00e4ndare av denna webbplats m\u00e5ste vara minst arton \u00e5r gamla. Ingen under arton \u00e5r f\u00e5r k\u00f6pa n\u00e5gon av v\u00e5ra produkter. Pharma Source \u00e4r en expertleverant\u00f6r av farmaceutiska och medicinska mellanprodukter.<\/p>\n<h3>Biverkningar av Thirtyone<\/h3>\n<p>Thirtylone har ett brett spektrum av fysiologiska och kognitiva effekter. Depression i sig \u00e4r en av dess biverkningar, \u00e4ven om den kan anv\u00e4ndas f\u00f6r att bek\u00e4mpa depression. Extrem sp\u00e4nning och \u00e5ngest kan uppst\u00e5 om l\u00e4kemedlet misshandlas. L\u00e4kemedlet \u00e4r ocks\u00e5 k\u00e4nt f\u00f6r att orsaka en \u00f6kning av kroppstemperaturen och hj\u00e4rtproblem; andra biverkningar inkluderar paranoia och illam\u00e5ende. I s\u00e4llsynta och allvarliga fall har l\u00e4kemedlet ocks\u00e5 orsakat mindre hallucinationer vid intag.<\/p>\n<p>Skillnader i medicinering kan ha skadliga effekter.<\/p>\n<h3>Dosering och \u00f6verdosering av Thirtylone<\/h3>\n<p>Doseringen av detta l\u00e4kemedel \u00e4r ok\u00e4nd, eftersom det hittills endast har testats p\u00e5 djur, och dess anv\u00e4ndning p\u00e5 m\u00e4nniskor avr\u00e5ds starkt.<\/p>\n<p>En \u00f6verdosering kan orsaka dessa biverkningar samt andra o\u00f6nskade effekter s\u00e5som allvarlig bl\u00f6dning eller i v\u00e4rsta fall d\u00f6dsfall.<\/p>\n<h3>Thirtylones r\u00e4ttsliga status<\/h3>\n<p>P\u00e5 grund av dess k\u00e4nda skadliga effekter och felanv\u00e4ndning \u00e4r produktion, distribution och innehav av denna produkt olaglig i de flesta l\u00e4nder.<\/p>\n<h3>Var kan jag k\u00f6pa Thirtylone?<\/h3>\n<p>L\u00e4kemedel av god kvalitet finns tillg\u00e4ngliga \u00f6ver hela v\u00e4rlden p\u00e5 v\u00e5r marknadsplats f\u00f6r onlineapotek, till mycket konkurrenskraftiga priser f\u00f6r laboratorier, apotek, forskningscentra eller enskilda konsumenter.<\/p>","protected":false},"excerpt":{"rendered":"<p>Acheter Kristall-Thirtylon, TIRTYLON-KRISTALL VENDRE EN LIGNE TIRTYLONE Acheter Thirtylon (gros cristal) est parfois appel\u00e9 TTE et thylendioxy-N-\u00e9thylcathinon. C&rsquo;est l&rsquo;un des substituts les plus appr\u00e9ci\u00e9s et les plus utilis\u00e9s de l&rsquo;\u00e9thyl\u00e8ne et du polyester. Ce nouveau compos\u00e9 fait sans aucun doute partie des produits chimiques les plus r\u00e9cents \u00e0 arriver sur le march\u00e9. Le TTE est [&hellip;]<\/p>","protected":false},"featured_media":3036,"comment_status":"open","ping_status":"closed","template":"","meta":{"_joinchat":[]},"product_brand":[],"product_cat":[386,385],"product_tag":[],"class_list":{"0":"post-3010","1":"product","2":"type-product","3":"status-publish","4":"has-post-thumbnail","6":"product_cat-cannabinoids","7":"product_cat-forschung-schemikalien","9":"first","10":"instock","11":"shipping-taxable","12":"purchasable","13":"product-type-variable"},"yoast_head":"<!-- This site is optimized with the Yoast SEO plugin v23.5 - https:\/\/yoast.com\/wordpress\/plugins\/seo\/ -->\n<title>Achetez THIRTYLONE en ligne - THIRTYLONE \u00e0 vendre<\/title>\n<meta name=\"description\" content=\"C&#039;est le meilleur moment pour visiter notre boutique en ligne et acheter THIRTYLONE en ligne. Nous avons THIRTYLONE de haute qualit\u00e9 \u00e0 vendre ici au prix le plus abordable. Rencontrez-nous en ligne et passez votre commande d\u00e8s aujourd&#039;hui.\" \/>\n<meta name=\"robots\" content=\"index, follow, max-snippet:-1, max-image-preview:large, max-video-preview:-1\" \/>\n<link rel=\"canonical\" href=\"https:\/\/nembutalboutique.com\/sv\/produkt\/koepa-thirtylone\/\" \/>\n<meta property=\"og:locale\" content=\"sv_SE\" \/>\n<meta property=\"og:type\" content=\"article\" \/>\n<meta property=\"og:title\" content=\"Achetez THIRTYLONE en ligne - THIRTYLONE \u00e0 vendre\" \/>\n<meta property=\"og:description\" content=\"C&#039;est le meilleur moment pour visiter notre boutique en ligne et acheter THIRTYLONE en ligne. Nous avons THIRTYLONE de haute qualit\u00e9 \u00e0 vendre ici au prix le plus abordable. Rencontrez-nous en ligne et passez votre commande d\u00e8s aujourd&#039;hui.\" \/>\n<meta property=\"og:url\" content=\"https:\/\/nembutalboutique.com\/sv\/produkt\/koepa-thirtylone\/\" \/>\n<meta property=\"og:site_name\" content=\"Nembutal Boutique\" \/>\n<meta property=\"article:modified_time\" content=\"2024-09-20T09:53:41+00:00\" \/>\n<meta property=\"og:image\" content=\"https:\/\/nembutalboutique.com\/wp-content\/uploads\/2024\/09\/Thirtylone.gif\" \/>\n\t<meta property=\"og:image:width\" content=\"600\" \/>\n\t<meta property=\"og:image:height\" content=\"600\" \/>\n\t<meta property=\"og:image:type\" content=\"image\/gif\" \/>\n<meta name=\"twitter:card\" content=\"summary_large_image\" \/>\n<meta name=\"twitter:label1\" content=\"Ber\u00e4knad l\u00e4stid\" \/>\n\t<meta name=\"twitter:data1\" content=\"3 minuter\" \/>\n<script type=\"application\/ld+json\" class=\"yoast-schema-graph\">{\"@context\":\"https:\/\/schema.org\",\"@graph\":[{\"@type\":\"WebPage\",\"@id\":\"https:\/\/nembutalboutique.com\/produit\/thirtylone\/\",\"url\":\"https:\/\/nembutalboutique.com\/produit\/thirtylone\/\",\"name\":\"Achetez THIRTYLONE en ligne - THIRTYLONE \u00e0 vendre\",\"isPartOf\":{\"@id\":\"https:\/\/nembutalboutique.com\/#website\"},\"primaryImageOfPage\":{\"@id\":\"https:\/\/nembutalboutique.com\/produit\/thirtylone\/#primaryimage\"},\"image\":{\"@id\":\"https:\/\/nembutalboutique.com\/produit\/thirtylone\/#primaryimage\"},\"thumbnailUrl\":\"https:\/\/nembutalboutique.com\/wp-content\/uploads\/2024\/09\/Thirtylone.gif\",\"datePublished\":\"2024-09-16T08:14:16+00:00\",\"dateModified\":\"2024-09-20T09:53:41+00:00\",\"description\":\"C'est le meilleur moment pour visiter notre boutique en ligne et acheter THIRTYLONE en ligne. Nous avons THIRTYLONE de haute qualit\u00e9 \u00e0 vendre ici au prix le plus abordable. Rencontrez-nous en ligne et passez votre commande d\u00e8s aujourd'hui.\",\"breadcrumb\":{\"@id\":\"https:\/\/nembutalboutique.com\/produit\/thirtylone\/#breadcrumb\"},\"inLanguage\":\"sv-SE\",\"potentialAction\":[{\"@type\":\"ReadAction\",\"target\":[\"https:\/\/nembutalboutique.com\/produit\/thirtylone\/\"]}]},{\"@type\":\"ImageObject\",\"inLanguage\":\"sv-SE\",\"@id\":\"https:\/\/nembutalboutique.com\/produit\/thirtylone\/#primaryimage\",\"url\":\"https:\/\/nembutalboutique.com\/wp-content\/uploads\/2024\/09\/Thirtylone.gif\",\"contentUrl\":\"https:\/\/nembutalboutique.com\/wp-content\/uploads\/2024\/09\/Thirtylone.gif\",\"width\":600,\"height\":600,\"caption\":\"acheter Thirtylone.gif\"},{\"@type\":\"BreadcrumbList\",\"@id\":\"https:\/\/nembutalboutique.com\/produit\/thirtylone\/#breadcrumb\",\"itemListElement\":[{\"@type\":\"ListItem\",\"position\":1,\"name\":\"Home\",\"item\":\"https:\/\/nembutalboutique.com\/\"},{\"@type\":\"ListItem\",\"position\":2,\"name\":\"Boutique\",\"item\":\"https:\/\/nembutalboutique.com\/shop\/\"},{\"@type\":\"ListItem\",\"position\":3,\"name\":\"THIRTYLONE\"}]},{\"@type\":\"WebSite\",\"@id\":\"https:\/\/nembutalboutique.com\/#website\",\"url\":\"https:\/\/nembutalboutique.com\/\",\"name\":\"Nembutal Boutique\",\"description\":\"My WordPress Blog\",\"publisher\":{\"@id\":\"https:\/\/nembutalboutique.com\/#organization\"},\"potentialAction\":[{\"@type\":\"SearchAction\",\"target\":{\"@type\":\"EntryPoint\",\"urlTemplate\":\"https:\/\/nembutalboutique.com\/?s={search_term_string}\"},\"query-input\":{\"@type\":\"PropertyValueSpecification\",\"valueRequired\":true,\"valueName\":\"search_term_string\"}}],\"inLanguage\":\"sv-SE\"},{\"@type\":\"Organization\",\"@id\":\"https:\/\/nembutalboutique.com\/#organization\",\"name\":\"Nembutal Boutique\",\"url\":\"https:\/\/nembutalboutique.com\/\",\"logo\":{\"@type\":\"ImageObject\",\"inLanguage\":\"sv-SE\",\"@id\":\"https:\/\/nembutalboutique.com\/#\/schema\/logo\/image\/\",\"url\":\"https:\/\/nembutalboutique.com\/wp-content\/uploads\/2024\/01\/logo.png\",\"contentUrl\":\"https:\/\/nembutalboutique.com\/wp-content\/uploads\/2024\/01\/logo.png\",\"width\":494,\"height\":121,\"caption\":\"Nembutal Boutique\"},\"image\":{\"@id\":\"https:\/\/nembutalboutique.com\/#\/schema\/logo\/image\/\"}}]}<\/script>\n<!-- \/ Yoast SEO plugin. -->","yoast_head_json":{"title":"K\u00f6p THIRTYLONE online - THIRTYLONE till salu","description":"Det h\u00e4r \u00e4r den b\u00e4sta tiden att bes\u00f6ka v\u00e5r onlinebutik och k\u00f6pa THIRTYLONE online. Vi har THIRTYLONE av h\u00f6g kvalitet till salu h\u00e4r till det mest \u00f6verkomliga priset. Tr\u00e4ffa oss online och g\u00f6r din best\u00e4llning idag.","robots":{"index":"index","follow":"follow","max-snippet":"max-snippet:-1","max-image-preview":"max-image-preview:large","max-video-preview":"max-video-preview:-1"},"canonical":"https:\/\/nembutalboutique.com\/sv\/produkt\/koepa-thirtylone\/","og_locale":"sv_SE","og_type":"article","og_title":"Achetez THIRTYLONE en ligne - THIRTYLONE \u00e0 vendre","og_description":"C'est le meilleur moment pour visiter notre boutique en ligne et acheter THIRTYLONE en ligne. Nous avons THIRTYLONE de haute qualit\u00e9 \u00e0 vendre ici au prix le plus abordable. Rencontrez-nous en ligne et passez votre commande d\u00e8s aujourd'hui.","og_url":"https:\/\/nembutalboutique.com\/sv\/produkt\/koepa-thirtylone\/","og_site_name":"Nembutal Boutique","article_modified_time":"2024-09-20T09:53:41+00:00","og_image":[{"width":600,"height":600,"url":"https:\/\/nembutalboutique.com\/wp-content\/uploads\/2024\/09\/Thirtylone.gif","type":"image\/gif"}],"twitter_card":"summary_large_image","twitter_misc":{"Ber\u00e4knad l\u00e4stid":"3 minuter"},"schema":{"@context":"https:\/\/schema.org","@graph":[{"@type":"WebPage","@id":"https:\/\/nembutalboutique.com\/produit\/thirtylone\/","url":"https:\/\/nembutalboutique.com\/produit\/thirtylone\/","name":"K\u00f6p THIRTYLONE online - THIRTYLONE till salu","isPartOf":{"@id":"https:\/\/nembutalboutique.com\/#website"},"primaryImageOfPage":{"@id":"https:\/\/nembutalboutique.com\/produit\/thirtylone\/#primaryimage"},"image":{"@id":"https:\/\/nembutalboutique.com\/produit\/thirtylone\/#primaryimage"},"thumbnailUrl":"https:\/\/nembutalboutique.com\/wp-content\/uploads\/2024\/09\/Thirtylone.gif","datePublished":"2024-09-16T08:14:16+00:00","dateModified":"2024-09-20T09:53:41+00:00","description":"Det h\u00e4r \u00e4r den b\u00e4sta tiden att bes\u00f6ka v\u00e5r onlinebutik och k\u00f6pa THIRTYLONE online. Vi har THIRTYLONE av h\u00f6g kvalitet till salu h\u00e4r till det mest \u00f6verkomliga priset. Tr\u00e4ffa oss online och g\u00f6r din best\u00e4llning idag.","breadcrumb":{"@id":"https:\/\/nembutalboutique.com\/produit\/thirtylone\/#breadcrumb"},"inLanguage":"sv-SE","potentialAction":[{"@type":"ReadAction","target":["https:\/\/nembutalboutique.com\/produit\/thirtylone\/"]}]},{"@type":"ImageObject","inLanguage":"sv-SE","@id":"https:\/\/nembutalboutique.com\/produit\/thirtylone\/#primaryimage","url":"https:\/\/nembutalboutique.com\/wp-content\/uploads\/2024\/09\/Thirtylone.gif","contentUrl":"https:\/\/nembutalboutique.com\/wp-content\/uploads\/2024\/09\/Thirtylone.gif","width":600,"height":600,"caption":"acheter Thirtylone.gif"},{"@type":"BreadcrumbList","@id":"https:\/\/nembutalboutique.com\/produit\/thirtylone\/#breadcrumb","itemListElement":[{"@type":"ListItem","position":1,"name":"Home","item":"https:\/\/nembutalboutique.com\/"},{"@type":"ListItem","position":2,"name":"Boutique","item":"https:\/\/nembutalboutique.com\/shop\/"},{"@type":"ListItem","position":3,"name":"THIRTYLONE"}]},{"@type":"WebSite","@id":"https:\/\/nembutalboutique.com\/#website","url":"https:\/\/nembutalboutique.com\/","name":"Nembutal Boutique","description":"Min WordPress-blogg","publisher":{"@id":"https:\/\/nembutalboutique.com\/#organization"},"potentialAction":[{"@type":"SearchAction","target":{"@type":"EntryPoint","urlTemplate":"https:\/\/nembutalboutique.com\/?s={search_term_string}"},"query-input":{"@type":"PropertyValueSpecification","valueRequired":true,"valueName":"search_term_string"}}],"inLanguage":"sv-SE"},{"@type":"Organization","@id":"https:\/\/nembutalboutique.com\/#organization","name":"Nembutal Boutique","url":"https:\/\/nembutalboutique.com\/","logo":{"@type":"ImageObject","inLanguage":"sv-SE","@id":"https:\/\/nembutalboutique.com\/#\/schema\/logo\/image\/","url":"https:\/\/nembutalboutique.com\/wp-content\/uploads\/2024\/01\/logo.png","contentUrl":"https:\/\/nembutalboutique.com\/wp-content\/uploads\/2024\/01\/logo.png","width":494,"height":121,"caption":"Nembutal Boutique"},"image":{"@id":"https:\/\/nembutalboutique.com\/#\/schema\/logo\/image\/"}}]}},"_links":{"self":[{"href":"https:\/\/nembutalboutique.com\/sv\/wp-json\/wp\/v2\/product\/3010"}],"collection":[{"href":"https:\/\/nembutalboutique.com\/sv\/wp-json\/wp\/v2\/product"}],"about":[{"href":"https:\/\/nembutalboutique.com\/sv\/wp-json\/wp\/v2\/types\/product"}],"replies":[{"embeddable":true,"href":"https:\/\/nembutalboutique.com\/sv\/wp-json\/wp\/v2\/comments?post=3010"}],"wp:featuredmedia":[{"embeddable":true,"href":"https:\/\/nembutalboutique.com\/sv\/wp-json\/wp\/v2\/media\/3036"}],"wp:attachment":[{"href":"https:\/\/nembutalboutique.com\/sv\/wp-json\/wp\/v2\/media?parent=3010"}],"wp:term":[{"taxonomy":"product_brand","embeddable":true,"href":"https:\/\/nembutalboutique.com\/sv\/wp-json\/wp\/v2\/product_brand?post=3010"},{"taxonomy":"product_cat","embeddable":true,"href":"https:\/\/nembutalboutique.com\/sv\/wp-json\/wp\/v2\/product_cat?post=3010"},{"taxonomy":"product_tag","embeddable":true,"href":"https:\/\/nembutalboutique.com\/sv\/wp-json\/wp\/v2\/product_tag?post=3010"}],"curies":[{"name":"wp","href":"https:\/\/api.w.org\/{rel}","templated":true}]}}