{"id":2934,"date":"2024-09-16T08:13:35","date_gmt":"2024-09-16T08:13:35","guid":{"rendered":"https:\/\/nembutalboutique.com\/?post_type=product&#038;p=2934"},"modified":"2024-09-20T10:14:18","modified_gmt":"2024-09-20T10:14:18","slug":"mphp","status":"publish","type":"product","link":"https:\/\/nembutalboutique.com\/sv\/produkt\/koepa-mphp-online\/","title":{"rendered":"MPHP"},"content":{"rendered":"<h2>Var kan jag k\u00f6pa MPHP-2201 online?<br \/>\nVad \u00e4r MPHP-2201?<\/h2>\n<p>5-Fluorine MPP-PICA \u00e4r en analytisk referensstandard som anv\u00e4nds i kriminaltekniska och forskningsapplikationer. Dess struktur liknar den hos k\u00e4nda syntetiska cannabinoider. K\u00f6pa <a href=\"https:\/\/nembutalboutique.com\/produit\/mphp\/\">MPHP-2201<\/a> online nu.<\/p>\n<p>Tekniska detaljer : MPHP-2201 finns att k\u00f6pa online<\/p>\n<p>Tillverkarens namn : -<\/p>\n<p>CAS-nummer :<\/p>\n<p>Ett annat namn f\u00f6r denna produkt \u00e4r MPHP-2201.<\/p>\n<p>Molekyl\u00e4r formel: -<\/p>\n<p>Vikt i gram: - g\/mol<\/p>\n<p>Reinheit 98%<\/p>\n<p>Formulering :<\/p>\n<p>Frakt och lagring : K\u00f6p MPHP-2201 online<\/p>\n<p>F\u00f6rvaring: -20\u00b0C<\/p>\n<p>Leverans: Rumstemperatur<\/p>\n<p>Stabilitet: &lt; 2 \u00e5r<\/p>\n<p>Specifikationer<br \/>\nF\u00e4rggel<br \/>\nSe \u00e4ven: Pulver<\/p>\n<p>Den kallas ibland 5-Fluor-MPhP-PICA och 5-Fluor-MPP-PICA. Det \u00e4r en forskningsmetodik som ofta anv\u00e4nds i m\u00e5nga laboratorier och forskningsanl\u00e4ggningar.<\/p>\n<p>Allt sammantaget \u00e4r <a href=\"https:\/\/en.wikipedia.org\/wiki\/4%27-Methyl-%CE%B1-pyrrolidinohexiophenone\">MPHP-2201<\/a> har ett Ki-v\u00e4rde p\u00e5 1,0 nM f\u00f6r CB1 cannabinoidreceptorer och 2,6 nM f\u00f6r CB2 cannabinoidreceptorer, vilket g\u00f6r den till en kraftfull antagonist.<\/p>\n<p>Dessutom \u00e4r dess anv\u00e4ndning p\u00e5 m\u00e4nniskor eller djur f\u00f6rbjuden p\u00e5 grund av dess toxicitet. Den \u00e4r formad som en gr\u00f6n paprika och har en Reinheitsgrad p\u00e5 98 %.<\/p>\n<p>MPHP-2201-kemins natur MPHP-2201 \u00e4r ett nytt l\u00e4kemedel som anv\u00e4nds \u00f6ver hela v\u00e4rlden som ett alternativ till AM-2201. En enda kemisk seine kan anv\u00e4ndas.<\/p>\n<p>IUPAC-beteckningen f\u00f6r MPHP-2201 \u00e4r metyl-(1-(5-fluorpentyl)-1H-indol-3-karbonyl)fenylalanin.<\/p>\n<p>Massa och summeringsform: Detta \u00e4mne har en molekylvikt p\u00e5 410,5 g\/mol och summeringsformen Reinheitsgrad och Wellenl\u00e4nge: MPHP-2201 har en Wellenl\u00e4nge p\u00e5 216 till 291 nm och en Reinheitsgrad p\u00e5 99 %.<\/p>\n<h3>Vilka \u00e4r effekterna av MPHP-2201?<\/h3>\n<p>Effekterna av MPHP-2201 liknar dem av AM-2201, en potent variant av syntetisk cannabis. Inga relevanta studier har utf\u00f6rts om effekterna p\u00e5 m\u00e4nniskor. Anv\u00e4ndarerfarenhet tyder p\u00e5 att det kan ha en inverkan p\u00e5 fysisk och psykisk h\u00e4lsa i synnerhet.<\/p>\n<p>Psykologiska symtom som \u00e5ngestattacker, panikattacker, hallucinationer och paranoia kan f\u00f6rekomma efter operationen.<\/p>\n<p>MPHP-2201 kan d\u00e4rf\u00f6r ocks\u00e5 ha fysiska effekter. Patienter kan uppleva br\u00e4nnande k\u00e4nsla, kramper, halsbr\u00e4nna och buksm\u00e4rtor.<\/p>\n<h3>Obs: denna produkt \u00e4r inte avsedd att anv\u00e4ndas av m\u00e4nniskor eller djur.<\/h3>\n<p>Doseringsriktlinjer f\u00f6r MPHP-2201 Enligt patientrapporter \u00e4r den typiska dosen av MPHP-2201 100 mg. Ingen specialist vet. Om du tar mer \u00e4n 100 mg kommer du att uppleva b\u00e5de f\u00f6rdelaktiga och negativa effekter.<\/p>\n<p>Allvarliga effekter kan dock uppst\u00e5 om du tar en st\u00f6rre dos eller om du kombinerar det med andra l\u00e4kemedel, t.ex. alkohol.<\/p>\n<p>Det kan ha potentiellt d\u00f6dliga effekter p\u00e5 m\u00e4nniskokroppen och orsaka organskador.<\/p>\n<h3>R\u00e4ttslig status f\u00f6r MPHP-2201<\/h3>\n<p>Fr\u00e4mst p\u00e5 grund av dess kraftfulla och skadliga effekter \u00e4r AM-2201 f\u00f6rbjuden enligt lag i m\u00e5nga l\u00e4nder. Det faktum att dess motsvarighet MPHP-2201 varken \u00e4r f\u00f6rbjuden eller reglerad \u00e4r en f\u00f6rdel f\u00f6r forskare.<\/p>\n<p>Det finns ocks\u00e5 tillg\u00e4ngligt online i m\u00e5nga l\u00e4nder som en forskningskemikalie eller syntetisk drog.<\/p>\n<p>Detta l\u00e4kemedel m\u00e5ste dock uppfylla s\u00e4rskilda restriktioner i l\u00e4nder med liknande str\u00e4ng lagstiftning.<\/p>\n<p>Innan du skickar en best\u00e4llning, v\u00e4nligen bekr\u00e4fta att detta material<br \/>\ninte \u00e4r f\u00f6rbjuden eller begr\u00e4nsad i ditt land.<\/p>\n<h3>MPHP n\u00e4r du k\u00f6per nembutal: k\u00f6p det eftersom kvalitet r\u00e4knas!<\/h3>\n<p>K\u00f6p MPHP online fr\u00e5n de b\u00e4sta professionellt tillverkade europeiska kemiska f\u00f6retagen till 98 % minimum + Reinheit-garanti. Vi tillhandah\u00e5ller COA f\u00f6r varje sats som produceras kemiskt under v\u00e5r forskning!<\/p>\n<p>Material i MPHP<\/p>\n<h3>Inneh\u00e5ller minst 98 % ren MPHP per kontrollenhet.<\/h3>\n<p>Fastst\u00e4llande av MPHP<\/p>\n<p>Eftersom MPHP endast s\u00e4ljs f\u00f6r anv\u00e4ndning i vetenskaplig kemisk forskning och inte \u00e4r avsedd f\u00f6r m\u00e4nsklig konsumtion, finns det ingen rekommenderad dosering.<\/p>\n<h3>Effekter av MPHP :<\/h3>\n<p>De kliniska effekterna av de flesta av de nya syntetiska drogerna, s\u00e5som MPHP, kan klassificeras som stimulerande, hallucinogena eller opioidliknande. Dessutom har du en kombination av dessa effekter med substitution av syntetiska droger.<\/p>\n<h3>Biverkningar av MPHP<\/h3>\n<p>Liksom med andra syntetiska droger kan anv\u00e4ndningen av MPHP ha betydande biverkningar. orsaka skada; substansen har inte testats kliniskt eller godk\u00e4nts p\u00e5 n\u00e5got s\u00e4tt som en produkt f\u00f6r ut\u00f6varen! MPHP \u00e4r d\u00e4rf\u00f6r endast avsett f\u00f6r vetenskaplig forskning och inte f\u00f6r m\u00e4nskligt bruk!<\/p>\n<h3>F\u00f6rst\u00e5else f\u00f6r hur man sparar MPHP<\/h3>\n<p>F\u00f6rvara din MPHP vid en temperatur under 30 grader Celsius. MPHP ska f\u00f6rvaras i sin originalf\u00f6rpackning, skyddas fr\u00e5n direkt solljus och h\u00e5llas fuktig.<\/p>","protected":false},"excerpt":{"rendered":"<p>O\u00f9 puis-je acheter du MPHP-2201 en ligne\u00a0? Qu&rsquo;est-ce que le MPHP-2201\u00a0? Le 5-Fluorine MPP-PICA est un \u00e9talon de r\u00e9f\u00e9rence analytique utilis\u00e9 dans les applications m\u00e9dico-l\u00e9gales et de recherche. Sa structure est similaire \u00e0 celle des cannabino\u00efdes synth\u00e9tiques connus. Achetez du MPHP-2201 en ligne d\u00e8s maintenant. D\u00e9tails techniques\u00a0: MPHP-2201 disponible \u00e0 l&rsquo;achat en ligne Nom du [&hellip;]<\/p>","protected":false},"featured_media":2940,"comment_status":"open","ping_status":"closed","template":"","meta":{"_joinchat":[]},"product_brand":[],"product_cat":[385],"product_tag":[],"class_list":{"0":"post-2934","1":"product","2":"type-product","3":"status-publish","4":"has-post-thumbnail","6":"product_cat-forschung-schemikalien","8":"first","9":"instock","10":"shipping-taxable","11":"purchasable","12":"product-type-variable"},"yoast_head":"<!-- This site is optimized with the Yoast SEO plugin v23.5 - https:\/\/yoast.com\/wordpress\/plugins\/seo\/ -->\n<title>Achetez du MPHP en ligne - MPHP \u00e0 vendre<\/title>\n<meta name=\"description\" content=\"Vous souhaitez acheter du MPHP en ligne \u00e0 un prix raisonnable ? Visitez notre boutique en ligne r\u00e9put\u00e9e NembutalBoutique et obtenez du MPHP en vente d\u00e8s aujourd&#039;hui. Passez une commande maintenant !\" \/>\n<meta name=\"robots\" content=\"index, follow, max-snippet:-1, max-image-preview:large, max-video-preview:-1\" \/>\n<link rel=\"canonical\" href=\"https:\/\/nembutalboutique.com\/sv\/produkt\/koepa-mphp-online\/\" \/>\n<meta property=\"og:locale\" content=\"sv_SE\" \/>\n<meta property=\"og:type\" content=\"article\" \/>\n<meta property=\"og:title\" content=\"Achetez du MPHP en ligne - MPHP \u00e0 vendre\" \/>\n<meta property=\"og:description\" content=\"Vous souhaitez acheter du MPHP en ligne \u00e0 un prix raisonnable ? Visitez notre boutique en ligne r\u00e9put\u00e9e NembutalBoutique et obtenez du MPHP en vente d\u00e8s aujourd&#039;hui. Passez une commande maintenant !\" \/>\n<meta property=\"og:url\" content=\"https:\/\/nembutalboutique.com\/sv\/produkt\/koepa-mphp-online\/\" \/>\n<meta property=\"og:site_name\" content=\"Nembutal Boutique\" \/>\n<meta property=\"article:modified_time\" content=\"2024-09-20T10:14:18+00:00\" \/>\n<meta property=\"og:image\" content=\"https:\/\/nembutalboutique.com\/wp-content\/uploads\/2024\/09\/MPHP.gif\" \/>\n\t<meta property=\"og:image:width\" content=\"600\" \/>\n\t<meta property=\"og:image:height\" content=\"600\" \/>\n\t<meta property=\"og:image:type\" content=\"image\/gif\" \/>\n<meta name=\"twitter:card\" content=\"summary_large_image\" \/>\n<meta name=\"twitter:label1\" content=\"Ber\u00e4knad l\u00e4stid\" \/>\n\t<meta name=\"twitter:data1\" content=\"4 minuter\" \/>\n<script type=\"application\/ld+json\" class=\"yoast-schema-graph\">{\"@context\":\"https:\/\/schema.org\",\"@graph\":[{\"@type\":\"WebPage\",\"@id\":\"https:\/\/nembutalboutique.com\/produit\/mphp\/\",\"url\":\"https:\/\/nembutalboutique.com\/produit\/mphp\/\",\"name\":\"Achetez du MPHP en ligne - MPHP \u00e0 vendre\",\"isPartOf\":{\"@id\":\"https:\/\/nembutalboutique.com\/#website\"},\"primaryImageOfPage\":{\"@id\":\"https:\/\/nembutalboutique.com\/produit\/mphp\/#primaryimage\"},\"image\":{\"@id\":\"https:\/\/nembutalboutique.com\/produit\/mphp\/#primaryimage\"},\"thumbnailUrl\":\"https:\/\/nembutalboutique.com\/wp-content\/uploads\/2024\/09\/MPHP.gif\",\"datePublished\":\"2024-09-16T08:13:35+00:00\",\"dateModified\":\"2024-09-20T10:14:18+00:00\",\"description\":\"Vous souhaitez acheter du MPHP en ligne \u00e0 un prix raisonnable ? Visitez notre boutique en ligne r\u00e9put\u00e9e NembutalBoutique et obtenez du MPHP en vente d\u00e8s aujourd'hui. Passez une commande maintenant !\",\"breadcrumb\":{\"@id\":\"https:\/\/nembutalboutique.com\/produit\/mphp\/#breadcrumb\"},\"inLanguage\":\"sv-SE\",\"potentialAction\":[{\"@type\":\"ReadAction\",\"target\":[\"https:\/\/nembutalboutique.com\/produit\/mphp\/\"]}]},{\"@type\":\"ImageObject\",\"inLanguage\":\"sv-SE\",\"@id\":\"https:\/\/nembutalboutique.com\/produit\/mphp\/#primaryimage\",\"url\":\"https:\/\/nembutalboutique.com\/wp-content\/uploads\/2024\/09\/MPHP.gif\",\"contentUrl\":\"https:\/\/nembutalboutique.com\/wp-content\/uploads\/2024\/09\/MPHP.gif\",\"width\":600,\"height\":600,\"caption\":\"Acheter MPHP.gif\"},{\"@type\":\"BreadcrumbList\",\"@id\":\"https:\/\/nembutalboutique.com\/produit\/mphp\/#breadcrumb\",\"itemListElement\":[{\"@type\":\"ListItem\",\"position\":1,\"name\":\"Home\",\"item\":\"https:\/\/nembutalboutique.com\/\"},{\"@type\":\"ListItem\",\"position\":2,\"name\":\"Boutique\",\"item\":\"https:\/\/nembutalboutique.com\/shop\/\"},{\"@type\":\"ListItem\",\"position\":3,\"name\":\"MPHP\"}]},{\"@type\":\"WebSite\",\"@id\":\"https:\/\/nembutalboutique.com\/#website\",\"url\":\"https:\/\/nembutalboutique.com\/\",\"name\":\"Nembutal Boutique\",\"description\":\"My WordPress Blog\",\"publisher\":{\"@id\":\"https:\/\/nembutalboutique.com\/#organization\"},\"potentialAction\":[{\"@type\":\"SearchAction\",\"target\":{\"@type\":\"EntryPoint\",\"urlTemplate\":\"https:\/\/nembutalboutique.com\/?s={search_term_string}\"},\"query-input\":{\"@type\":\"PropertyValueSpecification\",\"valueRequired\":true,\"valueName\":\"search_term_string\"}}],\"inLanguage\":\"sv-SE\"},{\"@type\":\"Organization\",\"@id\":\"https:\/\/nembutalboutique.com\/#organization\",\"name\":\"Nembutal Boutique\",\"url\":\"https:\/\/nembutalboutique.com\/\",\"logo\":{\"@type\":\"ImageObject\",\"inLanguage\":\"sv-SE\",\"@id\":\"https:\/\/nembutalboutique.com\/#\/schema\/logo\/image\/\",\"url\":\"https:\/\/nembutalboutique.com\/wp-content\/uploads\/2024\/01\/logo.png\",\"contentUrl\":\"https:\/\/nembutalboutique.com\/wp-content\/uploads\/2024\/01\/logo.png\",\"width\":494,\"height\":121,\"caption\":\"Nembutal Boutique\"},\"image\":{\"@id\":\"https:\/\/nembutalboutique.com\/#\/schema\/logo\/image\/\"}}]}<\/script>\n<!-- \/ Yoast SEO plugin. -->","yoast_head_json":{"title":"K\u00f6p MPHP online - MPHP till salu","description":"Vill du k\u00f6pa MPHP online till ett rimligt pris? Bes\u00f6k v\u00e5r ansedda onlinebutik NembutalBoutique och f\u00e5 MPHP till f\u00f6rs\u00e4ljning idag. G\u00f6r en best\u00e4llning nu!","robots":{"index":"index","follow":"follow","max-snippet":"max-snippet:-1","max-image-preview":"max-image-preview:large","max-video-preview":"max-video-preview:-1"},"canonical":"https:\/\/nembutalboutique.com\/sv\/produkt\/koepa-mphp-online\/","og_locale":"sv_SE","og_type":"article","og_title":"Achetez du MPHP en ligne - MPHP \u00e0 vendre","og_description":"Vous souhaitez acheter du MPHP en ligne \u00e0 un prix raisonnable ? Visitez notre boutique en ligne r\u00e9put\u00e9e NembutalBoutique et obtenez du MPHP en vente d\u00e8s aujourd'hui. Passez une commande maintenant !","og_url":"https:\/\/nembutalboutique.com\/sv\/produkt\/koepa-mphp-online\/","og_site_name":"Nembutal Boutique","article_modified_time":"2024-09-20T10:14:18+00:00","og_image":[{"width":600,"height":600,"url":"https:\/\/nembutalboutique.com\/wp-content\/uploads\/2024\/09\/MPHP.gif","type":"image\/gif"}],"twitter_card":"summary_large_image","twitter_misc":{"Ber\u00e4knad l\u00e4stid":"4 minuter"},"schema":{"@context":"https:\/\/schema.org","@graph":[{"@type":"WebPage","@id":"https:\/\/nembutalboutique.com\/produit\/mphp\/","url":"https:\/\/nembutalboutique.com\/produit\/mphp\/","name":"K\u00f6p MPHP online - MPHP till salu","isPartOf":{"@id":"https:\/\/nembutalboutique.com\/#website"},"primaryImageOfPage":{"@id":"https:\/\/nembutalboutique.com\/produit\/mphp\/#primaryimage"},"image":{"@id":"https:\/\/nembutalboutique.com\/produit\/mphp\/#primaryimage"},"thumbnailUrl":"https:\/\/nembutalboutique.com\/wp-content\/uploads\/2024\/09\/MPHP.gif","datePublished":"2024-09-16T08:13:35+00:00","dateModified":"2024-09-20T10:14:18+00:00","description":"Vill du k\u00f6pa MPHP online till ett rimligt pris? Bes\u00f6k v\u00e5r ansedda onlinebutik NembutalBoutique och f\u00e5 MPHP till f\u00f6rs\u00e4ljning idag. G\u00f6r en best\u00e4llning nu!","breadcrumb":{"@id":"https:\/\/nembutalboutique.com\/produit\/mphp\/#breadcrumb"},"inLanguage":"sv-SE","potentialAction":[{"@type":"ReadAction","target":["https:\/\/nembutalboutique.com\/produit\/mphp\/"]}]},{"@type":"ImageObject","inLanguage":"sv-SE","@id":"https:\/\/nembutalboutique.com\/produit\/mphp\/#primaryimage","url":"https:\/\/nembutalboutique.com\/wp-content\/uploads\/2024\/09\/MPHP.gif","contentUrl":"https:\/\/nembutalboutique.com\/wp-content\/uploads\/2024\/09\/MPHP.gif","width":600,"height":600,"caption":"Acheter MPHP.gif"},{"@type":"BreadcrumbList","@id":"https:\/\/nembutalboutique.com\/produit\/mphp\/#breadcrumb","itemListElement":[{"@type":"ListItem","position":1,"name":"Home","item":"https:\/\/nembutalboutique.com\/"},{"@type":"ListItem","position":2,"name":"Boutique","item":"https:\/\/nembutalboutique.com\/shop\/"},{"@type":"ListItem","position":3,"name":"MPHP"}]},{"@type":"WebSite","@id":"https:\/\/nembutalboutique.com\/#website","url":"https:\/\/nembutalboutique.com\/","name":"Nembutal Boutique","description":"Min WordPress-blogg","publisher":{"@id":"https:\/\/nembutalboutique.com\/#organization"},"potentialAction":[{"@type":"SearchAction","target":{"@type":"EntryPoint","urlTemplate":"https:\/\/nembutalboutique.com\/?s={search_term_string}"},"query-input":{"@type":"PropertyValueSpecification","valueRequired":true,"valueName":"search_term_string"}}],"inLanguage":"sv-SE"},{"@type":"Organization","@id":"https:\/\/nembutalboutique.com\/#organization","name":"Nembutal Boutique","url":"https:\/\/nembutalboutique.com\/","logo":{"@type":"ImageObject","inLanguage":"sv-SE","@id":"https:\/\/nembutalboutique.com\/#\/schema\/logo\/image\/","url":"https:\/\/nembutalboutique.com\/wp-content\/uploads\/2024\/01\/logo.png","contentUrl":"https:\/\/nembutalboutique.com\/wp-content\/uploads\/2024\/01\/logo.png","width":494,"height":121,"caption":"Nembutal Boutique"},"image":{"@id":"https:\/\/nembutalboutique.com\/#\/schema\/logo\/image\/"}}]}},"_links":{"self":[{"href":"https:\/\/nembutalboutique.com\/sv\/wp-json\/wp\/v2\/product\/2934"}],"collection":[{"href":"https:\/\/nembutalboutique.com\/sv\/wp-json\/wp\/v2\/product"}],"about":[{"href":"https:\/\/nembutalboutique.com\/sv\/wp-json\/wp\/v2\/types\/product"}],"replies":[{"embeddable":true,"href":"https:\/\/nembutalboutique.com\/sv\/wp-json\/wp\/v2\/comments?post=2934"}],"wp:featuredmedia":[{"embeddable":true,"href":"https:\/\/nembutalboutique.com\/sv\/wp-json\/wp\/v2\/media\/2940"}],"wp:attachment":[{"href":"https:\/\/nembutalboutique.com\/sv\/wp-json\/wp\/v2\/media?parent=2934"}],"wp:term":[{"taxonomy":"product_brand","embeddable":true,"href":"https:\/\/nembutalboutique.com\/sv\/wp-json\/wp\/v2\/product_brand?post=2934"},{"taxonomy":"product_cat","embeddable":true,"href":"https:\/\/nembutalboutique.com\/sv\/wp-json\/wp\/v2\/product_cat?post=2934"},{"taxonomy":"product_tag","embeddable":true,"href":"https:\/\/nembutalboutique.com\/sv\/wp-json\/wp\/v2\/product_tag?post=2934"}],"curies":[{"name":"wp","href":"https:\/\/api.w.org\/{rel}","templated":true}]}}