{"id":2933,"date":"2024-09-16T08:13:35","date_gmt":"2024-09-16T08:13:35","guid":{"rendered":"https:\/\/nembutalboutique.com\/?post_type=product&#038;p=2933"},"modified":"2024-09-20T10:14:55","modified_gmt":"2024-09-20T10:14:55","slug":"methoxetamine","status":"publish","type":"product","link":"https:\/\/nembutalboutique.com\/sv\/produkt\/koepa-metoxetamin\/","title":{"rendered":"metoxetamin"},"content":{"rendered":"<h2>K\u00f6p metoxetamin online<\/h2>\n<p>K\u00f6p metoxetamin (MXE) forskningskemikalie online | CAS-nummer: 1239943-76-0<br \/>\nK\u00f6p metoxetamin online Methoxetamine (MXE) ger anv\u00e4ndarna dissociativa egenskaper som f\u00e5r dem att k\u00e4nna sig som om de inte \u00e4r en del av sin milj\u00f6 eller kropp. Dissociativa egenskaper kan f\u00f6r\u00e4ndra uppfattningen och orsaka hallucinationer. Det var avsett f\u00f6r f\u00f6rs\u00e4ljning p\u00e5 den svarta marknaden och skiljer sig fr\u00e5n m\u00e5nga andra droger som ketamin och fencyklidin (PCP), som producerades som receptbelagda l\u00e4kemedel f\u00f6r anv\u00e4ndning som blodsubstitut. K\u00f6p <a href=\"https:\/\/nembutalboutique.com\/produit\/methoxetamine\/\">metoxetamin (MXE)<\/a> online.<\/p>\n<h3>Leverant\u00f6r av metoxetamin i F\u00f6renta staterna och Kanada MXE<\/h3>\n<p>Dessutom har leverant\u00f6ren av metylfenidat, MXE Methoxetamine, formeln C15H21NO2 och en molekylvikt p\u00e5 247,33 g\/mol. En monoisotopisk massa p\u00e5 247,157227 Da och en genomsnittlig massa p\u00e5 247,332703 Da hittades. Den amerikanska leverant\u00f6ren Acquire MXE Crystals, ofta kallad Buy Methoxetamine, \u00e4r en dissociativ hallucinogen som har marknadsf\u00f6rts som ett designerl\u00e4kemedel. Det \u00e4r inte samma sak som m\u00e5nga dissociativa medel som ketamin och fencyklidin (PCP).<\/p>\n<h3>Online-s\u00e4ljare av metylxetamin (MXE) i Australien<\/h3>\n<p>La <a href=\"https:\/\/en.wikipedia.org\/wiki\/Methoxetamine\">metoxetamin (MXE)<\/a> var en klass B-substans som nyligen m\u00e4rktes som en \"legal high\". Dess CAS-nummer var 1239943-76-0. Vi k\u00e4nner till dess kemiska f\u00f6rh\u00e5llande till \"dissociativa anestetika\" som PCP och ketamin. en j\u00e4mf\u00f6relse av kunskap och r\u00e5d. fr\u00e5n Private Konten. MXE verkar vara mer potent \u00e4n ketamin, vilket \u00f6kar risken f\u00f6r \u00f6verdosering. K\u00f6p metylfenidat online och i USA. Som med andra droger kan du aldrig vara s\u00e4ker p\u00e5 att \u00e4mnet du tar inneh\u00e5ller MXE. Det s\u00e4ljs inte till andra m\u00e4nniskor, de destruktiva effekterna kan vara skadliga. Amerikansk leverant\u00f6r av metylfenidat.<\/p>\n<p>Metoxetaminforskningskemikalier: leta efter en lokal leverant\u00f6r av metoxetaminkristaller MXE \u00e4r en mycket effektiv metod f\u00f6r att bek\u00e4mpa depression. Ofta p\u00e5 n\u00e5gra minuter och till och med i m\u00e4ngder som g\u00f6r mycket liten skada. Anv\u00e4ndare kan anv\u00e4nda l\u00e4kemedlet regelbundet f\u00f6r att kontrollera och lindra uppr\u00f6rande eller sm\u00e4rtsamma k\u00e4nslor eller minnen. Detta kan leda till psykologisk n\u00f6d. F\u00e5 forsknings\u00e4mnet i metoxetamin h\u00e4r.<\/p>\n<p>Till\u00e4mpning av MXE-metoxetaminleverant\u00f6rer Som med andra droger kan du aldrig vara s\u00e4ker p\u00e5 att det du tar inte kommer att ha n\u00e5gra negativa effekter p\u00e5 dig. Att k\u00f6pa MXE \u00e4r ett extremt effektivt s\u00e4tt att snabbt minska depression. K\u00f6p metoxetamin online ofta inom n\u00e5gra minuter och inom n\u00e5gra minuter, konsumera endast sm\u00e5 m\u00e4ngder.<\/p>\n<h3>Hur ska MXPr HCL f\u00f6rvaras?<\/h3>\n<p>F\u00f6rvaras svalt, torrt, i skugga och inte i direkt solljus. MXPr HCL ska f\u00f6rvaras svalt, torrt och skyddat fr\u00e5n direkt solljus. Den kan h\u00e5llas i gott skick i upp till tv\u00e5 \u00e5r vid l\u00e4mplig f\u00f6rvaring.<\/p>\n<h3>F\u00f6rebyggande \u00e5tg\u00e4rder<\/h3>\n<p>V\u00e5ra produkter \u00e4r endast avsedda f\u00f6r forsknings\u00e4ndam\u00e5l och \u00e4r inte avsedda f\u00f6r m\u00e4nsklig konsumtion. L\u00e4mpliga s\u00e4kerhets\u00e5tg\u00e4rder m\u00e5ste vidtas vid forskning p\u00e5 dessa kemikalier.<\/p>\n<h3>Slutsats om ansvar<\/h3>\n<p>MXPr HCL rekommenderas inte f\u00f6r anv\u00e4ndning inom human- eller veterin\u00e4rmedicin. \u00c4mnet m\u00e5ste f\u00f6rvaras i en sval, torr beh\u00e5llare och o\u00e5tkomligt f\u00f6r barn. Vid hantering av \u00e4mnet i laboratoriet m\u00e5ste skyddsutrustning s\u00e5som handskar, skyddsglas\u00f6gon och l\u00e4mpliga arbetskl\u00e4der anv\u00e4ndas f\u00f6r att undvika kroppskontakt.<\/p>\n<h3>\u00c4r MXPr HCL godk\u00e4nt?<\/h3>\n<p>N\u00e4r det g\u00e4ller lagligheten av MXPr HCL rekommenderar vi starkt att du bekantar dig med lagarna i ditt bos\u00e4ttningsland och\/eller leveransadress. Vi vidtar alla rimliga \u00e5tg\u00e4rder f\u00f6r att minimera risken f\u00f6r v\u00e5ra kunder p\u00e5 grund av v\u00e5ra aktiva fraktrestriktioner. Den globala milj\u00f6n f\u00f6r\u00e4ndras dock st\u00e4ndigt och Buyen Nembutal. kan inte h\u00e5llas ansvarig f\u00f6r eventuella komplikationer som kan uppst\u00e5. Sist men inte minst \u00e4r det k\u00f6parens ansvar att se till att produkten inte bryter mot n\u00e5gra lagar eller f\u00f6rordningar hos leverant\u00f6ren.<\/p>\n<h3>Var kan jag k\u00f6pa MXPr HCL?<\/h3>\n<p>K\u00f6p Huvudleverant\u00f6ren av h\u00f6gkvalitativ MXPr HCL f\u00f6r forskning \u00e4r Nembutal. MXPr HCL kommer i pulverform och finns att k\u00f6pa p\u00e5 webbplatsen. Produkten \u00e4r endast avsedd f\u00f6r laboratorie- och forskningsbruk. Den f\u00e5r endast s\u00e4ljas till personer som \u00e4r arton \u00e5r eller \u00e4ldre.<\/p>","protected":false},"excerpt":{"rendered":"<p>Acheter de la m\u00e9thox\u00e9tamine en ligne Acheter du produit chimique de recherche m\u00e9thox\u00e9tamine (MXE) en ligne | Num\u00e9ro CAS\u00a0: 1239943-76-0 Acheter de la m\u00e9thox\u00e9tamine en ligne, la m\u00e9thox\u00e9tamine (MXE) conf\u00e8re aux utilisateurs les propri\u00e9t\u00e9s dissociatives qui leur donnent l&rsquo;impression de ne pas faire partie de leur environnement ou de leur corps. Les dissociatifs peuvent modifier [&hellip;]<\/p>","protected":false},"featured_media":2939,"comment_status":"open","ping_status":"closed","template":"","meta":{"_joinchat":[]},"product_brand":[],"product_cat":[447],"product_tag":[],"class_list":{"0":"post-2933","1":"product","2":"type-product","3":"status-publish","4":"has-post-thumbnail","6":"product_cat-stimulants","8":"first","9":"instock","10":"shipping-taxable","11":"purchasable","12":"product-type-variable"},"yoast_head":"<!-- This site is optimized with the Yoast SEO plugin v23.5 - https:\/\/yoast.com\/wordpress\/plugins\/seo\/ -->\n<title>Acheter de la m\u00e9thox\u00e9tamine en ligne - Vente de m\u00e9thox\u00e9tamine<\/title>\n<meta name=\"description\" content=\"Vous pouvez contacter notre boutique Nembutal et acheter de la m\u00e9thox\u00e9tamine en ligne. Nous avons de la m\u00e9thox\u00e9tamine en vente \u00e0 des prix bon march\u00e9. Procurez-vous la v\u00f4tre chez vous tout de suite !\" \/>\n<meta name=\"robots\" content=\"index, follow, max-snippet:-1, max-image-preview:large, max-video-preview:-1\" \/>\n<link rel=\"canonical\" href=\"https:\/\/nembutalboutique.com\/sv\/produkt\/koepa-metoxetamin\/\" \/>\n<meta property=\"og:locale\" content=\"sv_SE\" \/>\n<meta property=\"og:type\" content=\"article\" \/>\n<meta property=\"og:title\" content=\"Acheter de la m\u00e9thox\u00e9tamine en ligne - Vente de m\u00e9thox\u00e9tamine\" \/>\n<meta property=\"og:description\" content=\"Vous pouvez contacter notre boutique Nembutal et acheter de la m\u00e9thox\u00e9tamine en ligne. Nous avons de la m\u00e9thox\u00e9tamine en vente \u00e0 des prix bon march\u00e9. Procurez-vous la v\u00f4tre chez vous tout de suite !\" \/>\n<meta property=\"og:url\" content=\"https:\/\/nembutalboutique.com\/sv\/produkt\/koepa-metoxetamin\/\" \/>\n<meta property=\"og:site_name\" content=\"Nembutal Boutique\" \/>\n<meta property=\"article:modified_time\" content=\"2024-09-20T10:14:55+00:00\" \/>\n<meta property=\"og:image\" content=\"https:\/\/nembutalboutique.com\/wp-content\/uploads\/2024\/09\/Methoxetamine.gif\" \/>\n\t<meta property=\"og:image:width\" content=\"600\" \/>\n\t<meta property=\"og:image:height\" content=\"600\" \/>\n\t<meta property=\"og:image:type\" content=\"image\/gif\" \/>\n<meta name=\"twitter:card\" content=\"summary_large_image\" \/>\n<meta name=\"twitter:label1\" content=\"Ber\u00e4knad l\u00e4stid\" \/>\n\t<meta name=\"twitter:data1\" content=\"4 minuter\" \/>\n<script type=\"application\/ld+json\" class=\"yoast-schema-graph\">{\"@context\":\"https:\/\/schema.org\",\"@graph\":[{\"@type\":\"WebPage\",\"@id\":\"https:\/\/nembutalboutique.com\/produit\/methoxetamine\/\",\"url\":\"https:\/\/nembutalboutique.com\/produit\/methoxetamine\/\",\"name\":\"Acheter de la m\u00e9thox\u00e9tamine en ligne - Vente de m\u00e9thox\u00e9tamine\",\"isPartOf\":{\"@id\":\"https:\/\/nembutalboutique.com\/#website\"},\"primaryImageOfPage\":{\"@id\":\"https:\/\/nembutalboutique.com\/produit\/methoxetamine\/#primaryimage\"},\"image\":{\"@id\":\"https:\/\/nembutalboutique.com\/produit\/methoxetamine\/#primaryimage\"},\"thumbnailUrl\":\"https:\/\/nembutalboutique.com\/wp-content\/uploads\/2024\/09\/Methoxetamine.gif\",\"datePublished\":\"2024-09-16T08:13:35+00:00\",\"dateModified\":\"2024-09-20T10:14:55+00:00\",\"description\":\"Vous pouvez contacter notre boutique Nembutal et acheter de la m\u00e9thox\u00e9tamine en ligne. Nous avons de la m\u00e9thox\u00e9tamine en vente \u00e0 des prix bon march\u00e9. Procurez-vous la v\u00f4tre chez vous tout de suite !\",\"breadcrumb\":{\"@id\":\"https:\/\/nembutalboutique.com\/produit\/methoxetamine\/#breadcrumb\"},\"inLanguage\":\"sv-SE\",\"potentialAction\":[{\"@type\":\"ReadAction\",\"target\":[\"https:\/\/nembutalboutique.com\/produit\/methoxetamine\/\"]}]},{\"@type\":\"ImageObject\",\"inLanguage\":\"sv-SE\",\"@id\":\"https:\/\/nembutalboutique.com\/produit\/methoxetamine\/#primaryimage\",\"url\":\"https:\/\/nembutalboutique.com\/wp-content\/uploads\/2024\/09\/Methoxetamine.gif\",\"contentUrl\":\"https:\/\/nembutalboutique.com\/wp-content\/uploads\/2024\/09\/Methoxetamine.gif\",\"width\":600,\"height\":600,\"caption\":\"Acheter Methoxetamine.gif\"},{\"@type\":\"BreadcrumbList\",\"@id\":\"https:\/\/nembutalboutique.com\/produit\/methoxetamine\/#breadcrumb\",\"itemListElement\":[{\"@type\":\"ListItem\",\"position\":1,\"name\":\"Home\",\"item\":\"https:\/\/nembutalboutique.com\/\"},{\"@type\":\"ListItem\",\"position\":2,\"name\":\"Boutique\",\"item\":\"https:\/\/nembutalboutique.com\/shop\/\"},{\"@type\":\"ListItem\",\"position\":3,\"name\":\"m\u00e9thox\u00e9tamine\"}]},{\"@type\":\"WebSite\",\"@id\":\"https:\/\/nembutalboutique.com\/#website\",\"url\":\"https:\/\/nembutalboutique.com\/\",\"name\":\"Nembutal Boutique\",\"description\":\"My WordPress Blog\",\"publisher\":{\"@id\":\"https:\/\/nembutalboutique.com\/#organization\"},\"potentialAction\":[{\"@type\":\"SearchAction\",\"target\":{\"@type\":\"EntryPoint\",\"urlTemplate\":\"https:\/\/nembutalboutique.com\/?s={search_term_string}\"},\"query-input\":{\"@type\":\"PropertyValueSpecification\",\"valueRequired\":true,\"valueName\":\"search_term_string\"}}],\"inLanguage\":\"sv-SE\"},{\"@type\":\"Organization\",\"@id\":\"https:\/\/nembutalboutique.com\/#organization\",\"name\":\"Nembutal Boutique\",\"url\":\"https:\/\/nembutalboutique.com\/\",\"logo\":{\"@type\":\"ImageObject\",\"inLanguage\":\"sv-SE\",\"@id\":\"https:\/\/nembutalboutique.com\/#\/schema\/logo\/image\/\",\"url\":\"https:\/\/nembutalboutique.com\/wp-content\/uploads\/2024\/01\/logo.png\",\"contentUrl\":\"https:\/\/nembutalboutique.com\/wp-content\/uploads\/2024\/01\/logo.png\",\"width\":494,\"height\":121,\"caption\":\"Nembutal Boutique\"},\"image\":{\"@id\":\"https:\/\/nembutalboutique.com\/#\/schema\/logo\/image\/\"}}]}<\/script>\n<!-- \/ Yoast SEO plugin. -->","yoast_head_json":{"title":"K\u00f6p metoxetamin online - Metoxetamin till salu","description":"Du kan kontakta v\u00e5r Nembutal-butik och k\u00f6pa metoxetamin online. Vi har metoxetamin till salu till billiga priser. F\u00e5 din hemma direkt!","robots":{"index":"index","follow":"follow","max-snippet":"max-snippet:-1","max-image-preview":"max-image-preview:large","max-video-preview":"max-video-preview:-1"},"canonical":"https:\/\/nembutalboutique.com\/sv\/produkt\/koepa-metoxetamin\/","og_locale":"sv_SE","og_type":"article","og_title":"Acheter de la m\u00e9thox\u00e9tamine en ligne - Vente de m\u00e9thox\u00e9tamine","og_description":"Vous pouvez contacter notre boutique Nembutal et acheter de la m\u00e9thox\u00e9tamine en ligne. Nous avons de la m\u00e9thox\u00e9tamine en vente \u00e0 des prix bon march\u00e9. Procurez-vous la v\u00f4tre chez vous tout de suite !","og_url":"https:\/\/nembutalboutique.com\/sv\/produkt\/koepa-metoxetamin\/","og_site_name":"Nembutal Boutique","article_modified_time":"2024-09-20T10:14:55+00:00","og_image":[{"width":600,"height":600,"url":"https:\/\/nembutalboutique.com\/wp-content\/uploads\/2024\/09\/Methoxetamine.gif","type":"image\/gif"}],"twitter_card":"summary_large_image","twitter_misc":{"Ber\u00e4knad l\u00e4stid":"4 minuter"},"schema":{"@context":"https:\/\/schema.org","@graph":[{"@type":"WebPage","@id":"https:\/\/nembutalboutique.com\/produit\/methoxetamine\/","url":"https:\/\/nembutalboutique.com\/produit\/methoxetamine\/","name":"K\u00f6p metoxetamin online - Metoxetamin till salu","isPartOf":{"@id":"https:\/\/nembutalboutique.com\/#website"},"primaryImageOfPage":{"@id":"https:\/\/nembutalboutique.com\/produit\/methoxetamine\/#primaryimage"},"image":{"@id":"https:\/\/nembutalboutique.com\/produit\/methoxetamine\/#primaryimage"},"thumbnailUrl":"https:\/\/nembutalboutique.com\/wp-content\/uploads\/2024\/09\/Methoxetamine.gif","datePublished":"2024-09-16T08:13:35+00:00","dateModified":"2024-09-20T10:14:55+00:00","description":"Du kan kontakta v\u00e5r Nembutal-butik och k\u00f6pa metoxetamin online. Vi har metoxetamin till salu till billiga priser. F\u00e5 din hemma direkt!","breadcrumb":{"@id":"https:\/\/nembutalboutique.com\/produit\/methoxetamine\/#breadcrumb"},"inLanguage":"sv-SE","potentialAction":[{"@type":"ReadAction","target":["https:\/\/nembutalboutique.com\/produit\/methoxetamine\/"]}]},{"@type":"ImageObject","inLanguage":"sv-SE","@id":"https:\/\/nembutalboutique.com\/produit\/methoxetamine\/#primaryimage","url":"https:\/\/nembutalboutique.com\/wp-content\/uploads\/2024\/09\/Methoxetamine.gif","contentUrl":"https:\/\/nembutalboutique.com\/wp-content\/uploads\/2024\/09\/Methoxetamine.gif","width":600,"height":600,"caption":"Acheter Methoxetamine.gif"},{"@type":"BreadcrumbList","@id":"https:\/\/nembutalboutique.com\/produit\/methoxetamine\/#breadcrumb","itemListElement":[{"@type":"ListItem","position":1,"name":"Home","item":"https:\/\/nembutalboutique.com\/"},{"@type":"ListItem","position":2,"name":"Boutique","item":"https:\/\/nembutalboutique.com\/shop\/"},{"@type":"ListItem","position":3,"name":"m\u00e9thox\u00e9tamine"}]},{"@type":"WebSite","@id":"https:\/\/nembutalboutique.com\/#website","url":"https:\/\/nembutalboutique.com\/","name":"Nembutal Boutique","description":"Min WordPress-blogg","publisher":{"@id":"https:\/\/nembutalboutique.com\/#organization"},"potentialAction":[{"@type":"SearchAction","target":{"@type":"EntryPoint","urlTemplate":"https:\/\/nembutalboutique.com\/?s={search_term_string}"},"query-input":{"@type":"PropertyValueSpecification","valueRequired":true,"valueName":"search_term_string"}}],"inLanguage":"sv-SE"},{"@type":"Organization","@id":"https:\/\/nembutalboutique.com\/#organization","name":"Nembutal Boutique","url":"https:\/\/nembutalboutique.com\/","logo":{"@type":"ImageObject","inLanguage":"sv-SE","@id":"https:\/\/nembutalboutique.com\/#\/schema\/logo\/image\/","url":"https:\/\/nembutalboutique.com\/wp-content\/uploads\/2024\/01\/logo.png","contentUrl":"https:\/\/nembutalboutique.com\/wp-content\/uploads\/2024\/01\/logo.png","width":494,"height":121,"caption":"Nembutal Boutique"},"image":{"@id":"https:\/\/nembutalboutique.com\/#\/schema\/logo\/image\/"}}]}},"_links":{"self":[{"href":"https:\/\/nembutalboutique.com\/sv\/wp-json\/wp\/v2\/product\/2933"}],"collection":[{"href":"https:\/\/nembutalboutique.com\/sv\/wp-json\/wp\/v2\/product"}],"about":[{"href":"https:\/\/nembutalboutique.com\/sv\/wp-json\/wp\/v2\/types\/product"}],"replies":[{"embeddable":true,"href":"https:\/\/nembutalboutique.com\/sv\/wp-json\/wp\/v2\/comments?post=2933"}],"wp:featuredmedia":[{"embeddable":true,"href":"https:\/\/nembutalboutique.com\/sv\/wp-json\/wp\/v2\/media\/2939"}],"wp:attachment":[{"href":"https:\/\/nembutalboutique.com\/sv\/wp-json\/wp\/v2\/media?parent=2933"}],"wp:term":[{"taxonomy":"product_brand","embeddable":true,"href":"https:\/\/nembutalboutique.com\/sv\/wp-json\/wp\/v2\/product_brand?post=2933"},{"taxonomy":"product_cat","embeddable":true,"href":"https:\/\/nembutalboutique.com\/sv\/wp-json\/wp\/v2\/product_cat?post=2933"},{"taxonomy":"product_tag","embeddable":true,"href":"https:\/\/nembutalboutique.com\/sv\/wp-json\/wp\/v2\/product_tag?post=2933"}],"curies":[{"name":"wp","href":"https:\/\/api.w.org\/{rel}","templated":true}]}}