{"id":2931,"date":"2024-09-16T08:13:34","date_gmt":"2024-09-16T08:13:34","guid":{"rendered":"https:\/\/nembutalboutique.com\/?post_type=product&#038;p=2931"},"modified":"2024-09-20T10:13:13","modified_gmt":"2024-09-20T10:13:13","slug":"mdma","status":"publish","type":"product","link":"https:\/\/nembutalboutique.com\/sv\/produkt\/koepa-mdma-online\/","title":{"rendered":"MDMA"},"content":{"rendered":"<h2>K\u00f6p MDMA-Kristalle online - MDMA-Kristalle online<\/h2>\n<p>MDMA, \u00e4ven k\u00e4nt som 3,4-metylendioxymetamfetamin, \u00e4r en psykoaktiv substans som framkallar lycka och empati. MDMA utvecklades ursprungligen som ett receptbelagt l\u00e4kemedel f\u00f6r behandling av posttraumatiskt stressyndrom (PTSD). P\u00e5 grund av dess utbredda anv\u00e4ndning som partydroger har l\u00e4ttillg\u00e4nglig ren MDMA vunnit popularitet som en rekreationssubstans. Drogen kallas ibland Ecstasy eller Molly. MDMA-Kristalle online \u00e4r ett kraftfullt stimulerande medel som f\u00f6r\u00e4ndrar serotoninspegeln i kroppen. Detta resulterar i \u00f6kad vitalitet, koncentration och lycka.<\/p>\n<h3>K\u00f6p MDMDA online fr\u00e5n en p\u00e5litlig leverant\u00f6r eller f\u00f6rs\u00e4ljare av MDMDA.<\/h3>\n<p>Metylendioximetamfetamin, \u00e4ven k\u00e4nt som MDMA, \u00e4r en psykoaktiv substans som f\u00e5r anv\u00e4ndarna att k\u00e4nna sig optimistiska, energiska, reflekterande och uppr\u00f6rda. N\u00e4r MDMA f\u00f6rst framst\u00e4lldes som en forskningskemikalie 1912 syntetiserades den. P\u00e5 1970-talet b\u00f6rjade MDMA dock bli popul\u00e4rt bland m\u00e4nniskor som anv\u00e4nde det f\u00f6r n\u00f6jes skull. Enligt Controlled Substances Act \u00e4r MDMA olagligt \u00e4n i dag.<\/p>\n<h3>Var kan jag k\u00f6pa MDMA online?<\/h3>\n<p>Det finns flera st\u00e4llen d\u00e4r du kan k\u00f6pa MDMA online. V\u00e5ra specialiserade onlinewebbplatser g\u00f6r att du kan k\u00f6pa MDMA. Kan jag k\u00f6pa MDMA online utan recept? Ja, du kan k\u00f6pa MDMA s\u00e4kert och diskret online fr\u00e5n en v\u00e4lrenommerad \u00e5terf\u00f6rs\u00e4ljare som oss.<\/p>\n<h3>Hur kan jag k\u00f6pa MDMA p\u00e5 ett s\u00e4kert s\u00e4tt online? \u00c4r det lagligt att k\u00f6pa MDMA online?<\/h3>\n<p>Det \u00e4r acceptabelt att k\u00f6pa MDMA online. \u00c5 andra sidan m\u00e5ste du f\u00f6lja statliga lagar. Genom att kontrollera detta kan du se till att du f\u00f6ljer lagarna i ditt omr\u00e5de. MDMA De flesta l\u00e4nder i v\u00e4rlden anser att det \u00e4r en f\u00f6rbjuden substans. MDMA \u00e4r dock lagligt att k\u00f6pa i m\u00e5nga delar av Europa, Asien, Australien och Nordamerika.<\/p>\n<h3>Kan jag k\u00f6pa MDM online?<\/h3>\n<p>Du kan k\u00f6pa MDMA online. Som vi alla vet s\u00e4ljer m\u00e5nga \u00e5terf\u00f6rs\u00e4ljare MDMA online. Allt du beh\u00f6ver veta \u00e4r hur du identifierar en \u00e4kta \u00e5terf\u00f6rs\u00e4ljare och vilka steg du ska ta i den h\u00e4r situationen. Det finns en annan term f\u00f6r MDMA: ecstasy. \u00c4ven om MDMA kan ha delvis samma effekter f\u00f6r\u00e4ndrar det inte kroppen p\u00e5 samma s\u00e4tt som eufori. Var kan jag f\u00e5 tag p\u00e5 MDMA-Kristalle s\u00e4kert och diskret online?<\/p>\n<p>Vi \u00e4r den b\u00e4sta k\u00e4llan f\u00f6r att k\u00f6pa riktiga <a href=\"https:\/\/nembutalboutique.com\/produit\/mdma\/\">MDMA<\/a> online. Vi har s\u00e5lt MDMA sedan 2013. V\u00e5ra kunder f\u00e5r konsekvent MDMA av h\u00f6gsta kvalitet till rimliga priser. Vi skickar allt gratis till alla l\u00e4nder i v\u00e4rlden. MDMA inneb\u00e4r tillg\u00e5ng till s\u00e4kra onlinetransaktioner. Kontakta oss f\u00f6r att f\u00e5 reda p\u00e5 mer om hantering av MDMA.<\/p>\n<h3>Hur anv\u00e4nds MDMA?<\/h3>\n<p>F\u00f6r att anv\u00e4nda blanda 1\/8 gram MDMA med tv\u00e5 droppar vatten. Ta sedan tio minuter p\u00e5 dig att njuta av blandningen i lugn och ro. Undvik att konsumera hela drycken sj\u00e4lv. Ta ist\u00e4llet en liten, enhetlig nypa.<\/p>\n<h3>MDMA: vad \u00e4r det?<\/h3>\n<p>Ett naturligt \u00e4mne som f\u00f6rekommer i vissa batterier \u00e4r <a href=\"https:\/\/en.wikipedia.org\/wiki\/MDMA\">MDMA<\/a>. Det \u00e4r j\u00e4mf\u00f6rbart med meskalin, ett hallucinogent l\u00e4kemedel tillverkat av peyote-v\u00e4xten. Ordnungsverschiebung Kraftfulla hallucinogener som MDMA kan orsaka extremt sm\u00e4rtsamma hallucinationer hos anv\u00e4ndare. M\u00e4nniskor m\u00e4rker ofta hur kraftfulla och otroligt autentiska dessa bilder verkar f\u00f6r dem. Dessa hallucinationer orsakas av fris\u00e4ttningen av serotonin i hj\u00e4rnan. Serotonin \u00e4r en neurotransmittor som hj\u00e4lper till att kontrollera hum\u00f6r, aptit, s\u00f6mnm\u00f6nster och sexuell lust. N\u00e4r serotoninniv\u00e5erna \u00e4r l\u00e5ga drabbas anv\u00e4ndarna ofta av depression. MDMA \u00f6kar serotoninspegeln i hj\u00e4rnan, vilket g\u00f6r anv\u00e4ndarna gladare och mer energiska.<\/p>\n<h3>\u00c4r MDMA en tragisk farao?<\/h3>\n<p>Ja, MDMA \u00e4r s\u00e4kert n\u00e4r det anv\u00e4nds p\u00e5 r\u00e4tt s\u00e4tt. MDMA b\u00f6r dock endast anv\u00e4ndas av vuxna som \u00e4r 18 \u00e5r eller \u00e4ldre.<\/p>\n<h3>Kan jag anv\u00e4nda MDMA under graviditeten?<\/h3>\n<p>Gravida kvinnor avr\u00e5ds ofta fr\u00e5n att anv\u00e4nda MDMA. Det finns inga bevis f\u00f6r att MDMA \u00e4r skadligt f\u00f6r fostret. Gravida kvinnor b\u00f6r dock iaktta f\u00f6rsiktighet n\u00e4r de anv\u00e4nder MDMA. K\u00f6p MDMA online.<\/p>","protected":false},"excerpt":{"rendered":"<p>Acheter MDMA-Kristalle en ligne &#8211; MDMA-Kristalle en ligne La MDMA, \u00e9galement connue sous le nom de 3,4-m\u00e9thylendioxym\u00e9thamph\u00e9tamine, est une substance psychoactive qui induit le bonheur et l&#8217;empathie. La MDMA a \u00e9t\u00e9 initialement d\u00e9velopp\u00e9e comme m\u00e9dicament sur ordonnance pour traiter le trouble de stress post-traumatique (TSPT). En raison de son utilisation r\u00e9pandue comme drogue de f\u00eate, [&hellip;]<\/p>","protected":false},"featured_media":2937,"comment_status":"open","ping_status":"closed","template":"","meta":{"_joinchat":[]},"product_brand":[],"product_cat":[385],"product_tag":[],"class_list":{"0":"post-2931","1":"product","2":"type-product","3":"status-publish","4":"has-post-thumbnail","6":"product_cat-forschung-schemikalien","8":"first","9":"instock","10":"shipping-taxable","11":"purchasable","12":"product-type-variable"},"yoast_head":"<!-- This site is optimized with the Yoast SEO plugin v23.5 - https:\/\/yoast.com\/wordpress\/plugins\/seo\/ -->\n<title>Acheter de la MDMA en ligne \u2013 MDMA \u00e0 vendre<\/title>\n<meta name=\"description\" content=\"Vous cherchez \u00e0 acheter de la MDMA en ligne \u00e0 un prix raisonnable ? Visitez notre boutique en ligne r\u00e9put\u00e9e Nembutal Boutique et obtenez de la MDMA en vente d\u00e8s aujourd&#039;hui. Passez une commande maintenant et obtenez le meilleur tarif dans notre magasin.\" \/>\n<meta name=\"robots\" content=\"index, follow, max-snippet:-1, max-image-preview:large, max-video-preview:-1\" \/>\n<link rel=\"canonical\" href=\"https:\/\/nembutalboutique.com\/sv\/produkt\/koepa-mdma-online\/\" \/>\n<meta property=\"og:locale\" content=\"sv_SE\" \/>\n<meta property=\"og:type\" content=\"article\" \/>\n<meta property=\"og:title\" content=\"Acheter de la MDMA en ligne \u2013 MDMA \u00e0 vendre\" \/>\n<meta property=\"og:description\" content=\"Vous cherchez \u00e0 acheter de la MDMA en ligne \u00e0 un prix raisonnable ? Visitez notre boutique en ligne r\u00e9put\u00e9e Nembutal Boutique et obtenez de la MDMA en vente d\u00e8s aujourd&#039;hui. Passez une commande maintenant et obtenez le meilleur tarif dans notre magasin.\" \/>\n<meta property=\"og:url\" content=\"https:\/\/nembutalboutique.com\/sv\/produkt\/koepa-mdma-online\/\" \/>\n<meta property=\"og:site_name\" content=\"Nembutal Boutique\" \/>\n<meta property=\"article:modified_time\" content=\"2024-09-20T10:13:13+00:00\" \/>\n<meta property=\"og:image\" content=\"https:\/\/nembutalboutique.com\/wp-content\/uploads\/2024\/09\/MDMA.gif\" \/>\n\t<meta property=\"og:image:width\" content=\"600\" \/>\n\t<meta property=\"og:image:height\" content=\"600\" \/>\n\t<meta property=\"og:image:type\" content=\"image\/gif\" \/>\n<meta name=\"twitter:card\" content=\"summary_large_image\" \/>\n<meta name=\"twitter:label1\" content=\"Ber\u00e4knad l\u00e4stid\" \/>\n\t<meta name=\"twitter:data1\" content=\"4 minuter\" \/>\n<script type=\"application\/ld+json\" class=\"yoast-schema-graph\">{\"@context\":\"https:\/\/schema.org\",\"@graph\":[{\"@type\":\"WebPage\",\"@id\":\"https:\/\/nembutalboutique.com\/produit\/mdma\/\",\"url\":\"https:\/\/nembutalboutique.com\/produit\/mdma\/\",\"name\":\"Acheter de la MDMA en ligne \u2013 MDMA \u00e0 vendre\",\"isPartOf\":{\"@id\":\"https:\/\/nembutalboutique.com\/#website\"},\"primaryImageOfPage\":{\"@id\":\"https:\/\/nembutalboutique.com\/produit\/mdma\/#primaryimage\"},\"image\":{\"@id\":\"https:\/\/nembutalboutique.com\/produit\/mdma\/#primaryimage\"},\"thumbnailUrl\":\"https:\/\/nembutalboutique.com\/wp-content\/uploads\/2024\/09\/MDMA.gif\",\"datePublished\":\"2024-09-16T08:13:34+00:00\",\"dateModified\":\"2024-09-20T10:13:13+00:00\",\"description\":\"Vous cherchez \u00e0 acheter de la MDMA en ligne \u00e0 un prix raisonnable ? Visitez notre boutique en ligne r\u00e9put\u00e9e Nembutal Boutique et obtenez de la MDMA en vente d\u00e8s aujourd'hui. Passez une commande maintenant et obtenez le meilleur tarif dans notre magasin.\",\"breadcrumb\":{\"@id\":\"https:\/\/nembutalboutique.com\/produit\/mdma\/#breadcrumb\"},\"inLanguage\":\"sv-SE\",\"potentialAction\":[{\"@type\":\"ReadAction\",\"target\":[\"https:\/\/nembutalboutique.com\/produit\/mdma\/\"]}]},{\"@type\":\"ImageObject\",\"inLanguage\":\"sv-SE\",\"@id\":\"https:\/\/nembutalboutique.com\/produit\/mdma\/#primaryimage\",\"url\":\"https:\/\/nembutalboutique.com\/wp-content\/uploads\/2024\/09\/MDMA.gif\",\"contentUrl\":\"https:\/\/nembutalboutique.com\/wp-content\/uploads\/2024\/09\/MDMA.gif\",\"width\":600,\"height\":600,\"caption\":\"Acheter MDMA.gif\"},{\"@type\":\"BreadcrumbList\",\"@id\":\"https:\/\/nembutalboutique.com\/produit\/mdma\/#breadcrumb\",\"itemListElement\":[{\"@type\":\"ListItem\",\"position\":1,\"name\":\"Home\",\"item\":\"https:\/\/nembutalboutique.com\/\"},{\"@type\":\"ListItem\",\"position\":2,\"name\":\"Boutique\",\"item\":\"https:\/\/nembutalboutique.com\/shop\/\"},{\"@type\":\"ListItem\",\"position\":3,\"name\":\"MDMA\"}]},{\"@type\":\"WebSite\",\"@id\":\"https:\/\/nembutalboutique.com\/#website\",\"url\":\"https:\/\/nembutalboutique.com\/\",\"name\":\"Nembutal Boutique\",\"description\":\"My WordPress Blog\",\"publisher\":{\"@id\":\"https:\/\/nembutalboutique.com\/#organization\"},\"potentialAction\":[{\"@type\":\"SearchAction\",\"target\":{\"@type\":\"EntryPoint\",\"urlTemplate\":\"https:\/\/nembutalboutique.com\/?s={search_term_string}\"},\"query-input\":{\"@type\":\"PropertyValueSpecification\",\"valueRequired\":true,\"valueName\":\"search_term_string\"}}],\"inLanguage\":\"sv-SE\"},{\"@type\":\"Organization\",\"@id\":\"https:\/\/nembutalboutique.com\/#organization\",\"name\":\"Nembutal Boutique\",\"url\":\"https:\/\/nembutalboutique.com\/\",\"logo\":{\"@type\":\"ImageObject\",\"inLanguage\":\"sv-SE\",\"@id\":\"https:\/\/nembutalboutique.com\/#\/schema\/logo\/image\/\",\"url\":\"https:\/\/nembutalboutique.com\/wp-content\/uploads\/2024\/01\/logo.png\",\"contentUrl\":\"https:\/\/nembutalboutique.com\/wp-content\/uploads\/2024\/01\/logo.png\",\"width\":494,\"height\":121,\"caption\":\"Nembutal Boutique\"},\"image\":{\"@id\":\"https:\/\/nembutalboutique.com\/#\/schema\/logo\/image\/\"}}]}<\/script>\n<!-- \/ Yoast SEO plugin. -->","yoast_head_json":{"title":"K\u00f6p MDMA online - MDMA till salu","description":"Vill du k\u00f6pa MDMA online till ett rimligt pris? Bes\u00f6k v\u00e5r ansedda onlinebutik Nembutal Boutique och f\u00e5 MDMA till f\u00f6rs\u00e4ljning idag. G\u00f6r en best\u00e4llning nu och f\u00e5 det b\u00e4sta priset i v\u00e5r butik.","robots":{"index":"index","follow":"follow","max-snippet":"max-snippet:-1","max-image-preview":"max-image-preview:large","max-video-preview":"max-video-preview:-1"},"canonical":"https:\/\/nembutalboutique.com\/sv\/produkt\/koepa-mdma-online\/","og_locale":"sv_SE","og_type":"article","og_title":"Acheter de la MDMA en ligne \u2013 MDMA \u00e0 vendre","og_description":"Vous cherchez \u00e0 acheter de la MDMA en ligne \u00e0 un prix raisonnable ? Visitez notre boutique en ligne r\u00e9put\u00e9e Nembutal Boutique et obtenez de la MDMA en vente d\u00e8s aujourd'hui. Passez une commande maintenant et obtenez le meilleur tarif dans notre magasin.","og_url":"https:\/\/nembutalboutique.com\/sv\/produkt\/koepa-mdma-online\/","og_site_name":"Nembutal Boutique","article_modified_time":"2024-09-20T10:13:13+00:00","og_image":[{"width":600,"height":600,"url":"https:\/\/nembutalboutique.com\/wp-content\/uploads\/2024\/09\/MDMA.gif","type":"image\/gif"}],"twitter_card":"summary_large_image","twitter_misc":{"Ber\u00e4knad l\u00e4stid":"4 minuter"},"schema":{"@context":"https:\/\/schema.org","@graph":[{"@type":"WebPage","@id":"https:\/\/nembutalboutique.com\/produit\/mdma\/","url":"https:\/\/nembutalboutique.com\/produit\/mdma\/","name":"K\u00f6p MDMA online - MDMA till salu","isPartOf":{"@id":"https:\/\/nembutalboutique.com\/#website"},"primaryImageOfPage":{"@id":"https:\/\/nembutalboutique.com\/produit\/mdma\/#primaryimage"},"image":{"@id":"https:\/\/nembutalboutique.com\/produit\/mdma\/#primaryimage"},"thumbnailUrl":"https:\/\/nembutalboutique.com\/wp-content\/uploads\/2024\/09\/MDMA.gif","datePublished":"2024-09-16T08:13:34+00:00","dateModified":"2024-09-20T10:13:13+00:00","description":"Vill du k\u00f6pa MDMA online till ett rimligt pris? Bes\u00f6k v\u00e5r ansedda onlinebutik Nembutal Boutique och f\u00e5 MDMA till f\u00f6rs\u00e4ljning idag. G\u00f6r en best\u00e4llning nu och f\u00e5 det b\u00e4sta priset i v\u00e5r butik.","breadcrumb":{"@id":"https:\/\/nembutalboutique.com\/produit\/mdma\/#breadcrumb"},"inLanguage":"sv-SE","potentialAction":[{"@type":"ReadAction","target":["https:\/\/nembutalboutique.com\/produit\/mdma\/"]}]},{"@type":"ImageObject","inLanguage":"sv-SE","@id":"https:\/\/nembutalboutique.com\/produit\/mdma\/#primaryimage","url":"https:\/\/nembutalboutique.com\/wp-content\/uploads\/2024\/09\/MDMA.gif","contentUrl":"https:\/\/nembutalboutique.com\/wp-content\/uploads\/2024\/09\/MDMA.gif","width":600,"height":600,"caption":"Acheter MDMA.gif"},{"@type":"BreadcrumbList","@id":"https:\/\/nembutalboutique.com\/produit\/mdma\/#breadcrumb","itemListElement":[{"@type":"ListItem","position":1,"name":"Home","item":"https:\/\/nembutalboutique.com\/"},{"@type":"ListItem","position":2,"name":"Boutique","item":"https:\/\/nembutalboutique.com\/shop\/"},{"@type":"ListItem","position":3,"name":"MDMA"}]},{"@type":"WebSite","@id":"https:\/\/nembutalboutique.com\/#website","url":"https:\/\/nembutalboutique.com\/","name":"Nembutal Boutique","description":"Min WordPress-blogg","publisher":{"@id":"https:\/\/nembutalboutique.com\/#organization"},"potentialAction":[{"@type":"SearchAction","target":{"@type":"EntryPoint","urlTemplate":"https:\/\/nembutalboutique.com\/?s={search_term_string}"},"query-input":{"@type":"PropertyValueSpecification","valueRequired":true,"valueName":"search_term_string"}}],"inLanguage":"sv-SE"},{"@type":"Organization","@id":"https:\/\/nembutalboutique.com\/#organization","name":"Nembutal Boutique","url":"https:\/\/nembutalboutique.com\/","logo":{"@type":"ImageObject","inLanguage":"sv-SE","@id":"https:\/\/nembutalboutique.com\/#\/schema\/logo\/image\/","url":"https:\/\/nembutalboutique.com\/wp-content\/uploads\/2024\/01\/logo.png","contentUrl":"https:\/\/nembutalboutique.com\/wp-content\/uploads\/2024\/01\/logo.png","width":494,"height":121,"caption":"Nembutal Boutique"},"image":{"@id":"https:\/\/nembutalboutique.com\/#\/schema\/logo\/image\/"}}]}},"_links":{"self":[{"href":"https:\/\/nembutalboutique.com\/sv\/wp-json\/wp\/v2\/product\/2931"}],"collection":[{"href":"https:\/\/nembutalboutique.com\/sv\/wp-json\/wp\/v2\/product"}],"about":[{"href":"https:\/\/nembutalboutique.com\/sv\/wp-json\/wp\/v2\/types\/product"}],"replies":[{"embeddable":true,"href":"https:\/\/nembutalboutique.com\/sv\/wp-json\/wp\/v2\/comments?post=2931"}],"wp:featuredmedia":[{"embeddable":true,"href":"https:\/\/nembutalboutique.com\/sv\/wp-json\/wp\/v2\/media\/2937"}],"wp:attachment":[{"href":"https:\/\/nembutalboutique.com\/sv\/wp-json\/wp\/v2\/media?parent=2931"}],"wp:term":[{"taxonomy":"product_brand","embeddable":true,"href":"https:\/\/nembutalboutique.com\/sv\/wp-json\/wp\/v2\/product_brand?post=2931"},{"taxonomy":"product_cat","embeddable":true,"href":"https:\/\/nembutalboutique.com\/sv\/wp-json\/wp\/v2\/product_cat?post=2931"},{"taxonomy":"product_tag","embeddable":true,"href":"https:\/\/nembutalboutique.com\/sv\/wp-json\/wp\/v2\/product_tag?post=2931"}],"curies":[{"name":"wp","href":"https:\/\/api.w.org\/{rel}","templated":true}]}}