{"id":2879,"date":"2024-09-16T08:13:15","date_gmt":"2024-09-16T08:13:15","guid":{"rendered":"https:\/\/nembutalboutique.com\/?post_type=product&#038;p=2879"},"modified":"2024-09-20T10:24:48","modified_gmt":"2024-09-20T10:24:48","slug":"fluorococaine","status":"publish","type":"product","link":"https:\/\/nembutalboutique.com\/sv\/produkt\/koepa-fluorococaine-online\/","title":{"rendered":"fluorokain"},"content":{"rendered":"<h2>Att k\u00f6pa 4Fluorocaine online kan vara<\/h2>\n<p>4Fluorocaine n\u00e4r du k\u00f6per Nembutal - k\u00f6p det eftersom kvalitet r\u00e4knas!<br \/>\nLa <a href=\"https:\/\/en.wikipedia.org\/wiki\/4%E2%80%B2-Fluorococaine\">4Fluorokain<\/a> kan k\u00f6pas online fr\u00e5n v\u00e4lrenommerade europeiska kemif\u00f6retag med en minimigaranti p\u00e5 98 % + Reinheit. Vi levererar COA f\u00f6r varje fyllmedel som produceras kemiskt under v\u00e5r forskning!<\/p>\n<p>Best\u00e5ndsdelar i 4-fluorokain<\/p>\n<p>inneh\u00e5ller ett gram av minst 98 % av <a href=\"https:\/\/nembutalboutique.com\/produit\/fluorococaine\/\">Ren 4-fluorokain<\/a> med varje best\u00e4llning.<\/p>\n<h3>Administrering av 4-fluorokain<\/h3>\n<p>Det finns ingen rekommenderad dosering eftersom 4Fluorocaine endast s\u00e4ljs f\u00f6r anv\u00e4ndning i vetenskaplig kemisk forskning och inte \u00e4r avsedd f\u00f6r konsumtion.<\/p>\n<p>Effekter av 4-fluorokain :<\/p>\n<p>De kliniska effekterna av de flesta nya syntetiska droger, s\u00e5som 4-fluorokain, kan klassificeras som stimulerande, hallucinogena eller opioidliknande. Dessutom har du en kombination av dessa effekter med substitution av syntetisk sidekette.<\/p>\n<h3>Biverkningar av 4-fluorokain<\/h3>\n<p>Anv\u00e4ndningen av 4-fluorocaine, liksom andra syntetiska droger, kan orsaka allvarliga biverkningar; substansen har inte testats kliniskt eller godk\u00e4nts p\u00e5 n\u00e5got s\u00e4tt som l\u00e4kemedel! 4-fluorocaine \u00e4r d\u00e4rf\u00f6r endast avsett f\u00f6r vetenskaplig forskning och inte f\u00f6r m\u00e4nsklig konsumtion!<\/p>\n<h3>Hur man: f\u00f6rvarar 4-fluorokain<\/h3>\n<p>F\u00f6rvara 4-fluorokain vid en temperatur under 30 grader Celsius. 4 F\u00f6rvara 4-fluorokain i originalf\u00f6rpackningen, skyddat fr\u00e5n direkt solljus och fukt.<\/p>\n<h3>F\u00f6rs\u00e4ljning av 4\u2032-fluorokain | K\u00f6p av 4\u2032-fluorokain online<\/h3>\n<p>Kaines syntetiska motsvarighet, 4\u2032-fluorokokain, \u00e4r ett \u00e4mne som utvinns ur tropaner. Till skillnad fr\u00e5n liknande \u00e4mnen som motsvarande 4\u2032-fluorofenyltropan CFT-derivat och 2\u2032-hydroxi-salicylmetylcgoninkomponenten \u00e4r 4\u2032-fluorokokain endast n\u00e5got effektivare \u00e4n koin som dopaminh\u00e4mmare.<\/p>\n<h3>B\u00e4sta onlineleverant\u00f6rer av 4\u2032-fluorokokainpulver<\/h3>\n<p>Kaines syntetiska motsvarighet, 4\u2032-fluorokokain, \u00e4r ett \u00e4mne som utvinns ur tropaner. \u00c4ven om 4\u2032-fluorokokain inte \u00e4r lika effektivt som kain som dopaminh\u00e4mmare, \u00e4r det en mycket mer potent h\u00e4mmare av serotonin, vilket i djurf\u00f6rs\u00f6k resulterar i en markant f\u00f6r\u00e4ndrad farmakologisk profil. Detta st\u00e5r i kontrast till k\u00e4nda f\u00f6reningar som motsvarande 4\u2032-fluorofenyltropan CFT-derivat och analogen 2\u2032-hydroxisalicylmetylcgonin.<\/p>\n<p>Vi levererar f\u00f6rstklassiga forskningskemikalier. V\u00e5ra kemikalier \u00e4r helt standardiserade till %-renhet f\u00f6r anv\u00e4ndning inom kommersiella och forskningssektorer. Vi erbjuder utm\u00e4rkta priser och rabatter f\u00f6r stora best\u00e4llningar. V\u00e5r direkta tillg\u00e5ng till en produktionsanl\u00e4ggning g\u00f6r att vi kan erbjuda otroligt l\u00e5ga priser p\u00e5 v\u00e5ra forskningskemikalier. Vi skickar till USA, Sydamerika, Australien och europeiska l\u00e4nder. Vi guidar majoriteten.<\/p>","protected":false},"excerpt":{"rendered":"<p>Achet\u00e9r 4Fluorococa\u00efne en ligne peut \u00eatre 4Fluorococa\u00efne lors de l&rsquo;achat de Nembutal &#8211; achetez-le parce que la qualit\u00e9 compte ! La 4Fluorococa\u00efne peut \u00eatre achet\u00e9e en ligne aupr\u00e8s d&rsquo;entreprises chimiques europ\u00e9ennes r\u00e9put\u00e9es avec une garantie minimale de 98 % + Reinheit. Nous fournissons le COA de chaque charge produite chimiquement au cours de nos recherches [&hellip;]<\/p>","protected":false},"featured_media":2904,"comment_status":"open","ping_status":"closed","template":"","meta":{"_joinchat":[]},"product_brand":[],"product_cat":[385],"product_tag":[],"class_list":{"0":"post-2879","1":"product","2":"type-product","3":"status-publish","4":"has-post-thumbnail","6":"product_cat-forschung-schemikalien","8":"first","9":"instock","10":"shipping-taxable","11":"purchasable","12":"product-type-variable"},"yoast_head":"<!-- This site is optimized with the Yoast SEO plugin v23.5 - https:\/\/yoast.com\/wordpress\/plugins\/seo\/ -->\n<title>Acheter de la fluorococa\u00efne en ligne \u2013 Vente de fluorococa\u00efne<\/title>\n<meta name=\"description\" content=\"Notre boutique en ligne Nembutal propose la meilleure qualit\u00e9 de fluorococa\u00efne \u00e0 vendre. Si vous souhaitez acheter de la fluorococa\u00efne en ligne, nous pouvons vous aider de toutes parts. Commandez d\u00e8s aujourd&#039;hui !\" \/>\n<meta name=\"robots\" content=\"index, follow, max-snippet:-1, max-image-preview:large, max-video-preview:-1\" \/>\n<link rel=\"canonical\" href=\"https:\/\/nembutalboutique.com\/sv\/produkt\/koepa-fluorococaine-online\/\" \/>\n<meta property=\"og:locale\" content=\"sv_SE\" \/>\n<meta property=\"og:type\" content=\"article\" \/>\n<meta property=\"og:title\" content=\"Acheter de la fluorococa\u00efne en ligne \u2013 Vente de fluorococa\u00efne\" \/>\n<meta property=\"og:description\" content=\"Notre boutique en ligne Nembutal propose la meilleure qualit\u00e9 de fluorococa\u00efne \u00e0 vendre. Si vous souhaitez acheter de la fluorococa\u00efne en ligne, nous pouvons vous aider de toutes parts. Commandez d\u00e8s aujourd&#039;hui !\" \/>\n<meta property=\"og:url\" content=\"https:\/\/nembutalboutique.com\/sv\/produkt\/koepa-fluorococaine-online\/\" \/>\n<meta property=\"og:site_name\" content=\"Nembutal Boutique\" \/>\n<meta property=\"article:modified_time\" content=\"2024-09-20T10:24:48+00:00\" \/>\n<meta property=\"og:image\" content=\"https:\/\/nembutalboutique.com\/wp-content\/uploads\/2024\/09\/Fluorococaine.gif\" \/>\n\t<meta property=\"og:image:width\" content=\"600\" \/>\n\t<meta property=\"og:image:height\" content=\"600\" \/>\n\t<meta property=\"og:image:type\" content=\"image\/gif\" \/>\n<meta name=\"twitter:card\" content=\"summary_large_image\" \/>\n<meta name=\"twitter:label1\" content=\"Ber\u00e4knad l\u00e4stid\" \/>\n\t<meta name=\"twitter:data1\" content=\"3 minuter\" \/>\n<script type=\"application\/ld+json\" class=\"yoast-schema-graph\">{\"@context\":\"https:\/\/schema.org\",\"@graph\":[{\"@type\":\"WebPage\",\"@id\":\"https:\/\/nembutalboutique.com\/produit\/fluorococaine\/\",\"url\":\"https:\/\/nembutalboutique.com\/produit\/fluorococaine\/\",\"name\":\"Acheter de la fluorococa\u00efne en ligne \u2013 Vente de fluorococa\u00efne\",\"isPartOf\":{\"@id\":\"https:\/\/nembutalboutique.com\/#website\"},\"primaryImageOfPage\":{\"@id\":\"https:\/\/nembutalboutique.com\/produit\/fluorococaine\/#primaryimage\"},\"image\":{\"@id\":\"https:\/\/nembutalboutique.com\/produit\/fluorococaine\/#primaryimage\"},\"thumbnailUrl\":\"https:\/\/nembutalboutique.com\/wp-content\/uploads\/2024\/09\/Fluorococaine.gif\",\"datePublished\":\"2024-09-16T08:13:15+00:00\",\"dateModified\":\"2024-09-20T10:24:48+00:00\",\"description\":\"Notre boutique en ligne Nembutal propose la meilleure qualit\u00e9 de fluorococa\u00efne \u00e0 vendre. Si vous souhaitez acheter de la fluorococa\u00efne en ligne, nous pouvons vous aider de toutes parts. Commandez d\u00e8s aujourd'hui !\",\"breadcrumb\":{\"@id\":\"https:\/\/nembutalboutique.com\/produit\/fluorococaine\/#breadcrumb\"},\"inLanguage\":\"sv-SE\",\"potentialAction\":[{\"@type\":\"ReadAction\",\"target\":[\"https:\/\/nembutalboutique.com\/produit\/fluorococaine\/\"]}]},{\"@type\":\"ImageObject\",\"inLanguage\":\"sv-SE\",\"@id\":\"https:\/\/nembutalboutique.com\/produit\/fluorococaine\/#primaryimage\",\"url\":\"https:\/\/nembutalboutique.com\/wp-content\/uploads\/2024\/09\/Fluorococaine.gif\",\"contentUrl\":\"https:\/\/nembutalboutique.com\/wp-content\/uploads\/2024\/09\/Fluorococaine.gif\",\"width\":600,\"height\":600,\"caption\":\"Acheter Fluorococaine.gif\"},{\"@type\":\"BreadcrumbList\",\"@id\":\"https:\/\/nembutalboutique.com\/produit\/fluorococaine\/#breadcrumb\",\"itemListElement\":[{\"@type\":\"ListItem\",\"position\":1,\"name\":\"Home\",\"item\":\"https:\/\/nembutalboutique.com\/\"},{\"@type\":\"ListItem\",\"position\":2,\"name\":\"Boutique\",\"item\":\"https:\/\/nembutalboutique.com\/shop\/\"},{\"@type\":\"ListItem\",\"position\":3,\"name\":\"fluorococa\u00efne\"}]},{\"@type\":\"WebSite\",\"@id\":\"https:\/\/nembutalboutique.com\/#website\",\"url\":\"https:\/\/nembutalboutique.com\/\",\"name\":\"Nembutal Boutique\",\"description\":\"My WordPress Blog\",\"publisher\":{\"@id\":\"https:\/\/nembutalboutique.com\/#organization\"},\"potentialAction\":[{\"@type\":\"SearchAction\",\"target\":{\"@type\":\"EntryPoint\",\"urlTemplate\":\"https:\/\/nembutalboutique.com\/?s={search_term_string}\"},\"query-input\":{\"@type\":\"PropertyValueSpecification\",\"valueRequired\":true,\"valueName\":\"search_term_string\"}}],\"inLanguage\":\"sv-SE\"},{\"@type\":\"Organization\",\"@id\":\"https:\/\/nembutalboutique.com\/#organization\",\"name\":\"Nembutal Boutique\",\"url\":\"https:\/\/nembutalboutique.com\/\",\"logo\":{\"@type\":\"ImageObject\",\"inLanguage\":\"sv-SE\",\"@id\":\"https:\/\/nembutalboutique.com\/#\/schema\/logo\/image\/\",\"url\":\"https:\/\/nembutalboutique.com\/wp-content\/uploads\/2024\/01\/logo.png\",\"contentUrl\":\"https:\/\/nembutalboutique.com\/wp-content\/uploads\/2024\/01\/logo.png\",\"width\":494,\"height\":121,\"caption\":\"Nembutal Boutique\"},\"image\":{\"@id\":\"https:\/\/nembutalboutique.com\/#\/schema\/logo\/image\/\"}}]}<\/script>\n<!-- \/ Yoast SEO plugin. -->","yoast_head_json":{"title":"K\u00f6p fluorokain online - F\u00f6rs\u00e4ljning av fluorokain","description":"V\u00e5r Nembutal onlinebutik erbjuder fluorokain av b\u00e4sta kvalitet till salu. Om du vill k\u00f6pa fluorokain online kan vi hj\u00e4lpa dig p\u00e5 alla s\u00e4tt. Best\u00e4ll redan idag!","robots":{"index":"index","follow":"follow","max-snippet":"max-snippet:-1","max-image-preview":"max-image-preview:large","max-video-preview":"max-video-preview:-1"},"canonical":"https:\/\/nembutalboutique.com\/sv\/produkt\/koepa-fluorococaine-online\/","og_locale":"sv_SE","og_type":"article","og_title":"Acheter de la fluorococa\u00efne en ligne \u2013 Vente de fluorococa\u00efne","og_description":"Notre boutique en ligne Nembutal propose la meilleure qualit\u00e9 de fluorococa\u00efne \u00e0 vendre. Si vous souhaitez acheter de la fluorococa\u00efne en ligne, nous pouvons vous aider de toutes parts. Commandez d\u00e8s aujourd'hui !","og_url":"https:\/\/nembutalboutique.com\/sv\/produkt\/koepa-fluorococaine-online\/","og_site_name":"Nembutal Boutique","article_modified_time":"2024-09-20T10:24:48+00:00","og_image":[{"width":600,"height":600,"url":"https:\/\/nembutalboutique.com\/wp-content\/uploads\/2024\/09\/Fluorococaine.gif","type":"image\/gif"}],"twitter_card":"summary_large_image","twitter_misc":{"Ber\u00e4knad l\u00e4stid":"3 minuter"},"schema":{"@context":"https:\/\/schema.org","@graph":[{"@type":"WebPage","@id":"https:\/\/nembutalboutique.com\/produit\/fluorococaine\/","url":"https:\/\/nembutalboutique.com\/produit\/fluorococaine\/","name":"K\u00f6p fluorokain online - F\u00f6rs\u00e4ljning av fluorokain","isPartOf":{"@id":"https:\/\/nembutalboutique.com\/#website"},"primaryImageOfPage":{"@id":"https:\/\/nembutalboutique.com\/produit\/fluorococaine\/#primaryimage"},"image":{"@id":"https:\/\/nembutalboutique.com\/produit\/fluorococaine\/#primaryimage"},"thumbnailUrl":"https:\/\/nembutalboutique.com\/wp-content\/uploads\/2024\/09\/Fluorococaine.gif","datePublished":"2024-09-16T08:13:15+00:00","dateModified":"2024-09-20T10:24:48+00:00","description":"V\u00e5r Nembutal onlinebutik erbjuder fluorokain av b\u00e4sta kvalitet till salu. Om du vill k\u00f6pa fluorokain online kan vi hj\u00e4lpa dig p\u00e5 alla s\u00e4tt. Best\u00e4ll redan idag!","breadcrumb":{"@id":"https:\/\/nembutalboutique.com\/produit\/fluorococaine\/#breadcrumb"},"inLanguage":"sv-SE","potentialAction":[{"@type":"ReadAction","target":["https:\/\/nembutalboutique.com\/produit\/fluorococaine\/"]}]},{"@type":"ImageObject","inLanguage":"sv-SE","@id":"https:\/\/nembutalboutique.com\/produit\/fluorococaine\/#primaryimage","url":"https:\/\/nembutalboutique.com\/wp-content\/uploads\/2024\/09\/Fluorococaine.gif","contentUrl":"https:\/\/nembutalboutique.com\/wp-content\/uploads\/2024\/09\/Fluorococaine.gif","width":600,"height":600,"caption":"Acheter Fluorococaine.gif"},{"@type":"BreadcrumbList","@id":"https:\/\/nembutalboutique.com\/produit\/fluorococaine\/#breadcrumb","itemListElement":[{"@type":"ListItem","position":1,"name":"Home","item":"https:\/\/nembutalboutique.com\/"},{"@type":"ListItem","position":2,"name":"Boutique","item":"https:\/\/nembutalboutique.com\/shop\/"},{"@type":"ListItem","position":3,"name":"fluorococa\u00efne"}]},{"@type":"WebSite","@id":"https:\/\/nembutalboutique.com\/#website","url":"https:\/\/nembutalboutique.com\/","name":"Nembutal Boutique","description":"Min WordPress-blogg","publisher":{"@id":"https:\/\/nembutalboutique.com\/#organization"},"potentialAction":[{"@type":"SearchAction","target":{"@type":"EntryPoint","urlTemplate":"https:\/\/nembutalboutique.com\/?s={search_term_string}"},"query-input":{"@type":"PropertyValueSpecification","valueRequired":true,"valueName":"search_term_string"}}],"inLanguage":"sv-SE"},{"@type":"Organization","@id":"https:\/\/nembutalboutique.com\/#organization","name":"Nembutal Boutique","url":"https:\/\/nembutalboutique.com\/","logo":{"@type":"ImageObject","inLanguage":"sv-SE","@id":"https:\/\/nembutalboutique.com\/#\/schema\/logo\/image\/","url":"https:\/\/nembutalboutique.com\/wp-content\/uploads\/2024\/01\/logo.png","contentUrl":"https:\/\/nembutalboutique.com\/wp-content\/uploads\/2024\/01\/logo.png","width":494,"height":121,"caption":"Nembutal Boutique"},"image":{"@id":"https:\/\/nembutalboutique.com\/#\/schema\/logo\/image\/"}}]}},"_links":{"self":[{"href":"https:\/\/nembutalboutique.com\/sv\/wp-json\/wp\/v2\/product\/2879"}],"collection":[{"href":"https:\/\/nembutalboutique.com\/sv\/wp-json\/wp\/v2\/product"}],"about":[{"href":"https:\/\/nembutalboutique.com\/sv\/wp-json\/wp\/v2\/types\/product"}],"replies":[{"embeddable":true,"href":"https:\/\/nembutalboutique.com\/sv\/wp-json\/wp\/v2\/comments?post=2879"}],"wp:featuredmedia":[{"embeddable":true,"href":"https:\/\/nembutalboutique.com\/sv\/wp-json\/wp\/v2\/media\/2904"}],"wp:attachment":[{"href":"https:\/\/nembutalboutique.com\/sv\/wp-json\/wp\/v2\/media?parent=2879"}],"wp:term":[{"taxonomy":"product_brand","embeddable":true,"href":"https:\/\/nembutalboutique.com\/sv\/wp-json\/wp\/v2\/product_brand?post=2879"},{"taxonomy":"product_cat","embeddable":true,"href":"https:\/\/nembutalboutique.com\/sv\/wp-json\/wp\/v2\/product_cat?post=2879"},{"taxonomy":"product_tag","embeddable":true,"href":"https:\/\/nembutalboutique.com\/sv\/wp-json\/wp\/v2\/product_tag?post=2879"}],"curies":[{"name":"wp","href":"https:\/\/api.w.org\/{rel}","templated":true}]}}