{"id":2878,"date":"2024-09-16T08:13:15","date_gmt":"2024-09-16T08:13:15","guid":{"rendered":"https:\/\/nembutalboutique.com\/?post_type=product&#038;p=2878"},"modified":"2024-09-20T10:25:23","modified_gmt":"2024-09-20T10:25:23","slug":"ebk-kristall","status":"publish","type":"product","link":"https:\/\/nembutalboutique.com\/sv\/produkt\/koepa-ebk-online\/","title":{"rendered":"EBK Kristall"},"content":{"rendered":"<h2>K\u00f6p EBK online<\/h2>\n<p>best\u00e4ll EBK-Kristall online. nembutalboutique.com \u00e4r en v\u00e4lk\u00e4nd online-\u00e5terf\u00f6rs\u00e4ljare av forskningskemikalier d\u00e4r alla \u00f6ver 18 \u00e5r kan k\u00f6pa EBK-Kristall.<a href=\"https:\/\/en.wikipedia.org\/wiki\/EBK\">EBK<\/a>som anses vara den mest stimulerande kemikalien. Det kan odlas som ett substitut f\u00f6r N-etylpentylon och finns i form av stora kristaller. Det \u00e4r ocks\u00e5 k\u00e4nt som Ephylon och bk-EBDP.<\/p>\n<h2>Var anv\u00e4nds EBK:s kemikalier?<\/h2>\n<p>Eftersom EBC-kristall \u00e4r lagligt i de flesta l\u00e4nder b\u00f6r det inte vara f\u00f6r sv\u00e5rt att best\u00e4lla det online. Det s\u00e4ljs endast f\u00f6r forsknings\u00e4ndam\u00e5l och anv\u00e4nds inte f\u00f6r n\u00e5got annat \u00e4ndam\u00e5l. Dess till\u00e4mpning \u00e4r inte begr\u00e4nsad till in vivo diagnostik, l\u00e4kemedel, m\u00e5ltider, medicinsk utrustning, kosmetika eller apotek. Innan du fyller i onlinebest\u00e4llningsformul\u00e4ret f\u00f6r kemiska produkter <a href=\"https:\/\/nembutalboutique.com\/produit\/ebk-kristall\/\">EBK<\/a>Se till att det finns tillr\u00e4ckligt med skr\u00e4p i ditt omr\u00e5de.<\/p>\n<p>Vi har en l\u00e5ng historia som en p\u00e5litlig och legitim k\u00e4lla till forskningskemikalier. Autentiska kundomd\u00f6men som l\u00e4mnas av nya och befintliga kunder p\u00e5 v\u00e5ra webbplatser uppmuntrar potentiella kunder att l\u00e4gga en order hos oss.<\/p>\n<p>Den st\u00f6rsta och mest p\u00e5litliga leverant\u00f6ren av EBK-kemikalier till ett rimligt pris \u00e4r NembuKauFlog. Vi tillhandah\u00e5ller EBK-kemikalier av \u00f6verl\u00e4gsen kvalitet till f\u00f6rs\u00e4ljning och skickar EBK-kemikalier till alla l\u00e4nder inklusive USA, Europa, Australien och Kanada. P\u00e5 grund av v\u00e5ra produkters exceptionella kvalitet \u00e4r vi o\u00f6vertr\u00e4ffade inom produktion och distribution av forskningskemikalier.<\/p>\n<p>Att skydda v\u00e5ra kunders integritet \u00e4r mycket viktigt f\u00f6r oss och vi kompromissar aldrig med detta. Vi anv\u00e4nder oss av den senaste s\u00e4kerhetstekniken i varje transaktion. N\u00f6jda kunder \u00e4r en f\u00f6ruts\u00e4ttning f\u00f6r att vi ska lyckas med v\u00e5r verksamhet. EBK Chemicals \u00e4r ett f\u00f6retag som genomf\u00f6r djupg\u00e5ende forskning och analys innan en produkt lanseras p\u00e5 marknaden. Vi beh\u00f6ver inte g\u00f6ra n\u00e5gra eftergifter n\u00e4r det g\u00e4ller produktkonsistens och kvalitet.<\/p>\n<p>Anv\u00e4nd v\u00e5r kundtj\u00e4nst f\u00f6r att kontakta oss om du har n\u00e5gra fr\u00e5gor eller funderingar. Vi lovar att svara p\u00e5 din f\u00f6rfr\u00e5gan s\u00e5 snabbt som m\u00f6jligt. K\u00f6p EBK online.<\/p>\n<p>V\u00e5rt varum\u00e4rke \u00e4r det som m\u00e4nniskor v\u00e4ljer av en m\u00e4ngd olika sk\u00e4l, till exempel tillg\u00e4ngligheten av v\u00e5ra produkter i alla kvantiteter, bekv\u00e4ma leveransservice och professionell f\u00f6rpackning. Orderhanteringen p\u00e5b\u00f6rjas s\u00e5 snart betalningen har mottagits.<\/p>","protected":false},"excerpt":{"rendered":"<p>Achetez EBK en ligne commandez EBK-Kristall en ligne. nembutalboutique.com est un d\u00e9taillant en ligne bien connu de produits chimiques de recherche o\u00f9 toute personne de plus de 18 ans peut se procurer de l&rsquo;EBK, qui est consid\u00e9r\u00e9 comme le produit chimique le plus stimulant. Il peut \u00eatre cultiv\u00e9 comme substitut du N-\u00e9thylpentylon et est pr\u00e9sent [&hellip;]<\/p>","protected":false},"featured_media":3249,"comment_status":"open","ping_status":"closed","template":"","meta":{"_joinchat":[]},"product_brand":[],"product_cat":[447],"product_tag":[],"class_list":{"0":"post-2878","1":"product","2":"type-product","3":"status-publish","4":"has-post-thumbnail","6":"product_cat-stimulants","8":"first","9":"instock","10":"shipping-taxable","11":"purchasable","12":"product-type-variable"},"yoast_head":"<!-- This site is optimized with the Yoast SEO plugin v23.5 - https:\/\/yoast.com\/wordpress\/plugins\/seo\/ -->\n<title>Cristal EBK \u00e0 vendre - Achetez du cristal EBK en ligne<\/title>\n<meta name=\"description\" content=\"Vous pouvez obtenir du cristal EBK \u00e0 vendre aux meilleurs prix dans notre boutique en ligne. Nous sommes l\u00e0 pour vous aider \u00e0 acheter du cristal EBK en ligne. Connectez-vous au meilleur magasin de la ville d\u00e8s aujourd&#039;hui\u00a0!\" \/>\n<meta name=\"robots\" content=\"index, follow, max-snippet:-1, max-image-preview:large, max-video-preview:-1\" \/>\n<link rel=\"canonical\" href=\"https:\/\/nembutalboutique.com\/sv\/produkt\/koepa-ebk-online\/\" \/>\n<meta property=\"og:locale\" content=\"sv_SE\" \/>\n<meta property=\"og:type\" content=\"article\" \/>\n<meta property=\"og:title\" content=\"Cristal EBK \u00e0 vendre - Achetez du cristal EBK en ligne\" \/>\n<meta property=\"og:description\" content=\"Vous pouvez obtenir du cristal EBK \u00e0 vendre aux meilleurs prix dans notre boutique en ligne. Nous sommes l\u00e0 pour vous aider \u00e0 acheter du cristal EBK en ligne. Connectez-vous au meilleur magasin de la ville d\u00e8s aujourd&#039;hui\u00a0!\" \/>\n<meta property=\"og:url\" content=\"https:\/\/nembutalboutique.com\/sv\/produkt\/koepa-ebk-online\/\" \/>\n<meta property=\"og:site_name\" content=\"Nembutal Boutique\" \/>\n<meta property=\"article:modified_time\" content=\"2024-09-20T10:25:23+00:00\" \/>\n<meta property=\"og:image\" content=\"https:\/\/nembutalboutique.com\/wp-content\/uploads\/2024\/09\/MAM-2201.gif\" \/>\n\t<meta property=\"og:image:width\" content=\"600\" \/>\n\t<meta property=\"og:image:height\" content=\"600\" \/>\n\t<meta property=\"og:image:type\" content=\"image\/gif\" \/>\n<meta name=\"twitter:card\" content=\"summary_large_image\" \/>\n<meta name=\"twitter:label1\" content=\"Ber\u00e4knad l\u00e4stid\" \/>\n\t<meta name=\"twitter:data1\" content=\"3 minuter\" \/>\n<script type=\"application\/ld+json\" class=\"yoast-schema-graph\">{\"@context\":\"https:\/\/schema.org\",\"@graph\":[{\"@type\":\"WebPage\",\"@id\":\"https:\/\/nembutalboutique.com\/produit\/ebk-kristall\/\",\"url\":\"https:\/\/nembutalboutique.com\/produit\/ebk-kristall\/\",\"name\":\"Cristal EBK \u00e0 vendre - Achetez du cristal EBK en ligne\",\"isPartOf\":{\"@id\":\"https:\/\/nembutalboutique.com\/#website\"},\"primaryImageOfPage\":{\"@id\":\"https:\/\/nembutalboutique.com\/produit\/ebk-kristall\/#primaryimage\"},\"image\":{\"@id\":\"https:\/\/nembutalboutique.com\/produit\/ebk-kristall\/#primaryimage\"},\"thumbnailUrl\":\"https:\/\/nembutalboutique.com\/wp-content\/uploads\/2024\/09\/MAM-2201.gif\",\"datePublished\":\"2024-09-16T08:13:15+00:00\",\"dateModified\":\"2024-09-20T10:25:23+00:00\",\"description\":\"Vous pouvez obtenir du cristal EBK \u00e0 vendre aux meilleurs prix dans notre boutique en ligne. Nous sommes l\u00e0 pour vous aider \u00e0 acheter du cristal EBK en ligne. Connectez-vous au meilleur magasin de la ville d\u00e8s aujourd'hui\u00a0!\",\"breadcrumb\":{\"@id\":\"https:\/\/nembutalboutique.com\/produit\/ebk-kristall\/#breadcrumb\"},\"inLanguage\":\"sv-SE\",\"potentialAction\":[{\"@type\":\"ReadAction\",\"target\":[\"https:\/\/nembutalboutique.com\/produit\/ebk-kristall\/\"]}]},{\"@type\":\"ImageObject\",\"inLanguage\":\"sv-SE\",\"@id\":\"https:\/\/nembutalboutique.com\/produit\/ebk-kristall\/#primaryimage\",\"url\":\"https:\/\/nembutalboutique.com\/wp-content\/uploads\/2024\/09\/MAM-2201.gif\",\"contentUrl\":\"https:\/\/nembutalboutique.com\/wp-content\/uploads\/2024\/09\/MAM-2201.gif\",\"width\":600,\"height\":600,\"caption\":\"EBK Kristall\"},{\"@type\":\"BreadcrumbList\",\"@id\":\"https:\/\/nembutalboutique.com\/produit\/ebk-kristall\/#breadcrumb\",\"itemListElement\":[{\"@type\":\"ListItem\",\"position\":1,\"name\":\"Home\",\"item\":\"https:\/\/nembutalboutique.com\/\"},{\"@type\":\"ListItem\",\"position\":2,\"name\":\"Boutique\",\"item\":\"https:\/\/nembutalboutique.com\/shop\/\"},{\"@type\":\"ListItem\",\"position\":3,\"name\":\"EBK Kristall\"}]},{\"@type\":\"WebSite\",\"@id\":\"https:\/\/nembutalboutique.com\/#website\",\"url\":\"https:\/\/nembutalboutique.com\/\",\"name\":\"Nembutal Boutique\",\"description\":\"My WordPress Blog\",\"publisher\":{\"@id\":\"https:\/\/nembutalboutique.com\/#organization\"},\"potentialAction\":[{\"@type\":\"SearchAction\",\"target\":{\"@type\":\"EntryPoint\",\"urlTemplate\":\"https:\/\/nembutalboutique.com\/?s={search_term_string}\"},\"query-input\":{\"@type\":\"PropertyValueSpecification\",\"valueRequired\":true,\"valueName\":\"search_term_string\"}}],\"inLanguage\":\"sv-SE\"},{\"@type\":\"Organization\",\"@id\":\"https:\/\/nembutalboutique.com\/#organization\",\"name\":\"Nembutal Boutique\",\"url\":\"https:\/\/nembutalboutique.com\/\",\"logo\":{\"@type\":\"ImageObject\",\"inLanguage\":\"sv-SE\",\"@id\":\"https:\/\/nembutalboutique.com\/#\/schema\/logo\/image\/\",\"url\":\"https:\/\/nembutalboutique.com\/wp-content\/uploads\/2024\/01\/logo.png\",\"contentUrl\":\"https:\/\/nembutalboutique.com\/wp-content\/uploads\/2024\/01\/logo.png\",\"width\":494,\"height\":121,\"caption\":\"Nembutal Boutique\"},\"image\":{\"@id\":\"https:\/\/nembutalboutique.com\/#\/schema\/logo\/image\/\"}}]}<\/script>\n<!-- \/ Yoast SEO plugin. -->","yoast_head_json":{"title":"Cristal EBK \u00e0 vendre - K\u00f6p EBK-kristall online","description":"Du kan f\u00e5 EBK-kristall till salu till de b\u00e4sta priserna i v\u00e5r onlinebutik. Vi \u00e4r h\u00e4r f\u00f6r att hj\u00e4lpa dig att k\u00f6pa EBK-kristall online. Anslut till den b\u00e4sta butiken i stan idag!","robots":{"index":"index","follow":"follow","max-snippet":"max-snippet:-1","max-image-preview":"max-image-preview:large","max-video-preview":"max-video-preview:-1"},"canonical":"https:\/\/nembutalboutique.com\/sv\/produkt\/koepa-ebk-online\/","og_locale":"sv_SE","og_type":"article","og_title":"Cristal EBK \u00e0 vendre - Achetez du cristal EBK en ligne","og_description":"Vous pouvez obtenir du cristal EBK \u00e0 vendre aux meilleurs prix dans notre boutique en ligne. Nous sommes l\u00e0 pour vous aider \u00e0 acheter du cristal EBK en ligne. Connectez-vous au meilleur magasin de la ville d\u00e8s aujourd'hui\u00a0!","og_url":"https:\/\/nembutalboutique.com\/sv\/produkt\/koepa-ebk-online\/","og_site_name":"Nembutal Boutique","article_modified_time":"2024-09-20T10:25:23+00:00","og_image":[{"width":600,"height":600,"url":"https:\/\/nembutalboutique.com\/wp-content\/uploads\/2024\/09\/MAM-2201.gif","type":"image\/gif"}],"twitter_card":"summary_large_image","twitter_misc":{"Ber\u00e4knad l\u00e4stid":"3 minuter"},"schema":{"@context":"https:\/\/schema.org","@graph":[{"@type":"WebPage","@id":"https:\/\/nembutalboutique.com\/produit\/ebk-kristall\/","url":"https:\/\/nembutalboutique.com\/produit\/ebk-kristall\/","name":"Cristal EBK \u00e0 vendre - K\u00f6p EBK-kristall online","isPartOf":{"@id":"https:\/\/nembutalboutique.com\/#website"},"primaryImageOfPage":{"@id":"https:\/\/nembutalboutique.com\/produit\/ebk-kristall\/#primaryimage"},"image":{"@id":"https:\/\/nembutalboutique.com\/produit\/ebk-kristall\/#primaryimage"},"thumbnailUrl":"https:\/\/nembutalboutique.com\/wp-content\/uploads\/2024\/09\/MAM-2201.gif","datePublished":"2024-09-16T08:13:15+00:00","dateModified":"2024-09-20T10:25:23+00:00","description":"Du kan f\u00e5 EBK-kristall till salu till de b\u00e4sta priserna i v\u00e5r onlinebutik. Vi \u00e4r h\u00e4r f\u00f6r att hj\u00e4lpa dig att k\u00f6pa EBK-kristall online. Anslut till den b\u00e4sta butiken i stan idag!","breadcrumb":{"@id":"https:\/\/nembutalboutique.com\/produit\/ebk-kristall\/#breadcrumb"},"inLanguage":"sv-SE","potentialAction":[{"@type":"ReadAction","target":["https:\/\/nembutalboutique.com\/produit\/ebk-kristall\/"]}]},{"@type":"ImageObject","inLanguage":"sv-SE","@id":"https:\/\/nembutalboutique.com\/produit\/ebk-kristall\/#primaryimage","url":"https:\/\/nembutalboutique.com\/wp-content\/uploads\/2024\/09\/MAM-2201.gif","contentUrl":"https:\/\/nembutalboutique.com\/wp-content\/uploads\/2024\/09\/MAM-2201.gif","width":600,"height":600,"caption":"EBK Kristall"},{"@type":"BreadcrumbList","@id":"https:\/\/nembutalboutique.com\/produit\/ebk-kristall\/#breadcrumb","itemListElement":[{"@type":"ListItem","position":1,"name":"Home","item":"https:\/\/nembutalboutique.com\/"},{"@type":"ListItem","position":2,"name":"Boutique","item":"https:\/\/nembutalboutique.com\/shop\/"},{"@type":"ListItem","position":3,"name":"EBK Kristall"}]},{"@type":"WebSite","@id":"https:\/\/nembutalboutique.com\/#website","url":"https:\/\/nembutalboutique.com\/","name":"Nembutal Boutique","description":"Min WordPress-blogg","publisher":{"@id":"https:\/\/nembutalboutique.com\/#organization"},"potentialAction":[{"@type":"SearchAction","target":{"@type":"EntryPoint","urlTemplate":"https:\/\/nembutalboutique.com\/?s={search_term_string}"},"query-input":{"@type":"PropertyValueSpecification","valueRequired":true,"valueName":"search_term_string"}}],"inLanguage":"sv-SE"},{"@type":"Organization","@id":"https:\/\/nembutalboutique.com\/#organization","name":"Nembutal Boutique","url":"https:\/\/nembutalboutique.com\/","logo":{"@type":"ImageObject","inLanguage":"sv-SE","@id":"https:\/\/nembutalboutique.com\/#\/schema\/logo\/image\/","url":"https:\/\/nembutalboutique.com\/wp-content\/uploads\/2024\/01\/logo.png","contentUrl":"https:\/\/nembutalboutique.com\/wp-content\/uploads\/2024\/01\/logo.png","width":494,"height":121,"caption":"Nembutal Boutique"},"image":{"@id":"https:\/\/nembutalboutique.com\/#\/schema\/logo\/image\/"}}]}},"_links":{"self":[{"href":"https:\/\/nembutalboutique.com\/sv\/wp-json\/wp\/v2\/product\/2878"}],"collection":[{"href":"https:\/\/nembutalboutique.com\/sv\/wp-json\/wp\/v2\/product"}],"about":[{"href":"https:\/\/nembutalboutique.com\/sv\/wp-json\/wp\/v2\/types\/product"}],"replies":[{"embeddable":true,"href":"https:\/\/nembutalboutique.com\/sv\/wp-json\/wp\/v2\/comments?post=2878"}],"wp:featuredmedia":[{"embeddable":true,"href":"https:\/\/nembutalboutique.com\/sv\/wp-json\/wp\/v2\/media\/3249"}],"wp:attachment":[{"href":"https:\/\/nembutalboutique.com\/sv\/wp-json\/wp\/v2\/media?parent=2878"}],"wp:term":[{"taxonomy":"product_brand","embeddable":true,"href":"https:\/\/nembutalboutique.com\/sv\/wp-json\/wp\/v2\/product_brand?post=2878"},{"taxonomy":"product_cat","embeddable":true,"href":"https:\/\/nembutalboutique.com\/sv\/wp-json\/wp\/v2\/product_cat?post=2878"},{"taxonomy":"product_tag","embeddable":true,"href":"https:\/\/nembutalboutique.com\/sv\/wp-json\/wp\/v2\/product_tag?post=2878"}],"curies":[{"name":"wp","href":"https:\/\/api.w.org\/{rel}","templated":true}]}}