{"id":2873,"date":"2024-09-16T08:13:14","date_gmt":"2024-09-16T08:13:14","guid":{"rendered":"https:\/\/nembutalboutique.com\/?post_type=product&#038;p=2873"},"modified":"2024-09-20T10:33:21","modified_gmt":"2024-09-20T10:33:21","slug":"benzo-fury","status":"publish","type":"product","link":"https:\/\/nembutalboutique.com\/sv\/produkt\/koepa-benzo-fury-online\/","title":{"rendered":"Benzo Fury"},"content":{"rendered":"<h2>Acheter Benzol Fury en ligne.<\/h2>\n<p>K\u00f6p <a href=\"https:\/\/nembutalboutique.com\/produit\/benzo-fury\/\">Benzo Fury<\/a> en ligne, \u00e9galement connu sous le nom de 6-APB (6-(2-aminopropyl)benzofuran), est un produit chimique psychoactif qui est euphorisant et appartient aux classes des acides amin\u00e9s substitu\u00e9s, de la ph\u00e9n\u00e9thylamine substitu\u00e9e et du benzofuran substitu\u00e9. Le 6-APB et les produits chimiques comparables sont parfois appel\u00e9s \u00ab Benzo Fury \u00bb dans les articles de presse. Bien qu&rsquo;il partage une structure avec le MDA, il n&rsquo;est pas identique puisqu&rsquo;un cycle benzofuran a \u00e9t\u00e9 ajout\u00e9 \u00e0 la place du syst\u00e8me cyclique 3,4-m\u00e9thylendioxyph\u00e9nyle. Le d\u00e9riv\u00e9 benzofuranique non r\u00e9agi du 6-APDB est \u00e9galement connu sous le nom de 6-APB. Il peut ressembler \u00e0 une poudre grossi\u00e8re et dor\u00e9e. Le 6-APB a \u00e9t\u00e9 synth\u00e9tis\u00e9 pour la premi\u00e8re fois par David Nichols et ses coll\u00e8gues en 1993 alors qu&rsquo;ils recherchaient des analogues non neurotoxiques de la MDMA.<\/p>\n<p>Bien que le <a href=\"https:\/\/en.wikipedia.org\/wiki\/Benzofury\">Benzo Fury<\/a> n&rsquo;ait jamais \u00e9t\u00e9 tr\u00e8s populaire, il a fait une br\u00e8ve apparition dans les sc\u00e8nes underground et rave en Grande-Bretagne avant d&rsquo;\u00eatre vendu ou son importation interdite. Il porte ses fruits.<\/p>\n<p>Dans la cat\u00e9gorie des produits chimiques de recherche, \u00e9galement appel\u00e9s \u00ab Legal Highs \u00bb, le 6-APB et d&rsquo;autres substituts du benzofurane sont largement utilis\u00e9s car ils ne sont pas express\u00e9ment interdits dans certains pays et sont donc l\u00e9galement autoris\u00e9s.<\/p>\n<h3>pharmaceutique<\/h3>\n<p>Malgr\u00e9 le manque de recherche sur la pharmacologie du Benzo Fury, certaines informations peuvent \u00eatre glan\u00e9es \u00e0 partir des rapports des utilisateurs. Cela indique un d\u00e9but d&rsquo;effet retard\u00e9 de 20 \u00e0 120 minutes. L&rsquo;effet maximal de la drogue dure trois \u00e0 quatre heures, apr\u00e8s quoi il y a une p\u00e9riode d&rsquo;absorption de 24 heures.<\/p>\n<h3>Que fait le Benzo Fury ?<\/h3>\n<p>Les gens disent se sentir euphoriques et revigor\u00e9s. La plupart des gens ont fait des comparaisons entre l&rsquo;ecstasy et l&rsquo;effet. Les effets secondaires comprennent la perte d&rsquo;app\u00e9tit, la tension musculaire du torse, les hallucinations, la parano\u00efa, la tachycardie, le rythme cardiaque irr\u00e9gulier, l&rsquo;insomnie, les crises d&rsquo;anxi\u00e9t\u00e9, les crises de panique, la d\u00e9pression psychotique, les psychoses induites par des substances et l&rsquo;utilisation de stimulants.<\/p>\n<p>Psychose accompagn\u00e9e d&rsquo;un trouble de d\u00e9personnalisation.<\/p>\n<h3>pharmaceutique<\/h3>\n<p>Malgr\u00e9 le manque de recherche sur la pharmacologie de Benzo Fury, certaines informations peuvent \u00eatre glan\u00e9es \u00e0 partir des rapports des utilisateurs. Cela indique un d\u00e9but d&rsquo;effet retard\u00e9 de 20 \u00e0 120 minutes. L&rsquo;effet maximal du m\u00e9dicament dure trois \u00e0 quatre heures, apr\u00e8s quoi il y a une p\u00e9riode d&rsquo;absorption de 24 heures.<\/p>","protected":false},"excerpt":{"rendered":"<p>Acheter Benzol Fury en ligne. Acheter Benzo Fury en ligne, \u00e9galement connu sous le nom de 6-APB (6-(2-aminopropyl)benzofuran), est un produit chimique psychoactif qui est euphorisant et appartient aux classes des acides amin\u00e9s substitu\u00e9s, de la ph\u00e9n\u00e9thylamine substitu\u00e9e et du benzofuran substitu\u00e9. Le 6-APB et les produits chimiques comparables sont parfois appel\u00e9s \u00ab Benzo Fury [&hellip;]<\/p>","protected":false},"featured_media":2898,"comment_status":"open","ping_status":"closed","template":"","meta":{"_joinchat":[]},"product_brand":[],"product_cat":[385],"product_tag":[456,457,458,459],"class_list":{"0":"post-2873","1":"product","2":"type-product","3":"status-publish","4":"has-post-thumbnail","6":"product_cat-forschung-schemikalien","7":"product_tag-5-apb","8":"product_tag-5-mapb","9":"product_tag-6-apb","10":"product_tag-6-mapb","12":"first","13":"instock","14":"shipping-taxable","15":"purchasable","16":"product-type-variable"},"yoast_head":"<!-- This site is optimized with the Yoast SEO plugin v23.5 - https:\/\/yoast.com\/wordpress\/plugins\/seo\/ -->\n<title>Acheter Benzo Fury en ligne - Benzo Fury \u00e0 vendre<\/title>\n<meta name=\"description\" content=\"O\u00f9 acheter du Benzo Fury en ligne au meilleur prix ? Trouvez du Benzo Fury de haute qualit\u00e9 \u00e0 vendre dans notre boutique en ligne s\u00e9curis\u00e9e, r\u00e9pondant \u00e0 vos besoins de recherche. Commandez maintenant !\" \/>\n<meta name=\"robots\" content=\"index, follow, max-snippet:-1, max-image-preview:large, max-video-preview:-1\" \/>\n<link rel=\"canonical\" href=\"https:\/\/nembutalboutique.com\/sv\/produkt\/koepa-benzo-fury-online\/\" \/>\n<meta property=\"og:locale\" content=\"sv_SE\" \/>\n<meta property=\"og:type\" content=\"article\" \/>\n<meta property=\"og:title\" content=\"Acheter Benzo Fury en ligne - Benzo Fury \u00e0 vendre\" \/>\n<meta property=\"og:description\" content=\"O\u00f9 acheter du Benzo Fury en ligne au meilleur prix ? Trouvez du Benzo Fury de haute qualit\u00e9 \u00e0 vendre dans notre boutique en ligne s\u00e9curis\u00e9e, r\u00e9pondant \u00e0 vos besoins de recherche. Commandez maintenant !\" \/>\n<meta property=\"og:url\" content=\"https:\/\/nembutalboutique.com\/sv\/produkt\/koepa-benzo-fury-online\/\" \/>\n<meta property=\"og:site_name\" content=\"Nembutal Boutique\" \/>\n<meta property=\"article:modified_time\" content=\"2024-09-20T10:33:21+00:00\" \/>\n<meta property=\"og:image\" content=\"https:\/\/nembutalboutique.com\/wp-content\/uploads\/2024\/09\/Benzofury.gif\" \/>\n\t<meta property=\"og:image:width\" content=\"600\" \/>\n\t<meta property=\"og:image:height\" content=\"600\" \/>\n\t<meta property=\"og:image:type\" content=\"image\/gif\" \/>\n<meta name=\"twitter:card\" content=\"summary_large_image\" \/>\n<meta name=\"twitter:label1\" content=\"Ber\u00e4knad l\u00e4stid\" \/>\n\t<meta name=\"twitter:data1\" content=\"2 minuter\" \/>\n<script type=\"application\/ld+json\" class=\"yoast-schema-graph\">{\"@context\":\"https:\/\/schema.org\",\"@graph\":[{\"@type\":\"WebPage\",\"@id\":\"https:\/\/nembutalboutique.com\/produit\/benzo-fury\/\",\"url\":\"https:\/\/nembutalboutique.com\/produit\/benzo-fury\/\",\"name\":\"Acheter Benzo Fury en ligne - Benzo Fury \u00e0 vendre\",\"isPartOf\":{\"@id\":\"https:\/\/nembutalboutique.com\/#website\"},\"primaryImageOfPage\":{\"@id\":\"https:\/\/nembutalboutique.com\/produit\/benzo-fury\/#primaryimage\"},\"image\":{\"@id\":\"https:\/\/nembutalboutique.com\/produit\/benzo-fury\/#primaryimage\"},\"thumbnailUrl\":\"https:\/\/nembutalboutique.com\/wp-content\/uploads\/2024\/09\/Benzofury.gif\",\"datePublished\":\"2024-09-16T08:13:14+00:00\",\"dateModified\":\"2024-09-20T10:33:21+00:00\",\"description\":\"O\u00f9 acheter du Benzo Fury en ligne au meilleur prix ? Trouvez du Benzo Fury de haute qualit\u00e9 \u00e0 vendre dans notre boutique en ligne s\u00e9curis\u00e9e, r\u00e9pondant \u00e0 vos besoins de recherche. Commandez maintenant !\",\"breadcrumb\":{\"@id\":\"https:\/\/nembutalboutique.com\/produit\/benzo-fury\/#breadcrumb\"},\"inLanguage\":\"sv-SE\",\"potentialAction\":[{\"@type\":\"ReadAction\",\"target\":[\"https:\/\/nembutalboutique.com\/produit\/benzo-fury\/\"]}]},{\"@type\":\"ImageObject\",\"inLanguage\":\"sv-SE\",\"@id\":\"https:\/\/nembutalboutique.com\/produit\/benzo-fury\/#primaryimage\",\"url\":\"https:\/\/nembutalboutique.com\/wp-content\/uploads\/2024\/09\/Benzofury.gif\",\"contentUrl\":\"https:\/\/nembutalboutique.com\/wp-content\/uploads\/2024\/09\/Benzofury.gif\",\"width\":600,\"height\":600,\"caption\":\"Acheter Benzofury.gif\"},{\"@type\":\"BreadcrumbList\",\"@id\":\"https:\/\/nembutalboutique.com\/produit\/benzo-fury\/#breadcrumb\",\"itemListElement\":[{\"@type\":\"ListItem\",\"position\":1,\"name\":\"Home\",\"item\":\"https:\/\/nembutalboutique.com\/\"},{\"@type\":\"ListItem\",\"position\":2,\"name\":\"Boutique\",\"item\":\"https:\/\/nembutalboutique.com\/shop\/\"},{\"@type\":\"ListItem\",\"position\":3,\"name\":\"Benzo Fury\"}]},{\"@type\":\"WebSite\",\"@id\":\"https:\/\/nembutalboutique.com\/#website\",\"url\":\"https:\/\/nembutalboutique.com\/\",\"name\":\"Nembutal Boutique\",\"description\":\"My WordPress Blog\",\"publisher\":{\"@id\":\"https:\/\/nembutalboutique.com\/#organization\"},\"potentialAction\":[{\"@type\":\"SearchAction\",\"target\":{\"@type\":\"EntryPoint\",\"urlTemplate\":\"https:\/\/nembutalboutique.com\/?s={search_term_string}\"},\"query-input\":{\"@type\":\"PropertyValueSpecification\",\"valueRequired\":true,\"valueName\":\"search_term_string\"}}],\"inLanguage\":\"sv-SE\"},{\"@type\":\"Organization\",\"@id\":\"https:\/\/nembutalboutique.com\/#organization\",\"name\":\"Nembutal Boutique\",\"url\":\"https:\/\/nembutalboutique.com\/\",\"logo\":{\"@type\":\"ImageObject\",\"inLanguage\":\"sv-SE\",\"@id\":\"https:\/\/nembutalboutique.com\/#\/schema\/logo\/image\/\",\"url\":\"https:\/\/nembutalboutique.com\/wp-content\/uploads\/2024\/01\/logo.png\",\"contentUrl\":\"https:\/\/nembutalboutique.com\/wp-content\/uploads\/2024\/01\/logo.png\",\"width\":494,\"height\":121,\"caption\":\"Nembutal Boutique\"},\"image\":{\"@id\":\"https:\/\/nembutalboutique.com\/#\/schema\/logo\/image\/\"}}]}<\/script>\n<!-- \/ Yoast SEO plugin. -->","yoast_head_json":{"title":"Acheter Benzo Fury en ligne - Benzo Fury \u00e0 vendre","description":"O\u00f9 acheter du Benzo Fury en ligne au meilleur prix ? Trouvez du Benzo Fury de haute qualit\u00e9 \u00e0 vendre dans notre boutique en ligne s\u00e9curis\u00e9e, r\u00e9pondant \u00e0 vos besoins de recherche. Commandez maintenant !","robots":{"index":"index","follow":"follow","max-snippet":"max-snippet:-1","max-image-preview":"max-image-preview:large","max-video-preview":"max-video-preview:-1"},"canonical":"https:\/\/nembutalboutique.com\/sv\/produkt\/koepa-benzo-fury-online\/","og_locale":"sv_SE","og_type":"article","og_title":"Acheter Benzo Fury en ligne - Benzo Fury \u00e0 vendre","og_description":"O\u00f9 acheter du Benzo Fury en ligne au meilleur prix ? Trouvez du Benzo Fury de haute qualit\u00e9 \u00e0 vendre dans notre boutique en ligne s\u00e9curis\u00e9e, r\u00e9pondant \u00e0 vos besoins de recherche. Commandez maintenant !","og_url":"https:\/\/nembutalboutique.com\/sv\/produkt\/koepa-benzo-fury-online\/","og_site_name":"Nembutal Boutique","article_modified_time":"2024-09-20T10:33:21+00:00","og_image":[{"width":600,"height":600,"url":"https:\/\/nembutalboutique.com\/wp-content\/uploads\/2024\/09\/Benzofury.gif","type":"image\/gif"}],"twitter_card":"summary_large_image","twitter_misc":{"Ber\u00e4knad l\u00e4stid":"2 minuter"},"schema":{"@context":"https:\/\/schema.org","@graph":[{"@type":"WebPage","@id":"https:\/\/nembutalboutique.com\/produit\/benzo-fury\/","url":"https:\/\/nembutalboutique.com\/produit\/benzo-fury\/","name":"Acheter Benzo Fury en ligne - Benzo Fury \u00e0 vendre","isPartOf":{"@id":"https:\/\/nembutalboutique.com\/#website"},"primaryImageOfPage":{"@id":"https:\/\/nembutalboutique.com\/produit\/benzo-fury\/#primaryimage"},"image":{"@id":"https:\/\/nembutalboutique.com\/produit\/benzo-fury\/#primaryimage"},"thumbnailUrl":"https:\/\/nembutalboutique.com\/wp-content\/uploads\/2024\/09\/Benzofury.gif","datePublished":"2024-09-16T08:13:14+00:00","dateModified":"2024-09-20T10:33:21+00:00","description":"O\u00f9 acheter du Benzo Fury en ligne au meilleur prix ? Trouvez du Benzo Fury de haute qualit\u00e9 \u00e0 vendre dans notre boutique en ligne s\u00e9curis\u00e9e, r\u00e9pondant \u00e0 vos besoins de recherche. Commandez maintenant !","breadcrumb":{"@id":"https:\/\/nembutalboutique.com\/produit\/benzo-fury\/#breadcrumb"},"inLanguage":"sv-SE","potentialAction":[{"@type":"ReadAction","target":["https:\/\/nembutalboutique.com\/produit\/benzo-fury\/"]}]},{"@type":"ImageObject","inLanguage":"sv-SE","@id":"https:\/\/nembutalboutique.com\/produit\/benzo-fury\/#primaryimage","url":"https:\/\/nembutalboutique.com\/wp-content\/uploads\/2024\/09\/Benzofury.gif","contentUrl":"https:\/\/nembutalboutique.com\/wp-content\/uploads\/2024\/09\/Benzofury.gif","width":600,"height":600,"caption":"Acheter Benzofury.gif"},{"@type":"BreadcrumbList","@id":"https:\/\/nembutalboutique.com\/produit\/benzo-fury\/#breadcrumb","itemListElement":[{"@type":"ListItem","position":1,"name":"Home","item":"https:\/\/nembutalboutique.com\/"},{"@type":"ListItem","position":2,"name":"Boutique","item":"https:\/\/nembutalboutique.com\/shop\/"},{"@type":"ListItem","position":3,"name":"Benzo Fury"}]},{"@type":"WebSite","@id":"https:\/\/nembutalboutique.com\/#website","url":"https:\/\/nembutalboutique.com\/","name":"Nembutal Boutique","description":"Min WordPress-blogg","publisher":{"@id":"https:\/\/nembutalboutique.com\/#organization"},"potentialAction":[{"@type":"SearchAction","target":{"@type":"EntryPoint","urlTemplate":"https:\/\/nembutalboutique.com\/?s={search_term_string}"},"query-input":{"@type":"PropertyValueSpecification","valueRequired":true,"valueName":"search_term_string"}}],"inLanguage":"sv-SE"},{"@type":"Organization","@id":"https:\/\/nembutalboutique.com\/#organization","name":"Nembutal Boutique","url":"https:\/\/nembutalboutique.com\/","logo":{"@type":"ImageObject","inLanguage":"sv-SE","@id":"https:\/\/nembutalboutique.com\/#\/schema\/logo\/image\/","url":"https:\/\/nembutalboutique.com\/wp-content\/uploads\/2024\/01\/logo.png","contentUrl":"https:\/\/nembutalboutique.com\/wp-content\/uploads\/2024\/01\/logo.png","width":494,"height":121,"caption":"Nembutal Boutique"},"image":{"@id":"https:\/\/nembutalboutique.com\/#\/schema\/logo\/image\/"}}]}},"_links":{"self":[{"href":"https:\/\/nembutalboutique.com\/sv\/wp-json\/wp\/v2\/product\/2873"}],"collection":[{"href":"https:\/\/nembutalboutique.com\/sv\/wp-json\/wp\/v2\/product"}],"about":[{"href":"https:\/\/nembutalboutique.com\/sv\/wp-json\/wp\/v2\/types\/product"}],"replies":[{"embeddable":true,"href":"https:\/\/nembutalboutique.com\/sv\/wp-json\/wp\/v2\/comments?post=2873"}],"wp:featuredmedia":[{"embeddable":true,"href":"https:\/\/nembutalboutique.com\/sv\/wp-json\/wp\/v2\/media\/2898"}],"wp:attachment":[{"href":"https:\/\/nembutalboutique.com\/sv\/wp-json\/wp\/v2\/media?parent=2873"}],"wp:term":[{"taxonomy":"product_brand","embeddable":true,"href":"https:\/\/nembutalboutique.com\/sv\/wp-json\/wp\/v2\/product_brand?post=2873"},{"taxonomy":"product_cat","embeddable":true,"href":"https:\/\/nembutalboutique.com\/sv\/wp-json\/wp\/v2\/product_cat?post=2873"},{"taxonomy":"product_tag","embeddable":true,"href":"https:\/\/nembutalboutique.com\/sv\/wp-json\/wp\/v2\/product_tag?post=2873"}],"curies":[{"name":"wp","href":"https:\/\/api.w.org\/{rel}","templated":true}]}}