{"id":2821,"date":"2024-09-16T08:12:44","date_gmt":"2024-09-16T08:12:44","guid":{"rendered":"https:\/\/nembutalboutique.com\/?post_type=product&#038;p=2821"},"modified":"2024-09-20T10:47:21","modified_gmt":"2024-09-20T10:47:21","slug":"a-ppp","status":"publish","type":"product","link":"https:\/\/nembutalboutique.com\/sv\/produkt\/koepa-en-ppp-online\/","title":{"rendered":"A-PPP"},"content":{"rendered":"<h2>K\u00f6p \u03b1-PPP online<\/h2>\n<p>akrylopyrrolidinopropifenon, eller <a href=\"https:\/\/en.wikipedia.org\/wiki\/Purchasing_power_parity\">\u03b1-PPP<\/a>\u00e4r ett centralstimulerande l\u00e4kemedel. Dess struktur liknar den hos kelatbildaren dietylpropion och dess effekter p\u00e5 djur \u00e4r j\u00e4mf\u00f6rbara. Lite \u00e4r k\u00e4nt om denna l\u00e4nk, men tyska laboratorier har rapporterat att det var en komponent i ecstasytabletter som beslagtagits av polisen. Denna hund har visat sig vara ett stimulerande medel f\u00f6r djur och, enligt erfarenheterna fr\u00e5n dem som har provat det, ett viktigt stimulerande medel f\u00f6r m\u00e4nniskor ocks\u00e5.<\/p>\n<p>Vi presenterar Kaufen Nembutal, en v\u00e4lrenommerad leverant\u00f6r av forskningskemikalier som erbjuder de senaste materialen f\u00f6r dina projekt.<\/p>\n<p>Du beh\u00f6ver en leverant\u00f6r som du kan lita p\u00e5 och som f\u00f6rser dig med \u00e4kta, rena 100 %-kemikalier. Att arbeta med oss kommer att \u00f6vertyga dig om detta.<\/p>\n<p>Vi \u00e4r mycket stolta \u00f6ver att ha etablerat oss som en av de mest v\u00e4lrenommerade leverant\u00f6rerna inom sektorn, tack vare v\u00e5rt engagemang f\u00f6r kvalitet och vetenskaplig integritet.<\/p>\n<p>V\u00e5ra kunder kan dra nytta av v\u00e5rt breda utbud av betalningsalternativ, p\u00e5litliga leveranser och det st\u00f6rsta urvalet av forskningskemikalier.<\/p>\n<p>Tack vare detta tillv\u00e4gag\u00e5ngss\u00e4tt kan vi hj\u00e4lpa forskare p\u00e5 alla kontinenter att hitta s\u00e4llsynta och f\u00f6ga k\u00e4nda studiematerial som ofta har potential att ha en betydande inverkan p\u00e5 vetenskapliga, kemiska, biologiska eller farmaceutiska studier.<\/p>\n<p>Vi s\u00f6ker st\u00e4ndigt efter s\u00e4tt att f\u00f6rb\u00e4ttra v\u00e5rt erbjudande och, d\u00e4r s\u00e5 \u00e4r m\u00f6jligt, l\u00e4gga till nya forskningskemikalier till v\u00e5r produktlista f\u00f6r att uppn\u00e5 v\u00e5rt m\u00e5l.<\/p>\n<p>Beroende p\u00e5 deras omedelbara behov kan v\u00e5ra kunder l\u00e4gga order i st\u00f6rre eller mindre kvantiteter.<\/p>\n<p>Vi \u00e4r mycket stolta \u00f6ver att ta till oss de \u00f6nskem\u00e5l som v\u00e5ra kunder runt om i v\u00e4rlden har framf\u00f6rt till oss, t\u00e4nka igenom dem och leverera de forskningskemikalier som v\u00e5ra kunder specifikt efterfr\u00e5gar.<\/p>\n<p>V\u00e5rt huvudsyfte \u00e4r att f\u00f6rse forskarv\u00e4rlden med ett anv\u00e4ndbart s\u00e4tt att f\u00e5 tag p\u00e5 h\u00f6gkvalitativa forskningskemikalier till rimliga priser.<\/p>\n<h3>i en teknisk kapacitet f\u00f6r att \u00f6ka kunskapen.<\/h3>\n<p>Observera att NembuKauFlog endast till\u00e5ter strikt anv\u00e4ndning av sina forskningspersoner f\u00f6r legitima vetenskapliga studier som utf\u00f6rs i en s\u00e4ker och kontrollerad laboratoriemilj\u00f6, i enlighet med lokala lagar och f\u00f6rordningar.<\/p>\n<p>M\u00e4nsklig verifiering av v\u00e5r artikel \u00e4r str\u00e4ngt f\u00f6rbjuden i alla fall.<\/p>\n<h3>The First Research Chemical Store, Inc.<\/h3>\n<p>Vi levererar forskningskemikalier till medicinska institutioner, toxikologer, biokemister, apotekare, kemistudenter, l\u00e4kemedelsforskare och utbildningsinstitutioner.<br \/>\nA-PPP av h\u00f6g kvalitet. Spitzen <a href=\"https:\/\/nembutalboutique.com\/produit\/a-ppp\/\">a-PPP<\/a>.<\/p>\n<h3>A-PPP:s historia<\/h3>\n<p>A-PVP uppt\u00e4cktes nyligen och har sedan dess unders\u00f6kts av forskare och media sedan 2011, fr\u00e4mst p\u00e5 grund av att m\u00e4nniskor missbrukar det genom att anv\u00e4nda dess stimulerande effekter utan att f\u00f6lja de korrekta f\u00f6rfarandena eller riktlinjerna.<\/p>\n<h3>Vad anv\u00e4nds A-PPP till?<\/h3>\n<p>A-PPP \u00e4r ett forskningsverktyg som har anv\u00e4nts b\u00e5de inom masspektrometri och i forskarv\u00e4rlden.<\/p>\n<p>A-PPP anv\u00e4nds i icke-medicinska sammanhang och \u00e4r v\u00e4lk\u00e4nt f\u00f6r sina \u00f6verdrivna effekter vid f\u00f6rt\u00e4ring. Det \u00e4r ett stimulerande medel som kan j\u00e4mf\u00f6ras med kadmium.<\/p>\n<p>Det \u00e4r ocks\u00e5 v\u00e4lk\u00e4nt att detta l\u00e4kemedel har effekten att anv\u00e4ndarna b\u00f6rjar energiska eller stimulerande aktiviteter; med h\u00f6gre doser blir denna biverkning sv\u00e5rare att tolerera. M\u00e4nniskors uppm\u00e4rksamhet har dragits till dessa egenskaper genom deras frekventa, h\u00f6genergiska aktiviteter.<br \/>\nDet kan utl\u00f6sa k\u00e4nslor av motivation, social energi och sj\u00e4lvmedvetenhet.<\/p>\n<h3>Inverkan av A-PPP<\/h3>\n<p>A-PPP anges som ett aptitd\u00e4mpande medel, men det har ocks\u00e5 liknande effekter n\u00e4r det anv\u00e4nds som ett centralstimulerande medel. Det orsakar \u00f6verdrivet eller p\u00e5tvingat energiskt beteende. Substansen \u00e4r beroendeframkallande och framkallar k\u00e4nslor av extas.<\/p>\n<p>Det kan ocks\u00e5 orsaka okontrollerbara \u00f6gonbrynsr\u00f6relser eller synproblem. Att dricka f\u00f6r mycket vatten kan orsaka illam\u00e5ende och kr\u00e4kningar, vilket i allvarliga fall kan leda till uttorkning. Bland biverkningarna kan n\u00e4mnas sv\u00e5righeter att urinera. \u00d6kad hj\u00e4rtfrekvens \u00e4r en av biverkningarna. P\u00e5 grund av r\u00e4dslan f\u00f6r \u00f6verdriven fysisk aktivitet \u00f6kar risken f\u00f6r att bli sjuk.<\/p>\n<p>Skillnader i l\u00e4kemedelsanv\u00e4ndning kan ha skadliga effekter.<\/p>\n<h3>Dosering och \u00f6verdosering av A-PPP<\/h3>\n<p>Doseringen av detta l\u00e4kemedel \u00e4r ok\u00e4nd, eftersom det hittills endast har testats p\u00e5 djur, och dess anv\u00e4ndning p\u00e5 m\u00e4nniskor \u00e4r mycket osannolik.<\/p>","protected":false},"excerpt":{"rendered":"<p>Acheter \u03b1-PPP en ligne L&rsquo;acrylopyrrolidinopropioph\u00e9none, ou \u03b1-PPP, est une drogue stimulante. Sa structure est similaire \u00e0 celle de l&rsquo;agent ch\u00e9lateur di\u00e9thylpropion et ses effets sur les animaux sont comparables. On conna\u00eet peu de d\u00e9tails sur ce lien, mais des laboratoires allemands ont signal\u00e9 qu&rsquo;il s&rsquo;agissait d&rsquo;un composant de comprim\u00e9s d&rsquo;ecstasy saisis par les forces de [&hellip;]<\/p>","protected":false},"featured_media":2835,"comment_status":"open","ping_status":"closed","template":"","meta":{"_joinchat":[]},"product_brand":[],"product_cat":[385],"product_tag":[],"class_list":{"0":"post-2821","1":"product","2":"type-product","3":"status-publish","4":"has-post-thumbnail","6":"product_cat-forschung-schemikalien","8":"first","9":"instock","10":"shipping-taxable","11":"purchasable","12":"product-type-variable"},"yoast_head":"<!-- This site is optimized with the Yoast SEO plugin v23.5 - https:\/\/yoast.com\/wordpress\/plugins\/seo\/ -->\n<title>Acheter A-PPP en ligne - A-PPP \u00e0 vendre - Commander A-PPP<\/title>\n<meta name=\"description\" content=\"Votre demande d&#039;achat d&#039;A-PPP en ligne peut \u00eatre satisfaite dans notre boutique en ligne car nous avons A-PPP \u00e0 vendre ici. Passez votre commande et obtenez des offres abordables tous les jours. Commandez maintenant !\" \/>\n<meta name=\"robots\" content=\"index, follow, max-snippet:-1, max-image-preview:large, max-video-preview:-1\" \/>\n<link rel=\"canonical\" href=\"https:\/\/nembutalboutique.com\/sv\/produkt\/koepa-en-ppp-online\/\" \/>\n<meta property=\"og:locale\" content=\"sv_SE\" \/>\n<meta property=\"og:type\" content=\"article\" \/>\n<meta property=\"og:title\" content=\"Acheter A-PPP en ligne - A-PPP \u00e0 vendre - Commander A-PPP\" \/>\n<meta property=\"og:description\" content=\"Votre demande d&#039;achat d&#039;A-PPP en ligne peut \u00eatre satisfaite dans notre boutique en ligne car nous avons A-PPP \u00e0 vendre ici. Passez votre commande et obtenez des offres abordables tous les jours. Commandez maintenant !\" \/>\n<meta property=\"og:url\" content=\"https:\/\/nembutalboutique.com\/sv\/produkt\/koepa-en-ppp-online\/\" \/>\n<meta property=\"og:site_name\" content=\"Nembutal Boutique\" \/>\n<meta property=\"article:modified_time\" content=\"2024-09-20T10:47:21+00:00\" \/>\n<meta property=\"og:image\" content=\"https:\/\/nembutalboutique.com\/wp-content\/uploads\/2024\/09\/A-PPP.gif\" \/>\n\t<meta property=\"og:image:width\" content=\"600\" \/>\n\t<meta property=\"og:image:height\" content=\"600\" \/>\n\t<meta property=\"og:image:type\" content=\"image\/gif\" \/>\n<meta name=\"twitter:card\" content=\"summary_large_image\" \/>\n<meta name=\"twitter:label1\" content=\"Ber\u00e4knad l\u00e4stid\" \/>\n\t<meta name=\"twitter:data1\" content=\"4 minuter\" \/>\n<script type=\"application\/ld+json\" class=\"yoast-schema-graph\">{\"@context\":\"https:\/\/schema.org\",\"@graph\":[{\"@type\":\"WebPage\",\"@id\":\"https:\/\/nembutalboutique.com\/produit\/a-ppp\/\",\"url\":\"https:\/\/nembutalboutique.com\/produit\/a-ppp\/\",\"name\":\"Acheter A-PPP en ligne - A-PPP \u00e0 vendre - Commander A-PPP\",\"isPartOf\":{\"@id\":\"https:\/\/nembutalboutique.com\/#website\"},\"primaryImageOfPage\":{\"@id\":\"https:\/\/nembutalboutique.com\/produit\/a-ppp\/#primaryimage\"},\"image\":{\"@id\":\"https:\/\/nembutalboutique.com\/produit\/a-ppp\/#primaryimage\"},\"thumbnailUrl\":\"https:\/\/nembutalboutique.com\/wp-content\/uploads\/2024\/09\/A-PPP.gif\",\"datePublished\":\"2024-09-16T08:12:44+00:00\",\"dateModified\":\"2024-09-20T10:47:21+00:00\",\"description\":\"Votre demande d'achat d'A-PPP en ligne peut \u00eatre satisfaite dans notre boutique en ligne car nous avons A-PPP \u00e0 vendre ici. Passez votre commande et obtenez des offres abordables tous les jours. Commandez maintenant !\",\"breadcrumb\":{\"@id\":\"https:\/\/nembutalboutique.com\/produit\/a-ppp\/#breadcrumb\"},\"inLanguage\":\"sv-SE\",\"potentialAction\":[{\"@type\":\"ReadAction\",\"target\":[\"https:\/\/nembutalboutique.com\/produit\/a-ppp\/\"]}]},{\"@type\":\"ImageObject\",\"inLanguage\":\"sv-SE\",\"@id\":\"https:\/\/nembutalboutique.com\/produit\/a-ppp\/#primaryimage\",\"url\":\"https:\/\/nembutalboutique.com\/wp-content\/uploads\/2024\/09\/A-PPP.gif\",\"contentUrl\":\"https:\/\/nembutalboutique.com\/wp-content\/uploads\/2024\/09\/A-PPP.gif\",\"width\":600,\"height\":600,\"caption\":\"Acheter A-PPP\"},{\"@type\":\"BreadcrumbList\",\"@id\":\"https:\/\/nembutalboutique.com\/produit\/a-ppp\/#breadcrumb\",\"itemListElement\":[{\"@type\":\"ListItem\",\"position\":1,\"name\":\"Home\",\"item\":\"https:\/\/nembutalboutique.com\/\"},{\"@type\":\"ListItem\",\"position\":2,\"name\":\"Boutique\",\"item\":\"https:\/\/nembutalboutique.com\/shop\/\"},{\"@type\":\"ListItem\",\"position\":3,\"name\":\"A-PPP\"}]},{\"@type\":\"WebSite\",\"@id\":\"https:\/\/nembutalboutique.com\/#website\",\"url\":\"https:\/\/nembutalboutique.com\/\",\"name\":\"Nembutal Boutique\",\"description\":\"My WordPress Blog\",\"publisher\":{\"@id\":\"https:\/\/nembutalboutique.com\/#organization\"},\"potentialAction\":[{\"@type\":\"SearchAction\",\"target\":{\"@type\":\"EntryPoint\",\"urlTemplate\":\"https:\/\/nembutalboutique.com\/?s={search_term_string}\"},\"query-input\":{\"@type\":\"PropertyValueSpecification\",\"valueRequired\":true,\"valueName\":\"search_term_string\"}}],\"inLanguage\":\"sv-SE\"},{\"@type\":\"Organization\",\"@id\":\"https:\/\/nembutalboutique.com\/#organization\",\"name\":\"Nembutal Boutique\",\"url\":\"https:\/\/nembutalboutique.com\/\",\"logo\":{\"@type\":\"ImageObject\",\"inLanguage\":\"sv-SE\",\"@id\":\"https:\/\/nembutalboutique.com\/#\/schema\/logo\/image\/\",\"url\":\"https:\/\/nembutalboutique.com\/wp-content\/uploads\/2024\/01\/logo.png\",\"contentUrl\":\"https:\/\/nembutalboutique.com\/wp-content\/uploads\/2024\/01\/logo.png\",\"width\":494,\"height\":121,\"caption\":\"Nembutal Boutique\"},\"image\":{\"@id\":\"https:\/\/nembutalboutique.com\/#\/schema\/logo\/image\/\"}}]}<\/script>\n<!-- \/ Yoast SEO plugin. -->","yoast_head_json":{"title":"K\u00f6p A-PPP online - A-PPP till salu - Best\u00e4ll A-PPP","description":"Din beg\u00e4ran om att k\u00f6pa A-PPP online kan uppfyllas i v\u00e5r onlinebutik eftersom vi har A-PPP till salu h\u00e4r. G\u00f6r din best\u00e4llning och f\u00e5 prisv\u00e4rda erbjudanden varje dag. G\u00f6r din best\u00e4llning nu!","robots":{"index":"index","follow":"follow","max-snippet":"max-snippet:-1","max-image-preview":"max-image-preview:large","max-video-preview":"max-video-preview:-1"},"canonical":"https:\/\/nembutalboutique.com\/sv\/produkt\/koepa-en-ppp-online\/","og_locale":"sv_SE","og_type":"article","og_title":"Acheter A-PPP en ligne - A-PPP \u00e0 vendre - Commander A-PPP","og_description":"Votre demande d'achat d'A-PPP en ligne peut \u00eatre satisfaite dans notre boutique en ligne car nous avons A-PPP \u00e0 vendre ici. Passez votre commande et obtenez des offres abordables tous les jours. Commandez maintenant !","og_url":"https:\/\/nembutalboutique.com\/sv\/produkt\/koepa-en-ppp-online\/","og_site_name":"Nembutal Boutique","article_modified_time":"2024-09-20T10:47:21+00:00","og_image":[{"width":600,"height":600,"url":"https:\/\/nembutalboutique.com\/wp-content\/uploads\/2024\/09\/A-PPP.gif","type":"image\/gif"}],"twitter_card":"summary_large_image","twitter_misc":{"Ber\u00e4knad l\u00e4stid":"4 minuter"},"schema":{"@context":"https:\/\/schema.org","@graph":[{"@type":"WebPage","@id":"https:\/\/nembutalboutique.com\/produit\/a-ppp\/","url":"https:\/\/nembutalboutique.com\/produit\/a-ppp\/","name":"K\u00f6p A-PPP online - A-PPP till salu - Best\u00e4ll A-PPP","isPartOf":{"@id":"https:\/\/nembutalboutique.com\/#website"},"primaryImageOfPage":{"@id":"https:\/\/nembutalboutique.com\/produit\/a-ppp\/#primaryimage"},"image":{"@id":"https:\/\/nembutalboutique.com\/produit\/a-ppp\/#primaryimage"},"thumbnailUrl":"https:\/\/nembutalboutique.com\/wp-content\/uploads\/2024\/09\/A-PPP.gif","datePublished":"2024-09-16T08:12:44+00:00","dateModified":"2024-09-20T10:47:21+00:00","description":"Din beg\u00e4ran om att k\u00f6pa A-PPP online kan uppfyllas i v\u00e5r onlinebutik eftersom vi har A-PPP till salu h\u00e4r. G\u00f6r din best\u00e4llning och f\u00e5 prisv\u00e4rda erbjudanden varje dag. G\u00f6r din best\u00e4llning nu!","breadcrumb":{"@id":"https:\/\/nembutalboutique.com\/produit\/a-ppp\/#breadcrumb"},"inLanguage":"sv-SE","potentialAction":[{"@type":"ReadAction","target":["https:\/\/nembutalboutique.com\/produit\/a-ppp\/"]}]},{"@type":"ImageObject","inLanguage":"sv-SE","@id":"https:\/\/nembutalboutique.com\/produit\/a-ppp\/#primaryimage","url":"https:\/\/nembutalboutique.com\/wp-content\/uploads\/2024\/09\/A-PPP.gif","contentUrl":"https:\/\/nembutalboutique.com\/wp-content\/uploads\/2024\/09\/A-PPP.gif","width":600,"height":600,"caption":"Acheter A-PPP"},{"@type":"BreadcrumbList","@id":"https:\/\/nembutalboutique.com\/produit\/a-ppp\/#breadcrumb","itemListElement":[{"@type":"ListItem","position":1,"name":"Home","item":"https:\/\/nembutalboutique.com\/"},{"@type":"ListItem","position":2,"name":"Boutique","item":"https:\/\/nembutalboutique.com\/shop\/"},{"@type":"ListItem","position":3,"name":"A-PPP"}]},{"@type":"WebSite","@id":"https:\/\/nembutalboutique.com\/#website","url":"https:\/\/nembutalboutique.com\/","name":"Nembutal Boutique","description":"Min WordPress-blogg","publisher":{"@id":"https:\/\/nembutalboutique.com\/#organization"},"potentialAction":[{"@type":"SearchAction","target":{"@type":"EntryPoint","urlTemplate":"https:\/\/nembutalboutique.com\/?s={search_term_string}"},"query-input":{"@type":"PropertyValueSpecification","valueRequired":true,"valueName":"search_term_string"}}],"inLanguage":"sv-SE"},{"@type":"Organization","@id":"https:\/\/nembutalboutique.com\/#organization","name":"Nembutal Boutique","url":"https:\/\/nembutalboutique.com\/","logo":{"@type":"ImageObject","inLanguage":"sv-SE","@id":"https:\/\/nembutalboutique.com\/#\/schema\/logo\/image\/","url":"https:\/\/nembutalboutique.com\/wp-content\/uploads\/2024\/01\/logo.png","contentUrl":"https:\/\/nembutalboutique.com\/wp-content\/uploads\/2024\/01\/logo.png","width":494,"height":121,"caption":"Nembutal Boutique"},"image":{"@id":"https:\/\/nembutalboutique.com\/#\/schema\/logo\/image\/"}}]}},"_links":{"self":[{"href":"https:\/\/nembutalboutique.com\/sv\/wp-json\/wp\/v2\/product\/2821"}],"collection":[{"href":"https:\/\/nembutalboutique.com\/sv\/wp-json\/wp\/v2\/product"}],"about":[{"href":"https:\/\/nembutalboutique.com\/sv\/wp-json\/wp\/v2\/types\/product"}],"replies":[{"embeddable":true,"href":"https:\/\/nembutalboutique.com\/sv\/wp-json\/wp\/v2\/comments?post=2821"}],"wp:featuredmedia":[{"embeddable":true,"href":"https:\/\/nembutalboutique.com\/sv\/wp-json\/wp\/v2\/media\/2835"}],"wp:attachment":[{"href":"https:\/\/nembutalboutique.com\/sv\/wp-json\/wp\/v2\/media?parent=2821"}],"wp:term":[{"taxonomy":"product_brand","embeddable":true,"href":"https:\/\/nembutalboutique.com\/sv\/wp-json\/wp\/v2\/product_brand?post=2821"},{"taxonomy":"product_cat","embeddable":true,"href":"https:\/\/nembutalboutique.com\/sv\/wp-json\/wp\/v2\/product_cat?post=2821"},{"taxonomy":"product_tag","embeddable":true,"href":"https:\/\/nembutalboutique.com\/sv\/wp-json\/wp\/v2\/product_tag?post=2821"}],"curies":[{"name":"wp","href":"https:\/\/api.w.org\/{rel}","templated":true}]}}