{"id":2820,"date":"2024-09-16T08:12:44","date_gmt":"2024-09-16T08:12:44","guid":{"rendered":"https:\/\/nembutalboutique.com\/?post_type=product&#038;p=2820"},"modified":"2024-09-20T07:50:15","modified_gmt":"2024-09-20T07:50:15","slug":"4f-pv8","status":"publish","type":"product","link":"https:\/\/nembutalboutique.com\/sv\/produkt\/koepa-4f-pv8-online\/","title":{"rendered":"4F-PV8"},"content":{"rendered":"<p><a href=\"https:\/\/en.wikipedia.org\/wiki\/4%27-Fluoro-%CE%B1-pyrrolidinooctanophenone\">4F-PV8<\/a> n\u00e4r du k\u00f6per K\u00f6p nembutal eftersom kvalitet \u00e4r viktigt!<br \/>\nK\u00f6p 4F-PV8 online fr\u00e5n de b\u00e4sta europeiska kemif\u00f6retagen. Garanterat att produceras med minst 98 % renhet. Vi levererar COA f\u00f6r varje laddning som produceras kemiskt under v\u00e5r forskning!<\/p>\n<h2>Material i 4F-PV8<\/h2>\n<p>Inneh\u00e5ller minst 98 rena % + 4F-PV8 per styrenhet.<\/p>\n<p><strong>Dosering av 4-F-PV8<\/strong><\/p>\n<p>Det finns ingen rekommenderad dosering eftersom <a href=\"https:\/\/nembutalboutique.com\/produit\/acheter-4f-pv8-en-ligne\/\">4F-PV8<\/a> s\u00e4ljs endast f\u00f6r anv\u00e4ndning inom vetenskaplig kemisk forskning och \u00e4r inte avsedd f\u00f6r m\u00e4nsklig konsumtion.<\/p>\n<p><strong>Effekterna av 4F-PV8<\/strong><\/p>\n<p>De kliniska effekterna av de flesta nya syntetiska droger, s\u00e5som 4F-PV8, kan klassificeras som stimulerande, hallucinogena eller opioidliknande. Dessutom har du en kombination av dessa effekter med substitution av syntetisk sidekette.<br \/>\nAnv\u00e4ndning av 4F-PV8 tillsammans med andra syntetiska droger kan orsaka allvarliga biverkningar. \u00c4ven om substansen inte har testats kliniskt \u00e4r den p\u00e5 s\u00e4tt och vis godk\u00e4nd som en produkt f\u00f6r f\u00f6rskrivaren! Som s\u00e5dan \u00e4r 4F-PV8 endast avsedd f\u00f6r vetenskaplig forskning och f\u00e5r inte anv\u00e4ndas f\u00f6r m\u00e4nskliga \u00e4ndam\u00e5l!<\/p>\n<h3>F\u00f6rst\u00e5else f\u00f6r hur man lagrar 4F-PV8<\/h3>\n<p>4F-PV8 ska f\u00f6rvaras vid en temperatur under 30 grader Celsius. 4F-PV8 ska f\u00f6rvaras i sin originalf\u00f6rpackning, skyddad fr\u00e5n direkt solljus och fukt.<\/p>\n<p>4-PV8<\/p>\n<p>Tekniska data<\/p>\n<p>1-(4-metoxifenyl)-2-(pyrrolidin-1-yl)heptan-1-on, monohydroklorid \u00e4r det officiella namnet.<\/p>\n<p>Motsvarande<\/p>\n<p>4-PV8<\/p>\n<p>p-MeO-PV8<\/p>\n<p>4-PHP Foxy<\/p>\n<p>HCl - Additionsform C18H27NO2<\/p>\n<p>325,9 Formelvikt<\/p>\n<p>Motst\u00e5nd 98 %<\/p>\n<p>Formulering A kristalliserad i fast tillst\u00e5nd<br \/>\nNembutalboutique: Vi levererar forskningskemikalier till m\u00e4nniskor \u00f6ver hela v\u00e4rlden.<\/p>\n<p>Leverant\u00f6rer av tillf\u00f6rlitliga, kontrollerade, validerade, s\u00e4kra och godk\u00e4nda forskningskemikalier<\/p>\n<p>Vi presenterar NembutalBoutique, en v\u00e4lrenommerad leverant\u00f6r av forskningskemikalier som erbjuder de senaste materialen f\u00f6r dina projekt. Du beh\u00f6ver en leverant\u00f6r som du kan lita p\u00e5 och som f\u00f6rser dig med \u00e4kta, rena 100 %-kemikalier. Att arbeta med oss kommer att \u00f6vertyga dig om detta. Vi \u00e4r mycket stolta \u00f6ver att ha etablerat oss som en av de mest v\u00e4lrenommerade leverant\u00f6rerna i branschen genom v\u00e5rt engagemang f\u00f6r kvalitet och vetenskaplig integritet.<\/p>\n<p>V\u00e5ra kunder kan dra nytta av v\u00e5rt breda utbud av betalningsalternativ, p\u00e5litliga leveranser och det st\u00f6rsta urvalet av forskningskemikalier. P\u00e5 s\u00e5 s\u00e4tt kan vi st\u00f6dja m\u00e5nga forskare \u00f6ver hela kontinenten.<\/p>\n<p>Hitta okonventionella och lite utforskade forskningsmaterial som har potential att ha en betydande inverkan p\u00e5 studier inom fysik, kemi, biologi eller farmakologi. Vi letar st\u00e4ndigt efter s\u00e4tt att f\u00f6rb\u00e4ttra v\u00e5ra erbjudanden och, n\u00e4r s\u00e5 \u00e4r m\u00f6jligt, l\u00e4gga till nya forskningskemikalier i v\u00e5r produktlista f\u00f6r att uppn\u00e5 v\u00e5rt m\u00e5l.<\/p>\n<p>Beroende p\u00e5 deras omedelbara behov kan v\u00e5ra kunder g\u00f6ra best\u00e4llningar i st\u00f6rre eller mindre kvantiteter. Vi \u00e4r mycket stolta \u00f6ver att ta till oss de \u00f6nskem\u00e5l som v\u00e5ra kunder runt om i v\u00e4rlden har framf\u00f6rt till oss, t\u00e4nka igenom dem och leverera de forskningskemikalier som v\u00e5ra kunder specifikt efterfr\u00e5gar. V\u00e5rt huvudm\u00e5l \u00e4r att underl\u00e4tta det vetenskapliga samfundets tillg\u00e5ng till h\u00f6gkvalitativa och revolutionerande forskningskemikalier och samtidigt fr\u00e4mja kunskap genom teknik.<\/p>\n<p>Observera att k\u00f6p av nembutal begr\u00e4nsar den strikta anv\u00e4ndningen av deras forsknings\u00e4mnen till legitima vetenskapliga studier som genomf\u00f6rs i en s\u00e4ker och reglerad laboratoriemilj\u00f6 samtidigt som lokala lagar och f\u00f6rordningar f\u00f6ljs. Testning av v\u00e5r artikel p\u00e5 m\u00e4nniskor \u00e4r str\u00e4ngt f\u00f6rbjudet i alla fall.<\/p>\n<h3>Kemikalieaff\u00e4r, First Research, Inc.<\/h3>\n<p>Vi levererar forskningskemikalier till medicinska institutioner, toxikologer, biokemister, apotekare, kemistudenter, l\u00e4kemedelsforskare och utbildningsinstitutioner.<\/p>","protected":false},"excerpt":{"rendered":"<p>4F-PV8 \u00e0 l&rsquo;achat Achetez du nembutal car la qualit\u00e9 est importante ! Achetez du 4F-PV8 en ligne aupr\u00e8s des meilleures entreprises chimiques europ\u00e9ennes. Garanti d&rsquo;\u00eatre produit avec au moins 98 % de puret\u00e9. Nous fournissons le COA de chaque charge produite chimiquement au cours de nos recherches ! Mat\u00e9riaux dans le 4F-PV8 Contient un minimum [&hellip;]<\/p>","protected":false},"featured_media":2834,"comment_status":"open","ping_status":"closed","template":"","meta":{"_joinchat":[]},"product_brand":[],"product_cat":[385],"product_tag":[],"class_list":{"0":"post-2820","1":"product","2":"type-product","3":"status-publish","4":"has-post-thumbnail","6":"product_cat-forschung-schemikalien","8":"first","9":"instock","10":"shipping-taxable","11":"purchasable","12":"product-type-variable"},"yoast_head":"<!-- This site is optimized with the Yoast SEO plugin v23.5 - https:\/\/yoast.com\/wordpress\/plugins\/seo\/ -->\n<title>Achetez 4F-PV8 en ligne - 4F-PV8 \u00e0 vendre - Commandez 4F-PV8<\/title>\n<meta name=\"description\" content=\"Vous pouvez acheter du 4F-PV8 en ligne aux meilleurs prix dans notre boutique de m\u00e9dicaments en ligne. Nous proposons du 4F-PV8 bon march\u00e9 et de haute qualit\u00e9 \u00e0 la vente et proposons une livraison dans le monde entier. Vous pouvez commander de n&#039;importe o\u00f9, \u00e0 tout moment.\" \/>\n<meta name=\"robots\" content=\"index, follow, max-snippet:-1, max-image-preview:large, max-video-preview:-1\" \/>\n<link rel=\"canonical\" href=\"https:\/\/nembutalboutique.com\/sv\/produkt\/koepa-4f-pv8-online\/\" \/>\n<meta property=\"og:locale\" content=\"sv_SE\" \/>\n<meta property=\"og:type\" content=\"article\" \/>\n<meta property=\"og:title\" content=\"Achetez 4F-PV8 en ligne - 4F-PV8 \u00e0 vendre - Commandez 4F-PV8\" \/>\n<meta property=\"og:description\" content=\"Vous pouvez acheter du 4F-PV8 en ligne aux meilleurs prix dans notre boutique de m\u00e9dicaments en ligne. Nous proposons du 4F-PV8 bon march\u00e9 et de haute qualit\u00e9 \u00e0 la vente et proposons une livraison dans le monde entier. Vous pouvez commander de n&#039;importe o\u00f9, \u00e0 tout moment.\" \/>\n<meta property=\"og:url\" content=\"https:\/\/nembutalboutique.com\/sv\/produkt\/koepa-4f-pv8-online\/\" \/>\n<meta property=\"og:site_name\" content=\"Nembutal Boutique\" \/>\n<meta property=\"article:modified_time\" content=\"2024-09-20T07:50:15+00:00\" \/>\n<meta property=\"og:image\" content=\"https:\/\/nembutalboutique.com\/wp-content\/uploads\/2024\/09\/4FPV8.gif\" \/>\n\t<meta property=\"og:image:width\" content=\"600\" \/>\n\t<meta property=\"og:image:height\" content=\"600\" \/>\n\t<meta property=\"og:image:type\" content=\"image\/gif\" \/>\n<meta name=\"twitter:card\" content=\"summary_large_image\" \/>\n<meta name=\"twitter:label1\" content=\"Ber\u00e4knad l\u00e4stid\" \/>\n\t<meta name=\"twitter:data1\" content=\"4 minuter\" \/>\n<script type=\"application\/ld+json\" class=\"yoast-schema-graph\">{\"@context\":\"https:\/\/schema.org\",\"@graph\":[{\"@type\":\"WebPage\",\"@id\":\"https:\/\/nembutalboutique.com\/produit\/4f-pv8\/\",\"url\":\"https:\/\/nembutalboutique.com\/produit\/4f-pv8\/\",\"name\":\"Achetez 4F-PV8 en ligne - 4F-PV8 \u00e0 vendre - Commandez 4F-PV8\",\"isPartOf\":{\"@id\":\"https:\/\/nembutalboutique.com\/#website\"},\"primaryImageOfPage\":{\"@id\":\"https:\/\/nembutalboutique.com\/produit\/4f-pv8\/#primaryimage\"},\"image\":{\"@id\":\"https:\/\/nembutalboutique.com\/produit\/4f-pv8\/#primaryimage\"},\"thumbnailUrl\":\"https:\/\/nembutalboutique.com\/wp-content\/uploads\/2024\/09\/4FPV8.gif\",\"datePublished\":\"2024-09-16T08:12:44+00:00\",\"dateModified\":\"2024-09-20T07:50:15+00:00\",\"description\":\"Vous pouvez acheter du 4F-PV8 en ligne aux meilleurs prix dans notre boutique de m\u00e9dicaments en ligne. Nous proposons du 4F-PV8 bon march\u00e9 et de haute qualit\u00e9 \u00e0 la vente et proposons une livraison dans le monde entier. Vous pouvez commander de n'importe o\u00f9, \u00e0 tout moment.\",\"breadcrumb\":{\"@id\":\"https:\/\/nembutalboutique.com\/produit\/4f-pv8\/#breadcrumb\"},\"inLanguage\":\"sv-SE\",\"potentialAction\":[{\"@type\":\"ReadAction\",\"target\":[\"https:\/\/nembutalboutique.com\/produit\/4f-pv8\/\"]}]},{\"@type\":\"ImageObject\",\"inLanguage\":\"sv-SE\",\"@id\":\"https:\/\/nembutalboutique.com\/produit\/4f-pv8\/#primaryimage\",\"url\":\"https:\/\/nembutalboutique.com\/wp-content\/uploads\/2024\/09\/4FPV8.gif\",\"contentUrl\":\"https:\/\/nembutalboutique.com\/wp-content\/uploads\/2024\/09\/4FPV8.gif\",\"width\":600,\"height\":600,\"caption\":\"Acheter 4F-PV8\"},{\"@type\":\"BreadcrumbList\",\"@id\":\"https:\/\/nembutalboutique.com\/produit\/4f-pv8\/#breadcrumb\",\"itemListElement\":[{\"@type\":\"ListItem\",\"position\":1,\"name\":\"Home\",\"item\":\"https:\/\/nembutalboutique.com\/\"},{\"@type\":\"ListItem\",\"position\":2,\"name\":\"Boutique\",\"item\":\"https:\/\/nembutalboutique.com\/shop\/\"},{\"@type\":\"ListItem\",\"position\":3,\"name\":\"4F-PV8\"}]},{\"@type\":\"WebSite\",\"@id\":\"https:\/\/nembutalboutique.com\/#website\",\"url\":\"https:\/\/nembutalboutique.com\/\",\"name\":\"Nembutal Boutique\",\"description\":\"My WordPress Blog\",\"publisher\":{\"@id\":\"https:\/\/nembutalboutique.com\/#organization\"},\"potentialAction\":[{\"@type\":\"SearchAction\",\"target\":{\"@type\":\"EntryPoint\",\"urlTemplate\":\"https:\/\/nembutalboutique.com\/?s={search_term_string}\"},\"query-input\":{\"@type\":\"PropertyValueSpecification\",\"valueRequired\":true,\"valueName\":\"search_term_string\"}}],\"inLanguage\":\"sv-SE\"},{\"@type\":\"Organization\",\"@id\":\"https:\/\/nembutalboutique.com\/#organization\",\"name\":\"Nembutal Boutique\",\"url\":\"https:\/\/nembutalboutique.com\/\",\"logo\":{\"@type\":\"ImageObject\",\"inLanguage\":\"sv-SE\",\"@id\":\"https:\/\/nembutalboutique.com\/#\/schema\/logo\/image\/\",\"url\":\"https:\/\/nembutalboutique.com\/wp-content\/uploads\/2024\/01\/logo.png\",\"contentUrl\":\"https:\/\/nembutalboutique.com\/wp-content\/uploads\/2024\/01\/logo.png\",\"width\":494,\"height\":121,\"caption\":\"Nembutal Boutique\"},\"image\":{\"@id\":\"https:\/\/nembutalboutique.com\/#\/schema\/logo\/image\/\"}}]}<\/script>\n<!-- \/ Yoast SEO plugin. -->","yoast_head_json":{"title":"K\u00f6p 4F-PV8 online - 4F-PV8 till salu - Best\u00e4ll 4F-PV8","description":"Du kan k\u00f6pa 4F-PV8 online till de b\u00e4sta priserna i v\u00e5r online medicinbutik. Vi erbjuder billiga och h\u00f6gkvalitativa 4F-PV8 till salu och leverans \u00f6ver hela v\u00e4rlden. Du kan best\u00e4lla fr\u00e5n var som helst, n\u00e4r som helst.","robots":{"index":"index","follow":"follow","max-snippet":"max-snippet:-1","max-image-preview":"max-image-preview:large","max-video-preview":"max-video-preview:-1"},"canonical":"https:\/\/nembutalboutique.com\/sv\/produkt\/koepa-4f-pv8-online\/","og_locale":"sv_SE","og_type":"article","og_title":"Achetez 4F-PV8 en ligne - 4F-PV8 \u00e0 vendre - Commandez 4F-PV8","og_description":"Vous pouvez acheter du 4F-PV8 en ligne aux meilleurs prix dans notre boutique de m\u00e9dicaments en ligne. Nous proposons du 4F-PV8 bon march\u00e9 et de haute qualit\u00e9 \u00e0 la vente et proposons une livraison dans le monde entier. Vous pouvez commander de n'importe o\u00f9, \u00e0 tout moment.","og_url":"https:\/\/nembutalboutique.com\/sv\/produkt\/koepa-4f-pv8-online\/","og_site_name":"Nembutal Boutique","article_modified_time":"2024-09-20T07:50:15+00:00","og_image":[{"width":600,"height":600,"url":"https:\/\/nembutalboutique.com\/wp-content\/uploads\/2024\/09\/4FPV8.gif","type":"image\/gif"}],"twitter_card":"summary_large_image","twitter_misc":{"Ber\u00e4knad l\u00e4stid":"4 minuter"},"schema":{"@context":"https:\/\/schema.org","@graph":[{"@type":"WebPage","@id":"https:\/\/nembutalboutique.com\/produit\/4f-pv8\/","url":"https:\/\/nembutalboutique.com\/produit\/4f-pv8\/","name":"K\u00f6p 4F-PV8 online - 4F-PV8 till salu - Best\u00e4ll 4F-PV8","isPartOf":{"@id":"https:\/\/nembutalboutique.com\/#website"},"primaryImageOfPage":{"@id":"https:\/\/nembutalboutique.com\/produit\/4f-pv8\/#primaryimage"},"image":{"@id":"https:\/\/nembutalboutique.com\/produit\/4f-pv8\/#primaryimage"},"thumbnailUrl":"https:\/\/nembutalboutique.com\/wp-content\/uploads\/2024\/09\/4FPV8.gif","datePublished":"2024-09-16T08:12:44+00:00","dateModified":"2024-09-20T07:50:15+00:00","description":"Du kan k\u00f6pa 4F-PV8 online till de b\u00e4sta priserna i v\u00e5r online medicinbutik. Vi erbjuder billiga och h\u00f6gkvalitativa 4F-PV8 till salu och leverans \u00f6ver hela v\u00e4rlden. Du kan best\u00e4lla fr\u00e5n var som helst, n\u00e4r som helst.","breadcrumb":{"@id":"https:\/\/nembutalboutique.com\/produit\/4f-pv8\/#breadcrumb"},"inLanguage":"sv-SE","potentialAction":[{"@type":"ReadAction","target":["https:\/\/nembutalboutique.com\/produit\/4f-pv8\/"]}]},{"@type":"ImageObject","inLanguage":"sv-SE","@id":"https:\/\/nembutalboutique.com\/produit\/4f-pv8\/#primaryimage","url":"https:\/\/nembutalboutique.com\/wp-content\/uploads\/2024\/09\/4FPV8.gif","contentUrl":"https:\/\/nembutalboutique.com\/wp-content\/uploads\/2024\/09\/4FPV8.gif","width":600,"height":600,"caption":"Acheter 4F-PV8"},{"@type":"BreadcrumbList","@id":"https:\/\/nembutalboutique.com\/produit\/4f-pv8\/#breadcrumb","itemListElement":[{"@type":"ListItem","position":1,"name":"Home","item":"https:\/\/nembutalboutique.com\/"},{"@type":"ListItem","position":2,"name":"Boutique","item":"https:\/\/nembutalboutique.com\/shop\/"},{"@type":"ListItem","position":3,"name":"4F-PV8"}]},{"@type":"WebSite","@id":"https:\/\/nembutalboutique.com\/#website","url":"https:\/\/nembutalboutique.com\/","name":"Nembutal Boutique","description":"Min WordPress-blogg","publisher":{"@id":"https:\/\/nembutalboutique.com\/#organization"},"potentialAction":[{"@type":"SearchAction","target":{"@type":"EntryPoint","urlTemplate":"https:\/\/nembutalboutique.com\/?s={search_term_string}"},"query-input":{"@type":"PropertyValueSpecification","valueRequired":true,"valueName":"search_term_string"}}],"inLanguage":"sv-SE"},{"@type":"Organization","@id":"https:\/\/nembutalboutique.com\/#organization","name":"Nembutal Boutique","url":"https:\/\/nembutalboutique.com\/","logo":{"@type":"ImageObject","inLanguage":"sv-SE","@id":"https:\/\/nembutalboutique.com\/#\/schema\/logo\/image\/","url":"https:\/\/nembutalboutique.com\/wp-content\/uploads\/2024\/01\/logo.png","contentUrl":"https:\/\/nembutalboutique.com\/wp-content\/uploads\/2024\/01\/logo.png","width":494,"height":121,"caption":"Nembutal Boutique"},"image":{"@id":"https:\/\/nembutalboutique.com\/#\/schema\/logo\/image\/"}}]}},"_links":{"self":[{"href":"https:\/\/nembutalboutique.com\/sv\/wp-json\/wp\/v2\/product\/2820"}],"collection":[{"href":"https:\/\/nembutalboutique.com\/sv\/wp-json\/wp\/v2\/product"}],"about":[{"href":"https:\/\/nembutalboutique.com\/sv\/wp-json\/wp\/v2\/types\/product"}],"replies":[{"embeddable":true,"href":"https:\/\/nembutalboutique.com\/sv\/wp-json\/wp\/v2\/comments?post=2820"}],"wp:featuredmedia":[{"embeddable":true,"href":"https:\/\/nembutalboutique.com\/sv\/wp-json\/wp\/v2\/media\/2834"}],"wp:attachment":[{"href":"https:\/\/nembutalboutique.com\/sv\/wp-json\/wp\/v2\/media?parent=2820"}],"wp:term":[{"taxonomy":"product_brand","embeddable":true,"href":"https:\/\/nembutalboutique.com\/sv\/wp-json\/wp\/v2\/product_brand?post=2820"},{"taxonomy":"product_cat","embeddable":true,"href":"https:\/\/nembutalboutique.com\/sv\/wp-json\/wp\/v2\/product_cat?post=2820"},{"taxonomy":"product_tag","embeddable":true,"href":"https:\/\/nembutalboutique.com\/sv\/wp-json\/wp\/v2\/product_tag?post=2820"}],"curies":[{"name":"wp","href":"https:\/\/api.w.org\/{rel}","templated":true}]}}