{"id":2771,"date":"2024-09-16T08:12:29","date_gmt":"2024-09-16T08:12:29","guid":{"rendered":"https:\/\/nembutalboutique.com\/?post_type=product&#038;p=2771"},"modified":"2024-09-20T10:48:16","modified_gmt":"2024-09-20T10:48:16","slug":"f-pv9","status":"publish","type":"product","link":"https:\/\/nembutalboutique.com\/sv\/produkt\/koepa-f-pv9-online\/","title":{"rendered":"F-PV9"},"content":{"rendered":"<h2>K\u00f6p F-PV9 online.<\/h2>\n<p>K\u00f6p F-PV9 online : 4\u2032-fluoro-\u03b1-pyrrolidinooctanophenone-familjen av energigivande katalysatorer, \u00e4ven k\u00e4nd som 4-fluor-PV-9, FPOP och 4-fluoro-\u03b1-POP, har identifierats som ett nytt syntetiskt l\u00e4kemedel.<\/p>\n<p>I allm\u00e4nhet anv\u00e4nds a-pvp f\u00f6r att identifiera <a href=\"https:\/\/nembutalboutique.com\/produit\/f-pv9\/\">4F-PV9<\/a>en kettenverbreitertes-homolog vars lupacianamn \u00e4r 1-(4-fluorofenyl)-2-(pyrrolidin-1-yl)oktan-1-on. Den substantiva formen av 4F-PV9 \u00e4r C18H26FNO. Dess slutliga massa \u00e4r 291,20 och dess atomvikt \u00e4r 291,40. Den kemiska produkten har en renhet p\u00e5 99,8 % och framtr\u00e4der som ett vitt eller gr\u00e5aktigt pulver i kristallin form.<\/p>\n<p>En stabiliserad homolog av 4F-PV9 \u00e4r associerad med andra substituerade karbaner. Den best\u00e5r av en alkylen bunden till alfaparaffinatomen i en fenylen.<\/p>\n<p>NembutalBoutique ONLINE erbjuder produkter till reducerade priser. Vi f\u00f6rbereder de b\u00e4sta forskningskemikalierna och distribuerar dem \u00f6ver hela v\u00e4rlden. F\u00f6r att skydda v\u00e5ra kunders sekretess och s\u00e4kerhet f\u00f6rpackas och skickas varje produkt noggrant. Vi erbjuder rabatter f\u00f6r stora best\u00e4llningar och ett antal s\u00e4kra betalningsalternativ.<\/p>\n<h3>K\u00f6p 4F-PV9 fr\u00e5n Nembutal eftersom kvalitet r\u00e4knas!<\/h3>\n<p>K\u00f6p <a href=\"https:\/\/nembutalboutique.com\/produit\/f-pv9\/\">4F-PV9<\/a> online fr\u00e5n de b\u00e4sta europeiska kemif\u00f6retagen. Garanterad att produceras med en renhet p\u00e5 minst 98 %. Vi levererar COA f\u00f6r varje sats som produceras kemiskt under v\u00e5r forskning!<\/p>\n<h3>4F-PV9 material<\/h3>\n<p>Inneh\u00e5ller minst 98 %+ av ren 4F-PV9 per styrenhet.<\/p>\n<h3>Best\u00e4mning av 4-F-PV9<\/h3>\n<p>Det finns ingen rekommenderad dosering eftersom 4F-PV9 s\u00e4ljs enbart f\u00f6r anv\u00e4ndning i vetenskaplig kemisk forskning och inte \u00e4r avsedd f\u00f6r konsumtion.<\/p>\n<h3>Effekterna av 4F-PV9 :<\/h3>\n<p>De kliniska effekterna av de flesta nya syntetiska droger, s\u00e5som 4F-PV9, kan klassificeras som stimulerande, hallucinogena eller opioidliknande. Dessutom har du en kombination av dessa effekter med substitution av ett syntetiskt l\u00e4kemedel.<\/p>\n<h3>Biverkningar av 4F-PV9<\/h3>\n<p>Liksom andra syntetiska l\u00e4kemedel kan anv\u00e4ndningen av 4F-PV9 orsaka allvarliga biverkningar; substansen har inte testats kliniskt, men den \u00e4r \u00e4nd\u00e5 godk\u00e4nd som en produkt f\u00f6r veterin\u00e4rmedicinsk anv\u00e4ndning p\u00e5 n\u00e5got s\u00e4tt! Detta inneb\u00e4r att 4F-PV9 endast \u00e4r avsett f\u00f6r vetenskaplig forskning och inte f\u00f6r anv\u00e4ndning p\u00e5 m\u00e4nniskor!<\/p>\n<h3>Att k\u00e4nna igen hur: Bevarande av 4F-PV9<\/h3>\n<p>4F-PV9 ska f\u00f6rvaras vid en temperatur under 30 grader Celsius. 4F-PV9 ska f\u00f6rvaras i sin originalf\u00f6rpackning, skyddas fr\u00e5n direkt solljus och h\u00e5llas fuktig.<\/p>","protected":false},"excerpt":{"rendered":"<p>Achetez le F-PV9 en ligne. Acheter le F-PV9 en ligne : La famille de catalyseurs \u00e9nergisants 4\u2032-fluoro-\u03b1-pyrrolidinooctanoph\u00e9none, \u00e9galement connue sous le nom de 4-fluoro-PV-9, FPOP et 4-fluoro-\u03b1-POP, a \u00e9t\u00e9 identifi\u00e9e comme un nouveau m\u00e9dicament synth\u00e9tique. En g\u00e9n\u00e9ral, l&rsquo;a-pvp est utilis\u00e9 pour identifier le 4F-PV9, un homologue kettenverbreitertes dont le nom lupacien est 1-(4-fluoroph\u00e9nyl)-2-(pyrrolidin-1-yl)octan-1-one. La forme [&hellip;]<\/p>","protected":false},"featured_media":2801,"comment_status":"open","ping_status":"closed","template":"","meta":{"_joinchat":[]},"product_brand":[],"product_cat":[385],"product_tag":[],"class_list":{"0":"post-2771","1":"product","2":"type-product","3":"status-publish","4":"has-post-thumbnail","6":"product_cat-forschung-schemikalien","8":"first","9":"instock","10":"shipping-taxable","11":"purchasable","12":"product-type-variable"},"yoast_head":"<!-- This site is optimized with the Yoast SEO plugin v23.5 - https:\/\/yoast.com\/wordpress\/plugins\/seo\/ -->\n<title>F-PV9 \u00e0 vendre - Achetez F-PV9 en ligne<\/title>\n<meta name=\"description\" content=\"D\u00e9couvrez notre boutique en ligne de F-PV9 \u00e0 vendre, proposant des F-PV9 de haute qualit\u00e9. Achetez F-PV9 en ligne en toute s\u00e9curit\u00e9 et lancez-vous dans votre voyage de recherche en toute confiance. Passez votre commande maintenant !\" \/>\n<meta name=\"robots\" content=\"index, follow, max-snippet:-1, max-image-preview:large, max-video-preview:-1\" \/>\n<link rel=\"canonical\" href=\"https:\/\/nembutalboutique.com\/sv\/produkt\/koepa-f-pv9-online\/\" \/>\n<meta property=\"og:locale\" content=\"sv_SE\" \/>\n<meta property=\"og:type\" content=\"article\" \/>\n<meta property=\"og:title\" content=\"F-PV9 \u00e0 vendre - Achetez F-PV9 en ligne\" \/>\n<meta property=\"og:description\" content=\"D\u00e9couvrez notre boutique en ligne de F-PV9 \u00e0 vendre, proposant des F-PV9 de haute qualit\u00e9. Achetez F-PV9 en ligne en toute s\u00e9curit\u00e9 et lancez-vous dans votre voyage de recherche en toute confiance. Passez votre commande maintenant !\" \/>\n<meta property=\"og:url\" content=\"https:\/\/nembutalboutique.com\/sv\/produkt\/koepa-f-pv9-online\/\" \/>\n<meta property=\"og:site_name\" content=\"Nembutal Boutique\" \/>\n<meta property=\"article:modified_time\" content=\"2024-09-20T10:48:16+00:00\" \/>\n<meta property=\"og:image\" content=\"https:\/\/nembutalboutique.com\/wp-content\/uploads\/2024\/09\/F-PV9.gif\" \/>\n\t<meta property=\"og:image:width\" content=\"600\" \/>\n\t<meta property=\"og:image:height\" content=\"600\" \/>\n\t<meta property=\"og:image:type\" content=\"image\/gif\" \/>\n<meta name=\"twitter:card\" content=\"summary_large_image\" \/>\n<meta name=\"twitter:label1\" content=\"Ber\u00e4knad l\u00e4stid\" \/>\n\t<meta name=\"twitter:data1\" content=\"2 minuter\" \/>\n<script type=\"application\/ld+json\" class=\"yoast-schema-graph\">{\"@context\":\"https:\/\/schema.org\",\"@graph\":[{\"@type\":\"WebPage\",\"@id\":\"https:\/\/nembutalboutique.com\/produit\/f-pv9\/\",\"url\":\"https:\/\/nembutalboutique.com\/produit\/f-pv9\/\",\"name\":\"F-PV9 \u00e0 vendre - Achetez F-PV9 en ligne\",\"isPartOf\":{\"@id\":\"https:\/\/nembutalboutique.com\/#website\"},\"primaryImageOfPage\":{\"@id\":\"https:\/\/nembutalboutique.com\/produit\/f-pv9\/#primaryimage\"},\"image\":{\"@id\":\"https:\/\/nembutalboutique.com\/produit\/f-pv9\/#primaryimage\"},\"thumbnailUrl\":\"https:\/\/nembutalboutique.com\/wp-content\/uploads\/2024\/09\/F-PV9.gif\",\"datePublished\":\"2024-09-16T08:12:29+00:00\",\"dateModified\":\"2024-09-20T10:48:16+00:00\",\"description\":\"D\u00e9couvrez notre boutique en ligne de F-PV9 \u00e0 vendre, proposant des F-PV9 de haute qualit\u00e9. Achetez F-PV9 en ligne en toute s\u00e9curit\u00e9 et lancez-vous dans votre voyage de recherche en toute confiance. Passez votre commande maintenant !\",\"breadcrumb\":{\"@id\":\"https:\/\/nembutalboutique.com\/produit\/f-pv9\/#breadcrumb\"},\"inLanguage\":\"sv-SE\",\"potentialAction\":[{\"@type\":\"ReadAction\",\"target\":[\"https:\/\/nembutalboutique.com\/produit\/f-pv9\/\"]}]},{\"@type\":\"ImageObject\",\"inLanguage\":\"sv-SE\",\"@id\":\"https:\/\/nembutalboutique.com\/produit\/f-pv9\/#primaryimage\",\"url\":\"https:\/\/nembutalboutique.com\/wp-content\/uploads\/2024\/09\/F-PV9.gif\",\"contentUrl\":\"https:\/\/nembutalboutique.com\/wp-content\/uploads\/2024\/09\/F-PV9.gif\",\"width\":600,\"height\":600,\"caption\":\"Acheter F-PV9.gif\"},{\"@type\":\"BreadcrumbList\",\"@id\":\"https:\/\/nembutalboutique.com\/produit\/f-pv9\/#breadcrumb\",\"itemListElement\":[{\"@type\":\"ListItem\",\"position\":1,\"name\":\"Home\",\"item\":\"https:\/\/nembutalboutique.com\/\"},{\"@type\":\"ListItem\",\"position\":2,\"name\":\"Boutique\",\"item\":\"https:\/\/nembutalboutique.com\/shop\/\"},{\"@type\":\"ListItem\",\"position\":3,\"name\":\"F-PV9\"}]},{\"@type\":\"WebSite\",\"@id\":\"https:\/\/nembutalboutique.com\/#website\",\"url\":\"https:\/\/nembutalboutique.com\/\",\"name\":\"Nembutal Boutique\",\"description\":\"My WordPress Blog\",\"publisher\":{\"@id\":\"https:\/\/nembutalboutique.com\/#organization\"},\"potentialAction\":[{\"@type\":\"SearchAction\",\"target\":{\"@type\":\"EntryPoint\",\"urlTemplate\":\"https:\/\/nembutalboutique.com\/?s={search_term_string}\"},\"query-input\":{\"@type\":\"PropertyValueSpecification\",\"valueRequired\":true,\"valueName\":\"search_term_string\"}}],\"inLanguage\":\"sv-SE\"},{\"@type\":\"Organization\",\"@id\":\"https:\/\/nembutalboutique.com\/#organization\",\"name\":\"Nembutal Boutique\",\"url\":\"https:\/\/nembutalboutique.com\/\",\"logo\":{\"@type\":\"ImageObject\",\"inLanguage\":\"sv-SE\",\"@id\":\"https:\/\/nembutalboutique.com\/#\/schema\/logo\/image\/\",\"url\":\"https:\/\/nembutalboutique.com\/wp-content\/uploads\/2024\/01\/logo.png\",\"contentUrl\":\"https:\/\/nembutalboutique.com\/wp-content\/uploads\/2024\/01\/logo.png\",\"width\":494,\"height\":121,\"caption\":\"Nembutal Boutique\"},\"image\":{\"@id\":\"https:\/\/nembutalboutique.com\/#\/schema\/logo\/image\/\"}}]}<\/script>\n<!-- \/ Yoast SEO plugin. -->","yoast_head_json":{"title":"F-PV9 till salu - K\u00f6p F-PV9 online","description":"Uppt\u00e4ck v\u00e5r F-PV9 onlinebutik till salu, som erbjuder h\u00f6gkvalitativa F-PV9s. K\u00f6p F-PV9 s\u00e4kert online och p\u00e5b\u00f6rja din s\u00f6kresa med tillf\u00f6rsikt. G\u00f6r din best\u00e4llning nu!","robots":{"index":"index","follow":"follow","max-snippet":"max-snippet:-1","max-image-preview":"max-image-preview:large","max-video-preview":"max-video-preview:-1"},"canonical":"https:\/\/nembutalboutique.com\/sv\/produkt\/koepa-f-pv9-online\/","og_locale":"sv_SE","og_type":"article","og_title":"F-PV9 \u00e0 vendre - Achetez F-PV9 en ligne","og_description":"D\u00e9couvrez notre boutique en ligne de F-PV9 \u00e0 vendre, proposant des F-PV9 de haute qualit\u00e9. Achetez F-PV9 en ligne en toute s\u00e9curit\u00e9 et lancez-vous dans votre voyage de recherche en toute confiance. Passez votre commande maintenant !","og_url":"https:\/\/nembutalboutique.com\/sv\/produkt\/koepa-f-pv9-online\/","og_site_name":"Nembutal Boutique","article_modified_time":"2024-09-20T10:48:16+00:00","og_image":[{"width":600,"height":600,"url":"https:\/\/nembutalboutique.com\/wp-content\/uploads\/2024\/09\/F-PV9.gif","type":"image\/gif"}],"twitter_card":"summary_large_image","twitter_misc":{"Ber\u00e4knad l\u00e4stid":"2 minuter"},"schema":{"@context":"https:\/\/schema.org","@graph":[{"@type":"WebPage","@id":"https:\/\/nembutalboutique.com\/produit\/f-pv9\/","url":"https:\/\/nembutalboutique.com\/produit\/f-pv9\/","name":"F-PV9 till salu - K\u00f6p F-PV9 online","isPartOf":{"@id":"https:\/\/nembutalboutique.com\/#website"},"primaryImageOfPage":{"@id":"https:\/\/nembutalboutique.com\/produit\/f-pv9\/#primaryimage"},"image":{"@id":"https:\/\/nembutalboutique.com\/produit\/f-pv9\/#primaryimage"},"thumbnailUrl":"https:\/\/nembutalboutique.com\/wp-content\/uploads\/2024\/09\/F-PV9.gif","datePublished":"2024-09-16T08:12:29+00:00","dateModified":"2024-09-20T10:48:16+00:00","description":"Uppt\u00e4ck v\u00e5r F-PV9 onlinebutik till salu, som erbjuder h\u00f6gkvalitativa F-PV9s. K\u00f6p F-PV9 s\u00e4kert online och p\u00e5b\u00f6rja din s\u00f6kresa med tillf\u00f6rsikt. G\u00f6r din best\u00e4llning nu!","breadcrumb":{"@id":"https:\/\/nembutalboutique.com\/produit\/f-pv9\/#breadcrumb"},"inLanguage":"sv-SE","potentialAction":[{"@type":"ReadAction","target":["https:\/\/nembutalboutique.com\/produit\/f-pv9\/"]}]},{"@type":"ImageObject","inLanguage":"sv-SE","@id":"https:\/\/nembutalboutique.com\/produit\/f-pv9\/#primaryimage","url":"https:\/\/nembutalboutique.com\/wp-content\/uploads\/2024\/09\/F-PV9.gif","contentUrl":"https:\/\/nembutalboutique.com\/wp-content\/uploads\/2024\/09\/F-PV9.gif","width":600,"height":600,"caption":"Acheter F-PV9.gif"},{"@type":"BreadcrumbList","@id":"https:\/\/nembutalboutique.com\/produit\/f-pv9\/#breadcrumb","itemListElement":[{"@type":"ListItem","position":1,"name":"Home","item":"https:\/\/nembutalboutique.com\/"},{"@type":"ListItem","position":2,"name":"Boutique","item":"https:\/\/nembutalboutique.com\/shop\/"},{"@type":"ListItem","position":3,"name":"F-PV9"}]},{"@type":"WebSite","@id":"https:\/\/nembutalboutique.com\/#website","url":"https:\/\/nembutalboutique.com\/","name":"Nembutal Boutique","description":"Min WordPress-blogg","publisher":{"@id":"https:\/\/nembutalboutique.com\/#organization"},"potentialAction":[{"@type":"SearchAction","target":{"@type":"EntryPoint","urlTemplate":"https:\/\/nembutalboutique.com\/?s={search_term_string}"},"query-input":{"@type":"PropertyValueSpecification","valueRequired":true,"valueName":"search_term_string"}}],"inLanguage":"sv-SE"},{"@type":"Organization","@id":"https:\/\/nembutalboutique.com\/#organization","name":"Nembutal Boutique","url":"https:\/\/nembutalboutique.com\/","logo":{"@type":"ImageObject","inLanguage":"sv-SE","@id":"https:\/\/nembutalboutique.com\/#\/schema\/logo\/image\/","url":"https:\/\/nembutalboutique.com\/wp-content\/uploads\/2024\/01\/logo.png","contentUrl":"https:\/\/nembutalboutique.com\/wp-content\/uploads\/2024\/01\/logo.png","width":494,"height":121,"caption":"Nembutal Boutique"},"image":{"@id":"https:\/\/nembutalboutique.com\/#\/schema\/logo\/image\/"}}]}},"_links":{"self":[{"href":"https:\/\/nembutalboutique.com\/sv\/wp-json\/wp\/v2\/product\/2771"}],"collection":[{"href":"https:\/\/nembutalboutique.com\/sv\/wp-json\/wp\/v2\/product"}],"about":[{"href":"https:\/\/nembutalboutique.com\/sv\/wp-json\/wp\/v2\/types\/product"}],"replies":[{"embeddable":true,"href":"https:\/\/nembutalboutique.com\/sv\/wp-json\/wp\/v2\/comments?post=2771"}],"wp:featuredmedia":[{"embeddable":true,"href":"https:\/\/nembutalboutique.com\/sv\/wp-json\/wp\/v2\/media\/2801"}],"wp:attachment":[{"href":"https:\/\/nembutalboutique.com\/sv\/wp-json\/wp\/v2\/media?parent=2771"}],"wp:term":[{"taxonomy":"product_brand","embeddable":true,"href":"https:\/\/nembutalboutique.com\/sv\/wp-json\/wp\/v2\/product_brand?post=2771"},{"taxonomy":"product_cat","embeddable":true,"href":"https:\/\/nembutalboutique.com\/sv\/wp-json\/wp\/v2\/product_cat?post=2771"},{"taxonomy":"product_tag","embeddable":true,"href":"https:\/\/nembutalboutique.com\/sv\/wp-json\/wp\/v2\/product_tag?post=2771"}],"curies":[{"name":"wp","href":"https:\/\/api.w.org\/{rel}","templated":true}]}}