{"id":3384,"date":"2024-09-16T08:17:23","date_gmt":"2024-09-16T08:17:23","guid":{"rendered":"https:\/\/nembutalboutique.com\/?post_type=product&#038;p=3384"},"modified":"2024-09-20T05:00:17","modified_gmt":"2024-09-20T05:00:17","slug":"mdphp-hcl","status":"publish","type":"product","link":"https:\/\/nembutalboutique.com\/pt\/produto\/comprar-mdphp-hcl\/","title":{"rendered":"MDPHP HCL"},"content":{"rendered":"<h2>Comprar MDPHP HCL.<\/h2>\n<p>O MDPHP HCL Buy est\u00e1 estreitamente relacionado com o estimulante MDPV, que ganhou popularidade na d\u00e9cada de 1960 ap\u00f3s ter sido descoberto por uma empresa farmac\u00eautica alem\u00e3<a href=\"https:\/\/nembutalboutique.com\/produit\/mdphp-hcl\/\">.<\/a><\/p>\n<p>O MDPHP, tamb\u00e9m conhecido como \"Affenstaub\" ou 3\u2032,4\u2032-metilendioxi-\u03b1-pirrolidinohexiofenona, funciona como um NDRI e parece um p\u00f3 cristalino muito fino na forma de cloridrato (HCL). Estudos exaustivos e f\u00f3runs em linha publicaram informa\u00e7\u00f5es sobre o MDPHP e os seus efeitos; no entanto, ainda n\u00e3o se sabe se ser\u00e1 legalizado no futuro ou se ser\u00e1 inclu\u00eddo na Opiumgesetz. Como ainda \u00e9 legal em muitas partes da Europa, o NembuKauFlog tem o prazer de fornecer p\u00f3 de MDPHP de grau laboratorial para as suas necessidades de investiga\u00e7\u00e3o. Pode descobrir uma cole\u00e7\u00e3o de detalhes t\u00e9cnicos adicionais para avalia\u00e7\u00e3o aqui!<\/p>\n<p><strong>Aviso de seguran\u00e7a<\/strong><\/p>\n<p>Uma vez que o p\u00f3 <a href=\"https:\/\/en.wikipedia.org\/wiki\/MDPHP\">MDPHP<\/a> \u00e9 um p\u00f3 fino que \u00e9 facilmente absorvido pelo ar, pelo que \u00e9 aconselh\u00e1vel usar luvas, \u00f3culos de seguran\u00e7a e m\u00e1scaras respirat\u00f3rias ao manusear objectos transportados pelo ar no local de trabalho para evitar les\u00f5es acidentais. Em caso de exposi\u00e7\u00e3o n\u00e3o intencional, os profissionais de sa\u00fade s\u00e3o tamb\u00e9m aconselhados a mostrar o r\u00f3tulo do produto com informa\u00e7\u00f5es IUPAC e CAS. Aquisi\u00e7\u00e3o de MDPHP HCL.<\/p>\n<p>Se as part\u00edculas entrarem acidentalmente nos olhos, devem ser removidas imediatamente e a \u00e1rea afetada deve ser lavada com \u00e1gua abundante.<\/p>\n<h3>Onde posso comprar MDPHP HCL?<\/h3>\n<p>Na Buyen Nembutal, temos o prazer de poder fornecer o melhor MDPHP HCL de grau laboratorial dispon\u00edvel no mercado. A melhor fonte de produtos qu\u00edmicos para investiga\u00e7\u00e3o \u00e9 a Buyen Nembutal. Efectuamos rigorosos testes GC-MS antes de colocarmos qualquer um dos nossos produtos \u00e0 venda.<\/p>\n<p>\u00c9 necess\u00e1rio ter pelo menos dez anos de idade. Nem todos os produtos qu\u00edmicos dispon\u00edveis para investiga\u00e7\u00e3o s\u00e3o geralmente recomendados para uso humano; em vez disso, s\u00f3 devem ser utilizados em investiga\u00e7\u00e3o laboratorial.<\/p>\n<h3>O HCL MDPHP \u00e9 aprovado?<\/h3>\n<p>Aconselhamos vivamente o utilizador a informar-se sobre a legalidade do HCL MDPHP, verificando a legisla\u00e7\u00e3o em vigor no seu pa\u00eds de origem ou no seu endere\u00e7o de entrega.<\/p>\n<p>Tendo em conta as nossas actuais restri\u00e7\u00f5es de envio, estamos a tomar todas as medidas razo\u00e1veis para reduzir o risco para os nossos clientes.<\/p>\n<p>No entanto, como a legisla\u00e7\u00e3o em todo o mundo est\u00e1 em constante mudan\u00e7a, o NembuKauFlog n\u00e3o pode ser responsabilizado por quaisquer problemas que possam surgir. Em \u00faltima an\u00e1lise, \u00e9 da responsabilidade do comprador garantir que o produto est\u00e1 em conformidade com todas as regras e regulamentos aplic\u00e1veis estabelecidos pelo fornecedor.<\/p>\n<h3>Onde posso comprar o MDPHP?<\/h3>\n<p>Ao comprar nembutal, fornecemos o MDPHP da mais alta qualidade dispon\u00edvel a n\u00edvel laboratorial, com todos os Stolz. O melhor s\u00edtio para quem procura comprar produtos qu\u00edmicos para investiga\u00e7\u00e3o \u00e9 a Buy Nembutal. S\u00e3o efectuados testes extensivos de GC MS antes de colocarmos o nosso invent\u00e1rio \u00e0 venda.<\/p>\n<p>O MDPHP \u00e9 um site de compra e venda de nembutal online. Todos os produtos qu\u00edmicos de investiga\u00e7\u00e3o vendidos destinam-se apenas a ser utilizados em investiga\u00e7\u00e3o laboratorial e nunca se destinam a ser utilizados em seres humanos.<\/p>\n<h3>O MDPHP est\u00e1 autorizado?<\/h3>\n<p>No que diz respeito \u00e0 legalidade do MDPHP, aconselhamos vivamente o utilizador a familiarizar-se com as leis em vigor no seu pa\u00eds de resid\u00eancia e\/ou no seu endere\u00e7o de entrega.<\/p>\n<p>Tomamos todas as medidas razo\u00e1veis para reduzir o risco para os nossos clientes atrav\u00e9s das nossas restri\u00e7\u00f5es activas de fornecimento. No entanto, o ambiente global est\u00e1 em constante mudan\u00e7a e a Buyen Nembutal n\u00e3o aceita qualquer responsabilidade por quaisquer complica\u00e7\u00f5es. Em \u00faltima an\u00e1lise, \u00e9 da responsabilidade do comprador garantir que o produto n\u00e3o viola quaisquer leis ou direitos de passagem no local de entrega.<\/p>","protected":false},"excerpt":{"rendered":"<p>O MD-PHP \u00e9 uma subst\u00e2ncia que vendemos apenas para fins de investiga\u00e7\u00e3o e, por conseguinte, n\u00e3o se destina ao mpt . A MD-PHP pode ser estudada durante um per\u00edodo m\u00e1ximo de 2 anos quando armazenada num ambiente adequado.<\/p>\n<p>Uma vez que o MDPHP se destina apenas a investiga\u00e7\u00e3o e n\u00e3o a uso m\u00e9dico, \u00e9 importante que o MDPHP seja mantido fora do alcance das crian\u00e7as e dos animais de estima\u00e7\u00e3o.<\/p>","protected":false},"featured_media":3534,"comment_status":"open","ping_status":"closed","template":"","meta":{"_joinchat":[]},"product_brand":[],"product_cat":[387],"product_tag":[],"class_list":{"0":"post-3384","1":"product","2":"type-product","3":"status-publish","4":"has-post-thumbnail","6":"product_cat-cathinone","8":"first","9":"instock","10":"shipping-taxable","11":"purchasable","12":"product-type-variable"},"yoast_head":"<!-- This site is optimized with the Yoast SEO plugin v23.5 - https:\/\/yoast.com\/wordpress\/plugins\/seo\/ -->\n<title>Acheter MDPHP HCL en ligne - MDPHP HCL \u00e0 vendre en ligne<\/title>\n<meta name=\"description\" content=\"Achetez du MDPHP HCL en vente dans l&#039;un des meilleurs magasins en ligne. Nous vous aiderons \u00e0 acheter du MDPHP HCL en ligne de haute qualit\u00e9. Ne tardez pas \u00e0 passer votre commande et profitez des derni\u00e8res r\u00e9ductions !\" \/>\n<meta name=\"robots\" content=\"index, follow, max-snippet:-1, max-image-preview:large, max-video-preview:-1\" \/>\n<link rel=\"canonical\" href=\"https:\/\/nembutalboutique.com\/pt\/produto\/comprar-mdphp-hcl\/\" \/>\n<meta property=\"og:locale\" content=\"pt_PT\" \/>\n<meta property=\"og:type\" content=\"article\" \/>\n<meta property=\"og:title\" content=\"Acheter MDPHP HCL en ligne - MDPHP HCL \u00e0 vendre en ligne\" \/>\n<meta property=\"og:description\" content=\"Achetez du MDPHP HCL en vente dans l&#039;un des meilleurs magasins en ligne. Nous vous aiderons \u00e0 acheter du MDPHP HCL en ligne de haute qualit\u00e9. Ne tardez pas \u00e0 passer votre commande et profitez des derni\u00e8res r\u00e9ductions !\" \/>\n<meta property=\"og:url\" content=\"https:\/\/nembutalboutique.com\/pt\/produto\/comprar-mdphp-hcl\/\" \/>\n<meta property=\"og:site_name\" content=\"Nembutal Boutique\" \/>\n<meta property=\"article:modified_time\" content=\"2024-09-20T05:00:17+00:00\" \/>\n<meta property=\"og:image\" content=\"https:\/\/nembutalboutique.com\/wp-content\/uploads\/2024\/09\/mdphp-hcl-.jpg\" \/>\n\t<meta property=\"og:image:width\" content=\"1104\" \/>\n\t<meta property=\"og:image:height\" content=\"1108\" \/>\n\t<meta property=\"og:image:type\" content=\"image\/jpeg\" \/>\n<meta name=\"twitter:card\" content=\"summary_large_image\" \/>\n<meta name=\"twitter:label1\" content=\"Tempo estimado de leitura\" \/>\n\t<meta name=\"twitter:data1\" content=\"3 minutos\" \/>\n<script type=\"application\/ld+json\" class=\"yoast-schema-graph\">{\"@context\":\"https:\/\/schema.org\",\"@graph\":[{\"@type\":\"WebPage\",\"@id\":\"https:\/\/nembutalboutique.com\/produit\/mdphp-hcl\/\",\"url\":\"https:\/\/nembutalboutique.com\/produit\/mdphp-hcl\/\",\"name\":\"Acheter MDPHP HCL en ligne - MDPHP HCL \u00e0 vendre en ligne\",\"isPartOf\":{\"@id\":\"https:\/\/nembutalboutique.com\/#website\"},\"primaryImageOfPage\":{\"@id\":\"https:\/\/nembutalboutique.com\/produit\/mdphp-hcl\/#primaryimage\"},\"image\":{\"@id\":\"https:\/\/nembutalboutique.com\/produit\/mdphp-hcl\/#primaryimage\"},\"thumbnailUrl\":\"https:\/\/nembutalboutique.com\/wp-content\/uploads\/2024\/09\/mdphp-hcl-.jpg\",\"datePublished\":\"2024-09-16T08:17:23+00:00\",\"dateModified\":\"2024-09-20T05:00:17+00:00\",\"description\":\"Achetez du MDPHP HCL en vente dans l'un des meilleurs magasins en ligne. Nous vous aiderons \u00e0 acheter du MDPHP HCL en ligne de haute qualit\u00e9. Ne tardez pas \u00e0 passer votre commande et profitez des derni\u00e8res r\u00e9ductions !\",\"breadcrumb\":{\"@id\":\"https:\/\/nembutalboutique.com\/produit\/mdphp-hcl\/#breadcrumb\"},\"inLanguage\":\"pt-PT\",\"potentialAction\":[{\"@type\":\"ReadAction\",\"target\":[\"https:\/\/nembutalboutique.com\/produit\/mdphp-hcl\/\"]}]},{\"@type\":\"ImageObject\",\"inLanguage\":\"pt-PT\",\"@id\":\"https:\/\/nembutalboutique.com\/produit\/mdphp-hcl\/#primaryimage\",\"url\":\"https:\/\/nembutalboutique.com\/wp-content\/uploads\/2024\/09\/mdphp-hcl-.jpg\",\"contentUrl\":\"https:\/\/nembutalboutique.com\/wp-content\/uploads\/2024\/09\/mdphp-hcl-.jpg\",\"width\":1104,\"height\":1108,\"caption\":\"MDPHP-HCL\"},{\"@type\":\"BreadcrumbList\",\"@id\":\"https:\/\/nembutalboutique.com\/produit\/mdphp-hcl\/#breadcrumb\",\"itemListElement\":[{\"@type\":\"ListItem\",\"position\":1,\"name\":\"Home\",\"item\":\"https:\/\/nembutalboutique.com\/\"},{\"@type\":\"ListItem\",\"position\":2,\"name\":\"Boutique\",\"item\":\"https:\/\/nembutalboutique.com\/shop\/\"},{\"@type\":\"ListItem\",\"position\":3,\"name\":\"MDPHP HCL\"}]},{\"@type\":\"WebSite\",\"@id\":\"https:\/\/nembutalboutique.com\/#website\",\"url\":\"https:\/\/nembutalboutique.com\/\",\"name\":\"Nembutal Boutique\",\"description\":\"My WordPress Blog\",\"publisher\":{\"@id\":\"https:\/\/nembutalboutique.com\/#organization\"},\"potentialAction\":[{\"@type\":\"SearchAction\",\"target\":{\"@type\":\"EntryPoint\",\"urlTemplate\":\"https:\/\/nembutalboutique.com\/?s={search_term_string}\"},\"query-input\":{\"@type\":\"PropertyValueSpecification\",\"valueRequired\":true,\"valueName\":\"search_term_string\"}}],\"inLanguage\":\"pt-PT\"},{\"@type\":\"Organization\",\"@id\":\"https:\/\/nembutalboutique.com\/#organization\",\"name\":\"Nembutal Boutique\",\"url\":\"https:\/\/nembutalboutique.com\/\",\"logo\":{\"@type\":\"ImageObject\",\"inLanguage\":\"pt-PT\",\"@id\":\"https:\/\/nembutalboutique.com\/#\/schema\/logo\/image\/\",\"url\":\"https:\/\/nembutalboutique.com\/wp-content\/uploads\/2024\/01\/logo.png\",\"contentUrl\":\"https:\/\/nembutalboutique.com\/wp-content\/uploads\/2024\/01\/logo.png\",\"width\":494,\"height\":121,\"caption\":\"Nembutal Boutique\"},\"image\":{\"@id\":\"https:\/\/nembutalboutique.com\/#\/schema\/logo\/image\/\"}}]}<\/script>\n<!-- \/ Yoast SEO plugin. -->","yoast_head_json":{"title":"Comprar MDPHP HCL online - MDPHP HCL para venda online","description":"Comprar MDPHP HCL para venda numa das melhores lojas online. Ajudamo-lo a comprar MDPHP HCL de alta qualidade online. N\u00e3o hesite em fazer a sua encomenda e aproveite os \u00faltimos descontos!","robots":{"index":"index","follow":"follow","max-snippet":"max-snippet:-1","max-image-preview":"max-image-preview:large","max-video-preview":"max-video-preview:-1"},"canonical":"https:\/\/nembutalboutique.com\/pt\/produto\/comprar-mdphp-hcl\/","og_locale":"pt_PT","og_type":"article","og_title":"Acheter MDPHP HCL en ligne - MDPHP HCL \u00e0 vendre en ligne","og_description":"Achetez du MDPHP HCL en vente dans l'un des meilleurs magasins en ligne. Nous vous aiderons \u00e0 acheter du MDPHP HCL en ligne de haute qualit\u00e9. Ne tardez pas \u00e0 passer votre commande et profitez des derni\u00e8res r\u00e9ductions !","og_url":"https:\/\/nembutalboutique.com\/pt\/produto\/comprar-mdphp-hcl\/","og_site_name":"Nembutal Boutique","article_modified_time":"2024-09-20T05:00:17+00:00","og_image":[{"width":1104,"height":1108,"url":"https:\/\/nembutalboutique.com\/wp-content\/uploads\/2024\/09\/mdphp-hcl-.jpg","type":"image\/jpeg"}],"twitter_card":"summary_large_image","twitter_misc":{"Tempo estimado de leitura":"3 minutos"},"schema":{"@context":"https:\/\/schema.org","@graph":[{"@type":"WebPage","@id":"https:\/\/nembutalboutique.com\/produit\/mdphp-hcl\/","url":"https:\/\/nembutalboutique.com\/produit\/mdphp-hcl\/","name":"Comprar MDPHP HCL online - MDPHP HCL para venda online","isPartOf":{"@id":"https:\/\/nembutalboutique.com\/#website"},"primaryImageOfPage":{"@id":"https:\/\/nembutalboutique.com\/produit\/mdphp-hcl\/#primaryimage"},"image":{"@id":"https:\/\/nembutalboutique.com\/produit\/mdphp-hcl\/#primaryimage"},"thumbnailUrl":"https:\/\/nembutalboutique.com\/wp-content\/uploads\/2024\/09\/mdphp-hcl-.jpg","datePublished":"2024-09-16T08:17:23+00:00","dateModified":"2024-09-20T05:00:17+00:00","description":"Comprar MDPHP HCL para venda numa das melhores lojas online. Ajudamo-lo a comprar MDPHP HCL de alta qualidade online. N\u00e3o hesite em fazer a sua encomenda e aproveite os \u00faltimos descontos!","breadcrumb":{"@id":"https:\/\/nembutalboutique.com\/produit\/mdphp-hcl\/#breadcrumb"},"inLanguage":"pt-PT","potentialAction":[{"@type":"ReadAction","target":["https:\/\/nembutalboutique.com\/produit\/mdphp-hcl\/"]}]},{"@type":"ImageObject","inLanguage":"pt-PT","@id":"https:\/\/nembutalboutique.com\/produit\/mdphp-hcl\/#primaryimage","url":"https:\/\/nembutalboutique.com\/wp-content\/uploads\/2024\/09\/mdphp-hcl-.jpg","contentUrl":"https:\/\/nembutalboutique.com\/wp-content\/uploads\/2024\/09\/mdphp-hcl-.jpg","width":1104,"height":1108,"caption":"MDPHP-HCL"},{"@type":"BreadcrumbList","@id":"https:\/\/nembutalboutique.com\/produit\/mdphp-hcl\/#breadcrumb","itemListElement":[{"@type":"ListItem","position":1,"name":"Home","item":"https:\/\/nembutalboutique.com\/"},{"@type":"ListItem","position":2,"name":"Boutique","item":"https:\/\/nembutalboutique.com\/shop\/"},{"@type":"ListItem","position":3,"name":"MDPHP HCL"}]},{"@type":"WebSite","@id":"https:\/\/nembutalboutique.com\/#website","url":"https:\/\/nembutalboutique.com\/","name":"Nembutal Boutique","description":"O meu blogue WordPress","publisher":{"@id":"https:\/\/nembutalboutique.com\/#organization"},"potentialAction":[{"@type":"SearchAction","target":{"@type":"EntryPoint","urlTemplate":"https:\/\/nembutalboutique.com\/?s={search_term_string}"},"query-input":{"@type":"PropertyValueSpecification","valueRequired":true,"valueName":"search_term_string"}}],"inLanguage":"pt-PT"},{"@type":"Organization","@id":"https:\/\/nembutalboutique.com\/#organization","name":"Nembutal Boutique","url":"https:\/\/nembutalboutique.com\/","logo":{"@type":"ImageObject","inLanguage":"pt-PT","@id":"https:\/\/nembutalboutique.com\/#\/schema\/logo\/image\/","url":"https:\/\/nembutalboutique.com\/wp-content\/uploads\/2024\/01\/logo.png","contentUrl":"https:\/\/nembutalboutique.com\/wp-content\/uploads\/2024\/01\/logo.png","width":494,"height":121,"caption":"Nembutal Boutique"},"image":{"@id":"https:\/\/nembutalboutique.com\/#\/schema\/logo\/image\/"}}]}},"_links":{"self":[{"href":"https:\/\/nembutalboutique.com\/pt\/wp-json\/wp\/v2\/product\/3384"}],"collection":[{"href":"https:\/\/nembutalboutique.com\/pt\/wp-json\/wp\/v2\/product"}],"about":[{"href":"https:\/\/nembutalboutique.com\/pt\/wp-json\/wp\/v2\/types\/product"}],"replies":[{"embeddable":true,"href":"https:\/\/nembutalboutique.com\/pt\/wp-json\/wp\/v2\/comments?post=3384"}],"wp:featuredmedia":[{"embeddable":true,"href":"https:\/\/nembutalboutique.com\/pt\/wp-json\/wp\/v2\/media\/3534"}],"wp:attachment":[{"href":"https:\/\/nembutalboutique.com\/pt\/wp-json\/wp\/v2\/media?parent=3384"}],"wp:term":[{"taxonomy":"product_brand","embeddable":true,"href":"https:\/\/nembutalboutique.com\/pt\/wp-json\/wp\/v2\/product_brand?post=3384"},{"taxonomy":"product_cat","embeddable":true,"href":"https:\/\/nembutalboutique.com\/pt\/wp-json\/wp\/v2\/product_cat?post=3384"},{"taxonomy":"product_tag","embeddable":true,"href":"https:\/\/nembutalboutique.com\/pt\/wp-json\/wp\/v2\/product_tag?post=3384"}],"curies":[{"name":"wp","href":"https:\/\/api.w.org\/{rel}","templated":true}]}}