{"id":3337,"date":"2024-09-16T08:16:53","date_gmt":"2024-09-16T08:16:53","guid":{"rendered":"https:\/\/nembutalboutique.com\/?post_type=product&#038;p=3337"},"modified":"2025-11-26T14:45:03","modified_gmt":"2025-11-26T14:45:03","slug":"cocaine","status":"publish","type":"product","link":"https:\/\/nembutalboutique.com\/pt\/produto\/comprar-cocaina-online\/","title":{"rendered":"COCA\u00cdNA"},"content":{"rendered":"<h2>Comprar coca\u00edna em p\u00f3 online<\/h2>\n<p>Comprar <a href=\"https:\/\/nembutalboutique.com\/produit\/cocaine\">coca\u00edna<\/a> online A coca\u00edna em p\u00f3 \u00e9 a forma mais comummente utilizada de Nembutal. \u00c9 por isso que tamb\u00e9m \u00e9 conhecida como a droga de rua. As plantas de coca, encontradas principalmente nos pa\u00edses do sul, s\u00e3o usadas para fazer este p\u00f3.<\/p>\n<p>\u00c9 um poderoso estimulante que trata uma variedade de doen\u00e7as, actuando diretamente no c\u00e9rebro central. Este estimulante aumenta certas mol\u00e9culas no c\u00e9rebro, permitindo que o sistema de \u00f3rg\u00e3os humanos reaja conforme necess\u00e1rio. Devido aos seus in\u00fameros benef\u00edcios, esta variedade espec\u00edfica de coca\u00edna \u00e9 a mais utilizada no mundo.<\/p>\n<h3>ao contr\u00e1rio da coca\u00edna em p\u00f3, outra variedade da droga. Como utilizar a coca\u00edna em p\u00f3<\/h3>\n<p>Os benef\u00edcios da coca\u00edna em p\u00f3 v\u00e3o para al\u00e9m do corpo humano. Mas o principal fator de atra\u00e7\u00e3o \u00e9 o facto de apresentar menos riscos para a sa\u00fade. \u00c9 frequentemente utilizada em combina\u00e7\u00e3o com outros medicamentos, como o p\u00f3 de talco, o fentanil, etc. No entanto, pode ser prejudicial para a sa\u00fade se for tomada em combina\u00e7\u00e3o com outras drogas. No entanto, pode ser prejudicial para a sa\u00fade se for tomado sem supervis\u00e3o em combina\u00e7\u00e3o com fentanil.<\/p>\n<p>Por isso, vale a pena pensar duas vezes antes de utilizar uma pr\u00f3-droga t\u00e3o poderosa. As pessoas utilizam esta subst\u00e2ncia em p\u00f3 de v\u00e1rias formas, desde fum\u00e1-la como um cigarro at\u00e9 inject\u00e1-la diretamente numa veia. O m\u00e9todo ideal a utilizar \u00e9 determinado pelo estado f\u00edsico e mental de cada pessoa.<\/p>\n<p>Algumas pessoas tamb\u00e9m utilizaram este p\u00f3 em combina\u00e7\u00e3o com bebidas gaseificadas, embora isso seja muito perigoso.<br \/>\nCoca\u00edna em p\u00f3 para uso medicinal<\/p>\n<p>A coca\u00edna em p\u00f3 tamb\u00e9m refor\u00e7a o sistema de rea\u00e7\u00e3o do c\u00e9rebro atrav\u00e9s da introdu\u00e7\u00e3o de mais subst\u00e2ncias qu\u00edmicas. Os m\u00e9dicos prescrevem este medicamento a pessoas que s\u00e3o indiferentes nos seus movimentos e comportamento.<\/p>\n<h3>Cloridrato de coca\u00edna para venda<\/h3>\n<p>\u00c9 tamb\u00e9m utilizada pelos m\u00e9dicos para aliviar as dores durante v\u00e1rias interven\u00e7\u00f5es cir\u00fargicas. A sua curta dura\u00e7\u00e3o \u00e9 muito ben\u00e9fica para os seres humanos, uma vez que incute uma sensa\u00e7\u00e3o de alegria e vitalidade na psique. Devido a estas qualidades, muitas pessoas em todo o mundo consideram-na atractiva.<\/p>\n<p>A disponibilidade de coca\u00edna em p\u00f3 no mercado online \u00e9 facilmente acess\u00edvel a todos. Al\u00e9m disso, este p\u00f3 incr\u00edvel est\u00e1 dispon\u00edvel na nossa loja a pre\u00e7os surpreendentemente baixos. Tamb\u00e9m oferecemos a entrega mais r\u00e1pida do produto dispon\u00edvel, diretamente \u00e0 sua porta.<br \/>\nComo comprar coca\u00edna discretamente online: uma breve descri\u00e7\u00e3o do processo<br \/>\nFacilitamos-lhe a encomenda de coca\u00edna online. A nossa loja est\u00e1 extremamente bem organizada, o que facilita a sele\u00e7\u00e3o do artigo perfeito. Pode sempre selecionar a melhor rela\u00e7\u00e3o qualidade\/pre\u00e7o, escolhendo entre uma variedade de quantidades e qualidades. Al\u00e9m disso, fazemos frequentemente promo\u00e7\u00f5es e descontos para o ajudar a obter coca\u00edna por menos dinheiro.<\/p>\n<h3>Compre coca\u00edna online e tire partido da nossa vasta sele\u00e7\u00e3o de produtos de coca\u00edna.<\/h3>\n<p>O nosso processo de pagamento \u00e9 simples e extremamente seguro. Para manter o anonimato e a seguran\u00e7a de cada transa\u00e7\u00e3o, s\u00f3 aceitamos pagamentos em Bitcoin. N\u00e3o tem de se preocupar em ser apanhado se optar por comprar coca\u00edna connosco, pois tomamos todas as medidas necess\u00e1rias para proteger a sua sa\u00fade. O nosso principal objetivo \u00e9 garantir que pode obter a melhor coca\u00edna online. Trabalhamos exclusivamente com os melhores produtores e cada artigo \u00e9 inspeccionado antes de ser adicionado ao nosso invent\u00e1rio. Estamos confiantes de que o calibre da nossa coca\u00edna o ir\u00e1 surpreender.<\/p>\n<p><a href=\"https:\/\/en.wikipedia.org\/wiki\/Cocaine\">Coca\u00edna<\/a> Premium online: pode obter a melhor coca\u00edna a um pre\u00e7o razo\u00e1vel na nossa loja de coca\u00edna.<\/p>\n<p>Estamos sempre dispon\u00edveis para o ajudar se tiver quaisquer quest\u00f5es ou problemas. N\u00e3o hesite em contactar-nos se necessitar de mais informa\u00e7\u00f5es. Teremos todo o gosto em ajud\u00e1-lo com qualquer pedido ou necessidade.<\/p>\n<p>Comprar coca\u00edna connosco \u00e9 geralmente simples e seguro. Oferecemos uma vasta sele\u00e7\u00e3o de produtos topo de gama a pre\u00e7os razo\u00e1veis. Veio ao s\u00edtio certo se pretende comprar a melhor coca\u00edna online. Estamos ansiosos por o ajudar a comprar a sua pr\u00f3xima coca\u00edna. Compre uma agora para ter a melhor experi\u00eancia de coca\u00edna da sua vida!<\/p>\n<h3>O melhor s\u00edtio para comprar coca\u00edna online \u00e9 a nossa reputada loja de coca\u00edna.<\/h3>\n<p>Compre COCAINE online; se tiver tomado coca\u00edna ou outros estupefacientes, n\u00e3o conduza. Pode encomendar mais do que apenas coca\u00edna na nossa loja. Outras drogas tamb\u00e9m podem ser compradas simplesmente online. Aqui, por exemplo, pode :<\/p>","protected":false},"excerpt":{"rendered":"<p>Acheter de la poudre de coca\u00efne en ligne Acheter de la coca\u00efne en ligne La poudre de coca\u00efne est la forme la plus couramment utilis\u00e9e de Nembutal. C&rsquo;est pourquoi on l&rsquo;appelle aussi drogue de rue. Ces plantes de coca, que l&rsquo;on trouve principalement dans les pays du Sud, sont utilis\u00e9es pour fabriquer cette poudre. C&rsquo;est [&hellip;]<\/p>","protected":false},"featured_media":3347,"comment_status":"open","ping_status":"closed","template":"","meta":{"_joinchat":[]},"product_brand":[],"product_cat":[571],"product_tag":[],"class_list":{"0":"post-3337","1":"product","2":"type-product","3":"status-publish","4":"has-post-thumbnail","6":"product_cat-cocaine","8":"first","9":"instock","10":"shipping-taxable","11":"purchasable","12":"product-type-variable","13":"has-default-attributes"},"yoast_head":"<!-- This site is optimized with the Yoast SEO plugin v23.5 - https:\/\/yoast.com\/wordpress\/plugins\/seo\/ -->\n<title>Acheter de la poudre de coca\u00efne en ligne - Poudre de coca\u00efne \u00e0 vendre<\/title>\n<meta name=\"description\" content=\"Vous cherchez de la poudre de coca\u00efne \u00e0 vendre en ligne ? Nembutal Boutique est un magasin leader o\u00f9 vous pouvez acheter de la coca\u00efne en ligne au meilleur prix. Commandez maintenant avec une exp\u00e9dition discr\u00e8te !\" \/>\n<meta name=\"robots\" content=\"index, follow, max-snippet:-1, max-image-preview:large, max-video-preview:-1\" \/>\n<link rel=\"canonical\" href=\"https:\/\/nembutalboutique.com\/pt\/produto\/comprar-cocaina-online\/\" \/>\n<meta property=\"og:locale\" content=\"pt_PT\" \/>\n<meta property=\"og:type\" content=\"article\" \/>\n<meta property=\"og:title\" content=\"Acheter de la poudre de coca\u00efne en ligne - Poudre de coca\u00efne \u00e0 vendre\" \/>\n<meta property=\"og:description\" content=\"Vous cherchez de la poudre de coca\u00efne \u00e0 vendre en ligne ? Nembutal Boutique est un magasin leader o\u00f9 vous pouvez acheter de la coca\u00efne en ligne au meilleur prix. Commandez maintenant avec une exp\u00e9dition discr\u00e8te !\" \/>\n<meta property=\"og:url\" content=\"https:\/\/nembutalboutique.com\/pt\/produto\/comprar-cocaina-online\/\" \/>\n<meta property=\"og:site_name\" content=\"Nembutal Boutique\" \/>\n<meta property=\"article:modified_time\" content=\"2025-11-26T14:45:03+00:00\" \/>\n<meta property=\"og:image\" content=\"https:\/\/nembutalboutique.com\/wp-content\/uploads\/2024\/09\/CoCAINE.gif\" \/>\n\t<meta property=\"og:image:width\" content=\"600\" \/>\n\t<meta property=\"og:image:height\" content=\"600\" \/>\n\t<meta property=\"og:image:type\" content=\"image\/gif\" \/>\n<meta name=\"twitter:card\" content=\"summary_large_image\" \/>\n<meta name=\"twitter:label1\" content=\"Tempo estimado de leitura\" \/>\n\t<meta name=\"twitter:data1\" content=\"4 minutos\" \/>\n<script type=\"application\/ld+json\" class=\"yoast-schema-graph\">{\"@context\":\"https:\/\/schema.org\",\"@graph\":[{\"@type\":\"WebPage\",\"@id\":\"https:\/\/nembutalboutique.com\/produit\/cocaine\/\",\"url\":\"https:\/\/nembutalboutique.com\/produit\/cocaine\/\",\"name\":\"Acheter de la poudre de coca\u00efne en ligne - Poudre de coca\u00efne \u00e0 vendre\",\"isPartOf\":{\"@id\":\"https:\/\/nembutalboutique.com\/#website\"},\"primaryImageOfPage\":{\"@id\":\"https:\/\/nembutalboutique.com\/produit\/cocaine\/#primaryimage\"},\"image\":{\"@id\":\"https:\/\/nembutalboutique.com\/produit\/cocaine\/#primaryimage\"},\"thumbnailUrl\":\"https:\/\/nembutalboutique.com\/wp-content\/uploads\/2024\/09\/CoCAINE.gif\",\"datePublished\":\"2024-09-16T08:16:53+00:00\",\"dateModified\":\"2025-11-26T14:45:03+00:00\",\"description\":\"Vous cherchez de la poudre de coca\u00efne \u00e0 vendre en ligne ? Nembutal Boutique est un magasin leader o\u00f9 vous pouvez acheter de la coca\u00efne en ligne au meilleur prix. Commandez maintenant avec une exp\u00e9dition discr\u00e8te !\",\"breadcrumb\":{\"@id\":\"https:\/\/nembutalboutique.com\/produit\/cocaine\/#breadcrumb\"},\"inLanguage\":\"pt-PT\",\"potentialAction\":[{\"@type\":\"ReadAction\",\"target\":[\"https:\/\/nembutalboutique.com\/produit\/cocaine\/\"]}]},{\"@type\":\"ImageObject\",\"inLanguage\":\"pt-PT\",\"@id\":\"https:\/\/nembutalboutique.com\/produit\/cocaine\/#primaryimage\",\"url\":\"https:\/\/nembutalboutique.com\/wp-content\/uploads\/2024\/09\/CoCAINE.gif\",\"contentUrl\":\"https:\/\/nembutalboutique.com\/wp-content\/uploads\/2024\/09\/CoCAINE.gif\",\"width\":600,\"height\":600,\"caption\":\"Acheter CoCAINE.gif\"},{\"@type\":\"BreadcrumbList\",\"@id\":\"https:\/\/nembutalboutique.com\/produit\/cocaine\/#breadcrumb\",\"itemListElement\":[{\"@type\":\"ListItem\",\"position\":1,\"name\":\"Home\",\"item\":\"https:\/\/nembutalboutique.com\/\"},{\"@type\":\"ListItem\",\"position\":2,\"name\":\"Boutique\",\"item\":\"https:\/\/nembutalboutique.com\/shop\/\"},{\"@type\":\"ListItem\",\"position\":3,\"name\":\"COCA\u00cfNE\"}]},{\"@type\":\"WebSite\",\"@id\":\"https:\/\/nembutalboutique.com\/#website\",\"url\":\"https:\/\/nembutalboutique.com\/\",\"name\":\"Nembutal Boutique\",\"description\":\"My WordPress Blog\",\"publisher\":{\"@id\":\"https:\/\/nembutalboutique.com\/#organization\"},\"potentialAction\":[{\"@type\":\"SearchAction\",\"target\":{\"@type\":\"EntryPoint\",\"urlTemplate\":\"https:\/\/nembutalboutique.com\/?s={search_term_string}\"},\"query-input\":{\"@type\":\"PropertyValueSpecification\",\"valueRequired\":true,\"valueName\":\"search_term_string\"}}],\"inLanguage\":\"pt-PT\"},{\"@type\":\"Organization\",\"@id\":\"https:\/\/nembutalboutique.com\/#organization\",\"name\":\"Nembutal Boutique\",\"url\":\"https:\/\/nembutalboutique.com\/\",\"logo\":{\"@type\":\"ImageObject\",\"inLanguage\":\"pt-PT\",\"@id\":\"https:\/\/nembutalboutique.com\/#\/schema\/logo\/image\/\",\"url\":\"https:\/\/nembutalboutique.com\/wp-content\/uploads\/2024\/01\/logo.png\",\"contentUrl\":\"https:\/\/nembutalboutique.com\/wp-content\/uploads\/2024\/01\/logo.png\",\"width\":494,\"height\":121,\"caption\":\"Nembutal Boutique\"},\"image\":{\"@id\":\"https:\/\/nembutalboutique.com\/#\/schema\/logo\/image\/\"}}]}<\/script>\n<!-- \/ Yoast SEO plugin. -->","yoast_head_json":{"title":"Comprar coca\u00edna em p\u00f3 online - Coca\u00edna em p\u00f3 para venda","description":"Procura coca\u00edna em p\u00f3 para venda online? A Nembutal Boutique \u00e9 uma loja l\u00edder onde pode comprar coca\u00edna online ao melhor pre\u00e7o. Encomenda agora com envio discreto!","robots":{"index":"index","follow":"follow","max-snippet":"max-snippet:-1","max-image-preview":"max-image-preview:large","max-video-preview":"max-video-preview:-1"},"canonical":"https:\/\/nembutalboutique.com\/pt\/produto\/comprar-cocaina-online\/","og_locale":"pt_PT","og_type":"article","og_title":"Acheter de la poudre de coca\u00efne en ligne - Poudre de coca\u00efne \u00e0 vendre","og_description":"Vous cherchez de la poudre de coca\u00efne \u00e0 vendre en ligne ? Nembutal Boutique est un magasin leader o\u00f9 vous pouvez acheter de la coca\u00efne en ligne au meilleur prix. Commandez maintenant avec une exp\u00e9dition discr\u00e8te !","og_url":"https:\/\/nembutalboutique.com\/pt\/produto\/comprar-cocaina-online\/","og_site_name":"Nembutal Boutique","article_modified_time":"2025-11-26T14:45:03+00:00","og_image":[{"width":600,"height":600,"url":"https:\/\/nembutalboutique.com\/wp-content\/uploads\/2024\/09\/CoCAINE.gif","type":"image\/gif"}],"twitter_card":"summary_large_image","twitter_misc":{"Tempo estimado de leitura":"4 minutos"},"schema":{"@context":"https:\/\/schema.org","@graph":[{"@type":"WebPage","@id":"https:\/\/nembutalboutique.com\/produit\/cocaine\/","url":"https:\/\/nembutalboutique.com\/produit\/cocaine\/","name":"Comprar coca\u00edna em p\u00f3 online - Coca\u00edna em p\u00f3 para venda","isPartOf":{"@id":"https:\/\/nembutalboutique.com\/#website"},"primaryImageOfPage":{"@id":"https:\/\/nembutalboutique.com\/produit\/cocaine\/#primaryimage"},"image":{"@id":"https:\/\/nembutalboutique.com\/produit\/cocaine\/#primaryimage"},"thumbnailUrl":"https:\/\/nembutalboutique.com\/wp-content\/uploads\/2024\/09\/CoCAINE.gif","datePublished":"2024-09-16T08:16:53+00:00","dateModified":"2025-11-26T14:45:03+00:00","description":"Procura coca\u00edna em p\u00f3 para venda online? A Nembutal Boutique \u00e9 uma loja l\u00edder onde pode comprar coca\u00edna online ao melhor pre\u00e7o. Encomenda agora com envio discreto!","breadcrumb":{"@id":"https:\/\/nembutalboutique.com\/produit\/cocaine\/#breadcrumb"},"inLanguage":"pt-PT","potentialAction":[{"@type":"ReadAction","target":["https:\/\/nembutalboutique.com\/produit\/cocaine\/"]}]},{"@type":"ImageObject","inLanguage":"pt-PT","@id":"https:\/\/nembutalboutique.com\/produit\/cocaine\/#primaryimage","url":"https:\/\/nembutalboutique.com\/wp-content\/uploads\/2024\/09\/CoCAINE.gif","contentUrl":"https:\/\/nembutalboutique.com\/wp-content\/uploads\/2024\/09\/CoCAINE.gif","width":600,"height":600,"caption":"Acheter CoCAINE.gif"},{"@type":"BreadcrumbList","@id":"https:\/\/nembutalboutique.com\/produit\/cocaine\/#breadcrumb","itemListElement":[{"@type":"ListItem","position":1,"name":"Home","item":"https:\/\/nembutalboutique.com\/"},{"@type":"ListItem","position":2,"name":"Boutique","item":"https:\/\/nembutalboutique.com\/shop\/"},{"@type":"ListItem","position":3,"name":"COCA\u00cfNE"}]},{"@type":"WebSite","@id":"https:\/\/nembutalboutique.com\/#website","url":"https:\/\/nembutalboutique.com\/","name":"Nembutal Boutique","description":"O meu blogue WordPress","publisher":{"@id":"https:\/\/nembutalboutique.com\/#organization"},"potentialAction":[{"@type":"SearchAction","target":{"@type":"EntryPoint","urlTemplate":"https:\/\/nembutalboutique.com\/?s={search_term_string}"},"query-input":{"@type":"PropertyValueSpecification","valueRequired":true,"valueName":"search_term_string"}}],"inLanguage":"pt-PT"},{"@type":"Organization","@id":"https:\/\/nembutalboutique.com\/#organization","name":"Nembutal Boutique","url":"https:\/\/nembutalboutique.com\/","logo":{"@type":"ImageObject","inLanguage":"pt-PT","@id":"https:\/\/nembutalboutique.com\/#\/schema\/logo\/image\/","url":"https:\/\/nembutalboutique.com\/wp-content\/uploads\/2024\/01\/logo.png","contentUrl":"https:\/\/nembutalboutique.com\/wp-content\/uploads\/2024\/01\/logo.png","width":494,"height":121,"caption":"Nembutal Boutique"},"image":{"@id":"https:\/\/nembutalboutique.com\/#\/schema\/logo\/image\/"}}]}},"_links":{"self":[{"href":"https:\/\/nembutalboutique.com\/pt\/wp-json\/wp\/v2\/product\/3337"}],"collection":[{"href":"https:\/\/nembutalboutique.com\/pt\/wp-json\/wp\/v2\/product"}],"about":[{"href":"https:\/\/nembutalboutique.com\/pt\/wp-json\/wp\/v2\/types\/product"}],"replies":[{"embeddable":true,"href":"https:\/\/nembutalboutique.com\/pt\/wp-json\/wp\/v2\/comments?post=3337"}],"wp:featuredmedia":[{"embeddable":true,"href":"https:\/\/nembutalboutique.com\/pt\/wp-json\/wp\/v2\/media\/3347"}],"wp:attachment":[{"href":"https:\/\/nembutalboutique.com\/pt\/wp-json\/wp\/v2\/media?parent=3337"}],"wp:term":[{"taxonomy":"product_brand","embeddable":true,"href":"https:\/\/nembutalboutique.com\/pt\/wp-json\/wp\/v2\/product_brand?post=3337"},{"taxonomy":"product_cat","embeddable":true,"href":"https:\/\/nembutalboutique.com\/pt\/wp-json\/wp\/v2\/product_cat?post=3337"},{"taxonomy":"product_tag","embeddable":true,"href":"https:\/\/nembutalboutique.com\/pt\/wp-json\/wp\/v2\/product_tag?post=3337"}],"curies":[{"name":"wp","href":"https:\/\/api.w.org\/{rel}","templated":true}]}}