{"id":3292,"date":"2024-09-16T08:16:30","date_gmt":"2024-09-16T08:16:30","guid":{"rendered":"https:\/\/nembutalboutique.com\/?post_type=product&#038;p=3292"},"modified":"2024-09-20T08:33:29","modified_gmt":"2024-09-20T08:33:29","slug":"nm-2201","status":"publish","type":"product","link":"https:\/\/nembutalboutique.com\/pt\/produto\/comprar-nm2201-online\/","title":{"rendered":"NM-2201"},"content":{"rendered":"<h2>Comprar NM-2201 online<\/h2>\n<p><a href=\"https:\/\/nembutalboutique.com\/produit\/acheter-nm-2201\/\">Embora o NM-2201<\/a> e outros canabin\u00f3ides sint\u00e9ticos s\u00e3o apresentados como alternativas seguras e legais \u00e0 can\u00e1bis, mas tamb\u00e9m podem ser extremamente perigosos e incontrol\u00e1veis. O impacto A maioria dos efeitos da NM-2201 \u00e9 determinada pela dosagem, pelo m\u00e9todo de administra\u00e7\u00e3o e pela toler\u00e2ncia individual. O NM-2201 pode ter efeitos ligeiros, como relaxamento, supress\u00e3o do apetite e seda\u00e7\u00e3o em doses baixas. Efeitos secund\u00e1rios graves, como ansiedade, psicose, alucina\u00e7\u00f5es e gotas de kramp podem ocorrer com doses mais elevadas. Al\u00e9m disso, o NM-2201 tem sido associado a efeitos secund\u00e1rios potencialmente fatais, como les\u00f5es hep\u00e1ticas e renais.<\/p>\n<p>Uma das principais preocupa\u00e7\u00f5es \u00e9 o car\u00e1cter incontrolado e desenfreado da <a href=\"https:\/\/en.wikipedia.org\/wiki\/NM-2201\">NM-2201<\/a> e outros canabin\u00f3ides sint\u00e9ticos. Estas subst\u00e2ncias variam frequentemente de forma significativa em termos de concentra\u00e7\u00e3o de um lote para outro, e os m\u00e9todos de controlo de qualidade s\u00e3o muitas vezes inadequados.<\/p>\n<h3><strong>O conflito em torno da can\u00e1bis sint\u00e9tica<\/strong><\/h3>\n<p>As leis que regem a can\u00e1bis sint\u00e9tica s\u00e3o complexas e diferem de estado para estado. A sua venda e distribui\u00e7\u00e3o s\u00e3o proibidas em muitas jurisdi\u00e7\u00f5es porque s\u00e3o consideradas dispositivos de jogo ilegal. Em alguns pa\u00edses, s\u00e3o conhecidas como Legal Highs, o que significa que a sua compra e consumo s\u00e3o aceit\u00e1veis sem causar problemas legais. Independentemente do seu estatuto legal, a NM-2201 e outros canabin\u00f3ides sint\u00e9ticos s\u00e3o extremamente perigosos e pouco fi\u00e1veis.<\/p>\n<h3>O que \u00e9 o NM-2201?<\/h3>\n<p>O NM-2201 \u00e9 um produto qu\u00edmico de investiga\u00e7\u00e3o que pertence \u00e0 classe dos canabin\u00f3ides. Embora esta metodologia de investiga\u00e7\u00e3o seja nova no mercado, j\u00e1 atraiu cr\u00edticas entusi\u00e1sticas de cientistas de todo o mundo. Os testes com NM-2201 resultam geralmente numa melhor compreens\u00e3o musical, facilidade f\u00edsica, euforia, redu\u00e7\u00e3o da dor e de estados relacionados com traumas.<\/p>\n<p>O NM-2201 tornou-se uma entidade muito poderosa e duradoura. E saiba que o seu NM-2201 se tornou uma entidade muito poderosa e dur\u00e1vel. Certifique-se de que todos os procedimentos laboratoriais relevantes s\u00e3o seguidos corretamente e que as suas medi\u00e7\u00f5es n\u00e3o s\u00e3o excessivamente grandes. Mesmo pequenas quantidades podem levar a resultados bastante intensos.<\/p>\n<h3>Onde posso comprar o NM-2201?<\/h3>\n<p>O NM-2201 pode ser adquirido aqui mesmo no s\u00edtio de compras da Nembutal. Oferecemos o melhor NM-2201 atualmente dispon\u00edvel no mercado. O nosso NM-2201 \u00e9 normalmente fornecido em forma de p\u00f3. No entanto, se necessitar de um formato diferente, por favor contacte-nos. Poderemos oferecer-lhe um servi\u00e7o.<\/p>\n<p>Deve ter pelo menos dezoito anos de idade para comprar o NM-2201 na nossa farm\u00e1cia. Al\u00e9m disso, voc\u00ea deve se comportar de acordo com as leis do seu pa\u00eds ao realizar pesquisas qu\u00edmicas em geral. Aceitamos todos os principais cart\u00f5es de cr\u00e9dito, bem como Bitcoin, uma cripto-moeda. Para muitos pa\u00edses, o envio no mesmo dia \u00e9 uma op\u00e7\u00e3o.<\/p>\n<h3>Legitimidade do NM-2201<\/h3>\n<p>O NM-2201 \u00e9 proibido na Alemanha, Su\u00e9cia e Jap\u00e3o. Al\u00e9m disso, \u00e9 potencialmente proibido em v\u00e1rios outros pa\u00edses, incluindo os Estados Unidos, devido a leis semelhantes e mais rigorosas.<\/p>","protected":false},"excerpt":{"rendered":"<p>Acheter NM-2201 en ligne Bien que le NM-2201 et d&rsquo;autres cannabino\u00efdes synth\u00e9tiques soient pr\u00e9sent\u00e9s comme des alternatives s\u00fbres et l\u00e9gales au cannabis, ils peuvent \u00e9galement \u00eatre extr\u00eamement dangereux et incontr\u00f4lables. L&rsquo;impact La plupart des effets du NM-2201 sont d\u00e9termin\u00e9s par le dosage, le mode d&rsquo;administration et la tol\u00e9rance individuelle. Le NM-2201 peut avoir des effets [&hellip;]<\/p>","protected":false},"featured_media":3314,"comment_status":"open","ping_status":"closed","template":"","meta":{"_joinchat":[]},"product_brand":[],"product_cat":[386],"product_tag":[],"class_list":{"0":"post-3292","1":"product","2":"type-product","3":"status-publish","4":"has-post-thumbnail","6":"product_cat-cannabinoids","8":"first","9":"instock","10":"shipping-taxable","11":"purchasable","12":"product-type-variable"},"yoast_head":"<!-- This site is optimized with the Yoast SEO plugin v23.5 - https:\/\/yoast.com\/wordpress\/plugins\/seo\/ -->\n<title>Achetez NM-2201 en ligne - NM-2201 \u00e0 vendre<\/title>\n<meta name=\"description\" content=\"Votre commande de NM-2201 \u00e0 vendre est notre responsabilit\u00e9. Nous prendrons en consid\u00e9ration votre commande d&#039;achat de NM-2201 et vous parviendrons dans un court d\u00e9lai. Passez des commandes group\u00e9es d\u00e8s maintenant !\" \/>\n<meta name=\"robots\" content=\"index, follow, max-snippet:-1, max-image-preview:large, max-video-preview:-1\" \/>\n<link rel=\"canonical\" href=\"https:\/\/nembutalboutique.com\/pt\/produto\/comprar-nm2201-online\/\" \/>\n<meta property=\"og:locale\" content=\"pt_PT\" \/>\n<meta property=\"og:type\" content=\"article\" \/>\n<meta property=\"og:title\" content=\"Achetez NM-2201 en ligne - NM-2201 \u00e0 vendre\" \/>\n<meta property=\"og:description\" content=\"Votre commande de NM-2201 \u00e0 vendre est notre responsabilit\u00e9. Nous prendrons en consid\u00e9ration votre commande d&#039;achat de NM-2201 et vous parviendrons dans un court d\u00e9lai. Passez des commandes group\u00e9es d\u00e8s maintenant !\" \/>\n<meta property=\"og:url\" content=\"https:\/\/nembutalboutique.com\/pt\/produto\/comprar-nm2201-online\/\" \/>\n<meta property=\"og:site_name\" content=\"Nembutal Boutique\" \/>\n<meta property=\"article:modified_time\" content=\"2024-09-20T08:33:29+00:00\" \/>\n<meta property=\"og:image\" content=\"https:\/\/nembutalboutique.com\/wp-content\/uploads\/2024\/09\/NM2201.gif\" \/>\n\t<meta property=\"og:image:width\" content=\"600\" \/>\n\t<meta property=\"og:image:height\" content=\"600\" \/>\n\t<meta property=\"og:image:type\" content=\"image\/gif\" \/>\n<meta name=\"twitter:card\" content=\"summary_large_image\" \/>\n<meta name=\"twitter:label1\" content=\"Tempo estimado de leitura\" \/>\n\t<meta name=\"twitter:data1\" content=\"3 minutos\" \/>\n<script type=\"application\/ld+json\" class=\"yoast-schema-graph\">{\"@context\":\"https:\/\/schema.org\",\"@graph\":[{\"@type\":\"WebPage\",\"@id\":\"https:\/\/nembutalboutique.com\/produit\/nm-2201\/\",\"url\":\"https:\/\/nembutalboutique.com\/produit\/nm-2201\/\",\"name\":\"Achetez NM-2201 en ligne - NM-2201 \u00e0 vendre\",\"isPartOf\":{\"@id\":\"https:\/\/nembutalboutique.com\/#website\"},\"primaryImageOfPage\":{\"@id\":\"https:\/\/nembutalboutique.com\/produit\/nm-2201\/#primaryimage\"},\"image\":{\"@id\":\"https:\/\/nembutalboutique.com\/produit\/nm-2201\/#primaryimage\"},\"thumbnailUrl\":\"https:\/\/nembutalboutique.com\/wp-content\/uploads\/2024\/09\/NM2201.gif\",\"datePublished\":\"2024-09-16T08:16:30+00:00\",\"dateModified\":\"2024-09-20T08:33:29+00:00\",\"description\":\"Votre commande de NM-2201 \u00e0 vendre est notre responsabilit\u00e9. Nous prendrons en consid\u00e9ration votre commande d'achat de NM-2201 et vous parviendrons dans un court d\u00e9lai. Passez des commandes group\u00e9es d\u00e8s maintenant !\",\"breadcrumb\":{\"@id\":\"https:\/\/nembutalboutique.com\/produit\/nm-2201\/#breadcrumb\"},\"inLanguage\":\"pt-PT\",\"potentialAction\":[{\"@type\":\"ReadAction\",\"target\":[\"https:\/\/nembutalboutique.com\/produit\/nm-2201\/\"]}]},{\"@type\":\"ImageObject\",\"inLanguage\":\"pt-PT\",\"@id\":\"https:\/\/nembutalboutique.com\/produit\/nm-2201\/#primaryimage\",\"url\":\"https:\/\/nembutalboutique.com\/wp-content\/uploads\/2024\/09\/NM2201.gif\",\"contentUrl\":\"https:\/\/nembutalboutique.com\/wp-content\/uploads\/2024\/09\/NM2201.gif\",\"width\":600,\"height\":600,\"caption\":\"Acheter NM2201.gif\"},{\"@type\":\"BreadcrumbList\",\"@id\":\"https:\/\/nembutalboutique.com\/produit\/nm-2201\/#breadcrumb\",\"itemListElement\":[{\"@type\":\"ListItem\",\"position\":1,\"name\":\"Home\",\"item\":\"https:\/\/nembutalboutique.com\/\"},{\"@type\":\"ListItem\",\"position\":2,\"name\":\"Boutique\",\"item\":\"https:\/\/nembutalboutique.com\/shop\/\"},{\"@type\":\"ListItem\",\"position\":3,\"name\":\"NM-2201\"}]},{\"@type\":\"WebSite\",\"@id\":\"https:\/\/nembutalboutique.com\/#website\",\"url\":\"https:\/\/nembutalboutique.com\/\",\"name\":\"Nembutal Boutique\",\"description\":\"My WordPress Blog\",\"publisher\":{\"@id\":\"https:\/\/nembutalboutique.com\/#organization\"},\"potentialAction\":[{\"@type\":\"SearchAction\",\"target\":{\"@type\":\"EntryPoint\",\"urlTemplate\":\"https:\/\/nembutalboutique.com\/?s={search_term_string}\"},\"query-input\":{\"@type\":\"PropertyValueSpecification\",\"valueRequired\":true,\"valueName\":\"search_term_string\"}}],\"inLanguage\":\"pt-PT\"},{\"@type\":\"Organization\",\"@id\":\"https:\/\/nembutalboutique.com\/#organization\",\"name\":\"Nembutal Boutique\",\"url\":\"https:\/\/nembutalboutique.com\/\",\"logo\":{\"@type\":\"ImageObject\",\"inLanguage\":\"pt-PT\",\"@id\":\"https:\/\/nembutalboutique.com\/#\/schema\/logo\/image\/\",\"url\":\"https:\/\/nembutalboutique.com\/wp-content\/uploads\/2024\/01\/logo.png\",\"contentUrl\":\"https:\/\/nembutalboutique.com\/wp-content\/uploads\/2024\/01\/logo.png\",\"width\":494,\"height\":121,\"caption\":\"Nembutal Boutique\"},\"image\":{\"@id\":\"https:\/\/nembutalboutique.com\/#\/schema\/logo\/image\/\"}}]}<\/script>\n<!-- \/ Yoast SEO plugin. -->","yoast_head_json":{"title":"Comprar NM-2201 online - NM-2201 para venda","description":"A sua encomenda de NM-2201 para venda \u00e9 da nossa responsabilidade. Iremos considerar o seu pedido de compra de NM-2201 e entraremos em contacto consigo o mais rapidamente poss\u00edvel. Efectue agora encomendas por grosso!","robots":{"index":"index","follow":"follow","max-snippet":"max-snippet:-1","max-image-preview":"max-image-preview:large","max-video-preview":"max-video-preview:-1"},"canonical":"https:\/\/nembutalboutique.com\/pt\/produto\/comprar-nm2201-online\/","og_locale":"pt_PT","og_type":"article","og_title":"Achetez NM-2201 en ligne - NM-2201 \u00e0 vendre","og_description":"Votre commande de NM-2201 \u00e0 vendre est notre responsabilit\u00e9. Nous prendrons en consid\u00e9ration votre commande d'achat de NM-2201 et vous parviendrons dans un court d\u00e9lai. Passez des commandes group\u00e9es d\u00e8s maintenant !","og_url":"https:\/\/nembutalboutique.com\/pt\/produto\/comprar-nm2201-online\/","og_site_name":"Nembutal Boutique","article_modified_time":"2024-09-20T08:33:29+00:00","og_image":[{"width":600,"height":600,"url":"https:\/\/nembutalboutique.com\/wp-content\/uploads\/2024\/09\/NM2201.gif","type":"image\/gif"}],"twitter_card":"summary_large_image","twitter_misc":{"Tempo estimado de leitura":"3 minutos"},"schema":{"@context":"https:\/\/schema.org","@graph":[{"@type":"WebPage","@id":"https:\/\/nembutalboutique.com\/produit\/nm-2201\/","url":"https:\/\/nembutalboutique.com\/produit\/nm-2201\/","name":"Comprar NM-2201 online - NM-2201 para venda","isPartOf":{"@id":"https:\/\/nembutalboutique.com\/#website"},"primaryImageOfPage":{"@id":"https:\/\/nembutalboutique.com\/produit\/nm-2201\/#primaryimage"},"image":{"@id":"https:\/\/nembutalboutique.com\/produit\/nm-2201\/#primaryimage"},"thumbnailUrl":"https:\/\/nembutalboutique.com\/wp-content\/uploads\/2024\/09\/NM2201.gif","datePublished":"2024-09-16T08:16:30+00:00","dateModified":"2024-09-20T08:33:29+00:00","description":"A sua encomenda de NM-2201 para venda \u00e9 da nossa responsabilidade. Iremos considerar o seu pedido de compra de NM-2201 e entraremos em contacto consigo o mais rapidamente poss\u00edvel. Efectue agora encomendas por grosso!","breadcrumb":{"@id":"https:\/\/nembutalboutique.com\/produit\/nm-2201\/#breadcrumb"},"inLanguage":"pt-PT","potentialAction":[{"@type":"ReadAction","target":["https:\/\/nembutalboutique.com\/produit\/nm-2201\/"]}]},{"@type":"ImageObject","inLanguage":"pt-PT","@id":"https:\/\/nembutalboutique.com\/produit\/nm-2201\/#primaryimage","url":"https:\/\/nembutalboutique.com\/wp-content\/uploads\/2024\/09\/NM2201.gif","contentUrl":"https:\/\/nembutalboutique.com\/wp-content\/uploads\/2024\/09\/NM2201.gif","width":600,"height":600,"caption":"Acheter NM2201.gif"},{"@type":"BreadcrumbList","@id":"https:\/\/nembutalboutique.com\/produit\/nm-2201\/#breadcrumb","itemListElement":[{"@type":"ListItem","position":1,"name":"Home","item":"https:\/\/nembutalboutique.com\/"},{"@type":"ListItem","position":2,"name":"Boutique","item":"https:\/\/nembutalboutique.com\/shop\/"},{"@type":"ListItem","position":3,"name":"NM-2201"}]},{"@type":"WebSite","@id":"https:\/\/nembutalboutique.com\/#website","url":"https:\/\/nembutalboutique.com\/","name":"Nembutal Boutique","description":"O meu blogue WordPress","publisher":{"@id":"https:\/\/nembutalboutique.com\/#organization"},"potentialAction":[{"@type":"SearchAction","target":{"@type":"EntryPoint","urlTemplate":"https:\/\/nembutalboutique.com\/?s={search_term_string}"},"query-input":{"@type":"PropertyValueSpecification","valueRequired":true,"valueName":"search_term_string"}}],"inLanguage":"pt-PT"},{"@type":"Organization","@id":"https:\/\/nembutalboutique.com\/#organization","name":"Nembutal Boutique","url":"https:\/\/nembutalboutique.com\/","logo":{"@type":"ImageObject","inLanguage":"pt-PT","@id":"https:\/\/nembutalboutique.com\/#\/schema\/logo\/image\/","url":"https:\/\/nembutalboutique.com\/wp-content\/uploads\/2024\/01\/logo.png","contentUrl":"https:\/\/nembutalboutique.com\/wp-content\/uploads\/2024\/01\/logo.png","width":494,"height":121,"caption":"Nembutal Boutique"},"image":{"@id":"https:\/\/nembutalboutique.com\/#\/schema\/logo\/image\/"}}]}},"_links":{"self":[{"href":"https:\/\/nembutalboutique.com\/pt\/wp-json\/wp\/v2\/product\/3292"}],"collection":[{"href":"https:\/\/nembutalboutique.com\/pt\/wp-json\/wp\/v2\/product"}],"about":[{"href":"https:\/\/nembutalboutique.com\/pt\/wp-json\/wp\/v2\/types\/product"}],"replies":[{"embeddable":true,"href":"https:\/\/nembutalboutique.com\/pt\/wp-json\/wp\/v2\/comments?post=3292"}],"wp:featuredmedia":[{"embeddable":true,"href":"https:\/\/nembutalboutique.com\/pt\/wp-json\/wp\/v2\/media\/3314"}],"wp:attachment":[{"href":"https:\/\/nembutalboutique.com\/pt\/wp-json\/wp\/v2\/media?parent=3292"}],"wp:term":[{"taxonomy":"product_brand","embeddable":true,"href":"https:\/\/nembutalboutique.com\/pt\/wp-json\/wp\/v2\/product_brand?post=3292"},{"taxonomy":"product_cat","embeddable":true,"href":"https:\/\/nembutalboutique.com\/pt\/wp-json\/wp\/v2\/product_cat?post=3292"},{"taxonomy":"product_tag","embeddable":true,"href":"https:\/\/nembutalboutique.com\/pt\/wp-json\/wp\/v2\/product_tag?post=3292"}],"curies":[{"name":"wp","href":"https:\/\/api.w.org\/{rel}","templated":true}]}}