{"id":3291,"date":"2024-09-16T08:16:30","date_gmt":"2024-09-16T08:16:30","guid":{"rendered":"https:\/\/nembutalboutique.com\/?post_type=product&#038;p=3291"},"modified":"2024-09-20T08:15:39","modified_gmt":"2024-09-20T08:15:39","slug":"mn-018","status":"publish","type":"product","link":"https:\/\/nembutalboutique.com\/pt\/produto\/comprar-mn-018\/","title":{"rendered":"MN-018"},"content":{"rendered":"<h2>Comprar MN-018-Pulver online<\/h2>\n<p>Comprar MN-018, <a href=\"https:\/\/nembutalboutique.com\/produit\/acheter-mn-018\/\">MN 18<\/a> \u00e9 uma droga canabin\u00f3ide sint\u00e9tica \u00e0 base de indazol.<br \/>\nAtributos do produto :<\/p>\n<p>Nome do produto : Pulverizador MN-018<\/p>\n<p>IUPAC.3-Carboxamida-1-pentil-1H-indazol \u00e9 N-(Naftalina-1-il).<\/p>\n<p>Franc\u00eas:MF : C23H23N3O<\/p>\n<p>&gt; 99,5 Renova\u00e7\u00e3o do %<\/p>\n<p>Veja isto: cristal<\/p>\n<p>Embalagem : saco de alum\u00ednio C23H23N3O, MN-018, MN-018 em p\u00f3, MN-018 em p\u00f3 China, MN-018 em p\u00f3 para venda, MN-018 em p\u00f3 fornecedor, MN-018 em p\u00f3 a granel<\/p>\n<h3>Comprar MN-018 online<\/h3>\n<p>Comprar MN-018 online : <a href=\"https:\/\/en.wikipedia.org\/wiki\/MN-18\">MN 18<\/a> \u00e9 um canabin\u00f3ide indazol que actua como antagonista dos receptores canabin\u00f3ides. Foi vendido online como droga de marca e tinha valores de Ki de 45,72 nM para CB1 e 11.098 nM para CB2, bem como valores de EC50 de 2.028 nM para CB1 e 1.233 nM para CB2.<br \/>\nEste \u00e9 apenas o centro indazol b\u00e1sico do NNE1. Como se sabe que a amantadina \u00e9 um metabolito livre (e nocivo para o ambiente) do composto relacionado APINACA, presume-se que a hidr\u00f3lise metab\u00f3lica da 1-naftilamina MN-18 pode libertar este conhecido agente cancer\u00edgeno. A via metab\u00f3lica do MN-18 foi descrita por escrito.<\/p>\n<h3>MN-018 \u00e0 venda online<\/h3>\n<p>Comprar produtos JWH. Compre Nembutal a pre\u00e7os de desconto. Fornecemos e enviamos os produtos qu\u00edmicos de investiga\u00e7\u00e3o da mais alta qualidade em todo o mundo. Cada produto \u00e9 cuidadosamente embalado e enviado de forma discreta para proteger a privacidade e a seguran\u00e7a dos nossos clientes. Aceitamos uma vasta gama de m\u00e9todos de pagamento seguros e descontos para grandes compras.<\/p>\n<p>Somos um fornecedor verificado e estamos satisfeitos por querer visitar o nosso s\u00edtio Web.<\/p>\n<p>Estamos entre os melhores fornecedores de medicamentos nos Estados Unidos e em muitas outras partes do mundo.<\/p>\n<p>Somos distribuidores grossistas de uma vasta gama de produtos qu\u00edmicos e farmac\u00eauticos.<\/p>\n<p>Os nossos produtos qu\u00edmicos para investiga\u00e7\u00e3o s\u00e3o 99,9 % puros, bem conservados e com pre\u00e7os razo\u00e1veis. Fornecemos produtos qu\u00edmicos para investiga\u00e7\u00e3o em todo o mundo e os nossos produtos s\u00e3o altamente recomendados. Comprar MN-018.<\/p>","protected":false},"excerpt":{"rendered":"<p>Acheter MN-018-Pulver en ligne Acheter MN-018, MN 18 est un m\u00e9dicament cannabino\u00efde synth\u00e9tique \u00e0 base d&rsquo;indazole. Attributs du produit\u00a0: Nom du produit\u00a0: MN-018 Pulver IUPAC.3-Carboxamid-1-pentyl-1H-indazol est N-(Naphthalin-1-yl). Fran\u00e7ais:MF\u00a0: C23H23N3O &gt; 99,5\u00a0% de renouvellement Regardez ceci\u00a0: cristal Emballage\u00a0: sachet en aluminium C23H23N3O, MN-018, poudre MN-018, poudre MN-018 Chine, poudre MN-018 \u00e0 vendre, fournisseur de poudre MN-018, [&hellip;]<\/p>","protected":false},"featured_media":3313,"comment_status":"open","ping_status":"closed","template":"","meta":{"_joinchat":[]},"product_brand":[],"product_cat":[386],"product_tag":[543,544,545,546,547,548,549,550,551,552,553,554,555,556,557,558,559,560,561,562,563,564,565,566,567,568,569,570],"class_list":{"0":"post-3291","1":"product","2":"type-product","3":"status-publish","4":"has-post-thumbnail","6":"product_cat-cannabinoids","7":"product_tag-4-chlor--pvp","8":"product_tag-beschreibung-mn-018","9":"product_tag-bestellen-mn-018","10":"product_tag-kaufen-mn-018-online","11":"product_tag-kaufen-online-mn-018","12":"product_tag-mn-018","13":"product_tag-mn-018-billigen-preis","14":"product_tag-mn-018-dosierung","15":"product_tag-mn-018-drogentest","16":"product_tag-mn-018-erfahrung","17":"product_tag-mn-018-hinterlegung","18":"product_tag-mn-018-iv","19":"product_tag-mn-018-kaufen","20":"product_tag-mn-018-legalitat","21":"product_tag-mn-018-lieferanten","22":"product_tag-mn-018-online","23":"product_tag-mn-018-preis","24":"product_tag-mn-018-pro-gramm","25":"product_tag-mn-018-psychonaut","26":"product_tag-mn-018-reddit","27":"product_tag-mn-018-zu-verkaufen","28":"product_tag-mn-018-zum-verkauf-in-europa","29":"product_tag-niedriger-preis-mn-018","30":"product_tag-online-kaufen-mn-018","31":"product_tag-uberprufung-mn-018","32":"product_tag-wie-viel-kostet-die-geschwindigkeit-mn-018","33":"product_tag-wie-zu-kaufen-mn-018","34":"product_tag-zu-verkaufen-mn-018","36":"first","37":"instock","38":"shipping-taxable","39":"purchasable","40":"product-type-variable"},"yoast_head":"<!-- This site is optimized with the Yoast SEO plugin v23.5 - https:\/\/yoast.com\/wordpress\/plugins\/seo\/ -->\n<title>Acheter MN-018 en ligne - MN-018 \u00e0 vendre | Boutique Nembutal<\/title>\n<meta name=\"description\" content=\"Notre boutique en ligne Nembutal propose \u00e0 la vente le MN-018 de la meilleure qualit\u00e9. Si vous souhaitez acheter du MN-018 en ligne, nous pouvons vous aider de toutes parts. Commandez d\u00e8s aujourd&#039;hui !\" \/>\n<meta name=\"robots\" content=\"index, follow, max-snippet:-1, max-image-preview:large, max-video-preview:-1\" \/>\n<link rel=\"canonical\" href=\"https:\/\/nembutalboutique.com\/pt\/produto\/comprar-mn-018\/\" \/>\n<meta property=\"og:locale\" content=\"pt_PT\" \/>\n<meta property=\"og:type\" content=\"article\" \/>\n<meta property=\"og:title\" content=\"Acheter MN-018 en ligne - MN-018 \u00e0 vendre | Boutique Nembutal\" \/>\n<meta property=\"og:description\" content=\"Notre boutique en ligne Nembutal propose \u00e0 la vente le MN-018 de la meilleure qualit\u00e9. Si vous souhaitez acheter du MN-018 en ligne, nous pouvons vous aider de toutes parts. Commandez d\u00e8s aujourd&#039;hui !\" \/>\n<meta property=\"og:url\" content=\"https:\/\/nembutalboutique.com\/pt\/produto\/comprar-mn-018\/\" \/>\n<meta property=\"og:site_name\" content=\"Nembutal Boutique\" \/>\n<meta property=\"article:modified_time\" content=\"2024-09-20T08:15:39+00:00\" \/>\n<meta property=\"og:image\" content=\"https:\/\/nembutalboutique.com\/wp-content\/uploads\/2024\/09\/MN-018.gif\" \/>\n\t<meta property=\"og:image:width\" content=\"600\" \/>\n\t<meta property=\"og:image:height\" content=\"600\" \/>\n\t<meta property=\"og:image:type\" content=\"image\/gif\" \/>\n<meta name=\"twitter:card\" content=\"summary_large_image\" \/>\n<meta name=\"twitter:label1\" content=\"Tempo estimado de leitura\" \/>\n\t<meta name=\"twitter:data1\" content=\"2 minutos\" \/>\n<script type=\"application\/ld+json\" class=\"yoast-schema-graph\">{\"@context\":\"https:\/\/schema.org\",\"@graph\":[{\"@type\":\"WebPage\",\"@id\":\"https:\/\/nembutalboutique.com\/produit\/mn-018\/\",\"url\":\"https:\/\/nembutalboutique.com\/produit\/mn-018\/\",\"name\":\"Acheter MN-018 en ligne - MN-018 \u00e0 vendre | Boutique Nembutal\",\"isPartOf\":{\"@id\":\"https:\/\/nembutalboutique.com\/#website\"},\"primaryImageOfPage\":{\"@id\":\"https:\/\/nembutalboutique.com\/produit\/mn-018\/#primaryimage\"},\"image\":{\"@id\":\"https:\/\/nembutalboutique.com\/produit\/mn-018\/#primaryimage\"},\"thumbnailUrl\":\"https:\/\/nembutalboutique.com\/wp-content\/uploads\/2024\/09\/MN-018.gif\",\"datePublished\":\"2024-09-16T08:16:30+00:00\",\"dateModified\":\"2024-09-20T08:15:39+00:00\",\"description\":\"Notre boutique en ligne Nembutal propose \u00e0 la vente le MN-018 de la meilleure qualit\u00e9. Si vous souhaitez acheter du MN-018 en ligne, nous pouvons vous aider de toutes parts. Commandez d\u00e8s aujourd'hui !\",\"breadcrumb\":{\"@id\":\"https:\/\/nembutalboutique.com\/produit\/mn-018\/#breadcrumb\"},\"inLanguage\":\"pt-PT\",\"potentialAction\":[{\"@type\":\"ReadAction\",\"target\":[\"https:\/\/nembutalboutique.com\/produit\/mn-018\/\"]}]},{\"@type\":\"ImageObject\",\"inLanguage\":\"pt-PT\",\"@id\":\"https:\/\/nembutalboutique.com\/produit\/mn-018\/#primaryimage\",\"url\":\"https:\/\/nembutalboutique.com\/wp-content\/uploads\/2024\/09\/MN-018.gif\",\"contentUrl\":\"https:\/\/nembutalboutique.com\/wp-content\/uploads\/2024\/09\/MN-018.gif\",\"width\":600,\"height\":600,\"caption\":\"Acheter MN-018.gif\"},{\"@type\":\"BreadcrumbList\",\"@id\":\"https:\/\/nembutalboutique.com\/produit\/mn-018\/#breadcrumb\",\"itemListElement\":[{\"@type\":\"ListItem\",\"position\":1,\"name\":\"Home\",\"item\":\"https:\/\/nembutalboutique.com\/\"},{\"@type\":\"ListItem\",\"position\":2,\"name\":\"Boutique\",\"item\":\"https:\/\/nembutalboutique.com\/shop\/\"},{\"@type\":\"ListItem\",\"position\":3,\"name\":\"MN-018\"}]},{\"@type\":\"WebSite\",\"@id\":\"https:\/\/nembutalboutique.com\/#website\",\"url\":\"https:\/\/nembutalboutique.com\/\",\"name\":\"Nembutal Boutique\",\"description\":\"My WordPress Blog\",\"publisher\":{\"@id\":\"https:\/\/nembutalboutique.com\/#organization\"},\"potentialAction\":[{\"@type\":\"SearchAction\",\"target\":{\"@type\":\"EntryPoint\",\"urlTemplate\":\"https:\/\/nembutalboutique.com\/?s={search_term_string}\"},\"query-input\":{\"@type\":\"PropertyValueSpecification\",\"valueRequired\":true,\"valueName\":\"search_term_string\"}}],\"inLanguage\":\"pt-PT\"},{\"@type\":\"Organization\",\"@id\":\"https:\/\/nembutalboutique.com\/#organization\",\"name\":\"Nembutal Boutique\",\"url\":\"https:\/\/nembutalboutique.com\/\",\"logo\":{\"@type\":\"ImageObject\",\"inLanguage\":\"pt-PT\",\"@id\":\"https:\/\/nembutalboutique.com\/#\/schema\/logo\/image\/\",\"url\":\"https:\/\/nembutalboutique.com\/wp-content\/uploads\/2024\/01\/logo.png\",\"contentUrl\":\"https:\/\/nembutalboutique.com\/wp-content\/uploads\/2024\/01\/logo.png\",\"width\":494,\"height\":121,\"caption\":\"Nembutal Boutique\"},\"image\":{\"@id\":\"https:\/\/nembutalboutique.com\/#\/schema\/logo\/image\/\"}}]}<\/script>\n<!-- \/ Yoast SEO plugin. -->","yoast_head_json":{"title":"Comprar MN-018 online - MN-018 para venda | Boutique Nembutal","description":"A nossa loja online de Nembutal oferece MN-018 da mais alta qualidade para venda. Se quiser comprar MN-018 online, podemos ajud\u00e1-lo em todos os aspectos. Encomenda hoje!","robots":{"index":"index","follow":"follow","max-snippet":"max-snippet:-1","max-image-preview":"max-image-preview:large","max-video-preview":"max-video-preview:-1"},"canonical":"https:\/\/nembutalboutique.com\/pt\/produto\/comprar-mn-018\/","og_locale":"pt_PT","og_type":"article","og_title":"Acheter MN-018 en ligne - MN-018 \u00e0 vendre | Boutique Nembutal","og_description":"Notre boutique en ligne Nembutal propose \u00e0 la vente le MN-018 de la meilleure qualit\u00e9. Si vous souhaitez acheter du MN-018 en ligne, nous pouvons vous aider de toutes parts. Commandez d\u00e8s aujourd'hui !","og_url":"https:\/\/nembutalboutique.com\/pt\/produto\/comprar-mn-018\/","og_site_name":"Nembutal Boutique","article_modified_time":"2024-09-20T08:15:39+00:00","og_image":[{"width":600,"height":600,"url":"https:\/\/nembutalboutique.com\/wp-content\/uploads\/2024\/09\/MN-018.gif","type":"image\/gif"}],"twitter_card":"summary_large_image","twitter_misc":{"Tempo estimado de leitura":"2 minutos"},"schema":{"@context":"https:\/\/schema.org","@graph":[{"@type":"WebPage","@id":"https:\/\/nembutalboutique.com\/produit\/mn-018\/","url":"https:\/\/nembutalboutique.com\/produit\/mn-018\/","name":"Comprar MN-018 online - MN-018 para venda | Boutique Nembutal","isPartOf":{"@id":"https:\/\/nembutalboutique.com\/#website"},"primaryImageOfPage":{"@id":"https:\/\/nembutalboutique.com\/produit\/mn-018\/#primaryimage"},"image":{"@id":"https:\/\/nembutalboutique.com\/produit\/mn-018\/#primaryimage"},"thumbnailUrl":"https:\/\/nembutalboutique.com\/wp-content\/uploads\/2024\/09\/MN-018.gif","datePublished":"2024-09-16T08:16:30+00:00","dateModified":"2024-09-20T08:15:39+00:00","description":"A nossa loja online de Nembutal oferece MN-018 da mais alta qualidade para venda. Se quiser comprar MN-018 online, podemos ajud\u00e1-lo em todos os aspectos. Encomenda hoje!","breadcrumb":{"@id":"https:\/\/nembutalboutique.com\/produit\/mn-018\/#breadcrumb"},"inLanguage":"pt-PT","potentialAction":[{"@type":"ReadAction","target":["https:\/\/nembutalboutique.com\/produit\/mn-018\/"]}]},{"@type":"ImageObject","inLanguage":"pt-PT","@id":"https:\/\/nembutalboutique.com\/produit\/mn-018\/#primaryimage","url":"https:\/\/nembutalboutique.com\/wp-content\/uploads\/2024\/09\/MN-018.gif","contentUrl":"https:\/\/nembutalboutique.com\/wp-content\/uploads\/2024\/09\/MN-018.gif","width":600,"height":600,"caption":"Acheter MN-018.gif"},{"@type":"BreadcrumbList","@id":"https:\/\/nembutalboutique.com\/produit\/mn-018\/#breadcrumb","itemListElement":[{"@type":"ListItem","position":1,"name":"Home","item":"https:\/\/nembutalboutique.com\/"},{"@type":"ListItem","position":2,"name":"Boutique","item":"https:\/\/nembutalboutique.com\/shop\/"},{"@type":"ListItem","position":3,"name":"MN-018"}]},{"@type":"WebSite","@id":"https:\/\/nembutalboutique.com\/#website","url":"https:\/\/nembutalboutique.com\/","name":"Nembutal Boutique","description":"O meu blogue WordPress","publisher":{"@id":"https:\/\/nembutalboutique.com\/#organization"},"potentialAction":[{"@type":"SearchAction","target":{"@type":"EntryPoint","urlTemplate":"https:\/\/nembutalboutique.com\/?s={search_term_string}"},"query-input":{"@type":"PropertyValueSpecification","valueRequired":true,"valueName":"search_term_string"}}],"inLanguage":"pt-PT"},{"@type":"Organization","@id":"https:\/\/nembutalboutique.com\/#organization","name":"Nembutal Boutique","url":"https:\/\/nembutalboutique.com\/","logo":{"@type":"ImageObject","inLanguage":"pt-PT","@id":"https:\/\/nembutalboutique.com\/#\/schema\/logo\/image\/","url":"https:\/\/nembutalboutique.com\/wp-content\/uploads\/2024\/01\/logo.png","contentUrl":"https:\/\/nembutalboutique.com\/wp-content\/uploads\/2024\/01\/logo.png","width":494,"height":121,"caption":"Nembutal Boutique"},"image":{"@id":"https:\/\/nembutalboutique.com\/#\/schema\/logo\/image\/"}}]}},"_links":{"self":[{"href":"https:\/\/nembutalboutique.com\/pt\/wp-json\/wp\/v2\/product\/3291"}],"collection":[{"href":"https:\/\/nembutalboutique.com\/pt\/wp-json\/wp\/v2\/product"}],"about":[{"href":"https:\/\/nembutalboutique.com\/pt\/wp-json\/wp\/v2\/types\/product"}],"replies":[{"embeddable":true,"href":"https:\/\/nembutalboutique.com\/pt\/wp-json\/wp\/v2\/comments?post=3291"}],"wp:featuredmedia":[{"embeddable":true,"href":"https:\/\/nembutalboutique.com\/pt\/wp-json\/wp\/v2\/media\/3313"}],"wp:attachment":[{"href":"https:\/\/nembutalboutique.com\/pt\/wp-json\/wp\/v2\/media?parent=3291"}],"wp:term":[{"taxonomy":"product_brand","embeddable":true,"href":"https:\/\/nembutalboutique.com\/pt\/wp-json\/wp\/v2\/product_brand?post=3291"},{"taxonomy":"product_cat","embeddable":true,"href":"https:\/\/nembutalboutique.com\/pt\/wp-json\/wp\/v2\/product_cat?post=3291"},{"taxonomy":"product_tag","embeddable":true,"href":"https:\/\/nembutalboutique.com\/pt\/wp-json\/wp\/v2\/product_tag?post=3291"}],"curies":[{"name":"wp","href":"https:\/\/api.w.org\/{rel}","templated":true}]}}