{"id":3290,"date":"2024-09-16T08:16:30","date_gmt":"2024-09-16T08:16:30","guid":{"rendered":"https:\/\/nembutalboutique.com\/?post_type=product&#038;p=3290"},"modified":"2024-09-25T11:26:15","modified_gmt":"2024-09-25T11:26:15","slug":"mmbc","status":"publish","type":"product","link":"https:\/\/nembutalboutique.com\/pt\/produto\/comprar-mmbc-online\/","title":{"rendered":"MMBC"},"content":{"rendered":"<h3>Comprar MMBC online.<\/h3>\n<p>Comprar MMBC online: Atualmente, damos especial \u00eanfase \u00e0 qualidade da produ\u00e7\u00e3o nos nossos laborat\u00f3rios e locais de produ\u00e7\u00e3o para garantir o cumprimento de todas as normas de fabrico estabelecidas por organiza\u00e7\u00f5es nacionais e internacionais. Como resultado, foram produzidas cargas de MMBC com um Reinheit superior a 99 por cento. Ser\u00e1 dif\u00edcil encontrar <a href=\"https:\/\/nembutalboutique.com\/produit\/acheter-mmbc-en-ligne\/\">MMBC<\/a> deste calibre no mercado, porque \u00e9 dif\u00edcil produzi-lo, mesmo com exig\u00eancias de pureza superiores a 99%.<\/p>\n<p>Nembutalboutique.com oferece produtos a pre\u00e7os competitivos. Preparamos os melhores produtos qu\u00edmicos para investiga\u00e7\u00e3o e distribu\u00edmo-los em todo o mundo. Embalamos e enviamos cuidadosamente cada produto para proteger a privacidade e a seguran\u00e7a dos nossos clientes. Temos o prazer de oferecer uma s\u00e9rie de op\u00e7\u00f5es de pagamento seguro e descontos para compras maiores.<\/p>\n<p>Descubra as vantagens de <a href=\"https:\/\/en.wikipedia.org\/wiki\/MBC\">MMBC<\/a>.<\/p>\n<p>Na Cannabinoid Med Shop, compreendemos o valor de uma boa noite de sono. O nosso MMBC \u00e9 fabricado com precis\u00e3o e oferece uma mistura especial adaptada \u00e0s suas necessidades de relaxamento. Como especialistas na mat\u00e9ria, podemos assegurar-lhe que a nossa MMBC \u00e9 do mais alto n\u00edvel e oferece uma experi\u00eancia inigual\u00e1vel.<\/p>\n<h3>Porque \u00e9 que o MMBC de Kaufen n\u00e3o \u00e9 considerado fi\u00e1vel?<\/h3>\n<p>Se decidir comprar-nos MMBC online, est\u00e1 a assumir um compromisso de qualidade excecional. O nosso compromisso com a qualidade garante que cada carga de MMBC cumpre os nossos padr\u00f5es de exig\u00eancia. Orgulhamo-nos de ser o melhor local para comprar MMBC e oferecemos uma experi\u00eancia de encomenda online sem complica\u00e7\u00f5es. Na Cannabinoid Med Shop, a satisfa\u00e7\u00e3o do cliente est\u00e1 em primeiro lugar.<br \/>\nUma forma simples de encomendar MMBC<\/p>\n<p>Est\u00e1 nervoso por n\u00e3o conseguir comprar o MMBC sem problemas? Pare a sua pesquisa agora! A encomenda online de MMBC \u00e9 simplificada pelo nosso s\u00edtio Web de f\u00e1cil utiliza\u00e7\u00e3o. Pode navegar na nossa gama, colocar os seus produtos favoritos no cesto e ir em seguran\u00e7a para a caixa com apenas alguns cliques. \u00c9 a forma mais f\u00e1cil de encomendar MMBC online e receb\u00ea-la diretamente \u00e0 sua porta.<\/p>\n<h3>Onde posso comprar MMBC? A solu\u00e7\u00e3o \u00e9 comprar nembutal.<\/h3>\n<p>Est\u00e1 a perguntar-se onde comprar MMBC com informa\u00e7\u00f5es fi\u00e1veis. A sua procura terminou aqui. Na nembutalboutique, estabelecemo-nos como uma fonte fi\u00e1vel de canabidiol de alta qualidade. O nosso compromisso com a satisfa\u00e7\u00e3o do cliente faz de n\u00f3s a empresa de refer\u00eancia para quem procura comprar o melhor MMBC online.<\/p>","protected":false},"excerpt":{"rendered":"<p>Achetez du MMBC en ligne. Achat en ligne de MMBC : Nous accordons d\u00e9sormais une importance particuli\u00e8re \u00e0 la qualit\u00e9 de la production dans nos laboratoires et sites de production afin de garantir le respect de toutes les normes de fabrication fix\u00e9es par les organisations nationales et internationales. En cons\u00e9quence, des charges de MMBC avec [&hellip;]<\/p>","protected":false},"featured_media":3312,"comment_status":"open","ping_status":"closed","template":"","meta":{"_joinchat":[]},"product_brand":[],"product_cat":[385],"product_tag":[],"class_list":{"0":"post-3290","1":"product","2":"type-product","3":"status-publish","4":"has-post-thumbnail","6":"product_cat-forschung-schemikalien","8":"first","9":"instock","10":"shipping-taxable","11":"purchasable","12":"product-type-variable"},"yoast_head":"<!-- This site is optimized with the Yoast SEO plugin v23.5 - https:\/\/yoast.com\/wordpress\/plugins\/seo\/ -->\n<title>Acheter MMBC en ligne - MMBC \u00e0 vendre - Commandez MMBC<\/title>\n<meta name=\"description\" content=\"Le MMBC \u00e0 vendre est d\u00e9sormais facilement disponible dans notre boutique en ligne. Vous pouvez vous connecter directement \u00e0 notre magasin de produits chimiques et acheter du MMBC en ligne aux meilleurs prix.\" \/>\n<meta name=\"robots\" content=\"index, follow, max-snippet:-1, max-image-preview:large, max-video-preview:-1\" \/>\n<link rel=\"canonical\" href=\"https:\/\/nembutalboutique.com\/pt\/produto\/comprar-mmbc-online\/\" \/>\n<meta property=\"og:locale\" content=\"pt_PT\" \/>\n<meta property=\"og:type\" content=\"article\" \/>\n<meta property=\"og:title\" content=\"Acheter MMBC en ligne - MMBC \u00e0 vendre - Commandez MMBC\" \/>\n<meta property=\"og:description\" content=\"Le MMBC \u00e0 vendre est d\u00e9sormais facilement disponible dans notre boutique en ligne. Vous pouvez vous connecter directement \u00e0 notre magasin de produits chimiques et acheter du MMBC en ligne aux meilleurs prix.\" \/>\n<meta property=\"og:url\" content=\"https:\/\/nembutalboutique.com\/pt\/produto\/comprar-mmbc-online\/\" \/>\n<meta property=\"og:site_name\" content=\"Nembutal Boutique\" \/>\n<meta property=\"article:modified_time\" content=\"2024-09-25T11:26:15+00:00\" \/>\n<meta property=\"og:image\" content=\"https:\/\/nembutalboutique.com\/wp-content\/uploads\/2024\/09\/MMBC.gif\" \/>\n\t<meta property=\"og:image:width\" content=\"600\" \/>\n\t<meta property=\"og:image:height\" content=\"600\" \/>\n\t<meta property=\"og:image:type\" content=\"image\/gif\" \/>\n<meta name=\"twitter:card\" content=\"summary_large_image\" \/>\n<meta name=\"twitter:label1\" content=\"Tempo estimado de leitura\" \/>\n\t<meta name=\"twitter:data1\" content=\"3 minutos\" \/>\n<script type=\"application\/ld+json\" class=\"yoast-schema-graph\">{\"@context\":\"https:\/\/schema.org\",\"@graph\":[{\"@type\":\"WebPage\",\"@id\":\"https:\/\/nembutalboutique.com\/produit\/mmbc\/\",\"url\":\"https:\/\/nembutalboutique.com\/produit\/mmbc\/\",\"name\":\"Acheter MMBC en ligne - MMBC \u00e0 vendre - Commandez MMBC\",\"isPartOf\":{\"@id\":\"https:\/\/nembutalboutique.com\/#website\"},\"primaryImageOfPage\":{\"@id\":\"https:\/\/nembutalboutique.com\/produit\/mmbc\/#primaryimage\"},\"image\":{\"@id\":\"https:\/\/nembutalboutique.com\/produit\/mmbc\/#primaryimage\"},\"thumbnailUrl\":\"https:\/\/nembutalboutique.com\/wp-content\/uploads\/2024\/09\/MMBC.gif\",\"datePublished\":\"2024-09-16T08:16:30+00:00\",\"dateModified\":\"2024-09-25T11:26:15+00:00\",\"description\":\"Le MMBC \u00e0 vendre est d\u00e9sormais facilement disponible dans notre boutique en ligne. Vous pouvez vous connecter directement \u00e0 notre magasin de produits chimiques et acheter du MMBC en ligne aux meilleurs prix.\",\"breadcrumb\":{\"@id\":\"https:\/\/nembutalboutique.com\/produit\/mmbc\/#breadcrumb\"},\"inLanguage\":\"pt-PT\",\"potentialAction\":[{\"@type\":\"ReadAction\",\"target\":[\"https:\/\/nembutalboutique.com\/produit\/mmbc\/\"]}]},{\"@type\":\"ImageObject\",\"inLanguage\":\"pt-PT\",\"@id\":\"https:\/\/nembutalboutique.com\/produit\/mmbc\/#primaryimage\",\"url\":\"https:\/\/nembutalboutique.com\/wp-content\/uploads\/2024\/09\/MMBC.gif\",\"contentUrl\":\"https:\/\/nembutalboutique.com\/wp-content\/uploads\/2024\/09\/MMBC.gif\",\"width\":600,\"height\":600,\"caption\":\"Acheter MMBC.gif\"},{\"@type\":\"BreadcrumbList\",\"@id\":\"https:\/\/nembutalboutique.com\/produit\/mmbc\/#breadcrumb\",\"itemListElement\":[{\"@type\":\"ListItem\",\"position\":1,\"name\":\"Home\",\"item\":\"https:\/\/nembutalboutique.com\/\"},{\"@type\":\"ListItem\",\"position\":2,\"name\":\"Boutique\",\"item\":\"https:\/\/nembutalboutique.com\/shop\/\"},{\"@type\":\"ListItem\",\"position\":3,\"name\":\"MMBC\"}]},{\"@type\":\"WebSite\",\"@id\":\"https:\/\/nembutalboutique.com\/#website\",\"url\":\"https:\/\/nembutalboutique.com\/\",\"name\":\"Nembutal Boutique\",\"description\":\"My WordPress Blog\",\"publisher\":{\"@id\":\"https:\/\/nembutalboutique.com\/#organization\"},\"potentialAction\":[{\"@type\":\"SearchAction\",\"target\":{\"@type\":\"EntryPoint\",\"urlTemplate\":\"https:\/\/nembutalboutique.com\/?s={search_term_string}\"},\"query-input\":{\"@type\":\"PropertyValueSpecification\",\"valueRequired\":true,\"valueName\":\"search_term_string\"}}],\"inLanguage\":\"pt-PT\"},{\"@type\":\"Organization\",\"@id\":\"https:\/\/nembutalboutique.com\/#organization\",\"name\":\"Nembutal Boutique\",\"url\":\"https:\/\/nembutalboutique.com\/\",\"logo\":{\"@type\":\"ImageObject\",\"inLanguage\":\"pt-PT\",\"@id\":\"https:\/\/nembutalboutique.com\/#\/schema\/logo\/image\/\",\"url\":\"https:\/\/nembutalboutique.com\/wp-content\/uploads\/2024\/01\/logo.png\",\"contentUrl\":\"https:\/\/nembutalboutique.com\/wp-content\/uploads\/2024\/01\/logo.png\",\"width\":494,\"height\":121,\"caption\":\"Nembutal Boutique\"},\"image\":{\"@id\":\"https:\/\/nembutalboutique.com\/#\/schema\/logo\/image\/\"}}]}<\/script>\n<!-- \/ Yoast SEO plugin. -->","yoast_head_json":{"title":"Comprar MMBC online - MMBC para venda - Encomendar MMBC","description":"MMBC para venda est\u00e1 agora facilmente dispon\u00edvel na nossa loja online. Pode aceder diretamente \u00e0 nossa loja de produtos qu\u00edmicos e comprar MMBC online aos melhores pre\u00e7os.","robots":{"index":"index","follow":"follow","max-snippet":"max-snippet:-1","max-image-preview":"max-image-preview:large","max-video-preview":"max-video-preview:-1"},"canonical":"https:\/\/nembutalboutique.com\/pt\/produto\/comprar-mmbc-online\/","og_locale":"pt_PT","og_type":"article","og_title":"Acheter MMBC en ligne - MMBC \u00e0 vendre - Commandez MMBC","og_description":"Le MMBC \u00e0 vendre est d\u00e9sormais facilement disponible dans notre boutique en ligne. Vous pouvez vous connecter directement \u00e0 notre magasin de produits chimiques et acheter du MMBC en ligne aux meilleurs prix.","og_url":"https:\/\/nembutalboutique.com\/pt\/produto\/comprar-mmbc-online\/","og_site_name":"Nembutal Boutique","article_modified_time":"2024-09-25T11:26:15+00:00","og_image":[{"width":600,"height":600,"url":"https:\/\/nembutalboutique.com\/wp-content\/uploads\/2024\/09\/MMBC.gif","type":"image\/gif"}],"twitter_card":"summary_large_image","twitter_misc":{"Tempo estimado de leitura":"3 minutos"},"schema":{"@context":"https:\/\/schema.org","@graph":[{"@type":"WebPage","@id":"https:\/\/nembutalboutique.com\/produit\/mmbc\/","url":"https:\/\/nembutalboutique.com\/produit\/mmbc\/","name":"Comprar MMBC online - MMBC para venda - Encomendar MMBC","isPartOf":{"@id":"https:\/\/nembutalboutique.com\/#website"},"primaryImageOfPage":{"@id":"https:\/\/nembutalboutique.com\/produit\/mmbc\/#primaryimage"},"image":{"@id":"https:\/\/nembutalboutique.com\/produit\/mmbc\/#primaryimage"},"thumbnailUrl":"https:\/\/nembutalboutique.com\/wp-content\/uploads\/2024\/09\/MMBC.gif","datePublished":"2024-09-16T08:16:30+00:00","dateModified":"2024-09-25T11:26:15+00:00","description":"MMBC para venda est\u00e1 agora facilmente dispon\u00edvel na nossa loja online. Pode aceder diretamente \u00e0 nossa loja de produtos qu\u00edmicos e comprar MMBC online aos melhores pre\u00e7os.","breadcrumb":{"@id":"https:\/\/nembutalboutique.com\/produit\/mmbc\/#breadcrumb"},"inLanguage":"pt-PT","potentialAction":[{"@type":"ReadAction","target":["https:\/\/nembutalboutique.com\/produit\/mmbc\/"]}]},{"@type":"ImageObject","inLanguage":"pt-PT","@id":"https:\/\/nembutalboutique.com\/produit\/mmbc\/#primaryimage","url":"https:\/\/nembutalboutique.com\/wp-content\/uploads\/2024\/09\/MMBC.gif","contentUrl":"https:\/\/nembutalboutique.com\/wp-content\/uploads\/2024\/09\/MMBC.gif","width":600,"height":600,"caption":"Acheter MMBC.gif"},{"@type":"BreadcrumbList","@id":"https:\/\/nembutalboutique.com\/produit\/mmbc\/#breadcrumb","itemListElement":[{"@type":"ListItem","position":1,"name":"Home","item":"https:\/\/nembutalboutique.com\/"},{"@type":"ListItem","position":2,"name":"Boutique","item":"https:\/\/nembutalboutique.com\/shop\/"},{"@type":"ListItem","position":3,"name":"MMBC"}]},{"@type":"WebSite","@id":"https:\/\/nembutalboutique.com\/#website","url":"https:\/\/nembutalboutique.com\/","name":"Nembutal Boutique","description":"O meu blogue WordPress","publisher":{"@id":"https:\/\/nembutalboutique.com\/#organization"},"potentialAction":[{"@type":"SearchAction","target":{"@type":"EntryPoint","urlTemplate":"https:\/\/nembutalboutique.com\/?s={search_term_string}"},"query-input":{"@type":"PropertyValueSpecification","valueRequired":true,"valueName":"search_term_string"}}],"inLanguage":"pt-PT"},{"@type":"Organization","@id":"https:\/\/nembutalboutique.com\/#organization","name":"Nembutal Boutique","url":"https:\/\/nembutalboutique.com\/","logo":{"@type":"ImageObject","inLanguage":"pt-PT","@id":"https:\/\/nembutalboutique.com\/#\/schema\/logo\/image\/","url":"https:\/\/nembutalboutique.com\/wp-content\/uploads\/2024\/01\/logo.png","contentUrl":"https:\/\/nembutalboutique.com\/wp-content\/uploads\/2024\/01\/logo.png","width":494,"height":121,"caption":"Nembutal Boutique"},"image":{"@id":"https:\/\/nembutalboutique.com\/#\/schema\/logo\/image\/"}}]}},"_links":{"self":[{"href":"https:\/\/nembutalboutique.com\/pt\/wp-json\/wp\/v2\/product\/3290"}],"collection":[{"href":"https:\/\/nembutalboutique.com\/pt\/wp-json\/wp\/v2\/product"}],"about":[{"href":"https:\/\/nembutalboutique.com\/pt\/wp-json\/wp\/v2\/types\/product"}],"replies":[{"embeddable":true,"href":"https:\/\/nembutalboutique.com\/pt\/wp-json\/wp\/v2\/comments?post=3290"}],"wp:featuredmedia":[{"embeddable":true,"href":"https:\/\/nembutalboutique.com\/pt\/wp-json\/wp\/v2\/media\/3312"}],"wp:attachment":[{"href":"https:\/\/nembutalboutique.com\/pt\/wp-json\/wp\/v2\/media?parent=3290"}],"wp:term":[{"taxonomy":"product_brand","embeddable":true,"href":"https:\/\/nembutalboutique.com\/pt\/wp-json\/wp\/v2\/product_brand?post=3290"},{"taxonomy":"product_cat","embeddable":true,"href":"https:\/\/nembutalboutique.com\/pt\/wp-json\/wp\/v2\/product_cat?post=3290"},{"taxonomy":"product_tag","embeddable":true,"href":"https:\/\/nembutalboutique.com\/pt\/wp-json\/wp\/v2\/product_tag?post=3290"}],"curies":[{"name":"wp","href":"https:\/\/api.w.org\/{rel}","templated":true}]}}