{"id":3288,"date":"2024-09-16T08:16:29","date_gmt":"2024-09-16T08:16:29","guid":{"rendered":"https:\/\/nembutalboutique.com\/?post_type=product&#038;p=3288"},"modified":"2024-09-20T08:30:54","modified_gmt":"2024-09-20T08:30:54","slug":"mmb2101","status":"publish","type":"product","link":"https:\/\/nembutalboutique.com\/pt\/produto\/mmb2101-comprar-online\/","title":{"rendered":"MMB2101"},"content":{"rendered":"<h2>Comprar MMB-2101 online<\/h2>\n<p>Esta compra em linha de <a href=\"https:\/\/nembutalboutique.com\/produit\/mmb2101\/\">MMB2101<\/a> refere-se a uma liga\u00e7\u00e3o de can\u00e1bis sint\u00e9tica que faz parte do grupo de liga\u00e7\u00f5es utilizadas na investiga\u00e7\u00e3o. Tal como outros canabin\u00f3ides sint\u00e9ticos, a MMB-2101 destina-se a ser utilizada em investiga\u00e7\u00e3o e em laborat\u00f3rio para estudar os mecanismos do sistema endocanabin\u00f3ide, bem como potenciais utiliza\u00e7\u00f5es m\u00e9dicas. \u00c9 importante ter em conta, no entanto, que ap\u00f3s a minha \u00faltima atualiza\u00e7\u00e3o, pode ter havido altera\u00e7\u00f5es na informa\u00e7\u00e3o relativa a certos produtos qu\u00edmicos. Comprar MMB2101 online.<\/p>\n<p>MMB-2101: Estrutura qu\u00edmica b\u00e1sica: uma vis\u00e3o geral O MMB2101, por vezes conhecido como 5F-MMB-PICA, tem uma estrutura t\u00edpica de can\u00e1bis sint\u00e9tica com um n\u00facleo indolente. A naftalina-1-il(9-pentyl-9H-carbazol-3-yl)metanona \u00e9 a estrutura do composto.<\/p>\n<p>Farmacologia: Canabin\u00f3ides sint\u00e9ticos, tais como <a href=\"https:\/\/en.wikipedia.org\/wiki\/MMB-2201\">MMB-2101<\/a> influenciam o sistema endocanabin\u00f3ide, nomeadamente atrav\u00e9s dos receptores canabin\u00f3ides (CB1 e CB2). Estas intera\u00e7\u00f5es podem ter v\u00e1rios efeitos fisiol\u00f3gicos, como o apetite,<\/p>\n<p>Objectivos da investiga\u00e7\u00e3o: O MMB-2101 \u00e9 produzido essencialmente para fins cient\u00edficos. Utilizando mol\u00e9culas como a MMB-2101, os investigadores estudaram os efeitos dos canabin\u00f3ides sint\u00e9ticos no sistema nervoso central, as suas utiliza\u00e7\u00f5es terap\u00eauticas e os mecanismos do sistema endocanabin\u00f3ide.<\/p>\n<p>Riscos potenciais: A utiliza\u00e7\u00e3o recreativa de canabin\u00f3ides sint\u00e9ticos como o MMB-2101 comporta riscos. Devido \u00e0 sua composi\u00e7\u00e3o imprevis\u00edvel, os efeitos destas drogas podem ser imprevis\u00edveis, levando a reac\u00e7\u00f5es adversas como ataques de ansiedade, alucina\u00e7\u00f5es e problemas de circula\u00e7\u00e3o card\u00edaca. Os danos potenciais associados ao uso recreativo s\u00e3o ainda agravados pela falta de controlo de qualidade durante o fabrico ilegal.<\/p>\n<p>Estatuto legal: Existem diferen\u00e7as na legalidade da compra de MMB2101 e canabin\u00f3ides sint\u00e9ticos relacionados em todo o mundo. Estas drogas s\u00e3o subst\u00e2ncias proibidas em muitos pa\u00edses devido a preocupa\u00e7\u00f5es sobre o seu potencial de utiliza\u00e7\u00e3o indevida e os riscos de sa\u00fade associados.<\/p>\n<p>Considera\u00e7\u00f5es de sa\u00fade: Preocupa\u00e7\u00f5es de sa\u00fade: Foram notificadas reac\u00e7\u00f5es adversas, como n\u00e1useas, v\u00f3mitos, convuls\u00f5es e alucina\u00e7\u00f5es, associadas \u00e0 utiliza\u00e7\u00e3o de canabidiol sint\u00e9tico. As pessoas que utilizaram canabin\u00f3ides sint\u00e9ticos e est\u00e3o a sofrer sintomas graves procuram frequentemente o Notfallkrankenhaus on MMB2101 Online Kaufen.<\/p>","protected":false},"excerpt":{"rendered":"<p>Achetez MMB-2101 en ligne Cet achat en ligne de MMB2101 fait r\u00e9f\u00e9rence \u00e0 une connexion de cannabis synth\u00e9tique qui fait partie du groupe de connexions utilis\u00e9es dans la recherche. Comme d&rsquo;autres cannabino\u00efdes synth\u00e9tiques, le MMB-2101 est destin\u00e9 \u00e0 \u00eatre utilis\u00e9 dans des contextes de recherche et de laboratoire pour \u00e9tudier les m\u00e9canismes du syst\u00e8me endocannabino\u00efde [&hellip;]<\/p>","protected":false},"featured_media":3310,"comment_status":"open","ping_status":"closed","template":"","meta":{"_joinchat":[]},"product_brand":[],"product_cat":[386],"product_tag":[],"class_list":{"0":"post-3288","1":"product","2":"type-product","3":"status-publish","4":"has-post-thumbnail","6":"product_cat-cannabinoids","8":"first","9":"instock","10":"shipping-taxable","11":"purchasable","12":"product-type-variable"},"yoast_head":"<!-- This site is optimized with the Yoast SEO plugin v23.5 - https:\/\/yoast.com\/wordpress\/plugins\/seo\/ -->\n<title>Achetez MMB2101 en ligne - MMB2101 \u00e0 vendre<\/title>\n<meta name=\"description\" content=\"Votre commande de MMB2101 \u00e0 vendre est notre responsabilit\u00e9. Nous prendrons en consid\u00e9ration votre commande d&#039;achat de MMB2101 et vous parviendrons dans un court laps de temps. Passez des commandes group\u00e9es d\u00e8s maintenant !\" \/>\n<meta name=\"robots\" content=\"index, follow, max-snippet:-1, max-image-preview:large, max-video-preview:-1\" \/>\n<link rel=\"canonical\" href=\"https:\/\/nembutalboutique.com\/pt\/produto\/mmb2101-comprar-online\/\" \/>\n<meta property=\"og:locale\" content=\"pt_PT\" \/>\n<meta property=\"og:type\" content=\"article\" \/>\n<meta property=\"og:title\" content=\"Achetez MMB2101 en ligne - MMB2101 \u00e0 vendre\" \/>\n<meta property=\"og:description\" content=\"Votre commande de MMB2101 \u00e0 vendre est notre responsabilit\u00e9. Nous prendrons en consid\u00e9ration votre commande d&#039;achat de MMB2101 et vous parviendrons dans un court laps de temps. Passez des commandes group\u00e9es d\u00e8s maintenant !\" \/>\n<meta property=\"og:url\" content=\"https:\/\/nembutalboutique.com\/pt\/produto\/mmb2101-comprar-online\/\" \/>\n<meta property=\"og:site_name\" content=\"Nembutal Boutique\" \/>\n<meta property=\"article:modified_time\" content=\"2024-09-20T08:30:54+00:00\" \/>\n<meta property=\"og:image\" content=\"https:\/\/nembutalboutique.com\/wp-content\/uploads\/2024\/09\/MMB2101.gif\" \/>\n\t<meta property=\"og:image:width\" content=\"600\" \/>\n\t<meta property=\"og:image:height\" content=\"600\" \/>\n\t<meta property=\"og:image:type\" content=\"image\/gif\" \/>\n<meta name=\"twitter:card\" content=\"summary_large_image\" \/>\n<meta name=\"twitter:label1\" content=\"Tempo estimado de leitura\" \/>\n\t<meta name=\"twitter:data1\" content=\"2 minutos\" \/>\n<script type=\"application\/ld+json\" class=\"yoast-schema-graph\">{\"@context\":\"https:\/\/schema.org\",\"@graph\":[{\"@type\":\"WebPage\",\"@id\":\"https:\/\/nembutalboutique.com\/produit\/mmb2101\/\",\"url\":\"https:\/\/nembutalboutique.com\/produit\/mmb2101\/\",\"name\":\"Achetez MMB2101 en ligne - MMB2101 \u00e0 vendre\",\"isPartOf\":{\"@id\":\"https:\/\/nembutalboutique.com\/#website\"},\"primaryImageOfPage\":{\"@id\":\"https:\/\/nembutalboutique.com\/produit\/mmb2101\/#primaryimage\"},\"image\":{\"@id\":\"https:\/\/nembutalboutique.com\/produit\/mmb2101\/#primaryimage\"},\"thumbnailUrl\":\"https:\/\/nembutalboutique.com\/wp-content\/uploads\/2024\/09\/MMB2101.gif\",\"datePublished\":\"2024-09-16T08:16:29+00:00\",\"dateModified\":\"2024-09-20T08:30:54+00:00\",\"description\":\"Votre commande de MMB2101 \u00e0 vendre est notre responsabilit\u00e9. Nous prendrons en consid\u00e9ration votre commande d'achat de MMB2101 et vous parviendrons dans un court laps de temps. Passez des commandes group\u00e9es d\u00e8s maintenant !\",\"breadcrumb\":{\"@id\":\"https:\/\/nembutalboutique.com\/produit\/mmb2101\/#breadcrumb\"},\"inLanguage\":\"pt-PT\",\"potentialAction\":[{\"@type\":\"ReadAction\",\"target\":[\"https:\/\/nembutalboutique.com\/produit\/mmb2101\/\"]}]},{\"@type\":\"ImageObject\",\"inLanguage\":\"pt-PT\",\"@id\":\"https:\/\/nembutalboutique.com\/produit\/mmb2101\/#primaryimage\",\"url\":\"https:\/\/nembutalboutique.com\/wp-content\/uploads\/2024\/09\/MMB2101.gif\",\"contentUrl\":\"https:\/\/nembutalboutique.com\/wp-content\/uploads\/2024\/09\/MMB2101.gif\",\"width\":600,\"height\":600,\"caption\":\"Acheter MMB2101.gif\"},{\"@type\":\"BreadcrumbList\",\"@id\":\"https:\/\/nembutalboutique.com\/produit\/mmb2101\/#breadcrumb\",\"itemListElement\":[{\"@type\":\"ListItem\",\"position\":1,\"name\":\"Home\",\"item\":\"https:\/\/nembutalboutique.com\/\"},{\"@type\":\"ListItem\",\"position\":2,\"name\":\"Boutique\",\"item\":\"https:\/\/nembutalboutique.com\/shop\/\"},{\"@type\":\"ListItem\",\"position\":3,\"name\":\"MMB2101\"}]},{\"@type\":\"WebSite\",\"@id\":\"https:\/\/nembutalboutique.com\/#website\",\"url\":\"https:\/\/nembutalboutique.com\/\",\"name\":\"Nembutal Boutique\",\"description\":\"My WordPress Blog\",\"publisher\":{\"@id\":\"https:\/\/nembutalboutique.com\/#organization\"},\"potentialAction\":[{\"@type\":\"SearchAction\",\"target\":{\"@type\":\"EntryPoint\",\"urlTemplate\":\"https:\/\/nembutalboutique.com\/?s={search_term_string}\"},\"query-input\":{\"@type\":\"PropertyValueSpecification\",\"valueRequired\":true,\"valueName\":\"search_term_string\"}}],\"inLanguage\":\"pt-PT\"},{\"@type\":\"Organization\",\"@id\":\"https:\/\/nembutalboutique.com\/#organization\",\"name\":\"Nembutal Boutique\",\"url\":\"https:\/\/nembutalboutique.com\/\",\"logo\":{\"@type\":\"ImageObject\",\"inLanguage\":\"pt-PT\",\"@id\":\"https:\/\/nembutalboutique.com\/#\/schema\/logo\/image\/\",\"url\":\"https:\/\/nembutalboutique.com\/wp-content\/uploads\/2024\/01\/logo.png\",\"contentUrl\":\"https:\/\/nembutalboutique.com\/wp-content\/uploads\/2024\/01\/logo.png\",\"width\":494,\"height\":121,\"caption\":\"Nembutal Boutique\"},\"image\":{\"@id\":\"https:\/\/nembutalboutique.com\/#\/schema\/logo\/image\/\"}}]}<\/script>\n<!-- \/ Yoast SEO plugin. -->","yoast_head_json":{"title":"Comprar MMB2101 online - MMB2101 para venda","description":"A sua encomenda de MMB2101 para venda \u00e9 da nossa responsabilidade. Vamos considerar o seu pedido de compra de MMB2101 e entraremos em contacto consigo num curto espa\u00e7o de tempo. Fa\u00e7a j\u00e1 as suas encomendas por grosso!","robots":{"index":"index","follow":"follow","max-snippet":"max-snippet:-1","max-image-preview":"max-image-preview:large","max-video-preview":"max-video-preview:-1"},"canonical":"https:\/\/nembutalboutique.com\/pt\/produto\/mmb2101-comprar-online\/","og_locale":"pt_PT","og_type":"article","og_title":"Achetez MMB2101 en ligne - MMB2101 \u00e0 vendre","og_description":"Votre commande de MMB2101 \u00e0 vendre est notre responsabilit\u00e9. Nous prendrons en consid\u00e9ration votre commande d'achat de MMB2101 et vous parviendrons dans un court laps de temps. Passez des commandes group\u00e9es d\u00e8s maintenant !","og_url":"https:\/\/nembutalboutique.com\/pt\/produto\/mmb2101-comprar-online\/","og_site_name":"Nembutal Boutique","article_modified_time":"2024-09-20T08:30:54+00:00","og_image":[{"width":600,"height":600,"url":"https:\/\/nembutalboutique.com\/wp-content\/uploads\/2024\/09\/MMB2101.gif","type":"image\/gif"}],"twitter_card":"summary_large_image","twitter_misc":{"Tempo estimado de leitura":"2 minutos"},"schema":{"@context":"https:\/\/schema.org","@graph":[{"@type":"WebPage","@id":"https:\/\/nembutalboutique.com\/produit\/mmb2101\/","url":"https:\/\/nembutalboutique.com\/produit\/mmb2101\/","name":"Comprar MMB2101 online - MMB2101 para venda","isPartOf":{"@id":"https:\/\/nembutalboutique.com\/#website"},"primaryImageOfPage":{"@id":"https:\/\/nembutalboutique.com\/produit\/mmb2101\/#primaryimage"},"image":{"@id":"https:\/\/nembutalboutique.com\/produit\/mmb2101\/#primaryimage"},"thumbnailUrl":"https:\/\/nembutalboutique.com\/wp-content\/uploads\/2024\/09\/MMB2101.gif","datePublished":"2024-09-16T08:16:29+00:00","dateModified":"2024-09-20T08:30:54+00:00","description":"A sua encomenda de MMB2101 para venda \u00e9 da nossa responsabilidade. Vamos considerar o seu pedido de compra de MMB2101 e entraremos em contacto consigo num curto espa\u00e7o de tempo. Fa\u00e7a j\u00e1 as suas encomendas por grosso!","breadcrumb":{"@id":"https:\/\/nembutalboutique.com\/produit\/mmb2101\/#breadcrumb"},"inLanguage":"pt-PT","potentialAction":[{"@type":"ReadAction","target":["https:\/\/nembutalboutique.com\/produit\/mmb2101\/"]}]},{"@type":"ImageObject","inLanguage":"pt-PT","@id":"https:\/\/nembutalboutique.com\/produit\/mmb2101\/#primaryimage","url":"https:\/\/nembutalboutique.com\/wp-content\/uploads\/2024\/09\/MMB2101.gif","contentUrl":"https:\/\/nembutalboutique.com\/wp-content\/uploads\/2024\/09\/MMB2101.gif","width":600,"height":600,"caption":"Acheter MMB2101.gif"},{"@type":"BreadcrumbList","@id":"https:\/\/nembutalboutique.com\/produit\/mmb2101\/#breadcrumb","itemListElement":[{"@type":"ListItem","position":1,"name":"Home","item":"https:\/\/nembutalboutique.com\/"},{"@type":"ListItem","position":2,"name":"Boutique","item":"https:\/\/nembutalboutique.com\/shop\/"},{"@type":"ListItem","position":3,"name":"MMB2101"}]},{"@type":"WebSite","@id":"https:\/\/nembutalboutique.com\/#website","url":"https:\/\/nembutalboutique.com\/","name":"Nembutal Boutique","description":"O meu blogue WordPress","publisher":{"@id":"https:\/\/nembutalboutique.com\/#organization"},"potentialAction":[{"@type":"SearchAction","target":{"@type":"EntryPoint","urlTemplate":"https:\/\/nembutalboutique.com\/?s={search_term_string}"},"query-input":{"@type":"PropertyValueSpecification","valueRequired":true,"valueName":"search_term_string"}}],"inLanguage":"pt-PT"},{"@type":"Organization","@id":"https:\/\/nembutalboutique.com\/#organization","name":"Nembutal Boutique","url":"https:\/\/nembutalboutique.com\/","logo":{"@type":"ImageObject","inLanguage":"pt-PT","@id":"https:\/\/nembutalboutique.com\/#\/schema\/logo\/image\/","url":"https:\/\/nembutalboutique.com\/wp-content\/uploads\/2024\/01\/logo.png","contentUrl":"https:\/\/nembutalboutique.com\/wp-content\/uploads\/2024\/01\/logo.png","width":494,"height":121,"caption":"Nembutal Boutique"},"image":{"@id":"https:\/\/nembutalboutique.com\/#\/schema\/logo\/image\/"}}]}},"_links":{"self":[{"href":"https:\/\/nembutalboutique.com\/pt\/wp-json\/wp\/v2\/product\/3288"}],"collection":[{"href":"https:\/\/nembutalboutique.com\/pt\/wp-json\/wp\/v2\/product"}],"about":[{"href":"https:\/\/nembutalboutique.com\/pt\/wp-json\/wp\/v2\/types\/product"}],"replies":[{"embeddable":true,"href":"https:\/\/nembutalboutique.com\/pt\/wp-json\/wp\/v2\/comments?post=3288"}],"wp:featuredmedia":[{"embeddable":true,"href":"https:\/\/nembutalboutique.com\/pt\/wp-json\/wp\/v2\/media\/3310"}],"wp:attachment":[{"href":"https:\/\/nembutalboutique.com\/pt\/wp-json\/wp\/v2\/media?parent=3288"}],"wp:term":[{"taxonomy":"product_brand","embeddable":true,"href":"https:\/\/nembutalboutique.com\/pt\/wp-json\/wp\/v2\/product_brand?post=3288"},{"taxonomy":"product_cat","embeddable":true,"href":"https:\/\/nembutalboutique.com\/pt\/wp-json\/wp\/v2\/product_cat?post=3288"},{"taxonomy":"product_tag","embeddable":true,"href":"https:\/\/nembutalboutique.com\/pt\/wp-json\/wp\/v2\/product_tag?post=3288"}],"curies":[{"name":"wp","href":"https:\/\/api.w.org\/{rel}","templated":true}]}}