{"id":3123,"date":"2024-09-16T08:15:14","date_gmt":"2024-09-16T08:15:14","guid":{"rendered":"https:\/\/nembutalboutique.com\/?post_type=product&#038;p=3123"},"modified":"2024-09-20T09:39:46","modified_gmt":"2024-09-20T09:39:46","slug":"eth-lad","status":"publish","type":"product","link":"https:\/\/nembutalboutique.com\/pt\/produto\/comprar-eth-lad-online\/","title":{"rendered":"ETH LAD"},"content":{"rendered":"<h2>Comprar ETH-LAD-PULVER online<\/h2>\n<p>Comprar ETH-LAD, 1 (6aR,9R)-N,N-diethyl-7-ethyl-4,6,6a,7,8,9- \u00e9 outro nome para ETH-LAD-PULVER.<\/p>\n<p>A hexa-hidro[4,3-fg]indolo-chinolin-9-carboxamida \u00e9 um material que pertence ao grupo das lisergamidas.<\/p>\n<p>Dado que <a href=\"https:\/\/nembutalboutique.com\/produit\/eth-lad\/\">ETH-LAD<\/a>um an\u00e1logo do LSD, n\u00e3o estava anteriormente dispon\u00edvel para a comunidade cient\u00edfica, existem agora numerosas oportunidades para estudar as suas propriedades.<\/p>\n<p>Nos anos 70, uma equipa de investiga\u00e7\u00e3o japonesa sintetizou pela primeira vez o ETH-LAD, que Alexander Shulgin publicou posteriormente no seu livro TiHKAL.<\/p>\n<p>Este produto destina-se a ser utilizado apenas em ambientes de investiga\u00e7\u00e3o laboratorial. Qualquer pessoa que utilize este produto \u00e9 aconselhada a adquirir um ETH-LAD, a utilizar equipamento de prote\u00e7\u00e3o adequado e a seguir os procedimentos de seguran\u00e7a padr\u00e3o.<\/p>\n<p>Desaconselhamos vivamente a sua utiliza\u00e7\u00e3o para consumo humano; consulte imediatamente um m\u00e9dico se tiver algum problema. 6-Etil-6-nor-Lysergs\u00e4urediethylamid, tamb\u00e9m conhecido como<a href=\"https:\/\/en.wikipedia.org\/wiki\/ETH-LAD\">ETH-LAD<\/a>.<br \/>\nINFORMA\u00c7\u00d5ES SOBRE OS BLOTTERS DE AL-LAD 150MCG<br \/>\nOs blotters AL-LAD s\u00e3o subst\u00e2ncias qu\u00edmicas de investiga\u00e7\u00e3o que foram comparadas ao LSD. A lisergamida com propriedades psicad\u00e9licas \u00e9 a AL-LAD (Lysergs\u00e4urediethylamid). A RC \u00e9 comparada ao LSD<\/p>\n<p>Est\u00e1 a comprar mata-borr\u00e3o? Estes s\u00f3 devem ser utilizados para fins de investiga\u00e7\u00e3o.<\/p>\n<p><strong>COMENT\u00c1RIOS DE WEISSZETTEL:<\/strong><\/p>\n<p>Comprar blotters de 100 mcg com ETH-LAD. Podem ocorrer reac\u00e7\u00f5es respirat\u00f3rias e oculares. Nunca libertar produtos qu\u00edmicos de investiga\u00e7\u00e3o para o ambiente.<\/p>","protected":false},"excerpt":{"rendered":"<p>Achetez ETH-LAD-PULVER en ligne Achetez ETH-LAD, 1 (6aR,9R)-N,N-di\u00e9thyl-7-\u00e9thyl-4,6,6a,7,8,9- est un autre nom pour ETH-LAD-PULVER. L&rsquo;hexahydro[4,3-fg]indolo-chinolin-9-carboxamide est un mat\u00e9riau qui fait partie du groupe des lysergamides. \u00c9tant donn\u00e9 que l&rsquo;ETH-LAD, un analogue du LSD, n&rsquo;\u00e9tait pas auparavant disponible pour la communaut\u00e9 scientifique, il existe d\u00e9sormais de nombreuses possibilit\u00e9s d&rsquo;\u00e9tudier ses propri\u00e9t\u00e9s. Dans les ann\u00e9es 1970, une [&hellip;]<\/p>","protected":false},"featured_media":3142,"comment_status":"open","ping_status":"closed","template":"","meta":{"_joinchat":[]},"product_brand":[],"product_cat":[385],"product_tag":[],"class_list":{"0":"post-3123","1":"product","2":"type-product","3":"status-publish","4":"has-post-thumbnail","6":"product_cat-forschung-schemikalien","8":"first","9":"instock","10":"shipping-taxable","11":"purchasable","12":"product-type-variable"},"yoast_head":"<!-- This site is optimized with the Yoast SEO plugin v23.5 - https:\/\/yoast.com\/wordpress\/plugins\/seo\/ -->\n<title>Acheter ETH Lad en ligne - ETH Lad \u00e0 vendre<\/title>\n<meta name=\"description\" content=\"Vous souhaitez approfondir vos recherches ? Achetez ETH Lad de mani\u00e8re pratique et s\u00e9curis\u00e9e en ligne, avec un processus de commande simple pour ETH Lad \u00e0 vendre. Explorez les possibilit\u00e9s et achetez ETH Lad en ligne pour vos efforts de recherche d\u00e8s aujourd&#039;hui.\" \/>\n<meta name=\"robots\" content=\"index, follow, max-snippet:-1, max-image-preview:large, max-video-preview:-1\" \/>\n<link rel=\"canonical\" href=\"https:\/\/nembutalboutique.com\/pt\/produto\/comprar-eth-lad-online\/\" \/>\n<meta property=\"og:locale\" content=\"pt_PT\" \/>\n<meta property=\"og:type\" content=\"article\" \/>\n<meta property=\"og:title\" content=\"Acheter ETH Lad en ligne - ETH Lad \u00e0 vendre\" \/>\n<meta property=\"og:description\" content=\"Vous souhaitez approfondir vos recherches ? Achetez ETH Lad de mani\u00e8re pratique et s\u00e9curis\u00e9e en ligne, avec un processus de commande simple pour ETH Lad \u00e0 vendre. Explorez les possibilit\u00e9s et achetez ETH Lad en ligne pour vos efforts de recherche d\u00e8s aujourd&#039;hui.\" \/>\n<meta property=\"og:url\" content=\"https:\/\/nembutalboutique.com\/pt\/produto\/comprar-eth-lad-online\/\" \/>\n<meta property=\"og:site_name\" content=\"Nembutal Boutique\" \/>\n<meta property=\"article:modified_time\" content=\"2024-09-20T09:39:46+00:00\" \/>\n<meta property=\"og:image\" content=\"https:\/\/nembutalboutique.com\/wp-content\/uploads\/2024\/09\/ETH-LAD.gif\" \/>\n\t<meta property=\"og:image:width\" content=\"600\" \/>\n\t<meta property=\"og:image:height\" content=\"600\" \/>\n\t<meta property=\"og:image:type\" content=\"image\/gif\" \/>\n<meta name=\"twitter:card\" content=\"summary_large_image\" \/>\n<meta name=\"twitter:label1\" content=\"Tempo estimado de leitura\" \/>\n\t<meta name=\"twitter:data1\" content=\"2 minutos\" \/>\n<script type=\"application\/ld+json\" class=\"yoast-schema-graph\">{\"@context\":\"https:\/\/schema.org\",\"@graph\":[{\"@type\":\"WebPage\",\"@id\":\"https:\/\/nembutalboutique.com\/produit\/eth-lad\/\",\"url\":\"https:\/\/nembutalboutique.com\/produit\/eth-lad\/\",\"name\":\"Acheter ETH Lad en ligne - ETH Lad \u00e0 vendre\",\"isPartOf\":{\"@id\":\"https:\/\/nembutalboutique.com\/#website\"},\"primaryImageOfPage\":{\"@id\":\"https:\/\/nembutalboutique.com\/produit\/eth-lad\/#primaryimage\"},\"image\":{\"@id\":\"https:\/\/nembutalboutique.com\/produit\/eth-lad\/#primaryimage\"},\"thumbnailUrl\":\"https:\/\/nembutalboutique.com\/wp-content\/uploads\/2024\/09\/ETH-LAD.gif\",\"datePublished\":\"2024-09-16T08:15:14+00:00\",\"dateModified\":\"2024-09-20T09:39:46+00:00\",\"description\":\"Vous souhaitez approfondir vos recherches ? Achetez ETH Lad de mani\u00e8re pratique et s\u00e9curis\u00e9e en ligne, avec un processus de commande simple pour ETH Lad \u00e0 vendre. Explorez les possibilit\u00e9s et achetez ETH Lad en ligne pour vos efforts de recherche d\u00e8s aujourd'hui.\",\"breadcrumb\":{\"@id\":\"https:\/\/nembutalboutique.com\/produit\/eth-lad\/#breadcrumb\"},\"inLanguage\":\"pt-PT\",\"potentialAction\":[{\"@type\":\"ReadAction\",\"target\":[\"https:\/\/nembutalboutique.com\/produit\/eth-lad\/\"]}]},{\"@type\":\"ImageObject\",\"inLanguage\":\"pt-PT\",\"@id\":\"https:\/\/nembutalboutique.com\/produit\/eth-lad\/#primaryimage\",\"url\":\"https:\/\/nembutalboutique.com\/wp-content\/uploads\/2024\/09\/ETH-LAD.gif\",\"contentUrl\":\"https:\/\/nembutalboutique.com\/wp-content\/uploads\/2024\/09\/ETH-LAD.gif\",\"width\":600,\"height\":600,\"caption\":\"Acheter ETH-LAD.gif\"},{\"@type\":\"BreadcrumbList\",\"@id\":\"https:\/\/nembutalboutique.com\/produit\/eth-lad\/#breadcrumb\",\"itemListElement\":[{\"@type\":\"ListItem\",\"position\":1,\"name\":\"Home\",\"item\":\"https:\/\/nembutalboutique.com\/\"},{\"@type\":\"ListItem\",\"position\":2,\"name\":\"Boutique\",\"item\":\"https:\/\/nembutalboutique.com\/shop\/\"},{\"@type\":\"ListItem\",\"position\":3,\"name\":\"ETH LAD\"}]},{\"@type\":\"WebSite\",\"@id\":\"https:\/\/nembutalboutique.com\/#website\",\"url\":\"https:\/\/nembutalboutique.com\/\",\"name\":\"Nembutal Boutique\",\"description\":\"My WordPress Blog\",\"publisher\":{\"@id\":\"https:\/\/nembutalboutique.com\/#organization\"},\"potentialAction\":[{\"@type\":\"SearchAction\",\"target\":{\"@type\":\"EntryPoint\",\"urlTemplate\":\"https:\/\/nembutalboutique.com\/?s={search_term_string}\"},\"query-input\":{\"@type\":\"PropertyValueSpecification\",\"valueRequired\":true,\"valueName\":\"search_term_string\"}}],\"inLanguage\":\"pt-PT\"},{\"@type\":\"Organization\",\"@id\":\"https:\/\/nembutalboutique.com\/#organization\",\"name\":\"Nembutal Boutique\",\"url\":\"https:\/\/nembutalboutique.com\/\",\"logo\":{\"@type\":\"ImageObject\",\"inLanguage\":\"pt-PT\",\"@id\":\"https:\/\/nembutalboutique.com\/#\/schema\/logo\/image\/\",\"url\":\"https:\/\/nembutalboutique.com\/wp-content\/uploads\/2024\/01\/logo.png\",\"contentUrl\":\"https:\/\/nembutalboutique.com\/wp-content\/uploads\/2024\/01\/logo.png\",\"width\":494,\"height\":121,\"caption\":\"Nembutal Boutique\"},\"image\":{\"@id\":\"https:\/\/nembutalboutique.com\/#\/schema\/logo\/image\/\"}}]}<\/script>\n<!-- \/ Yoast SEO plugin. -->","yoast_head_json":{"title":"Comprar ETH Lad online - ETH Lad para venda","description":"Gostaria de saber mais? Compre ETH Lad de forma conveniente e segura online, com um processo de encomenda simples para ETH Lad para venda. Explore as possibilidades e compre ETH Lad online para os seus esfor\u00e7os de investiga\u00e7\u00e3o hoje mesmo.","robots":{"index":"index","follow":"follow","max-snippet":"max-snippet:-1","max-image-preview":"max-image-preview:large","max-video-preview":"max-video-preview:-1"},"canonical":"https:\/\/nembutalboutique.com\/pt\/produto\/comprar-eth-lad-online\/","og_locale":"pt_PT","og_type":"article","og_title":"Acheter ETH Lad en ligne - ETH Lad \u00e0 vendre","og_description":"Vous souhaitez approfondir vos recherches ? Achetez ETH Lad de mani\u00e8re pratique et s\u00e9curis\u00e9e en ligne, avec un processus de commande simple pour ETH Lad \u00e0 vendre. Explorez les possibilit\u00e9s et achetez ETH Lad en ligne pour vos efforts de recherche d\u00e8s aujourd'hui.","og_url":"https:\/\/nembutalboutique.com\/pt\/produto\/comprar-eth-lad-online\/","og_site_name":"Nembutal Boutique","article_modified_time":"2024-09-20T09:39:46+00:00","og_image":[{"width":600,"height":600,"url":"https:\/\/nembutalboutique.com\/wp-content\/uploads\/2024\/09\/ETH-LAD.gif","type":"image\/gif"}],"twitter_card":"summary_large_image","twitter_misc":{"Tempo estimado de leitura":"2 minutos"},"schema":{"@context":"https:\/\/schema.org","@graph":[{"@type":"WebPage","@id":"https:\/\/nembutalboutique.com\/produit\/eth-lad\/","url":"https:\/\/nembutalboutique.com\/produit\/eth-lad\/","name":"Comprar ETH Lad online - ETH Lad para venda","isPartOf":{"@id":"https:\/\/nembutalboutique.com\/#website"},"primaryImageOfPage":{"@id":"https:\/\/nembutalboutique.com\/produit\/eth-lad\/#primaryimage"},"image":{"@id":"https:\/\/nembutalboutique.com\/produit\/eth-lad\/#primaryimage"},"thumbnailUrl":"https:\/\/nembutalboutique.com\/wp-content\/uploads\/2024\/09\/ETH-LAD.gif","datePublished":"2024-09-16T08:15:14+00:00","dateModified":"2024-09-20T09:39:46+00:00","description":"Gostaria de saber mais? Compre ETH Lad de forma conveniente e segura online, com um processo de encomenda simples para ETH Lad para venda. Explore as possibilidades e compre ETH Lad online para os seus esfor\u00e7os de investiga\u00e7\u00e3o hoje mesmo.","breadcrumb":{"@id":"https:\/\/nembutalboutique.com\/produit\/eth-lad\/#breadcrumb"},"inLanguage":"pt-PT","potentialAction":[{"@type":"ReadAction","target":["https:\/\/nembutalboutique.com\/produit\/eth-lad\/"]}]},{"@type":"ImageObject","inLanguage":"pt-PT","@id":"https:\/\/nembutalboutique.com\/produit\/eth-lad\/#primaryimage","url":"https:\/\/nembutalboutique.com\/wp-content\/uploads\/2024\/09\/ETH-LAD.gif","contentUrl":"https:\/\/nembutalboutique.com\/wp-content\/uploads\/2024\/09\/ETH-LAD.gif","width":600,"height":600,"caption":"Acheter ETH-LAD.gif"},{"@type":"BreadcrumbList","@id":"https:\/\/nembutalboutique.com\/produit\/eth-lad\/#breadcrumb","itemListElement":[{"@type":"ListItem","position":1,"name":"Home","item":"https:\/\/nembutalboutique.com\/"},{"@type":"ListItem","position":2,"name":"Boutique","item":"https:\/\/nembutalboutique.com\/shop\/"},{"@type":"ListItem","position":3,"name":"ETH LAD"}]},{"@type":"WebSite","@id":"https:\/\/nembutalboutique.com\/#website","url":"https:\/\/nembutalboutique.com\/","name":"Nembutal Boutique","description":"O meu blogue WordPress","publisher":{"@id":"https:\/\/nembutalboutique.com\/#organization"},"potentialAction":[{"@type":"SearchAction","target":{"@type":"EntryPoint","urlTemplate":"https:\/\/nembutalboutique.com\/?s={search_term_string}"},"query-input":{"@type":"PropertyValueSpecification","valueRequired":true,"valueName":"search_term_string"}}],"inLanguage":"pt-PT"},{"@type":"Organization","@id":"https:\/\/nembutalboutique.com\/#organization","name":"Nembutal Boutique","url":"https:\/\/nembutalboutique.com\/","logo":{"@type":"ImageObject","inLanguage":"pt-PT","@id":"https:\/\/nembutalboutique.com\/#\/schema\/logo\/image\/","url":"https:\/\/nembutalboutique.com\/wp-content\/uploads\/2024\/01\/logo.png","contentUrl":"https:\/\/nembutalboutique.com\/wp-content\/uploads\/2024\/01\/logo.png","width":494,"height":121,"caption":"Nembutal Boutique"},"image":{"@id":"https:\/\/nembutalboutique.com\/#\/schema\/logo\/image\/"}}]}},"_links":{"self":[{"href":"https:\/\/nembutalboutique.com\/pt\/wp-json\/wp\/v2\/product\/3123"}],"collection":[{"href":"https:\/\/nembutalboutique.com\/pt\/wp-json\/wp\/v2\/product"}],"about":[{"href":"https:\/\/nembutalboutique.com\/pt\/wp-json\/wp\/v2\/types\/product"}],"replies":[{"embeddable":true,"href":"https:\/\/nembutalboutique.com\/pt\/wp-json\/wp\/v2\/comments?post=3123"}],"wp:featuredmedia":[{"embeddable":true,"href":"https:\/\/nembutalboutique.com\/pt\/wp-json\/wp\/v2\/media\/3142"}],"wp:attachment":[{"href":"https:\/\/nembutalboutique.com\/pt\/wp-json\/wp\/v2\/media?parent=3123"}],"wp:term":[{"taxonomy":"product_brand","embeddable":true,"href":"https:\/\/nembutalboutique.com\/pt\/wp-json\/wp\/v2\/product_brand?post=3123"},{"taxonomy":"product_cat","embeddable":true,"href":"https:\/\/nembutalboutique.com\/pt\/wp-json\/wp\/v2\/product_cat?post=3123"},{"taxonomy":"product_tag","embeddable":true,"href":"https:\/\/nembutalboutique.com\/pt\/wp-json\/wp\/v2\/product_tag?post=3123"}],"curies":[{"name":"wp","href":"https:\/\/api.w.org\/{rel}","templated":true}]}}