{"id":3061,"date":"2024-09-16T08:14:38","date_gmt":"2024-09-16T08:14:38","guid":{"rendered":"https:\/\/nembutalboutique.com\/?post_type=product&#038;p=3061"},"modified":"2025-04-13T18:14:54","modified_gmt":"2025-04-13T18:14:54","slug":"5-meo-dalt","status":"publish","type":"product","link":"https:\/\/nembutalboutique.com\/pt\/produto\/comprar-5-meo-dalt-online\/","title":{"rendered":"5-MeO-DALT"},"content":{"rendered":"<h2>Comprar a apresenta\u00e7\u00e3o 5-MEO-DALT online.<\/h2>\n<p>Compre o seu <a href=\"https:\/\/nembutalboutique.com\/produit\/5-meo-dalt\/\">5-MEO-DALT<\/a> online aqui : Em maio de 2004, Alexander Shulgin tornou-se a primeira pessoa a sintetizar o 5-MeO-DALT, tamb\u00e9m conhecido como N,N-Dialil-5-metoxitriptamina, um derivado psicad\u00e9lico da triptamina.<\/p>\n<p>Tornou-se cada vez mais popular nos \u00faltimos anos como ingrediente do \"Badesalzen\", que actua diretamente nos receptores de monoamina para produzir os seus efeitos euf\u00f3ricos. Este efeito \u00e9 semelhante ao da 3,4-metilendioxianfetamina. A carateriza\u00e7\u00e3o completa das actividades fisiol\u00f3gicas do 5-meo-DALT que s\u00e3o induzidas a n\u00edvel neurol\u00f3gico, toxicol\u00f3gico e toxicol\u00f3gico continua incompleta.<\/p>\n<h3>5. DALT- ou MeO-Tabakonsum<\/h3>\n<p>A meia-vida da vitamina <a href=\"https:\/\/en.wikipedia.org\/wiki\/5-MeO-DALT\">5-MeO-DALT<\/a> \u00e9 curto. Est\u00e1 mais frequentemente dispon\u00edvel sob a forma de p\u00f3, que pode ser tomado por via oral ou t\u00f3pica.<\/p>\n<p>5-Meto-Dalt ou Dosagem (e aplica\u00e7\u00e3o) de DALT<br \/>\nO investigador tomou frequentemente doses de 12 a 20 mg. O limiar \u00e9 de 4 a 5 mg, a sensa\u00e7\u00e3o \u00e9 ligeira com 5 a 8 mg, comum com 12 a 25 mg e forte com 25 mg. 5. MeO-DALT ou DALT-Begnung (Neutraliza\u00e7\u00e3o)<\/p>\n<p>5. MeO-DALT (tamb\u00e9m conhecido como DALT-Erlebnis): atinge o seu pico assim que \u00e9 consumido, tal como outros qu\u00edmicos psicoactivos, e cria uma emo\u00e7\u00e3o induzida. \u00c9 espantoso como o corpo e a mente reagem \u00e0 droga. Pode sentir-se uma imensa felicidade ou euforia. Al\u00e9m disso, d\u00e1 ao utilizador uma sensa\u00e7\u00e3o vibrante e energizante. Como resultado, os clientes estabelecem mais liga\u00e7\u00f5es e envolvem-se em mais experi\u00eancias. No entanto, dependendo do ambiente em que o utilizador se encontra, a subst\u00e2ncia tamb\u00e9m pode causar confus\u00e3o e frustra\u00e7\u00e3o.<\/p>\n<p>Comprar 5-MEO-DALT online O efeito do DALT atinge o seu pico ap\u00f3s as primeiras tr\u00eas horas de ingest\u00e3o, desvanecendo-se depois. Em geral, o efeito dura at\u00e9 oito horas. No entanto, depois de passados os efeitos iniciais, instala-se uma sensa\u00e7\u00e3o de depress\u00e3o que dura v\u00e1rias horas.<\/p>\n<p>Comprar 5-MEO-DALT online Se o 5-MeO-DALT estiver no seu auge, pode causar ansiedade e paranoia no comprador. O seu elevado n\u00edvel de consci\u00eancia combinado com um ligeiro desconforto f\u00edsico pode causar paranoia. Muitos mencionaram que t\u00eam um pesco\u00e7o grosso. Quando o c\u00e9rebro \u00e9 afetado psicoactivamente, surge um estado de esp\u00edrito concentrado, otimista e simp\u00e1tico. O cliente apresenta um estado emocional favor\u00e1vel ou neutro. Esta situa\u00e7\u00e3o pode evoluir para uma fase inicial de disforia. Alguns dos efeitos visuais produzidos pelo DALT s\u00e3o imagens fantasmag\u00f3ricas que consistem em linhas onduladas com extremidades longas e sem corte.<\/p>\n<p>\u00c9 ineficaz para proporcionar a experi\u00eancia intensamente euf\u00f3rica de outras drogas bem conhecidas, como a MD-MA. \u00c9 menos exigente do ponto de vista f\u00edsico e emocional do que a MD-MA, mas \u00e9 mais apelativa do ponto de vista visual.<\/p>\n<h3>5. An\u00e1lise MeO-DALT- ou DALT-<\/h3>\n<p>\u00c9 dif\u00edcil para algu\u00e9m que consome regularmente subst\u00e2ncias psicad\u00e9licas sentir-se pedrado ou euf\u00f3rico no in\u00edcio, mas rapidamente sentir\u00e1 a \"moca\" que a MDMA provoca. At\u00e9 \u00e0 data, n\u00e3o foram documentados casos de efeitos secund\u00e1rios como n\u00e1useas.<\/p>\n<h3>5-meO-DALT vs 5-meO-mipt<\/h3>\n<p>Comprar 5-MEO-DALT online Cada vez mais membros dos maiores f\u00f3runs preferem 5-meo-mipt a 5-meo-dalt; ambos s\u00e3o apenas sugest\u00f5es, e os utilizadores podem decidir qual \u00e9 o mais apropriado. Em maio de 2004, Alexander Shulgin criou o 5-MeO-DALT, tamb\u00e9m conhecido como N,N-Diallyl-5-methoxytryptamine, um derivado alucinog\u00e9nico do triptamandro.<\/p>\n<p>Atualmente, \u00e9 frequentemente utilizado como ingrediente em \"sais de banho\", que actuam diretamente nos receptores de monoamina para produzir um efeito euf\u00f3rico. A carateriza\u00e7\u00e3o completa das actividades neurol\u00f3gicas, toxicol\u00f3gicas e fisiol\u00f3gicas do 5-meo-DALT est\u00e1 ainda em curso.<\/p>\n<h3>5. Consumo de tabaco DALT ou MeO<\/h3>\n<p>A vitamina 5-MeO-DALT tem uma semi-vida curta. Est\u00e1 mais frequentemente dispon\u00edvel na forma de p\u00f3, que pode ser tomado por via oral ou t\u00f3pica.<\/p>\n<h3>5-Meto-Dalt ou Dosagem (e aplica\u00e7\u00e3o) de DALT<\/h3>\n<p>O investigador tomou frequentemente doses de 12 a 20 mg. O limiar \u00e9 de 4 a 5 mg, a sensa\u00e7\u00e3o \u00e9 ligeira com 5-8 mg, comum com 12-25 mg e forte com 25 mg.<\/p>\n<p>Comprar 5-MEO-DALT online. O efeito do DALT atinge o seu pico ap\u00f3s as primeiras tr\u00eas horas de ingest\u00e3o e depois desaparece. O efeito completo dura at\u00e9 oito horas. No entanto, depois de passados os efeitos iniciais, instala-se uma sensa\u00e7\u00e3o de depress\u00e3o que dura v\u00e1rias horas.<\/p>\n<p>Comprar 5-MEO-DALT online Se o 5-MeO-DALT estiver no seu auge, pode causar ansiedade e paranoia no comprador. O seu elevado n\u00edvel de consci\u00eancia combinado com um ligeiro desconforto f\u00edsico pode causar paranoia. Muitos mencionaram que t\u00eam um pesco\u00e7o grosso. Quando o c\u00e9rebro \u00e9 afetado psicoactivamente, surge uma mentalidade concentrada, otimista e simp\u00e1tica. O cliente apresenta um estado emocional favor\u00e1vel ou neutro. Este pode evoluir para um estado disf\u00f3rico prematuro. Alguns dos efeitos visuais produzidos pelo DALT s\u00e3o imagens fantasmag\u00f3ricas que consistem em linhas bem definidas com extremidades longas e sem corte.<br \/>\n\u00c9 ineficaz para proporcionar a experi\u00eancia intensamente euf\u00f3rica de outras drogas bem conhecidas, como a MD-MA. \u00c9 menos exigente do ponto de vista f\u00edsico e emocional do que a MD-MA, mas \u00e9 mais apelativa do ponto de vista visual.<\/p>","protected":false},"excerpt":{"rendered":"<p>Achetez la pr\u00e9sentation en ligne de 5-MEO-DALT. Achetez votre 5-MEO-DALT en ligne ici : En mai 2004, Alexander Shulgin est devenu le premier \u00e0 synth\u00e9tiser le 5-MeO-DALT, \u00e9galement connu sous le nom de N,N-Diallyl-5-m\u00e9thoxytryptamine, un d\u00e9riv\u00e9 psych\u00e9d\u00e9lique de la tryptamine. Il est devenu de plus en plus populaire ces derni\u00e8res ann\u00e9es en tant qu&rsquo;ingr\u00e9dient des [&hellip;]<\/p>","protected":false},"featured_media":3076,"comment_status":"open","ping_status":"closed","template":"","meta":{"_joinchat":[]},"product_brand":[],"product_cat":[385],"product_tag":[513],"class_list":{"0":"post-3061","1":"product","2":"type-product","3":"status-publish","4":"has-post-thumbnail","6":"product_cat-forschung-schemikalien","7":"product_tag-foxtrot-online-kaufen","9":"first","10":"instock","11":"shipping-taxable","12":"purchasable","13":"product-type-variable"},"yoast_head":"<!-- This site is optimized with the Yoast SEO plugin v23.5 - https:\/\/yoast.com\/wordpress\/plugins\/seo\/ -->\n<title>Acheter 5-MEO Dalt \u00e0 vendre - Acheter 5-MEO Dalt en ligne<\/title>\n<meta name=\"description\" content=\"You can now get Buy 5-MEO Dalt for sale from our top meds store. Our staff will assist you to buy Buy 5-MEO Dalt online at the best prices. Order 5-MEO Dalt online today with worldwide shipping!\" \/>\n<meta name=\"robots\" content=\"index, follow, max-snippet:-1, max-image-preview:large, max-video-preview:-1\" \/>\n<link rel=\"canonical\" href=\"https:\/\/nembutalboutique.com\/pt\/produto\/comprar-5-meo-dalt-online\/\" \/>\n<meta property=\"og:locale\" content=\"pt_PT\" \/>\n<meta property=\"og:type\" content=\"article\" \/>\n<meta property=\"og:title\" content=\"Acheter 5-MEO Dalt \u00e0 vendre - Acheter 5-MEO Dalt en ligne\" \/>\n<meta property=\"og:description\" content=\"You can now get Buy 5-MEO Dalt for sale from our top meds store. Our staff will assist you to buy Buy 5-MEO Dalt online at the best prices. Order 5-MEO Dalt online today with worldwide shipping!\" \/>\n<meta property=\"og:url\" content=\"https:\/\/nembutalboutique.com\/pt\/produto\/comprar-5-meo-dalt-online\/\" \/>\n<meta property=\"og:site_name\" content=\"Nembutal Boutique\" \/>\n<meta property=\"article:modified_time\" content=\"2025-04-13T18:14:54+00:00\" \/>\n<meta property=\"og:image\" content=\"https:\/\/nembutalboutique.com\/wp-content\/uploads\/2024\/09\/5-MeO-DALT.gif\" \/>\n\t<meta property=\"og:image:width\" content=\"600\" \/>\n\t<meta property=\"og:image:height\" content=\"600\" \/>\n\t<meta property=\"og:image:type\" content=\"image\/gif\" \/>\n<meta name=\"twitter:card\" content=\"summary_large_image\" \/>\n<meta name=\"twitter:label1\" content=\"Tempo estimado de leitura\" \/>\n\t<meta name=\"twitter:data1\" content=\"4 minutos\" \/>\n<script type=\"application\/ld+json\" class=\"yoast-schema-graph\">{\"@context\":\"https:\/\/schema.org\",\"@graph\":[{\"@type\":\"WebPage\",\"@id\":\"https:\/\/nembutalboutique.com\/produit\/5-meo-dalt\/\",\"url\":\"https:\/\/nembutalboutique.com\/produit\/5-meo-dalt\/\",\"name\":\"Acheter 5-MEO Dalt \u00e0 vendre - Acheter 5-MEO Dalt en ligne\",\"isPartOf\":{\"@id\":\"https:\/\/nembutalboutique.com\/#website\"},\"primaryImageOfPage\":{\"@id\":\"https:\/\/nembutalboutique.com\/produit\/5-meo-dalt\/#primaryimage\"},\"image\":{\"@id\":\"https:\/\/nembutalboutique.com\/produit\/5-meo-dalt\/#primaryimage\"},\"thumbnailUrl\":\"https:\/\/nembutalboutique.com\/wp-content\/uploads\/2024\/09\/5-MeO-DALT.gif\",\"datePublished\":\"2024-09-16T08:14:38+00:00\",\"dateModified\":\"2025-04-13T18:14:54+00:00\",\"description\":\"You can now get Buy 5-MEO Dalt for sale from our top meds store. Our staff will assist you to buy Buy 5-MEO Dalt online at the best prices. Order 5-MEO Dalt online today with worldwide shipping!\",\"breadcrumb\":{\"@id\":\"https:\/\/nembutalboutique.com\/produit\/5-meo-dalt\/#breadcrumb\"},\"inLanguage\":\"pt-PT\",\"potentialAction\":[{\"@type\":\"ReadAction\",\"target\":[\"https:\/\/nembutalboutique.com\/produit\/5-meo-dalt\/\"]}]},{\"@type\":\"ImageObject\",\"inLanguage\":\"pt-PT\",\"@id\":\"https:\/\/nembutalboutique.com\/produit\/5-meo-dalt\/#primaryimage\",\"url\":\"https:\/\/nembutalboutique.com\/wp-content\/uploads\/2024\/09\/5-MeO-DALT.gif\",\"contentUrl\":\"https:\/\/nembutalboutique.com\/wp-content\/uploads\/2024\/09\/5-MeO-DALT.gif\",\"width\":600,\"height\":600,\"caption\":\"Acheter 5-MeO-DALT\"},{\"@type\":\"BreadcrumbList\",\"@id\":\"https:\/\/nembutalboutique.com\/produit\/5-meo-dalt\/#breadcrumb\",\"itemListElement\":[{\"@type\":\"ListItem\",\"position\":1,\"name\":\"Home\",\"item\":\"https:\/\/nembutalboutique.com\/\"},{\"@type\":\"ListItem\",\"position\":2,\"name\":\"Boutique\",\"item\":\"https:\/\/nembutalboutique.com\/shop\/\"},{\"@type\":\"ListItem\",\"position\":3,\"name\":\"5-MeO-DALT\"}]},{\"@type\":\"WebSite\",\"@id\":\"https:\/\/nembutalboutique.com\/#website\",\"url\":\"https:\/\/nembutalboutique.com\/\",\"name\":\"Nembutal Boutique\",\"description\":\"My WordPress Blog\",\"publisher\":{\"@id\":\"https:\/\/nembutalboutique.com\/#organization\"},\"potentialAction\":[{\"@type\":\"SearchAction\",\"target\":{\"@type\":\"EntryPoint\",\"urlTemplate\":\"https:\/\/nembutalboutique.com\/?s={search_term_string}\"},\"query-input\":{\"@type\":\"PropertyValueSpecification\",\"valueRequired\":true,\"valueName\":\"search_term_string\"}}],\"inLanguage\":\"pt-PT\"},{\"@type\":\"Organization\",\"@id\":\"https:\/\/nembutalboutique.com\/#organization\",\"name\":\"Nembutal Boutique\",\"url\":\"https:\/\/nembutalboutique.com\/\",\"logo\":{\"@type\":\"ImageObject\",\"inLanguage\":\"pt-PT\",\"@id\":\"https:\/\/nembutalboutique.com\/#\/schema\/logo\/image\/\",\"url\":\"https:\/\/nembutalboutique.com\/wp-content\/uploads\/2024\/01\/logo.png\",\"contentUrl\":\"https:\/\/nembutalboutique.com\/wp-content\/uploads\/2024\/01\/logo.png\",\"width\":494,\"height\":121,\"caption\":\"Nembutal Boutique\"},\"image\":{\"@id\":\"https:\/\/nembutalboutique.com\/#\/schema\/logo\/image\/\"}}]}<\/script>\n<!-- \/ Yoast SEO plugin. -->","yoast_head_json":{"title":"Comprar 5-MEO Dalt para venda - Comprar 5-MEO Dalt online","description":"Pode agora adquirir Buy 5-MEO Dalt para venda na nossa loja de medicamentos de topo. A nossa equipa ir\u00e1 ajud\u00e1-lo a comprar o 5-MEO Dalt online ao melhor pre\u00e7o. Encomende hoje mesmo 5-MEO Dalt online com envio para todo o mundo!","robots":{"index":"index","follow":"follow","max-snippet":"max-snippet:-1","max-image-preview":"max-image-preview:large","max-video-preview":"max-video-preview:-1"},"canonical":"https:\/\/nembutalboutique.com\/pt\/produto\/comprar-5-meo-dalt-online\/","og_locale":"pt_PT","og_type":"article","og_title":"Acheter 5-MEO Dalt \u00e0 vendre - Acheter 5-MEO Dalt en ligne","og_description":"You can now get Buy 5-MEO Dalt for sale from our top meds store. Our staff will assist you to buy Buy 5-MEO Dalt online at the best prices. Order 5-MEO Dalt online today with worldwide shipping!","og_url":"https:\/\/nembutalboutique.com\/pt\/produto\/comprar-5-meo-dalt-online\/","og_site_name":"Nembutal Boutique","article_modified_time":"2025-04-13T18:14:54+00:00","og_image":[{"width":600,"height":600,"url":"https:\/\/nembutalboutique.com\/wp-content\/uploads\/2024\/09\/5-MeO-DALT.gif","type":"image\/gif"}],"twitter_card":"summary_large_image","twitter_misc":{"Tempo estimado de leitura":"4 minutos"},"schema":{"@context":"https:\/\/schema.org","@graph":[{"@type":"WebPage","@id":"https:\/\/nembutalboutique.com\/produit\/5-meo-dalt\/","url":"https:\/\/nembutalboutique.com\/produit\/5-meo-dalt\/","name":"Comprar 5-MEO Dalt para venda - Comprar 5-MEO Dalt online","isPartOf":{"@id":"https:\/\/nembutalboutique.com\/#website"},"primaryImageOfPage":{"@id":"https:\/\/nembutalboutique.com\/produit\/5-meo-dalt\/#primaryimage"},"image":{"@id":"https:\/\/nembutalboutique.com\/produit\/5-meo-dalt\/#primaryimage"},"thumbnailUrl":"https:\/\/nembutalboutique.com\/wp-content\/uploads\/2024\/09\/5-MeO-DALT.gif","datePublished":"2024-09-16T08:14:38+00:00","dateModified":"2025-04-13T18:14:54+00:00","description":"Pode agora adquirir Buy 5-MEO Dalt para venda na nossa loja de medicamentos de topo. A nossa equipa ir\u00e1 ajud\u00e1-lo a comprar o 5-MEO Dalt online ao melhor pre\u00e7o. Encomende hoje mesmo 5-MEO Dalt online com envio para todo o mundo!","breadcrumb":{"@id":"https:\/\/nembutalboutique.com\/produit\/5-meo-dalt\/#breadcrumb"},"inLanguage":"pt-PT","potentialAction":[{"@type":"ReadAction","target":["https:\/\/nembutalboutique.com\/produit\/5-meo-dalt\/"]}]},{"@type":"ImageObject","inLanguage":"pt-PT","@id":"https:\/\/nembutalboutique.com\/produit\/5-meo-dalt\/#primaryimage","url":"https:\/\/nembutalboutique.com\/wp-content\/uploads\/2024\/09\/5-MeO-DALT.gif","contentUrl":"https:\/\/nembutalboutique.com\/wp-content\/uploads\/2024\/09\/5-MeO-DALT.gif","width":600,"height":600,"caption":"Acheter 5-MeO-DALT"},{"@type":"BreadcrumbList","@id":"https:\/\/nembutalboutique.com\/produit\/5-meo-dalt\/#breadcrumb","itemListElement":[{"@type":"ListItem","position":1,"name":"Home","item":"https:\/\/nembutalboutique.com\/"},{"@type":"ListItem","position":2,"name":"Boutique","item":"https:\/\/nembutalboutique.com\/shop\/"},{"@type":"ListItem","position":3,"name":"5-MeO-DALT"}]},{"@type":"WebSite","@id":"https:\/\/nembutalboutique.com\/#website","url":"https:\/\/nembutalboutique.com\/","name":"Nembutal Boutique","description":"O meu blogue WordPress","publisher":{"@id":"https:\/\/nembutalboutique.com\/#organization"},"potentialAction":[{"@type":"SearchAction","target":{"@type":"EntryPoint","urlTemplate":"https:\/\/nembutalboutique.com\/?s={search_term_string}"},"query-input":{"@type":"PropertyValueSpecification","valueRequired":true,"valueName":"search_term_string"}}],"inLanguage":"pt-PT"},{"@type":"Organization","@id":"https:\/\/nembutalboutique.com\/#organization","name":"Nembutal Boutique","url":"https:\/\/nembutalboutique.com\/","logo":{"@type":"ImageObject","inLanguage":"pt-PT","@id":"https:\/\/nembutalboutique.com\/#\/schema\/logo\/image\/","url":"https:\/\/nembutalboutique.com\/wp-content\/uploads\/2024\/01\/logo.png","contentUrl":"https:\/\/nembutalboutique.com\/wp-content\/uploads\/2024\/01\/logo.png","width":494,"height":121,"caption":"Nembutal Boutique"},"image":{"@id":"https:\/\/nembutalboutique.com\/#\/schema\/logo\/image\/"}}]}},"_links":{"self":[{"href":"https:\/\/nembutalboutique.com\/pt\/wp-json\/wp\/v2\/product\/3061"}],"collection":[{"href":"https:\/\/nembutalboutique.com\/pt\/wp-json\/wp\/v2\/product"}],"about":[{"href":"https:\/\/nembutalboutique.com\/pt\/wp-json\/wp\/v2\/types\/product"}],"replies":[{"embeddable":true,"href":"https:\/\/nembutalboutique.com\/pt\/wp-json\/wp\/v2\/comments?post=3061"}],"wp:featuredmedia":[{"embeddable":true,"href":"https:\/\/nembutalboutique.com\/pt\/wp-json\/wp\/v2\/media\/3076"}],"wp:attachment":[{"href":"https:\/\/nembutalboutique.com\/pt\/wp-json\/wp\/v2\/media?parent=3061"}],"wp:term":[{"taxonomy":"product_brand","embeddable":true,"href":"https:\/\/nembutalboutique.com\/pt\/wp-json\/wp\/v2\/product_brand?post=3061"},{"taxonomy":"product_cat","embeddable":true,"href":"https:\/\/nembutalboutique.com\/pt\/wp-json\/wp\/v2\/product_cat?post=3061"},{"taxonomy":"product_tag","embeddable":true,"href":"https:\/\/nembutalboutique.com\/pt\/wp-json\/wp\/v2\/product_tag?post=3061"}],"curies":[{"name":"wp","href":"https:\/\/api.w.org\/{rel}","templated":true}]}}