{"id":3060,"date":"2024-09-16T08:14:38","date_gmt":"2024-09-16T08:14:38","guid":{"rendered":"https:\/\/nembutalboutique.com\/?post_type=product&#038;p=3060"},"modified":"2024-09-20T09:48:08","modified_gmt":"2024-09-20T09:48:08","slug":"5-meo-mipt","status":"publish","type":"product","link":"https:\/\/nembutalboutique.com\/pt\/produto\/comprar-5-meo-mipt-online\/","title":{"rendered":"5-MeO-MiPT"},"content":{"rendered":"<h2>Comprar 5-MeO-MiPT online.<\/h2>\n<p>5-MeO-MiPT COMPRAR DIRECTAMENTE<\/p>\n<p><a href=\"https:\/\/nembutalboutique.com\/produit\/5-meo-mipt\/\">5-MeO-MiPT<\/a> A BUYER, tamb\u00e9m conhecida como 5-metoxi-N-metil-N-isopropiltriptamina, \u00e9 uma tetraciclina e um alucinog\u00e9nio pertencente \u00e0 fam\u00edlia das subst\u00e2ncias conhecidas como triptaminas. \u00c9 por vezes referida como \"Moxy\". Refere-se ao conhecido hom\u00f3logo alucinog\u00e9nio N-metil-N-isopropil do 5-MeO-DMT. A sua estrutura e farmacodin\u00e2mica s\u00e3o compar\u00e1veis \u00e0s drogas 5-MeO-DiPT, DiPT e MiPT.<\/p>\n<p>A utiliza\u00e7\u00e3o desta droga em seres humanos era desconhecida at\u00e9 a sua s\u00edntese e farmacologia terem sido publicadas no Journal of Medicinal Chemistry em 1985 por Repke, Grotjahn e Shulgin. Atualmente, \u00e9 comprada principalmente como instrumento de investiga\u00e7\u00e3o na zona cinzenta por vendedores online e utilizada como droga recreativa e ente\u00f3gena. Raramente \u00e9 vendida na rua.<\/p>\n<p>O processo que produz algo. Embora existam outros mecanismos, como a diminui\u00e7\u00e3o da MAO, presume-se que a principal causa dos efeitos alucinog\u00e9nios e entactog\u00e9nicos da <a href=\"https:\/\/en.wikipedia.org\/wiki\/5-MeO-MiPT\">5-MeO-MiPT<\/a> \u00e9 o agonismo do recetor 5-HT2A.<\/p>\n<p>Come\u00e7arei agora a decompor e a discutir a complexa e vasta gama de efeitos que constituem a experi\u00eancia do 5-MeO-MiPT, com base no \u00edndice de efeitos subjectivos potencialmente significativos fornecido anteriormente, que pode encontrar aqui.<\/p>\n<p>Efeitos no organismo :<\/p>\n<p>Os tr\u00eas componentes diferentes que constituem os efeitos f\u00edsicos do 5-MeO-MIPT tornam-se cada vez mais fortes com doses mais elevadas. Estes s\u00e3o explicados a seguir e consistem geralmente em :<br \/>\nExperi\u00eancias t\u00e1cteis inesperadas O efeito corporal do 5-MeO \u00e9 caracterizado por uma brisa agrad\u00e1vel, calmante, tranquilizante e energizante. Para al\u00e9m disso, h\u00e1 uma faca fria e afiada que aparece em v\u00e1rios momentos coincidentes durante o seu pr\u00f3prio percurso. Embora possam existir outros mecanismos, como a inibi\u00e7\u00e3o da MAO, pensa-se que os efeitos enteog\u00e9nicos e alucinog\u00e9nios do 5-MeO-MiPT s\u00e3o a principal causa do efeito antagonista no recetor 5-HT2A.<\/p>\n<p>Alguns podem continuar a sentir uma presen\u00e7a constante durante toda a viagem, come\u00e7ando no in\u00edcio e culminando quando atingem o cume.<\/p>\n<p>Estimulante e relaxante: o 5-MeO-MIPT tem o potencial de ter efeitos energizantes e calmantes nos n\u00edveis de energia f\u00edsica do viajante. Os n\u00edveis de energia f\u00edsica parecem seguir um padr\u00e3o de onda inesperado. Este parece depender principalmente do ambiente e pode ter um efeito estimulante em actividades fisicamente exigentes como a dan\u00e7a ou o jogging. Por outro lado, ambientes serenos, como salas pouco iluminadas com mobili\u00e1rio confort\u00e1vel, podem ter um efeito calmante, relaxante e at\u00e9 ligeiramente sedativo.<br \/>\nDesvantagens: trata-se de um efeito secund\u00e1rio frequente que desaparece geralmente quando o doente melhora. Pode tamb\u00e9m ser visto como uma pausa provocadora de ansiedade. Ao contr\u00e1rio de outras subst\u00e2ncias psicad\u00e9licas como a psilocina, o LSD e o 2C-E, a efic\u00e1cia desta droga pode ser considerada muito distinta. Diz-se que esta droga \u00e9 muito menos estimulante fisicamente e muito menos suscet\u00edvel de provocar reac\u00e7\u00f5es f\u00edsicas desagrad\u00e1veis, como o 5-MeO-DIPT.<\/p>\n<p>Efeitos cognitivos: Muitas pessoas consideram que a regi\u00e3o cerebral do 5-MeO-MIPT \u00e9 completa, por vezes calmante e por vezes bastante perturbadora. Esta subst\u00e2ncia produz uma quantidade significativa dos efeitos cognitivos prolongados dos psicad\u00e9licos. Em geral, os resultados mais not\u00e1veis s\u00e3o os seguintes: A componente de auto-observa\u00e7\u00e3o s\u00f3 se torna vis\u00edvel quando o utilizador est\u00e1 sozinho num ambiente privado de intera\u00e7\u00e3o social.<\/p>\n<p>A melhoria das emo\u00e7\u00f5es, a solidariedade, a for\u00e7a, a sociabilidade e a empatia s\u00e3o carater\u00edsticas que s\u00f3 esporadicamente se manifestam nas rela\u00e7\u00f5es sociais. Embora estas emo\u00e7\u00f5es sejam um pouco mais suaves e menos intensas do que as inspiradas por drogas como o MDMA e o 2C-B, s\u00e3o no entanto suficientemente fortes para terem um efeito terap\u00eautico a longo prazo. Estas emo\u00e7\u00f5es incluem a bondade, a aceita\u00e7\u00e3o e a empatia.<\/p>\n<h3>O que \u00e9 o 5-MeO-MiPT?<\/h3>\n<p>A 5-Metoxi-N-metil-N-isopropiltriptamina, por vezes designada por 5-MeO-MiPT ou Moxy, \u00e9 uma subst\u00e2ncia psicad\u00e9lica pertencente \u00e0 classe das triptaminas. Como os seus efeitos aumentaram a libido e o prazer sexual nos \u00faltimos anos, tornou-se cada vez mais popular.<\/p>\n<p>O 5-MeO-MiPT est\u00e1 quimicamente relacionado com as triptaminas 5-MeO-DMT e 5-MeO-DiPT. Os seus efeitos psicoactivos s\u00e3o produzidos pela ativa\u00e7\u00e3o dos receptores de serotonina no c\u00e9rebro. A primeira descri\u00e7\u00e3o da s\u00edntese e farmacologia da 5-MeO-MiPT foi publicada em 1985 por David Repke e Alexander Shulgin. Os seus efeitos no ser humano foram documentados no livro de Shulung TiHKAL (\"Tryptamine, that I know and find\").<\/p>\n<p>Propriedades qu\u00edmicas do 5-MeO-MiPT O 5-MeO-MiPT \u00e9 uma mol\u00e9cula indolalcal\u00f3ide sint\u00e9tica da classe das triptaminas. A triptamina faz parte de uma estrutura central constitu\u00edda por um heterociclo biciclina ligado a um grupo amino R3.<\/p>","protected":false},"excerpt":{"rendered":"<p>Achetez 5-MeO-MiPT en ligne. 5-MeO-MiPT ACHETER DIRECTEMENT 5-MeO-MiPT ACHETER, \u00e9galement connu sous le nom de 5-m\u00e9thoxy-N-m\u00e9thyl-N-isopropyltryptamine, est une t\u00e9tracycline et un hallucinog\u00e8ne qui appartient \u00e0 la famille des substances appel\u00e9es tryptamines. On l&rsquo;appelle parfois \u00ab\u00a0Moxy\u00a0\u00bb. Cela fait r\u00e9f\u00e9rence \u00e0 l&rsquo;homologue hallucinog\u00e8ne bien connu N-m\u00e9thyl-N-isopropyl du 5-MeO-DMT. Sa structure et sa pharmacodynamique sont comparables aux m\u00e9dicaments [&hellip;]<\/p>","protected":false},"featured_media":3075,"comment_status":"open","ping_status":"closed","template":"","meta":{"_joinchat":[]},"product_brand":[],"product_cat":[385],"product_tag":[],"class_list":{"0":"post-3060","1":"product","2":"type-product","3":"status-publish","4":"has-post-thumbnail","6":"product_cat-forschung-schemikalien","8":"first","9":"instock","10":"shipping-taxable","11":"purchasable","12":"product-type-variable"},"yoast_head":"<!-- This site is optimized with the Yoast SEO plugin v23.5 - https:\/\/yoast.com\/wordpress\/plugins\/seo\/ -->\n<title>Achetez 5 Meo Mipt en ligne - 5 Meo Mipt \u00e0 vendre<\/title>\n<meta name=\"description\" content=\"Dans notre boutique Nembutal, vous pouvez obtenir 5 Meo Mipt en vente \u00e0 des prix avantageux. Nous ne traitons que des produits de qualit\u00e9 sup\u00e9rieure. Achetez 5 Meo Mipt en ligne dans notre boutique d\u00e8s maintenant. Passez votre commande tout de suite !\" \/>\n<meta name=\"robots\" content=\"index, follow, max-snippet:-1, max-image-preview:large, max-video-preview:-1\" \/>\n<link rel=\"canonical\" href=\"https:\/\/nembutalboutique.com\/pt\/produto\/comprar-5-meo-mipt-online\/\" \/>\n<meta property=\"og:locale\" content=\"pt_PT\" \/>\n<meta property=\"og:type\" content=\"article\" \/>\n<meta property=\"og:title\" content=\"Achetez 5 Meo Mipt en ligne - 5 Meo Mipt \u00e0 vendre\" \/>\n<meta property=\"og:description\" content=\"Dans notre boutique Nembutal, vous pouvez obtenir 5 Meo Mipt en vente \u00e0 des prix avantageux. Nous ne traitons que des produits de qualit\u00e9 sup\u00e9rieure. Achetez 5 Meo Mipt en ligne dans notre boutique d\u00e8s maintenant. Passez votre commande tout de suite !\" \/>\n<meta property=\"og:url\" content=\"https:\/\/nembutalboutique.com\/pt\/produto\/comprar-5-meo-mipt-online\/\" \/>\n<meta property=\"og:site_name\" content=\"Nembutal Boutique\" \/>\n<meta property=\"article:modified_time\" content=\"2024-09-20T09:48:08+00:00\" \/>\n<meta property=\"og:image\" content=\"https:\/\/nembutalboutique.com\/wp-content\/uploads\/2024\/09\/5-MeO-MiPT.gif\" \/>\n\t<meta property=\"og:image:width\" content=\"600\" \/>\n\t<meta property=\"og:image:height\" content=\"600\" \/>\n\t<meta property=\"og:image:type\" content=\"image\/gif\" \/>\n<meta name=\"twitter:card\" content=\"summary_large_image\" \/>\n<meta name=\"twitter:label1\" content=\"Tempo estimado de leitura\" \/>\n\t<meta name=\"twitter:data1\" content=\"4 minutos\" \/>\n<script type=\"application\/ld+json\" class=\"yoast-schema-graph\">{\"@context\":\"https:\/\/schema.org\",\"@graph\":[{\"@type\":\"WebPage\",\"@id\":\"https:\/\/nembutalboutique.com\/produit\/5-meo-mipt\/\",\"url\":\"https:\/\/nembutalboutique.com\/produit\/5-meo-mipt\/\",\"name\":\"Achetez 5 Meo Mipt en ligne - 5 Meo Mipt \u00e0 vendre\",\"isPartOf\":{\"@id\":\"https:\/\/nembutalboutique.com\/#website\"},\"primaryImageOfPage\":{\"@id\":\"https:\/\/nembutalboutique.com\/produit\/5-meo-mipt\/#primaryimage\"},\"image\":{\"@id\":\"https:\/\/nembutalboutique.com\/produit\/5-meo-mipt\/#primaryimage\"},\"thumbnailUrl\":\"https:\/\/nembutalboutique.com\/wp-content\/uploads\/2024\/09\/5-MeO-MiPT.gif\",\"datePublished\":\"2024-09-16T08:14:38+00:00\",\"dateModified\":\"2024-09-20T09:48:08+00:00\",\"description\":\"Dans notre boutique Nembutal, vous pouvez obtenir 5 Meo Mipt en vente \u00e0 des prix avantageux. Nous ne traitons que des produits de qualit\u00e9 sup\u00e9rieure. Achetez 5 Meo Mipt en ligne dans notre boutique d\u00e8s maintenant. Passez votre commande tout de suite !\",\"breadcrumb\":{\"@id\":\"https:\/\/nembutalboutique.com\/produit\/5-meo-mipt\/#breadcrumb\"},\"inLanguage\":\"pt-PT\",\"potentialAction\":[{\"@type\":\"ReadAction\",\"target\":[\"https:\/\/nembutalboutique.com\/produit\/5-meo-mipt\/\"]}]},{\"@type\":\"ImageObject\",\"inLanguage\":\"pt-PT\",\"@id\":\"https:\/\/nembutalboutique.com\/produit\/5-meo-mipt\/#primaryimage\",\"url\":\"https:\/\/nembutalboutique.com\/wp-content\/uploads\/2024\/09\/5-MeO-MiPT.gif\",\"contentUrl\":\"https:\/\/nembutalboutique.com\/wp-content\/uploads\/2024\/09\/5-MeO-MiPT.gif\",\"width\":600,\"height\":600,\"caption\":\"Acheter 5-MeO-MiPT\"},{\"@type\":\"BreadcrumbList\",\"@id\":\"https:\/\/nembutalboutique.com\/produit\/5-meo-mipt\/#breadcrumb\",\"itemListElement\":[{\"@type\":\"ListItem\",\"position\":1,\"name\":\"Home\",\"item\":\"https:\/\/nembutalboutique.com\/\"},{\"@type\":\"ListItem\",\"position\":2,\"name\":\"Boutique\",\"item\":\"https:\/\/nembutalboutique.com\/shop\/\"},{\"@type\":\"ListItem\",\"position\":3,\"name\":\"5-MeO-MiPT\"}]},{\"@type\":\"WebSite\",\"@id\":\"https:\/\/nembutalboutique.com\/#website\",\"url\":\"https:\/\/nembutalboutique.com\/\",\"name\":\"Nembutal Boutique\",\"description\":\"My WordPress Blog\",\"publisher\":{\"@id\":\"https:\/\/nembutalboutique.com\/#organization\"},\"potentialAction\":[{\"@type\":\"SearchAction\",\"target\":{\"@type\":\"EntryPoint\",\"urlTemplate\":\"https:\/\/nembutalboutique.com\/?s={search_term_string}\"},\"query-input\":{\"@type\":\"PropertyValueSpecification\",\"valueRequired\":true,\"valueName\":\"search_term_string\"}}],\"inLanguage\":\"pt-PT\"},{\"@type\":\"Organization\",\"@id\":\"https:\/\/nembutalboutique.com\/#organization\",\"name\":\"Nembutal Boutique\",\"url\":\"https:\/\/nembutalboutique.com\/\",\"logo\":{\"@type\":\"ImageObject\",\"inLanguage\":\"pt-PT\",\"@id\":\"https:\/\/nembutalboutique.com\/#\/schema\/logo\/image\/\",\"url\":\"https:\/\/nembutalboutique.com\/wp-content\/uploads\/2024\/01\/logo.png\",\"contentUrl\":\"https:\/\/nembutalboutique.com\/wp-content\/uploads\/2024\/01\/logo.png\",\"width\":494,\"height\":121,\"caption\":\"Nembutal Boutique\"},\"image\":{\"@id\":\"https:\/\/nembutalboutique.com\/#\/schema\/logo\/image\/\"}}]}<\/script>\n<!-- \/ Yoast SEO plugin. -->","yoast_head_json":{"title":"Comprar 5 Meo Mipt online - 5 Meo Mipt para venda","description":"Na nossa loja Nembutal, pode adquirir 5 Meo Mipt em promo\u00e7\u00e3o a pre\u00e7os de saldo. S\u00f3 vendemos produtos de alta qualidade. Compre agora 5 Meo Mipt online na nossa loja. Fa\u00e7a a sua encomenda agora!","robots":{"index":"index","follow":"follow","max-snippet":"max-snippet:-1","max-image-preview":"max-image-preview:large","max-video-preview":"max-video-preview:-1"},"canonical":"https:\/\/nembutalboutique.com\/pt\/produto\/comprar-5-meo-mipt-online\/","og_locale":"pt_PT","og_type":"article","og_title":"Achetez 5 Meo Mipt en ligne - 5 Meo Mipt \u00e0 vendre","og_description":"Dans notre boutique Nembutal, vous pouvez obtenir 5 Meo Mipt en vente \u00e0 des prix avantageux. Nous ne traitons que des produits de qualit\u00e9 sup\u00e9rieure. Achetez 5 Meo Mipt en ligne dans notre boutique d\u00e8s maintenant. Passez votre commande tout de suite !","og_url":"https:\/\/nembutalboutique.com\/pt\/produto\/comprar-5-meo-mipt-online\/","og_site_name":"Nembutal Boutique","article_modified_time":"2024-09-20T09:48:08+00:00","og_image":[{"width":600,"height":600,"url":"https:\/\/nembutalboutique.com\/wp-content\/uploads\/2024\/09\/5-MeO-MiPT.gif","type":"image\/gif"}],"twitter_card":"summary_large_image","twitter_misc":{"Tempo estimado de leitura":"4 minutos"},"schema":{"@context":"https:\/\/schema.org","@graph":[{"@type":"WebPage","@id":"https:\/\/nembutalboutique.com\/produit\/5-meo-mipt\/","url":"https:\/\/nembutalboutique.com\/produit\/5-meo-mipt\/","name":"Comprar 5 Meo Mipt online - 5 Meo Mipt para venda","isPartOf":{"@id":"https:\/\/nembutalboutique.com\/#website"},"primaryImageOfPage":{"@id":"https:\/\/nembutalboutique.com\/produit\/5-meo-mipt\/#primaryimage"},"image":{"@id":"https:\/\/nembutalboutique.com\/produit\/5-meo-mipt\/#primaryimage"},"thumbnailUrl":"https:\/\/nembutalboutique.com\/wp-content\/uploads\/2024\/09\/5-MeO-MiPT.gif","datePublished":"2024-09-16T08:14:38+00:00","dateModified":"2024-09-20T09:48:08+00:00","description":"Na nossa loja Nembutal, pode adquirir 5 Meo Mipt em promo\u00e7\u00e3o a pre\u00e7os de saldo. S\u00f3 vendemos produtos de alta qualidade. Compre agora 5 Meo Mipt online na nossa loja. Fa\u00e7a a sua encomenda agora!","breadcrumb":{"@id":"https:\/\/nembutalboutique.com\/produit\/5-meo-mipt\/#breadcrumb"},"inLanguage":"pt-PT","potentialAction":[{"@type":"ReadAction","target":["https:\/\/nembutalboutique.com\/produit\/5-meo-mipt\/"]}]},{"@type":"ImageObject","inLanguage":"pt-PT","@id":"https:\/\/nembutalboutique.com\/produit\/5-meo-mipt\/#primaryimage","url":"https:\/\/nembutalboutique.com\/wp-content\/uploads\/2024\/09\/5-MeO-MiPT.gif","contentUrl":"https:\/\/nembutalboutique.com\/wp-content\/uploads\/2024\/09\/5-MeO-MiPT.gif","width":600,"height":600,"caption":"Acheter 5-MeO-MiPT"},{"@type":"BreadcrumbList","@id":"https:\/\/nembutalboutique.com\/produit\/5-meo-mipt\/#breadcrumb","itemListElement":[{"@type":"ListItem","position":1,"name":"Home","item":"https:\/\/nembutalboutique.com\/"},{"@type":"ListItem","position":2,"name":"Boutique","item":"https:\/\/nembutalboutique.com\/shop\/"},{"@type":"ListItem","position":3,"name":"5-MeO-MiPT"}]},{"@type":"WebSite","@id":"https:\/\/nembutalboutique.com\/#website","url":"https:\/\/nembutalboutique.com\/","name":"Nembutal Boutique","description":"O meu blogue WordPress","publisher":{"@id":"https:\/\/nembutalboutique.com\/#organization"},"potentialAction":[{"@type":"SearchAction","target":{"@type":"EntryPoint","urlTemplate":"https:\/\/nembutalboutique.com\/?s={search_term_string}"},"query-input":{"@type":"PropertyValueSpecification","valueRequired":true,"valueName":"search_term_string"}}],"inLanguage":"pt-PT"},{"@type":"Organization","@id":"https:\/\/nembutalboutique.com\/#organization","name":"Nembutal Boutique","url":"https:\/\/nembutalboutique.com\/","logo":{"@type":"ImageObject","inLanguage":"pt-PT","@id":"https:\/\/nembutalboutique.com\/#\/schema\/logo\/image\/","url":"https:\/\/nembutalboutique.com\/wp-content\/uploads\/2024\/01\/logo.png","contentUrl":"https:\/\/nembutalboutique.com\/wp-content\/uploads\/2024\/01\/logo.png","width":494,"height":121,"caption":"Nembutal Boutique"},"image":{"@id":"https:\/\/nembutalboutique.com\/#\/schema\/logo\/image\/"}}]}},"_links":{"self":[{"href":"https:\/\/nembutalboutique.com\/pt\/wp-json\/wp\/v2\/product\/3060"}],"collection":[{"href":"https:\/\/nembutalboutique.com\/pt\/wp-json\/wp\/v2\/product"}],"about":[{"href":"https:\/\/nembutalboutique.com\/pt\/wp-json\/wp\/v2\/types\/product"}],"replies":[{"embeddable":true,"href":"https:\/\/nembutalboutique.com\/pt\/wp-json\/wp\/v2\/comments?post=3060"}],"wp:featuredmedia":[{"embeddable":true,"href":"https:\/\/nembutalboutique.com\/pt\/wp-json\/wp\/v2\/media\/3075"}],"wp:attachment":[{"href":"https:\/\/nembutalboutique.com\/pt\/wp-json\/wp\/v2\/media?parent=3060"}],"wp:term":[{"taxonomy":"product_brand","embeddable":true,"href":"https:\/\/nembutalboutique.com\/pt\/wp-json\/wp\/v2\/product_brand?post=3060"},{"taxonomy":"product_cat","embeddable":true,"href":"https:\/\/nembutalboutique.com\/pt\/wp-json\/wp\/v2\/product_cat?post=3060"},{"taxonomy":"product_tag","embeddable":true,"href":"https:\/\/nembutalboutique.com\/pt\/wp-json\/wp\/v2\/product_tag?post=3060"}],"curies":[{"name":"wp","href":"https:\/\/api.w.org\/{rel}","templated":true}]}}