{"id":3056,"date":"2024-09-16T08:14:37","date_gmt":"2024-09-16T08:14:37","guid":{"rendered":"https:\/\/nembutalboutique.com\/?post_type=product&#038;p=3056"},"modified":"2024-09-20T09:50:41","modified_gmt":"2024-09-20T09:50:41","slug":"2c-b-fly","status":"publish","type":"product","link":"https:\/\/nembutalboutique.com\/pt\/produto\/comprar-2c-b-fly\/","title":{"rendered":"2C-B-FLY"},"content":{"rendered":"<h2>Venda de comprimidos 2C-B-FLY online.<\/h2>\n<p><a href=\"https:\/\/nembutalboutique.com\/produit\/2c-b-fly\/\">2C-B-FLY<\/a> A compra de uma mosca 2CB connosco resultar\u00e1 em entrega gratuita em grandes encomendas. A 2-dimetoxi-4-bromofenetilamina \u00e9 uma droga psicad\u00e9lica que pertence \u00e0 fam\u00edlia 2C. Como droga recreativa, a 2C-B \u00e9 vendida em p\u00f3, por vezes comprimida em comprimidos ou c\u00e1psulas, e tem v\u00e1rios outros nomes. A droga \u00e9 geralmente tomada por via oral, mas tamb\u00e9m pode ser ingerida por via sublingual ou administrada por via sublingual.<\/p>\n<p>O Tucibi \u00e9 tamb\u00e9m conhecido como \"Elitedroge\" devido ao seu elevado pre\u00e7o. Existem tamb\u00e9m outros nomes, para citar apenas alguns: V\u00e9nus, Erox, Nexus, MFT, Pink Cocaine.<\/p>\n<p>O seu nome original era 2C-B.<\/p>\n<p>O composto 2C-B (2,5-dimetoxi-4-bromfeniletilamina) \u00e9 um membro da fam\u00edlia das anfetaminas.<\/p>\n<p>Cada comprimido de 2C-B cont\u00e9m 25 mg. 2C-B<\/p>\n<p>Nome do produto: 2C-B-Pellets, 25 mg<\/p>\n<p>N\u00famero CAS: 66142-81-2<\/p>\n<p>F\u00f3rmula: C10H14BrNO2.<\/p>\n<p>Ecr\u00e3: Vermelho, pontos quadrados<\/p>\n<p>Reinheit: superior a 98,5 %<\/p>\n<h3>O que \u00e9 um 2C-B-FLY?<\/h3>\n<p>Le <a href=\"https:\/\/en.wikipedia.org\/wiki\/2C-B-FLY\">2C-B-FLY<\/a>tamb\u00e9m conhecida por 2-Brom-2,3,6,7-benzo-di-hidro-difurano-etilamina e 2C-B-FLY-Hydrochlorid, \u00e9 uma subst\u00e2ncia qu\u00edmica pertencente \u00e0 classe das fenetilaminas. Est\u00e1 estreitamente relacionada com a 2C-B e \u00e9 uma fenetilamina invulgar que funciona de forma semelhante \u00e0 2C-B, \u00e0 3-FEA e ao 5-MAPB como estimulante e psicad\u00e9lica. A incorpora\u00e7\u00e3o dos dois grupos metilo no quinto anel cria uma posi\u00e7\u00e3o ideal de liga\u00e7\u00e3o ao recetor, o que, ao contr\u00e1rio da 2C-B, resulta num efeito 2C-B-FLY mais forte.<\/p>\n<h3>Propriedades qu\u00edmicas do 2C-B-FLY<\/h3>\n<p>O 2C-B-FLY faz parte de uma classe de derivados conhecidos como FLY-Verbindungen, assim designados devido \u00e0 sua apar\u00eancia de inseto e aos dois an\u00e9is tetra-hidrofuranos \"alados\" que se encontram fundidos no lado oposto do benzor central.<br \/>\nUm substituto molecular da classe qu\u00edmica da fenetilamina e do di-hidrobenzofurano \u00e9 o 2C-B-FLY. O 2C-B-FLY tem um anel de fenol ligado a um grupo amino (NH2) atrav\u00e9s de uma cadeia de \u00e9ter. Tem tamb\u00e9m um bromatoma ligado ao carbono R4 do anel fen\u00f3lico. Em consequ\u00eancia, os grupos metoxi ligados a R2 e R5 do 2C-B ligam-se aos an\u00e9is de cinco glioxifuranos, que se fundem no benzor central e s\u00e3o incorporados.<\/p>\n<h3>Quais s\u00e3o os efeitos do 2C-B-FLY?<\/h3>\n<p>Diz-se que o 2C-B-FLY HCL tem um efeito f\u00edsico muito mais forte, efeitos visuais mais fortes, geometria mais complexa e alucina\u00e7\u00f5es internas mais profundas do que o 2-CB, tornando-o mais compar\u00e1vel \u00e0 meskalina, ao 2C-E ou ao MDA em doses mais elevadas. No entanto, os relatos sobre doses mais baixas falam de uma resposta mais visceral e emocional, por oposi\u00e7\u00e3o aos efeitos psicad\u00e9licos tradicionais.<\/p>\n<p>Efeitos<\/p>\n<p>Os efeitos do 2C-B-FLY podem variar, mas as experi\u00eancias comuns incluem:<\/p>\n<p>Alucina\u00e7\u00f5es visuais: cores vivas e padr\u00f5es.<br \/>\nAbertura emocional: Aumento da empatia e da express\u00e3o emocional.<br \/>\nEuforia: Sensa\u00e7\u00e3o de bem-estar e contentamento.<br \/>\nDistor\u00e7\u00e3o temporal: Altera\u00e7\u00f5es na perce\u00e7\u00e3o do tempo.<\/p>\n<p>Estes efeitos dependem em grande medida da dosagem, do ajuste e da regula\u00e7\u00e3o, e podem variar consideravelmente de um indiv\u00edduo para outro.<\/p>\n<p>Dosagem de 2C-B-FLY<br \/>\nDosagem ligeira: 5-10 mg<br \/>\nDose habitual: 10-20 mg<br \/>\nDosagem elevada: 20-30 mg<br \/>\nDura\u00e7\u00e3o dos efeitos<\/p>\n<p>A dura\u00e7\u00e3o dos efeitos do 2C-B-FLY \u00e9 vari\u00e1vel:<\/p>\n<p>In\u00edcio dos efeitos: 20 a 60 minutos ap\u00f3s a ingest\u00e3o.<br \/>\nEfeito m\u00e1ximo: 2 a 5 horas ap\u00f3s a ingest\u00e3o.<br \/>\nDura\u00e7\u00e3o total: 6 a 8 horas.<\/p>\n<p>Este per\u00edodo pode variar de um indiv\u00edduo para outro e depende de uma s\u00e9rie de factores como a dosagem e o metabolismo.<\/p>\n<h3>Como posso comprar pastilhas de 10 mg de 2C-B-FLY?<\/h3>\n<p>Podes comprar pastilhas de 2C-B-FLY 10 mg e outras fenoletilaminas, como a 3-FEA-HCL e a 5-MAPB-HCL, em Nembutalboutique.com.<\/p>\n<p>Todos os nossos produtos qu\u00edmicos s\u00e3o testados num laborat\u00f3rio independente e destinam-se apenas a uso laboratorial; n\u00e3o se destinam ao consumo humano.<\/p>","protected":false},"excerpt":{"rendered":"<p><span style=\"vertical-align: inherit;\"><span style=\"vertical-align: inherit;\">A 2C-B-FLY \u00e9 uma fenetilamina psicad\u00e9lica e uma droga de design da fam\u00edlia 2C. Foi sintetizada pela primeira vez em 1996 por Aaron Monte, um professor de qu\u00edmica da UW-La Crosse.<\/span><\/span><\/p>","protected":false},"featured_media":3071,"comment_status":"open","ping_status":"closed","template":"","meta":{"_joinchat":[]},"product_brand":[],"product_cat":[385],"product_tag":[],"class_list":{"0":"post-3056","1":"product","2":"type-product","3":"status-publish","4":"has-post-thumbnail","6":"product_cat-forschung-schemikalien","8":"first","9":"instock","10":"shipping-taxable","11":"purchasable","12":"product-type-variable"},"yoast_head":"<!-- This site is optimized with the Yoast SEO plugin v23.5 - https:\/\/yoast.com\/wordpress\/plugins\/seo\/ -->\n<title>Achetez 2C-B Fly en ligne - 2C-B Fly \u00e0 vendre<\/title>\n<meta name=\"description\" content=\"Vous souhaitez acheter de la poudre 2C-B Fly en ligne ? D\u00e9couvrez une plateforme transparente sur notre boutique en ligne o\u00f9 vous pouvez acheter de la poudre 2C-B Fly, garantissant une qualit\u00e9 sup\u00e9rieure pour vos besoins de recherche.\" \/>\n<meta name=\"robots\" content=\"index, follow, max-snippet:-1, max-image-preview:large, max-video-preview:-1\" \/>\n<link rel=\"canonical\" href=\"https:\/\/nembutalboutique.com\/pt\/produto\/comprar-2c-b-fly\/\" \/>\n<meta property=\"og:locale\" content=\"pt_PT\" \/>\n<meta property=\"og:type\" content=\"article\" \/>\n<meta property=\"og:title\" content=\"Achetez 2C-B Fly en ligne - 2C-B Fly \u00e0 vendre\" \/>\n<meta property=\"og:description\" content=\"Vous souhaitez acheter de la poudre 2C-B Fly en ligne ? D\u00e9couvrez une plateforme transparente sur notre boutique en ligne o\u00f9 vous pouvez acheter de la poudre 2C-B Fly, garantissant une qualit\u00e9 sup\u00e9rieure pour vos besoins de recherche.\" \/>\n<meta property=\"og:url\" content=\"https:\/\/nembutalboutique.com\/pt\/produto\/comprar-2c-b-fly\/\" \/>\n<meta property=\"og:site_name\" content=\"Nembutal Boutique\" \/>\n<meta property=\"article:modified_time\" content=\"2024-09-20T09:50:41+00:00\" \/>\n<meta property=\"og:image\" content=\"https:\/\/nembutalboutique.com\/wp-content\/uploads\/2024\/09\/2C-B-FLY.gif\" \/>\n\t<meta property=\"og:image:width\" content=\"600\" \/>\n\t<meta property=\"og:image:height\" content=\"600\" \/>\n\t<meta property=\"og:image:type\" content=\"image\/gif\" \/>\n<meta name=\"twitter:card\" content=\"summary_large_image\" \/>\n<meta name=\"twitter:label1\" content=\"Tempo estimado de leitura\" \/>\n\t<meta name=\"twitter:data1\" content=\"3 minutos\" \/>\n<script type=\"application\/ld+json\" class=\"yoast-schema-graph\">{\"@context\":\"https:\/\/schema.org\",\"@graph\":[{\"@type\":\"WebPage\",\"@id\":\"https:\/\/nembutalboutique.com\/produit\/2c-b-fly\/\",\"url\":\"https:\/\/nembutalboutique.com\/produit\/2c-b-fly\/\",\"name\":\"Achetez 2C-B Fly en ligne - 2C-B Fly \u00e0 vendre\",\"isPartOf\":{\"@id\":\"https:\/\/nembutalboutique.com\/#website\"},\"primaryImageOfPage\":{\"@id\":\"https:\/\/nembutalboutique.com\/produit\/2c-b-fly\/#primaryimage\"},\"image\":{\"@id\":\"https:\/\/nembutalboutique.com\/produit\/2c-b-fly\/#primaryimage\"},\"thumbnailUrl\":\"https:\/\/nembutalboutique.com\/wp-content\/uploads\/2024\/09\/2C-B-FLY.gif\",\"datePublished\":\"2024-09-16T08:14:37+00:00\",\"dateModified\":\"2024-09-20T09:50:41+00:00\",\"description\":\"Vous souhaitez acheter de la poudre 2C-B Fly en ligne ? D\u00e9couvrez une plateforme transparente sur notre boutique en ligne o\u00f9 vous pouvez acheter de la poudre 2C-B Fly, garantissant une qualit\u00e9 sup\u00e9rieure pour vos besoins de recherche.\",\"breadcrumb\":{\"@id\":\"https:\/\/nembutalboutique.com\/produit\/2c-b-fly\/#breadcrumb\"},\"inLanguage\":\"pt-PT\",\"potentialAction\":[{\"@type\":\"ReadAction\",\"target\":[\"https:\/\/nembutalboutique.com\/produit\/2c-b-fly\/\"]}]},{\"@type\":\"ImageObject\",\"inLanguage\":\"pt-PT\",\"@id\":\"https:\/\/nembutalboutique.com\/produit\/2c-b-fly\/#primaryimage\",\"url\":\"https:\/\/nembutalboutique.com\/wp-content\/uploads\/2024\/09\/2C-B-FLY.gif\",\"contentUrl\":\"https:\/\/nembutalboutique.com\/wp-content\/uploads\/2024\/09\/2C-B-FLY.gif\",\"width\":600,\"height\":600,\"caption\":\"2C-B-FLY\"},{\"@type\":\"BreadcrumbList\",\"@id\":\"https:\/\/nembutalboutique.com\/produit\/2c-b-fly\/#breadcrumb\",\"itemListElement\":[{\"@type\":\"ListItem\",\"position\":1,\"name\":\"Home\",\"item\":\"https:\/\/nembutalboutique.com\/\"},{\"@type\":\"ListItem\",\"position\":2,\"name\":\"Boutique\",\"item\":\"https:\/\/nembutalboutique.com\/shop\/\"},{\"@type\":\"ListItem\",\"position\":3,\"name\":\"2C-B-FLY\"}]},{\"@type\":\"WebSite\",\"@id\":\"https:\/\/nembutalboutique.com\/#website\",\"url\":\"https:\/\/nembutalboutique.com\/\",\"name\":\"Nembutal Boutique\",\"description\":\"My WordPress Blog\",\"publisher\":{\"@id\":\"https:\/\/nembutalboutique.com\/#organization\"},\"potentialAction\":[{\"@type\":\"SearchAction\",\"target\":{\"@type\":\"EntryPoint\",\"urlTemplate\":\"https:\/\/nembutalboutique.com\/?s={search_term_string}\"},\"query-input\":{\"@type\":\"PropertyValueSpecification\",\"valueRequired\":true,\"valueName\":\"search_term_string\"}}],\"inLanguage\":\"pt-PT\"},{\"@type\":\"Organization\",\"@id\":\"https:\/\/nembutalboutique.com\/#organization\",\"name\":\"Nembutal Boutique\",\"url\":\"https:\/\/nembutalboutique.com\/\",\"logo\":{\"@type\":\"ImageObject\",\"inLanguage\":\"pt-PT\",\"@id\":\"https:\/\/nembutalboutique.com\/#\/schema\/logo\/image\/\",\"url\":\"https:\/\/nembutalboutique.com\/wp-content\/uploads\/2024\/01\/logo.png\",\"contentUrl\":\"https:\/\/nembutalboutique.com\/wp-content\/uploads\/2024\/01\/logo.png\",\"width\":494,\"height\":121,\"caption\":\"Nembutal Boutique\"},\"image\":{\"@id\":\"https:\/\/nembutalboutique.com\/#\/schema\/logo\/image\/\"}}]}<\/script>\n<!-- \/ Yoast SEO plugin. -->","yoast_head_json":{"title":"Comprar 2C-B Fly online - 2C-B Fly para venda","description":"Gostaria de comprar 2C-B Fly powder online? Descubra uma plataforma transparente na nossa loja online onde pode comprar 2C-B Fly em p\u00f3, garantindo a m\u00e1xima qualidade para as suas necessidades de investiga\u00e7\u00e3o.","robots":{"index":"index","follow":"follow","max-snippet":"max-snippet:-1","max-image-preview":"max-image-preview:large","max-video-preview":"max-video-preview:-1"},"canonical":"https:\/\/nembutalboutique.com\/pt\/produto\/comprar-2c-b-fly\/","og_locale":"pt_PT","og_type":"article","og_title":"Achetez 2C-B Fly en ligne - 2C-B Fly \u00e0 vendre","og_description":"Vous souhaitez acheter de la poudre 2C-B Fly en ligne ? D\u00e9couvrez une plateforme transparente sur notre boutique en ligne o\u00f9 vous pouvez acheter de la poudre 2C-B Fly, garantissant une qualit\u00e9 sup\u00e9rieure pour vos besoins de recherche.","og_url":"https:\/\/nembutalboutique.com\/pt\/produto\/comprar-2c-b-fly\/","og_site_name":"Nembutal Boutique","article_modified_time":"2024-09-20T09:50:41+00:00","og_image":[{"width":600,"height":600,"url":"https:\/\/nembutalboutique.com\/wp-content\/uploads\/2024\/09\/2C-B-FLY.gif","type":"image\/gif"}],"twitter_card":"summary_large_image","twitter_misc":{"Tempo estimado de leitura":"3 minutos"},"schema":{"@context":"https:\/\/schema.org","@graph":[{"@type":"WebPage","@id":"https:\/\/nembutalboutique.com\/produit\/2c-b-fly\/","url":"https:\/\/nembutalboutique.com\/produit\/2c-b-fly\/","name":"Comprar 2C-B Fly online - 2C-B Fly para venda","isPartOf":{"@id":"https:\/\/nembutalboutique.com\/#website"},"primaryImageOfPage":{"@id":"https:\/\/nembutalboutique.com\/produit\/2c-b-fly\/#primaryimage"},"image":{"@id":"https:\/\/nembutalboutique.com\/produit\/2c-b-fly\/#primaryimage"},"thumbnailUrl":"https:\/\/nembutalboutique.com\/wp-content\/uploads\/2024\/09\/2C-B-FLY.gif","datePublished":"2024-09-16T08:14:37+00:00","dateModified":"2024-09-20T09:50:41+00:00","description":"Gostaria de comprar 2C-B Fly powder online? Descubra uma plataforma transparente na nossa loja online onde pode comprar 2C-B Fly em p\u00f3, garantindo a m\u00e1xima qualidade para as suas necessidades de investiga\u00e7\u00e3o.","breadcrumb":{"@id":"https:\/\/nembutalboutique.com\/produit\/2c-b-fly\/#breadcrumb"},"inLanguage":"pt-PT","potentialAction":[{"@type":"ReadAction","target":["https:\/\/nembutalboutique.com\/produit\/2c-b-fly\/"]}]},{"@type":"ImageObject","inLanguage":"pt-PT","@id":"https:\/\/nembutalboutique.com\/produit\/2c-b-fly\/#primaryimage","url":"https:\/\/nembutalboutique.com\/wp-content\/uploads\/2024\/09\/2C-B-FLY.gif","contentUrl":"https:\/\/nembutalboutique.com\/wp-content\/uploads\/2024\/09\/2C-B-FLY.gif","width":600,"height":600,"caption":"2C-B-FLY"},{"@type":"BreadcrumbList","@id":"https:\/\/nembutalboutique.com\/produit\/2c-b-fly\/#breadcrumb","itemListElement":[{"@type":"ListItem","position":1,"name":"Home","item":"https:\/\/nembutalboutique.com\/"},{"@type":"ListItem","position":2,"name":"Boutique","item":"https:\/\/nembutalboutique.com\/shop\/"},{"@type":"ListItem","position":3,"name":"2C-B-FLY"}]},{"@type":"WebSite","@id":"https:\/\/nembutalboutique.com\/#website","url":"https:\/\/nembutalboutique.com\/","name":"Nembutal Boutique","description":"O meu blogue WordPress","publisher":{"@id":"https:\/\/nembutalboutique.com\/#organization"},"potentialAction":[{"@type":"SearchAction","target":{"@type":"EntryPoint","urlTemplate":"https:\/\/nembutalboutique.com\/?s={search_term_string}"},"query-input":{"@type":"PropertyValueSpecification","valueRequired":true,"valueName":"search_term_string"}}],"inLanguage":"pt-PT"},{"@type":"Organization","@id":"https:\/\/nembutalboutique.com\/#organization","name":"Nembutal Boutique","url":"https:\/\/nembutalboutique.com\/","logo":{"@type":"ImageObject","inLanguage":"pt-PT","@id":"https:\/\/nembutalboutique.com\/#\/schema\/logo\/image\/","url":"https:\/\/nembutalboutique.com\/wp-content\/uploads\/2024\/01\/logo.png","contentUrl":"https:\/\/nembutalboutique.com\/wp-content\/uploads\/2024\/01\/logo.png","width":494,"height":121,"caption":"Nembutal Boutique"},"image":{"@id":"https:\/\/nembutalboutique.com\/#\/schema\/logo\/image\/"}}]}},"_links":{"self":[{"href":"https:\/\/nembutalboutique.com\/pt\/wp-json\/wp\/v2\/product\/3056"}],"collection":[{"href":"https:\/\/nembutalboutique.com\/pt\/wp-json\/wp\/v2\/product"}],"about":[{"href":"https:\/\/nembutalboutique.com\/pt\/wp-json\/wp\/v2\/types\/product"}],"replies":[{"embeddable":true,"href":"https:\/\/nembutalboutique.com\/pt\/wp-json\/wp\/v2\/comments?post=3056"}],"wp:featuredmedia":[{"embeddable":true,"href":"https:\/\/nembutalboutique.com\/pt\/wp-json\/wp\/v2\/media\/3071"}],"wp:attachment":[{"href":"https:\/\/nembutalboutique.com\/pt\/wp-json\/wp\/v2\/media?parent=3056"}],"wp:term":[{"taxonomy":"product_brand","embeddable":true,"href":"https:\/\/nembutalboutique.com\/pt\/wp-json\/wp\/v2\/product_brand?post=3056"},{"taxonomy":"product_cat","embeddable":true,"href":"https:\/\/nembutalboutique.com\/pt\/wp-json\/wp\/v2\/product_cat?post=3056"},{"taxonomy":"product_tag","embeddable":true,"href":"https:\/\/nembutalboutique.com\/pt\/wp-json\/wp\/v2\/product_tag?post=3056"}],"curies":[{"name":"wp","href":"https:\/\/api.w.org\/{rel}","templated":true}]}}