{"id":3011,"date":"2024-09-16T08:14:16","date_gmt":"2024-09-16T08:14:16","guid":{"rendered":"https:\/\/nembutalboutique.com\/?post_type=product&#038;p=3011"},"modified":"2024-09-20T09:54:26","modified_gmt":"2024-09-20T09:54:26","slug":"th-php","status":"publish","type":"product","link":"https:\/\/nembutalboutique.com\/pt\/produto\/comprar-o-php\/","title":{"rendered":"TH-PHP"},"content":{"rendered":"<h2>Comprar TH-PHP online.<\/h2>\n<p><a href=\"https:\/\/nembutalboutique.com\/produit\/th-php\/\">Compra de TH-PHP<\/a> via Internet: Uma vez que n\u00e3o se disp\u00f5e facilmente de informa\u00e7\u00f5es exactas sobre a farmacologia, o efeito toxicol\u00f3gico e o efeito bioqu\u00edmico do th-PHP, o seu consumo por seres humanos pode ser prejudicial. Na investiga\u00e7\u00e3o de subst\u00e2ncias qu\u00edmicas sint\u00e9ticas, apenas s\u00e3o autorizadas utiliza\u00e7\u00f5es razo\u00e1veis e cient\u00edficas.<\/p>\n<p>Os clientes que utilizaram recentemente o th-PHP partilharam experi\u00eancias surpreendentes e inesperadas. Os clientes apreciaram o aumento do entusiasmo e da energia. Ela parecia estar de excelente sa\u00fade e era bastante agrad\u00e1vel. Os efeitos adicionais do th-PHP incluem schw\u00e4chtheit, aumento da transpira\u00e7\u00e3o e o potencial para melhorar a vis\u00e3o e o movimento mental.<\/p>\n<p>Comprar TH-PHP na Nembutalboutique a um pre\u00e7o razo\u00e1vel. Preparamos os melhores produtos qu\u00edmicos para investiga\u00e7\u00e3o e distribu\u00edmo-los em todo o mundo. De acordo<\/p>\n<p>Cada produto \u00e9 cuidadosamente embalado e enviado para garantir a privacidade e a seguran\u00e7a dos nossos clientes. Utilizamos v\u00e1rios m\u00e9todos de pagamento seguros e descontos para grandes compras.<\/p>\n<h3>Comprar TH-PHP em Nembutal: Compre agora, porque a qualidade \u00e9 importante!<\/h3>\n<p>Para comprar <a href=\"https:\/\/en.wikipedia.org\/wiki\/PHP\">TH-PHP<\/a> em linha a partir das melhores empresas qu\u00edmicas europeias Profissionalmente fabricado com pelo menos 98 % + Reinheit garantido. Fornecemos o COA de cada carga produzida quimicamente durante a nossa investiga\u00e7\u00e3o!<\/p>\n<p>Materiais em TH-PHP<\/p>\n<h3>Cont\u00e9m um m\u00ednimo de 98 % de TH-PHP puro por unidade de controlo.<\/h3>\n<p>Determina\u00e7\u00e3o da TH-PHP<\/p>\n<p>N\u00e3o existe uma dosagem recomendada, uma vez que o TH-PHP \u00e9 vendido apenas para utiliza\u00e7\u00e3o em investiga\u00e7\u00e3o qu\u00edmica cient\u00edfica e n\u00e3o se destina ao consumo humano.<\/p>\n<p>Efeitos da TH-PHP :<\/p>\n<p>Os efeitos cl\u00ednicos da maioria das novas drogas sint\u00e9ticas, como a TH-PHP, podem ser classificados como estimulantes, alucinog\u00e9nios ou opi\u00e1ceos.<\/p>\n<p>Efeitos indesej\u00e1veis da TH-PHP<br \/>\nTal como acontece com outras drogas sint\u00e9ticas, o uso de TH-PHP pode ter efeitos secund\u00e1rios graves; a subst\u00e2ncia n\u00e3o foi clinicamente testada, mas \u00e9, no entanto, autorizada como um produto para m\u00e9dicos! Por este motivo, o TH-PHP destina-se apenas \u00e0 investiga\u00e7\u00e3o cient\u00edfica e n\u00e3o ao uso humano!<\/p>\n<h3>Compreender como armazenar o TH-PHP<\/h3>\n<p>Suspenso a TH-PHP-30 graus Celsius. Conservar o TH-PHP na embalagem original, ao abrigo da luz solar direta e da humidade.<\/p>","protected":false},"excerpt":{"rendered":"<p>Acheter du TH-PHP en ligne sur Internet. Acheter du TH-PHP via Internet : \u00c9tant donn\u00e9 que les informations pr\u00e9cises concernant la pharmacologie, l&rsquo;effet toxicologique et l&rsquo;effet biochimique du th-PHP ne sont pas facilement disponibles, sa consommation par l&rsquo;homme peut \u00eatre nocive. Seules les utilisations raisonnables et scientifiques sont autoris\u00e9es pour la recherche sur les produits [&hellip;]<\/p>","protected":false},"featured_media":3037,"comment_status":"open","ping_status":"closed","template":"","meta":{"_joinchat":[]},"product_brand":[],"product_cat":[385],"product_tag":[],"class_list":{"0":"post-3011","1":"product","2":"type-product","3":"status-publish","4":"has-post-thumbnail","6":"product_cat-forschung-schemikalien","8":"first","9":"instock","10":"shipping-taxable","11":"purchasable","12":"product-type-variable"},"yoast_head":"<!-- This site is optimized with the Yoast SEO plugin v23.5 - https:\/\/yoast.com\/wordpress\/plugins\/seo\/ -->\n<title>Acheter TH-PHP en ligne - TH-PHP \u00e0 vendre<\/title>\n<meta name=\"description\" content=\"Nous sommes le magasin leader proposant la vente de TH-PHP. Si vous souhaitez acheter TH-PHP, contactez-nous imm\u00e9diatement et faites livrer votre commande. Commandez maintenant !\" \/>\n<meta name=\"robots\" content=\"index, follow, max-snippet:-1, max-image-preview:large, max-video-preview:-1\" \/>\n<link rel=\"canonical\" href=\"https:\/\/nembutalboutique.com\/pt\/produto\/comprar-o-php\/\" \/>\n<meta property=\"og:locale\" content=\"pt_PT\" \/>\n<meta property=\"og:type\" content=\"article\" \/>\n<meta property=\"og:title\" content=\"Acheter TH-PHP en ligne - TH-PHP \u00e0 vendre\" \/>\n<meta property=\"og:description\" content=\"Nous sommes le magasin leader proposant la vente de TH-PHP. Si vous souhaitez acheter TH-PHP, contactez-nous imm\u00e9diatement et faites livrer votre commande. Commandez maintenant !\" \/>\n<meta property=\"og:url\" content=\"https:\/\/nembutalboutique.com\/pt\/produto\/comprar-o-php\/\" \/>\n<meta property=\"og:site_name\" content=\"Nembutal Boutique\" \/>\n<meta property=\"article:modified_time\" content=\"2024-09-20T09:54:26+00:00\" \/>\n<meta property=\"og:image\" content=\"https:\/\/nembutalboutique.com\/wp-content\/uploads\/2024\/09\/TH-PHP.gif\" \/>\n\t<meta property=\"og:image:width\" content=\"600\" \/>\n\t<meta property=\"og:image:height\" content=\"600\" \/>\n\t<meta property=\"og:image:type\" content=\"image\/gif\" \/>\n<meta name=\"twitter:card\" content=\"summary_large_image\" \/>\n<meta name=\"twitter:label1\" content=\"Tempo estimado de leitura\" \/>\n\t<meta name=\"twitter:data1\" content=\"2 minutos\" \/>\n<script type=\"application\/ld+json\" class=\"yoast-schema-graph\">{\"@context\":\"https:\/\/schema.org\",\"@graph\":[{\"@type\":\"WebPage\",\"@id\":\"https:\/\/nembutalboutique.com\/produit\/th-php\/\",\"url\":\"https:\/\/nembutalboutique.com\/produit\/th-php\/\",\"name\":\"Acheter TH-PHP en ligne - TH-PHP \u00e0 vendre\",\"isPartOf\":{\"@id\":\"https:\/\/nembutalboutique.com\/#website\"},\"primaryImageOfPage\":{\"@id\":\"https:\/\/nembutalboutique.com\/produit\/th-php\/#primaryimage\"},\"image\":{\"@id\":\"https:\/\/nembutalboutique.com\/produit\/th-php\/#primaryimage\"},\"thumbnailUrl\":\"https:\/\/nembutalboutique.com\/wp-content\/uploads\/2024\/09\/TH-PHP.gif\",\"datePublished\":\"2024-09-16T08:14:16+00:00\",\"dateModified\":\"2024-09-20T09:54:26+00:00\",\"description\":\"Nous sommes le magasin leader proposant la vente de TH-PHP. Si vous souhaitez acheter TH-PHP, contactez-nous imm\u00e9diatement et faites livrer votre commande. Commandez maintenant !\",\"breadcrumb\":{\"@id\":\"https:\/\/nembutalboutique.com\/produit\/th-php\/#breadcrumb\"},\"inLanguage\":\"pt-PT\",\"potentialAction\":[{\"@type\":\"ReadAction\",\"target\":[\"https:\/\/nembutalboutique.com\/produit\/th-php\/\"]}]},{\"@type\":\"ImageObject\",\"inLanguage\":\"pt-PT\",\"@id\":\"https:\/\/nembutalboutique.com\/produit\/th-php\/#primaryimage\",\"url\":\"https:\/\/nembutalboutique.com\/wp-content\/uploads\/2024\/09\/TH-PHP.gif\",\"contentUrl\":\"https:\/\/nembutalboutique.com\/wp-content\/uploads\/2024\/09\/TH-PHP.gif\",\"width\":600,\"height\":600,\"caption\":\"acheter TH-PHP.gif\"},{\"@type\":\"BreadcrumbList\",\"@id\":\"https:\/\/nembutalboutique.com\/produit\/th-php\/#breadcrumb\",\"itemListElement\":[{\"@type\":\"ListItem\",\"position\":1,\"name\":\"Home\",\"item\":\"https:\/\/nembutalboutique.com\/\"},{\"@type\":\"ListItem\",\"position\":2,\"name\":\"Boutique\",\"item\":\"https:\/\/nembutalboutique.com\/shop\/\"},{\"@type\":\"ListItem\",\"position\":3,\"name\":\"TH-PHP\"}]},{\"@type\":\"WebSite\",\"@id\":\"https:\/\/nembutalboutique.com\/#website\",\"url\":\"https:\/\/nembutalboutique.com\/\",\"name\":\"Nembutal Boutique\",\"description\":\"My WordPress Blog\",\"publisher\":{\"@id\":\"https:\/\/nembutalboutique.com\/#organization\"},\"potentialAction\":[{\"@type\":\"SearchAction\",\"target\":{\"@type\":\"EntryPoint\",\"urlTemplate\":\"https:\/\/nembutalboutique.com\/?s={search_term_string}\"},\"query-input\":{\"@type\":\"PropertyValueSpecification\",\"valueRequired\":true,\"valueName\":\"search_term_string\"}}],\"inLanguage\":\"pt-PT\"},{\"@type\":\"Organization\",\"@id\":\"https:\/\/nembutalboutique.com\/#organization\",\"name\":\"Nembutal Boutique\",\"url\":\"https:\/\/nembutalboutique.com\/\",\"logo\":{\"@type\":\"ImageObject\",\"inLanguage\":\"pt-PT\",\"@id\":\"https:\/\/nembutalboutique.com\/#\/schema\/logo\/image\/\",\"url\":\"https:\/\/nembutalboutique.com\/wp-content\/uploads\/2024\/01\/logo.png\",\"contentUrl\":\"https:\/\/nembutalboutique.com\/wp-content\/uploads\/2024\/01\/logo.png\",\"width\":494,\"height\":121,\"caption\":\"Nembutal Boutique\"},\"image\":{\"@id\":\"https:\/\/nembutalboutique.com\/#\/schema\/logo\/image\/\"}}]}<\/script>\n<!-- \/ Yoast SEO plugin. -->","yoast_head_json":{"title":"Comprar TH-PHP online - TH-PHP para venda","description":"Somos a principal loja de venda de TH-PHP. Se quiser comprar TH-PHP, contacte-nos imediatamente e receba a sua encomenda. Encomendar agora!","robots":{"index":"index","follow":"follow","max-snippet":"max-snippet:-1","max-image-preview":"max-image-preview:large","max-video-preview":"max-video-preview:-1"},"canonical":"https:\/\/nembutalboutique.com\/pt\/produto\/comprar-o-php\/","og_locale":"pt_PT","og_type":"article","og_title":"Acheter TH-PHP en ligne - TH-PHP \u00e0 vendre","og_description":"Nous sommes le magasin leader proposant la vente de TH-PHP. Si vous souhaitez acheter TH-PHP, contactez-nous imm\u00e9diatement et faites livrer votre commande. Commandez maintenant !","og_url":"https:\/\/nembutalboutique.com\/pt\/produto\/comprar-o-php\/","og_site_name":"Nembutal Boutique","article_modified_time":"2024-09-20T09:54:26+00:00","og_image":[{"width":600,"height":600,"url":"https:\/\/nembutalboutique.com\/wp-content\/uploads\/2024\/09\/TH-PHP.gif","type":"image\/gif"}],"twitter_card":"summary_large_image","twitter_misc":{"Tempo estimado de leitura":"2 minutos"},"schema":{"@context":"https:\/\/schema.org","@graph":[{"@type":"WebPage","@id":"https:\/\/nembutalboutique.com\/produit\/th-php\/","url":"https:\/\/nembutalboutique.com\/produit\/th-php\/","name":"Comprar TH-PHP online - TH-PHP para venda","isPartOf":{"@id":"https:\/\/nembutalboutique.com\/#website"},"primaryImageOfPage":{"@id":"https:\/\/nembutalboutique.com\/produit\/th-php\/#primaryimage"},"image":{"@id":"https:\/\/nembutalboutique.com\/produit\/th-php\/#primaryimage"},"thumbnailUrl":"https:\/\/nembutalboutique.com\/wp-content\/uploads\/2024\/09\/TH-PHP.gif","datePublished":"2024-09-16T08:14:16+00:00","dateModified":"2024-09-20T09:54:26+00:00","description":"Somos a principal loja de venda de TH-PHP. Se quiser comprar TH-PHP, contacte-nos imediatamente e receba a sua encomenda. Encomendar agora!","breadcrumb":{"@id":"https:\/\/nembutalboutique.com\/produit\/th-php\/#breadcrumb"},"inLanguage":"pt-PT","potentialAction":[{"@type":"ReadAction","target":["https:\/\/nembutalboutique.com\/produit\/th-php\/"]}]},{"@type":"ImageObject","inLanguage":"pt-PT","@id":"https:\/\/nembutalboutique.com\/produit\/th-php\/#primaryimage","url":"https:\/\/nembutalboutique.com\/wp-content\/uploads\/2024\/09\/TH-PHP.gif","contentUrl":"https:\/\/nembutalboutique.com\/wp-content\/uploads\/2024\/09\/TH-PHP.gif","width":600,"height":600,"caption":"acheter TH-PHP.gif"},{"@type":"BreadcrumbList","@id":"https:\/\/nembutalboutique.com\/produit\/th-php\/#breadcrumb","itemListElement":[{"@type":"ListItem","position":1,"name":"Home","item":"https:\/\/nembutalboutique.com\/"},{"@type":"ListItem","position":2,"name":"Boutique","item":"https:\/\/nembutalboutique.com\/shop\/"},{"@type":"ListItem","position":3,"name":"TH-PHP"}]},{"@type":"WebSite","@id":"https:\/\/nembutalboutique.com\/#website","url":"https:\/\/nembutalboutique.com\/","name":"Nembutal Boutique","description":"O meu blogue WordPress","publisher":{"@id":"https:\/\/nembutalboutique.com\/#organization"},"potentialAction":[{"@type":"SearchAction","target":{"@type":"EntryPoint","urlTemplate":"https:\/\/nembutalboutique.com\/?s={search_term_string}"},"query-input":{"@type":"PropertyValueSpecification","valueRequired":true,"valueName":"search_term_string"}}],"inLanguage":"pt-PT"},{"@type":"Organization","@id":"https:\/\/nembutalboutique.com\/#organization","name":"Nembutal Boutique","url":"https:\/\/nembutalboutique.com\/","logo":{"@type":"ImageObject","inLanguage":"pt-PT","@id":"https:\/\/nembutalboutique.com\/#\/schema\/logo\/image\/","url":"https:\/\/nembutalboutique.com\/wp-content\/uploads\/2024\/01\/logo.png","contentUrl":"https:\/\/nembutalboutique.com\/wp-content\/uploads\/2024\/01\/logo.png","width":494,"height":121,"caption":"Nembutal Boutique"},"image":{"@id":"https:\/\/nembutalboutique.com\/#\/schema\/logo\/image\/"}}]}},"_links":{"self":[{"href":"https:\/\/nembutalboutique.com\/pt\/wp-json\/wp\/v2\/product\/3011"}],"collection":[{"href":"https:\/\/nembutalboutique.com\/pt\/wp-json\/wp\/v2\/product"}],"about":[{"href":"https:\/\/nembutalboutique.com\/pt\/wp-json\/wp\/v2\/types\/product"}],"replies":[{"embeddable":true,"href":"https:\/\/nembutalboutique.com\/pt\/wp-json\/wp\/v2\/comments?post=3011"}],"wp:featuredmedia":[{"embeddable":true,"href":"https:\/\/nembutalboutique.com\/pt\/wp-json\/wp\/v2\/media\/3037"}],"wp:attachment":[{"href":"https:\/\/nembutalboutique.com\/pt\/wp-json\/wp\/v2\/media?parent=3011"}],"wp:term":[{"taxonomy":"product_brand","embeddable":true,"href":"https:\/\/nembutalboutique.com\/pt\/wp-json\/wp\/v2\/product_brand?post=3011"},{"taxonomy":"product_cat","embeddable":true,"href":"https:\/\/nembutalboutique.com\/pt\/wp-json\/wp\/v2\/product_cat?post=3011"},{"taxonomy":"product_tag","embeddable":true,"href":"https:\/\/nembutalboutique.com\/pt\/wp-json\/wp\/v2\/product_tag?post=3011"}],"curies":[{"name":"wp","href":"https:\/\/api.w.org\/{rel}","templated":true}]}}