{"id":2934,"date":"2024-09-16T08:13:35","date_gmt":"2024-09-16T08:13:35","guid":{"rendered":"https:\/\/nembutalboutique.com\/?post_type=product&#038;p=2934"},"modified":"2024-09-20T10:14:18","modified_gmt":"2024-09-20T10:14:18","slug":"mphp","status":"publish","type":"product","link":"https:\/\/nembutalboutique.com\/pt\/produto\/comprar-mphp-online\/","title":{"rendered":"MPHP"},"content":{"rendered":"<h2>Onde posso comprar o MPHP-2201 online?<br \/>\nO que \u00e9 o MPHP-2201?<\/h2>\n<p>O 5-Fluorine MPP-PICA \u00e9 um padr\u00e3o anal\u00edtico de refer\u00eancia utilizado em aplica\u00e7\u00f5es forenses e de investiga\u00e7\u00e3o. A sua estrutura \u00e9 semelhante \u00e0 dos canabin\u00f3ides sint\u00e9ticos conhecidos. Comprar <a href=\"https:\/\/nembutalboutique.com\/produit\/mphp\/\">MPHP-2201<\/a> online agora.<\/p>\n<p>Detalhes t\u00e9cnicos : MPHP-2201 dispon\u00edvel para compra online<\/p>\n<p>Nome do fabricante : -<\/p>\n<p>N\u00famero CAS :<\/p>\n<p>Outro nome para este produto \u00e9 MPHP-2201.<\/p>\n<p>F\u00f3rmula molecular: -<\/p>\n<p>Peso em gramas: - g\/mol<\/p>\n<p>Reinheit 98%<\/p>\n<p>Formula\u00e7\u00e3o :<\/p>\n<p>Expedi\u00e7\u00e3o e armazenamento : Comprar MPHP-2201 online<\/p>\n<p>Armazenamento: -20\u00b0C<\/p>\n<p>Entrega: Temperatura ambiente<\/p>\n<p>Estabilidade: &lt; 2 anos<\/p>\n<p>Especifica\u00e7\u00f5es<br \/>\nGel de cor<br \/>\nVer tamb\u00e9m: P\u00f3<\/p>\n<p>\u00c9 por vezes referida como 5-Fluor-MPhP-PICA e 5-Fluor-MPP-PICA. \u00c9 uma metodologia de investiga\u00e7\u00e3o comummente utilizada em muitos laborat\u00f3rios e instala\u00e7\u00f5es de investiga\u00e7\u00e3o.<\/p>\n<p>Tudo considerado, o <a href=\"https:\/\/en.wikipedia.org\/wiki\/4%27-Methyl-%CE%B1-pyrrolidinohexiophenone\">MPHP-2201<\/a> tem um valor Ki de 1,0 nM para os receptores canabin\u00f3ides CB1 e 2,6 nM para os receptores canabin\u00f3ides CB2, o que o torna um poderoso antagonista.<\/p>\n<p>Al\u00e9m disso, a sua utiliza\u00e7\u00e3o no homem ou nos animais \u00e9 proibida devido \u00e0 sua toxicidade. Tem a forma de um pimento verde e um Reinheitsgrad de 98 %.<\/p>\n<p>Natureza da qu\u00edmica do MPHP-2201 O MPHP-2201 \u00e9 um novo medicamento utilizado em todo o mundo como alternativa ao AM-2201. Pode ser utilizado um \u00fanico seiner qu\u00edmico.<\/p>\n<p>A designa\u00e7\u00e3o IUPAC do MPHP-2201 \u00e9 metil (1-(5-fluorpentil)-1H-indol-3-carbonil)fenilalanina.<\/p>\n<p>Massa e forma somat\u00f3ria: Esta subst\u00e2ncia tem uma massa molecular de 410,5 g\/mol, e a forma somat\u00f3ria Reinheitsgrad e Wellenl\u00e4nge: O MPHP-2201 tem um Wellenl\u00e4nge de 216 a 291 nm e um Reinheitsgrad de 99 %.<\/p>\n<h3>Quais s\u00e3o os efeitos do MPHP-2201?<\/h3>\n<p>Os efeitos do MPHP-2201 s\u00e3o semelhantes aos do AM-2201, uma variedade potente de can\u00e1bis sint\u00e9tica. N\u00e3o foram efectuados estudos relevantes sobre os efeitos no ser humano. A experi\u00eancia dos utilizadores sugere que pode ter um impacto na sa\u00fade f\u00edsica e mental, em particular.<\/p>\n<p>Podem ocorrer sintomas psicol\u00f3gicos como ataques de ansiedade, ataques de p\u00e2nico, alucina\u00e7\u00f5es e paranoia ap\u00f3s a cirurgia.<\/p>\n<p>Por conseguinte, o MPHP-2201 pode tamb\u00e9m ter efeitos f\u00edsicos. Os doentes podem sentir ardor, convuls\u00f5es, azia e dores abdominais.<\/p>\n<h3>Nota: este produto n\u00e3o se destina a ser utilizado por seres humanos ou animais.<\/h3>\n<p>Diretrizes de dosagem para MPHP-2201 De acordo com relat\u00f3rios de pacientes, a dosagem t\u00edpica de MPHP-2201 \u00e9 de 100 mg. Nenhum especialista sabe. Se tomar mais de 100 mg, ir\u00e1 sentir tanto efeitos ben\u00e9ficos como adversos.<\/p>\n<p>No entanto, podem ocorrer efeitos graves se tomar uma dose maior ou se a combinar com outros medicamentos, como o \u00e1lcool.<\/p>\n<p>Pode ter efeitos potencialmente fatais no corpo humano e causar les\u00f5es nos \u00f3rg\u00e3os.<\/p>\n<h3>Estatuto jur\u00eddico do MPHP-2201<\/h3>\n<p>Principalmente devido aos seus efeitos potentes e nocivos, o AM-2201 \u00e9 proibido por lei em muitos pa\u00edses. O facto de o seu hom\u00f3logo MPHP-2201 n\u00e3o ser proibido nem regulamentado \u00e9 uma vantagem para os investigadores.<\/p>\n<p>Est\u00e1 tamb\u00e9m dispon\u00edvel em linha em muitos pa\u00edses como produto qu\u00edmico de investiga\u00e7\u00e3o ou droga sint\u00e9tica.<\/p>\n<p>No entanto, este medicamento deve obedecer a restri\u00e7\u00f5es espec\u00edficas em pa\u00edses com legisla\u00e7\u00e3o rigorosa semelhante.<\/p>\n<p>Antes de efetuar uma encomenda, \u00e9 favor confirmar que este material<br \/>\nn\u00e3o \u00e9 proibido ou restringido no seu pa\u00eds.<\/p>\n<h3>MPHP ao comprar nembutal: compre-o porque a qualidade conta!<\/h3>\n<p>Compre MPHP em linha \u00e0s melhores empresas qu\u00edmicas europeias de fabrico profissional com um m\u00ednimo de 98 % + garantia Reinheit. Fornecemos o COA de cada lote produzido quimicamente durante a nossa investiga\u00e7\u00e3o!<\/p>\n<p>Materiais em MPHP<\/p>\n<h3>Cont\u00e9m pelo menos 98 % de MPHP puro por unidade de controlo.<\/h3>\n<p>Determina\u00e7\u00e3o da MPHP<\/p>\n<p>Como o MPHP \u00e9 vendido apenas para utiliza\u00e7\u00e3o em investiga\u00e7\u00e3o qu\u00edmica cient\u00edfica e n\u00e3o se destina ao consumo humano, n\u00e3o existe uma dosagem recomendada.<\/p>\n<h3>Efeitos da MPHP :<\/h3>\n<p>Os efeitos cl\u00ednicos da maioria das novas drogas sint\u00e9ticas, como o MPHP, podem ser classificados como estimulantes, alucinog\u00e9nios ou opi\u00e1ceos. Para al\u00e9m disso, existe uma combina\u00e7\u00e3o destes efeitos com a substitui\u00e7\u00e3o por drogas sint\u00e9ticas.<\/p>\n<h3>Efeitos secund\u00e1rios do MPHP<\/h3>\n<p>Tal como acontece com outras drogas sint\u00e9ticas, o uso de MPHP pode ter efeitos secund\u00e1rios significativos. causar danos; a subst\u00e2ncia n\u00e3o foi clinicamente testada ou aprovada de forma alguma como um produto para o praticante! Por conseguinte, o MPHP destina-se apenas \u00e0 investiga\u00e7\u00e3o cient\u00edfica e n\u00e3o ao uso humano!<\/p>\n<h3>Compreender como conservar a MPHP<\/h3>\n<p>Guarde o seu MPHP a uma temperatura inferior a 30 graus Celsius. O MPHP deve ser armazenado na sua embalagem original, longe da luz solar direta e mantido h\u00famido.<\/p>","protected":false},"excerpt":{"rendered":"<p>O\u00f9 puis-je acheter du MPHP-2201 en ligne\u00a0? Qu&rsquo;est-ce que le MPHP-2201\u00a0? Le 5-Fluorine MPP-PICA est un \u00e9talon de r\u00e9f\u00e9rence analytique utilis\u00e9 dans les applications m\u00e9dico-l\u00e9gales et de recherche. Sa structure est similaire \u00e0 celle des cannabino\u00efdes synth\u00e9tiques connus. Achetez du MPHP-2201 en ligne d\u00e8s maintenant. D\u00e9tails techniques\u00a0: MPHP-2201 disponible \u00e0 l&rsquo;achat en ligne Nom du [&hellip;]<\/p>","protected":false},"featured_media":2940,"comment_status":"open","ping_status":"closed","template":"","meta":{"_joinchat":[]},"product_brand":[],"product_cat":[385],"product_tag":[],"class_list":{"0":"post-2934","1":"product","2":"type-product","3":"status-publish","4":"has-post-thumbnail","6":"product_cat-forschung-schemikalien","8":"first","9":"instock","10":"shipping-taxable","11":"purchasable","12":"product-type-variable"},"yoast_head":"<!-- This site is optimized with the Yoast SEO plugin v23.5 - https:\/\/yoast.com\/wordpress\/plugins\/seo\/ -->\n<title>Achetez du MPHP en ligne - MPHP \u00e0 vendre<\/title>\n<meta name=\"description\" content=\"Vous souhaitez acheter du MPHP en ligne \u00e0 un prix raisonnable ? Visitez notre boutique en ligne r\u00e9put\u00e9e NembutalBoutique et obtenez du MPHP en vente d\u00e8s aujourd&#039;hui. Passez une commande maintenant !\" \/>\n<meta name=\"robots\" content=\"index, follow, max-snippet:-1, max-image-preview:large, max-video-preview:-1\" \/>\n<link rel=\"canonical\" href=\"https:\/\/nembutalboutique.com\/pt\/produto\/comprar-mphp-online\/\" \/>\n<meta property=\"og:locale\" content=\"pt_PT\" \/>\n<meta property=\"og:type\" content=\"article\" \/>\n<meta property=\"og:title\" content=\"Achetez du MPHP en ligne - MPHP \u00e0 vendre\" \/>\n<meta property=\"og:description\" content=\"Vous souhaitez acheter du MPHP en ligne \u00e0 un prix raisonnable ? Visitez notre boutique en ligne r\u00e9put\u00e9e NembutalBoutique et obtenez du MPHP en vente d\u00e8s aujourd&#039;hui. Passez une commande maintenant !\" \/>\n<meta property=\"og:url\" content=\"https:\/\/nembutalboutique.com\/pt\/produto\/comprar-mphp-online\/\" \/>\n<meta property=\"og:site_name\" content=\"Nembutal Boutique\" \/>\n<meta property=\"article:modified_time\" content=\"2024-09-20T10:14:18+00:00\" \/>\n<meta property=\"og:image\" content=\"https:\/\/nembutalboutique.com\/wp-content\/uploads\/2024\/09\/MPHP.gif\" \/>\n\t<meta property=\"og:image:width\" content=\"600\" \/>\n\t<meta property=\"og:image:height\" content=\"600\" \/>\n\t<meta property=\"og:image:type\" content=\"image\/gif\" \/>\n<meta name=\"twitter:card\" content=\"summary_large_image\" \/>\n<meta name=\"twitter:label1\" content=\"Tempo estimado de leitura\" \/>\n\t<meta name=\"twitter:data1\" content=\"4 minutos\" \/>\n<script type=\"application\/ld+json\" class=\"yoast-schema-graph\">{\"@context\":\"https:\/\/schema.org\",\"@graph\":[{\"@type\":\"WebPage\",\"@id\":\"https:\/\/nembutalboutique.com\/produit\/mphp\/\",\"url\":\"https:\/\/nembutalboutique.com\/produit\/mphp\/\",\"name\":\"Achetez du MPHP en ligne - MPHP \u00e0 vendre\",\"isPartOf\":{\"@id\":\"https:\/\/nembutalboutique.com\/#website\"},\"primaryImageOfPage\":{\"@id\":\"https:\/\/nembutalboutique.com\/produit\/mphp\/#primaryimage\"},\"image\":{\"@id\":\"https:\/\/nembutalboutique.com\/produit\/mphp\/#primaryimage\"},\"thumbnailUrl\":\"https:\/\/nembutalboutique.com\/wp-content\/uploads\/2024\/09\/MPHP.gif\",\"datePublished\":\"2024-09-16T08:13:35+00:00\",\"dateModified\":\"2024-09-20T10:14:18+00:00\",\"description\":\"Vous souhaitez acheter du MPHP en ligne \u00e0 un prix raisonnable ? Visitez notre boutique en ligne r\u00e9put\u00e9e NembutalBoutique et obtenez du MPHP en vente d\u00e8s aujourd'hui. Passez une commande maintenant !\",\"breadcrumb\":{\"@id\":\"https:\/\/nembutalboutique.com\/produit\/mphp\/#breadcrumb\"},\"inLanguage\":\"pt-PT\",\"potentialAction\":[{\"@type\":\"ReadAction\",\"target\":[\"https:\/\/nembutalboutique.com\/produit\/mphp\/\"]}]},{\"@type\":\"ImageObject\",\"inLanguage\":\"pt-PT\",\"@id\":\"https:\/\/nembutalboutique.com\/produit\/mphp\/#primaryimage\",\"url\":\"https:\/\/nembutalboutique.com\/wp-content\/uploads\/2024\/09\/MPHP.gif\",\"contentUrl\":\"https:\/\/nembutalboutique.com\/wp-content\/uploads\/2024\/09\/MPHP.gif\",\"width\":600,\"height\":600,\"caption\":\"Acheter MPHP.gif\"},{\"@type\":\"BreadcrumbList\",\"@id\":\"https:\/\/nembutalboutique.com\/produit\/mphp\/#breadcrumb\",\"itemListElement\":[{\"@type\":\"ListItem\",\"position\":1,\"name\":\"Home\",\"item\":\"https:\/\/nembutalboutique.com\/\"},{\"@type\":\"ListItem\",\"position\":2,\"name\":\"Boutique\",\"item\":\"https:\/\/nembutalboutique.com\/shop\/\"},{\"@type\":\"ListItem\",\"position\":3,\"name\":\"MPHP\"}]},{\"@type\":\"WebSite\",\"@id\":\"https:\/\/nembutalboutique.com\/#website\",\"url\":\"https:\/\/nembutalboutique.com\/\",\"name\":\"Nembutal Boutique\",\"description\":\"My WordPress Blog\",\"publisher\":{\"@id\":\"https:\/\/nembutalboutique.com\/#organization\"},\"potentialAction\":[{\"@type\":\"SearchAction\",\"target\":{\"@type\":\"EntryPoint\",\"urlTemplate\":\"https:\/\/nembutalboutique.com\/?s={search_term_string}\"},\"query-input\":{\"@type\":\"PropertyValueSpecification\",\"valueRequired\":true,\"valueName\":\"search_term_string\"}}],\"inLanguage\":\"pt-PT\"},{\"@type\":\"Organization\",\"@id\":\"https:\/\/nembutalboutique.com\/#organization\",\"name\":\"Nembutal Boutique\",\"url\":\"https:\/\/nembutalboutique.com\/\",\"logo\":{\"@type\":\"ImageObject\",\"inLanguage\":\"pt-PT\",\"@id\":\"https:\/\/nembutalboutique.com\/#\/schema\/logo\/image\/\",\"url\":\"https:\/\/nembutalboutique.com\/wp-content\/uploads\/2024\/01\/logo.png\",\"contentUrl\":\"https:\/\/nembutalboutique.com\/wp-content\/uploads\/2024\/01\/logo.png\",\"width\":494,\"height\":121,\"caption\":\"Nembutal Boutique\"},\"image\":{\"@id\":\"https:\/\/nembutalboutique.com\/#\/schema\/logo\/image\/\"}}]}<\/script>\n<!-- \/ Yoast SEO plugin. -->","yoast_head_json":{"title":"Comprar MPHP online - MPHP para venda","description":"Quer comprar MPHP online a um pre\u00e7o razo\u00e1vel? Visite a nossa reputada loja online NembutalBoutique e adquira MPHP em promo\u00e7\u00e3o hoje mesmo. Fa\u00e7a uma encomenda agora!","robots":{"index":"index","follow":"follow","max-snippet":"max-snippet:-1","max-image-preview":"max-image-preview:large","max-video-preview":"max-video-preview:-1"},"canonical":"https:\/\/nembutalboutique.com\/pt\/produto\/comprar-mphp-online\/","og_locale":"pt_PT","og_type":"article","og_title":"Achetez du MPHP en ligne - MPHP \u00e0 vendre","og_description":"Vous souhaitez acheter du MPHP en ligne \u00e0 un prix raisonnable ? Visitez notre boutique en ligne r\u00e9put\u00e9e NembutalBoutique et obtenez du MPHP en vente d\u00e8s aujourd'hui. Passez une commande maintenant !","og_url":"https:\/\/nembutalboutique.com\/pt\/produto\/comprar-mphp-online\/","og_site_name":"Nembutal Boutique","article_modified_time":"2024-09-20T10:14:18+00:00","og_image":[{"width":600,"height":600,"url":"https:\/\/nembutalboutique.com\/wp-content\/uploads\/2024\/09\/MPHP.gif","type":"image\/gif"}],"twitter_card":"summary_large_image","twitter_misc":{"Tempo estimado de leitura":"4 minutos"},"schema":{"@context":"https:\/\/schema.org","@graph":[{"@type":"WebPage","@id":"https:\/\/nembutalboutique.com\/produit\/mphp\/","url":"https:\/\/nembutalboutique.com\/produit\/mphp\/","name":"Comprar MPHP online - MPHP para venda","isPartOf":{"@id":"https:\/\/nembutalboutique.com\/#website"},"primaryImageOfPage":{"@id":"https:\/\/nembutalboutique.com\/produit\/mphp\/#primaryimage"},"image":{"@id":"https:\/\/nembutalboutique.com\/produit\/mphp\/#primaryimage"},"thumbnailUrl":"https:\/\/nembutalboutique.com\/wp-content\/uploads\/2024\/09\/MPHP.gif","datePublished":"2024-09-16T08:13:35+00:00","dateModified":"2024-09-20T10:14:18+00:00","description":"Quer comprar MPHP online a um pre\u00e7o razo\u00e1vel? Visite a nossa reputada loja online NembutalBoutique e adquira MPHP em promo\u00e7\u00e3o hoje mesmo. Fa\u00e7a uma encomenda agora!","breadcrumb":{"@id":"https:\/\/nembutalboutique.com\/produit\/mphp\/#breadcrumb"},"inLanguage":"pt-PT","potentialAction":[{"@type":"ReadAction","target":["https:\/\/nembutalboutique.com\/produit\/mphp\/"]}]},{"@type":"ImageObject","inLanguage":"pt-PT","@id":"https:\/\/nembutalboutique.com\/produit\/mphp\/#primaryimage","url":"https:\/\/nembutalboutique.com\/wp-content\/uploads\/2024\/09\/MPHP.gif","contentUrl":"https:\/\/nembutalboutique.com\/wp-content\/uploads\/2024\/09\/MPHP.gif","width":600,"height":600,"caption":"Acheter MPHP.gif"},{"@type":"BreadcrumbList","@id":"https:\/\/nembutalboutique.com\/produit\/mphp\/#breadcrumb","itemListElement":[{"@type":"ListItem","position":1,"name":"Home","item":"https:\/\/nembutalboutique.com\/"},{"@type":"ListItem","position":2,"name":"Boutique","item":"https:\/\/nembutalboutique.com\/shop\/"},{"@type":"ListItem","position":3,"name":"MPHP"}]},{"@type":"WebSite","@id":"https:\/\/nembutalboutique.com\/#website","url":"https:\/\/nembutalboutique.com\/","name":"Nembutal Boutique","description":"O meu blogue WordPress","publisher":{"@id":"https:\/\/nembutalboutique.com\/#organization"},"potentialAction":[{"@type":"SearchAction","target":{"@type":"EntryPoint","urlTemplate":"https:\/\/nembutalboutique.com\/?s={search_term_string}"},"query-input":{"@type":"PropertyValueSpecification","valueRequired":true,"valueName":"search_term_string"}}],"inLanguage":"pt-PT"},{"@type":"Organization","@id":"https:\/\/nembutalboutique.com\/#organization","name":"Nembutal Boutique","url":"https:\/\/nembutalboutique.com\/","logo":{"@type":"ImageObject","inLanguage":"pt-PT","@id":"https:\/\/nembutalboutique.com\/#\/schema\/logo\/image\/","url":"https:\/\/nembutalboutique.com\/wp-content\/uploads\/2024\/01\/logo.png","contentUrl":"https:\/\/nembutalboutique.com\/wp-content\/uploads\/2024\/01\/logo.png","width":494,"height":121,"caption":"Nembutal Boutique"},"image":{"@id":"https:\/\/nembutalboutique.com\/#\/schema\/logo\/image\/"}}]}},"_links":{"self":[{"href":"https:\/\/nembutalboutique.com\/pt\/wp-json\/wp\/v2\/product\/2934"}],"collection":[{"href":"https:\/\/nembutalboutique.com\/pt\/wp-json\/wp\/v2\/product"}],"about":[{"href":"https:\/\/nembutalboutique.com\/pt\/wp-json\/wp\/v2\/types\/product"}],"replies":[{"embeddable":true,"href":"https:\/\/nembutalboutique.com\/pt\/wp-json\/wp\/v2\/comments?post=2934"}],"wp:featuredmedia":[{"embeddable":true,"href":"https:\/\/nembutalboutique.com\/pt\/wp-json\/wp\/v2\/media\/2940"}],"wp:attachment":[{"href":"https:\/\/nembutalboutique.com\/pt\/wp-json\/wp\/v2\/media?parent=2934"}],"wp:term":[{"taxonomy":"product_brand","embeddable":true,"href":"https:\/\/nembutalboutique.com\/pt\/wp-json\/wp\/v2\/product_brand?post=2934"},{"taxonomy":"product_cat","embeddable":true,"href":"https:\/\/nembutalboutique.com\/pt\/wp-json\/wp\/v2\/product_cat?post=2934"},{"taxonomy":"product_tag","embeddable":true,"href":"https:\/\/nembutalboutique.com\/pt\/wp-json\/wp\/v2\/product_tag?post=2934"}],"curies":[{"name":"wp","href":"https:\/\/api.w.org\/{rel}","templated":true}]}}