{"id":2930,"date":"2024-09-16T08:13:34","date_gmt":"2024-09-16T08:13:34","guid":{"rendered":"https:\/\/nembutalboutique.com\/?post_type=product&#038;p=2930"},"modified":"2024-09-20T10:12:00","modified_gmt":"2024-09-20T10:12:00","slug":"mdpv","status":"publish","type":"product","link":"https:\/\/nembutalboutique.com\/pt\/produto\/comprar-mdpv-online\/","title":{"rendered":"MDPV"},"content":{"rendered":"<h2>Comprar MDPV online<\/h2>\n<h3>Compre cristais de MDPV online em Cristais de MDPV para venda e receba entrega no dia seguinte.<\/h3>\n<p>Loja online MDPV: oferecemos a melhor qualidade. Comprar cristais <a href=\"https:\/\/nembutalboutique.com\/produit\/mdpv\/\">MDPV<\/a> online connosco; oferecemos uma garantia de prote\u00e7\u00e3o de dados de 100 %, um reembolso seguro e uma entrega fi\u00e1vel. Agora, ap\u00f3s anos de trabalho \u00e1rduo na rua principal, decidimos fazer uma mudan\u00e7a radical. Vender o cristal de MDPV.<\/p>\n<p>N\u00e3o \u00e9 um jogo f\u00e1cil, mas tudo o que tens de fazer \u00e9 experimentar e ver o que acontece. Como o nosso jogo n\u00e3o \u00e9 assim t\u00e3o simples, tudo o que tens de fazer \u00e9 experiment\u00e1-lo e ver como funciona. Como agora estamos a fazer VPSMs online atrav\u00e9s da nossa loja, estamos sempre \u00e0 espera da sua visita.<\/p>\n<p>As nossas portas est\u00e3o abertas para a sua entrada se for um daqueles que tamb\u00e9m acolhemos em grande n\u00famero. cren\u00e7as religiosas. Comprar MDPV e obter entrega r\u00e1pida.<\/p>\n<h3>MDPV ao comprar nembutal - comprar porque a qualidade conta!<\/h3>\n<p>Comprar <a href=\"https:\/\/en.wikipedia.org\/wiki\/Methylenedioxypyrovalerone\">MDPV<\/a> de empresas qu\u00edmicas europeias l\u00edderes, com garantia de pureza de pelo menos 98 % +. Fornecemos o COA de cada carga produzida quimicamente durante a nossa investiga\u00e7\u00e3o!<\/p>\n<p><strong>Materiais no MDPV<\/strong><\/p>\n<p>Cont\u00e9m pelo menos 98 % de MDPV puro por unidade de controlo.<\/p>\n<p><strong>Determina\u00e7\u00e3o do MDPV<\/strong><\/p>\n<p>Como o MDPV \u00e9 vendido apenas para utiliza\u00e7\u00e3o em investiga\u00e7\u00e3o qu\u00edmica cient\u00edfica e n\u00e3o se destina ao consumo humano, n\u00e3o existe uma dosagem recomendada.<\/p>\n<p><strong>Implica\u00e7\u00f5es do MDPV :<\/strong><\/p>\n<p>Os efeitos cl\u00ednicos da maioria das novas drogas sint\u00e9ticas, como o MDPV, podem ser classificados como estimulantes, alucinog\u00e9nios ou opi\u00e1ceos. Para al\u00e9m disso, existe uma combina\u00e7\u00e3o destes efeitos com a substitui\u00e7\u00e3o de drogas sint\u00e9ticas.<\/p>\n<p><strong>Efeitos indesej\u00e1veis do MDPV<\/strong><\/p>\n<p>Tal como outras drogas sint\u00e9ticas, a utiliza\u00e7\u00e3o de MDPV pode ter efeitos secund\u00e1rios graves. A subst\u00e2ncia n\u00e3o foi clinicamente testada nem aprovada de forma alguma como produto para os profissionais! Por conseguinte, o MDPV destina-se exclusivamente \u00e0 investiga\u00e7\u00e3o cient\u00edfica e n\u00e3o ao uso humano!<\/p>\n<p><strong>Descobrir como manter o MDPV<\/strong><\/p>\n<p>Armazenar o MDPV a uma temperatura inferior a 30 graus Celsius. O MDPV deve ser mantido na sua embalagem original para evitar a exposi\u00e7\u00e3o direta \u00e0 luz solar e os danos causados pela humidade.<\/p>","protected":false},"excerpt":{"rendered":"<p>Acheter MDPV en ligne Achetez des cristaux MDPV en ligne sur MDPV Crystals for Sale et obtenez une livraison le lendemain. Boutique en ligne MDPV : nous offrons la meilleure qualit\u00e9. Achetez des cristaux MDPV en ligne chez nous ; nous vous offrons une garantie de protection des donn\u00e9es \u00e0 100 %, un remboursement s\u00e9curis\u00e9 [&hellip;]<\/p>","protected":false},"featured_media":2936,"comment_status":"open","ping_status":"closed","template":"","meta":{"_joinchat":[]},"product_brand":[],"product_cat":[385],"product_tag":[],"class_list":{"0":"post-2930","1":"product","2":"type-product","3":"status-publish","4":"has-post-thumbnail","6":"product_cat-forschung-schemikalien","8":"first","9":"instock","10":"shipping-taxable","11":"purchasable","12":"product-type-variable"},"yoast_head":"<!-- This site is optimized with the Yoast SEO plugin v23.5 - https:\/\/yoast.com\/wordpress\/plugins\/seo\/ -->\n<title>MDPV \u00e0 vendre - Achetez MDPV en ligne<\/title>\n<meta name=\"description\" content=\"Achetez du MDPV en vente dans l&#039;une des meilleures boutiques en ligne Nembutal Boutique. Nous vous aiderons \u00e0 acheter du MDPV en ligne de haute qualit\u00e9. Ne tardez pas \u00e0 passer votre commande et profitez des derni\u00e8res r\u00e9ductions !\" \/>\n<meta name=\"robots\" content=\"index, follow, max-snippet:-1, max-image-preview:large, max-video-preview:-1\" \/>\n<link rel=\"canonical\" href=\"https:\/\/nembutalboutique.com\/pt\/produto\/comprar-mdpv-online\/\" \/>\n<meta property=\"og:locale\" content=\"pt_PT\" \/>\n<meta property=\"og:type\" content=\"article\" \/>\n<meta property=\"og:title\" content=\"MDPV \u00e0 vendre - Achetez MDPV en ligne\" \/>\n<meta property=\"og:description\" content=\"Achetez du MDPV en vente dans l&#039;une des meilleures boutiques en ligne Nembutal Boutique. Nous vous aiderons \u00e0 acheter du MDPV en ligne de haute qualit\u00e9. Ne tardez pas \u00e0 passer votre commande et profitez des derni\u00e8res r\u00e9ductions !\" \/>\n<meta property=\"og:url\" content=\"https:\/\/nembutalboutique.com\/pt\/produto\/comprar-mdpv-online\/\" \/>\n<meta property=\"og:site_name\" content=\"Nembutal Boutique\" \/>\n<meta property=\"article:modified_time\" content=\"2024-09-20T10:12:00+00:00\" \/>\n<meta property=\"og:image\" content=\"https:\/\/nembutalboutique.com\/wp-content\/uploads\/2024\/09\/MDPV.gif\" \/>\n\t<meta property=\"og:image:width\" content=\"600\" \/>\n\t<meta property=\"og:image:height\" content=\"600\" \/>\n\t<meta property=\"og:image:type\" content=\"image\/gif\" \/>\n<meta name=\"twitter:card\" content=\"summary_large_image\" \/>\n<meta name=\"twitter:label1\" content=\"Tempo estimado de leitura\" \/>\n\t<meta name=\"twitter:data1\" content=\"2 minutos\" \/>\n<script type=\"application\/ld+json\" class=\"yoast-schema-graph\">{\"@context\":\"https:\/\/schema.org\",\"@graph\":[{\"@type\":\"WebPage\",\"@id\":\"https:\/\/nembutalboutique.com\/produit\/mdpv\/\",\"url\":\"https:\/\/nembutalboutique.com\/produit\/mdpv\/\",\"name\":\"MDPV \u00e0 vendre - Achetez MDPV en ligne\",\"isPartOf\":{\"@id\":\"https:\/\/nembutalboutique.com\/#website\"},\"primaryImageOfPage\":{\"@id\":\"https:\/\/nembutalboutique.com\/produit\/mdpv\/#primaryimage\"},\"image\":{\"@id\":\"https:\/\/nembutalboutique.com\/produit\/mdpv\/#primaryimage\"},\"thumbnailUrl\":\"https:\/\/nembutalboutique.com\/wp-content\/uploads\/2024\/09\/MDPV.gif\",\"datePublished\":\"2024-09-16T08:13:34+00:00\",\"dateModified\":\"2024-09-20T10:12:00+00:00\",\"description\":\"Achetez du MDPV en vente dans l'une des meilleures boutiques en ligne Nembutal Boutique. Nous vous aiderons \u00e0 acheter du MDPV en ligne de haute qualit\u00e9. Ne tardez pas \u00e0 passer votre commande et profitez des derni\u00e8res r\u00e9ductions !\",\"breadcrumb\":{\"@id\":\"https:\/\/nembutalboutique.com\/produit\/mdpv\/#breadcrumb\"},\"inLanguage\":\"pt-PT\",\"potentialAction\":[{\"@type\":\"ReadAction\",\"target\":[\"https:\/\/nembutalboutique.com\/produit\/mdpv\/\"]}]},{\"@type\":\"ImageObject\",\"inLanguage\":\"pt-PT\",\"@id\":\"https:\/\/nembutalboutique.com\/produit\/mdpv\/#primaryimage\",\"url\":\"https:\/\/nembutalboutique.com\/wp-content\/uploads\/2024\/09\/MDPV.gif\",\"contentUrl\":\"https:\/\/nembutalboutique.com\/wp-content\/uploads\/2024\/09\/MDPV.gif\",\"width\":600,\"height\":600,\"caption\":\"Acheter MDPV.gif\"},{\"@type\":\"BreadcrumbList\",\"@id\":\"https:\/\/nembutalboutique.com\/produit\/mdpv\/#breadcrumb\",\"itemListElement\":[{\"@type\":\"ListItem\",\"position\":1,\"name\":\"Home\",\"item\":\"https:\/\/nembutalboutique.com\/\"},{\"@type\":\"ListItem\",\"position\":2,\"name\":\"Boutique\",\"item\":\"https:\/\/nembutalboutique.com\/shop\/\"},{\"@type\":\"ListItem\",\"position\":3,\"name\":\"MDPV\"}]},{\"@type\":\"WebSite\",\"@id\":\"https:\/\/nembutalboutique.com\/#website\",\"url\":\"https:\/\/nembutalboutique.com\/\",\"name\":\"Nembutal Boutique\",\"description\":\"My WordPress Blog\",\"publisher\":{\"@id\":\"https:\/\/nembutalboutique.com\/#organization\"},\"potentialAction\":[{\"@type\":\"SearchAction\",\"target\":{\"@type\":\"EntryPoint\",\"urlTemplate\":\"https:\/\/nembutalboutique.com\/?s={search_term_string}\"},\"query-input\":{\"@type\":\"PropertyValueSpecification\",\"valueRequired\":true,\"valueName\":\"search_term_string\"}}],\"inLanguage\":\"pt-PT\"},{\"@type\":\"Organization\",\"@id\":\"https:\/\/nembutalboutique.com\/#organization\",\"name\":\"Nembutal Boutique\",\"url\":\"https:\/\/nembutalboutique.com\/\",\"logo\":{\"@type\":\"ImageObject\",\"inLanguage\":\"pt-PT\",\"@id\":\"https:\/\/nembutalboutique.com\/#\/schema\/logo\/image\/\",\"url\":\"https:\/\/nembutalboutique.com\/wp-content\/uploads\/2024\/01\/logo.png\",\"contentUrl\":\"https:\/\/nembutalboutique.com\/wp-content\/uploads\/2024\/01\/logo.png\",\"width\":494,\"height\":121,\"caption\":\"Nembutal Boutique\"},\"image\":{\"@id\":\"https:\/\/nembutalboutique.com\/#\/schema\/logo\/image\/\"}}]}<\/script>\n<!-- \/ Yoast SEO plugin. -->","yoast_head_json":{"title":"MDPV para venda - Comprar MDPV online","description":"Comprar MDPV para venda numa das melhores lojas online Nembutal Boutique. Ajudamo-lo a comprar MDPV de alta qualidade online. N\u00e3o demore a fazer a sua encomenda e aproveite os \u00faltimos descontos!","robots":{"index":"index","follow":"follow","max-snippet":"max-snippet:-1","max-image-preview":"max-image-preview:large","max-video-preview":"max-video-preview:-1"},"canonical":"https:\/\/nembutalboutique.com\/pt\/produto\/comprar-mdpv-online\/","og_locale":"pt_PT","og_type":"article","og_title":"MDPV \u00e0 vendre - Achetez MDPV en ligne","og_description":"Achetez du MDPV en vente dans l'une des meilleures boutiques en ligne Nembutal Boutique. Nous vous aiderons \u00e0 acheter du MDPV en ligne de haute qualit\u00e9. Ne tardez pas \u00e0 passer votre commande et profitez des derni\u00e8res r\u00e9ductions !","og_url":"https:\/\/nembutalboutique.com\/pt\/produto\/comprar-mdpv-online\/","og_site_name":"Nembutal Boutique","article_modified_time":"2024-09-20T10:12:00+00:00","og_image":[{"width":600,"height":600,"url":"https:\/\/nembutalboutique.com\/wp-content\/uploads\/2024\/09\/MDPV.gif","type":"image\/gif"}],"twitter_card":"summary_large_image","twitter_misc":{"Tempo estimado de leitura":"2 minutos"},"schema":{"@context":"https:\/\/schema.org","@graph":[{"@type":"WebPage","@id":"https:\/\/nembutalboutique.com\/produit\/mdpv\/","url":"https:\/\/nembutalboutique.com\/produit\/mdpv\/","name":"MDPV para venda - Comprar MDPV online","isPartOf":{"@id":"https:\/\/nembutalboutique.com\/#website"},"primaryImageOfPage":{"@id":"https:\/\/nembutalboutique.com\/produit\/mdpv\/#primaryimage"},"image":{"@id":"https:\/\/nembutalboutique.com\/produit\/mdpv\/#primaryimage"},"thumbnailUrl":"https:\/\/nembutalboutique.com\/wp-content\/uploads\/2024\/09\/MDPV.gif","datePublished":"2024-09-16T08:13:34+00:00","dateModified":"2024-09-20T10:12:00+00:00","description":"Comprar MDPV para venda numa das melhores lojas online Nembutal Boutique. Ajudamo-lo a comprar MDPV de alta qualidade online. N\u00e3o demore a fazer a sua encomenda e aproveite os \u00faltimos descontos!","breadcrumb":{"@id":"https:\/\/nembutalboutique.com\/produit\/mdpv\/#breadcrumb"},"inLanguage":"pt-PT","potentialAction":[{"@type":"ReadAction","target":["https:\/\/nembutalboutique.com\/produit\/mdpv\/"]}]},{"@type":"ImageObject","inLanguage":"pt-PT","@id":"https:\/\/nembutalboutique.com\/produit\/mdpv\/#primaryimage","url":"https:\/\/nembutalboutique.com\/wp-content\/uploads\/2024\/09\/MDPV.gif","contentUrl":"https:\/\/nembutalboutique.com\/wp-content\/uploads\/2024\/09\/MDPV.gif","width":600,"height":600,"caption":"Acheter MDPV.gif"},{"@type":"BreadcrumbList","@id":"https:\/\/nembutalboutique.com\/produit\/mdpv\/#breadcrumb","itemListElement":[{"@type":"ListItem","position":1,"name":"Home","item":"https:\/\/nembutalboutique.com\/"},{"@type":"ListItem","position":2,"name":"Boutique","item":"https:\/\/nembutalboutique.com\/shop\/"},{"@type":"ListItem","position":3,"name":"MDPV"}]},{"@type":"WebSite","@id":"https:\/\/nembutalboutique.com\/#website","url":"https:\/\/nembutalboutique.com\/","name":"Nembutal Boutique","description":"O meu blogue WordPress","publisher":{"@id":"https:\/\/nembutalboutique.com\/#organization"},"potentialAction":[{"@type":"SearchAction","target":{"@type":"EntryPoint","urlTemplate":"https:\/\/nembutalboutique.com\/?s={search_term_string}"},"query-input":{"@type":"PropertyValueSpecification","valueRequired":true,"valueName":"search_term_string"}}],"inLanguage":"pt-PT"},{"@type":"Organization","@id":"https:\/\/nembutalboutique.com\/#organization","name":"Nembutal Boutique","url":"https:\/\/nembutalboutique.com\/","logo":{"@type":"ImageObject","inLanguage":"pt-PT","@id":"https:\/\/nembutalboutique.com\/#\/schema\/logo\/image\/","url":"https:\/\/nembutalboutique.com\/wp-content\/uploads\/2024\/01\/logo.png","contentUrl":"https:\/\/nembutalboutique.com\/wp-content\/uploads\/2024\/01\/logo.png","width":494,"height":121,"caption":"Nembutal Boutique"},"image":{"@id":"https:\/\/nembutalboutique.com\/#\/schema\/logo\/image\/"}}]}},"_links":{"self":[{"href":"https:\/\/nembutalboutique.com\/pt\/wp-json\/wp\/v2\/product\/2930"}],"collection":[{"href":"https:\/\/nembutalboutique.com\/pt\/wp-json\/wp\/v2\/product"}],"about":[{"href":"https:\/\/nembutalboutique.com\/pt\/wp-json\/wp\/v2\/types\/product"}],"replies":[{"embeddable":true,"href":"https:\/\/nembutalboutique.com\/pt\/wp-json\/wp\/v2\/comments?post=2930"}],"wp:featuredmedia":[{"embeddable":true,"href":"https:\/\/nembutalboutique.com\/pt\/wp-json\/wp\/v2\/media\/2936"}],"wp:attachment":[{"href":"https:\/\/nembutalboutique.com\/pt\/wp-json\/wp\/v2\/media?parent=2930"}],"wp:term":[{"taxonomy":"product_brand","embeddable":true,"href":"https:\/\/nembutalboutique.com\/pt\/wp-json\/wp\/v2\/product_brand?post=2930"},{"taxonomy":"product_cat","embeddable":true,"href":"https:\/\/nembutalboutique.com\/pt\/wp-json\/wp\/v2\/product_cat?post=2930"},{"taxonomy":"product_tag","embeddable":true,"href":"https:\/\/nembutalboutique.com\/pt\/wp-json\/wp\/v2\/product_tag?post=2930"}],"curies":[{"name":"wp","href":"https:\/\/api.w.org\/{rel}","templated":true}]}}