{"id":2879,"date":"2024-09-16T08:13:15","date_gmt":"2024-09-16T08:13:15","guid":{"rendered":"https:\/\/nembutalboutique.com\/?post_type=product&#038;p=2879"},"modified":"2024-09-20T10:24:48","modified_gmt":"2024-09-20T10:24:48","slug":"fluorococaine","status":"publish","type":"product","link":"https:\/\/nembutalboutique.com\/pt\/produto\/buy-fluorococaine-online\/","title":{"rendered":"fluoroca\u00edna"},"content":{"rendered":"<h2>Comprar 4Fluoroca\u00edna online pode ser<\/h2>\n<p>4Fluoroca\u00edna ao comprar Nembutal - compre-o porque a qualidade conta!<br \/>\nLa <a href=\"https:\/\/en.wikipedia.org\/wiki\/4%E2%80%B2-Fluorococaine\">4Fluoroca\u00edna<\/a> podem ser adquiridos online em empresas qu\u00edmicas europeias de renome com uma garantia m\u00ednima de 98 % + Reinheit. Fornecemos o COA de todas as cargas produzidas quimicamente durante a nossa investiga\u00e7\u00e3o!<\/p>\n<p>Componentes da 4-fluoroca\u00edna<\/p>\n<p>cont\u00e9m um grama de, pelo menos, 98 % de <a href=\"https:\/\/nembutalboutique.com\/produit\/fluorococaine\/\">4-fluoroca\u00edna pura<\/a> em cada encomenda.<\/p>\n<h3>Administra\u00e7\u00e3o de 4-fluoroca\u00edna<\/h3>\n<p>N\u00e3o existe uma dosagem recomendada, uma vez que a 4Fluoroca\u00edna \u00e9 vendida apenas para utiliza\u00e7\u00e3o em investiga\u00e7\u00e3o qu\u00edmica cient\u00edfica e n\u00e3o se destina ao consumo humano.<\/p>\n<p>Efeitos da 4-fluoroca\u00edna :<\/p>\n<p>Os efeitos cl\u00ednicos da maioria das novas drogas sint\u00e9ticas, como a 4-fluoroca\u00edna, podem ser classificados como estimulantes, alucinog\u00e9nios ou opi\u00f3ides. Para al\u00e9m disso, existe uma combina\u00e7\u00e3o destes efeitos com a substitui\u00e7\u00e3o da sidekette sint\u00e9tica.<\/p>\n<h3>Efeitos indesej\u00e1veis da 4-fluoroca\u00edna<\/h3>\n<p>A utiliza\u00e7\u00e3o de 4-fluoroca\u00edna, tal como a de outras drogas sint\u00e9ticas, pode provocar efeitos secund\u00e1rios graves; a subst\u00e2ncia n\u00e3o foi clinicamente testada nem aprovada de forma alguma como medicamento! Por conseguinte, a 4-fluoroca\u00edna destina-se apenas \u00e0 investiga\u00e7\u00e3o cient\u00edfica e n\u00e3o ao consumo humano!<\/p>\n<h3>Como conservar a 4-fluoroca\u00edna<\/h3>\n<p>Conservar a 4-fluoroca\u00edna a uma temperatura inferior a 30 graus Celsius. 4 Conservar a 4-fluoroca\u00edna na sua embalagem original, ao abrigo da luz solar direta e da humidade.<\/p>\n<h3>Venda de 4\u2032-fluoroca\u00edna | Compra de 4\u2032-fluoroca\u00edna em linha<\/h3>\n<p>O equivalente sint\u00e9tico da Kaine, a 4\u2032-fluorococa\u00edna, \u00e9 uma subst\u00e2ncia obtida a partir de tropanos. Ao contr\u00e1rio de subst\u00e2ncias semelhantes, como o derivado correspondente do 4\u2032-fluorofeniltropano CFT e o componente 2\u2032-hidroxi-salicilmetilcgonina, a 4\u2032-fluorokokaine \u00e9 apenas ligeiramente mais eficaz do que a koin como inibidor da dopamina.<\/p>\n<h3>Melhores fornecedores em linha de 4\u2032-fluorokokaine em p\u00f3<\/h3>\n<p>O equivalente sint\u00e9tico da Kaine, a 4\u2032-fluorokokaine, \u00e9 uma subst\u00e2ncia obtida a partir de tropanos. Embora a 4\u2032-fluorokokaine n\u00e3o seja t\u00e3o eficaz como a koin como inibidor da dopamina, \u00e9 um inibidor muito mais potente da serotonina, o que, em experi\u00eancias com animais, resulta num perfil farmacol\u00f3gico marcadamente alterado. Este facto contrasta com os compostos conhecidos, como o derivado correspondente de 4\u2032-fluorofeniltropano CFT e o an\u00e1logo 2\u2032-hidroxi salicilmetilcgonina.<\/p>\n<p>Fornecemos produtos qu\u00edmicos de investiga\u00e7\u00e3o de primeira classe. Os nossos produtos qu\u00edmicos s\u00e3o totalmente normalizados com a pureza % para utiliza\u00e7\u00e3o nos sectores comercial e de investiga\u00e7\u00e3o. Oferecemos excelentes pre\u00e7os e descontos para grandes encomendas. O nosso acesso direto a uma unidade de produ\u00e7\u00e3o permite-nos oferecer pre\u00e7os incrivelmente baixos para os nossos produtos qu\u00edmicos de investiga\u00e7\u00e3o. Enviamos para os EUA, Am\u00e9rica do Sul, Austr\u00e1lia e pa\u00edses europeus. Orientamos a maioria.<\/p>","protected":false},"excerpt":{"rendered":"<p>Achet\u00e9r 4Fluorococa\u00efne en ligne peut \u00eatre 4Fluorococa\u00efne lors de l&rsquo;achat de Nembutal &#8211; achetez-le parce que la qualit\u00e9 compte ! La 4Fluorococa\u00efne peut \u00eatre achet\u00e9e en ligne aupr\u00e8s d&rsquo;entreprises chimiques europ\u00e9ennes r\u00e9put\u00e9es avec une garantie minimale de 98 % + Reinheit. Nous fournissons le COA de chaque charge produite chimiquement au cours de nos recherches [&hellip;]<\/p>","protected":false},"featured_media":2904,"comment_status":"open","ping_status":"closed","template":"","meta":{"_joinchat":[]},"product_brand":[],"product_cat":[385],"product_tag":[],"class_list":{"0":"post-2879","1":"product","2":"type-product","3":"status-publish","4":"has-post-thumbnail","6":"product_cat-forschung-schemikalien","8":"first","9":"instock","10":"shipping-taxable","11":"purchasable","12":"product-type-variable"},"yoast_head":"<!-- This site is optimized with the Yoast SEO plugin v23.5 - https:\/\/yoast.com\/wordpress\/plugins\/seo\/ -->\n<title>Acheter de la fluorococa\u00efne en ligne \u2013 Vente de fluorococa\u00efne<\/title>\n<meta name=\"description\" content=\"Notre boutique en ligne Nembutal propose la meilleure qualit\u00e9 de fluorococa\u00efne \u00e0 vendre. Si vous souhaitez acheter de la fluorococa\u00efne en ligne, nous pouvons vous aider de toutes parts. Commandez d\u00e8s aujourd&#039;hui !\" \/>\n<meta name=\"robots\" content=\"index, follow, max-snippet:-1, max-image-preview:large, max-video-preview:-1\" \/>\n<link rel=\"canonical\" href=\"https:\/\/nembutalboutique.com\/pt\/produto\/buy-fluorococaine-online\/\" \/>\n<meta property=\"og:locale\" content=\"pt_PT\" \/>\n<meta property=\"og:type\" content=\"article\" \/>\n<meta property=\"og:title\" content=\"Acheter de la fluorococa\u00efne en ligne \u2013 Vente de fluorococa\u00efne\" \/>\n<meta property=\"og:description\" content=\"Notre boutique en ligne Nembutal propose la meilleure qualit\u00e9 de fluorococa\u00efne \u00e0 vendre. Si vous souhaitez acheter de la fluorococa\u00efne en ligne, nous pouvons vous aider de toutes parts. Commandez d\u00e8s aujourd&#039;hui !\" \/>\n<meta property=\"og:url\" content=\"https:\/\/nembutalboutique.com\/pt\/produto\/buy-fluorococaine-online\/\" \/>\n<meta property=\"og:site_name\" content=\"Nembutal Boutique\" \/>\n<meta property=\"article:modified_time\" content=\"2024-09-20T10:24:48+00:00\" \/>\n<meta property=\"og:image\" content=\"https:\/\/nembutalboutique.com\/wp-content\/uploads\/2024\/09\/Fluorococaine.gif\" \/>\n\t<meta property=\"og:image:width\" content=\"600\" \/>\n\t<meta property=\"og:image:height\" content=\"600\" \/>\n\t<meta property=\"og:image:type\" content=\"image\/gif\" \/>\n<meta name=\"twitter:card\" content=\"summary_large_image\" \/>\n<meta name=\"twitter:label1\" content=\"Tempo estimado de leitura\" \/>\n\t<meta name=\"twitter:data1\" content=\"3 minutos\" \/>\n<script type=\"application\/ld+json\" class=\"yoast-schema-graph\">{\"@context\":\"https:\/\/schema.org\",\"@graph\":[{\"@type\":\"WebPage\",\"@id\":\"https:\/\/nembutalboutique.com\/produit\/fluorococaine\/\",\"url\":\"https:\/\/nembutalboutique.com\/produit\/fluorococaine\/\",\"name\":\"Acheter de la fluorococa\u00efne en ligne \u2013 Vente de fluorococa\u00efne\",\"isPartOf\":{\"@id\":\"https:\/\/nembutalboutique.com\/#website\"},\"primaryImageOfPage\":{\"@id\":\"https:\/\/nembutalboutique.com\/produit\/fluorococaine\/#primaryimage\"},\"image\":{\"@id\":\"https:\/\/nembutalboutique.com\/produit\/fluorococaine\/#primaryimage\"},\"thumbnailUrl\":\"https:\/\/nembutalboutique.com\/wp-content\/uploads\/2024\/09\/Fluorococaine.gif\",\"datePublished\":\"2024-09-16T08:13:15+00:00\",\"dateModified\":\"2024-09-20T10:24:48+00:00\",\"description\":\"Notre boutique en ligne Nembutal propose la meilleure qualit\u00e9 de fluorococa\u00efne \u00e0 vendre. Si vous souhaitez acheter de la fluorococa\u00efne en ligne, nous pouvons vous aider de toutes parts. Commandez d\u00e8s aujourd'hui !\",\"breadcrumb\":{\"@id\":\"https:\/\/nembutalboutique.com\/produit\/fluorococaine\/#breadcrumb\"},\"inLanguage\":\"pt-PT\",\"potentialAction\":[{\"@type\":\"ReadAction\",\"target\":[\"https:\/\/nembutalboutique.com\/produit\/fluorococaine\/\"]}]},{\"@type\":\"ImageObject\",\"inLanguage\":\"pt-PT\",\"@id\":\"https:\/\/nembutalboutique.com\/produit\/fluorococaine\/#primaryimage\",\"url\":\"https:\/\/nembutalboutique.com\/wp-content\/uploads\/2024\/09\/Fluorococaine.gif\",\"contentUrl\":\"https:\/\/nembutalboutique.com\/wp-content\/uploads\/2024\/09\/Fluorococaine.gif\",\"width\":600,\"height\":600,\"caption\":\"Acheter Fluorococaine.gif\"},{\"@type\":\"BreadcrumbList\",\"@id\":\"https:\/\/nembutalboutique.com\/produit\/fluorococaine\/#breadcrumb\",\"itemListElement\":[{\"@type\":\"ListItem\",\"position\":1,\"name\":\"Home\",\"item\":\"https:\/\/nembutalboutique.com\/\"},{\"@type\":\"ListItem\",\"position\":2,\"name\":\"Boutique\",\"item\":\"https:\/\/nembutalboutique.com\/shop\/\"},{\"@type\":\"ListItem\",\"position\":3,\"name\":\"fluorococa\u00efne\"}]},{\"@type\":\"WebSite\",\"@id\":\"https:\/\/nembutalboutique.com\/#website\",\"url\":\"https:\/\/nembutalboutique.com\/\",\"name\":\"Nembutal Boutique\",\"description\":\"My WordPress Blog\",\"publisher\":{\"@id\":\"https:\/\/nembutalboutique.com\/#organization\"},\"potentialAction\":[{\"@type\":\"SearchAction\",\"target\":{\"@type\":\"EntryPoint\",\"urlTemplate\":\"https:\/\/nembutalboutique.com\/?s={search_term_string}\"},\"query-input\":{\"@type\":\"PropertyValueSpecification\",\"valueRequired\":true,\"valueName\":\"search_term_string\"}}],\"inLanguage\":\"pt-PT\"},{\"@type\":\"Organization\",\"@id\":\"https:\/\/nembutalboutique.com\/#organization\",\"name\":\"Nembutal Boutique\",\"url\":\"https:\/\/nembutalboutique.com\/\",\"logo\":{\"@type\":\"ImageObject\",\"inLanguage\":\"pt-PT\",\"@id\":\"https:\/\/nembutalboutique.com\/#\/schema\/logo\/image\/\",\"url\":\"https:\/\/nembutalboutique.com\/wp-content\/uploads\/2024\/01\/logo.png\",\"contentUrl\":\"https:\/\/nembutalboutique.com\/wp-content\/uploads\/2024\/01\/logo.png\",\"width\":494,\"height\":121,\"caption\":\"Nembutal Boutique\"},\"image\":{\"@id\":\"https:\/\/nembutalboutique.com\/#\/schema\/logo\/image\/\"}}]}<\/script>\n<!-- \/ Yoast SEO plugin. -->","yoast_head_json":{"title":"Comprar fluoroca\u00edna online - Venda de fluoroca\u00edna","description":"A nossa loja online de Nembutal oferece a melhor qualidade de fluoroca\u00edna para venda. Se quiser comprar fluoroca\u00edna online, n\u00f3s podemos ajud\u00e1-lo em todos os aspectos. Encomende hoje mesmo!","robots":{"index":"index","follow":"follow","max-snippet":"max-snippet:-1","max-image-preview":"max-image-preview:large","max-video-preview":"max-video-preview:-1"},"canonical":"https:\/\/nembutalboutique.com\/pt\/produto\/buy-fluorococaine-online\/","og_locale":"pt_PT","og_type":"article","og_title":"Acheter de la fluorococa\u00efne en ligne \u2013 Vente de fluorococa\u00efne","og_description":"Notre boutique en ligne Nembutal propose la meilleure qualit\u00e9 de fluorococa\u00efne \u00e0 vendre. Si vous souhaitez acheter de la fluorococa\u00efne en ligne, nous pouvons vous aider de toutes parts. Commandez d\u00e8s aujourd'hui !","og_url":"https:\/\/nembutalboutique.com\/pt\/produto\/buy-fluorococaine-online\/","og_site_name":"Nembutal Boutique","article_modified_time":"2024-09-20T10:24:48+00:00","og_image":[{"width":600,"height":600,"url":"https:\/\/nembutalboutique.com\/wp-content\/uploads\/2024\/09\/Fluorococaine.gif","type":"image\/gif"}],"twitter_card":"summary_large_image","twitter_misc":{"Tempo estimado de leitura":"3 minutos"},"schema":{"@context":"https:\/\/schema.org","@graph":[{"@type":"WebPage","@id":"https:\/\/nembutalboutique.com\/produit\/fluorococaine\/","url":"https:\/\/nembutalboutique.com\/produit\/fluorococaine\/","name":"Comprar fluoroca\u00edna online - Venda de fluoroca\u00edna","isPartOf":{"@id":"https:\/\/nembutalboutique.com\/#website"},"primaryImageOfPage":{"@id":"https:\/\/nembutalboutique.com\/produit\/fluorococaine\/#primaryimage"},"image":{"@id":"https:\/\/nembutalboutique.com\/produit\/fluorococaine\/#primaryimage"},"thumbnailUrl":"https:\/\/nembutalboutique.com\/wp-content\/uploads\/2024\/09\/Fluorococaine.gif","datePublished":"2024-09-16T08:13:15+00:00","dateModified":"2024-09-20T10:24:48+00:00","description":"A nossa loja online de Nembutal oferece a melhor qualidade de fluoroca\u00edna para venda. Se quiser comprar fluoroca\u00edna online, n\u00f3s podemos ajud\u00e1-lo em todos os aspectos. Encomende hoje mesmo!","breadcrumb":{"@id":"https:\/\/nembutalboutique.com\/produit\/fluorococaine\/#breadcrumb"},"inLanguage":"pt-PT","potentialAction":[{"@type":"ReadAction","target":["https:\/\/nembutalboutique.com\/produit\/fluorococaine\/"]}]},{"@type":"ImageObject","inLanguage":"pt-PT","@id":"https:\/\/nembutalboutique.com\/produit\/fluorococaine\/#primaryimage","url":"https:\/\/nembutalboutique.com\/wp-content\/uploads\/2024\/09\/Fluorococaine.gif","contentUrl":"https:\/\/nembutalboutique.com\/wp-content\/uploads\/2024\/09\/Fluorococaine.gif","width":600,"height":600,"caption":"Acheter Fluorococaine.gif"},{"@type":"BreadcrumbList","@id":"https:\/\/nembutalboutique.com\/produit\/fluorococaine\/#breadcrumb","itemListElement":[{"@type":"ListItem","position":1,"name":"Home","item":"https:\/\/nembutalboutique.com\/"},{"@type":"ListItem","position":2,"name":"Boutique","item":"https:\/\/nembutalboutique.com\/shop\/"},{"@type":"ListItem","position":3,"name":"fluorococa\u00efne"}]},{"@type":"WebSite","@id":"https:\/\/nembutalboutique.com\/#website","url":"https:\/\/nembutalboutique.com\/","name":"Nembutal Boutique","description":"O meu blogue WordPress","publisher":{"@id":"https:\/\/nembutalboutique.com\/#organization"},"potentialAction":[{"@type":"SearchAction","target":{"@type":"EntryPoint","urlTemplate":"https:\/\/nembutalboutique.com\/?s={search_term_string}"},"query-input":{"@type":"PropertyValueSpecification","valueRequired":true,"valueName":"search_term_string"}}],"inLanguage":"pt-PT"},{"@type":"Organization","@id":"https:\/\/nembutalboutique.com\/#organization","name":"Nembutal Boutique","url":"https:\/\/nembutalboutique.com\/","logo":{"@type":"ImageObject","inLanguage":"pt-PT","@id":"https:\/\/nembutalboutique.com\/#\/schema\/logo\/image\/","url":"https:\/\/nembutalboutique.com\/wp-content\/uploads\/2024\/01\/logo.png","contentUrl":"https:\/\/nembutalboutique.com\/wp-content\/uploads\/2024\/01\/logo.png","width":494,"height":121,"caption":"Nembutal Boutique"},"image":{"@id":"https:\/\/nembutalboutique.com\/#\/schema\/logo\/image\/"}}]}},"_links":{"self":[{"href":"https:\/\/nembutalboutique.com\/pt\/wp-json\/wp\/v2\/product\/2879"}],"collection":[{"href":"https:\/\/nembutalboutique.com\/pt\/wp-json\/wp\/v2\/product"}],"about":[{"href":"https:\/\/nembutalboutique.com\/pt\/wp-json\/wp\/v2\/types\/product"}],"replies":[{"embeddable":true,"href":"https:\/\/nembutalboutique.com\/pt\/wp-json\/wp\/v2\/comments?post=2879"}],"wp:featuredmedia":[{"embeddable":true,"href":"https:\/\/nembutalboutique.com\/pt\/wp-json\/wp\/v2\/media\/2904"}],"wp:attachment":[{"href":"https:\/\/nembutalboutique.com\/pt\/wp-json\/wp\/v2\/media?parent=2879"}],"wp:term":[{"taxonomy":"product_brand","embeddable":true,"href":"https:\/\/nembutalboutique.com\/pt\/wp-json\/wp\/v2\/product_brand?post=2879"},{"taxonomy":"product_cat","embeddable":true,"href":"https:\/\/nembutalboutique.com\/pt\/wp-json\/wp\/v2\/product_cat?post=2879"},{"taxonomy":"product_tag","embeddable":true,"href":"https:\/\/nembutalboutique.com\/pt\/wp-json\/wp\/v2\/product_tag?post=2879"}],"curies":[{"name":"wp","href":"https:\/\/api.w.org\/{rel}","templated":true}]}}