{"id":2824,"date":"2024-09-16T08:12:45","date_gmt":"2024-09-16T08:12:45","guid":{"rendered":"https:\/\/nembutalboutique.com\/?post_type=product&#038;p=2824"},"modified":"2024-09-20T10:33:52","modified_gmt":"2024-09-20T10:33:52","slug":"bk-ebdp","status":"publish","type":"product","link":"https:\/\/nembutalboutique.com\/pt\/produto\/comprar-bk-ebdp-online\/","title":{"rendered":"BK-EBDP"},"content":{"rendered":"<h2>COMPRAR BK-EBDP online,<\/h2>\n<p>Uma nova estrat\u00e9gia de investiga\u00e7\u00e3o e est\u00edmulo \u00e9 a <a href=\"https:\/\/nembutalboutique.com\/produit\/bk-ebdp\/\">BK-EBDP<\/a>. Embora tenha uma rigidez de trabalho muito superior \u00e0 do seu hom\u00f3logo Methylon, \u00e9, no entanto, compar\u00e1vel ao Methylon. O Ephylon, tamb\u00e9m conhecido como bk-EBDP, \u00e9 uma subst\u00e2ncia psicoactiva pertencente \u00e0 classe qu\u00edmica das fenetilaminas. \u00c9 utilizada como estimulante, psicad\u00e9lica e entactog\u00e9nica. Pensa-se que Alexander Shulgin foi o primeiro a sintetiz\u00e1-la. Foi tamb\u00e9m comercializada com o nome de Ethyl-K.<\/p>\n<h3>Para que \u00e9 utilizado o bk-EBDP?<\/h3>\n<p>Embora n\u00e3o seja t\u00e3o potente como outros estimulantes como o MDMA, o Bk-EBDP \u00e9 conhecido por ser um estimulante ligeiro e um supressor do apetite quando utilizado. As pessoas que querem sentir uma ligeira euforia mas n\u00e3o querem adotar um comportamento coercivo ou involunt\u00e1rio s\u00e3o as que utilizam este m\u00e9todo. Isto pode ser feito atrav\u00e9s dos media. Cria um forte desejo de actividades fisicamente exigentes e \u00e9 utilizada por pessoas que praticam treinos e exerc\u00edcios intensos.<\/p>\n<p>Tamb\u00e9m estimula o consumo excessivo de \u00e1gua. Embora nem toda a gente goste, pode aumentar o apetite. Sabe-se que as pessoas a utilizam para fins n\u00e3o m\u00e9dicos para obter efeitos como o aumento do ego ou o refor\u00e7o emocional.<\/p>\n<h3>Efeitos secund\u00e1rios do bk-EBDP<\/h3>\n<p>Le <a href=\"https:\/\/en.wikipedia.org\/wiki\/1,3-Benzodioxolyl-N-ethylpentanamine\">bk-EBDP<\/a> \u00e9 um estimulante com efeitos psicad\u00e9licos e entactog\u00e9nicos. Pode provocar um comportamento ligeiramente err\u00e1tico, frequentemente descrito como um comportamento nervoso ou excitado aquando da aceita\u00e7\u00e3o. Pode melhorar o contacto f\u00edsico. Um dos efeitos secund\u00e1rios da droga \u00e9 uma ligeira irrita\u00e7\u00e3o ocular, que ocorre uma a duas semanas ap\u00f3s o in\u00edcio do tratamento.<\/p>\n<p>Os efeitos f\u00edsicos incluem amputa\u00e7\u00f5es de membros, contrac\u00e7\u00f5es em todo o corpo e extremidades incontrol\u00e1veis devido \u00e0 perda da fun\u00e7\u00e3o motora. Beber demasiada \u00e1gua pode causar ressacas graves e perda de apetite. Os efeitos secund\u00e1rios incluem aumento do ritmo card\u00edaco e hemorragias.<\/p>\n<p>As disparidades em mat\u00e9ria de droga podem ter efeitos nefastos.<\/p>\n<h3>Dosagem e sobredosagem de bk-EBDP<\/h3>\n<p>As pessoas querem tomar mais porque a dose habitual raramente cobre todo o espetro de efeitos. Uma sobredosagem pode provocar estes efeitos secund\u00e1rios, bem como outros efeitos indesej\u00e1veis, como hemorragias graves ou, no pior dos casos, mesmo a morte.<br \/>\nEstatuto jur\u00eddico do bk-EBDP<br \/>\nA maioria dos pa\u00edses regula a produ\u00e7\u00e3o, distribui\u00e7\u00e3o e propriedade destes drones.<\/p>\n<h3>Onde posso comprar o bk-EBDP?<\/h3>\n<p>Medicamentos de boa qualidade est\u00e3o dispon\u00edveis em todo o mundo no nosso mercado de farm\u00e1cias online, a pre\u00e7os muito competitivos para laborat\u00f3rios, farm\u00e1cias, centros de investiga\u00e7\u00e3o ou consumidores individuais.<\/p>","protected":false},"excerpt":{"rendered":"<p>ACHETER BK-EBDP en ligne, Une nouvelle strat\u00e9gie de recherche et de stimulation est le BK-EBDP. Bien qu&rsquo;il ait une rigidit\u00e9 de travail beaucoup plus \u00e9lev\u00e9e que son homologue Methylon, il est n\u00e9anmoins comparable au Methylon. L&rsquo;Ephylon, \u00e9galement appel\u00e9 bk-EBDP, est une substance psychoactive qui appartient \u00e0 la classe chimique des ph\u00e9n\u00e9thylamines. Il est utilis\u00e9 comme [&hellip;]<\/p>","protected":false},"featured_media":2837,"comment_status":"open","ping_status":"closed","template":"","meta":{"_joinchat":[]},"product_brand":[],"product_cat":[386],"product_tag":[],"class_list":{"0":"post-2824","1":"product","2":"type-product","3":"status-publish","4":"has-post-thumbnail","6":"product_cat-cannabinoids","8":"first","9":"instock","10":"shipping-taxable","11":"purchasable","12":"product-type-variable"},"yoast_head":"<!-- This site is optimized with the Yoast SEO plugin v23.5 - https:\/\/yoast.com\/wordpress\/plugins\/seo\/ -->\n<title>EBDP \u00e0 vendre - Achetez EBDP en ligne - Commandez EBDP<\/title>\n<meta name=\"description\" content=\"Vous pouvez obtenir EBDP \u00e0 vendre aux meilleurs tarifs dans notre boutique en ligne. Nous sommes l\u00e0 pour vous aider \u00e0 acheter EBDP en ligne. Connectez-vous au meilleur magasin de la ville d\u00e8s aujourd&#039;hui\u00a0!\" \/>\n<meta name=\"robots\" content=\"index, follow, max-snippet:-1, max-image-preview:large, max-video-preview:-1\" \/>\n<link rel=\"canonical\" href=\"https:\/\/nembutalboutique.com\/pt\/produto\/comprar-bk-ebdp-online\/\" \/>\n<meta property=\"og:locale\" content=\"pt_PT\" \/>\n<meta property=\"og:type\" content=\"article\" \/>\n<meta property=\"og:title\" content=\"EBDP \u00e0 vendre - Achetez EBDP en ligne - Commandez EBDP\" \/>\n<meta property=\"og:description\" content=\"Vous pouvez obtenir EBDP \u00e0 vendre aux meilleurs tarifs dans notre boutique en ligne. Nous sommes l\u00e0 pour vous aider \u00e0 acheter EBDP en ligne. Connectez-vous au meilleur magasin de la ville d\u00e8s aujourd&#039;hui\u00a0!\" \/>\n<meta property=\"og:url\" content=\"https:\/\/nembutalboutique.com\/pt\/produto\/comprar-bk-ebdp-online\/\" \/>\n<meta property=\"og:site_name\" content=\"Nembutal Boutique\" \/>\n<meta property=\"article:modified_time\" content=\"2024-09-20T10:33:52+00:00\" \/>\n<meta property=\"og:image\" content=\"https:\/\/nembutalboutique.com\/wp-content\/uploads\/2024\/09\/BK-EBDP.gif\" \/>\n\t<meta property=\"og:image:width\" content=\"600\" \/>\n\t<meta property=\"og:image:height\" content=\"600\" \/>\n\t<meta property=\"og:image:type\" content=\"image\/gif\" \/>\n<meta name=\"twitter:card\" content=\"summary_large_image\" \/>\n<meta name=\"twitter:label1\" content=\"Tempo estimado de leitura\" \/>\n\t<meta name=\"twitter:data1\" content=\"3 minutos\" \/>\n<script type=\"application\/ld+json\" class=\"yoast-schema-graph\">{\"@context\":\"https:\/\/schema.org\",\"@graph\":[{\"@type\":\"WebPage\",\"@id\":\"https:\/\/nembutalboutique.com\/produit\/bk-ebdp\/\",\"url\":\"https:\/\/nembutalboutique.com\/produit\/bk-ebdp\/\",\"name\":\"EBDP \u00e0 vendre - Achetez EBDP en ligne - Commandez EBDP\",\"isPartOf\":{\"@id\":\"https:\/\/nembutalboutique.com\/#website\"},\"primaryImageOfPage\":{\"@id\":\"https:\/\/nembutalboutique.com\/produit\/bk-ebdp\/#primaryimage\"},\"image\":{\"@id\":\"https:\/\/nembutalboutique.com\/produit\/bk-ebdp\/#primaryimage\"},\"thumbnailUrl\":\"https:\/\/nembutalboutique.com\/wp-content\/uploads\/2024\/09\/BK-EBDP.gif\",\"datePublished\":\"2024-09-16T08:12:45+00:00\",\"dateModified\":\"2024-09-20T10:33:52+00:00\",\"description\":\"Vous pouvez obtenir EBDP \u00e0 vendre aux meilleurs tarifs dans notre boutique en ligne. Nous sommes l\u00e0 pour vous aider \u00e0 acheter EBDP en ligne. Connectez-vous au meilleur magasin de la ville d\u00e8s aujourd'hui\u00a0!\",\"breadcrumb\":{\"@id\":\"https:\/\/nembutalboutique.com\/produit\/bk-ebdp\/#breadcrumb\"},\"inLanguage\":\"pt-PT\",\"potentialAction\":[{\"@type\":\"ReadAction\",\"target\":[\"https:\/\/nembutalboutique.com\/produit\/bk-ebdp\/\"]}]},{\"@type\":\"ImageObject\",\"inLanguage\":\"pt-PT\",\"@id\":\"https:\/\/nembutalboutique.com\/produit\/bk-ebdp\/#primaryimage\",\"url\":\"https:\/\/nembutalboutique.com\/wp-content\/uploads\/2024\/09\/BK-EBDP.gif\",\"contentUrl\":\"https:\/\/nembutalboutique.com\/wp-content\/uploads\/2024\/09\/BK-EBDP.gif\",\"width\":600,\"height\":600,\"caption\":\"Acheter BK-EBDP.gif\"},{\"@type\":\"BreadcrumbList\",\"@id\":\"https:\/\/nembutalboutique.com\/produit\/bk-ebdp\/#breadcrumb\",\"itemListElement\":[{\"@type\":\"ListItem\",\"position\":1,\"name\":\"Home\",\"item\":\"https:\/\/nembutalboutique.com\/\"},{\"@type\":\"ListItem\",\"position\":2,\"name\":\"Boutique\",\"item\":\"https:\/\/nembutalboutique.com\/shop\/\"},{\"@type\":\"ListItem\",\"position\":3,\"name\":\"BK-EBDP\"}]},{\"@type\":\"WebSite\",\"@id\":\"https:\/\/nembutalboutique.com\/#website\",\"url\":\"https:\/\/nembutalboutique.com\/\",\"name\":\"Nembutal Boutique\",\"description\":\"My WordPress Blog\",\"publisher\":{\"@id\":\"https:\/\/nembutalboutique.com\/#organization\"},\"potentialAction\":[{\"@type\":\"SearchAction\",\"target\":{\"@type\":\"EntryPoint\",\"urlTemplate\":\"https:\/\/nembutalboutique.com\/?s={search_term_string}\"},\"query-input\":{\"@type\":\"PropertyValueSpecification\",\"valueRequired\":true,\"valueName\":\"search_term_string\"}}],\"inLanguage\":\"pt-PT\"},{\"@type\":\"Organization\",\"@id\":\"https:\/\/nembutalboutique.com\/#organization\",\"name\":\"Nembutal Boutique\",\"url\":\"https:\/\/nembutalboutique.com\/\",\"logo\":{\"@type\":\"ImageObject\",\"inLanguage\":\"pt-PT\",\"@id\":\"https:\/\/nembutalboutique.com\/#\/schema\/logo\/image\/\",\"url\":\"https:\/\/nembutalboutique.com\/wp-content\/uploads\/2024\/01\/logo.png\",\"contentUrl\":\"https:\/\/nembutalboutique.com\/wp-content\/uploads\/2024\/01\/logo.png\",\"width\":494,\"height\":121,\"caption\":\"Nembutal Boutique\"},\"image\":{\"@id\":\"https:\/\/nembutalboutique.com\/#\/schema\/logo\/image\/\"}}]}<\/script>\n<!-- \/ Yoast SEO plugin. -->","yoast_head_json":{"title":"EBDP para venda - Comprar EBDP online - Encomendar EBDP","description":"Pode obter EBDP para venda aos melhores pre\u00e7os na nossa loja online. Estamos aqui para o ajudar a comprar o EBDP online. Ligue-se hoje \u00e0 melhor loja da cidade!","robots":{"index":"index","follow":"follow","max-snippet":"max-snippet:-1","max-image-preview":"max-image-preview:large","max-video-preview":"max-video-preview:-1"},"canonical":"https:\/\/nembutalboutique.com\/pt\/produto\/comprar-bk-ebdp-online\/","og_locale":"pt_PT","og_type":"article","og_title":"EBDP \u00e0 vendre - Achetez EBDP en ligne - Commandez EBDP","og_description":"Vous pouvez obtenir EBDP \u00e0 vendre aux meilleurs tarifs dans notre boutique en ligne. Nous sommes l\u00e0 pour vous aider \u00e0 acheter EBDP en ligne. Connectez-vous au meilleur magasin de la ville d\u00e8s aujourd'hui\u00a0!","og_url":"https:\/\/nembutalboutique.com\/pt\/produto\/comprar-bk-ebdp-online\/","og_site_name":"Nembutal Boutique","article_modified_time":"2024-09-20T10:33:52+00:00","og_image":[{"width":600,"height":600,"url":"https:\/\/nembutalboutique.com\/wp-content\/uploads\/2024\/09\/BK-EBDP.gif","type":"image\/gif"}],"twitter_card":"summary_large_image","twitter_misc":{"Tempo estimado de leitura":"3 minutos"},"schema":{"@context":"https:\/\/schema.org","@graph":[{"@type":"WebPage","@id":"https:\/\/nembutalboutique.com\/produit\/bk-ebdp\/","url":"https:\/\/nembutalboutique.com\/produit\/bk-ebdp\/","name":"EBDP para venda - Comprar EBDP online - Encomendar EBDP","isPartOf":{"@id":"https:\/\/nembutalboutique.com\/#website"},"primaryImageOfPage":{"@id":"https:\/\/nembutalboutique.com\/produit\/bk-ebdp\/#primaryimage"},"image":{"@id":"https:\/\/nembutalboutique.com\/produit\/bk-ebdp\/#primaryimage"},"thumbnailUrl":"https:\/\/nembutalboutique.com\/wp-content\/uploads\/2024\/09\/BK-EBDP.gif","datePublished":"2024-09-16T08:12:45+00:00","dateModified":"2024-09-20T10:33:52+00:00","description":"Pode obter EBDP para venda aos melhores pre\u00e7os na nossa loja online. Estamos aqui para o ajudar a comprar o EBDP online. Ligue-se hoje \u00e0 melhor loja da cidade!","breadcrumb":{"@id":"https:\/\/nembutalboutique.com\/produit\/bk-ebdp\/#breadcrumb"},"inLanguage":"pt-PT","potentialAction":[{"@type":"ReadAction","target":["https:\/\/nembutalboutique.com\/produit\/bk-ebdp\/"]}]},{"@type":"ImageObject","inLanguage":"pt-PT","@id":"https:\/\/nembutalboutique.com\/produit\/bk-ebdp\/#primaryimage","url":"https:\/\/nembutalboutique.com\/wp-content\/uploads\/2024\/09\/BK-EBDP.gif","contentUrl":"https:\/\/nembutalboutique.com\/wp-content\/uploads\/2024\/09\/BK-EBDP.gif","width":600,"height":600,"caption":"Acheter BK-EBDP.gif"},{"@type":"BreadcrumbList","@id":"https:\/\/nembutalboutique.com\/produit\/bk-ebdp\/#breadcrumb","itemListElement":[{"@type":"ListItem","position":1,"name":"Home","item":"https:\/\/nembutalboutique.com\/"},{"@type":"ListItem","position":2,"name":"Boutique","item":"https:\/\/nembutalboutique.com\/shop\/"},{"@type":"ListItem","position":3,"name":"BK-EBDP"}]},{"@type":"WebSite","@id":"https:\/\/nembutalboutique.com\/#website","url":"https:\/\/nembutalboutique.com\/","name":"Nembutal Boutique","description":"O meu blogue WordPress","publisher":{"@id":"https:\/\/nembutalboutique.com\/#organization"},"potentialAction":[{"@type":"SearchAction","target":{"@type":"EntryPoint","urlTemplate":"https:\/\/nembutalboutique.com\/?s={search_term_string}"},"query-input":{"@type":"PropertyValueSpecification","valueRequired":true,"valueName":"search_term_string"}}],"inLanguage":"pt-PT"},{"@type":"Organization","@id":"https:\/\/nembutalboutique.com\/#organization","name":"Nembutal Boutique","url":"https:\/\/nembutalboutique.com\/","logo":{"@type":"ImageObject","inLanguage":"pt-PT","@id":"https:\/\/nembutalboutique.com\/#\/schema\/logo\/image\/","url":"https:\/\/nembutalboutique.com\/wp-content\/uploads\/2024\/01\/logo.png","contentUrl":"https:\/\/nembutalboutique.com\/wp-content\/uploads\/2024\/01\/logo.png","width":494,"height":121,"caption":"Nembutal Boutique"},"image":{"@id":"https:\/\/nembutalboutique.com\/#\/schema\/logo\/image\/"}}]}},"_links":{"self":[{"href":"https:\/\/nembutalboutique.com\/pt\/wp-json\/wp\/v2\/product\/2824"}],"collection":[{"href":"https:\/\/nembutalboutique.com\/pt\/wp-json\/wp\/v2\/product"}],"about":[{"href":"https:\/\/nembutalboutique.com\/pt\/wp-json\/wp\/v2\/types\/product"}],"replies":[{"embeddable":true,"href":"https:\/\/nembutalboutique.com\/pt\/wp-json\/wp\/v2\/comments?post=2824"}],"wp:featuredmedia":[{"embeddable":true,"href":"https:\/\/nembutalboutique.com\/pt\/wp-json\/wp\/v2\/media\/2837"}],"wp:attachment":[{"href":"https:\/\/nembutalboutique.com\/pt\/wp-json\/wp\/v2\/media?parent=2824"}],"wp:term":[{"taxonomy":"product_brand","embeddable":true,"href":"https:\/\/nembutalboutique.com\/pt\/wp-json\/wp\/v2\/product_brand?post=2824"},{"taxonomy":"product_cat","embeddable":true,"href":"https:\/\/nembutalboutique.com\/pt\/wp-json\/wp\/v2\/product_cat?post=2824"},{"taxonomy":"product_tag","embeddable":true,"href":"https:\/\/nembutalboutique.com\/pt\/wp-json\/wp\/v2\/product_tag?post=2824"}],"curies":[{"name":"wp","href":"https:\/\/api.w.org\/{rel}","templated":true}]}}