{"id":2822,"date":"2024-09-16T08:12:44","date_gmt":"2024-09-16T08:12:44","guid":{"rendered":"https:\/\/nembutalboutique.com\/?post_type=product&#038;p=2822"},"modified":"2024-09-20T10:47:58","modified_gmt":"2024-09-20T10:47:58","slug":"alpha-php","status":"publish","type":"product","link":"https:\/\/nembutalboutique.com\/pt\/produto\/comprar-alpha-php-online\/","title":{"rendered":"Alpha PHP"},"content":{"rendered":"<h2>Comprar Alpha PHP online<\/h2>\n<p>Somos um fornecedor global de produtos qu\u00edmicos para investiga\u00e7\u00e3o. Os nossos fornecedores s\u00e3o fi\u00e1veis, dignos de confian\u00e7a, controlados, seguros e aprovados.<br \/>\nApresentamos a NembutalBoutique, um fornecedor respeit\u00e1vel de produtos qu\u00edmicos para investiga\u00e7\u00e3o que oferece os materiais mais recentes para os seus projectos. Precisa de um fornecedor em que possa confiar para lhe fornecer produtos qu\u00edmicos 100 % genu\u00ednos e puros. Trabalhar connosco dar-lhe-\u00e1 confian\u00e7a. Estamos muito orgulhosos por nos termos estabelecido como um dos fornecedores mais reputados do sector, gra\u00e7as \u00e0 nossa dedica\u00e7\u00e3o \u00e0 qualidade e integridade cient\u00edfica.<\/p>\n<p>Os nossos clientes podem beneficiar da nossa vasta gama de op\u00e7\u00f5es de pagamento, da entrega fi\u00e1vel e da nossa maior sele\u00e7\u00e3o de produtos qu\u00edmicos para investiga\u00e7\u00e3o. Desta forma, podemos ajudar muitos investigadores em todo o continente a localizar recursos de investiga\u00e7\u00e3o raros e pouco estudados. Estes t\u00eam frequentemente um impacto significativo na investiga\u00e7\u00e3o nos dom\u00ednios da f\u00edsica, qu\u00edmica, biologia ou farmacologia. Estamos constantemente \u00e0 procura de formas de melhorar as nossas ofertas e, sempre que poss\u00edvel, de acrescentar novos produtos qu\u00edmicos de investiga\u00e7\u00e3o \u00e0 nossa lista de produtos, de modo a atingir o nosso objetivo.<\/p>\n<p>Dependendo das suas necessidades imediatas, os nossos clientes podem efetuar encomendas em quantidades maiores ou menores. Temos muito orgulho em aceitar as prefer\u00eancias que os nossos clientes de todo o mundo nos chamam a aten\u00e7\u00e3o, pens\u00e1-las e fornecer produtos qu\u00edmicos para investiga\u00e7\u00e3o que os nossos clientes solicitam especificamente. O nosso principal objetivo \u00e9 facilitar o acesso da comunidade cient\u00edfica a produtos qu\u00edmicos de investiga\u00e7\u00e3o inovadores e de alta qualidade, fazendo avan\u00e7ar o conhecimento atrav\u00e9s da tecnologia.<\/p>\n<p>Quando a NembutalBoutiqueCompany envia artigos de investiga\u00e7\u00e3o, orienta o cliente.<br \/>\nS\u00f3 deve ser utilizado para estudos cient\u00edficos leg\u00edtimos realizados num ambiente laboratorial seguro e controlado, em conformidade com as leis e regulamentos locais. O exame humano do nosso artigo \u00e9 estritamente proibido em todos os casos.<\/p>\n<p>Loja de produtos qu\u00edmicos, First Research, Inc.<\/p>\n<p>Fornecemos produtos qu\u00edmicos de investiga\u00e7\u00e3o a institui\u00e7\u00f5es m\u00e9dicas, toxicologistas, bioqu\u00edmicos, farmac\u00eauticos, estudantes de qu\u00edmica, investigadores farmac\u00eauticos e estabelecimentos de ensino.<\/p>\n<h3>A-PHP da mais alta qualidade. PHP altamente desenvolvido.<\/h3>\n<p>Ensaio a-PHP<\/p>\n<p>N\u00e3o existe uma dosagem recomendada porque o<a href=\"https:\/\/nembutalboutique.com\/produit\/alpha-php\/\">a-PHP<\/a> \u00e9 vendido apenas para fins de investiga\u00e7\u00e3o cient\u00edfica e n\u00e3o \u00e9 recomendado para consumo humano.<\/p>\n<h3>Efeitos do a-PHP :<\/h3>\n<p>Os efeitos cl\u00ednicos da maioria das novas drogas sint\u00e9ticas, tais como<a href=\"https:\/\/en.wikipedia.org\/wiki\/%CE%91-Pyrrolidinohexiophenone\">a-PHP<\/a>Estas drogas podem ser caracterizadas como estimulantes, alucinog\u00e9nios ou opi\u00e1ceos. Muitas vezes, uma combina\u00e7\u00e3o destes efeitos \u00e9 obtida atrav\u00e9s da substitui\u00e7\u00e3o das cadeias laterais por drogas sint\u00e9ticas. Relatos semelhantes de experi\u00eancia com a-PHP podem ser encontrados em<br \/>\n\u00fcber Suchmaschinen in F\u00fclle and H\u00fclle und schl\u00e4gigen Foren.<\/p>\n<h3>Efeitos adversos do a-PHP<\/h3>\n<p>Tal como acontece com outras drogas sint\u00e9ticas, tomar a-PHP pode ter efeitos secund\u00e1rios graves; a subst\u00e2ncia n\u00e3o foi clinicamente testada ou aprovada para uso na medicina humana. Por conseguinte, o a-PHP \u00e9 apenas recomendado para investiga\u00e7\u00e3o e an\u00e1lise cient\u00edfica, n\u00e3o para uso humano!<\/p>\n<h3>Armazenamento e estabilidade do a-PHP<\/h3>\n<p>Armazenar o a-PHP a 30 graus Celsius ou menos na sua embalagem original. Evitar a luz solar direta e conservar a humidade. Quando armazenado corretamente, o prazo de validade do material \u00e9 de, pelo menos, um ano. Para mais informa\u00e7\u00f5es, contacte-nos.<\/p>","protected":false},"excerpt":{"rendered":"<p>Acheter Alpha PHP en ligne Nous sommes un fournisseur mondial de produits chimiques de recherche. Nos fournisseurs sont fiables, dignes de confiance, contr\u00f4l\u00e9s, s\u00e9curis\u00e9s et agr\u00e9\u00e9s. Pr\u00e9sentation de NembutalBoutique, un fournisseur r\u00e9put\u00e9 de produits chimiques de recherche qui propose les derniers mat\u00e9riaux pour vos projets. Vous avez besoin d&rsquo;un fournisseur en qui vous pouvez avoir [&hellip;]<\/p>","protected":false},"featured_media":2835,"comment_status":"open","ping_status":"closed","template":"","meta":{"_joinchat":[]},"product_brand":[],"product_cat":[385],"product_tag":[],"class_list":{"0":"post-2822","1":"product","2":"type-product","3":"status-publish","4":"has-post-thumbnail","6":"product_cat-forschung-schemikalien","8":"first","9":"instock","10":"shipping-taxable","11":"purchasable","12":"product-type-variable"},"yoast_head":"<!-- This site is optimized with the Yoast SEO plugin v23.5 - https:\/\/yoast.com\/wordpress\/plugins\/seo\/ -->\n<title>Acheter Alpha PHP en ligne - Alpha PHP \u00e0 vendre en ligne<\/title>\n<meta name=\"description\" content=\"Dans notre boutique NembutalBoutique, vous pouvez obtenir Alpha PHP \u00e0 des prix avantageux. Nous ne vendons que des produits de qualit\u00e9 sup\u00e9rieure. Achetez Alpha PHP en ligne d\u00e8s maintenant dans notre boutique. Passez votre commande imm\u00e9diatement !\" \/>\n<meta name=\"robots\" content=\"index, follow, max-snippet:-1, max-image-preview:large, max-video-preview:-1\" \/>\n<link rel=\"canonical\" href=\"https:\/\/nembutalboutique.com\/pt\/produto\/comprar-alpha-php-online\/\" \/>\n<meta property=\"og:locale\" content=\"pt_PT\" \/>\n<meta property=\"og:type\" content=\"article\" \/>\n<meta property=\"og:title\" content=\"Acheter Alpha PHP en ligne - Alpha PHP \u00e0 vendre en ligne\" \/>\n<meta property=\"og:description\" content=\"Dans notre boutique NembutalBoutique, vous pouvez obtenir Alpha PHP \u00e0 des prix avantageux. Nous ne vendons que des produits de qualit\u00e9 sup\u00e9rieure. Achetez Alpha PHP en ligne d\u00e8s maintenant dans notre boutique. Passez votre commande imm\u00e9diatement !\" \/>\n<meta property=\"og:url\" content=\"https:\/\/nembutalboutique.com\/pt\/produto\/comprar-alpha-php-online\/\" \/>\n<meta property=\"og:site_name\" content=\"Nembutal Boutique\" \/>\n<meta property=\"article:modified_time\" content=\"2024-09-20T10:47:58+00:00\" \/>\n<meta property=\"og:image\" content=\"https:\/\/nembutalboutique.com\/wp-content\/uploads\/2024\/09\/A-PPP.gif\" \/>\n\t<meta property=\"og:image:width\" content=\"600\" \/>\n\t<meta property=\"og:image:height\" content=\"600\" \/>\n\t<meta property=\"og:image:type\" content=\"image\/gif\" \/>\n<meta name=\"twitter:card\" content=\"summary_large_image\" \/>\n<meta name=\"twitter:label1\" content=\"Tempo estimado de leitura\" \/>\n\t<meta name=\"twitter:data1\" content=\"3 minutos\" \/>\n<script type=\"application\/ld+json\" class=\"yoast-schema-graph\">{\"@context\":\"https:\/\/schema.org\",\"@graph\":[{\"@type\":\"WebPage\",\"@id\":\"https:\/\/nembutalboutique.com\/produit\/alpha-php\/\",\"url\":\"https:\/\/nembutalboutique.com\/produit\/alpha-php\/\",\"name\":\"Acheter Alpha PHP en ligne - Alpha PHP \u00e0 vendre en ligne\",\"isPartOf\":{\"@id\":\"https:\/\/nembutalboutique.com\/#website\"},\"primaryImageOfPage\":{\"@id\":\"https:\/\/nembutalboutique.com\/produit\/alpha-php\/#primaryimage\"},\"image\":{\"@id\":\"https:\/\/nembutalboutique.com\/produit\/alpha-php\/#primaryimage\"},\"thumbnailUrl\":\"https:\/\/nembutalboutique.com\/wp-content\/uploads\/2024\/09\/A-PPP.gif\",\"datePublished\":\"2024-09-16T08:12:44+00:00\",\"dateModified\":\"2024-09-20T10:47:58+00:00\",\"description\":\"Dans notre boutique NembutalBoutique, vous pouvez obtenir Alpha PHP \u00e0 des prix avantageux. Nous ne vendons que des produits de qualit\u00e9 sup\u00e9rieure. Achetez Alpha PHP en ligne d\u00e8s maintenant dans notre boutique. Passez votre commande imm\u00e9diatement !\",\"breadcrumb\":{\"@id\":\"https:\/\/nembutalboutique.com\/produit\/alpha-php\/#breadcrumb\"},\"inLanguage\":\"pt-PT\",\"potentialAction\":[{\"@type\":\"ReadAction\",\"target\":[\"https:\/\/nembutalboutique.com\/produit\/alpha-php\/\"]}]},{\"@type\":\"ImageObject\",\"inLanguage\":\"pt-PT\",\"@id\":\"https:\/\/nembutalboutique.com\/produit\/alpha-php\/#primaryimage\",\"url\":\"https:\/\/nembutalboutique.com\/wp-content\/uploads\/2024\/09\/A-PPP.gif\",\"contentUrl\":\"https:\/\/nembutalboutique.com\/wp-content\/uploads\/2024\/09\/A-PPP.gif\",\"width\":600,\"height\":600,\"caption\":\"Acheter A-PPP\"},{\"@type\":\"BreadcrumbList\",\"@id\":\"https:\/\/nembutalboutique.com\/produit\/alpha-php\/#breadcrumb\",\"itemListElement\":[{\"@type\":\"ListItem\",\"position\":1,\"name\":\"Home\",\"item\":\"https:\/\/nembutalboutique.com\/\"},{\"@type\":\"ListItem\",\"position\":2,\"name\":\"Boutique\",\"item\":\"https:\/\/nembutalboutique.com\/shop\/\"},{\"@type\":\"ListItem\",\"position\":3,\"name\":\"Alpha PHP\"}]},{\"@type\":\"WebSite\",\"@id\":\"https:\/\/nembutalboutique.com\/#website\",\"url\":\"https:\/\/nembutalboutique.com\/\",\"name\":\"Nembutal Boutique\",\"description\":\"My WordPress Blog\",\"publisher\":{\"@id\":\"https:\/\/nembutalboutique.com\/#organization\"},\"potentialAction\":[{\"@type\":\"SearchAction\",\"target\":{\"@type\":\"EntryPoint\",\"urlTemplate\":\"https:\/\/nembutalboutique.com\/?s={search_term_string}\"},\"query-input\":{\"@type\":\"PropertyValueSpecification\",\"valueRequired\":true,\"valueName\":\"search_term_string\"}}],\"inLanguage\":\"pt-PT\"},{\"@type\":\"Organization\",\"@id\":\"https:\/\/nembutalboutique.com\/#organization\",\"name\":\"Nembutal Boutique\",\"url\":\"https:\/\/nembutalboutique.com\/\",\"logo\":{\"@type\":\"ImageObject\",\"inLanguage\":\"pt-PT\",\"@id\":\"https:\/\/nembutalboutique.com\/#\/schema\/logo\/image\/\",\"url\":\"https:\/\/nembutalboutique.com\/wp-content\/uploads\/2024\/01\/logo.png\",\"contentUrl\":\"https:\/\/nembutalboutique.com\/wp-content\/uploads\/2024\/01\/logo.png\",\"width\":494,\"height\":121,\"caption\":\"Nembutal Boutique\"},\"image\":{\"@id\":\"https:\/\/nembutalboutique.com\/#\/schema\/logo\/image\/\"}}]}<\/script>\n<!-- \/ Yoast SEO plugin. -->","yoast_head_json":{"title":"Comprar Alpha PHP online - Alpha PHP para venda online","description":"Na nossa NembutalBoutique pode obter Alpha PHP a pre\u00e7os excelentes. S\u00f3 vendemos produtos de alta qualidade. Compre Alpha PHP online agora na nossa loja. Fa\u00e7a a sua encomenda agora!","robots":{"index":"index","follow":"follow","max-snippet":"max-snippet:-1","max-image-preview":"max-image-preview:large","max-video-preview":"max-video-preview:-1"},"canonical":"https:\/\/nembutalboutique.com\/pt\/produto\/comprar-alpha-php-online\/","og_locale":"pt_PT","og_type":"article","og_title":"Acheter Alpha PHP en ligne - Alpha PHP \u00e0 vendre en ligne","og_description":"Dans notre boutique NembutalBoutique, vous pouvez obtenir Alpha PHP \u00e0 des prix avantageux. Nous ne vendons que des produits de qualit\u00e9 sup\u00e9rieure. Achetez Alpha PHP en ligne d\u00e8s maintenant dans notre boutique. Passez votre commande imm\u00e9diatement !","og_url":"https:\/\/nembutalboutique.com\/pt\/produto\/comprar-alpha-php-online\/","og_site_name":"Nembutal Boutique","article_modified_time":"2024-09-20T10:47:58+00:00","og_image":[{"width":600,"height":600,"url":"https:\/\/nembutalboutique.com\/wp-content\/uploads\/2024\/09\/A-PPP.gif","type":"image\/gif"}],"twitter_card":"summary_large_image","twitter_misc":{"Tempo estimado de leitura":"3 minutos"},"schema":{"@context":"https:\/\/schema.org","@graph":[{"@type":"WebPage","@id":"https:\/\/nembutalboutique.com\/produit\/alpha-php\/","url":"https:\/\/nembutalboutique.com\/produit\/alpha-php\/","name":"Comprar Alpha PHP online - Alpha PHP para venda online","isPartOf":{"@id":"https:\/\/nembutalboutique.com\/#website"},"primaryImageOfPage":{"@id":"https:\/\/nembutalboutique.com\/produit\/alpha-php\/#primaryimage"},"image":{"@id":"https:\/\/nembutalboutique.com\/produit\/alpha-php\/#primaryimage"},"thumbnailUrl":"https:\/\/nembutalboutique.com\/wp-content\/uploads\/2024\/09\/A-PPP.gif","datePublished":"2024-09-16T08:12:44+00:00","dateModified":"2024-09-20T10:47:58+00:00","description":"Na nossa NembutalBoutique pode obter Alpha PHP a pre\u00e7os excelentes. S\u00f3 vendemos produtos de alta qualidade. Compre Alpha PHP online agora na nossa loja. Fa\u00e7a a sua encomenda agora!","breadcrumb":{"@id":"https:\/\/nembutalboutique.com\/produit\/alpha-php\/#breadcrumb"},"inLanguage":"pt-PT","potentialAction":[{"@type":"ReadAction","target":["https:\/\/nembutalboutique.com\/produit\/alpha-php\/"]}]},{"@type":"ImageObject","inLanguage":"pt-PT","@id":"https:\/\/nembutalboutique.com\/produit\/alpha-php\/#primaryimage","url":"https:\/\/nembutalboutique.com\/wp-content\/uploads\/2024\/09\/A-PPP.gif","contentUrl":"https:\/\/nembutalboutique.com\/wp-content\/uploads\/2024\/09\/A-PPP.gif","width":600,"height":600,"caption":"Acheter A-PPP"},{"@type":"BreadcrumbList","@id":"https:\/\/nembutalboutique.com\/produit\/alpha-php\/#breadcrumb","itemListElement":[{"@type":"ListItem","position":1,"name":"Home","item":"https:\/\/nembutalboutique.com\/"},{"@type":"ListItem","position":2,"name":"Boutique","item":"https:\/\/nembutalboutique.com\/shop\/"},{"@type":"ListItem","position":3,"name":"Alpha PHP"}]},{"@type":"WebSite","@id":"https:\/\/nembutalboutique.com\/#website","url":"https:\/\/nembutalboutique.com\/","name":"Nembutal Boutique","description":"O meu blogue WordPress","publisher":{"@id":"https:\/\/nembutalboutique.com\/#organization"},"potentialAction":[{"@type":"SearchAction","target":{"@type":"EntryPoint","urlTemplate":"https:\/\/nembutalboutique.com\/?s={search_term_string}"},"query-input":{"@type":"PropertyValueSpecification","valueRequired":true,"valueName":"search_term_string"}}],"inLanguage":"pt-PT"},{"@type":"Organization","@id":"https:\/\/nembutalboutique.com\/#organization","name":"Nembutal Boutique","url":"https:\/\/nembutalboutique.com\/","logo":{"@type":"ImageObject","inLanguage":"pt-PT","@id":"https:\/\/nembutalboutique.com\/#\/schema\/logo\/image\/","url":"https:\/\/nembutalboutique.com\/wp-content\/uploads\/2024\/01\/logo.png","contentUrl":"https:\/\/nembutalboutique.com\/wp-content\/uploads\/2024\/01\/logo.png","width":494,"height":121,"caption":"Nembutal Boutique"},"image":{"@id":"https:\/\/nembutalboutique.com\/#\/schema\/logo\/image\/"}}]}},"_links":{"self":[{"href":"https:\/\/nembutalboutique.com\/pt\/wp-json\/wp\/v2\/product\/2822"}],"collection":[{"href":"https:\/\/nembutalboutique.com\/pt\/wp-json\/wp\/v2\/product"}],"about":[{"href":"https:\/\/nembutalboutique.com\/pt\/wp-json\/wp\/v2\/types\/product"}],"replies":[{"embeddable":true,"href":"https:\/\/nembutalboutique.com\/pt\/wp-json\/wp\/v2\/comments?post=2822"}],"wp:featuredmedia":[{"embeddable":true,"href":"https:\/\/nembutalboutique.com\/pt\/wp-json\/wp\/v2\/media\/2835"}],"wp:attachment":[{"href":"https:\/\/nembutalboutique.com\/pt\/wp-json\/wp\/v2\/media?parent=2822"}],"wp:term":[{"taxonomy":"product_brand","embeddable":true,"href":"https:\/\/nembutalboutique.com\/pt\/wp-json\/wp\/v2\/product_brand?post=2822"},{"taxonomy":"product_cat","embeddable":true,"href":"https:\/\/nembutalboutique.com\/pt\/wp-json\/wp\/v2\/product_cat?post=2822"},{"taxonomy":"product_tag","embeddable":true,"href":"https:\/\/nembutalboutique.com\/pt\/wp-json\/wp\/v2\/product_tag?post=2822"}],"curies":[{"name":"wp","href":"https:\/\/api.w.org\/{rel}","templated":true}]}}