{"id":2820,"date":"2024-09-16T08:12:44","date_gmt":"2024-09-16T08:12:44","guid":{"rendered":"https:\/\/nembutalboutique.com\/?post_type=product&#038;p=2820"},"modified":"2024-09-20T07:50:15","modified_gmt":"2024-09-20T07:50:15","slug":"4f-pv8","status":"publish","type":"product","link":"https:\/\/nembutalboutique.com\/pt\/produto\/comprar-4f-pv8-online\/","title":{"rendered":"4F-PV8"},"content":{"rendered":"<p><a href=\"https:\/\/en.wikipedia.org\/wiki\/4%27-Fluoro-%CE%B1-pyrrolidinooctanophenone\">4F-PV8<\/a> ao comprar Comprar nembutal porque a qualidade \u00e9 importante!<br \/>\nComprar 4F-PV8 online \u00e0s melhores empresas qu\u00edmicas europeias. Garantido para ser produzido com pelo menos 98 % de pureza. Fornecemos o COA de cada carga produzida quimicamente durante a nossa investiga\u00e7\u00e3o!<\/p>\n<h2>Materiais no 4F-PV8<\/h2>\n<p>Cont\u00e9m um m\u00ednimo de 98 puros % + 4F-PV8 por unidade de controlo.<\/p>\n<p><strong>Dosagem de 4-F-PV8<\/strong><\/p>\n<p>N\u00e3o existe uma dosagem recomendada porque o <a href=\"https:\/\/nembutalboutique.com\/produit\/acheter-4f-pv8-en-ligne\/\">4F-PV8<\/a> \u00e9 vendido apenas para utiliza\u00e7\u00e3o em investiga\u00e7\u00e3o qu\u00edmica cient\u00edfica e n\u00e3o se destina ao consumo humano.<\/p>\n<p><strong>Os efeitos do 4F-PV8<\/strong><\/p>\n<p>Os efeitos cl\u00ednicos da maioria das novas drogas sint\u00e9ticas, como a 4F-PV8, podem ser classificados como estimulantes, alucinog\u00e9nios ou opi\u00e1ceos. Para al\u00e9m disso, h\u00e1 uma combina\u00e7\u00e3o destes efeitos com a substitui\u00e7\u00e3o da sidekette sint\u00e9tica.<br \/>\nA utiliza\u00e7\u00e3o do 4F-PV8 em conjunto com outras drogas sint\u00e9ticas pode provocar efeitos secund\u00e1rios graves. Embora a subst\u00e2ncia n\u00e3o tenha sido testada clinicamente, est\u00e1 de certa forma aprovada como produto para o prescritor! Como tal, o 4F-PV8 destina-se apenas \u00e0 investiga\u00e7\u00e3o cient\u00edfica e n\u00e3o deve ser utilizado para fins humanos!<\/p>\n<h3>Compreender como armazenar 4F-PV8<\/h3>\n<p>O 4F-PV8 deve ser armazenado a uma temperatura inferior a 30 graus Celsius. O 4F-PV8 deve ser armazenado na sua embalagem original, ao abrigo da luz solar direta e da humidade.<\/p>\n<p>4-PV8<\/p>\n<p>Dados t\u00e9cnicos<\/p>\n<p>1-(4-metoxifenil)-2-(pirrolidin-1-il)heptan-1-ona, monocloridrato \u00e9 a designa\u00e7\u00e3o oficial.<\/p>\n<p>Equivalente<\/p>\n<p>4-PV8<\/p>\n<p>p-MeO-PV8<\/p>\n<p>4-PHP F\u00f3xi<\/p>\n<p>HCl - Forma de adi\u00e7\u00e3o C18H27NO2<\/p>\n<p>325,9 Peso da f\u00f3rmula<\/p>\n<p>Resist\u00eancia 98 %<\/p>\n<p>Formula\u00e7\u00e3o A cristalizada no estado s\u00f3lido<br \/>\nNembutalboutique: Fornecemos produtos qu\u00edmicos de investiga\u00e7\u00e3o a pessoas de todo o mundo.<\/p>\n<p>Fornecedores de produtos qu\u00edmicos de investiga\u00e7\u00e3o fi\u00e1veis, controlados, validados, seguros e autorizados<\/p>\n<p>Apresentamos a NembutalBoutique, um fornecedor respeit\u00e1vel de produtos qu\u00edmicos para investiga\u00e7\u00e3o que oferece os materiais mais recentes para os seus projectos. Precisa de um fornecedor em que possa confiar para lhe fornecer produtos qu\u00edmicos 100 % genu\u00ednos e puros. Trabalhar connosco convenc\u00ea-lo-\u00e1 disso. Estamos muito orgulhosos de nos termos estabelecido como um dos fornecedores mais reputados da ind\u00fastria atrav\u00e9s da nossa dedica\u00e7\u00e3o \u00e0 qualidade e integridade cient\u00edfica.<\/p>\n<p>Os nossos clientes podem beneficiar de uma vasta gama de op\u00e7\u00f5es de pagamento, de uma entrega fi\u00e1vel e da maior sele\u00e7\u00e3o de produtos qu\u00edmicos para investiga\u00e7\u00e3o. Desta forma, podemos apoiar muitos investigadores em todo o continente.<\/p>\n<p>Localizar materiais de investiga\u00e7\u00e3o n\u00e3o convencionais e pouco explorados que t\u00eam o potencial de ter um impacto significativo nos estudos de f\u00edsica, qu\u00edmica, biologia ou farmacologia. Estamos constantemente \u00e0 procura de formas de melhorar as nossas ofertas e, sempre que poss\u00edvel, adicionamos novos produtos qu\u00edmicos de investiga\u00e7\u00e3o \u00e0 nossa lista de produtos para atingir o nosso objetivo.<\/p>\n<p>Dependendo das suas necessidades imediatas, os nossos clientes podem efetuar encomendas em quantidades maiores ou menores. Temos muito orgulho em aceitar as prefer\u00eancias que os nossos clientes de todo o mundo nos chamam a aten\u00e7\u00e3o, pens\u00e1-las e fornecer os produtos qu\u00edmicos para investiga\u00e7\u00e3o que os nossos clientes solicitam especificamente. O nosso principal objetivo \u00e9 facilitar o acesso da comunidade cient\u00edfica a produtos qu\u00edmicos de investiga\u00e7\u00e3o revolucion\u00e1rios e de elevada qualidade, fazendo avan\u00e7ar o conhecimento atrav\u00e9s da tecnologia.<\/p>\n<p>Tenha em aten\u00e7\u00e3o que a compra de nembutal limita a utiliza\u00e7\u00e3o estrita dos seus sujeitos de investiga\u00e7\u00e3o a estudos cient\u00edficos leg\u00edtimos realizados num ambiente laboratorial seguro e regulamentado, em conformidade com as leis e regulamentos locais. Os testes em humanos do nosso artigo s\u00e3o estritamente proibidos em todos os casos.<\/p>\n<h3>Loja de produtos qu\u00edmicos, First Research, Inc.<\/h3>\n<p>Fornecemos produtos qu\u00edmicos de investiga\u00e7\u00e3o a institui\u00e7\u00f5es m\u00e9dicas, toxicologistas, bioqu\u00edmicos, farmac\u00eauticos, estudantes de qu\u00edmica, investigadores farmac\u00eauticos e estabelecimentos de ensino.<\/p>","protected":false},"excerpt":{"rendered":"<p>4F-PV8 \u00e0 l&rsquo;achat Achetez du nembutal car la qualit\u00e9 est importante ! Achetez du 4F-PV8 en ligne aupr\u00e8s des meilleures entreprises chimiques europ\u00e9ennes. Garanti d&rsquo;\u00eatre produit avec au moins 98 % de puret\u00e9. Nous fournissons le COA de chaque charge produite chimiquement au cours de nos recherches ! Mat\u00e9riaux dans le 4F-PV8 Contient un minimum [&hellip;]<\/p>","protected":false},"featured_media":2834,"comment_status":"open","ping_status":"closed","template":"","meta":{"_joinchat":[]},"product_brand":[],"product_cat":[385],"product_tag":[],"class_list":{"0":"post-2820","1":"product","2":"type-product","3":"status-publish","4":"has-post-thumbnail","6":"product_cat-forschung-schemikalien","8":"first","9":"instock","10":"shipping-taxable","11":"purchasable","12":"product-type-variable"},"yoast_head":"<!-- This site is optimized with the Yoast SEO plugin v23.5 - https:\/\/yoast.com\/wordpress\/plugins\/seo\/ -->\n<title>Achetez 4F-PV8 en ligne - 4F-PV8 \u00e0 vendre - Commandez 4F-PV8<\/title>\n<meta name=\"description\" content=\"Vous pouvez acheter du 4F-PV8 en ligne aux meilleurs prix dans notre boutique de m\u00e9dicaments en ligne. Nous proposons du 4F-PV8 bon march\u00e9 et de haute qualit\u00e9 \u00e0 la vente et proposons une livraison dans le monde entier. Vous pouvez commander de n&#039;importe o\u00f9, \u00e0 tout moment.\" \/>\n<meta name=\"robots\" content=\"index, follow, max-snippet:-1, max-image-preview:large, max-video-preview:-1\" \/>\n<link rel=\"canonical\" href=\"https:\/\/nembutalboutique.com\/pt\/produto\/comprar-4f-pv8-online\/\" \/>\n<meta property=\"og:locale\" content=\"pt_PT\" \/>\n<meta property=\"og:type\" content=\"article\" \/>\n<meta property=\"og:title\" content=\"Achetez 4F-PV8 en ligne - 4F-PV8 \u00e0 vendre - Commandez 4F-PV8\" \/>\n<meta property=\"og:description\" content=\"Vous pouvez acheter du 4F-PV8 en ligne aux meilleurs prix dans notre boutique de m\u00e9dicaments en ligne. Nous proposons du 4F-PV8 bon march\u00e9 et de haute qualit\u00e9 \u00e0 la vente et proposons une livraison dans le monde entier. Vous pouvez commander de n&#039;importe o\u00f9, \u00e0 tout moment.\" \/>\n<meta property=\"og:url\" content=\"https:\/\/nembutalboutique.com\/pt\/produto\/comprar-4f-pv8-online\/\" \/>\n<meta property=\"og:site_name\" content=\"Nembutal Boutique\" \/>\n<meta property=\"article:modified_time\" content=\"2024-09-20T07:50:15+00:00\" \/>\n<meta property=\"og:image\" content=\"https:\/\/nembutalboutique.com\/wp-content\/uploads\/2024\/09\/4FPV8.gif\" \/>\n\t<meta property=\"og:image:width\" content=\"600\" \/>\n\t<meta property=\"og:image:height\" content=\"600\" \/>\n\t<meta property=\"og:image:type\" content=\"image\/gif\" \/>\n<meta name=\"twitter:card\" content=\"summary_large_image\" \/>\n<meta name=\"twitter:label1\" content=\"Tempo estimado de leitura\" \/>\n\t<meta name=\"twitter:data1\" content=\"4 minutos\" \/>\n<script type=\"application\/ld+json\" class=\"yoast-schema-graph\">{\"@context\":\"https:\/\/schema.org\",\"@graph\":[{\"@type\":\"WebPage\",\"@id\":\"https:\/\/nembutalboutique.com\/produit\/4f-pv8\/\",\"url\":\"https:\/\/nembutalboutique.com\/produit\/4f-pv8\/\",\"name\":\"Achetez 4F-PV8 en ligne - 4F-PV8 \u00e0 vendre - Commandez 4F-PV8\",\"isPartOf\":{\"@id\":\"https:\/\/nembutalboutique.com\/#website\"},\"primaryImageOfPage\":{\"@id\":\"https:\/\/nembutalboutique.com\/produit\/4f-pv8\/#primaryimage\"},\"image\":{\"@id\":\"https:\/\/nembutalboutique.com\/produit\/4f-pv8\/#primaryimage\"},\"thumbnailUrl\":\"https:\/\/nembutalboutique.com\/wp-content\/uploads\/2024\/09\/4FPV8.gif\",\"datePublished\":\"2024-09-16T08:12:44+00:00\",\"dateModified\":\"2024-09-20T07:50:15+00:00\",\"description\":\"Vous pouvez acheter du 4F-PV8 en ligne aux meilleurs prix dans notre boutique de m\u00e9dicaments en ligne. Nous proposons du 4F-PV8 bon march\u00e9 et de haute qualit\u00e9 \u00e0 la vente et proposons une livraison dans le monde entier. Vous pouvez commander de n'importe o\u00f9, \u00e0 tout moment.\",\"breadcrumb\":{\"@id\":\"https:\/\/nembutalboutique.com\/produit\/4f-pv8\/#breadcrumb\"},\"inLanguage\":\"pt-PT\",\"potentialAction\":[{\"@type\":\"ReadAction\",\"target\":[\"https:\/\/nembutalboutique.com\/produit\/4f-pv8\/\"]}]},{\"@type\":\"ImageObject\",\"inLanguage\":\"pt-PT\",\"@id\":\"https:\/\/nembutalboutique.com\/produit\/4f-pv8\/#primaryimage\",\"url\":\"https:\/\/nembutalboutique.com\/wp-content\/uploads\/2024\/09\/4FPV8.gif\",\"contentUrl\":\"https:\/\/nembutalboutique.com\/wp-content\/uploads\/2024\/09\/4FPV8.gif\",\"width\":600,\"height\":600,\"caption\":\"Acheter 4F-PV8\"},{\"@type\":\"BreadcrumbList\",\"@id\":\"https:\/\/nembutalboutique.com\/produit\/4f-pv8\/#breadcrumb\",\"itemListElement\":[{\"@type\":\"ListItem\",\"position\":1,\"name\":\"Home\",\"item\":\"https:\/\/nembutalboutique.com\/\"},{\"@type\":\"ListItem\",\"position\":2,\"name\":\"Boutique\",\"item\":\"https:\/\/nembutalboutique.com\/shop\/\"},{\"@type\":\"ListItem\",\"position\":3,\"name\":\"4F-PV8\"}]},{\"@type\":\"WebSite\",\"@id\":\"https:\/\/nembutalboutique.com\/#website\",\"url\":\"https:\/\/nembutalboutique.com\/\",\"name\":\"Nembutal Boutique\",\"description\":\"My WordPress Blog\",\"publisher\":{\"@id\":\"https:\/\/nembutalboutique.com\/#organization\"},\"potentialAction\":[{\"@type\":\"SearchAction\",\"target\":{\"@type\":\"EntryPoint\",\"urlTemplate\":\"https:\/\/nembutalboutique.com\/?s={search_term_string}\"},\"query-input\":{\"@type\":\"PropertyValueSpecification\",\"valueRequired\":true,\"valueName\":\"search_term_string\"}}],\"inLanguage\":\"pt-PT\"},{\"@type\":\"Organization\",\"@id\":\"https:\/\/nembutalboutique.com\/#organization\",\"name\":\"Nembutal Boutique\",\"url\":\"https:\/\/nembutalboutique.com\/\",\"logo\":{\"@type\":\"ImageObject\",\"inLanguage\":\"pt-PT\",\"@id\":\"https:\/\/nembutalboutique.com\/#\/schema\/logo\/image\/\",\"url\":\"https:\/\/nembutalboutique.com\/wp-content\/uploads\/2024\/01\/logo.png\",\"contentUrl\":\"https:\/\/nembutalboutique.com\/wp-content\/uploads\/2024\/01\/logo.png\",\"width\":494,\"height\":121,\"caption\":\"Nembutal Boutique\"},\"image\":{\"@id\":\"https:\/\/nembutalboutique.com\/#\/schema\/logo\/image\/\"}}]}<\/script>\n<!-- \/ Yoast SEO plugin. -->","yoast_head_json":{"title":"Comprar 4F-PV8 online - 4F-PV8 para venda - Encomendar 4F-PV8","description":"Pode comprar 4F-PV8 online ao melhor pre\u00e7o na nossa loja online de medicamentos. Oferecemos 4F-PV8 barato e de alta qualidade para venda e entrega em todo o mundo. Pode encomendar a partir de qualquer lugar, a qualquer hora.","robots":{"index":"index","follow":"follow","max-snippet":"max-snippet:-1","max-image-preview":"max-image-preview:large","max-video-preview":"max-video-preview:-1"},"canonical":"https:\/\/nembutalboutique.com\/pt\/produto\/comprar-4f-pv8-online\/","og_locale":"pt_PT","og_type":"article","og_title":"Achetez 4F-PV8 en ligne - 4F-PV8 \u00e0 vendre - Commandez 4F-PV8","og_description":"Vous pouvez acheter du 4F-PV8 en ligne aux meilleurs prix dans notre boutique de m\u00e9dicaments en ligne. Nous proposons du 4F-PV8 bon march\u00e9 et de haute qualit\u00e9 \u00e0 la vente et proposons une livraison dans le monde entier. Vous pouvez commander de n'importe o\u00f9, \u00e0 tout moment.","og_url":"https:\/\/nembutalboutique.com\/pt\/produto\/comprar-4f-pv8-online\/","og_site_name":"Nembutal Boutique","article_modified_time":"2024-09-20T07:50:15+00:00","og_image":[{"width":600,"height":600,"url":"https:\/\/nembutalboutique.com\/wp-content\/uploads\/2024\/09\/4FPV8.gif","type":"image\/gif"}],"twitter_card":"summary_large_image","twitter_misc":{"Tempo estimado de leitura":"4 minutos"},"schema":{"@context":"https:\/\/schema.org","@graph":[{"@type":"WebPage","@id":"https:\/\/nembutalboutique.com\/produit\/4f-pv8\/","url":"https:\/\/nembutalboutique.com\/produit\/4f-pv8\/","name":"Comprar 4F-PV8 online - 4F-PV8 para venda - Encomendar 4F-PV8","isPartOf":{"@id":"https:\/\/nembutalboutique.com\/#website"},"primaryImageOfPage":{"@id":"https:\/\/nembutalboutique.com\/produit\/4f-pv8\/#primaryimage"},"image":{"@id":"https:\/\/nembutalboutique.com\/produit\/4f-pv8\/#primaryimage"},"thumbnailUrl":"https:\/\/nembutalboutique.com\/wp-content\/uploads\/2024\/09\/4FPV8.gif","datePublished":"2024-09-16T08:12:44+00:00","dateModified":"2024-09-20T07:50:15+00:00","description":"Pode comprar 4F-PV8 online ao melhor pre\u00e7o na nossa loja online de medicamentos. Oferecemos 4F-PV8 barato e de alta qualidade para venda e entrega em todo o mundo. Pode encomendar a partir de qualquer lugar, a qualquer hora.","breadcrumb":{"@id":"https:\/\/nembutalboutique.com\/produit\/4f-pv8\/#breadcrumb"},"inLanguage":"pt-PT","potentialAction":[{"@type":"ReadAction","target":["https:\/\/nembutalboutique.com\/produit\/4f-pv8\/"]}]},{"@type":"ImageObject","inLanguage":"pt-PT","@id":"https:\/\/nembutalboutique.com\/produit\/4f-pv8\/#primaryimage","url":"https:\/\/nembutalboutique.com\/wp-content\/uploads\/2024\/09\/4FPV8.gif","contentUrl":"https:\/\/nembutalboutique.com\/wp-content\/uploads\/2024\/09\/4FPV8.gif","width":600,"height":600,"caption":"Acheter 4F-PV8"},{"@type":"BreadcrumbList","@id":"https:\/\/nembutalboutique.com\/produit\/4f-pv8\/#breadcrumb","itemListElement":[{"@type":"ListItem","position":1,"name":"Home","item":"https:\/\/nembutalboutique.com\/"},{"@type":"ListItem","position":2,"name":"Boutique","item":"https:\/\/nembutalboutique.com\/shop\/"},{"@type":"ListItem","position":3,"name":"4F-PV8"}]},{"@type":"WebSite","@id":"https:\/\/nembutalboutique.com\/#website","url":"https:\/\/nembutalboutique.com\/","name":"Nembutal Boutique","description":"O meu blogue WordPress","publisher":{"@id":"https:\/\/nembutalboutique.com\/#organization"},"potentialAction":[{"@type":"SearchAction","target":{"@type":"EntryPoint","urlTemplate":"https:\/\/nembutalboutique.com\/?s={search_term_string}"},"query-input":{"@type":"PropertyValueSpecification","valueRequired":true,"valueName":"search_term_string"}}],"inLanguage":"pt-PT"},{"@type":"Organization","@id":"https:\/\/nembutalboutique.com\/#organization","name":"Nembutal Boutique","url":"https:\/\/nembutalboutique.com\/","logo":{"@type":"ImageObject","inLanguage":"pt-PT","@id":"https:\/\/nembutalboutique.com\/#\/schema\/logo\/image\/","url":"https:\/\/nembutalboutique.com\/wp-content\/uploads\/2024\/01\/logo.png","contentUrl":"https:\/\/nembutalboutique.com\/wp-content\/uploads\/2024\/01\/logo.png","width":494,"height":121,"caption":"Nembutal Boutique"},"image":{"@id":"https:\/\/nembutalboutique.com\/#\/schema\/logo\/image\/"}}]}},"_links":{"self":[{"href":"https:\/\/nembutalboutique.com\/pt\/wp-json\/wp\/v2\/product\/2820"}],"collection":[{"href":"https:\/\/nembutalboutique.com\/pt\/wp-json\/wp\/v2\/product"}],"about":[{"href":"https:\/\/nembutalboutique.com\/pt\/wp-json\/wp\/v2\/types\/product"}],"replies":[{"embeddable":true,"href":"https:\/\/nembutalboutique.com\/pt\/wp-json\/wp\/v2\/comments?post=2820"}],"wp:featuredmedia":[{"embeddable":true,"href":"https:\/\/nembutalboutique.com\/pt\/wp-json\/wp\/v2\/media\/2834"}],"wp:attachment":[{"href":"https:\/\/nembutalboutique.com\/pt\/wp-json\/wp\/v2\/media?parent=2820"}],"wp:term":[{"taxonomy":"product_brand","embeddable":true,"href":"https:\/\/nembutalboutique.com\/pt\/wp-json\/wp\/v2\/product_brand?post=2820"},{"taxonomy":"product_cat","embeddable":true,"href":"https:\/\/nembutalboutique.com\/pt\/wp-json\/wp\/v2\/product_cat?post=2820"},{"taxonomy":"product_tag","embeddable":true,"href":"https:\/\/nembutalboutique.com\/pt\/wp-json\/wp\/v2\/product_tag?post=2820"}],"curies":[{"name":"wp","href":"https:\/\/api.w.org\/{rel}","templated":true}]}}