{"id":2684,"date":"2024-09-16T08:11:43","date_gmt":"2024-09-16T08:11:43","guid":{"rendered":"https:\/\/nembutalboutique.com\/?post_type=product&#038;p=2684"},"modified":"2024-09-20T11:00:09","modified_gmt":"2024-09-20T11:00:09","slug":"eb-bk","status":"publish","type":"product","link":"https:\/\/nembutalboutique.com\/pt\/produto\/comprar-eb-bk-online\/","title":{"rendered":"EB-Bk"},"content":{"rendered":"<h2>Pode obter a EBK Crystal online.<\/h2>\n<p>Obter EB-Bk online: Qualquer pessoa com mais de dezoito anos pode obter EB-Bk, os novos produtos qu\u00edmicos estimulantes, online na Buy Nembutal, um retalhista online respeit\u00e1vel de produtos qu\u00edmicos de investiga\u00e7\u00e3o. \u00c9 comercializado como um substituto para o N-etilpentileno e est\u00e1 dispon\u00edvel na forma de cristal grande. Tamb\u00e9m \u00e9 conhecido como Ephylon e bk-EBDP.<\/p>\n<h3>Onde \u00e9 que o Ebk \u00e9 utilizado?<\/h3>\n<p>Dado que<a href=\"https:\/\/nembutalboutique.com\/produit\/eb-bk\/\">Cristal EBK<\/a> \u00e9 legal na maioria dos pa\u00edses, n\u00e3o h\u00e1 qualquer problema em encomend\u00e1-la online. \u00c9 vendido exclusivamente para fins de investiga\u00e7\u00e3o e n\u00e3o ser\u00e1 utilizado para qualquer outro fim. Pode ser utilizado, entre outras coisas, para diagn\u00f3sticos in vivo, refei\u00e7\u00f5es, medicamentos, equipamento m\u00e9dico, cosm\u00e9ticos e produtos farmac\u00eauticos. Antes de preencher o formul\u00e1rio de encomenda em linha de produtos qu\u00edmicos da EBK, certifique-se de que h\u00e1 res\u00edduos suficientes dispon\u00edveis na sua \u00e1rea.<\/p>\n<p>Temos uma longa hist\u00f3ria como fonte fi\u00e1vel de informa\u00e7\u00e3o.<\/p>\n<p>Temos uma longa hist\u00f3ria como uma fonte fi\u00e1vel e leg\u00edtima de produtos qu\u00edmicos para investiga\u00e7\u00e3o. Os testemunhos de clientes aut\u00eanticos deixados por clientes novos e recorrentes nos nossos s\u00edtios Web incentivam os potenciais clientes a fazerem uma encomenda connosco.<\/p>\n<p>O maior e mais fi\u00e1vel fornecedor de produtos qu\u00edmicos EBK a um pre\u00e7o justo \u00e9 a Nembutalboutique. Vendemos produtos qu\u00edmicos EBK de alta qualidade e podemos envi\u00e1-los para qualquer parte do mundo, incluindo os Estados Unidos, a Europa, a Austr\u00e1lia e o Canad\u00e1. Devido \u00e0 qualidade excecional dos nossos produtos, n\u00e3o temos rival na produ\u00e7\u00e3o e distribui\u00e7\u00e3o de produtos qu\u00edmicos para investiga\u00e7\u00e3o.<\/p>\n<p>Levamos muito a s\u00e9rio a confidencialidade dos nossos clientes e nunca a comprometemos. Incorporamos as mais recentes tecnologias de seguran\u00e7a em todas as transac\u00e7\u00f5es. A felicidade dos nossos clientes \u00e9 essencial para o sucesso da nossa atividade. Import\u00e2ncia. Comprar EBK Crystal online, que passa por um rigoroso processo de testes e avalia\u00e7\u00e3o antes de ser lan\u00e7ado no mercado. N\u00e3o temos de comprometer a consist\u00eancia e a qualidade do produto.<\/p>\n<p>Utilize a nossa linha direta de apoio ao cliente para nos contactar se tiver quaisquer quest\u00f5es ou d\u00favidas. Comprometemo-nos a responder ao seu pedido o mais rapidamente poss\u00edvel.<\/p>\n<p>A nossa marca \u00e9 a escolhida pelas pessoas por v\u00e1rias raz\u00f5es, tais como a disponibilidade dos nossos produtos em qualquer quantidade, servi\u00e7os de entrega c\u00f3modos e embalagens profissionais. O processamento da encomenda come\u00e7a assim que o pagamento \u00e9 recebido.<\/p>\n<h3>Onde posso comprar o EBK-Kristalle online?<\/h3>\n<p>Agora que est\u00e1 totalmente informado sobre o EBK-Kristalle, pode estar a perguntar-se onde o pode comprar. A boa not\u00edcia \u00e9 que pode compr\u00e1-los online num site respeit\u00e1vel como o firstsyntheticchemical.net\/shop.<\/p>\n<p>Utilizamos apenas os melhores produtos dispon\u00edveis e somos um fornecedor seguro e fi\u00e1vel de cristais e produtos qu\u00edmicos de laborat\u00f3rio. Pode tamb\u00e9m ter a certeza de que obter\u00e1 o melhor valor e a melhor qualidade quando trabalha connosco. Onde comprar EBK-Kristalle online.<\/p>\n<p>N\u00e3o se esque\u00e7a de verificar as nossas ofertas especiais e descontos actuais antes de enviar a sua encomenda! 5C-18.<\/p>\n<h3>O que \u00e9 um cristal EBK?<\/h3>\n<p>Comprar EBK online. A EBK \u00e9 uma nova subst\u00e2ncia qu\u00edmica sint\u00e9tica de investiga\u00e7\u00e3o com semelhan\u00e7as com a MDMA; no entanto, diz-se que tem um efeito mais intenso e duradouro. N\u00e3o \u00e9 claro se \u00e9 de facto mais forte do que o MDMA, mas uma coisa \u00e9 certa: os frequentadores de festas e discotecas continuar\u00e3o a preferi-lo. Antes de experimentares a EBK, tens de fazer os teus trabalhos de casa. Como se trata de uma drag\u00e3o nova, n\u00e3o se sabe muito sobre os seus efeitos atualmente. Tal como acontece com qualquer droga, \u00e9 essencial compreender no que se est\u00e1 a meter antes de se comprometer com ela. Fale com amigos que j\u00e1 a tenham experimentado, leia as opini\u00f5es na Internet e aconselhe-se com um m\u00e9dico ou outro profissional de sa\u00fade se tiver d\u00favidas ou preocupa\u00e7\u00f5es. 7a-19.<\/p>\n<h3>Vantagens de comprar EBK-Kristall online<\/h3>\n<p>Quando compra EBK-Kristall online de um vendedor respeit\u00e1vel como shopchemicalz.com, est\u00e1 a obter um produto de alta qualidade que foi exaustivamente testado e certificado para uso humano. Pode ter a certeza de que est\u00e1 a receber um produto que satisfaz todas as suas necessidades e em que pode confiar quando compra EB-Bk online.<\/p>\n<p>Al\u00e9m disso, as compras em linha s\u00e3o uma excelente forma de poupar dinheiro. Obt\u00e9m produtos de alta qualidade a pre\u00e7os acess\u00edveis e n\u00e3o tem de se preocupar com o tempo e o dinheiro que ter\u00e1 de investir na cria\u00e7\u00e3o de uma loja. Comprar online \u00e9 simples, c\u00f3modo e seguro, pelo que pode ter a certeza de que a sua compra ser\u00e1 tratada da forma mais eficiente poss\u00edvel.<\/p>","protected":false},"excerpt":{"rendered":"<p>Vous pouvez obtenir EBK Crystal en ligne. Obtenez EB-Bk en ligne : Toute personne de plus de dix-huit ans peut obtenir EB-Bk, les nouveaux produits chimiques stimulants, en ligne aupr\u00e8s de Buy Nembutal, un d\u00e9taillant en ligne r\u00e9put\u00e9 de produits chimiques de recherche. Il est commercialis\u00e9 comme substitut du N-\u00e9thylpentyl\u00e8ne et est disponible sous forme [&hellip;]<\/p>","protected":false},"featured_media":2697,"comment_status":"open","ping_status":"closed","template":"","meta":{"_joinchat":[]},"product_brand":[],"product_cat":[386,385],"product_tag":[],"class_list":{"0":"post-2684","1":"product","2":"type-product","3":"status-publish","4":"has-post-thumbnail","6":"product_cat-cannabinoids","7":"product_cat-forschung-schemikalien","9":"first","10":"instock","11":"shipping-taxable","12":"purchasable","13":"product-type-variable"},"yoast_head":"<!-- This site is optimized with the Yoast SEO plugin v23.5 - https:\/\/yoast.com\/wordpress\/plugins\/seo\/ -->\n<title>Acheter EB-BK en ligne - EB-BK \u00e0 vendre - Commander EB-BK<\/title>\n<meta name=\"description\" content=\"Si vous souhaitez acheter EB-BK en ligne et recherchez une boutique en ligne fiable, achetez ici. Nous proposons uniquement des EB-BK de haute qualit\u00e9 \u00e0 un prix abordable. Commandez EB-BK maintenant !\" \/>\n<meta name=\"robots\" content=\"index, follow, max-snippet:-1, max-image-preview:large, max-video-preview:-1\" \/>\n<link rel=\"canonical\" href=\"https:\/\/nembutalboutique.com\/pt\/produto\/comprar-eb-bk-online\/\" \/>\n<meta property=\"og:locale\" content=\"pt_PT\" \/>\n<meta property=\"og:type\" content=\"article\" \/>\n<meta property=\"og:title\" content=\"Acheter EB-BK en ligne - EB-BK \u00e0 vendre - Commander EB-BK\" \/>\n<meta property=\"og:description\" content=\"Si vous souhaitez acheter EB-BK en ligne et recherchez une boutique en ligne fiable, achetez ici. Nous proposons uniquement des EB-BK de haute qualit\u00e9 \u00e0 un prix abordable. Commandez EB-BK maintenant !\" \/>\n<meta property=\"og:url\" content=\"https:\/\/nembutalboutique.com\/pt\/produto\/comprar-eb-bk-online\/\" \/>\n<meta property=\"og:site_name\" content=\"Nembutal Boutique\" \/>\n<meta property=\"article:modified_time\" content=\"2024-09-20T11:00:09+00:00\" \/>\n<meta property=\"og:image\" content=\"https:\/\/nembutalboutique.com\/wp-content\/uploads\/2024\/09\/EB-Bk.gif\" \/>\n\t<meta property=\"og:image:width\" content=\"600\" \/>\n\t<meta property=\"og:image:height\" content=\"600\" \/>\n\t<meta property=\"og:image:type\" content=\"image\/gif\" \/>\n<meta name=\"twitter:card\" content=\"summary_large_image\" \/>\n<meta name=\"twitter:label1\" content=\"Tempo estimado de leitura\" \/>\n\t<meta name=\"twitter:data1\" content=\"4 minutos\" \/>\n<script type=\"application\/ld+json\" class=\"yoast-schema-graph\">{\"@context\":\"https:\/\/schema.org\",\"@graph\":[{\"@type\":\"WebPage\",\"@id\":\"https:\/\/nembutalboutique.com\/produit\/eb-bk\/\",\"url\":\"https:\/\/nembutalboutique.com\/produit\/eb-bk\/\",\"name\":\"Acheter EB-BK en ligne - EB-BK \u00e0 vendre - Commander EB-BK\",\"isPartOf\":{\"@id\":\"https:\/\/nembutalboutique.com\/#website\"},\"primaryImageOfPage\":{\"@id\":\"https:\/\/nembutalboutique.com\/produit\/eb-bk\/#primaryimage\"},\"image\":{\"@id\":\"https:\/\/nembutalboutique.com\/produit\/eb-bk\/#primaryimage\"},\"thumbnailUrl\":\"https:\/\/nembutalboutique.com\/wp-content\/uploads\/2024\/09\/EB-Bk.gif\",\"datePublished\":\"2024-09-16T08:11:43+00:00\",\"dateModified\":\"2024-09-20T11:00:09+00:00\",\"description\":\"Si vous souhaitez acheter EB-BK en ligne et recherchez une boutique en ligne fiable, achetez ici. Nous proposons uniquement des EB-BK de haute qualit\u00e9 \u00e0 un prix abordable. Commandez EB-BK maintenant !\",\"breadcrumb\":{\"@id\":\"https:\/\/nembutalboutique.com\/produit\/eb-bk\/#breadcrumb\"},\"inLanguage\":\"pt-PT\",\"potentialAction\":[{\"@type\":\"ReadAction\",\"target\":[\"https:\/\/nembutalboutique.com\/produit\/eb-bk\/\"]}]},{\"@type\":\"ImageObject\",\"inLanguage\":\"pt-PT\",\"@id\":\"https:\/\/nembutalboutique.com\/produit\/eb-bk\/#primaryimage\",\"url\":\"https:\/\/nembutalboutique.com\/wp-content\/uploads\/2024\/09\/EB-Bk.gif\",\"contentUrl\":\"https:\/\/nembutalboutique.com\/wp-content\/uploads\/2024\/09\/EB-Bk.gif\",\"width\":600,\"height\":600,\"caption\":\"Acheter EB-Bk.gif\"},{\"@type\":\"BreadcrumbList\",\"@id\":\"https:\/\/nembutalboutique.com\/produit\/eb-bk\/#breadcrumb\",\"itemListElement\":[{\"@type\":\"ListItem\",\"position\":1,\"name\":\"Home\",\"item\":\"https:\/\/nembutalboutique.com\/\"},{\"@type\":\"ListItem\",\"position\":2,\"name\":\"Boutique\",\"item\":\"https:\/\/nembutalboutique.com\/shop\/\"},{\"@type\":\"ListItem\",\"position\":3,\"name\":\"EB-Bk\"}]},{\"@type\":\"WebSite\",\"@id\":\"https:\/\/nembutalboutique.com\/#website\",\"url\":\"https:\/\/nembutalboutique.com\/\",\"name\":\"Nembutal Boutique\",\"description\":\"My WordPress Blog\",\"publisher\":{\"@id\":\"https:\/\/nembutalboutique.com\/#organization\"},\"potentialAction\":[{\"@type\":\"SearchAction\",\"target\":{\"@type\":\"EntryPoint\",\"urlTemplate\":\"https:\/\/nembutalboutique.com\/?s={search_term_string}\"},\"query-input\":{\"@type\":\"PropertyValueSpecification\",\"valueRequired\":true,\"valueName\":\"search_term_string\"}}],\"inLanguage\":\"pt-PT\"},{\"@type\":\"Organization\",\"@id\":\"https:\/\/nembutalboutique.com\/#organization\",\"name\":\"Nembutal Boutique\",\"url\":\"https:\/\/nembutalboutique.com\/\",\"logo\":{\"@type\":\"ImageObject\",\"inLanguage\":\"pt-PT\",\"@id\":\"https:\/\/nembutalboutique.com\/#\/schema\/logo\/image\/\",\"url\":\"https:\/\/nembutalboutique.com\/wp-content\/uploads\/2024\/01\/logo.png\",\"contentUrl\":\"https:\/\/nembutalboutique.com\/wp-content\/uploads\/2024\/01\/logo.png\",\"width\":494,\"height\":121,\"caption\":\"Nembutal Boutique\"},\"image\":{\"@id\":\"https:\/\/nembutalboutique.com\/#\/schema\/logo\/image\/\"}}]}<\/script>\n<!-- \/ Yoast SEO plugin. -->","yoast_head_json":{"title":"Comprar EB-BK online - EB-BK para venda - Encomendar EB-BK","description":"Se pretende comprar EB-BK online e est\u00e1 \u00e0 procura de uma loja online de confian\u00e7a, compre aqui. S\u00f3 oferecemos EB-BK de alta qualidade a um pre\u00e7o acess\u00edvel. Encomende j\u00e1 o EB-BK!","robots":{"index":"index","follow":"follow","max-snippet":"max-snippet:-1","max-image-preview":"max-image-preview:large","max-video-preview":"max-video-preview:-1"},"canonical":"https:\/\/nembutalboutique.com\/pt\/produto\/comprar-eb-bk-online\/","og_locale":"pt_PT","og_type":"article","og_title":"Acheter EB-BK en ligne - EB-BK \u00e0 vendre - Commander EB-BK","og_description":"Si vous souhaitez acheter EB-BK en ligne et recherchez une boutique en ligne fiable, achetez ici. Nous proposons uniquement des EB-BK de haute qualit\u00e9 \u00e0 un prix abordable. Commandez EB-BK maintenant !","og_url":"https:\/\/nembutalboutique.com\/pt\/produto\/comprar-eb-bk-online\/","og_site_name":"Nembutal Boutique","article_modified_time":"2024-09-20T11:00:09+00:00","og_image":[{"width":600,"height":600,"url":"https:\/\/nembutalboutique.com\/wp-content\/uploads\/2024\/09\/EB-Bk.gif","type":"image\/gif"}],"twitter_card":"summary_large_image","twitter_misc":{"Tempo estimado de leitura":"4 minutos"},"schema":{"@context":"https:\/\/schema.org","@graph":[{"@type":"WebPage","@id":"https:\/\/nembutalboutique.com\/produit\/eb-bk\/","url":"https:\/\/nembutalboutique.com\/produit\/eb-bk\/","name":"Comprar EB-BK online - EB-BK para venda - Encomendar EB-BK","isPartOf":{"@id":"https:\/\/nembutalboutique.com\/#website"},"primaryImageOfPage":{"@id":"https:\/\/nembutalboutique.com\/produit\/eb-bk\/#primaryimage"},"image":{"@id":"https:\/\/nembutalboutique.com\/produit\/eb-bk\/#primaryimage"},"thumbnailUrl":"https:\/\/nembutalboutique.com\/wp-content\/uploads\/2024\/09\/EB-Bk.gif","datePublished":"2024-09-16T08:11:43+00:00","dateModified":"2024-09-20T11:00:09+00:00","description":"Se pretende comprar EB-BK online e est\u00e1 \u00e0 procura de uma loja online de confian\u00e7a, compre aqui. S\u00f3 oferecemos EB-BK de alta qualidade a um pre\u00e7o acess\u00edvel. Encomende j\u00e1 o EB-BK!","breadcrumb":{"@id":"https:\/\/nembutalboutique.com\/produit\/eb-bk\/#breadcrumb"},"inLanguage":"pt-PT","potentialAction":[{"@type":"ReadAction","target":["https:\/\/nembutalboutique.com\/produit\/eb-bk\/"]}]},{"@type":"ImageObject","inLanguage":"pt-PT","@id":"https:\/\/nembutalboutique.com\/produit\/eb-bk\/#primaryimage","url":"https:\/\/nembutalboutique.com\/wp-content\/uploads\/2024\/09\/EB-Bk.gif","contentUrl":"https:\/\/nembutalboutique.com\/wp-content\/uploads\/2024\/09\/EB-Bk.gif","width":600,"height":600,"caption":"Acheter EB-Bk.gif"},{"@type":"BreadcrumbList","@id":"https:\/\/nembutalboutique.com\/produit\/eb-bk\/#breadcrumb","itemListElement":[{"@type":"ListItem","position":1,"name":"Home","item":"https:\/\/nembutalboutique.com\/"},{"@type":"ListItem","position":2,"name":"Boutique","item":"https:\/\/nembutalboutique.com\/shop\/"},{"@type":"ListItem","position":3,"name":"EB-Bk"}]},{"@type":"WebSite","@id":"https:\/\/nembutalboutique.com\/#website","url":"https:\/\/nembutalboutique.com\/","name":"Nembutal Boutique","description":"O meu blogue WordPress","publisher":{"@id":"https:\/\/nembutalboutique.com\/#organization"},"potentialAction":[{"@type":"SearchAction","target":{"@type":"EntryPoint","urlTemplate":"https:\/\/nembutalboutique.com\/?s={search_term_string}"},"query-input":{"@type":"PropertyValueSpecification","valueRequired":true,"valueName":"search_term_string"}}],"inLanguage":"pt-PT"},{"@type":"Organization","@id":"https:\/\/nembutalboutique.com\/#organization","name":"Nembutal Boutique","url":"https:\/\/nembutalboutique.com\/","logo":{"@type":"ImageObject","inLanguage":"pt-PT","@id":"https:\/\/nembutalboutique.com\/#\/schema\/logo\/image\/","url":"https:\/\/nembutalboutique.com\/wp-content\/uploads\/2024\/01\/logo.png","contentUrl":"https:\/\/nembutalboutique.com\/wp-content\/uploads\/2024\/01\/logo.png","width":494,"height":121,"caption":"Nembutal Boutique"},"image":{"@id":"https:\/\/nembutalboutique.com\/#\/schema\/logo\/image\/"}}]}},"_links":{"self":[{"href":"https:\/\/nembutalboutique.com\/pt\/wp-json\/wp\/v2\/product\/2684"}],"collection":[{"href":"https:\/\/nembutalboutique.com\/pt\/wp-json\/wp\/v2\/product"}],"about":[{"href":"https:\/\/nembutalboutique.com\/pt\/wp-json\/wp\/v2\/types\/product"}],"replies":[{"embeddable":true,"href":"https:\/\/nembutalboutique.com\/pt\/wp-json\/wp\/v2\/comments?post=2684"}],"wp:featuredmedia":[{"embeddable":true,"href":"https:\/\/nembutalboutique.com\/pt\/wp-json\/wp\/v2\/media\/2697"}],"wp:attachment":[{"href":"https:\/\/nembutalboutique.com\/pt\/wp-json\/wp\/v2\/media?parent=2684"}],"wp:term":[{"taxonomy":"product_brand","embeddable":true,"href":"https:\/\/nembutalboutique.com\/pt\/wp-json\/wp\/v2\/product_brand?post=2684"},{"taxonomy":"product_cat","embeddable":true,"href":"https:\/\/nembutalboutique.com\/pt\/wp-json\/wp\/v2\/product_cat?post=2684"},{"taxonomy":"product_tag","embeddable":true,"href":"https:\/\/nembutalboutique.com\/pt\/wp-json\/wp\/v2\/product_tag?post=2684"}],"curies":[{"name":"wp","href":"https:\/\/api.w.org\/{rel}","templated":true}]}}