{"id":2646,"date":"2024-09-16T08:11:27","date_gmt":"2024-09-16T08:11:27","guid":{"rendered":"https:\/\/nembutalboutique.com\/?post_type=product&#038;p=2646"},"modified":"2024-09-21T03:57:08","modified_gmt":"2024-09-21T03:57:08","slug":"lisotonitazene","status":"publish","type":"product","link":"https:\/\/nembutalboutique.com\/pt\/produto\/buy-isotonitazene-online\/","title":{"rendered":"isotonitazeno"},"content":{"rendered":"<h2>Comprar Isotonitazene online<\/h2>\n<p>Compras <a href=\"https:\/\/nembutalboutique.com\/produit\/lisotonitazene\/\">isotonitazeno<\/a> Ainda n\u00e3o foi proibido um novo medicamento: o isotonitazeno. No entanto, o n\u00famero de mortes est\u00e1 a aumentar. Nos Estados Unidos, um novo opi\u00f3ide sint\u00e9tico legal, t\u00e3o mort\u00edfero como o fentanil, foi associado a numerosas mortes por arma de fogo. A descoberta do isotonitazeno no abastecimento alimentar norte-americano parece confirmar as preocupa\u00e7\u00f5es expressas no ano anterior de que a ind\u00fastria farmac\u00eautica, em grande parte respons\u00e1vel pela crise dos opi\u00e1ceos no pa\u00eds, estava fora de controlo.<\/p>\n<h3>Onde posso encontrar o Iso-Pulver na Internet?<\/h3>\n<p>Barry K. Logan, o maior especialista mundial em toxicologia forense e cientista-chefe do laborat\u00f3rio NMS, informou que, desde agosto do ano passado, os seus colegas t\u00eam vindo a descobrir <a href=\"https:\/\/en.wikipedia.org\/wiki\/Isotonitazene\">isotonitazeno<\/a>a mesma subst\u00e2ncia que o fentanil, em amostras de mais de 200 consumidores de droga, a maioria do Norte e do Centro-Oeste, que morreram nos Estados Unidos. Logan declarou:<\/p>\n<p>\"A isotonitazina \u00e9 o novo medicamento mais utilizado e amplamente distribu\u00eddo nos Estados Unidos.\"<\/p>\n<p>Atualmente, registam-se nos Estados Unidos 40 a 50 mortes relacionadas com isotonites por m\u00eas, em compara\u00e7\u00e3o com cerca de seis mortes durante o ver\u00e3o.<\/p>\n<h3>Comprar opi\u00e1ceos sint\u00e9ticos conhecidos em linha.<\/h3>\n<p>Logan afirmou que, apesar de a sua equipa ter encontrado apenas 12 novos opi\u00e1ceos nos EUA no ano passado, a descoberta da isotonitazina foi rapidamente amplamente divulgada. \"A isotonitazina \u00e9 o meio que est\u00e1 a crescer; a maioria dos rec\u00e9m-chegados v\u00ea-nos uma ou duas vezes.\" Compras isot\u00f3nicas<\/p>\n<h3>O maior opi\u00e1ceo sint\u00e9tico dispon\u00edvel online<\/h3>\n<p>O Canad\u00e1 tamb\u00e9m foi afetado. Em mar\u00e7o, foi encontrada isotonitazina em 1.900 comprimidos falsificados em Neufundland e na Nova Esc\u00f3cia. O medicamento tinha sido transformado em comprimidos do tipo hidromorfona.<\/p>","protected":false},"excerpt":{"rendered":"<p>Acheter Isotonitaz\u00e8ne en ligne Achats d&rsquo;isotonitaz\u00e8ne Un nouveau m\u00e9dicament n&rsquo;a pas encore \u00e9t\u00e9 interdit : l&rsquo;isotonitaz\u00e8ne. Cependant, le nombre de d\u00e9c\u00e8s est en hausse. Aux \u00c9tats-Unis, un nouvel opio\u00efde synth\u00e9tique l\u00e9gal, tout aussi mortel que le fentanyl, a \u00e9t\u00e9 li\u00e9 \u00e0 de nombreux d\u00e9c\u00e8s par arme \u00e0 feu. La d\u00e9couverte d&rsquo;isotonitaz\u00e8ne dans l&rsquo;approvisionnement alimentaire nord-am\u00e9ricain [&hellip;]<\/p>","protected":false},"featured_media":2664,"comment_status":"open","ping_status":"closed","template":"","meta":{"_joinchat":[]},"product_brand":[],"product_cat":[385],"product_tag":[],"class_list":{"0":"post-2646","1":"product","2":"type-product","3":"status-publish","4":"has-post-thumbnail","6":"product_cat-forschung-schemikalien","8":"first","9":"instock","10":"shipping-taxable","11":"purchasable","12":"product-type-variable"},"yoast_head":"<!-- This site is optimized with the Yoast SEO plugin v23.5 - https:\/\/yoast.com\/wordpress\/plugins\/seo\/ -->\n<title>Isotonitaz\u00e8ne \u00e0 vendre - Achetez de l&#039;isotonitaz\u00e8ne en ligne<\/title>\n<meta name=\"description\" content=\"Vous recherchez une source fiable pour acheter de la poudre d&#039;isotonitaz\u00e8ne en ligne ? Votre recherche s&#039;arr\u00eate ici. Commandez de la poudre d&#039;isotonitaz\u00e8ne en ligne dans notre magasin de confiance et profitez d&#039;un processus d&#039;achat transparent adapt\u00e9 \u00e0 vos besoins de recherche.\" \/>\n<meta name=\"robots\" content=\"index, follow, max-snippet:-1, max-image-preview:large, max-video-preview:-1\" \/>\n<link rel=\"canonical\" href=\"https:\/\/nembutalboutique.com\/pt\/produto\/buy-isotonitazene-online\/\" \/>\n<meta property=\"og:locale\" content=\"pt_PT\" \/>\n<meta property=\"og:type\" content=\"article\" \/>\n<meta property=\"og:title\" content=\"Isotonitaz\u00e8ne \u00e0 vendre - Achetez de l&#039;isotonitaz\u00e8ne en ligne\" \/>\n<meta property=\"og:description\" content=\"Vous recherchez une source fiable pour acheter de la poudre d&#039;isotonitaz\u00e8ne en ligne ? Votre recherche s&#039;arr\u00eate ici. Commandez de la poudre d&#039;isotonitaz\u00e8ne en ligne dans notre magasin de confiance et profitez d&#039;un processus d&#039;achat transparent adapt\u00e9 \u00e0 vos besoins de recherche.\" \/>\n<meta property=\"og:url\" content=\"https:\/\/nembutalboutique.com\/pt\/produto\/buy-isotonitazene-online\/\" \/>\n<meta property=\"og:site_name\" content=\"Nembutal Boutique\" \/>\n<meta property=\"article:modified_time\" content=\"2024-09-21T03:57:08+00:00\" \/>\n<meta property=\"og:image\" content=\"https:\/\/nembutalboutique.com\/wp-content\/uploads\/2024\/09\/Asotonitazene.gif\" \/>\n\t<meta property=\"og:image:width\" content=\"600\" \/>\n\t<meta property=\"og:image:height\" content=\"600\" \/>\n\t<meta property=\"og:image:type\" content=\"image\/gif\" \/>\n<meta name=\"twitter:card\" content=\"summary_large_image\" \/>\n<meta name=\"twitter:label1\" content=\"Tempo estimado de leitura\" \/>\n\t<meta name=\"twitter:data1\" content=\"2 minutos\" \/>\n<script type=\"application\/ld+json\" class=\"yoast-schema-graph\">{\"@context\":\"https:\/\/schema.org\",\"@graph\":[{\"@type\":\"WebPage\",\"@id\":\"https:\/\/nembutalboutique.com\/produit\/lisotonitazene\/\",\"url\":\"https:\/\/nembutalboutique.com\/produit\/lisotonitazene\/\",\"name\":\"Isotonitaz\u00e8ne \u00e0 vendre - Achetez de l'isotonitaz\u00e8ne en ligne\",\"isPartOf\":{\"@id\":\"https:\/\/nembutalboutique.com\/#website\"},\"primaryImageOfPage\":{\"@id\":\"https:\/\/nembutalboutique.com\/produit\/lisotonitazene\/#primaryimage\"},\"image\":{\"@id\":\"https:\/\/nembutalboutique.com\/produit\/lisotonitazene\/#primaryimage\"},\"thumbnailUrl\":\"https:\/\/nembutalboutique.com\/wp-content\/uploads\/2024\/09\/Asotonitazene.gif\",\"datePublished\":\"2024-09-16T08:11:27+00:00\",\"dateModified\":\"2024-09-21T03:57:08+00:00\",\"description\":\"Vous recherchez une source fiable pour acheter de la poudre d'isotonitaz\u00e8ne en ligne ? Votre recherche s'arr\u00eate ici. Commandez de la poudre d'isotonitaz\u00e8ne en ligne dans notre magasin de confiance et profitez d'un processus d'achat transparent adapt\u00e9 \u00e0 vos besoins de recherche.\",\"breadcrumb\":{\"@id\":\"https:\/\/nembutalboutique.com\/produit\/lisotonitazene\/#breadcrumb\"},\"inLanguage\":\"pt-PT\",\"potentialAction\":[{\"@type\":\"ReadAction\",\"target\":[\"https:\/\/nembutalboutique.com\/produit\/lisotonitazene\/\"]}]},{\"@type\":\"ImageObject\",\"inLanguage\":\"pt-PT\",\"@id\":\"https:\/\/nembutalboutique.com\/produit\/lisotonitazene\/#primaryimage\",\"url\":\"https:\/\/nembutalboutique.com\/wp-content\/uploads\/2024\/09\/Asotonitazene.gif\",\"contentUrl\":\"https:\/\/nembutalboutique.com\/wp-content\/uploads\/2024\/09\/Asotonitazene.gif\",\"width\":600,\"height\":600,\"caption\":\"Acheter Asotonitazene.gif\"},{\"@type\":\"BreadcrumbList\",\"@id\":\"https:\/\/nembutalboutique.com\/produit\/lisotonitazene\/#breadcrumb\",\"itemListElement\":[{\"@type\":\"ListItem\",\"position\":1,\"name\":\"Home\",\"item\":\"https:\/\/nembutalboutique.com\/\"},{\"@type\":\"ListItem\",\"position\":2,\"name\":\"Boutique\",\"item\":\"https:\/\/nembutalboutique.com\/shop\/\"},{\"@type\":\"ListItem\",\"position\":3,\"name\":\"l&#8217;isotonitaz\u00e8ne\"}]},{\"@type\":\"WebSite\",\"@id\":\"https:\/\/nembutalboutique.com\/#website\",\"url\":\"https:\/\/nembutalboutique.com\/\",\"name\":\"Nembutal Boutique\",\"description\":\"My WordPress Blog\",\"publisher\":{\"@id\":\"https:\/\/nembutalboutique.com\/#organization\"},\"potentialAction\":[{\"@type\":\"SearchAction\",\"target\":{\"@type\":\"EntryPoint\",\"urlTemplate\":\"https:\/\/nembutalboutique.com\/?s={search_term_string}\"},\"query-input\":{\"@type\":\"PropertyValueSpecification\",\"valueRequired\":true,\"valueName\":\"search_term_string\"}}],\"inLanguage\":\"pt-PT\"},{\"@type\":\"Organization\",\"@id\":\"https:\/\/nembutalboutique.com\/#organization\",\"name\":\"Nembutal Boutique\",\"url\":\"https:\/\/nembutalboutique.com\/\",\"logo\":{\"@type\":\"ImageObject\",\"inLanguage\":\"pt-PT\",\"@id\":\"https:\/\/nembutalboutique.com\/#\/schema\/logo\/image\/\",\"url\":\"https:\/\/nembutalboutique.com\/wp-content\/uploads\/2024\/01\/logo.png\",\"contentUrl\":\"https:\/\/nembutalboutique.com\/wp-content\/uploads\/2024\/01\/logo.png\",\"width\":494,\"height\":121,\"caption\":\"Nembutal Boutique\"},\"image\":{\"@id\":\"https:\/\/nembutalboutique.com\/#\/schema\/logo\/image\/\"}}]}<\/script>\n<!-- \/ Yoast SEO plugin. -->","yoast_head_json":{"title":"Isotonitazene para venda - Comprar isotonitazene online","description":"Procurando uma fonte confi\u00e1vel para comprar isotonitazene em p\u00f3 online? A sua pesquisa termina aqui. Encomende Isotonitazene Powder online em nossa loja confi\u00e1vel e desfrute de um processo de compra perfeito, adaptado \u00e0s suas necessidades de pesquisa.","robots":{"index":"index","follow":"follow","max-snippet":"max-snippet:-1","max-image-preview":"max-image-preview:large","max-video-preview":"max-video-preview:-1"},"canonical":"https:\/\/nembutalboutique.com\/pt\/produto\/buy-isotonitazene-online\/","og_locale":"pt_PT","og_type":"article","og_title":"Isotonitaz\u00e8ne \u00e0 vendre - Achetez de l'isotonitaz\u00e8ne en ligne","og_description":"Vous recherchez une source fiable pour acheter de la poudre d'isotonitaz\u00e8ne en ligne ? Votre recherche s'arr\u00eate ici. Commandez de la poudre d'isotonitaz\u00e8ne en ligne dans notre magasin de confiance et profitez d'un processus d'achat transparent adapt\u00e9 \u00e0 vos besoins de recherche.","og_url":"https:\/\/nembutalboutique.com\/pt\/produto\/buy-isotonitazene-online\/","og_site_name":"Nembutal Boutique","article_modified_time":"2024-09-21T03:57:08+00:00","og_image":[{"width":600,"height":600,"url":"https:\/\/nembutalboutique.com\/wp-content\/uploads\/2024\/09\/Asotonitazene.gif","type":"image\/gif"}],"twitter_card":"summary_large_image","twitter_misc":{"Tempo estimado de leitura":"2 minutos"},"schema":{"@context":"https:\/\/schema.org","@graph":[{"@type":"WebPage","@id":"https:\/\/nembutalboutique.com\/produit\/lisotonitazene\/","url":"https:\/\/nembutalboutique.com\/produit\/lisotonitazene\/","name":"Isotonitazene para venda - Comprar isotonitazene online","isPartOf":{"@id":"https:\/\/nembutalboutique.com\/#website"},"primaryImageOfPage":{"@id":"https:\/\/nembutalboutique.com\/produit\/lisotonitazene\/#primaryimage"},"image":{"@id":"https:\/\/nembutalboutique.com\/produit\/lisotonitazene\/#primaryimage"},"thumbnailUrl":"https:\/\/nembutalboutique.com\/wp-content\/uploads\/2024\/09\/Asotonitazene.gif","datePublished":"2024-09-16T08:11:27+00:00","dateModified":"2024-09-21T03:57:08+00:00","description":"Procurando uma fonte confi\u00e1vel para comprar isotonitazene em p\u00f3 online? A sua pesquisa termina aqui. Encomende Isotonitazene Powder online em nossa loja confi\u00e1vel e desfrute de um processo de compra perfeito, adaptado \u00e0s suas necessidades de pesquisa.","breadcrumb":{"@id":"https:\/\/nembutalboutique.com\/produit\/lisotonitazene\/#breadcrumb"},"inLanguage":"pt-PT","potentialAction":[{"@type":"ReadAction","target":["https:\/\/nembutalboutique.com\/produit\/lisotonitazene\/"]}]},{"@type":"ImageObject","inLanguage":"pt-PT","@id":"https:\/\/nembutalboutique.com\/produit\/lisotonitazene\/#primaryimage","url":"https:\/\/nembutalboutique.com\/wp-content\/uploads\/2024\/09\/Asotonitazene.gif","contentUrl":"https:\/\/nembutalboutique.com\/wp-content\/uploads\/2024\/09\/Asotonitazene.gif","width":600,"height":600,"caption":"Acheter Asotonitazene.gif"},{"@type":"BreadcrumbList","@id":"https:\/\/nembutalboutique.com\/produit\/lisotonitazene\/#breadcrumb","itemListElement":[{"@type":"ListItem","position":1,"name":"Home","item":"https:\/\/nembutalboutique.com\/"},{"@type":"ListItem","position":2,"name":"Boutique","item":"https:\/\/nembutalboutique.com\/shop\/"},{"@type":"ListItem","position":3,"name":"l&#8217;isotonitaz\u00e8ne"}]},{"@type":"WebSite","@id":"https:\/\/nembutalboutique.com\/#website","url":"https:\/\/nembutalboutique.com\/","name":"Nembutal Boutique","description":"O meu blogue WordPress","publisher":{"@id":"https:\/\/nembutalboutique.com\/#organization"},"potentialAction":[{"@type":"SearchAction","target":{"@type":"EntryPoint","urlTemplate":"https:\/\/nembutalboutique.com\/?s={search_term_string}"},"query-input":{"@type":"PropertyValueSpecification","valueRequired":true,"valueName":"search_term_string"}}],"inLanguage":"pt-PT"},{"@type":"Organization","@id":"https:\/\/nembutalboutique.com\/#organization","name":"Nembutal Boutique","url":"https:\/\/nembutalboutique.com\/","logo":{"@type":"ImageObject","inLanguage":"pt-PT","@id":"https:\/\/nembutalboutique.com\/#\/schema\/logo\/image\/","url":"https:\/\/nembutalboutique.com\/wp-content\/uploads\/2024\/01\/logo.png","contentUrl":"https:\/\/nembutalboutique.com\/wp-content\/uploads\/2024\/01\/logo.png","width":494,"height":121,"caption":"Nembutal Boutique"},"image":{"@id":"https:\/\/nembutalboutique.com\/#\/schema\/logo\/image\/"}}]}},"_links":{"self":[{"href":"https:\/\/nembutalboutique.com\/pt\/wp-json\/wp\/v2\/product\/2646"}],"collection":[{"href":"https:\/\/nembutalboutique.com\/pt\/wp-json\/wp\/v2\/product"}],"about":[{"href":"https:\/\/nembutalboutique.com\/pt\/wp-json\/wp\/v2\/types\/product"}],"replies":[{"embeddable":true,"href":"https:\/\/nembutalboutique.com\/pt\/wp-json\/wp\/v2\/comments?post=2646"}],"wp:featuredmedia":[{"embeddable":true,"href":"https:\/\/nembutalboutique.com\/pt\/wp-json\/wp\/v2\/media\/2664"}],"wp:attachment":[{"href":"https:\/\/nembutalboutique.com\/pt\/wp-json\/wp\/v2\/media?parent=2646"}],"wp:term":[{"taxonomy":"product_brand","embeddable":true,"href":"https:\/\/nembutalboutique.com\/pt\/wp-json\/wp\/v2\/product_brand?post=2646"},{"taxonomy":"product_cat","embeddable":true,"href":"https:\/\/nembutalboutique.com\/pt\/wp-json\/wp\/v2\/product_cat?post=2646"},{"taxonomy":"product_tag","embeddable":true,"href":"https:\/\/nembutalboutique.com\/pt\/wp-json\/wp\/v2\/product_tag?post=2646"}],"curies":[{"name":"wp","href":"https:\/\/api.w.org\/{rel}","templated":true}]}}