{"id":2606,"date":"2024-09-16T08:11:15","date_gmt":"2024-09-16T08:11:15","guid":{"rendered":"https:\/\/nembutalboutique.com\/?post_type=product&#038;p=2606"},"modified":"2024-09-21T04:06:03","modified_gmt":"2024-09-21T04:06:03","slug":"sgt-67","status":"publish","type":"product","link":"https:\/\/nembutalboutique.com\/pt\/produto\/comprar-sgt-67-online\/","title":{"rendered":"SGT-67"},"content":{"rendered":"<h2>Comprar SGT-67 em Nembutalboutique en ligne<\/h2>\n<p>Comprar SGT-67, <a href=\"https:\/\/nembutalboutique.com\/produit\/sgt-67\/\">SGT-67<\/a> \u00e9 um tipo de droga sint\u00e9tica conhecida como canabidi\u00f3ide sint\u00e9tico.<\/p>\n<p>Em vez de um grupo N-amant\u00edlico, o equivalente SGT-67 da 5F-APICA (5F-CUMYL-PICA) tem um grupo N-cum\u00edlico. Pensa-se que a 5F-CUMYL-PICA funciona como um antagonista dos receptores canabin\u00f3ides. Este artigo destina-se a ser utilizado em ambientes forenses e de investiga\u00e7\u00e3o.<\/p>\n<p>Dentro da fam\u00edlia dos canabin\u00f3ides sint\u00e9ticos, <a href=\"https:\/\/en.wikipedia.org\/wiki\/CUMYL-4CN-BINACA\">Sgt-67<\/a> \u00e9 uma liga\u00e7\u00e3o de investiga\u00e7\u00e3o recentemente descoberta. 1-(5-Fluorpentyl)-n-(2-phenylpropan-2-yl)-1h-indol-3-carboxamide \u00e9 o nome IUPAC do composto.<\/p>\n<h3>Para comprar SGT-67 online, basta clicar na faixa \"Comprar agora\" em Buy Nembutal.<\/h3>\n<p>Os microssomas e hepatozitos de ratos e humanos s\u00e3o utilizados para a utiliza\u00e7\u00e3o in vivo de urina e plasma de ratos com metabolismo e autoriza\u00e7\u00e3o de produtos qu\u00edmicos de investiga\u00e7\u00e3o.<\/p>\n<h3>Al\u00e9m disso, foi estudada a hipotermia e implementada a terapia com microssomas.<\/h3>\n<p>Os estudos de hipotermia tamb\u00e9m revelaram que, enquanto o tratamento com microssomas resultou numa r\u00e1pida elimina\u00e7\u00e3o metab\u00f3lica, o metabolismo in vivo demorou mais tempo e foi detet\u00e1vel no plasma de ratos. A identifica\u00e7\u00e3o de 28 mol\u00e9culas revelou as propriedades hipot\u00e9rmicas da investiga\u00e7\u00e3o qu\u00edmica.<\/p>\n<h3>Especifica\u00e7\u00f5es do SGT-67 (5F-CUMYL-PICA)<\/h3>\n<p>F\u00f3rmula molecular: C23H27FN2O<\/p>\n<p>Peso molecular: 366,471<\/p>\n<p>O nome qu\u00edmico deste composto \u00e9 N-(2-fenilpropano-2-il)-1-(5-fluorpentil)-1H-indol-3-carboxamida.<\/p>\n<p>N\u00famero de casos : 1400742-18-8<\/p>\n<p>Aspeto: P\u00f3 branco<\/p>\n<p>Reinheit : (\u00c9 necess\u00e1ria a verifica\u00e7\u00e3o por GCMS)<\/p>\n<p>Produtos farmac\u00eauticos At\u00e9 \u00e0 data, a ind\u00fastria farmac\u00eautica prestou-lhe pouca aten\u00e7\u00e3o. Basicamente, por\u00e9m, \u00e9 um membro sint\u00e9tico da fam\u00edlia dos canabin\u00f3ides Indazol. A \u00fanica coisa que distingue o seu pr\u00f3ximo verwandter \u00e9 que a f\u00f3rmula agora requer um grupo N-Cumyl em vez de um grupo N-Adamantyl. Deve ativar o recetor CB2 e apresentar uma seletividade 5F-CUMYL para o recetor CBI.<\/p>\n<p>Comprar connosco.<\/p>\n<p>Na Nembutalboutique, esfor\u00e7amo-nos por garantir a satisfa\u00e7\u00e3o dos nossos clientes. Vendemos SGT-67 extremamente acess\u00edvel e de alta qualidade a clientes em todo o mundo. Contacte-nos hoje para obter um servi\u00e7o excecional.<\/p>\n<p>Tamb\u00e9m temos uma variedade de produtos qu\u00edmicos dispon\u00edveis para compra. Se necessitar de produtos qu\u00edmicos que n\u00e3o estejam listados no nosso s\u00edtio Web, contacte-nos. Iremos inform\u00e1-lo sobre a disponibilidade e o transporte para o seu local.<\/p>\n<p>A sua encomenda ser\u00e1 cuidadosamente embalada e enviada em folha de alum\u00ednio. Temos diferentes empresas de transporte dispon\u00edveis, consoante a sua localiza\u00e7\u00e3o. Fa\u00e7a uma reserva online para SGT-67 e contacte-nos para mais informa\u00e7\u00f5es. Comprar SGT-67.<\/p>","protected":false},"excerpt":{"rendered":"<p>Acheter SGT-67 sur Nembutalboutique en ligne Acheter SGT-67, SGT-67 est un type de drogue de synth\u00e8se connu sous le nom de cannabidioide synth\u00e9tique. Au lieu d&rsquo;un groupe N-Adamantyl, l&rsquo;\u00e9quivalent SGT-67 5F-APICA (5F-CUMYL-PICA) poss\u00e8de un groupe N-Cumyl. On pense que le 5F-CUMYL-PICA fonctionne comme un antagoniste des r\u00e9cepteurs cannabino\u00efdes. Cet article est destin\u00e9 \u00e0 \u00eatre utilis\u00e9 [&hellip;]<\/p>","protected":false},"featured_media":2629,"comment_status":"open","ping_status":"closed","template":"","meta":{"_joinchat":[]},"product_brand":[],"product_cat":[386,385],"product_tag":[],"class_list":{"0":"post-2606","1":"product","2":"type-product","3":"status-publish","4":"has-post-thumbnail","6":"product_cat-cannabinoids","7":"product_cat-forschung-schemikalien","9":"first","10":"instock","11":"shipping-taxable","12":"purchasable","13":"product-type-variable"},"yoast_head":"<!-- This site is optimized with the Yoast SEO plugin v23.5 - https:\/\/yoast.com\/wordpress\/plugins\/seo\/ -->\n<title>Achetez SGT-67 en ligne - SGT-67 \u00e0 vendre - Commandez SGT-67<\/title>\n<meta name=\"description\" content=\"Vous pouvez acheter le SGT-67 dans notre boutique en ligne et le recevoir \u00e0 votre porte sans aucun probl\u00e8me. Nous vous aidons \u00e0 acheter le SGT-67 en ligne. Passez simplement votre commande maintenant !\" \/>\n<meta name=\"robots\" content=\"index, follow, max-snippet:-1, max-image-preview:large, max-video-preview:-1\" \/>\n<link rel=\"canonical\" href=\"https:\/\/nembutalboutique.com\/pt\/produto\/comprar-sgt-67-online\/\" \/>\n<meta property=\"og:locale\" content=\"pt_PT\" \/>\n<meta property=\"og:type\" content=\"article\" \/>\n<meta property=\"og:title\" content=\"Achetez SGT-67 en ligne - SGT-67 \u00e0 vendre - Commandez SGT-67\" \/>\n<meta property=\"og:description\" content=\"Vous pouvez acheter le SGT-67 dans notre boutique en ligne et le recevoir \u00e0 votre porte sans aucun probl\u00e8me. Nous vous aidons \u00e0 acheter le SGT-67 en ligne. Passez simplement votre commande maintenant !\" \/>\n<meta property=\"og:url\" content=\"https:\/\/nembutalboutique.com\/pt\/produto\/comprar-sgt-67-online\/\" \/>\n<meta property=\"og:site_name\" content=\"Nembutal Boutique\" \/>\n<meta property=\"article:modified_time\" content=\"2024-09-21T04:06:03+00:00\" \/>\n<meta property=\"og:image\" content=\"https:\/\/nembutalboutique.com\/wp-content\/uploads\/2024\/09\/Sgt-76.gif\" \/>\n\t<meta property=\"og:image:width\" content=\"600\" \/>\n\t<meta property=\"og:image:height\" content=\"600\" \/>\n\t<meta property=\"og:image:type\" content=\"image\/gif\" \/>\n<meta name=\"twitter:card\" content=\"summary_large_image\" \/>\n<meta name=\"twitter:label1\" content=\"Tempo estimado de leitura\" \/>\n\t<meta name=\"twitter:data1\" content=\"3 minutos\" \/>\n<script type=\"application\/ld+json\" class=\"yoast-schema-graph\">{\"@context\":\"https:\/\/schema.org\",\"@graph\":[{\"@type\":\"WebPage\",\"@id\":\"https:\/\/nembutalboutique.com\/produit\/sgt-67\/\",\"url\":\"https:\/\/nembutalboutique.com\/produit\/sgt-67\/\",\"name\":\"Achetez SGT-67 en ligne - SGT-67 \u00e0 vendre - Commandez SGT-67\",\"isPartOf\":{\"@id\":\"https:\/\/nembutalboutique.com\/#website\"},\"primaryImageOfPage\":{\"@id\":\"https:\/\/nembutalboutique.com\/produit\/sgt-67\/#primaryimage\"},\"image\":{\"@id\":\"https:\/\/nembutalboutique.com\/produit\/sgt-67\/#primaryimage\"},\"thumbnailUrl\":\"https:\/\/nembutalboutique.com\/wp-content\/uploads\/2024\/09\/Sgt-76.gif\",\"datePublished\":\"2024-09-16T08:11:15+00:00\",\"dateModified\":\"2024-09-21T04:06:03+00:00\",\"description\":\"Vous pouvez acheter le SGT-67 dans notre boutique en ligne et le recevoir \u00e0 votre porte sans aucun probl\u00e8me. Nous vous aidons \u00e0 acheter le SGT-67 en ligne. Passez simplement votre commande maintenant !\",\"breadcrumb\":{\"@id\":\"https:\/\/nembutalboutique.com\/produit\/sgt-67\/#breadcrumb\"},\"inLanguage\":\"pt-PT\",\"potentialAction\":[{\"@type\":\"ReadAction\",\"target\":[\"https:\/\/nembutalboutique.com\/produit\/sgt-67\/\"]}]},{\"@type\":\"ImageObject\",\"inLanguage\":\"pt-PT\",\"@id\":\"https:\/\/nembutalboutique.com\/produit\/sgt-67\/#primaryimage\",\"url\":\"https:\/\/nembutalboutique.com\/wp-content\/uploads\/2024\/09\/Sgt-76.gif\",\"contentUrl\":\"https:\/\/nembutalboutique.com\/wp-content\/uploads\/2024\/09\/Sgt-76.gif\",\"width\":600,\"height\":600,\"caption\":\"acheter Sgt-76.gif\"},{\"@type\":\"BreadcrumbList\",\"@id\":\"https:\/\/nembutalboutique.com\/produit\/sgt-67\/#breadcrumb\",\"itemListElement\":[{\"@type\":\"ListItem\",\"position\":1,\"name\":\"Home\",\"item\":\"https:\/\/nembutalboutique.com\/\"},{\"@type\":\"ListItem\",\"position\":2,\"name\":\"Boutique\",\"item\":\"https:\/\/nembutalboutique.com\/shop\/\"},{\"@type\":\"ListItem\",\"position\":3,\"name\":\"SGT-67\"}]},{\"@type\":\"WebSite\",\"@id\":\"https:\/\/nembutalboutique.com\/#website\",\"url\":\"https:\/\/nembutalboutique.com\/\",\"name\":\"Nembutal Boutique\",\"description\":\"My WordPress Blog\",\"publisher\":{\"@id\":\"https:\/\/nembutalboutique.com\/#organization\"},\"potentialAction\":[{\"@type\":\"SearchAction\",\"target\":{\"@type\":\"EntryPoint\",\"urlTemplate\":\"https:\/\/nembutalboutique.com\/?s={search_term_string}\"},\"query-input\":{\"@type\":\"PropertyValueSpecification\",\"valueRequired\":true,\"valueName\":\"search_term_string\"}}],\"inLanguage\":\"pt-PT\"},{\"@type\":\"Organization\",\"@id\":\"https:\/\/nembutalboutique.com\/#organization\",\"name\":\"Nembutal Boutique\",\"url\":\"https:\/\/nembutalboutique.com\/\",\"logo\":{\"@type\":\"ImageObject\",\"inLanguage\":\"pt-PT\",\"@id\":\"https:\/\/nembutalboutique.com\/#\/schema\/logo\/image\/\",\"url\":\"https:\/\/nembutalboutique.com\/wp-content\/uploads\/2024\/01\/logo.png\",\"contentUrl\":\"https:\/\/nembutalboutique.com\/wp-content\/uploads\/2024\/01\/logo.png\",\"width\":494,\"height\":121,\"caption\":\"Nembutal Boutique\"},\"image\":{\"@id\":\"https:\/\/nembutalboutique.com\/#\/schema\/logo\/image\/\"}}]}<\/script>\n<!-- \/ Yoast SEO plugin. -->","yoast_head_json":{"title":"Comprar SGT-67 online - SGT-67 para venda - Encomendar SGT-67","description":"Pode comprar o SGT-67 na nossa loja online e receb\u00ea-lo \u00e0 sua porta sem qualquer problema. N\u00f3s ajudamo-lo a comprar o SGT-67 online. Basta fazer a sua encomenda agora!","robots":{"index":"index","follow":"follow","max-snippet":"max-snippet:-1","max-image-preview":"max-image-preview:large","max-video-preview":"max-video-preview:-1"},"canonical":"https:\/\/nembutalboutique.com\/pt\/produto\/comprar-sgt-67-online\/","og_locale":"pt_PT","og_type":"article","og_title":"Achetez SGT-67 en ligne - SGT-67 \u00e0 vendre - Commandez SGT-67","og_description":"Vous pouvez acheter le SGT-67 dans notre boutique en ligne et le recevoir \u00e0 votre porte sans aucun probl\u00e8me. Nous vous aidons \u00e0 acheter le SGT-67 en ligne. Passez simplement votre commande maintenant !","og_url":"https:\/\/nembutalboutique.com\/pt\/produto\/comprar-sgt-67-online\/","og_site_name":"Nembutal Boutique","article_modified_time":"2024-09-21T04:06:03+00:00","og_image":[{"width":600,"height":600,"url":"https:\/\/nembutalboutique.com\/wp-content\/uploads\/2024\/09\/Sgt-76.gif","type":"image\/gif"}],"twitter_card":"summary_large_image","twitter_misc":{"Tempo estimado de leitura":"3 minutos"},"schema":{"@context":"https:\/\/schema.org","@graph":[{"@type":"WebPage","@id":"https:\/\/nembutalboutique.com\/produit\/sgt-67\/","url":"https:\/\/nembutalboutique.com\/produit\/sgt-67\/","name":"Comprar SGT-67 online - SGT-67 para venda - Encomendar SGT-67","isPartOf":{"@id":"https:\/\/nembutalboutique.com\/#website"},"primaryImageOfPage":{"@id":"https:\/\/nembutalboutique.com\/produit\/sgt-67\/#primaryimage"},"image":{"@id":"https:\/\/nembutalboutique.com\/produit\/sgt-67\/#primaryimage"},"thumbnailUrl":"https:\/\/nembutalboutique.com\/wp-content\/uploads\/2024\/09\/Sgt-76.gif","datePublished":"2024-09-16T08:11:15+00:00","dateModified":"2024-09-21T04:06:03+00:00","description":"Pode comprar o SGT-67 na nossa loja online e receb\u00ea-lo \u00e0 sua porta sem qualquer problema. N\u00f3s ajudamo-lo a comprar o SGT-67 online. Basta fazer a sua encomenda agora!","breadcrumb":{"@id":"https:\/\/nembutalboutique.com\/produit\/sgt-67\/#breadcrumb"},"inLanguage":"pt-PT","potentialAction":[{"@type":"ReadAction","target":["https:\/\/nembutalboutique.com\/produit\/sgt-67\/"]}]},{"@type":"ImageObject","inLanguage":"pt-PT","@id":"https:\/\/nembutalboutique.com\/produit\/sgt-67\/#primaryimage","url":"https:\/\/nembutalboutique.com\/wp-content\/uploads\/2024\/09\/Sgt-76.gif","contentUrl":"https:\/\/nembutalboutique.com\/wp-content\/uploads\/2024\/09\/Sgt-76.gif","width":600,"height":600,"caption":"acheter Sgt-76.gif"},{"@type":"BreadcrumbList","@id":"https:\/\/nembutalboutique.com\/produit\/sgt-67\/#breadcrumb","itemListElement":[{"@type":"ListItem","position":1,"name":"Home","item":"https:\/\/nembutalboutique.com\/"},{"@type":"ListItem","position":2,"name":"Boutique","item":"https:\/\/nembutalboutique.com\/shop\/"},{"@type":"ListItem","position":3,"name":"SGT-67"}]},{"@type":"WebSite","@id":"https:\/\/nembutalboutique.com\/#website","url":"https:\/\/nembutalboutique.com\/","name":"Nembutal Boutique","description":"O meu blogue WordPress","publisher":{"@id":"https:\/\/nembutalboutique.com\/#organization"},"potentialAction":[{"@type":"SearchAction","target":{"@type":"EntryPoint","urlTemplate":"https:\/\/nembutalboutique.com\/?s={search_term_string}"},"query-input":{"@type":"PropertyValueSpecification","valueRequired":true,"valueName":"search_term_string"}}],"inLanguage":"pt-PT"},{"@type":"Organization","@id":"https:\/\/nembutalboutique.com\/#organization","name":"Nembutal Boutique","url":"https:\/\/nembutalboutique.com\/","logo":{"@type":"ImageObject","inLanguage":"pt-PT","@id":"https:\/\/nembutalboutique.com\/#\/schema\/logo\/image\/","url":"https:\/\/nembutalboutique.com\/wp-content\/uploads\/2024\/01\/logo.png","contentUrl":"https:\/\/nembutalboutique.com\/wp-content\/uploads\/2024\/01\/logo.png","width":494,"height":121,"caption":"Nembutal Boutique"},"image":{"@id":"https:\/\/nembutalboutique.com\/#\/schema\/logo\/image\/"}}]}},"_links":{"self":[{"href":"https:\/\/nembutalboutique.com\/pt\/wp-json\/wp\/v2\/product\/2606"}],"collection":[{"href":"https:\/\/nembutalboutique.com\/pt\/wp-json\/wp\/v2\/product"}],"about":[{"href":"https:\/\/nembutalboutique.com\/pt\/wp-json\/wp\/v2\/types\/product"}],"replies":[{"embeddable":true,"href":"https:\/\/nembutalboutique.com\/pt\/wp-json\/wp\/v2\/comments?post=2606"}],"wp:featuredmedia":[{"embeddable":true,"href":"https:\/\/nembutalboutique.com\/pt\/wp-json\/wp\/v2\/media\/2629"}],"wp:attachment":[{"href":"https:\/\/nembutalboutique.com\/pt\/wp-json\/wp\/v2\/media?parent=2606"}],"wp:term":[{"taxonomy":"product_brand","embeddable":true,"href":"https:\/\/nembutalboutique.com\/pt\/wp-json\/wp\/v2\/product_brand?post=2606"},{"taxonomy":"product_cat","embeddable":true,"href":"https:\/\/nembutalboutique.com\/pt\/wp-json\/wp\/v2\/product_cat?post=2606"},{"taxonomy":"product_tag","embeddable":true,"href":"https:\/\/nembutalboutique.com\/pt\/wp-json\/wp\/v2\/product_tag?post=2606"}],"curies":[{"name":"wp","href":"https:\/\/api.w.org\/{rel}","templated":true}]}}