{"id":2605,"date":"2024-09-16T08:11:15","date_gmt":"2024-09-16T08:11:15","guid":{"rendered":"https:\/\/nembutalboutique.com\/?post_type=product&#038;p=2605"},"modified":"2024-09-21T04:07:35","modified_gmt":"2024-09-21T04:07:35","slug":"sgt-263","status":"publish","type":"product","link":"https:\/\/nembutalboutique.com\/pt\/produto\/comprar-sgt-263\/","title":{"rendered":"SGT-263"},"content":{"rendered":"<h2>Comprar SGT-263 online.<\/h2>\n<p>Comprar agora, <a href=\"https:\/\/nembutalboutique.com\/produit\/sgt-263\/\">SGT-263<\/a> No nosso pa\u00eds de origem, a utiliza\u00e7\u00e3o de canabin\u00f3ides SGT-263 \u00e9 autorizada. \u00c9 da sua responsabilidade conhecer e cumprir a legisla\u00e7\u00e3o local, estatal, federal e regional. Se optar por enviar uma encomenda, declinamos qualquer responsabilidade por qualquer a\u00e7\u00e3o ou resultado.<\/p>\n<h3>Por que raz\u00e3o deve comprar-nos o canabin\u00f3ide SGT-263?<\/h3>\n<p>H\u00e1 muito tempo que fornecemos produtos qu\u00edmicos para investiga\u00e7\u00e3o e somos uma fonte fi\u00e1vel.<\/p>\n<p>O chat em direto est\u00e1 sempre dispon\u00edvel. N\u00e3o tenha medo de fazer perguntas se as tiver.<\/p>\n<p>V\u00e1rios m\u00e9todos de pagamento para garantir a satisfa\u00e7\u00e3o das suas necessidades<\/p>\n<p>Continuaremos a enviar no mesmo dia se a encomenda for efectuada antes das 16:00 MEZ.<\/p>\n<h3>A experi\u00eancia dos nossos clientes d\u00e1-lhe a confian\u00e7a necess\u00e1ria para efetuar compras.<\/h3>\n<p>A Nembutalboutique.com \u00e9 uma empresa l\u00edder de vendas a n\u00edvel mundial. Fundada em 2008, \u00e9 um fornecedor global de produtos qu\u00edmicos de investiga\u00e7\u00e3o e produtos qu\u00edmicos de investiga\u00e7\u00e3o. Estamos a trabalhar. Todos os produtos s\u00e3o expedidos dos nossos armaz\u00e9ns em Hong Kong, China, UE e Ucr\u00e2nia. Respondemos de forma r\u00e1pida e fi\u00e1vel, e a nossa extensa rede de distribui\u00e7\u00e3o garante que cada produto encomendado chegar\u00e1 ao local designado a tempo, entregue no endere\u00e7o da sua escolha.<\/p>\n<p>O nosso principal objetivo \u00e9 garantir a satisfa\u00e7\u00e3o do cliente. Por isso, esfor\u00e7amo-nos por prestar um excelente servi\u00e7o ao cliente. Quando faz uma encomenda na Top Cannabinoids Shop, pode ter a certeza de que esta ser\u00e1 entregue imediatamente no endere\u00e7o que forneceu. Al\u00e9m disso, oferecemos uma gama de op\u00e7\u00f5es de envio que nos permitem enviar mercadorias aos nossos clientes em diferentes mercados e locais em todo o mundo.<br \/>\npara venda. Todos os artigos deste s\u00edtio Web<\/p>\n<p>\u00e9 colocado \u00e0 venda apenas para apoiar a investiga\u00e7\u00e3o e a educa\u00e7\u00e3o. Nenhum dos produtos que vendemos se destina a uso il\u00edcito ou ao consumo humano ou animal.<\/p>\n<p>Semelhante \u00e0 MMB-CHMINACA, o 1-(5-fluorpentil) ou <a href=\"https:\/\/en.wikipedia.org\/wiki\/5F-CUMYL-P7AICA\">SGT-263<\/a>O (2-fenilpropano-2-il)-N \u00e9 uma -7-azaindol-3-carboxamida altamente eficaz. O SGT-263 \u00e9 um canabin\u00f3ide sint\u00e9tico baseado na pirrolopiridina-3-carboxamida vendido como droga sint\u00e9tica.<\/p>\n<h3>O SGT-263 \u00e9 patenteado por uma empresa de renome mundial.<\/h3>\n<p>O SGT-263 \u00e9 um canabin\u00f3ide \u00fanico atualmente dispon\u00edvel para compra em quase todos os pa\u00edses, incluindo a Alemanha.<\/p>\n<p>O SGT-263 \u00e9 tamb\u00e9m conhecido como ipac 1-(5-fluorpentyl). O SGT-263 \u00e9 o produto dispon\u00edvel para a -1H-pirrolo[2,3-b]piridina 2-fenilpropan-2-il)-N-3-carboxamida.<br \/>\nO SGT-25 \u00e9 combinado com um canabin\u00f3ide, 1-(5-Fluorpentyl)-N-(2-phenylpropan-2-yl)-7-azaindol-3-carboxamide. Al\u00e9m disso, o p\u00f3 de RC \u00e9 atualmente legal em todos os pa\u00edses europeus. O acr\u00f3nimo do nome de rua \u00e9 SGT-263: SGT-25 \u00e9 uma subst\u00e2ncia por vezes utilizada para fins recreativos e est\u00e1 presente no \"C-Liquid\", um aditivo para o l\u00edquido dos cigarros electr\u00f3nicos.<\/p>\n<p>Farmacologia: 1. 2-(2-fenilpropan-2-il)-N-(fluorpentil-5-)Apesar do seu efeito farmacol\u00f3gico complexo, a 7-azaindol-3-carboxamida \u00e9 um canabin\u00f3ide sint\u00e9tico pertencente \u00e0 fam\u00edlia das indazol-3-carboxamidas. Prev\u00ea-se que a sua seletividade no recetor CB1 seja cerca de quatro vezes superior \u00e0 do 5F-CUMYL-PINACA.<\/p>\n<h3>Itens compar\u00e1veis: 5F-SDB-006, MMB-CHMINACA, CUMYL-PICA<\/h3>\n<p>- CUMIL-PINACA, CUMIL-THPINACA, SDB-006<\/p>\n<p>Antes de efetuar uma encomenda, certifique-se de que o seu espa\u00e7o de trabalho \u00e9 bem ventilado e que est\u00e1 suficientemente preparado para manusear produtos qu\u00edmicos de investiga\u00e7\u00e3o.<\/p>\n<h3>O que \u00e9 o SGT-263?<\/h3>\n<p>O SGT-263 \u00e9 um novo canabin\u00f3ide sint\u00e9tico que s\u00f3 est\u00e1 dispon\u00edvel desde 2016. \u00c9 um potente antagonista dos receptores CB1 e CB2. Os investigadores qu\u00edmicos descreveram o SGT-263 como tendo efeitos semelhantes aos de outro canabin\u00f3ide sint\u00e9tico bem conhecido, o ADB-FUBINACA. Os resultados experimentais obtidos com o SGT-263 s\u00e3o frequentemente compar\u00e1veis aos de muitos outros canabin\u00f3ides sint\u00e9ticos. Se preferir experimentar com outros canabin\u00f3ides sint\u00e9ticos, o SGT-263 ser\u00e1 provavelmente uma adi\u00e7\u00e3o bem-vinda ao seu laborat\u00f3rio.<\/p>\n<h3>Onde posso comprar o SGT-263?<\/h3>\n<p>O SGT-263 est\u00e1 dispon\u00edvel para compra no site Buy Nembuta. Normalmente fornecemos o nosso SGT-263 em forma de p\u00f3. Se preferir outra forma deste produto qu\u00edmico, por favor contacte-nos e verificaremos se temos outra dispon\u00edvel. Muitas vezes temos v\u00e1rias formas dispon\u00edveis. Para nos comprar SGT-263, deve ter pelo menos dezoito anos de idade e cumprir todas as leis nacionais aplic\u00e1veis relativas \u00e0 investiga\u00e7\u00e3o qu\u00edmica. O nosso SGT-263 \u00e9 apenas para fins de investiga\u00e7\u00e3o e n\u00e3o se destina a ser utilizado em seres humanos ou animais.<\/p>\n<h3>SGT-263 Equil\u00edbrio<\/h3>\n<p>Devido ao facto de o SGT-263 ser t\u00e3o recente, \u00e9 atualmente ilegal na maioria dos pa\u00edses. No entanto, alguns pa\u00edses, incluindo os EUA, t\u00eam leis rigorosas sobre an\u00e1logos que podem tornar estes qu\u00edmicos ilegais.<\/p>","protected":false},"excerpt":{"rendered":"<p>Acheter SGT-263 en ligne. Acheter, SGT-263 Dans notre pays d&rsquo;origine, l&rsquo;utilisation des cannabino\u00efdes SGT-263 est autoris\u00e9e. Il est de votre responsabilit\u00e9 de conna\u00eetre et de respecter les lois locales, \u00e9tatiques, f\u00e9d\u00e9rales, r\u00e9gionales et locales. Dans le cas o\u00f9 vous choisissez de soumettre une commande, nous d\u00e9clinons toute responsabilit\u00e9 pour toute action ou r\u00e9sultat. Pourquoi devriez-vous [&hellip;]<\/p>","protected":false},"featured_media":2628,"comment_status":"open","ping_status":"closed","template":"","meta":{"_joinchat":[]},"product_brand":[],"product_cat":[386,385],"product_tag":[],"class_list":{"0":"post-2605","1":"product","2":"type-product","3":"status-publish","4":"has-post-thumbnail","6":"product_cat-cannabinoids","7":"product_cat-forschung-schemikalien","9":"first","10":"instock","11":"shipping-taxable","12":"purchasable","13":"product-type-variable"},"yoast_head":"<!-- This site is optimized with the Yoast SEO plugin v23.5 - https:\/\/yoast.com\/wordpress\/plugins\/seo\/ -->\n<title>Achetez SGT-263 en ligne - SGT-263 \u00e0 vendre - Commandez SGT-263<\/title>\n<meta name=\"description\" content=\"Votre demande d&#039;achat de SGT-263 en ligne peut \u00eatre satisfaite dans notre boutique en ligne car nous avons SGT-263 \u00e0 vendre ici. Passez votre commande et obtenez des offres abordables tous les jours. Commandez maintenant !\" \/>\n<meta name=\"robots\" content=\"index, follow, max-snippet:-1, max-image-preview:large, max-video-preview:-1\" \/>\n<link rel=\"canonical\" href=\"https:\/\/nembutalboutique.com\/pt\/produto\/comprar-sgt-263\/\" \/>\n<meta property=\"og:locale\" content=\"pt_PT\" \/>\n<meta property=\"og:type\" content=\"article\" \/>\n<meta property=\"og:title\" content=\"Achetez SGT-263 en ligne - SGT-263 \u00e0 vendre - Commandez SGT-263\" \/>\n<meta property=\"og:description\" content=\"Votre demande d&#039;achat de SGT-263 en ligne peut \u00eatre satisfaite dans notre boutique en ligne car nous avons SGT-263 \u00e0 vendre ici. Passez votre commande et obtenez des offres abordables tous les jours. Commandez maintenant !\" \/>\n<meta property=\"og:url\" content=\"https:\/\/nembutalboutique.com\/pt\/produto\/comprar-sgt-263\/\" \/>\n<meta property=\"og:site_name\" content=\"Nembutal Boutique\" \/>\n<meta property=\"article:modified_time\" content=\"2024-09-21T04:07:35+00:00\" \/>\n<meta property=\"og:image\" content=\"https:\/\/nembutalboutique.com\/wp-content\/uploads\/2024\/09\/Sgt-263.gif\" \/>\n\t<meta property=\"og:image:width\" content=\"600\" \/>\n\t<meta property=\"og:image:height\" content=\"600\" \/>\n\t<meta property=\"og:image:type\" content=\"image\/gif\" \/>\n<meta name=\"twitter:card\" content=\"summary_large_image\" \/>\n<meta name=\"twitter:label1\" content=\"Tempo estimado de leitura\" \/>\n\t<meta name=\"twitter:data1\" content=\"4 minutos\" \/>\n<script type=\"application\/ld+json\" class=\"yoast-schema-graph\">{\"@context\":\"https:\/\/schema.org\",\"@graph\":[{\"@type\":\"WebPage\",\"@id\":\"https:\/\/nembutalboutique.com\/produit\/sgt-263\/\",\"url\":\"https:\/\/nembutalboutique.com\/produit\/sgt-263\/\",\"name\":\"Achetez SGT-263 en ligne - SGT-263 \u00e0 vendre - Commandez SGT-263\",\"isPartOf\":{\"@id\":\"https:\/\/nembutalboutique.com\/#website\"},\"primaryImageOfPage\":{\"@id\":\"https:\/\/nembutalboutique.com\/produit\/sgt-263\/#primaryimage\"},\"image\":{\"@id\":\"https:\/\/nembutalboutique.com\/produit\/sgt-263\/#primaryimage\"},\"thumbnailUrl\":\"https:\/\/nembutalboutique.com\/wp-content\/uploads\/2024\/09\/Sgt-263.gif\",\"datePublished\":\"2024-09-16T08:11:15+00:00\",\"dateModified\":\"2024-09-21T04:07:35+00:00\",\"description\":\"Votre demande d'achat de SGT-263 en ligne peut \u00eatre satisfaite dans notre boutique en ligne car nous avons SGT-263 \u00e0 vendre ici. Passez votre commande et obtenez des offres abordables tous les jours. Commandez maintenant !\",\"breadcrumb\":{\"@id\":\"https:\/\/nembutalboutique.com\/produit\/sgt-263\/#breadcrumb\"},\"inLanguage\":\"pt-PT\",\"potentialAction\":[{\"@type\":\"ReadAction\",\"target\":[\"https:\/\/nembutalboutique.com\/produit\/sgt-263\/\"]}]},{\"@type\":\"ImageObject\",\"inLanguage\":\"pt-PT\",\"@id\":\"https:\/\/nembutalboutique.com\/produit\/sgt-263\/#primaryimage\",\"url\":\"https:\/\/nembutalboutique.com\/wp-content\/uploads\/2024\/09\/Sgt-263.gif\",\"contentUrl\":\"https:\/\/nembutalboutique.com\/wp-content\/uploads\/2024\/09\/Sgt-263.gif\",\"width\":600,\"height\":600,\"caption\":\"acheter Sgt-263.gif\"},{\"@type\":\"BreadcrumbList\",\"@id\":\"https:\/\/nembutalboutique.com\/produit\/sgt-263\/#breadcrumb\",\"itemListElement\":[{\"@type\":\"ListItem\",\"position\":1,\"name\":\"Home\",\"item\":\"https:\/\/nembutalboutique.com\/\"},{\"@type\":\"ListItem\",\"position\":2,\"name\":\"Boutique\",\"item\":\"https:\/\/nembutalboutique.com\/shop\/\"},{\"@type\":\"ListItem\",\"position\":3,\"name\":\"SGT-263\"}]},{\"@type\":\"WebSite\",\"@id\":\"https:\/\/nembutalboutique.com\/#website\",\"url\":\"https:\/\/nembutalboutique.com\/\",\"name\":\"Nembutal Boutique\",\"description\":\"My WordPress Blog\",\"publisher\":{\"@id\":\"https:\/\/nembutalboutique.com\/#organization\"},\"potentialAction\":[{\"@type\":\"SearchAction\",\"target\":{\"@type\":\"EntryPoint\",\"urlTemplate\":\"https:\/\/nembutalboutique.com\/?s={search_term_string}\"},\"query-input\":{\"@type\":\"PropertyValueSpecification\",\"valueRequired\":true,\"valueName\":\"search_term_string\"}}],\"inLanguage\":\"pt-PT\"},{\"@type\":\"Organization\",\"@id\":\"https:\/\/nembutalboutique.com\/#organization\",\"name\":\"Nembutal Boutique\",\"url\":\"https:\/\/nembutalboutique.com\/\",\"logo\":{\"@type\":\"ImageObject\",\"inLanguage\":\"pt-PT\",\"@id\":\"https:\/\/nembutalboutique.com\/#\/schema\/logo\/image\/\",\"url\":\"https:\/\/nembutalboutique.com\/wp-content\/uploads\/2024\/01\/logo.png\",\"contentUrl\":\"https:\/\/nembutalboutique.com\/wp-content\/uploads\/2024\/01\/logo.png\",\"width\":494,\"height\":121,\"caption\":\"Nembutal Boutique\"},\"image\":{\"@id\":\"https:\/\/nembutalboutique.com\/#\/schema\/logo\/image\/\"}}]}<\/script>\n<!-- \/ Yoast SEO plugin. -->","yoast_head_json":{"title":"Comprar SGT-263 online - SGT-263 para venda - Encomendar SGT-263","description":"O seu pedido para comprar SGT-263 online pode ser satisfeito na nossa loja online, pois temos SGT-263 para venda aqui. Fa\u00e7a a sua encomenda e obtenha ofertas acess\u00edveis todos os dias. Fa\u00e7a a sua encomenda agora!","robots":{"index":"index","follow":"follow","max-snippet":"max-snippet:-1","max-image-preview":"max-image-preview:large","max-video-preview":"max-video-preview:-1"},"canonical":"https:\/\/nembutalboutique.com\/pt\/produto\/comprar-sgt-263\/","og_locale":"pt_PT","og_type":"article","og_title":"Achetez SGT-263 en ligne - SGT-263 \u00e0 vendre - Commandez SGT-263","og_description":"Votre demande d'achat de SGT-263 en ligne peut \u00eatre satisfaite dans notre boutique en ligne car nous avons SGT-263 \u00e0 vendre ici. Passez votre commande et obtenez des offres abordables tous les jours. Commandez maintenant !","og_url":"https:\/\/nembutalboutique.com\/pt\/produto\/comprar-sgt-263\/","og_site_name":"Nembutal Boutique","article_modified_time":"2024-09-21T04:07:35+00:00","og_image":[{"width":600,"height":600,"url":"https:\/\/nembutalboutique.com\/wp-content\/uploads\/2024\/09\/Sgt-263.gif","type":"image\/gif"}],"twitter_card":"summary_large_image","twitter_misc":{"Tempo estimado de leitura":"4 minutos"},"schema":{"@context":"https:\/\/schema.org","@graph":[{"@type":"WebPage","@id":"https:\/\/nembutalboutique.com\/produit\/sgt-263\/","url":"https:\/\/nembutalboutique.com\/produit\/sgt-263\/","name":"Comprar SGT-263 online - SGT-263 para venda - Encomendar SGT-263","isPartOf":{"@id":"https:\/\/nembutalboutique.com\/#website"},"primaryImageOfPage":{"@id":"https:\/\/nembutalboutique.com\/produit\/sgt-263\/#primaryimage"},"image":{"@id":"https:\/\/nembutalboutique.com\/produit\/sgt-263\/#primaryimage"},"thumbnailUrl":"https:\/\/nembutalboutique.com\/wp-content\/uploads\/2024\/09\/Sgt-263.gif","datePublished":"2024-09-16T08:11:15+00:00","dateModified":"2024-09-21T04:07:35+00:00","description":"O seu pedido para comprar SGT-263 online pode ser satisfeito na nossa loja online, pois temos SGT-263 para venda aqui. Fa\u00e7a a sua encomenda e obtenha ofertas acess\u00edveis todos os dias. Fa\u00e7a a sua encomenda agora!","breadcrumb":{"@id":"https:\/\/nembutalboutique.com\/produit\/sgt-263\/#breadcrumb"},"inLanguage":"pt-PT","potentialAction":[{"@type":"ReadAction","target":["https:\/\/nembutalboutique.com\/produit\/sgt-263\/"]}]},{"@type":"ImageObject","inLanguage":"pt-PT","@id":"https:\/\/nembutalboutique.com\/produit\/sgt-263\/#primaryimage","url":"https:\/\/nembutalboutique.com\/wp-content\/uploads\/2024\/09\/Sgt-263.gif","contentUrl":"https:\/\/nembutalboutique.com\/wp-content\/uploads\/2024\/09\/Sgt-263.gif","width":600,"height":600,"caption":"acheter Sgt-263.gif"},{"@type":"BreadcrumbList","@id":"https:\/\/nembutalboutique.com\/produit\/sgt-263\/#breadcrumb","itemListElement":[{"@type":"ListItem","position":1,"name":"Home","item":"https:\/\/nembutalboutique.com\/"},{"@type":"ListItem","position":2,"name":"Boutique","item":"https:\/\/nembutalboutique.com\/shop\/"},{"@type":"ListItem","position":3,"name":"SGT-263"}]},{"@type":"WebSite","@id":"https:\/\/nembutalboutique.com\/#website","url":"https:\/\/nembutalboutique.com\/","name":"Nembutal Boutique","description":"O meu blogue WordPress","publisher":{"@id":"https:\/\/nembutalboutique.com\/#organization"},"potentialAction":[{"@type":"SearchAction","target":{"@type":"EntryPoint","urlTemplate":"https:\/\/nembutalboutique.com\/?s={search_term_string}"},"query-input":{"@type":"PropertyValueSpecification","valueRequired":true,"valueName":"search_term_string"}}],"inLanguage":"pt-PT"},{"@type":"Organization","@id":"https:\/\/nembutalboutique.com\/#organization","name":"Nembutal Boutique","url":"https:\/\/nembutalboutique.com\/","logo":{"@type":"ImageObject","inLanguage":"pt-PT","@id":"https:\/\/nembutalboutique.com\/#\/schema\/logo\/image\/","url":"https:\/\/nembutalboutique.com\/wp-content\/uploads\/2024\/01\/logo.png","contentUrl":"https:\/\/nembutalboutique.com\/wp-content\/uploads\/2024\/01\/logo.png","width":494,"height":121,"caption":"Nembutal Boutique"},"image":{"@id":"https:\/\/nembutalboutique.com\/#\/schema\/logo\/image\/"}}]}},"_links":{"self":[{"href":"https:\/\/nembutalboutique.com\/pt\/wp-json\/wp\/v2\/product\/2605"}],"collection":[{"href":"https:\/\/nembutalboutique.com\/pt\/wp-json\/wp\/v2\/product"}],"about":[{"href":"https:\/\/nembutalboutique.com\/pt\/wp-json\/wp\/v2\/types\/product"}],"replies":[{"embeddable":true,"href":"https:\/\/nembutalboutique.com\/pt\/wp-json\/wp\/v2\/comments?post=2605"}],"wp:featuredmedia":[{"embeddable":true,"href":"https:\/\/nembutalboutique.com\/pt\/wp-json\/wp\/v2\/media\/2628"}],"wp:attachment":[{"href":"https:\/\/nembutalboutique.com\/pt\/wp-json\/wp\/v2\/media?parent=2605"}],"wp:term":[{"taxonomy":"product_brand","embeddable":true,"href":"https:\/\/nembutalboutique.com\/pt\/wp-json\/wp\/v2\/product_brand?post=2605"},{"taxonomy":"product_cat","embeddable":true,"href":"https:\/\/nembutalboutique.com\/pt\/wp-json\/wp\/v2\/product_cat?post=2605"},{"taxonomy":"product_tag","embeddable":true,"href":"https:\/\/nembutalboutique.com\/pt\/wp-json\/wp\/v2\/product_tag?post=2605"}],"curies":[{"name":"wp","href":"https:\/\/api.w.org\/{rel}","templated":true}]}}