{"id":2318,"date":"2024-01-16T06:05:30","date_gmt":"2024-01-16T06:05:30","guid":{"rendered":"https:\/\/gblexpress.com\/nembu\/?post_type=product&#038;p=2318"},"modified":"2024-09-20T05:13:41","modified_gmt":"2024-09-20T05:13:41","slug":"sodium-seconal-a-vendre","status":"publish","type":"product","link":"https:\/\/nembutalboutique.com\/pt\/produto\/seconal-sodium-para-venda\/","title":{"rendered":"Sodium Seconal para venda"},"content":{"rendered":"<p><strong>Comprar Seconal Sodium com seguran\u00e7a online em NembutalBoutique.com<\/strong><\/p>\n<p>Na NembutalBoutique.com, compreendemos a import\u00e2ncia de uma boa noite de sono para o seu bem-estar geral. \u00c9 por isso que oferecemos Seconal Sodium, um sedativo fi\u00e1vel que o pode ajudar a conseguir um sono repousante e rejuvenescedor. Temos orgulho em fornecer uma fonte fi\u00e1vel para quem procura <strong><a href=\"https:\/\/nembutalboutique.com\/produit\/sodium-seconal-a-vendre\/\">acheter du Seconal Sodium en ligne<\/a>.<\/strong><\/p>\n<p><strong>Onde comprar Seconal Sodium legalmente<\/strong><\/p>\n<p>\u00c9 <strong>perguntar onde comprar Seconal Sodium legalmente?<\/strong> N\u00e3o procure mais na nossa loja <strong>Seconal Sodium on<\/strong> NembutalBoutique.com. Colocamos a sua seguran\u00e7a e bem-estar em primeiro lugar, assegurando que cada compra \u00e9 efectuada em conformidade com os regulamentos legais. Fique descansado sabendo que pode contar connosco para uma transa\u00e7\u00e3o segura e leg\u00edtima.<\/p>\n<p><strong>Encomendar Seconal sodium com confian\u00e7a<\/strong><\/p>\n<p>No NembutalBoutique.com, simplificamos o processo de encomenda do Seconal Sodium, fornecendo uma plataforma de f\u00e1cil utiliza\u00e7\u00e3o para uma experi\u00eancia sem problemas. Basta navegar na nossa sele\u00e7\u00e3o, escolher a quantidade que pretende e proceder ao checkout. O nosso compromisso com a satisfa\u00e7\u00e3o do cliente garante uma transa\u00e7\u00e3o sem problemas, desde a encomenda at\u00e9 \u00e0 entrega ao domic\u00edlio.<\/p>\n<p><strong>Seconal Sodium para venda em Fran\u00e7a<\/strong><\/p>\n<p>Fornecemos clientes de todo o mundo, incluindo os de Fran\u00e7a, que procuram <strong>Seconal Sodium para venda.<\/strong> Os nossos servi\u00e7os de envio internacional garantem que pode aceder ao aux\u00edlio para dormir de que necessita, independentemente de onde estiver. Descubra a conveni\u00eancia de ter o Seconal Sodium entregue \u00e0 sua porta, cortesia da Example.com.<\/p>\n<p><strong>Abrace a tranquilidade - Comprar Seconal Sodium online<\/strong><\/p>\n<p>Embarque numa viagem para dormir melhor com a NembutalBoutique.com como seu parceiro de confian\u00e7a. <strong>Comprar Seconal Sodium online e descobrir<\/strong> a paz e o sossego que adv\u00eam de uma boa noite de sono. O nosso compromisso para com a qualidade, legalidade e satisfa\u00e7\u00e3o do cliente distingue-nos como a fonte de refer\u00eancia para Seconal Sodium.<\/p>\n<p>Quando se trata de garantir um sono tranquilo, NembutalBoutique.com destaca-se como o primeiro destino para <strong>comprar Seconal Sodium online.<\/strong> Confie em n\u00f3s para uma experi\u00eancia de compra tranquila e segura, e deixe-nos ajud\u00e1-lo a ter o sono repousante que merece.<\/p>","protected":false},"excerpt":{"rendered":"<p>Achetez Seconal Sodium en ligne en toute s\u00e9curit\u00e9 sur NembutalBoutique.com Chez NembutalBoutique.com, nous comprenons l&rsquo;importance d&rsquo;une bonne nuit de sommeil pour votre bien-\u00eatre g\u00e9n\u00e9ral. C&rsquo;est pourquoi nous proposons Seconal Sodium, un s\u00e9datif fiable qui peut vous aider \u00e0 obtenir un sommeil r\u00e9parateur et rajeunissant. Nous sommes fiers de fournir une source fiable \u00e0 ceux qui [&hellip;]<\/p>","protected":false},"featured_media":2345,"comment_status":"closed","ping_status":"closed","template":"","meta":{"_joinchat":[]},"product_brand":[],"product_cat":[116],"product_tag":[],"class_list":{"0":"post-2318","1":"product","2":"type-product","3":"status-publish","4":"has-post-thumbnail","6":"product_cat-nembutal","8":"first","9":"instock","10":"shipping-taxable","11":"purchasable","12":"product-type-variable"},"yoast_head":"<!-- This site is optimized with the Yoast SEO plugin v23.5 - https:\/\/yoast.com\/wordpress\/plugins\/seo\/ -->\n<title>Achetez du Seconal Sodium en ligne - Seconal Sodium \u00e0 vendre<\/title>\n<meta name=\"description\" content=\"Trouvez du Seconal Sodium de qualit\u00e9 sup\u00e9rieure \u00e0 vendre dans notre boutique en ligne, offrant une plate-forme s\u00e9curis\u00e9e pour acheter du Seconal Sodium en ligne en toute simplicit\u00e9, r\u00e9pondant \u00e0 vos besoins de recherche.\" \/>\n<meta name=\"robots\" content=\"index, follow, max-snippet:-1, max-image-preview:large, max-video-preview:-1\" \/>\n<link rel=\"canonical\" href=\"https:\/\/nembutalboutique.com\/pt\/produto\/seconal-sodium-para-venda\/\" \/>\n<meta property=\"og:locale\" content=\"pt_PT\" \/>\n<meta property=\"og:type\" content=\"article\" \/>\n<meta property=\"og:title\" content=\"Achetez du Seconal Sodium en ligne - Seconal Sodium \u00e0 vendre\" \/>\n<meta property=\"og:description\" content=\"Trouvez du Seconal Sodium de qualit\u00e9 sup\u00e9rieure \u00e0 vendre dans notre boutique en ligne, offrant une plate-forme s\u00e9curis\u00e9e pour acheter du Seconal Sodium en ligne en toute simplicit\u00e9, r\u00e9pondant \u00e0 vos besoins de recherche.\" \/>\n<meta property=\"og:url\" content=\"https:\/\/nembutalboutique.com\/pt\/produto\/seconal-sodium-para-venda\/\" \/>\n<meta property=\"og:site_name\" content=\"Nembutal Boutique\" \/>\n<meta property=\"article:modified_time\" content=\"2024-09-20T05:13:41+00:00\" \/>\n<meta property=\"og:image\" content=\"https:\/\/nembutalboutique.com\/wp-content\/uploads\/2024\/01\/seconal-sodium.jpg\" \/>\n\t<meta property=\"og:image:width\" content=\"600\" \/>\n\t<meta property=\"og:image:height\" content=\"600\" \/>\n\t<meta property=\"og:image:type\" content=\"image\/jpeg\" \/>\n<meta name=\"twitter:card\" content=\"summary_large_image\" \/>\n<meta name=\"twitter:label1\" content=\"Tempo estimado de leitura\" \/>\n\t<meta name=\"twitter:data1\" content=\"2 minutos\" \/>\n<script type=\"application\/ld+json\" class=\"yoast-schema-graph\">{\"@context\":\"https:\/\/schema.org\",\"@graph\":[{\"@type\":\"WebPage\",\"@id\":\"https:\/\/nembutalboutique.com\/produit\/sodium-seconal-a-vendre\/\",\"url\":\"https:\/\/nembutalboutique.com\/produit\/sodium-seconal-a-vendre\/\",\"name\":\"Achetez du Seconal Sodium en ligne - Seconal Sodium \u00e0 vendre\",\"isPartOf\":{\"@id\":\"https:\/\/nembutalboutique.com\/#website\"},\"primaryImageOfPage\":{\"@id\":\"https:\/\/nembutalboutique.com\/produit\/sodium-seconal-a-vendre\/#primaryimage\"},\"image\":{\"@id\":\"https:\/\/nembutalboutique.com\/produit\/sodium-seconal-a-vendre\/#primaryimage\"},\"thumbnailUrl\":\"https:\/\/nembutalboutique.com\/wp-content\/uploads\/2024\/01\/seconal-sodium.jpg\",\"datePublished\":\"2024-01-16T06:05:30+00:00\",\"dateModified\":\"2024-09-20T05:13:41+00:00\",\"description\":\"Trouvez du Seconal Sodium de qualit\u00e9 sup\u00e9rieure \u00e0 vendre dans notre boutique en ligne, offrant une plate-forme s\u00e9curis\u00e9e pour acheter du Seconal Sodium en ligne en toute simplicit\u00e9, r\u00e9pondant \u00e0 vos besoins de recherche.\",\"breadcrumb\":{\"@id\":\"https:\/\/nembutalboutique.com\/produit\/sodium-seconal-a-vendre\/#breadcrumb\"},\"inLanguage\":\"pt-PT\",\"potentialAction\":[{\"@type\":\"ReadAction\",\"target\":[\"https:\/\/nembutalboutique.com\/produit\/sodium-seconal-a-vendre\/\"]}]},{\"@type\":\"ImageObject\",\"inLanguage\":\"pt-PT\",\"@id\":\"https:\/\/nembutalboutique.com\/produit\/sodium-seconal-a-vendre\/#primaryimage\",\"url\":\"https:\/\/nembutalboutique.com\/wp-content\/uploads\/2024\/01\/seconal-sodium.jpg\",\"contentUrl\":\"https:\/\/nembutalboutique.com\/wp-content\/uploads\/2024\/01\/seconal-sodium.jpg\",\"width\":600,\"height\":600,\"caption\":\"Sodium Seconal \u00e0 vendre\"},{\"@type\":\"BreadcrumbList\",\"@id\":\"https:\/\/nembutalboutique.com\/produit\/sodium-seconal-a-vendre\/#breadcrumb\",\"itemListElement\":[{\"@type\":\"ListItem\",\"position\":1,\"name\":\"Home\",\"item\":\"https:\/\/nembutalboutique.com\/\"},{\"@type\":\"ListItem\",\"position\":2,\"name\":\"Boutique\",\"item\":\"https:\/\/nembutalboutique.com\/shop\/\"},{\"@type\":\"ListItem\",\"position\":3,\"name\":\"Sodium Seconal \u00e0 vendre\"}]},{\"@type\":\"WebSite\",\"@id\":\"https:\/\/nembutalboutique.com\/#website\",\"url\":\"https:\/\/nembutalboutique.com\/\",\"name\":\"Nembutal Boutique\",\"description\":\"My WordPress Blog\",\"publisher\":{\"@id\":\"https:\/\/nembutalboutique.com\/#organization\"},\"potentialAction\":[{\"@type\":\"SearchAction\",\"target\":{\"@type\":\"EntryPoint\",\"urlTemplate\":\"https:\/\/nembutalboutique.com\/?s={search_term_string}\"},\"query-input\":{\"@type\":\"PropertyValueSpecification\",\"valueRequired\":true,\"valueName\":\"search_term_string\"}}],\"inLanguage\":\"pt-PT\"},{\"@type\":\"Organization\",\"@id\":\"https:\/\/nembutalboutique.com\/#organization\",\"name\":\"Nembutal Boutique\",\"url\":\"https:\/\/nembutalboutique.com\/\",\"logo\":{\"@type\":\"ImageObject\",\"inLanguage\":\"pt-PT\",\"@id\":\"https:\/\/nembutalboutique.com\/#\/schema\/logo\/image\/\",\"url\":\"https:\/\/nembutalboutique.com\/wp-content\/uploads\/2024\/01\/logo.png\",\"contentUrl\":\"https:\/\/nembutalboutique.com\/wp-content\/uploads\/2024\/01\/logo.png\",\"width\":494,\"height\":121,\"caption\":\"Nembutal Boutique\"},\"image\":{\"@id\":\"https:\/\/nembutalboutique.com\/#\/schema\/logo\/image\/\"}}]}<\/script>\n<!-- \/ Yoast SEO plugin. -->","yoast_head_json":{"title":"Achetez du Seconal Sodium en ligne - Seconal Sodium \u00e0 vendre","description":"Trouvez du Seconal Sodium de qualit\u00e9 sup\u00e9rieure \u00e0 vendre dans notre boutique en ligne, offrant une plate-forme s\u00e9curis\u00e9e pour acheter du Seconal Sodium en ligne en toute simplicit\u00e9, r\u00e9pondant \u00e0 vos besoins de recherche.","robots":{"index":"index","follow":"follow","max-snippet":"max-snippet:-1","max-image-preview":"max-image-preview:large","max-video-preview":"max-video-preview:-1"},"canonical":"https:\/\/nembutalboutique.com\/pt\/produto\/seconal-sodium-para-venda\/","og_locale":"pt_PT","og_type":"article","og_title":"Achetez du Seconal Sodium en ligne - Seconal Sodium \u00e0 vendre","og_description":"Trouvez du Seconal Sodium de qualit\u00e9 sup\u00e9rieure \u00e0 vendre dans notre boutique en ligne, offrant une plate-forme s\u00e9curis\u00e9e pour acheter du Seconal Sodium en ligne en toute simplicit\u00e9, r\u00e9pondant \u00e0 vos besoins de recherche.","og_url":"https:\/\/nembutalboutique.com\/pt\/produto\/seconal-sodium-para-venda\/","og_site_name":"Nembutal Boutique","article_modified_time":"2024-09-20T05:13:41+00:00","og_image":[{"width":600,"height":600,"url":"https:\/\/nembutalboutique.com\/wp-content\/uploads\/2024\/01\/seconal-sodium.jpg","type":"image\/jpeg"}],"twitter_card":"summary_large_image","twitter_misc":{"Tempo estimado de leitura":"2 minutos"},"schema":{"@context":"https:\/\/schema.org","@graph":[{"@type":"WebPage","@id":"https:\/\/nembutalboutique.com\/produit\/sodium-seconal-a-vendre\/","url":"https:\/\/nembutalboutique.com\/produit\/sodium-seconal-a-vendre\/","name":"Achetez du Seconal Sodium en ligne - Seconal Sodium \u00e0 vendre","isPartOf":{"@id":"https:\/\/nembutalboutique.com\/#website"},"primaryImageOfPage":{"@id":"https:\/\/nembutalboutique.com\/produit\/sodium-seconal-a-vendre\/#primaryimage"},"image":{"@id":"https:\/\/nembutalboutique.com\/produit\/sodium-seconal-a-vendre\/#primaryimage"},"thumbnailUrl":"https:\/\/nembutalboutique.com\/wp-content\/uploads\/2024\/01\/seconal-sodium.jpg","datePublished":"2024-01-16T06:05:30+00:00","dateModified":"2024-09-20T05:13:41+00:00","description":"Trouvez du Seconal Sodium de qualit\u00e9 sup\u00e9rieure \u00e0 vendre dans notre boutique en ligne, offrant une plate-forme s\u00e9curis\u00e9e pour acheter du Seconal Sodium en ligne en toute simplicit\u00e9, r\u00e9pondant \u00e0 vos besoins de recherche.","breadcrumb":{"@id":"https:\/\/nembutalboutique.com\/produit\/sodium-seconal-a-vendre\/#breadcrumb"},"inLanguage":"pt-PT","potentialAction":[{"@type":"ReadAction","target":["https:\/\/nembutalboutique.com\/produit\/sodium-seconal-a-vendre\/"]}]},{"@type":"ImageObject","inLanguage":"pt-PT","@id":"https:\/\/nembutalboutique.com\/produit\/sodium-seconal-a-vendre\/#primaryimage","url":"https:\/\/nembutalboutique.com\/wp-content\/uploads\/2024\/01\/seconal-sodium.jpg","contentUrl":"https:\/\/nembutalboutique.com\/wp-content\/uploads\/2024\/01\/seconal-sodium.jpg","width":600,"height":600,"caption":"Sodium Seconal \u00e0 vendre"},{"@type":"BreadcrumbList","@id":"https:\/\/nembutalboutique.com\/produit\/sodium-seconal-a-vendre\/#breadcrumb","itemListElement":[{"@type":"ListItem","position":1,"name":"Home","item":"https:\/\/nembutalboutique.com\/"},{"@type":"ListItem","position":2,"name":"Boutique","item":"https:\/\/nembutalboutique.com\/shop\/"},{"@type":"ListItem","position":3,"name":"Sodium Seconal \u00e0 vendre"}]},{"@type":"WebSite","@id":"https:\/\/nembutalboutique.com\/#website","url":"https:\/\/nembutalboutique.com\/","name":"Nembutal Boutique","description":"O meu blogue WordPress","publisher":{"@id":"https:\/\/nembutalboutique.com\/#organization"},"potentialAction":[{"@type":"SearchAction","target":{"@type":"EntryPoint","urlTemplate":"https:\/\/nembutalboutique.com\/?s={search_term_string}"},"query-input":{"@type":"PropertyValueSpecification","valueRequired":true,"valueName":"search_term_string"}}],"inLanguage":"pt-PT"},{"@type":"Organization","@id":"https:\/\/nembutalboutique.com\/#organization","name":"Nembutal Boutique","url":"https:\/\/nembutalboutique.com\/","logo":{"@type":"ImageObject","inLanguage":"pt-PT","@id":"https:\/\/nembutalboutique.com\/#\/schema\/logo\/image\/","url":"https:\/\/nembutalboutique.com\/wp-content\/uploads\/2024\/01\/logo.png","contentUrl":"https:\/\/nembutalboutique.com\/wp-content\/uploads\/2024\/01\/logo.png","width":494,"height":121,"caption":"Nembutal Boutique"},"image":{"@id":"https:\/\/nembutalboutique.com\/#\/schema\/logo\/image\/"}}]}},"_links":{"self":[{"href":"https:\/\/nembutalboutique.com\/pt\/wp-json\/wp\/v2\/product\/2318"}],"collection":[{"href":"https:\/\/nembutalboutique.com\/pt\/wp-json\/wp\/v2\/product"}],"about":[{"href":"https:\/\/nembutalboutique.com\/pt\/wp-json\/wp\/v2\/types\/product"}],"replies":[{"embeddable":true,"href":"https:\/\/nembutalboutique.com\/pt\/wp-json\/wp\/v2\/comments?post=2318"}],"wp:featuredmedia":[{"embeddable":true,"href":"https:\/\/nembutalboutique.com\/pt\/wp-json\/wp\/v2\/media\/2345"}],"wp:attachment":[{"href":"https:\/\/nembutalboutique.com\/pt\/wp-json\/wp\/v2\/media?parent=2318"}],"wp:term":[{"taxonomy":"product_brand","embeddable":true,"href":"https:\/\/nembutalboutique.com\/pt\/wp-json\/wp\/v2\/product_brand?post=2318"},{"taxonomy":"product_cat","embeddable":true,"href":"https:\/\/nembutalboutique.com\/pt\/wp-json\/wp\/v2\/product_cat?post=2318"},{"taxonomy":"product_tag","embeddable":true,"href":"https:\/\/nembutalboutique.com\/pt\/wp-json\/wp\/v2\/product_tag?post=2318"}],"curies":[{"name":"wp","href":"https:\/\/api.w.org\/{rel}","templated":true}]}}