{"id":3384,"date":"2024-09-16T08:17:23","date_gmt":"2024-09-16T08:17:23","guid":{"rendered":"https:\/\/nembutalboutique.com\/?post_type=product&#038;p=3384"},"modified":"2024-09-20T05:00:17","modified_gmt":"2024-09-20T05:00:17","slug":"mdphp-hcl","status":"publish","type":"product","link":"https:\/\/nembutalboutique.com\/pl\/produkt\/kupic-mdphp-hcl\/","title":{"rendered":"MDPHP HCL"},"content":{"rendered":"<h2>Kup MDPHP HCL.<\/h2>\n<p>MDPHP HCL Buy jest blisko spokrewniony ze stymulantem MDPV, kt\u00f3ry zyska\u0142 popularno\u015b\u0107 w latach 60. po odkryciu przez niemieck\u0105 firm\u0119 farmaceutyczn\u0105<a href=\"https:\/\/nembutalboutique.com\/produit\/mdphp-hcl\/\">.<\/a><\/p>\n<p>MDPHP, znany r\u00f3wnie\u017c jako \"Affenstaub\" lub 3\u2032,4\u2032-metylendioksy-\u03b1-pirolidynoheksiofenon, dzia\u0142a jako NDRI i wygl\u0105da jak bardzo drobny krystaliczny proszek w postaci chlorowodorku (HCL). Obszerne badania i fora internetowe opublikowa\u0142y informacje na temat MDPHP i jego skutk\u00f3w; jednak nie wiadomo jeszcze, czy stanie si\u0119 on legalny w przysz\u0142o\u015bci lub czy zostanie w\u0142\u0105czony do Opiumgesetz. Poniewa\u017c w wielu cz\u0119\u015bciach Europy jest ona nadal legalna, NembuKauFlog z przyjemno\u015bci\u0105 dostarcza proszek MDPHP klasy laboratoryjnej na potrzeby bada\u0144. Zbi\u00f3r dodatkowych szczeg\u00f3\u0142\u00f3w technicznych do oceny mo\u017cna znale\u017a\u0107 tutaj!<\/p>\n<p><strong>Uwaga dotycz\u0105ca bezpiecze\u0144stwa<\/strong><\/p>\n<p>Poniewa\u017c proszek <a href=\"https:\/\/en.wikipedia.org\/wiki\/MDPHP\">MDPHP<\/a> jest drobnym proszkiem, kt\u00f3ry \u0142atwo wch\u0142ania si\u0119 do powietrza, zaleca si\u0119 noszenie r\u0119kawic, okular\u00f3w ochronnych i masek oddechowych podczas pracy z przedmiotami unosz\u0105cymi si\u0119 w powietrzu w miejscu pracy, aby unikn\u0105\u0107 przypadkowych obra\u017ce\u0144. W przypadku niezamierzonego nara\u017cenia, pracownikom s\u0142u\u017cby zdrowia zaleca si\u0119 r\u00f3wnie\u017c pokazanie etykiety produktu z informacjami IUPAC i CAS. Nabycie MDPHP HCL.<\/p>\n<p>Je\u015bli cz\u0105steczki przypadkowo dostan\u0105 si\u0119 do oczu, nale\u017cy je natychmiast usun\u0105\u0107, a dotkni\u0119ty obszar dok\u0142adnie przemy\u0107 wod\u0105.<\/p>\n<h3>Gdzie mog\u0119 kupi\u0107 MDPHP HCL?<\/h3>\n<p>W Buyen Nembutal cieszymy si\u0119, \u017ce mo\u017cemy zapewni\u0107 najlepszy dost\u0119pny na rynku MDPHP HCL klasy laboratoryjnej. Najlepszym \u017ar\u00f3d\u0142em chemikali\u00f3w badawczych jest Buyen Nembutal. Przeprowadzamy rygorystyczne testy GC-MS przed zaoferowaniem kt\u00f3regokolwiek z naszych produkt\u00f3w na sprzeda\u017c.<\/p>\n<p>Pami\u0119taj, \u017ce musisz mie\u0107 co najmniej 10 lat. Nie wszystkie dost\u0119pne chemikalia badawcze s\u0105 og\u00f3lnie zalecane do stosowania u ludzi; zamiast tego powinny by\u0107 u\u017cywane wy\u0142\u0105cznie w badaniach laboratoryjnych.<\/p>\n<h3>Czy HCL MDPHP jest zatwierdzony?<\/h3>\n<p>Zdecydowanie zalecamy sprawdzenie legalno\u015bci HCL MDPHP poprzez sprawdzenie przepis\u00f3w obowi\u0105zuj\u0105cych w kraju pochodzenia lub adresu dostawy.<\/p>\n<p>W \u015bwietle naszych obecnych ogranicze\u0144 wysy\u0142kowych podejmujemy wszelkie uzasadnione kroki w celu zmniejszenia ryzyka dla naszych klient\u00f3w.<\/p>\n<p>Poniewa\u017c jednak przepisy na ca\u0142ym \u015bwiecie stale si\u0119 zmieniaj\u0105, NembuKauFlog nie ponosi odpowiedzialno\u015bci za jakiekolwiek problemy, kt\u00f3re mog\u0105 si\u0119 pojawi\u0107. Ostatecznie to nabywca jest odpowiedzialny za zapewnienie, \u017ce produkt jest zgodny ze wszystkimi obowi\u0105zuj\u0105cymi zasadami i przepisami ustanowionymi przez dostawc\u0119.<\/p>\n<h3>Gdzie mog\u0119 kupi\u0107 MDPHP?<\/h3>\n<p>Kupuj\u0105c nembutal, zapewniamy najwy\u017csz\u0105 jako\u015b\u0107 MDPHP dost\u0119pn\u0105 na poziomie laboratoryjnym, ze wszystkimi Stolz. Najlepszym miejscem dla ka\u017cdego, kto chce kupi\u0107 chemikalia badawcze, jest Buy Nembutal. Zanim zaoferujemy nasze zapasy na sprzeda\u017c, przeprowadzamy szeroko zakrojone testy GC MS.<\/p>\n<p>Pami\u0119taj, \u017ce musisz mie\u0107 co najmniej osiemna\u015bcie lat, aby korzysta\u0107 z MDPHP w celu zakupu nembutalu online. Wszystkie sprzedawane chemikalia badawcze s\u0105 przeznaczone wy\u0142\u0105cznie do u\u017cytku w badaniach laboratoryjnych i nigdy nie s\u0105 przeznaczone do stosowania na ludziach.<\/p>\n<h3>Czy MDPHP jest autoryzowany?<\/h3>\n<p>W odniesieniu do legalno\u015bci MDPHP, zdecydowanie zalecamy zapoznanie si\u0119 z przepisami obowi\u0105zuj\u0105cymi w kraju zamieszkania i\/lub adresu dostawy.<\/p>\n<p>Podejmujemy wszelkie uzasadnione kroki w celu zmniejszenia ryzyka dla naszych klient\u00f3w poprzez aktywne ograniczanie dostaw. Jednak globalne \u015brodowisko stale si\u0119 zmienia i Buyen Nembutal nie ponosi odpowiedzialno\u015bci za jakiekolwiek komplikacje. Ostatecznie to kupuj\u0105cy jest odpowiedzialny za upewnienie si\u0119, \u017ce produkt nie narusza \u017cadnych przepis\u00f3w ani praw w miejscu dostawy.<\/p>","protected":false},"excerpt":{"rendered":"<p>MD-PHP to substancja, kt\u00f3r\u0105 sprzedajemy wy\u0142\u0105cznie do cel\u00f3w badawczych i dlatego nie jest przeznaczona do stosowania w mpt. MD-PHP mo\u017ce by\u0107 badany przez okres do 2 lat, je\u015bli jest przechowywany w odpowiednim \u015brodowisku.<\/p>\n<p>Poniewa\u017c MDPHP jest przeznaczony wy\u0142\u0105cznie do bada\u0144, a nie do mpt, wa\u017cne jest, aby MDPHP by\u0142 przechowywany w miejscu niedost\u0119pnym dla dzieci i zwierz\u0105t domowych.<\/p>","protected":false},"featured_media":3534,"comment_status":"open","ping_status":"closed","template":"","meta":{"_joinchat":[]},"product_brand":[],"product_cat":[387],"product_tag":[],"class_list":{"0":"post-3384","1":"product","2":"type-product","3":"status-publish","4":"has-post-thumbnail","6":"product_cat-cathinone","8":"first","9":"instock","10":"shipping-taxable","11":"purchasable","12":"product-type-variable"},"yoast_head":"<!-- This site is optimized with the Yoast SEO plugin v23.5 - https:\/\/yoast.com\/wordpress\/plugins\/seo\/ -->\n<title>Acheter MDPHP HCL en ligne - MDPHP HCL \u00e0 vendre en ligne<\/title>\n<meta name=\"description\" content=\"Achetez du MDPHP HCL en vente dans l&#039;un des meilleurs magasins en ligne. Nous vous aiderons \u00e0 acheter du MDPHP HCL en ligne de haute qualit\u00e9. Ne tardez pas \u00e0 passer votre commande et profitez des derni\u00e8res r\u00e9ductions !\" \/>\n<meta name=\"robots\" content=\"index, follow, max-snippet:-1, max-image-preview:large, max-video-preview:-1\" \/>\n<link rel=\"canonical\" href=\"https:\/\/nembutalboutique.com\/pl\/produkt\/kupic-mdphp-hcl\/\" \/>\n<meta property=\"og:locale\" content=\"pl_PL\" \/>\n<meta property=\"og:type\" content=\"article\" \/>\n<meta property=\"og:title\" content=\"Acheter MDPHP HCL en ligne - MDPHP HCL \u00e0 vendre en ligne\" \/>\n<meta property=\"og:description\" content=\"Achetez du MDPHP HCL en vente dans l&#039;un des meilleurs magasins en ligne. Nous vous aiderons \u00e0 acheter du MDPHP HCL en ligne de haute qualit\u00e9. Ne tardez pas \u00e0 passer votre commande et profitez des derni\u00e8res r\u00e9ductions !\" \/>\n<meta property=\"og:url\" content=\"https:\/\/nembutalboutique.com\/pl\/produkt\/kupic-mdphp-hcl\/\" \/>\n<meta property=\"og:site_name\" content=\"Nembutal Boutique\" \/>\n<meta property=\"article:modified_time\" content=\"2024-09-20T05:00:17+00:00\" \/>\n<meta property=\"og:image\" content=\"https:\/\/nembutalboutique.com\/wp-content\/uploads\/2024\/09\/mdphp-hcl-.jpg\" \/>\n\t<meta property=\"og:image:width\" content=\"1104\" \/>\n\t<meta property=\"og:image:height\" content=\"1108\" \/>\n\t<meta property=\"og:image:type\" content=\"image\/jpeg\" \/>\n<meta name=\"twitter:card\" content=\"summary_large_image\" \/>\n<meta name=\"twitter:label1\" content=\"Szacowany czas czytania\" \/>\n\t<meta name=\"twitter:data1\" content=\"3 minuty\" \/>\n<script type=\"application\/ld+json\" class=\"yoast-schema-graph\">{\"@context\":\"https:\/\/schema.org\",\"@graph\":[{\"@type\":\"WebPage\",\"@id\":\"https:\/\/nembutalboutique.com\/produit\/mdphp-hcl\/\",\"url\":\"https:\/\/nembutalboutique.com\/produit\/mdphp-hcl\/\",\"name\":\"Acheter MDPHP HCL en ligne - MDPHP HCL \u00e0 vendre en ligne\",\"isPartOf\":{\"@id\":\"https:\/\/nembutalboutique.com\/#website\"},\"primaryImageOfPage\":{\"@id\":\"https:\/\/nembutalboutique.com\/produit\/mdphp-hcl\/#primaryimage\"},\"image\":{\"@id\":\"https:\/\/nembutalboutique.com\/produit\/mdphp-hcl\/#primaryimage\"},\"thumbnailUrl\":\"https:\/\/nembutalboutique.com\/wp-content\/uploads\/2024\/09\/mdphp-hcl-.jpg\",\"datePublished\":\"2024-09-16T08:17:23+00:00\",\"dateModified\":\"2024-09-20T05:00:17+00:00\",\"description\":\"Achetez du MDPHP HCL en vente dans l'un des meilleurs magasins en ligne. Nous vous aiderons \u00e0 acheter du MDPHP HCL en ligne de haute qualit\u00e9. Ne tardez pas \u00e0 passer votre commande et profitez des derni\u00e8res r\u00e9ductions !\",\"breadcrumb\":{\"@id\":\"https:\/\/nembutalboutique.com\/produit\/mdphp-hcl\/#breadcrumb\"},\"inLanguage\":\"pl-PL\",\"potentialAction\":[{\"@type\":\"ReadAction\",\"target\":[\"https:\/\/nembutalboutique.com\/produit\/mdphp-hcl\/\"]}]},{\"@type\":\"ImageObject\",\"inLanguage\":\"pl-PL\",\"@id\":\"https:\/\/nembutalboutique.com\/produit\/mdphp-hcl\/#primaryimage\",\"url\":\"https:\/\/nembutalboutique.com\/wp-content\/uploads\/2024\/09\/mdphp-hcl-.jpg\",\"contentUrl\":\"https:\/\/nembutalboutique.com\/wp-content\/uploads\/2024\/09\/mdphp-hcl-.jpg\",\"width\":1104,\"height\":1108,\"caption\":\"MDPHP-HCL\"},{\"@type\":\"BreadcrumbList\",\"@id\":\"https:\/\/nembutalboutique.com\/produit\/mdphp-hcl\/#breadcrumb\",\"itemListElement\":[{\"@type\":\"ListItem\",\"position\":1,\"name\":\"Home\",\"item\":\"https:\/\/nembutalboutique.com\/\"},{\"@type\":\"ListItem\",\"position\":2,\"name\":\"Boutique\",\"item\":\"https:\/\/nembutalboutique.com\/shop\/\"},{\"@type\":\"ListItem\",\"position\":3,\"name\":\"MDPHP HCL\"}]},{\"@type\":\"WebSite\",\"@id\":\"https:\/\/nembutalboutique.com\/#website\",\"url\":\"https:\/\/nembutalboutique.com\/\",\"name\":\"Nembutal Boutique\",\"description\":\"My WordPress Blog\",\"publisher\":{\"@id\":\"https:\/\/nembutalboutique.com\/#organization\"},\"potentialAction\":[{\"@type\":\"SearchAction\",\"target\":{\"@type\":\"EntryPoint\",\"urlTemplate\":\"https:\/\/nembutalboutique.com\/?s={search_term_string}\"},\"query-input\":{\"@type\":\"PropertyValueSpecification\",\"valueRequired\":true,\"valueName\":\"search_term_string\"}}],\"inLanguage\":\"pl-PL\"},{\"@type\":\"Organization\",\"@id\":\"https:\/\/nembutalboutique.com\/#organization\",\"name\":\"Nembutal Boutique\",\"url\":\"https:\/\/nembutalboutique.com\/\",\"logo\":{\"@type\":\"ImageObject\",\"inLanguage\":\"pl-PL\",\"@id\":\"https:\/\/nembutalboutique.com\/#\/schema\/logo\/image\/\",\"url\":\"https:\/\/nembutalboutique.com\/wp-content\/uploads\/2024\/01\/logo.png\",\"contentUrl\":\"https:\/\/nembutalboutique.com\/wp-content\/uploads\/2024\/01\/logo.png\",\"width\":494,\"height\":121,\"caption\":\"Nembutal Boutique\"},\"image\":{\"@id\":\"https:\/\/nembutalboutique.com\/#\/schema\/logo\/image\/\"}}]}<\/script>\n<!-- \/ Yoast SEO plugin. -->","yoast_head_json":{"title":"Kup MDPHP HCL online - MDPHP HCL na sprzeda\u017c online","description":"Kup MDPHP HCL na sprzeda\u017c z jednego z najlepszych sklep\u00f3w internetowych. Pomo\u017cemy Ci kupi\u0107 wysokiej jako\u015bci MDPHP HCL online. Nie zwlekaj ze z\u0142o\u017ceniem zam\u00f3wienia i skorzystaj z najnowszych rabat\u00f3w!","robots":{"index":"index","follow":"follow","max-snippet":"max-snippet:-1","max-image-preview":"max-image-preview:large","max-video-preview":"max-video-preview:-1"},"canonical":"https:\/\/nembutalboutique.com\/pl\/produkt\/kupic-mdphp-hcl\/","og_locale":"pl_PL","og_type":"article","og_title":"Acheter MDPHP HCL en ligne - MDPHP HCL \u00e0 vendre en ligne","og_description":"Achetez du MDPHP HCL en vente dans l'un des meilleurs magasins en ligne. Nous vous aiderons \u00e0 acheter du MDPHP HCL en ligne de haute qualit\u00e9. Ne tardez pas \u00e0 passer votre commande et profitez des derni\u00e8res r\u00e9ductions !","og_url":"https:\/\/nembutalboutique.com\/pl\/produkt\/kupic-mdphp-hcl\/","og_site_name":"Nembutal Boutique","article_modified_time":"2024-09-20T05:00:17+00:00","og_image":[{"width":1104,"height":1108,"url":"https:\/\/nembutalboutique.com\/wp-content\/uploads\/2024\/09\/mdphp-hcl-.jpg","type":"image\/jpeg"}],"twitter_card":"summary_large_image","twitter_misc":{"Szacowany czas czytania":"3 minuty"},"schema":{"@context":"https:\/\/schema.org","@graph":[{"@type":"WebPage","@id":"https:\/\/nembutalboutique.com\/produit\/mdphp-hcl\/","url":"https:\/\/nembutalboutique.com\/produit\/mdphp-hcl\/","name":"Kup MDPHP HCL online - MDPHP HCL na sprzeda\u017c online","isPartOf":{"@id":"https:\/\/nembutalboutique.com\/#website"},"primaryImageOfPage":{"@id":"https:\/\/nembutalboutique.com\/produit\/mdphp-hcl\/#primaryimage"},"image":{"@id":"https:\/\/nembutalboutique.com\/produit\/mdphp-hcl\/#primaryimage"},"thumbnailUrl":"https:\/\/nembutalboutique.com\/wp-content\/uploads\/2024\/09\/mdphp-hcl-.jpg","datePublished":"2024-09-16T08:17:23+00:00","dateModified":"2024-09-20T05:00:17+00:00","description":"Kup MDPHP HCL na sprzeda\u017c z jednego z najlepszych sklep\u00f3w internetowych. Pomo\u017cemy Ci kupi\u0107 wysokiej jako\u015bci MDPHP HCL online. Nie zwlekaj ze z\u0142o\u017ceniem zam\u00f3wienia i skorzystaj z najnowszych rabat\u00f3w!","breadcrumb":{"@id":"https:\/\/nembutalboutique.com\/produit\/mdphp-hcl\/#breadcrumb"},"inLanguage":"pl-PL","potentialAction":[{"@type":"ReadAction","target":["https:\/\/nembutalboutique.com\/produit\/mdphp-hcl\/"]}]},{"@type":"ImageObject","inLanguage":"pl-PL","@id":"https:\/\/nembutalboutique.com\/produit\/mdphp-hcl\/#primaryimage","url":"https:\/\/nembutalboutique.com\/wp-content\/uploads\/2024\/09\/mdphp-hcl-.jpg","contentUrl":"https:\/\/nembutalboutique.com\/wp-content\/uploads\/2024\/09\/mdphp-hcl-.jpg","width":1104,"height":1108,"caption":"MDPHP-HCL"},{"@type":"BreadcrumbList","@id":"https:\/\/nembutalboutique.com\/produit\/mdphp-hcl\/#breadcrumb","itemListElement":[{"@type":"ListItem","position":1,"name":"Home","item":"https:\/\/nembutalboutique.com\/"},{"@type":"ListItem","position":2,"name":"Boutique","item":"https:\/\/nembutalboutique.com\/shop\/"},{"@type":"ListItem","position":3,"name":"MDPHP HCL"}]},{"@type":"WebSite","@id":"https:\/\/nembutalboutique.com\/#website","url":"https:\/\/nembutalboutique.com\/","name":"Butik Nembutal","description":"M\u00f3j blog WordPress","publisher":{"@id":"https:\/\/nembutalboutique.com\/#organization"},"potentialAction":[{"@type":"SearchAction","target":{"@type":"EntryPoint","urlTemplate":"https:\/\/nembutalboutique.com\/?s={search_term_string}"},"query-input":{"@type":"PropertyValueSpecification","valueRequired":true,"valueName":"search_term_string"}}],"inLanguage":"pl-PL"},{"@type":"Organization","@id":"https:\/\/nembutalboutique.com\/#organization","name":"Butik Nembutal","url":"https:\/\/nembutalboutique.com\/","logo":{"@type":"ImageObject","inLanguage":"pl-PL","@id":"https:\/\/nembutalboutique.com\/#\/schema\/logo\/image\/","url":"https:\/\/nembutalboutique.com\/wp-content\/uploads\/2024\/01\/logo.png","contentUrl":"https:\/\/nembutalboutique.com\/wp-content\/uploads\/2024\/01\/logo.png","width":494,"height":121,"caption":"Nembutal Boutique"},"image":{"@id":"https:\/\/nembutalboutique.com\/#\/schema\/logo\/image\/"}}]}},"_links":{"self":[{"href":"https:\/\/nembutalboutique.com\/pl\/wp-json\/wp\/v2\/product\/3384"}],"collection":[{"href":"https:\/\/nembutalboutique.com\/pl\/wp-json\/wp\/v2\/product"}],"about":[{"href":"https:\/\/nembutalboutique.com\/pl\/wp-json\/wp\/v2\/types\/product"}],"replies":[{"embeddable":true,"href":"https:\/\/nembutalboutique.com\/pl\/wp-json\/wp\/v2\/comments?post=3384"}],"wp:featuredmedia":[{"embeddable":true,"href":"https:\/\/nembutalboutique.com\/pl\/wp-json\/wp\/v2\/media\/3534"}],"wp:attachment":[{"href":"https:\/\/nembutalboutique.com\/pl\/wp-json\/wp\/v2\/media?parent=3384"}],"wp:term":[{"taxonomy":"product_brand","embeddable":true,"href":"https:\/\/nembutalboutique.com\/pl\/wp-json\/wp\/v2\/product_brand?post=3384"},{"taxonomy":"product_cat","embeddable":true,"href":"https:\/\/nembutalboutique.com\/pl\/wp-json\/wp\/v2\/product_cat?post=3384"},{"taxonomy":"product_tag","embeddable":true,"href":"https:\/\/nembutalboutique.com\/pl\/wp-json\/wp\/v2\/product_tag?post=3384"}],"curies":[{"name":"wp","href":"https:\/\/api.w.org\/{rel}","templated":true}]}}