{"id":3292,"date":"2024-09-16T08:16:30","date_gmt":"2024-09-16T08:16:30","guid":{"rendered":"https:\/\/nembutalboutique.com\/?post_type=product&#038;p=3292"},"modified":"2024-09-20T08:33:29","modified_gmt":"2024-09-20T08:33:29","slug":"nm-2201","status":"publish","type":"product","link":"https:\/\/nembutalboutique.com\/pl\/produkt\/kup-nm2201-online\/","title":{"rendered":"NM-2201"},"content":{"rendered":"<h2>Kup NM-2201 online<\/h2>\n<p><a href=\"https:\/\/nembutalboutique.com\/produit\/acheter-nm-2201\/\">Chocia\u017c NM-2201<\/a> i inne syntetyczne kannabinoidy s\u0105 przedstawiane jako bezpieczne i legalne alternatywy dla konopi indyjskich, mog\u0105 by\u0107 r\u00f3wnie\u017c niezwykle niebezpieczne i niekontrolowane. Wp\u0142yw Wi\u0119kszo\u015b\u0107 efekt\u00f3w NM-2201 zale\u017cy od dawki, metody podawania i indywidualnej tolerancji. NM-2201 mo\u017ce mie\u0107 \u0142agodne skutki, takie jak relaksacja, t\u0142umienie apetytu i uspokojenie przy niskich dawkach. Powa\u017cne skutki uboczne, takie jak niepok\u00f3j, psychoza, halucynacje i krople kramp, mog\u0105 wyst\u0105pi\u0107 przy wy\u017cszych dawkach. Ponadto NM-2201 wi\u0105\u017ce si\u0119 z potencjalnie \u015bmiertelnymi skutkami ubocznymi, takimi jak uszkodzenie w\u0105troby i nerek.<\/p>\n<p>Jednym z g\u0142\u00f3wnych powod\u00f3w do niepokoju jest niekontrolowany i niepohamowany charakter <a href=\"https:\/\/en.wikipedia.org\/wiki\/NM-2201\">NM-2201<\/a> i inne syntetyczne kannabinoidy. Substancje te cz\u0119sto znacznie r\u00f3\u017cni\u0105 si\u0119 st\u0119\u017ceniem w zale\u017cno\u015bci od partii, a metody kontroli jako\u015bci s\u0105 cz\u0119sto nieodpowiednie.<\/p>\n<h3><strong>Konflikt wok\u00f3\u0142 syntetycznej marihuany<\/strong><\/h3>\n<p>Przepisy dotycz\u0105ce syntetycznej marihuany s\u0105 z\u0142o\u017cone i r\u00f3\u017cni\u0105 si\u0119 w zale\u017cno\u015bci od stanu. Ich sprzeda\u017c i dystrybucja s\u0105 zakazane w wielu jurysdykcjach, poniewa\u017c s\u0105 one uwa\u017cane za nielegalne urz\u0105dzenia hazardowe. W niekt\u00f3rych krajach s\u0105 one znane jako Legal Highs, co oznacza, \u017ce ich zakup i konsumpcja s\u0105 dopuszczalne bez powodowania problem\u00f3w prawnych. Niezale\u017cnie od ich statusu prawnego, NM-2201 i inne syntetyczne kannabinoidy s\u0105 niezwykle niebezpieczne i zawodne.<\/p>\n<h3>Co to jest NM-2201?<\/h3>\n<p>NM-2201 to substancja chemiczna nale\u017c\u0105ca do klasy kannabinoid\u00f3w. Chocia\u017c ta metodologia badawcza jest nowa na rynku, ju\u017c przyci\u0105gn\u0119\u0142a entuzjastyczne recenzje naukowc\u00f3w z ca\u0142ego \u015bwiata. Testy z NM-2201 generalnie skutkuj\u0105 popraw\u0105 rozumienia muzyki, \u0142atwo\u015bci\u0105 fizyczn\u0105, eufori\u0105, zmniejszeniem b\u00f3lu i stan\u00f3w zwi\u0105zanych z traum\u0105.<\/p>\n<p>NM-2201 sta\u0142 si\u0119 bardzo pot\u0119\u017cn\u0105 i trwa\u0142\u0105 jednostk\u0105. NM-2201 sta\u0142 si\u0119 bardzo pot\u0119\u017cnym i trwa\u0142ym urz\u0105dzeniem. Upewnij si\u0119, \u017ce wszystkie odpowiednie procedury laboratoryjne s\u0105 przestrzegane prawid\u0142owo i \u017ce pomiary nie s\u0105 zbyt du\u017ce. Nawet niewielkie ilo\u015bci mog\u0105 prowadzi\u0107 do do\u015b\u0107 intensywnych wynik\u00f3w.<\/p>\n<h3>Gdzie mog\u0119 kupi\u0107 NM-2201?<\/h3>\n<p>NM-2201 mo\u017cna kupi\u0107 tutaj na stronie zakup\u00f3w Nembutal. Oferujemy najlepszy NM-2201 dost\u0119pny obecnie na rynku. Nasz NM-2201 jest zwykle dostarczany w postaci proszku. Je\u015bli jednak potrzebujesz innego formatu, skontaktuj si\u0119 z nami. By\u0107 mo\u017ce b\u0119dziemy w stanie zaoferowa\u0107 tak\u0105 us\u0142ug\u0119.<\/p>\n<p>Musisz mie\u0107 co najmniej osiemna\u015bcie lat, aby kupi\u0107 od nas NM-2201. Ponadto nale\u017cy post\u0119powa\u0107 zgodnie z przepisami obowi\u0105zuj\u0105cymi w danym kraju podczas prowadzenia bada\u0144 chemicznych. Akceptujemy wszystkie g\u0142\u00f3wne karty kredytowe, a tak\u017ce Bitcoin, kryptowalut\u0119. W wielu krajach mo\u017cliwa jest wysy\u0142ka tego samego dnia.<\/p>\n<h3>Legalno\u015b\u0107 NM-2201<\/h3>\n<p>NM-2201 jest zakazany w Niemczech, Szwecji i Japonii. Ponadto jest on potencjalnie zakazany w kilku innych krajach, w tym w Stanach Zjednoczonych, ze wzgl\u0119du na podobne, bardziej rygorystyczne przepisy dotycz\u0105ce zakupu NNM-2201.<\/p>","protected":false},"excerpt":{"rendered":"<p>Acheter NM-2201 en ligne Bien que le NM-2201 et d&rsquo;autres cannabino\u00efdes synth\u00e9tiques soient pr\u00e9sent\u00e9s comme des alternatives s\u00fbres et l\u00e9gales au cannabis, ils peuvent \u00e9galement \u00eatre extr\u00eamement dangereux et incontr\u00f4lables. L&rsquo;impact La plupart des effets du NM-2201 sont d\u00e9termin\u00e9s par le dosage, le mode d&rsquo;administration et la tol\u00e9rance individuelle. Le NM-2201 peut avoir des effets [&hellip;]<\/p>","protected":false},"featured_media":3314,"comment_status":"open","ping_status":"closed","template":"","meta":{"_joinchat":[]},"product_brand":[],"product_cat":[386],"product_tag":[],"class_list":{"0":"post-3292","1":"product","2":"type-product","3":"status-publish","4":"has-post-thumbnail","6":"product_cat-cannabinoids","8":"first","9":"instock","10":"shipping-taxable","11":"purchasable","12":"product-type-variable"},"yoast_head":"<!-- This site is optimized with the Yoast SEO plugin v23.5 - https:\/\/yoast.com\/wordpress\/plugins\/seo\/ -->\n<title>Achetez NM-2201 en ligne - NM-2201 \u00e0 vendre<\/title>\n<meta name=\"description\" content=\"Votre commande de NM-2201 \u00e0 vendre est notre responsabilit\u00e9. Nous prendrons en consid\u00e9ration votre commande d&#039;achat de NM-2201 et vous parviendrons dans un court d\u00e9lai. Passez des commandes group\u00e9es d\u00e8s maintenant !\" \/>\n<meta name=\"robots\" content=\"index, follow, max-snippet:-1, max-image-preview:large, max-video-preview:-1\" \/>\n<link rel=\"canonical\" href=\"https:\/\/nembutalboutique.com\/pl\/produkt\/kup-nm2201-online\/\" \/>\n<meta property=\"og:locale\" content=\"pl_PL\" \/>\n<meta property=\"og:type\" content=\"article\" \/>\n<meta property=\"og:title\" content=\"Achetez NM-2201 en ligne - NM-2201 \u00e0 vendre\" \/>\n<meta property=\"og:description\" content=\"Votre commande de NM-2201 \u00e0 vendre est notre responsabilit\u00e9. Nous prendrons en consid\u00e9ration votre commande d&#039;achat de NM-2201 et vous parviendrons dans un court d\u00e9lai. Passez des commandes group\u00e9es d\u00e8s maintenant !\" \/>\n<meta property=\"og:url\" content=\"https:\/\/nembutalboutique.com\/pl\/produkt\/kup-nm2201-online\/\" \/>\n<meta property=\"og:site_name\" content=\"Nembutal Boutique\" \/>\n<meta property=\"article:modified_time\" content=\"2024-09-20T08:33:29+00:00\" \/>\n<meta property=\"og:image\" content=\"https:\/\/nembutalboutique.com\/wp-content\/uploads\/2024\/09\/NM2201.gif\" \/>\n\t<meta property=\"og:image:width\" content=\"600\" \/>\n\t<meta property=\"og:image:height\" content=\"600\" \/>\n\t<meta property=\"og:image:type\" content=\"image\/gif\" \/>\n<meta name=\"twitter:card\" content=\"summary_large_image\" \/>\n<meta name=\"twitter:label1\" content=\"Szacowany czas czytania\" \/>\n\t<meta name=\"twitter:data1\" content=\"3 minuty\" \/>\n<script type=\"application\/ld+json\" class=\"yoast-schema-graph\">{\"@context\":\"https:\/\/schema.org\",\"@graph\":[{\"@type\":\"WebPage\",\"@id\":\"https:\/\/nembutalboutique.com\/produit\/nm-2201\/\",\"url\":\"https:\/\/nembutalboutique.com\/produit\/nm-2201\/\",\"name\":\"Achetez NM-2201 en ligne - NM-2201 \u00e0 vendre\",\"isPartOf\":{\"@id\":\"https:\/\/nembutalboutique.com\/#website\"},\"primaryImageOfPage\":{\"@id\":\"https:\/\/nembutalboutique.com\/produit\/nm-2201\/#primaryimage\"},\"image\":{\"@id\":\"https:\/\/nembutalboutique.com\/produit\/nm-2201\/#primaryimage\"},\"thumbnailUrl\":\"https:\/\/nembutalboutique.com\/wp-content\/uploads\/2024\/09\/NM2201.gif\",\"datePublished\":\"2024-09-16T08:16:30+00:00\",\"dateModified\":\"2024-09-20T08:33:29+00:00\",\"description\":\"Votre commande de NM-2201 \u00e0 vendre est notre responsabilit\u00e9. Nous prendrons en consid\u00e9ration votre commande d'achat de NM-2201 et vous parviendrons dans un court d\u00e9lai. Passez des commandes group\u00e9es d\u00e8s maintenant !\",\"breadcrumb\":{\"@id\":\"https:\/\/nembutalboutique.com\/produit\/nm-2201\/#breadcrumb\"},\"inLanguage\":\"pl-PL\",\"potentialAction\":[{\"@type\":\"ReadAction\",\"target\":[\"https:\/\/nembutalboutique.com\/produit\/nm-2201\/\"]}]},{\"@type\":\"ImageObject\",\"inLanguage\":\"pl-PL\",\"@id\":\"https:\/\/nembutalboutique.com\/produit\/nm-2201\/#primaryimage\",\"url\":\"https:\/\/nembutalboutique.com\/wp-content\/uploads\/2024\/09\/NM2201.gif\",\"contentUrl\":\"https:\/\/nembutalboutique.com\/wp-content\/uploads\/2024\/09\/NM2201.gif\",\"width\":600,\"height\":600,\"caption\":\"Acheter NM2201.gif\"},{\"@type\":\"BreadcrumbList\",\"@id\":\"https:\/\/nembutalboutique.com\/produit\/nm-2201\/#breadcrumb\",\"itemListElement\":[{\"@type\":\"ListItem\",\"position\":1,\"name\":\"Home\",\"item\":\"https:\/\/nembutalboutique.com\/\"},{\"@type\":\"ListItem\",\"position\":2,\"name\":\"Boutique\",\"item\":\"https:\/\/nembutalboutique.com\/shop\/\"},{\"@type\":\"ListItem\",\"position\":3,\"name\":\"NM-2201\"}]},{\"@type\":\"WebSite\",\"@id\":\"https:\/\/nembutalboutique.com\/#website\",\"url\":\"https:\/\/nembutalboutique.com\/\",\"name\":\"Nembutal Boutique\",\"description\":\"My WordPress Blog\",\"publisher\":{\"@id\":\"https:\/\/nembutalboutique.com\/#organization\"},\"potentialAction\":[{\"@type\":\"SearchAction\",\"target\":{\"@type\":\"EntryPoint\",\"urlTemplate\":\"https:\/\/nembutalboutique.com\/?s={search_term_string}\"},\"query-input\":{\"@type\":\"PropertyValueSpecification\",\"valueRequired\":true,\"valueName\":\"search_term_string\"}}],\"inLanguage\":\"pl-PL\"},{\"@type\":\"Organization\",\"@id\":\"https:\/\/nembutalboutique.com\/#organization\",\"name\":\"Nembutal Boutique\",\"url\":\"https:\/\/nembutalboutique.com\/\",\"logo\":{\"@type\":\"ImageObject\",\"inLanguage\":\"pl-PL\",\"@id\":\"https:\/\/nembutalboutique.com\/#\/schema\/logo\/image\/\",\"url\":\"https:\/\/nembutalboutique.com\/wp-content\/uploads\/2024\/01\/logo.png\",\"contentUrl\":\"https:\/\/nembutalboutique.com\/wp-content\/uploads\/2024\/01\/logo.png\",\"width\":494,\"height\":121,\"caption\":\"Nembutal Boutique\"},\"image\":{\"@id\":\"https:\/\/nembutalboutique.com\/#\/schema\/logo\/image\/\"}}]}<\/script>\n<!-- \/ Yoast SEO plugin. -->","yoast_head_json":{"title":"Kup NM-2201 online - NM-2201 na sprzeda\u017c","description":"Twoje zam\u00f3wienie NM-2201 na sprzeda\u017c jest nasz\u0105 odpowiedzialno\u015bci\u0105. Rozwa\u017cymy Twoje zam\u00f3wienie NM-2201 i skontaktujemy si\u0119 z Tob\u0105 tak szybko, jak to mo\u017cliwe. Z\u0142\u00f3\u017c zam\u00f3wienie hurtowe ju\u017c teraz!","robots":{"index":"index","follow":"follow","max-snippet":"max-snippet:-1","max-image-preview":"max-image-preview:large","max-video-preview":"max-video-preview:-1"},"canonical":"https:\/\/nembutalboutique.com\/pl\/produkt\/kup-nm2201-online\/","og_locale":"pl_PL","og_type":"article","og_title":"Achetez NM-2201 en ligne - NM-2201 \u00e0 vendre","og_description":"Votre commande de NM-2201 \u00e0 vendre est notre responsabilit\u00e9. Nous prendrons en consid\u00e9ration votre commande d'achat de NM-2201 et vous parviendrons dans un court d\u00e9lai. Passez des commandes group\u00e9es d\u00e8s maintenant !","og_url":"https:\/\/nembutalboutique.com\/pl\/produkt\/kup-nm2201-online\/","og_site_name":"Nembutal Boutique","article_modified_time":"2024-09-20T08:33:29+00:00","og_image":[{"width":600,"height":600,"url":"https:\/\/nembutalboutique.com\/wp-content\/uploads\/2024\/09\/NM2201.gif","type":"image\/gif"}],"twitter_card":"summary_large_image","twitter_misc":{"Szacowany czas czytania":"3 minuty"},"schema":{"@context":"https:\/\/schema.org","@graph":[{"@type":"WebPage","@id":"https:\/\/nembutalboutique.com\/produit\/nm-2201\/","url":"https:\/\/nembutalboutique.com\/produit\/nm-2201\/","name":"Kup NM-2201 online - NM-2201 na sprzeda\u017c","isPartOf":{"@id":"https:\/\/nembutalboutique.com\/#website"},"primaryImageOfPage":{"@id":"https:\/\/nembutalboutique.com\/produit\/nm-2201\/#primaryimage"},"image":{"@id":"https:\/\/nembutalboutique.com\/produit\/nm-2201\/#primaryimage"},"thumbnailUrl":"https:\/\/nembutalboutique.com\/wp-content\/uploads\/2024\/09\/NM2201.gif","datePublished":"2024-09-16T08:16:30+00:00","dateModified":"2024-09-20T08:33:29+00:00","description":"Twoje zam\u00f3wienie NM-2201 na sprzeda\u017c jest nasz\u0105 odpowiedzialno\u015bci\u0105. Rozwa\u017cymy Twoje zam\u00f3wienie NM-2201 i skontaktujemy si\u0119 z Tob\u0105 tak szybko, jak to mo\u017cliwe. Z\u0142\u00f3\u017c zam\u00f3wienie hurtowe ju\u017c teraz!","breadcrumb":{"@id":"https:\/\/nembutalboutique.com\/produit\/nm-2201\/#breadcrumb"},"inLanguage":"pl-PL","potentialAction":[{"@type":"ReadAction","target":["https:\/\/nembutalboutique.com\/produit\/nm-2201\/"]}]},{"@type":"ImageObject","inLanguage":"pl-PL","@id":"https:\/\/nembutalboutique.com\/produit\/nm-2201\/#primaryimage","url":"https:\/\/nembutalboutique.com\/wp-content\/uploads\/2024\/09\/NM2201.gif","contentUrl":"https:\/\/nembutalboutique.com\/wp-content\/uploads\/2024\/09\/NM2201.gif","width":600,"height":600,"caption":"Acheter NM2201.gif"},{"@type":"BreadcrumbList","@id":"https:\/\/nembutalboutique.com\/produit\/nm-2201\/#breadcrumb","itemListElement":[{"@type":"ListItem","position":1,"name":"Home","item":"https:\/\/nembutalboutique.com\/"},{"@type":"ListItem","position":2,"name":"Boutique","item":"https:\/\/nembutalboutique.com\/shop\/"},{"@type":"ListItem","position":3,"name":"NM-2201"}]},{"@type":"WebSite","@id":"https:\/\/nembutalboutique.com\/#website","url":"https:\/\/nembutalboutique.com\/","name":"Butik Nembutal","description":"M\u00f3j blog WordPress","publisher":{"@id":"https:\/\/nembutalboutique.com\/#organization"},"potentialAction":[{"@type":"SearchAction","target":{"@type":"EntryPoint","urlTemplate":"https:\/\/nembutalboutique.com\/?s={search_term_string}"},"query-input":{"@type":"PropertyValueSpecification","valueRequired":true,"valueName":"search_term_string"}}],"inLanguage":"pl-PL"},{"@type":"Organization","@id":"https:\/\/nembutalboutique.com\/#organization","name":"Butik Nembutal","url":"https:\/\/nembutalboutique.com\/","logo":{"@type":"ImageObject","inLanguage":"pl-PL","@id":"https:\/\/nembutalboutique.com\/#\/schema\/logo\/image\/","url":"https:\/\/nembutalboutique.com\/wp-content\/uploads\/2024\/01\/logo.png","contentUrl":"https:\/\/nembutalboutique.com\/wp-content\/uploads\/2024\/01\/logo.png","width":494,"height":121,"caption":"Nembutal Boutique"},"image":{"@id":"https:\/\/nembutalboutique.com\/#\/schema\/logo\/image\/"}}]}},"_links":{"self":[{"href":"https:\/\/nembutalboutique.com\/pl\/wp-json\/wp\/v2\/product\/3292"}],"collection":[{"href":"https:\/\/nembutalboutique.com\/pl\/wp-json\/wp\/v2\/product"}],"about":[{"href":"https:\/\/nembutalboutique.com\/pl\/wp-json\/wp\/v2\/types\/product"}],"replies":[{"embeddable":true,"href":"https:\/\/nembutalboutique.com\/pl\/wp-json\/wp\/v2\/comments?post=3292"}],"wp:featuredmedia":[{"embeddable":true,"href":"https:\/\/nembutalboutique.com\/pl\/wp-json\/wp\/v2\/media\/3314"}],"wp:attachment":[{"href":"https:\/\/nembutalboutique.com\/pl\/wp-json\/wp\/v2\/media?parent=3292"}],"wp:term":[{"taxonomy":"product_brand","embeddable":true,"href":"https:\/\/nembutalboutique.com\/pl\/wp-json\/wp\/v2\/product_brand?post=3292"},{"taxonomy":"product_cat","embeddable":true,"href":"https:\/\/nembutalboutique.com\/pl\/wp-json\/wp\/v2\/product_cat?post=3292"},{"taxonomy":"product_tag","embeddable":true,"href":"https:\/\/nembutalboutique.com\/pl\/wp-json\/wp\/v2\/product_tag?post=3292"}],"curies":[{"name":"wp","href":"https:\/\/api.w.org\/{rel}","templated":true}]}}