{"id":3289,"date":"2024-09-16T08:16:29","date_gmt":"2024-09-16T08:16:29","guid":{"rendered":"https:\/\/nembutalboutique.com\/?post_type=product&#038;p=3289"},"modified":"2024-09-20T08:28:57","modified_gmt":"2024-09-20T08:28:57","slug":"mmb2201","status":"publish","type":"product","link":"https:\/\/nembutalboutique.com\/pl\/produkt\/kup-mmb2201-online\/","title":{"rendered":"MMB2201"},"content":{"rendered":"<h2>Czysty proszek MMB-2201 jest dost\u0119pny do kupienia online.<\/h2>\n<p>Kup MMB2201 online. W Nembutalboutique znajdziesz doskona\u0142e chemikalia badawcze. MDMB-2201 jest dost\u0119pny online w rozs\u0105dnych cenach od renomowanego dostawcy NembutalBoutique.<\/p>\n<h3>5f MDMB 2201 reddit fub-akb48 | mmb-fub fub2201 | mmb-fub verkauft<\/h3>\n<p>Kup <a href=\"https:\/\/nembutalboutique.com\/produit\/mmb2201\/\">MMB-2201<\/a> online. Ten silny syntetyczny kannabinoid, znany r\u00f3wnie\u017c jako 5F-MMB-PICA, 5F-AMB-PICA i I-AMB, jest oparty na indolo-3-karboksyamidzie i jest stosowany jako substytut lek\u00f3w i sk\u0142adnik mieszanek konopi indyjskich. artystyczny. Chocia\u017c po raz pierwszy wspomniano o nim w styczniu 2014 r. w Rosji i Bia\u0142ej Rosji, zosta\u0142 on nast\u0119pnie sprzedany w kilku innych krajach.<\/p>\n<p>Podobnie jak MMB-2201, 5F-MDMB-2201 jest syntetycznym kannabinoidem nale\u017c\u0105cym do rodziny indazoli. Kup MMB2201 online. 5F-MDMB-2201 ma silny (agonistyczny) wp\u0142yw na receptory CB1 i CB2.<\/p>\n<h3>Kup MMB-2201 online<\/h3>\n<p><a href=\"https:\/\/en.wikipedia.org\/wiki\/MMB-2201\">MMB-2201<\/a> mo\u017ce by\u0107 zazwyczaj dostarczony bezpo\u015brednio do domu, miejsca pracy lub siedziby firmy. Nale\u017cy jednak pami\u0119ta\u0107, \u017ce jest on sprzedawany wy\u0142\u0105cznie jako substancja chemiczna do bada\u0144 laboratoryjnych lub do u\u017cytku jako sonda kalibracyjna w warunkach kryminalistycznych lub spektroskopowych. Ze wzgl\u0119du na swoj\u0105 wyra\u017an\u0105 struktur\u0119, jest przydatny do r\u00f3\u017cnych eksperyment\u00f3w in vitro, kt\u00f3re zwykle wykorzystuj\u0105 inne kannabinoidy indica; jednak ze wzgl\u0119du na ich reputacj\u0119 jako narkotyk\u00f3w projektowanych, ich stosowanie sta\u0142o si\u0119 niepraktyczne, je\u015bli nie niemo\u017cliwe. Kup MMB2201 online.<\/p>\n<h3>Czy MMB-2201 ma pozwolenie na istnienie?<\/h3>\n<p>To zale\u017cy od miejsca zamieszkania. Na przyk\u0142ad MMB-2201 jest nielegalny w Rosji, na Bia\u0142orusi i w Szwecji. Nie wiemy, czy produkt ten jest zakazany lub kontrolowany w innych g\u0142\u00f3wnych krajach. Nie mo\u017cemy jednak zagwarantowa\u0107, \u017ce podejmiemy dzia\u0142ania. Nale\u017cy zapozna\u0107 si\u0119 z przepisami, zasadami i regulacjami obowi\u0105zuj\u0105cymi w danym kraju. Obowi\u0105zkiem importera lub nabywcy jest zapoznanie si\u0119 z tymi przepisami i ich przestrzeganie.<\/p>\n<h3>Kup MMB-2201 online<\/h3>\n<p>MMB-2201 nie jest zalecany do stosowania w plac\u00f3wkach opieki zdrowotnej dla ludzi lub zwierz\u0105t. Jest to zasadniczo czysta substancja chemiczna nadaj\u0105ca si\u0119 wy\u0142\u0105cznie do stosowania in vitro.<\/p>","protected":false},"excerpt":{"rendered":"<p>La poudre pure MMB-2201 est disponible \u00e0 l&rsquo;achat en ligne. Acheter MMB2201 en ligne. Chez Nembutalboutique, vous trouverez d&rsquo;excellents produits chimiques de recherche. Le MDMB-2201 est disponible en ligne \u00e0 des prix raisonnables aupr\u00e8s du fournisseur r\u00e9put\u00e9 NembutalBoutique. 5f MDMB 2201 reddit fub-akb48 | mmb-fub fub2201 | mmb-fub verkauft Acheter MMB-2201 en ligne. Ce puissant [&hellip;]<\/p>","protected":false},"featured_media":3311,"comment_status":"open","ping_status":"closed","template":"","meta":{"_joinchat":[]},"product_brand":[],"product_cat":[385],"product_tag":[530,531,532,533,534,535,536,537,538,539,540,541,542],"class_list":{"0":"post-3289","1":"product","2":"type-product","3":"status-publish","4":"has-post-thumbnail","6":"product_cat-forschung-schemikalien","7":"product_tag-3-cmc","8":"product_tag-4-cmccrystal","9":"product_tag-4-cmcpowder","10":"product_tag-4-emc","11":"product_tag-5f-adb","12":"product_tag-5f-amb-pica","13":"product_tag-5f-mmb-pica","14":"product_tag-5f-mn-215f-pcn","15":"product_tag-5f-mn-245f-nne1","16":"product_tag-adb-chminaca","17":"product_tag-adb-fubinaca","18":"product_tag-buy-online-mmb-2201-powder-pure-online","19":"product_tag-fab-14","21":"first","22":"instock","23":"shipping-taxable","24":"purchasable","25":"product-type-variable"},"yoast_head":"<!-- This site is optimized with the Yoast SEO plugin v23.5 - https:\/\/yoast.com\/wordpress\/plugins\/seo\/ -->\n<title>Achetez MMB2201 en ligne - MMB2201 \u00e0 vendre<\/title>\n<meta name=\"description\" content=\"Si vous souhaitez acheter du MMB2201 en ligne, visitez notre boutique en ligne Nembutal Boutique. Nous avons des produits de haute qualit\u00e9 comme le MMB2201 \u00e0 vendre. Passez votre commande maintenant !\" \/>\n<meta name=\"robots\" content=\"index, follow, max-snippet:-1, max-image-preview:large, max-video-preview:-1\" \/>\n<link rel=\"canonical\" href=\"https:\/\/nembutalboutique.com\/pl\/produkt\/kup-mmb2201-online\/\" \/>\n<meta property=\"og:locale\" content=\"pl_PL\" \/>\n<meta property=\"og:type\" content=\"article\" \/>\n<meta property=\"og:title\" content=\"Achetez MMB2201 en ligne - MMB2201 \u00e0 vendre\" \/>\n<meta property=\"og:description\" content=\"Si vous souhaitez acheter du MMB2201 en ligne, visitez notre boutique en ligne Nembutal Boutique. Nous avons des produits de haute qualit\u00e9 comme le MMB2201 \u00e0 vendre. Passez votre commande maintenant !\" \/>\n<meta property=\"og:url\" content=\"https:\/\/nembutalboutique.com\/pl\/produkt\/kup-mmb2201-online\/\" \/>\n<meta property=\"og:site_name\" content=\"Nembutal Boutique\" \/>\n<meta property=\"article:modified_time\" content=\"2024-09-20T08:28:57+00:00\" \/>\n<meta property=\"og:image\" content=\"https:\/\/nembutalboutique.com\/wp-content\/uploads\/2024\/09\/MMB2201.gif\" \/>\n\t<meta property=\"og:image:width\" content=\"600\" \/>\n\t<meta property=\"og:image:height\" content=\"600\" \/>\n\t<meta property=\"og:image:type\" content=\"image\/gif\" \/>\n<meta name=\"twitter:card\" content=\"summary_large_image\" \/>\n<meta name=\"twitter:label1\" content=\"Szacowany czas czytania\" \/>\n\t<meta name=\"twitter:data1\" content=\"2 minuty\" \/>\n<script type=\"application\/ld+json\" class=\"yoast-schema-graph\">{\"@context\":\"https:\/\/schema.org\",\"@graph\":[{\"@type\":\"WebPage\",\"@id\":\"https:\/\/nembutalboutique.com\/produit\/mmb2201\/\",\"url\":\"https:\/\/nembutalboutique.com\/produit\/mmb2201\/\",\"name\":\"Achetez MMB2201 en ligne - MMB2201 \u00e0 vendre\",\"isPartOf\":{\"@id\":\"https:\/\/nembutalboutique.com\/#website\"},\"primaryImageOfPage\":{\"@id\":\"https:\/\/nembutalboutique.com\/produit\/mmb2201\/#primaryimage\"},\"image\":{\"@id\":\"https:\/\/nembutalboutique.com\/produit\/mmb2201\/#primaryimage\"},\"thumbnailUrl\":\"https:\/\/nembutalboutique.com\/wp-content\/uploads\/2024\/09\/MMB2201.gif\",\"datePublished\":\"2024-09-16T08:16:29+00:00\",\"dateModified\":\"2024-09-20T08:28:57+00:00\",\"description\":\"Si vous souhaitez acheter du MMB2201 en ligne, visitez notre boutique en ligne Nembutal Boutique. Nous avons des produits de haute qualit\u00e9 comme le MMB2201 \u00e0 vendre. Passez votre commande maintenant !\",\"breadcrumb\":{\"@id\":\"https:\/\/nembutalboutique.com\/produit\/mmb2201\/#breadcrumb\"},\"inLanguage\":\"pl-PL\",\"potentialAction\":[{\"@type\":\"ReadAction\",\"target\":[\"https:\/\/nembutalboutique.com\/produit\/mmb2201\/\"]}]},{\"@type\":\"ImageObject\",\"inLanguage\":\"pl-PL\",\"@id\":\"https:\/\/nembutalboutique.com\/produit\/mmb2201\/#primaryimage\",\"url\":\"https:\/\/nembutalboutique.com\/wp-content\/uploads\/2024\/09\/MMB2201.gif\",\"contentUrl\":\"https:\/\/nembutalboutique.com\/wp-content\/uploads\/2024\/09\/MMB2201.gif\",\"width\":600,\"height\":600,\"caption\":\"Acheter MMB2201.gif\"},{\"@type\":\"BreadcrumbList\",\"@id\":\"https:\/\/nembutalboutique.com\/produit\/mmb2201\/#breadcrumb\",\"itemListElement\":[{\"@type\":\"ListItem\",\"position\":1,\"name\":\"Home\",\"item\":\"https:\/\/nembutalboutique.com\/\"},{\"@type\":\"ListItem\",\"position\":2,\"name\":\"Boutique\",\"item\":\"https:\/\/nembutalboutique.com\/shop\/\"},{\"@type\":\"ListItem\",\"position\":3,\"name\":\"MMB2201\"}]},{\"@type\":\"WebSite\",\"@id\":\"https:\/\/nembutalboutique.com\/#website\",\"url\":\"https:\/\/nembutalboutique.com\/\",\"name\":\"Nembutal Boutique\",\"description\":\"My WordPress Blog\",\"publisher\":{\"@id\":\"https:\/\/nembutalboutique.com\/#organization\"},\"potentialAction\":[{\"@type\":\"SearchAction\",\"target\":{\"@type\":\"EntryPoint\",\"urlTemplate\":\"https:\/\/nembutalboutique.com\/?s={search_term_string}\"},\"query-input\":{\"@type\":\"PropertyValueSpecification\",\"valueRequired\":true,\"valueName\":\"search_term_string\"}}],\"inLanguage\":\"pl-PL\"},{\"@type\":\"Organization\",\"@id\":\"https:\/\/nembutalboutique.com\/#organization\",\"name\":\"Nembutal Boutique\",\"url\":\"https:\/\/nembutalboutique.com\/\",\"logo\":{\"@type\":\"ImageObject\",\"inLanguage\":\"pl-PL\",\"@id\":\"https:\/\/nembutalboutique.com\/#\/schema\/logo\/image\/\",\"url\":\"https:\/\/nembutalboutique.com\/wp-content\/uploads\/2024\/01\/logo.png\",\"contentUrl\":\"https:\/\/nembutalboutique.com\/wp-content\/uploads\/2024\/01\/logo.png\",\"width\":494,\"height\":121,\"caption\":\"Nembutal Boutique\"},\"image\":{\"@id\":\"https:\/\/nembutalboutique.com\/#\/schema\/logo\/image\/\"}}]}<\/script>\n<!-- \/ Yoast SEO plugin. -->","yoast_head_json":{"title":"Kup MMB2201 online - MMB2201 na sprzeda\u017c","description":"Je\u015bli chcesz kupi\u0107 MMB2201 online, odwied\u017a nasz sklep internetowy Nembutal Boutique. Mamy na sprzeda\u017c wysokiej jako\u015bci produkty, takie jak MMB2201. Z\u0142\u00f3\u017c zam\u00f3wienie teraz!","robots":{"index":"index","follow":"follow","max-snippet":"max-snippet:-1","max-image-preview":"max-image-preview:large","max-video-preview":"max-video-preview:-1"},"canonical":"https:\/\/nembutalboutique.com\/pl\/produkt\/kup-mmb2201-online\/","og_locale":"pl_PL","og_type":"article","og_title":"Achetez MMB2201 en ligne - MMB2201 \u00e0 vendre","og_description":"Si vous souhaitez acheter du MMB2201 en ligne, visitez notre boutique en ligne Nembutal Boutique. Nous avons des produits de haute qualit\u00e9 comme le MMB2201 \u00e0 vendre. Passez votre commande maintenant !","og_url":"https:\/\/nembutalboutique.com\/pl\/produkt\/kup-mmb2201-online\/","og_site_name":"Nembutal Boutique","article_modified_time":"2024-09-20T08:28:57+00:00","og_image":[{"width":600,"height":600,"url":"https:\/\/nembutalboutique.com\/wp-content\/uploads\/2024\/09\/MMB2201.gif","type":"image\/gif"}],"twitter_card":"summary_large_image","twitter_misc":{"Szacowany czas czytania":"2 minuty"},"schema":{"@context":"https:\/\/schema.org","@graph":[{"@type":"WebPage","@id":"https:\/\/nembutalboutique.com\/produit\/mmb2201\/","url":"https:\/\/nembutalboutique.com\/produit\/mmb2201\/","name":"Kup MMB2201 online - MMB2201 na sprzeda\u017c","isPartOf":{"@id":"https:\/\/nembutalboutique.com\/#website"},"primaryImageOfPage":{"@id":"https:\/\/nembutalboutique.com\/produit\/mmb2201\/#primaryimage"},"image":{"@id":"https:\/\/nembutalboutique.com\/produit\/mmb2201\/#primaryimage"},"thumbnailUrl":"https:\/\/nembutalboutique.com\/wp-content\/uploads\/2024\/09\/MMB2201.gif","datePublished":"2024-09-16T08:16:29+00:00","dateModified":"2024-09-20T08:28:57+00:00","description":"Je\u015bli chcesz kupi\u0107 MMB2201 online, odwied\u017a nasz sklep internetowy Nembutal Boutique. Mamy na sprzeda\u017c wysokiej jako\u015bci produkty, takie jak MMB2201. Z\u0142\u00f3\u017c zam\u00f3wienie teraz!","breadcrumb":{"@id":"https:\/\/nembutalboutique.com\/produit\/mmb2201\/#breadcrumb"},"inLanguage":"pl-PL","potentialAction":[{"@type":"ReadAction","target":["https:\/\/nembutalboutique.com\/produit\/mmb2201\/"]}]},{"@type":"ImageObject","inLanguage":"pl-PL","@id":"https:\/\/nembutalboutique.com\/produit\/mmb2201\/#primaryimage","url":"https:\/\/nembutalboutique.com\/wp-content\/uploads\/2024\/09\/MMB2201.gif","contentUrl":"https:\/\/nembutalboutique.com\/wp-content\/uploads\/2024\/09\/MMB2201.gif","width":600,"height":600,"caption":"Acheter MMB2201.gif"},{"@type":"BreadcrumbList","@id":"https:\/\/nembutalboutique.com\/produit\/mmb2201\/#breadcrumb","itemListElement":[{"@type":"ListItem","position":1,"name":"Home","item":"https:\/\/nembutalboutique.com\/"},{"@type":"ListItem","position":2,"name":"Boutique","item":"https:\/\/nembutalboutique.com\/shop\/"},{"@type":"ListItem","position":3,"name":"MMB2201"}]},{"@type":"WebSite","@id":"https:\/\/nembutalboutique.com\/#website","url":"https:\/\/nembutalboutique.com\/","name":"Butik Nembutal","description":"M\u00f3j blog WordPress","publisher":{"@id":"https:\/\/nembutalboutique.com\/#organization"},"potentialAction":[{"@type":"SearchAction","target":{"@type":"EntryPoint","urlTemplate":"https:\/\/nembutalboutique.com\/?s={search_term_string}"},"query-input":{"@type":"PropertyValueSpecification","valueRequired":true,"valueName":"search_term_string"}}],"inLanguage":"pl-PL"},{"@type":"Organization","@id":"https:\/\/nembutalboutique.com\/#organization","name":"Butik Nembutal","url":"https:\/\/nembutalboutique.com\/","logo":{"@type":"ImageObject","inLanguage":"pl-PL","@id":"https:\/\/nembutalboutique.com\/#\/schema\/logo\/image\/","url":"https:\/\/nembutalboutique.com\/wp-content\/uploads\/2024\/01\/logo.png","contentUrl":"https:\/\/nembutalboutique.com\/wp-content\/uploads\/2024\/01\/logo.png","width":494,"height":121,"caption":"Nembutal Boutique"},"image":{"@id":"https:\/\/nembutalboutique.com\/#\/schema\/logo\/image\/"}}]}},"_links":{"self":[{"href":"https:\/\/nembutalboutique.com\/pl\/wp-json\/wp\/v2\/product\/3289"}],"collection":[{"href":"https:\/\/nembutalboutique.com\/pl\/wp-json\/wp\/v2\/product"}],"about":[{"href":"https:\/\/nembutalboutique.com\/pl\/wp-json\/wp\/v2\/types\/product"}],"replies":[{"embeddable":true,"href":"https:\/\/nembutalboutique.com\/pl\/wp-json\/wp\/v2\/comments?post=3289"}],"wp:featuredmedia":[{"embeddable":true,"href":"https:\/\/nembutalboutique.com\/pl\/wp-json\/wp\/v2\/media\/3311"}],"wp:attachment":[{"href":"https:\/\/nembutalboutique.com\/pl\/wp-json\/wp\/v2\/media?parent=3289"}],"wp:term":[{"taxonomy":"product_brand","embeddable":true,"href":"https:\/\/nembutalboutique.com\/pl\/wp-json\/wp\/v2\/product_brand?post=3289"},{"taxonomy":"product_cat","embeddable":true,"href":"https:\/\/nembutalboutique.com\/pl\/wp-json\/wp\/v2\/product_cat?post=3289"},{"taxonomy":"product_tag","embeddable":true,"href":"https:\/\/nembutalboutique.com\/pl\/wp-json\/wp\/v2\/product_tag?post=3289"}],"curies":[{"name":"wp","href":"https:\/\/api.w.org\/{rel}","templated":true}]}}