{"id":3288,"date":"2024-09-16T08:16:29","date_gmt":"2024-09-16T08:16:29","guid":{"rendered":"https:\/\/nembutalboutique.com\/?post_type=product&#038;p=3288"},"modified":"2024-09-20T08:30:54","modified_gmt":"2024-09-20T08:30:54","slug":"mmb2101","status":"publish","type":"product","link":"https:\/\/nembutalboutique.com\/pl\/produkt\/mmb2101-kup-online\/","title":{"rendered":"MMB2101"},"content":{"rendered":"<h2>Kup MMB-2101 online<\/h2>\n<p>Ten zakup online <a href=\"https:\/\/nembutalboutique.com\/produit\/mmb2101\/\">MMB2101<\/a> odnosi si\u0119 do syntetycznego po\u0142\u0105czenia konopi indyjskich, kt\u00f3re jest cz\u0119\u015bci\u0105 grupy po\u0142\u0105cze\u0144 wykorzystywanych w badaniach. Podobnie jak inne syntetyczne kannabinoidy, MMB-2101 jest przeznaczony do stosowania w badaniach i warunkach laboratoryjnych w celu zbadania mechanizm\u00f3w uk\u0142adu endokannabinoidowego, a tak\u017ce potencjalnych zastosowa\u0144 medycznych. Nale\u017cy jednak pami\u0119ta\u0107, \u017ce po mojej ostatniej aktualizacji mog\u0142y nast\u0105pi\u0107 zmiany w informacjach dotycz\u0105cych niekt\u00f3rych substancji chemicznych. Kup MMB2101 online.<\/p>\n<p>MMB-2101: Podstawy struktury chemicznej: przegl\u0105d MMB2101, czasami znany jako 5F-MMB-PICA, ma typow\u0105 struktur\u0119 syntetycznej marihuany z indolentnym rdzeniem. Struktura zwi\u0105zku to naftylo-1-ylo(9-pentyl-9H-karbazol-3-ylo)metanon.<\/p>\n<p>Farmakologia: Syntetyczne kannabinoidy, takie jak <a href=\"https:\/\/en.wikipedia.org\/wiki\/MMB-2201\">MMB-2101<\/a> wp\u0142ywaj\u0105 na uk\u0142ad endokannabinoidowy, w szczeg\u00f3lno\u015bci poprzez receptory kannabinoidowe (CB1 i CB2). Interakcje te mog\u0105 mie\u0107 r\u00f3\u017cne skutki fizjologiczne, takie jak apetyt,<\/p>\n<p>Cele badawcze: MMB-2101 jest produkowany g\u0142\u00f3wnie do cel\u00f3w naukowych. Wykorzystuj\u0105c cz\u0105steczki takie jak MMB-2101, naukowcy badali wp\u0142yw syntetycznych kannabinoid\u00f3w na o\u015brodkowy uk\u0142ad nerwowy, ich zastosowania terapeutyczne oraz mechanizmy dzia\u0142ania uk\u0142adu endokannabinoidowego.<\/p>\n<p>Potencjalne zagro\u017cenia: Rekreacyjne stosowanie syntetycznych kannabinoid\u00f3w, takich jak MMB-2101, niesie ze sob\u0105 ryzyko. Ze wzgl\u0119du na ich nieprzewidywalny sk\u0142ad, dzia\u0142anie tych narkotyk\u00f3w mo\u017ce by\u0107 nieprzewidywalne, prowadz\u0105c do niepo\u017c\u0105danych reakcji, takich jak napady l\u0119ku, halucynacje i problemy z kr\u0105\u017ceniem serca. Potencjalne szkody zwi\u0105zane z u\u017cywaniem rekreacyjnym s\u0105 dodatkowo zwi\u0119kszone przez brak kontroli jako\u015bci podczas nielegalnej produkcji.<\/p>\n<p>Status prawny: Istniej\u0105 r\u00f3\u017cnice w legalno\u015bci zakupu MMB2101 i powi\u0105zanych syntetycznych kannabinoid\u00f3w na ca\u0142ym \u015bwiecie. Narkotyki te s\u0105 zakazanymi substancjami w wielu krajach ze wzgl\u0119du na obawy dotycz\u0105ce ich potencjalnego nadu\u017cywania i zwi\u0105zanego z tym ryzyka dla zdrowia.<\/p>\n<p>Uwagi zdrowotne: Zg\u0142aszano dzia\u0142ania niepo\u017c\u0105dane, takie jak nudno\u015bci, wymioty, drgawki i halucynacje, zwi\u0105zane ze stosowaniem syntetycznego kannabidiolu. Osoby, kt\u00f3re stosowa\u0142y syntetyczne kannabinoidy i do\u015bwiadczaj\u0105 powa\u017cnych objaw\u00f3w, cz\u0119sto szukaj\u0105 Notfallkrankenhaus na MMB2101 Online Kaufen.<\/p>","protected":false},"excerpt":{"rendered":"<p>Achetez MMB-2101 en ligne Cet achat en ligne de MMB2101 fait r\u00e9f\u00e9rence \u00e0 une connexion de cannabis synth\u00e9tique qui fait partie du groupe de connexions utilis\u00e9es dans la recherche. Comme d&rsquo;autres cannabino\u00efdes synth\u00e9tiques, le MMB-2101 est destin\u00e9 \u00e0 \u00eatre utilis\u00e9 dans des contextes de recherche et de laboratoire pour \u00e9tudier les m\u00e9canismes du syst\u00e8me endocannabino\u00efde [&hellip;]<\/p>","protected":false},"featured_media":3310,"comment_status":"open","ping_status":"closed","template":"","meta":{"_joinchat":[]},"product_brand":[],"product_cat":[386],"product_tag":[],"class_list":{"0":"post-3288","1":"product","2":"type-product","3":"status-publish","4":"has-post-thumbnail","6":"product_cat-cannabinoids","8":"first","9":"instock","10":"shipping-taxable","11":"purchasable","12":"product-type-variable"},"yoast_head":"<!-- This site is optimized with the Yoast SEO plugin v23.5 - https:\/\/yoast.com\/wordpress\/plugins\/seo\/ -->\n<title>Achetez MMB2101 en ligne - MMB2101 \u00e0 vendre<\/title>\n<meta name=\"description\" content=\"Votre commande de MMB2101 \u00e0 vendre est notre responsabilit\u00e9. Nous prendrons en consid\u00e9ration votre commande d&#039;achat de MMB2101 et vous parviendrons dans un court laps de temps. Passez des commandes group\u00e9es d\u00e8s maintenant !\" \/>\n<meta name=\"robots\" content=\"index, follow, max-snippet:-1, max-image-preview:large, max-video-preview:-1\" \/>\n<link rel=\"canonical\" href=\"https:\/\/nembutalboutique.com\/pl\/produkt\/mmb2101-kup-online\/\" \/>\n<meta property=\"og:locale\" content=\"pl_PL\" \/>\n<meta property=\"og:type\" content=\"article\" \/>\n<meta property=\"og:title\" content=\"Achetez MMB2101 en ligne - MMB2101 \u00e0 vendre\" \/>\n<meta property=\"og:description\" content=\"Votre commande de MMB2101 \u00e0 vendre est notre responsabilit\u00e9. Nous prendrons en consid\u00e9ration votre commande d&#039;achat de MMB2101 et vous parviendrons dans un court laps de temps. Passez des commandes group\u00e9es d\u00e8s maintenant !\" \/>\n<meta property=\"og:url\" content=\"https:\/\/nembutalboutique.com\/pl\/produkt\/mmb2101-kup-online\/\" \/>\n<meta property=\"og:site_name\" content=\"Nembutal Boutique\" \/>\n<meta property=\"article:modified_time\" content=\"2024-09-20T08:30:54+00:00\" \/>\n<meta property=\"og:image\" content=\"https:\/\/nembutalboutique.com\/wp-content\/uploads\/2024\/09\/MMB2101.gif\" \/>\n\t<meta property=\"og:image:width\" content=\"600\" \/>\n\t<meta property=\"og:image:height\" content=\"600\" \/>\n\t<meta property=\"og:image:type\" content=\"image\/gif\" \/>\n<meta name=\"twitter:card\" content=\"summary_large_image\" \/>\n<meta name=\"twitter:label1\" content=\"Szacowany czas czytania\" \/>\n\t<meta name=\"twitter:data1\" content=\"2 minuty\" \/>\n<script type=\"application\/ld+json\" class=\"yoast-schema-graph\">{\"@context\":\"https:\/\/schema.org\",\"@graph\":[{\"@type\":\"WebPage\",\"@id\":\"https:\/\/nembutalboutique.com\/produit\/mmb2101\/\",\"url\":\"https:\/\/nembutalboutique.com\/produit\/mmb2101\/\",\"name\":\"Achetez MMB2101 en ligne - MMB2101 \u00e0 vendre\",\"isPartOf\":{\"@id\":\"https:\/\/nembutalboutique.com\/#website\"},\"primaryImageOfPage\":{\"@id\":\"https:\/\/nembutalboutique.com\/produit\/mmb2101\/#primaryimage\"},\"image\":{\"@id\":\"https:\/\/nembutalboutique.com\/produit\/mmb2101\/#primaryimage\"},\"thumbnailUrl\":\"https:\/\/nembutalboutique.com\/wp-content\/uploads\/2024\/09\/MMB2101.gif\",\"datePublished\":\"2024-09-16T08:16:29+00:00\",\"dateModified\":\"2024-09-20T08:30:54+00:00\",\"description\":\"Votre commande de MMB2101 \u00e0 vendre est notre responsabilit\u00e9. Nous prendrons en consid\u00e9ration votre commande d'achat de MMB2101 et vous parviendrons dans un court laps de temps. Passez des commandes group\u00e9es d\u00e8s maintenant !\",\"breadcrumb\":{\"@id\":\"https:\/\/nembutalboutique.com\/produit\/mmb2101\/#breadcrumb\"},\"inLanguage\":\"pl-PL\",\"potentialAction\":[{\"@type\":\"ReadAction\",\"target\":[\"https:\/\/nembutalboutique.com\/produit\/mmb2101\/\"]}]},{\"@type\":\"ImageObject\",\"inLanguage\":\"pl-PL\",\"@id\":\"https:\/\/nembutalboutique.com\/produit\/mmb2101\/#primaryimage\",\"url\":\"https:\/\/nembutalboutique.com\/wp-content\/uploads\/2024\/09\/MMB2101.gif\",\"contentUrl\":\"https:\/\/nembutalboutique.com\/wp-content\/uploads\/2024\/09\/MMB2101.gif\",\"width\":600,\"height\":600,\"caption\":\"Acheter MMB2101.gif\"},{\"@type\":\"BreadcrumbList\",\"@id\":\"https:\/\/nembutalboutique.com\/produit\/mmb2101\/#breadcrumb\",\"itemListElement\":[{\"@type\":\"ListItem\",\"position\":1,\"name\":\"Home\",\"item\":\"https:\/\/nembutalboutique.com\/\"},{\"@type\":\"ListItem\",\"position\":2,\"name\":\"Boutique\",\"item\":\"https:\/\/nembutalboutique.com\/shop\/\"},{\"@type\":\"ListItem\",\"position\":3,\"name\":\"MMB2101\"}]},{\"@type\":\"WebSite\",\"@id\":\"https:\/\/nembutalboutique.com\/#website\",\"url\":\"https:\/\/nembutalboutique.com\/\",\"name\":\"Nembutal Boutique\",\"description\":\"My WordPress Blog\",\"publisher\":{\"@id\":\"https:\/\/nembutalboutique.com\/#organization\"},\"potentialAction\":[{\"@type\":\"SearchAction\",\"target\":{\"@type\":\"EntryPoint\",\"urlTemplate\":\"https:\/\/nembutalboutique.com\/?s={search_term_string}\"},\"query-input\":{\"@type\":\"PropertyValueSpecification\",\"valueRequired\":true,\"valueName\":\"search_term_string\"}}],\"inLanguage\":\"pl-PL\"},{\"@type\":\"Organization\",\"@id\":\"https:\/\/nembutalboutique.com\/#organization\",\"name\":\"Nembutal Boutique\",\"url\":\"https:\/\/nembutalboutique.com\/\",\"logo\":{\"@type\":\"ImageObject\",\"inLanguage\":\"pl-PL\",\"@id\":\"https:\/\/nembutalboutique.com\/#\/schema\/logo\/image\/\",\"url\":\"https:\/\/nembutalboutique.com\/wp-content\/uploads\/2024\/01\/logo.png\",\"contentUrl\":\"https:\/\/nembutalboutique.com\/wp-content\/uploads\/2024\/01\/logo.png\",\"width\":494,\"height\":121,\"caption\":\"Nembutal Boutique\"},\"image\":{\"@id\":\"https:\/\/nembutalboutique.com\/#\/schema\/logo\/image\/\"}}]}<\/script>\n<!-- \/ Yoast SEO plugin. -->","yoast_head_json":{"title":"Kup MMB2101 online - MMB2101 na sprzeda\u017c","description":"Twoje zam\u00f3wienie MMB2101 na sprzeda\u017c jest nasz\u0105 odpowiedzialno\u015bci\u0105. Rozwa\u017cymy Twoje MMB2101 zam\u00f3wienie i skontaktujemy si\u0119 z Tob\u0105 w kr\u00f3tkim czasie. Z\u0142\u00f3\u017c zam\u00f3wienie zbiorcze ju\u017c teraz!","robots":{"index":"index","follow":"follow","max-snippet":"max-snippet:-1","max-image-preview":"max-image-preview:large","max-video-preview":"max-video-preview:-1"},"canonical":"https:\/\/nembutalboutique.com\/pl\/produkt\/mmb2101-kup-online\/","og_locale":"pl_PL","og_type":"article","og_title":"Achetez MMB2101 en ligne - MMB2101 \u00e0 vendre","og_description":"Votre commande de MMB2101 \u00e0 vendre est notre responsabilit\u00e9. Nous prendrons en consid\u00e9ration votre commande d'achat de MMB2101 et vous parviendrons dans un court laps de temps. Passez des commandes group\u00e9es d\u00e8s maintenant !","og_url":"https:\/\/nembutalboutique.com\/pl\/produkt\/mmb2101-kup-online\/","og_site_name":"Nembutal Boutique","article_modified_time":"2024-09-20T08:30:54+00:00","og_image":[{"width":600,"height":600,"url":"https:\/\/nembutalboutique.com\/wp-content\/uploads\/2024\/09\/MMB2101.gif","type":"image\/gif"}],"twitter_card":"summary_large_image","twitter_misc":{"Szacowany czas czytania":"2 minuty"},"schema":{"@context":"https:\/\/schema.org","@graph":[{"@type":"WebPage","@id":"https:\/\/nembutalboutique.com\/produit\/mmb2101\/","url":"https:\/\/nembutalboutique.com\/produit\/mmb2101\/","name":"Kup MMB2101 online - MMB2101 na sprzeda\u017c","isPartOf":{"@id":"https:\/\/nembutalboutique.com\/#website"},"primaryImageOfPage":{"@id":"https:\/\/nembutalboutique.com\/produit\/mmb2101\/#primaryimage"},"image":{"@id":"https:\/\/nembutalboutique.com\/produit\/mmb2101\/#primaryimage"},"thumbnailUrl":"https:\/\/nembutalboutique.com\/wp-content\/uploads\/2024\/09\/MMB2101.gif","datePublished":"2024-09-16T08:16:29+00:00","dateModified":"2024-09-20T08:30:54+00:00","description":"Twoje zam\u00f3wienie MMB2101 na sprzeda\u017c jest nasz\u0105 odpowiedzialno\u015bci\u0105. Rozwa\u017cymy Twoje MMB2101 zam\u00f3wienie i skontaktujemy si\u0119 z Tob\u0105 w kr\u00f3tkim czasie. Z\u0142\u00f3\u017c zam\u00f3wienie zbiorcze ju\u017c teraz!","breadcrumb":{"@id":"https:\/\/nembutalboutique.com\/produit\/mmb2101\/#breadcrumb"},"inLanguage":"pl-PL","potentialAction":[{"@type":"ReadAction","target":["https:\/\/nembutalboutique.com\/produit\/mmb2101\/"]}]},{"@type":"ImageObject","inLanguage":"pl-PL","@id":"https:\/\/nembutalboutique.com\/produit\/mmb2101\/#primaryimage","url":"https:\/\/nembutalboutique.com\/wp-content\/uploads\/2024\/09\/MMB2101.gif","contentUrl":"https:\/\/nembutalboutique.com\/wp-content\/uploads\/2024\/09\/MMB2101.gif","width":600,"height":600,"caption":"Acheter MMB2101.gif"},{"@type":"BreadcrumbList","@id":"https:\/\/nembutalboutique.com\/produit\/mmb2101\/#breadcrumb","itemListElement":[{"@type":"ListItem","position":1,"name":"Home","item":"https:\/\/nembutalboutique.com\/"},{"@type":"ListItem","position":2,"name":"Boutique","item":"https:\/\/nembutalboutique.com\/shop\/"},{"@type":"ListItem","position":3,"name":"MMB2101"}]},{"@type":"WebSite","@id":"https:\/\/nembutalboutique.com\/#website","url":"https:\/\/nembutalboutique.com\/","name":"Butik Nembutal","description":"M\u00f3j blog WordPress","publisher":{"@id":"https:\/\/nembutalboutique.com\/#organization"},"potentialAction":[{"@type":"SearchAction","target":{"@type":"EntryPoint","urlTemplate":"https:\/\/nembutalboutique.com\/?s={search_term_string}"},"query-input":{"@type":"PropertyValueSpecification","valueRequired":true,"valueName":"search_term_string"}}],"inLanguage":"pl-PL"},{"@type":"Organization","@id":"https:\/\/nembutalboutique.com\/#organization","name":"Butik Nembutal","url":"https:\/\/nembutalboutique.com\/","logo":{"@type":"ImageObject","inLanguage":"pl-PL","@id":"https:\/\/nembutalboutique.com\/#\/schema\/logo\/image\/","url":"https:\/\/nembutalboutique.com\/wp-content\/uploads\/2024\/01\/logo.png","contentUrl":"https:\/\/nembutalboutique.com\/wp-content\/uploads\/2024\/01\/logo.png","width":494,"height":121,"caption":"Nembutal Boutique"},"image":{"@id":"https:\/\/nembutalboutique.com\/#\/schema\/logo\/image\/"}}]}},"_links":{"self":[{"href":"https:\/\/nembutalboutique.com\/pl\/wp-json\/wp\/v2\/product\/3288"}],"collection":[{"href":"https:\/\/nembutalboutique.com\/pl\/wp-json\/wp\/v2\/product"}],"about":[{"href":"https:\/\/nembutalboutique.com\/pl\/wp-json\/wp\/v2\/types\/product"}],"replies":[{"embeddable":true,"href":"https:\/\/nembutalboutique.com\/pl\/wp-json\/wp\/v2\/comments?post=3288"}],"wp:featuredmedia":[{"embeddable":true,"href":"https:\/\/nembutalboutique.com\/pl\/wp-json\/wp\/v2\/media\/3310"}],"wp:attachment":[{"href":"https:\/\/nembutalboutique.com\/pl\/wp-json\/wp\/v2\/media?parent=3288"}],"wp:term":[{"taxonomy":"product_brand","embeddable":true,"href":"https:\/\/nembutalboutique.com\/pl\/wp-json\/wp\/v2\/product_brand?post=3288"},{"taxonomy":"product_cat","embeddable":true,"href":"https:\/\/nembutalboutique.com\/pl\/wp-json\/wp\/v2\/product_cat?post=3288"},{"taxonomy":"product_tag","embeddable":true,"href":"https:\/\/nembutalboutique.com\/pl\/wp-json\/wp\/v2\/product_tag?post=3288"}],"curies":[{"name":"wp","href":"https:\/\/api.w.org\/{rel}","templated":true}]}}