{"id":3228,"date":"2024-09-16T08:16:06","date_gmt":"2024-09-16T08:16:06","guid":{"rendered":"https:\/\/nembutalboutique.com\/?post_type=product&#038;p=3228"},"modified":"2024-09-20T09:29:16","modified_gmt":"2024-09-20T09:29:16","slug":"fub-amb","status":"publish","type":"product","link":"https:\/\/nembutalboutique.com\/pl\/produkt\/kupic-fub-amb-online\/","title":{"rendered":"FUB-AMB"},"content":{"rendered":"<h2>Kup FUB-AMB online<\/h2>\n<p>Kupuj\u0105c nembutal od FUB-AMB, kupuj go, poniewa\u017c liczy si\u0119 jako\u015b\u0107!<br \/>\nKup <a href=\"https:\/\/nembutalboutique.com\/produit\/fub-amb\/\">FUB-AMB<\/a> online od najlepszych europejskich firm chemicznych, profesjonalnie wyprodukowane z gwarancj\u0105 minimum 98 % + Reinheit. Zapewniamy COA dla ka\u017cdej partii wyprodukowanej chemicznie podczas naszych bada\u0144!<\/p>\n<p><strong>Materia\u0142y w FUB-AMB<\/strong><\/p>\n<p>Zawiera co najmniej 98 jednostek steruj\u0105cych % + Reinheit FUB-AMB.<\/p>\n<p><strong>Test FUB-AMB<\/strong><\/p>\n<p>Od <a href=\"https:\/\/en.wikipedia.org\/wiki\/AMB-FUBINACA\">FUB-AMB<\/a> jest sprzedawany wy\u0142\u0105cznie do u\u017cytku w naukowych badaniach chemicznych i nie jest przeznaczony do spo\u017cycia przez ludzi. Nie ma zalecanego dawkowania.<\/p>\n<p><strong>Efekty FUB-AMB:<\/strong><\/p>\n<p>Efekty kliniczne wi\u0119kszo\u015bci nowych narkotyk\u00f3w syntetycznych, takich jak FUB-AMB, mo\u017cna sklasyfikowa\u0107 jako stymuluj\u0105ce, halucynogenne lub podobne do opioid\u00f3w. Ponadto istnieje kombinacja tych efekt\u00f3w z podstawieniem syntetycznych \u0142a\u0144cuch\u00f3w bocznych.<br \/>\nNiepo\u017c\u0105dane skutki stosowania FUB-AMB Stosowanie FUB-AMB mo\u017ce by\u0107 prowadzone przez inny syntetyczny lek, co mo\u017ce prowadzi\u0107 do powa\u017cnych skutk\u00f3w ubocznych; materia\u0142 jest r\u00f3wnie\u017c testowany klinicznie w r\u00f3\u017cnych formach jako produkt przeciw chorobie! W zwi\u0105zku z tym FUB-AMB jest przeznaczony wy\u0142\u0105cznie do u\u017cytku w badaniach naukowych, a nie do u\u017cytku przez ludzi!<\/p>\n<p>Nale\u017cy wiedzie\u0107, jak przechowywa\u0107 FUB-AMB. Urz\u0105dzenie FUB-AMB nale\u017cy przechowywa\u0107 w temperaturze poni\u017cej 30 stopni Celsjusza. Urz\u0105dzenie FUB-AMB nale\u017cy przechowywa\u0107 w oryginalnym opakowaniu, z dala od bezpo\u015bredniego \u015bwiat\u0142a s\u0142onecznego i wilgoci.<\/p>\n<h3>Kup online FUB-AMB-Kristalle.<\/h3>\n<p>Kup FUB-AMB-Kristalle online od renomowanego dostawcy FUB-AMB, NembuKauFlog. Legalny pieprz o w\u0142a\u015bciwo\u015bciach dysocjacyjnych zosta\u0142 opracowany z my\u015bl\u0105 o konsumentach szukaj\u0105cych ulgi w codziennych dolegliwo\u015bciach. Mo\u017cesz sprawdzi\u0107, czy FUB-AMB spe\u0142nia Twoje potrzeby i ma wp\u0142yw.<br \/>\nPocz\u0105tkowo dostawca dostarcza chemikalia badawcze FUB-AMB bezpo\u015brednio w postaci bia\u0142ego krystalicznego proszku. Poziom czysto\u015bci jest bardzo wysoki.<\/p>\n<p>NembutalBoutique wykorzystuje r\u00f3wnie\u017c najlepsz\u0105 izolacj\u0119 w po\u0142\u0105czeniu z najlepszymi surowcami. Nasza firma jest bardzo szcz\u0119\u015bliwa, poniewa\u017c nasi klienci nas wspieraj\u0105.<\/p>\n<p>Ponadto Nembutalboutique oferuje swoim klientom szereg us\u0142ug. Mo\u017cesz zakupi\u0107 sond\u0119 FUBAMB lub ca\u0142y pakiet FUB-AMB od naszego dostawcy online. Wreszcie, mo\u017cna zamawia\u0107 spo\u015br\u00f3d niesko\u0144czonej r\u00f3\u017cnorodno\u015bci produkt\u00f3w.<\/p>\n<h3>Oferta premium FUB-AMB na sprzeda\u017c<\/h3>\n<p>Ale je\u015bli kupisz dzisiaj, wy\u015blemy Twoje zam\u00f3wienie w dowolne miejsce na \u015bwiecie. Ale naszym g\u0142\u00f3wnym celem jest tworzenie wysokiej jako\u015bci narkotyk\u00f3w syntetycznych. Dlatego nasi pracownicy wsp\u00f3\u0142pracuj\u0105 z zagranicznymi pracownikami. Naszym jedynym celem jest zapewnienie, \u017ce Twoja firma Warunki wysy\u0142ki i dostawy: Bior\u0105c wszystko pod uwag\u0119, mo\u017cna \u015bmia\u0142o powiedzie\u0107, \u017ce podj\u0119li\u015bmy wszelkie \u015brodki, aby Twoje zam\u00f3wienie by\u0142o przyjemne.<\/p>\n<p>1. Towar zostanie wys\u0142any w ci\u0105gu jednego dnia od otrzymania p\u0142atno\u015bci.<br \/>\n2. Do wysy\u0142ki u\u017cywamy FedEx, DHL, TNT, USPS lub EMS. W zale\u017cno\u015bci od kraju wybierzemy najbardziej niezawodnego przewo\u017anika i okre\u015blimy najbezpieczniejsz\u0105 metod\u0119 dostawy towar\u00f3w.<br \/>\n3. DOSTAWA: Wersja normalna i<br \/>\nTypowy czas dostawy wynosi od pi\u0119ciu do siedmiu dni.<\/p>\n<p>- Szybka dostawa (dwa do trzech dni).<br \/>\n- Dost\u0119pna dostawa ekspresowa<\/p>\n<p>4. Mo\u017cemy zagwarantowa\u0107 szybko\u015b\u0107 dostawy na poziomie 100 % nawet w krajach o zerowym odsetku, takich jak Kanada, Australia i Rosja.<\/p>\n<p>5. Obowi\u0105zkiem klienta jest sprawdzenie przesy\u0142ki pod k\u0105tem uszkodze\u0144 w momencie dostawy. Kontrola uszkodze\u0144 produktu powinna zosta\u0107 przeprowadzona w ci\u0105gu 72 godzin od dostawy.<\/p>\n<p>6. Je\u015bli przesy\u0142ka zostanie zgubiona lub nie dotrze z jakiegokolwiek innego powodu, wy\u015blemy j\u0105 ponownie.<\/p>\n<p>7. Pe\u0142na gwarancja zwrotu pieni\u0119dzy.<\/p>\n<p>Dzi\u0119ki naszej gwarancji kup teraz mo\u017cesz by\u0107 pewien bezproblemowej dostawy swoich produkt\u00f3w!<br \/>\nJe\u015bli z jakiegokolwiek powodu nie jeste\u015b zadowolony z jako\u015bci produktu, gwarantujemy, \u017ce to naprawimy. Je\u015bli produkt jest gorszej jako\u015bci, gwarantujemy dostarczenie produktu wysokiej jako\u015bci w cenie 100 % bez dodatkowych op\u0142at.<\/p>\n<p>Kup FUB-AMB .<\/p>","protected":false},"excerpt":{"rendered":"<p>Acheter FUB-AMB en ligne FUB-AMB lorsque vous achetez du nembutal, achetez-le car la qualit\u00e9 compte\u00a0! Achetez FUB-AMB en ligne aupr\u00e8s des meilleures entreprises chimiques europ\u00e9ennes, fabriqu\u00e9 de mani\u00e8re professionnelle avec un minimum de 98\u00a0% + Reinheit garanti. Nous fournissons un COA pour chaque lot produit chimiquement au cours de nos recherches\u00a0! Mat\u00e9riaux dans le FUB-AMB [&hellip;]<\/p>","protected":false},"featured_media":3246,"comment_status":"open","ping_status":"closed","template":"","meta":{"_joinchat":[]},"product_brand":[],"product_cat":[386],"product_tag":[],"class_list":{"0":"post-3228","1":"product","2":"type-product","3":"status-publish","4":"has-post-thumbnail","6":"product_cat-cannabinoids","8":"first","9":"instock","10":"shipping-taxable","11":"purchasable","12":"product-type-variable"},"yoast_head":"<!-- This site is optimized with the Yoast SEO plugin v23.5 - https:\/\/yoast.com\/wordpress\/plugins\/seo\/ -->\n<title>Achetez FUB-AMB en ligne - FUB-AMB \u00e0 vendre<\/title>\n<meta name=\"description\" content=\"Si vous souhaitez acheter FUB-AMB en ligne et recherchez une boutique en ligne fiable, achetez ici. Nous proposons uniquement des FUB-AMB de haute qualit\u00e9 \u00e0 un prix abordable. Commandez FUB-AMB maintenant !\" \/>\n<meta name=\"robots\" content=\"index, follow, max-snippet:-1, max-image-preview:large, max-video-preview:-1\" \/>\n<link rel=\"canonical\" href=\"https:\/\/nembutalboutique.com\/pl\/produkt\/kupic-fub-amb-online\/\" \/>\n<meta property=\"og:locale\" content=\"pl_PL\" \/>\n<meta property=\"og:type\" content=\"article\" \/>\n<meta property=\"og:title\" content=\"Achetez FUB-AMB en ligne - FUB-AMB \u00e0 vendre\" \/>\n<meta property=\"og:description\" content=\"Si vous souhaitez acheter FUB-AMB en ligne et recherchez une boutique en ligne fiable, achetez ici. Nous proposons uniquement des FUB-AMB de haute qualit\u00e9 \u00e0 un prix abordable. Commandez FUB-AMB maintenant !\" \/>\n<meta property=\"og:url\" content=\"https:\/\/nembutalboutique.com\/pl\/produkt\/kupic-fub-amb-online\/\" \/>\n<meta property=\"og:site_name\" content=\"Nembutal Boutique\" \/>\n<meta property=\"article:modified_time\" content=\"2024-09-20T09:29:16+00:00\" \/>\n<meta property=\"og:image\" content=\"https:\/\/nembutalboutique.com\/wp-content\/uploads\/2024\/09\/FUB-AMB.gif\" \/>\n\t<meta property=\"og:image:width\" content=\"600\" \/>\n\t<meta property=\"og:image:height\" content=\"600\" \/>\n\t<meta property=\"og:image:type\" content=\"image\/gif\" \/>\n<meta name=\"twitter:card\" content=\"summary_large_image\" \/>\n<meta name=\"twitter:label1\" content=\"Szacowany czas czytania\" \/>\n\t<meta name=\"twitter:data1\" content=\"4 minuty\" \/>\n<script type=\"application\/ld+json\" class=\"yoast-schema-graph\">{\"@context\":\"https:\/\/schema.org\",\"@graph\":[{\"@type\":\"WebPage\",\"@id\":\"https:\/\/nembutalboutique.com\/produit\/fub-amb\/\",\"url\":\"https:\/\/nembutalboutique.com\/produit\/fub-amb\/\",\"name\":\"Achetez FUB-AMB en ligne - FUB-AMB \u00e0 vendre\",\"isPartOf\":{\"@id\":\"https:\/\/nembutalboutique.com\/#website\"},\"primaryImageOfPage\":{\"@id\":\"https:\/\/nembutalboutique.com\/produit\/fub-amb\/#primaryimage\"},\"image\":{\"@id\":\"https:\/\/nembutalboutique.com\/produit\/fub-amb\/#primaryimage\"},\"thumbnailUrl\":\"https:\/\/nembutalboutique.com\/wp-content\/uploads\/2024\/09\/FUB-AMB.gif\",\"datePublished\":\"2024-09-16T08:16:06+00:00\",\"dateModified\":\"2024-09-20T09:29:16+00:00\",\"description\":\"Si vous souhaitez acheter FUB-AMB en ligne et recherchez une boutique en ligne fiable, achetez ici. Nous proposons uniquement des FUB-AMB de haute qualit\u00e9 \u00e0 un prix abordable. Commandez FUB-AMB maintenant !\",\"breadcrumb\":{\"@id\":\"https:\/\/nembutalboutique.com\/produit\/fub-amb\/#breadcrumb\"},\"inLanguage\":\"pl-PL\",\"potentialAction\":[{\"@type\":\"ReadAction\",\"target\":[\"https:\/\/nembutalboutique.com\/produit\/fub-amb\/\"]}]},{\"@type\":\"ImageObject\",\"inLanguage\":\"pl-PL\",\"@id\":\"https:\/\/nembutalboutique.com\/produit\/fub-amb\/#primaryimage\",\"url\":\"https:\/\/nembutalboutique.com\/wp-content\/uploads\/2024\/09\/FUB-AMB.gif\",\"contentUrl\":\"https:\/\/nembutalboutique.com\/wp-content\/uploads\/2024\/09\/FUB-AMB.gif\",\"width\":600,\"height\":600,\"caption\":\"Acheter FUB-AMB.gif\"},{\"@type\":\"BreadcrumbList\",\"@id\":\"https:\/\/nembutalboutique.com\/produit\/fub-amb\/#breadcrumb\",\"itemListElement\":[{\"@type\":\"ListItem\",\"position\":1,\"name\":\"Home\",\"item\":\"https:\/\/nembutalboutique.com\/\"},{\"@type\":\"ListItem\",\"position\":2,\"name\":\"Boutique\",\"item\":\"https:\/\/nembutalboutique.com\/shop\/\"},{\"@type\":\"ListItem\",\"position\":3,\"name\":\"FUB-AMB\"}]},{\"@type\":\"WebSite\",\"@id\":\"https:\/\/nembutalboutique.com\/#website\",\"url\":\"https:\/\/nembutalboutique.com\/\",\"name\":\"Nembutal Boutique\",\"description\":\"My WordPress Blog\",\"publisher\":{\"@id\":\"https:\/\/nembutalboutique.com\/#organization\"},\"potentialAction\":[{\"@type\":\"SearchAction\",\"target\":{\"@type\":\"EntryPoint\",\"urlTemplate\":\"https:\/\/nembutalboutique.com\/?s={search_term_string}\"},\"query-input\":{\"@type\":\"PropertyValueSpecification\",\"valueRequired\":true,\"valueName\":\"search_term_string\"}}],\"inLanguage\":\"pl-PL\"},{\"@type\":\"Organization\",\"@id\":\"https:\/\/nembutalboutique.com\/#organization\",\"name\":\"Nembutal Boutique\",\"url\":\"https:\/\/nembutalboutique.com\/\",\"logo\":{\"@type\":\"ImageObject\",\"inLanguage\":\"pl-PL\",\"@id\":\"https:\/\/nembutalboutique.com\/#\/schema\/logo\/image\/\",\"url\":\"https:\/\/nembutalboutique.com\/wp-content\/uploads\/2024\/01\/logo.png\",\"contentUrl\":\"https:\/\/nembutalboutique.com\/wp-content\/uploads\/2024\/01\/logo.png\",\"width\":494,\"height\":121,\"caption\":\"Nembutal Boutique\"},\"image\":{\"@id\":\"https:\/\/nembutalboutique.com\/#\/schema\/logo\/image\/\"}}]}<\/script>\n<!-- \/ Yoast SEO plugin. -->","yoast_head_json":{"title":"Kup FUB-AMB online - FUB-AMB na sprzeda\u017c","description":"Je\u015bli chcesz kupi\u0107 FUB-AMB online i szukasz niezawodnego sklepu internetowego, kup tutaj. Oferujemy tylko wysokiej jako\u015bci FUB-AMB w przyst\u0119pnej cenie. Zam\u00f3w FUB-AMB ju\u017c teraz!","robots":{"index":"index","follow":"follow","max-snippet":"max-snippet:-1","max-image-preview":"max-image-preview:large","max-video-preview":"max-video-preview:-1"},"canonical":"https:\/\/nembutalboutique.com\/pl\/produkt\/kupic-fub-amb-online\/","og_locale":"pl_PL","og_type":"article","og_title":"Achetez FUB-AMB en ligne - FUB-AMB \u00e0 vendre","og_description":"Si vous souhaitez acheter FUB-AMB en ligne et recherchez une boutique en ligne fiable, achetez ici. Nous proposons uniquement des FUB-AMB de haute qualit\u00e9 \u00e0 un prix abordable. Commandez FUB-AMB maintenant !","og_url":"https:\/\/nembutalboutique.com\/pl\/produkt\/kupic-fub-amb-online\/","og_site_name":"Nembutal Boutique","article_modified_time":"2024-09-20T09:29:16+00:00","og_image":[{"width":600,"height":600,"url":"https:\/\/nembutalboutique.com\/wp-content\/uploads\/2024\/09\/FUB-AMB.gif","type":"image\/gif"}],"twitter_card":"summary_large_image","twitter_misc":{"Szacowany czas czytania":"4 minuty"},"schema":{"@context":"https:\/\/schema.org","@graph":[{"@type":"WebPage","@id":"https:\/\/nembutalboutique.com\/produit\/fub-amb\/","url":"https:\/\/nembutalboutique.com\/produit\/fub-amb\/","name":"Kup FUB-AMB online - FUB-AMB na sprzeda\u017c","isPartOf":{"@id":"https:\/\/nembutalboutique.com\/#website"},"primaryImageOfPage":{"@id":"https:\/\/nembutalboutique.com\/produit\/fub-amb\/#primaryimage"},"image":{"@id":"https:\/\/nembutalboutique.com\/produit\/fub-amb\/#primaryimage"},"thumbnailUrl":"https:\/\/nembutalboutique.com\/wp-content\/uploads\/2024\/09\/FUB-AMB.gif","datePublished":"2024-09-16T08:16:06+00:00","dateModified":"2024-09-20T09:29:16+00:00","description":"Je\u015bli chcesz kupi\u0107 FUB-AMB online i szukasz niezawodnego sklepu internetowego, kup tutaj. Oferujemy tylko wysokiej jako\u015bci FUB-AMB w przyst\u0119pnej cenie. Zam\u00f3w FUB-AMB ju\u017c teraz!","breadcrumb":{"@id":"https:\/\/nembutalboutique.com\/produit\/fub-amb\/#breadcrumb"},"inLanguage":"pl-PL","potentialAction":[{"@type":"ReadAction","target":["https:\/\/nembutalboutique.com\/produit\/fub-amb\/"]}]},{"@type":"ImageObject","inLanguage":"pl-PL","@id":"https:\/\/nembutalboutique.com\/produit\/fub-amb\/#primaryimage","url":"https:\/\/nembutalboutique.com\/wp-content\/uploads\/2024\/09\/FUB-AMB.gif","contentUrl":"https:\/\/nembutalboutique.com\/wp-content\/uploads\/2024\/09\/FUB-AMB.gif","width":600,"height":600,"caption":"Acheter FUB-AMB.gif"},{"@type":"BreadcrumbList","@id":"https:\/\/nembutalboutique.com\/produit\/fub-amb\/#breadcrumb","itemListElement":[{"@type":"ListItem","position":1,"name":"Home","item":"https:\/\/nembutalboutique.com\/"},{"@type":"ListItem","position":2,"name":"Boutique","item":"https:\/\/nembutalboutique.com\/shop\/"},{"@type":"ListItem","position":3,"name":"FUB-AMB"}]},{"@type":"WebSite","@id":"https:\/\/nembutalboutique.com\/#website","url":"https:\/\/nembutalboutique.com\/","name":"Butik Nembutal","description":"M\u00f3j blog WordPress","publisher":{"@id":"https:\/\/nembutalboutique.com\/#organization"},"potentialAction":[{"@type":"SearchAction","target":{"@type":"EntryPoint","urlTemplate":"https:\/\/nembutalboutique.com\/?s={search_term_string}"},"query-input":{"@type":"PropertyValueSpecification","valueRequired":true,"valueName":"search_term_string"}}],"inLanguage":"pl-PL"},{"@type":"Organization","@id":"https:\/\/nembutalboutique.com\/#organization","name":"Butik Nembutal","url":"https:\/\/nembutalboutique.com\/","logo":{"@type":"ImageObject","inLanguage":"pl-PL","@id":"https:\/\/nembutalboutique.com\/#\/schema\/logo\/image\/","url":"https:\/\/nembutalboutique.com\/wp-content\/uploads\/2024\/01\/logo.png","contentUrl":"https:\/\/nembutalboutique.com\/wp-content\/uploads\/2024\/01\/logo.png","width":494,"height":121,"caption":"Nembutal Boutique"},"image":{"@id":"https:\/\/nembutalboutique.com\/#\/schema\/logo\/image\/"}}]}},"_links":{"self":[{"href":"https:\/\/nembutalboutique.com\/pl\/wp-json\/wp\/v2\/product\/3228"}],"collection":[{"href":"https:\/\/nembutalboutique.com\/pl\/wp-json\/wp\/v2\/product"}],"about":[{"href":"https:\/\/nembutalboutique.com\/pl\/wp-json\/wp\/v2\/types\/product"}],"replies":[{"embeddable":true,"href":"https:\/\/nembutalboutique.com\/pl\/wp-json\/wp\/v2\/comments?post=3228"}],"wp:featuredmedia":[{"embeddable":true,"href":"https:\/\/nembutalboutique.com\/pl\/wp-json\/wp\/v2\/media\/3246"}],"wp:attachment":[{"href":"https:\/\/nembutalboutique.com\/pl\/wp-json\/wp\/v2\/media?parent=3228"}],"wp:term":[{"taxonomy":"product_brand","embeddable":true,"href":"https:\/\/nembutalboutique.com\/pl\/wp-json\/wp\/v2\/product_brand?post=3228"},{"taxonomy":"product_cat","embeddable":true,"href":"https:\/\/nembutalboutique.com\/pl\/wp-json\/wp\/v2\/product_cat?post=3228"},{"taxonomy":"product_tag","embeddable":true,"href":"https:\/\/nembutalboutique.com\/pl\/wp-json\/wp\/v2\/product_tag?post=3228"}],"curies":[{"name":"wp","href":"https:\/\/api.w.org\/{rel}","templated":true}]}}