{"id":3226,"date":"2024-09-16T08:16:06","date_gmt":"2024-09-16T08:16:06","guid":{"rendered":"https:\/\/nembutalboutique.com\/?post_type=product&#038;p=3226"},"modified":"2024-09-20T09:31:29","modified_gmt":"2024-09-20T09:31:29","slug":"ab-chminaca","status":"publish","type":"product","link":"https:\/\/nembutalboutique.com\/pl\/produkt\/kup-od-chminaca\/","title":{"rendered":"AB-CHMINACA"},"content":{"rendered":"<h2>Kup AB-CHMINACA online<\/h2>\n<p>AB-CHMINACA, syntetyczny kannabinoid (CB) na bazie indazolu, o dziesi\u0119ciokrotnie wy\u017cszym powinowactwie (Ki = 0,9 nM) do pierwotnego receptora CB1 ni\u017c JWH 018.<\/p>\n<p>AB-CHMINACA zosta\u0142a pierwotnie wyprodukowana przez firm\u0119 Pfizer, Inc. jako silny i skuteczny modulator receptora CB1 o potencjalnym zastosowaniu medycznym. Jednak dopiero niedawno odkryto go w preparatach ro\u015blinnych, kt\u00f3rych stosowanie by\u0142o zabronione w przypadku AB-PINACA.<\/p>\n<p>Podobie\u0144stwo strukturalne mi\u0119dzy <a href=\"https:\/\/nembutalboutique.com\/produit\/ab-chminaca\/\">AB-CHMINACA<\/a> i AB-FUBINACA jest to, \u017ce ta ostatnia zawiera grup\u0119 cykloheksylow\u0105 zamiast grupy 4-fluorofenylowej. Nie okre\u015blono w\u0142a\u015bciwo\u015bci fizycznych ani toksykologicznych substancji. Produkt zosta\u0142 opracowany do zastosowa\u0144 kryminalistycznych i badawczych.<\/p>\n<p>Ta doskona\u0142a substancja chemiczna do bada\u0144 znajduje si\u0119 w naszym laboratorium. Gwarantujemy, \u017ce po z\u0142o\u017ceniu zam\u00f3wienia otrzymasz wysokiej jako\u015bci substancj\u0119 chemiczn\u0105 do cel\u00f3w badawczych.<br \/>\nKup AB-CHMINACA w Buyen Nembutal, poniewa\u017c liczy si\u0119 jako\u015b\u0107!<\/p>\n<p>Kupuj AB-CHMINACA online od najlepszych europejskich firm chemicznych Profesjonalnie wyprodukowany z gwarancj\u0105 co najmniej 98 % + Reinheit. Zapewniamy COA ka\u017cdego \u0142adunku wyprodukowanego chemicznie podczas naszych bada\u0144!<\/p>\n<h3>Materia\u0142y w AB-CHMINACA<\/h3>\n<p>zawiera co najmniej 98 % + reinen <a href=\"https:\/\/en.wikipedia.org\/wiki\/AB-CHMINACA\">AB-CHMINACA<\/a> na jednostk\u0119 steruj\u0105c\u0105.<\/p>\n<h3>Dawkowanie leku AB-CHMINACA<\/h3>\n<p>Nie ma zalecanego dawkowania, poniewa\u017c AB-CHMINACA jest sprzedawana wy\u0142\u0105cznie do u\u017cytku w naukowych badaniach chemicznych i nie jest przeznaczona do spo\u017cycia przez ludzi.<\/p>\n<p>Dzia\u0142anie AB-CHMINACA: Efekty kliniczne wi\u0119kszo\u015bci nowych narkotyk\u00f3w syntetycznych, w tym AB-CHMINACA, mo\u017cna sklasyfikowa\u0107 jako halucynogenne, pobudzaj\u0105ce lub podobne do opioid\u00f3w. Ponadto wyst\u0119puje kombinacja tych efekt\u00f3w z syntetyczn\u0105 substytucj\u0105 sidekette.<\/p>\n<h3>Dzia\u0142ania niepo\u017c\u0105dane leku AB-CHMINACA<\/h3>\n<p>Podobnie jak inne narkotyki syntetyczne, stosowanie AB-CHMINACA mo\u017ce mie\u0107 powa\u017cne skutki uboczne; substancja ta nie zosta\u0142a w \u017caden spos\u00f3b przetestowana klinicznie ani zatwierdzona jako produkt dla praktyk\u00f3w! Z tego powodu AB-CHMINACA jest przeznaczona wy\u0142\u0105cznie do bada\u0144 naukowych, a nie do u\u017cytku przez ludzi!<\/p>\n<h3>Uznane za: Oszcz\u0119dno\u015bci dzi\u0119ki ABC-CHMINACA<\/h3>\n<p>AB-CHMINACA nale\u017cy przechowywa\u0107 w temperaturze poni\u017cej 30 stopni Celsjusza. AB-CHMINACA nale\u017cy przechowywa\u0107 w oryginalnym opakowaniu, z dala od bezpo\u015bredniego \u015bwiat\u0142a s\u0142onecznego i wilgoci.<\/p>","protected":false},"excerpt":{"rendered":"<p>Acheter AB-CHMINACA en ligne AB-CHMINACA, un cannabino\u00efde synth\u00e9tique (CB) \u00e0 base d&rsquo;indazole, avec une affinit\u00e9 dix fois plus \u00e9lev\u00e9e (Ki = 0,9 nM) pour le r\u00e9cepteur CB1 primaire que JWH 018. AB-CHMINACA a \u00e9t\u00e9 initialement produit par Pfizer, Inc. comme un modulateur puissant et efficace du r\u00e9cepteur CB1 avec des applications m\u00e9dicales potentielles. Cependant, il [&hellip;]<\/p>","protected":false},"featured_media":3244,"comment_status":"open","ping_status":"closed","template":"","meta":{"_joinchat":[]},"product_brand":[],"product_cat":[386,385],"product_tag":[],"class_list":{"0":"post-3226","1":"product","2":"type-product","3":"status-publish","4":"has-post-thumbnail","6":"product_cat-cannabinoids","7":"product_cat-forschung-schemikalien","9":"first","10":"instock","11":"shipping-taxable","12":"purchasable","13":"product-type-variable"},"yoast_head":"<!-- This site is optimized with the Yoast SEO plugin v23.5 - https:\/\/yoast.com\/wordpress\/plugins\/seo\/ -->\n<title>Achetez AB-Chminaca en ligne - AB-Chminaca \u00e0 vendre<\/title>\n<meta name=\"description\" content=\"Vous pouvez acheter AB-Chminaca dans notre boutique en ligne et le recevoir \u00e0 votre porte sans aucun probl\u00e8me. Nous vous aidons \u00e0 acheter AB-Chminaca en ligne. Passez simplement votre commande maintenant !\" \/>\n<meta name=\"robots\" content=\"index, follow, max-snippet:-1, max-image-preview:large, max-video-preview:-1\" \/>\n<link rel=\"canonical\" href=\"https:\/\/nembutalboutique.com\/pl\/produkt\/kup-od-chminaca\/\" \/>\n<meta property=\"og:locale\" content=\"pl_PL\" \/>\n<meta property=\"og:type\" content=\"article\" \/>\n<meta property=\"og:title\" content=\"Achetez AB-Chminaca en ligne - AB-Chminaca \u00e0 vendre\" \/>\n<meta property=\"og:description\" content=\"Vous pouvez acheter AB-Chminaca dans notre boutique en ligne et le recevoir \u00e0 votre porte sans aucun probl\u00e8me. Nous vous aidons \u00e0 acheter AB-Chminaca en ligne. Passez simplement votre commande maintenant !\" \/>\n<meta property=\"og:url\" content=\"https:\/\/nembutalboutique.com\/pl\/produkt\/kup-od-chminaca\/\" \/>\n<meta property=\"og:site_name\" content=\"Nembutal Boutique\" \/>\n<meta property=\"article:modified_time\" content=\"2024-09-20T09:31:29+00:00\" \/>\n<meta property=\"og:image\" content=\"https:\/\/nembutalboutique.com\/wp-content\/uploads\/2024\/09\/AB-CHMINACA.gif\" \/>\n\t<meta property=\"og:image:width\" content=\"600\" \/>\n\t<meta property=\"og:image:height\" content=\"600\" \/>\n\t<meta property=\"og:image:type\" content=\"image\/gif\" \/>\n<meta name=\"twitter:card\" content=\"summary_large_image\" \/>\n<meta name=\"twitter:label1\" content=\"Szacowany czas czytania\" \/>\n\t<meta name=\"twitter:data1\" content=\"2 minuty\" \/>\n<script type=\"application\/ld+json\" class=\"yoast-schema-graph\">{\"@context\":\"https:\/\/schema.org\",\"@graph\":[{\"@type\":\"WebPage\",\"@id\":\"https:\/\/nembutalboutique.com\/produit\/ab-chminaca\/\",\"url\":\"https:\/\/nembutalboutique.com\/produit\/ab-chminaca\/\",\"name\":\"Achetez AB-Chminaca en ligne - AB-Chminaca \u00e0 vendre\",\"isPartOf\":{\"@id\":\"https:\/\/nembutalboutique.com\/#website\"},\"primaryImageOfPage\":{\"@id\":\"https:\/\/nembutalboutique.com\/produit\/ab-chminaca\/#primaryimage\"},\"image\":{\"@id\":\"https:\/\/nembutalboutique.com\/produit\/ab-chminaca\/#primaryimage\"},\"thumbnailUrl\":\"https:\/\/nembutalboutique.com\/wp-content\/uploads\/2024\/09\/AB-CHMINACA.gif\",\"datePublished\":\"2024-09-16T08:16:06+00:00\",\"dateModified\":\"2024-09-20T09:31:29+00:00\",\"description\":\"Vous pouvez acheter AB-Chminaca dans notre boutique en ligne et le recevoir \u00e0 votre porte sans aucun probl\u00e8me. Nous vous aidons \u00e0 acheter AB-Chminaca en ligne. Passez simplement votre commande maintenant !\",\"breadcrumb\":{\"@id\":\"https:\/\/nembutalboutique.com\/produit\/ab-chminaca\/#breadcrumb\"},\"inLanguage\":\"pl-PL\",\"potentialAction\":[{\"@type\":\"ReadAction\",\"target\":[\"https:\/\/nembutalboutique.com\/produit\/ab-chminaca\/\"]}]},{\"@type\":\"ImageObject\",\"inLanguage\":\"pl-PL\",\"@id\":\"https:\/\/nembutalboutique.com\/produit\/ab-chminaca\/#primaryimage\",\"url\":\"https:\/\/nembutalboutique.com\/wp-content\/uploads\/2024\/09\/AB-CHMINACA.gif\",\"contentUrl\":\"https:\/\/nembutalboutique.com\/wp-content\/uploads\/2024\/09\/AB-CHMINACA.gif\",\"width\":600,\"height\":600,\"caption\":\"Acheter AB-CHMINACA.gif\"},{\"@type\":\"BreadcrumbList\",\"@id\":\"https:\/\/nembutalboutique.com\/produit\/ab-chminaca\/#breadcrumb\",\"itemListElement\":[{\"@type\":\"ListItem\",\"position\":1,\"name\":\"Home\",\"item\":\"https:\/\/nembutalboutique.com\/\"},{\"@type\":\"ListItem\",\"position\":2,\"name\":\"Boutique\",\"item\":\"https:\/\/nembutalboutique.com\/shop\/\"},{\"@type\":\"ListItem\",\"position\":3,\"name\":\"AB-CHMINACA\"}]},{\"@type\":\"WebSite\",\"@id\":\"https:\/\/nembutalboutique.com\/#website\",\"url\":\"https:\/\/nembutalboutique.com\/\",\"name\":\"Nembutal Boutique\",\"description\":\"My WordPress Blog\",\"publisher\":{\"@id\":\"https:\/\/nembutalboutique.com\/#organization\"},\"potentialAction\":[{\"@type\":\"SearchAction\",\"target\":{\"@type\":\"EntryPoint\",\"urlTemplate\":\"https:\/\/nembutalboutique.com\/?s={search_term_string}\"},\"query-input\":{\"@type\":\"PropertyValueSpecification\",\"valueRequired\":true,\"valueName\":\"search_term_string\"}}],\"inLanguage\":\"pl-PL\"},{\"@type\":\"Organization\",\"@id\":\"https:\/\/nembutalboutique.com\/#organization\",\"name\":\"Nembutal Boutique\",\"url\":\"https:\/\/nembutalboutique.com\/\",\"logo\":{\"@type\":\"ImageObject\",\"inLanguage\":\"pl-PL\",\"@id\":\"https:\/\/nembutalboutique.com\/#\/schema\/logo\/image\/\",\"url\":\"https:\/\/nembutalboutique.com\/wp-content\/uploads\/2024\/01\/logo.png\",\"contentUrl\":\"https:\/\/nembutalboutique.com\/wp-content\/uploads\/2024\/01\/logo.png\",\"width\":494,\"height\":121,\"caption\":\"Nembutal Boutique\"},\"image\":{\"@id\":\"https:\/\/nembutalboutique.com\/#\/schema\/logo\/image\/\"}}]}<\/script>\n<!-- \/ Yoast SEO plugin. -->","yoast_head_json":{"title":"Kup online AB-Chminaca - AB-Chminaca na sprzeda\u017c","description":"Mo\u017cesz kupi\u0107 AB-Chminaca w naszym sklepie internetowym i mie\u0107 go dostarczonego do domu bez \u017cadnych problem\u00f3w. Pomo\u017cemy ci kupi\u0107 AB-Chminaca online. Wystarczy z\u0142o\u017cy\u0107 zam\u00f3wienie teraz!","robots":{"index":"index","follow":"follow","max-snippet":"max-snippet:-1","max-image-preview":"max-image-preview:large","max-video-preview":"max-video-preview:-1"},"canonical":"https:\/\/nembutalboutique.com\/pl\/produkt\/kup-od-chminaca\/","og_locale":"pl_PL","og_type":"article","og_title":"Achetez AB-Chminaca en ligne - AB-Chminaca \u00e0 vendre","og_description":"Vous pouvez acheter AB-Chminaca dans notre boutique en ligne et le recevoir \u00e0 votre porte sans aucun probl\u00e8me. Nous vous aidons \u00e0 acheter AB-Chminaca en ligne. Passez simplement votre commande maintenant !","og_url":"https:\/\/nembutalboutique.com\/pl\/produkt\/kup-od-chminaca\/","og_site_name":"Nembutal Boutique","article_modified_time":"2024-09-20T09:31:29+00:00","og_image":[{"width":600,"height":600,"url":"https:\/\/nembutalboutique.com\/wp-content\/uploads\/2024\/09\/AB-CHMINACA.gif","type":"image\/gif"}],"twitter_card":"summary_large_image","twitter_misc":{"Szacowany czas czytania":"2 minuty"},"schema":{"@context":"https:\/\/schema.org","@graph":[{"@type":"WebPage","@id":"https:\/\/nembutalboutique.com\/produit\/ab-chminaca\/","url":"https:\/\/nembutalboutique.com\/produit\/ab-chminaca\/","name":"Kup online AB-Chminaca - AB-Chminaca na sprzeda\u017c","isPartOf":{"@id":"https:\/\/nembutalboutique.com\/#website"},"primaryImageOfPage":{"@id":"https:\/\/nembutalboutique.com\/produit\/ab-chminaca\/#primaryimage"},"image":{"@id":"https:\/\/nembutalboutique.com\/produit\/ab-chminaca\/#primaryimage"},"thumbnailUrl":"https:\/\/nembutalboutique.com\/wp-content\/uploads\/2024\/09\/AB-CHMINACA.gif","datePublished":"2024-09-16T08:16:06+00:00","dateModified":"2024-09-20T09:31:29+00:00","description":"Mo\u017cesz kupi\u0107 AB-Chminaca w naszym sklepie internetowym i mie\u0107 go dostarczonego do domu bez \u017cadnych problem\u00f3w. Pomo\u017cemy ci kupi\u0107 AB-Chminaca online. Wystarczy z\u0142o\u017cy\u0107 zam\u00f3wienie teraz!","breadcrumb":{"@id":"https:\/\/nembutalboutique.com\/produit\/ab-chminaca\/#breadcrumb"},"inLanguage":"pl-PL","potentialAction":[{"@type":"ReadAction","target":["https:\/\/nembutalboutique.com\/produit\/ab-chminaca\/"]}]},{"@type":"ImageObject","inLanguage":"pl-PL","@id":"https:\/\/nembutalboutique.com\/produit\/ab-chminaca\/#primaryimage","url":"https:\/\/nembutalboutique.com\/wp-content\/uploads\/2024\/09\/AB-CHMINACA.gif","contentUrl":"https:\/\/nembutalboutique.com\/wp-content\/uploads\/2024\/09\/AB-CHMINACA.gif","width":600,"height":600,"caption":"Acheter AB-CHMINACA.gif"},{"@type":"BreadcrumbList","@id":"https:\/\/nembutalboutique.com\/produit\/ab-chminaca\/#breadcrumb","itemListElement":[{"@type":"ListItem","position":1,"name":"Home","item":"https:\/\/nembutalboutique.com\/"},{"@type":"ListItem","position":2,"name":"Boutique","item":"https:\/\/nembutalboutique.com\/shop\/"},{"@type":"ListItem","position":3,"name":"AB-CHMINACA"}]},{"@type":"WebSite","@id":"https:\/\/nembutalboutique.com\/#website","url":"https:\/\/nembutalboutique.com\/","name":"Butik Nembutal","description":"M\u00f3j blog WordPress","publisher":{"@id":"https:\/\/nembutalboutique.com\/#organization"},"potentialAction":[{"@type":"SearchAction","target":{"@type":"EntryPoint","urlTemplate":"https:\/\/nembutalboutique.com\/?s={search_term_string}"},"query-input":{"@type":"PropertyValueSpecification","valueRequired":true,"valueName":"search_term_string"}}],"inLanguage":"pl-PL"},{"@type":"Organization","@id":"https:\/\/nembutalboutique.com\/#organization","name":"Butik Nembutal","url":"https:\/\/nembutalboutique.com\/","logo":{"@type":"ImageObject","inLanguage":"pl-PL","@id":"https:\/\/nembutalboutique.com\/#\/schema\/logo\/image\/","url":"https:\/\/nembutalboutique.com\/wp-content\/uploads\/2024\/01\/logo.png","contentUrl":"https:\/\/nembutalboutique.com\/wp-content\/uploads\/2024\/01\/logo.png","width":494,"height":121,"caption":"Nembutal Boutique"},"image":{"@id":"https:\/\/nembutalboutique.com\/#\/schema\/logo\/image\/"}}]}},"_links":{"self":[{"href":"https:\/\/nembutalboutique.com\/pl\/wp-json\/wp\/v2\/product\/3226"}],"collection":[{"href":"https:\/\/nembutalboutique.com\/pl\/wp-json\/wp\/v2\/product"}],"about":[{"href":"https:\/\/nembutalboutique.com\/pl\/wp-json\/wp\/v2\/types\/product"}],"replies":[{"embeddable":true,"href":"https:\/\/nembutalboutique.com\/pl\/wp-json\/wp\/v2\/comments?post=3226"}],"wp:featuredmedia":[{"embeddable":true,"href":"https:\/\/nembutalboutique.com\/pl\/wp-json\/wp\/v2\/media\/3244"}],"wp:attachment":[{"href":"https:\/\/nembutalboutique.com\/pl\/wp-json\/wp\/v2\/media?parent=3226"}],"wp:term":[{"taxonomy":"product_brand","embeddable":true,"href":"https:\/\/nembutalboutique.com\/pl\/wp-json\/wp\/v2\/product_brand?post=3226"},{"taxonomy":"product_cat","embeddable":true,"href":"https:\/\/nembutalboutique.com\/pl\/wp-json\/wp\/v2\/product_cat?post=3226"},{"taxonomy":"product_tag","embeddable":true,"href":"https:\/\/nembutalboutique.com\/pl\/wp-json\/wp\/v2\/product_tag?post=3226"}],"curies":[{"name":"wp","href":"https:\/\/api.w.org\/{rel}","templated":true}]}}